{"id":1404,"date":"2017-03-10T00:30:26","date_gmt":"2017-03-09T23:30:26","guid":{"rendered":"https:\/\/twoeco.sk\/ionimax\/"},"modified":"2017-08-11T08:25:06","modified_gmt":"2017-08-11T06:25:06","slug":"ionimax","status":"publish","type":"page","link":"https:\/\/twoeco.sk\/cs\/ionimax\/","title":{"rendered":"ionimax\u00ae"},"content":{"rendered":"<div class=\"wpb-content-wrapper\"><p>[vc_row css=&#8220;.vc_custom_1489102263611{padding-top: 50px !important;}&#8220;][vc_column][vc_row_inner][vc_column_inner][lab_heading title=&#8220;ionimax\u00ae&#8220; el_class=&#8220;title centered&#8220;]Ioniza\u010dn\u00ed polariza\u010dn\u00ed p\u0159\u00edstroj[\/lab_heading][vc_single_image image=&#8220;1156&#8243; img_size=&#8220;full&#8220; alignment=&#8220;center&#8220;][\/vc_column_inner][\/vc_row_inner][vc_row_inner][vc_column_inner width=&#8220;1\/2&#8243;][lab_heading title=&#8220;Popis v\u00fdrobku&#8220;][\/lab_heading][vc_column_text]<strong>Ioniza\u010dn\u00ed polariza\u010dn\u00ed p\u0159\u00edstroj ionimax<\/strong> je za\u0159\u00edzen\u00ed na \u00fapravu vody, kter\u00e9 zabra\u0148uje tvorb\u011b vodn\u00edho kamene, pom\u00e1h\u00e1 p\u0159i jeho odstra\u0148ov\u00e1n\u00ed a p\u0159in\u00e1\u0161\u00ed \u0159adu dal\u0161\u00edch v\u00fdhod.<\/p>\n<p>P\u0159\u00edstroj ionimax je tvo\u0159en pr\u016ftokov\u00fdm t\u011blesem, kter\u00e9 m\u00e1 vstupn\u00ed a v\u00fdstupn\u00ed otvor. V\u00a0tomto t\u011blese jsou um\u00edst\u011bny alespo\u0148 dv\u011b elektrody. Ka\u017ed\u00e1 je vyrobena z\u00a0jin\u00e9ho elektricky vodiv\u00e9ho materi\u00e1lu. Prot\u00e9kaj\u00edc\u00ed voda vytv\u00e1\u0159\u00ed spolu s t\u011bmito elektrodami galvanick\u00fd mokr\u00fd \u010dl\u00e1nek. Elektrick\u00e9 nap\u011bt\u00ed tohoto \u010dl\u00e1nku sta\u010d\u00ed k tomu, aby se molekuly prot\u00e9kaj\u00edc\u00ed vody polarizovaly.<\/p>\n<p>Velikost tohoto nap\u011bt\u00ed je 0,6\u20130,8\u00a0V a z\u00e1vis\u00ed na elektrick\u00e9 vodivosti vody. Tento jev lze vyu\u017e\u00edvat pro vodu o\u00a0vodivosti 50\u20132\u00a0000\u00a0uS\/cm<sup>2<\/sup>, tedy pro b\u011b\u017enou vodu, u\u00a0kter\u00e9 je obsah sol\u00ed od 50 do 2\u00a0000\u00a0mg\/l.<\/p>\n<p>Pr\u016fchodem vody mezi t\u011bmito elektrodami doch\u00e1z\u00ed k\u00a0jevu, kdy se soli v\u00e1pn\u00edku (Ca<sub>2<\/sub>*), ho\u0159\u010d\u00edku (Mg*), \u017eeleza (Fe<sub>2<\/sub>*, 3*), kter\u00e9 se ve vod\u011b nach\u00e1z\u00ed jako uhli\u010ditany, s\u00edrany a chloridy, rozkl\u00e1daj\u00ed (disociuj\u00ed) na hydroxidy. V\u00fdsledkem je, \u017ee tyto \u010d\u00e1stice ztr\u00e1cej\u00ed svou schopnost vytv\u00e1\u0159et krystalick\u00e9 n\u00e1nosy v\u00a0potrub\u00ed, bojlerech, v\u00fdm\u011bn\u00edc\u00edch tepla atd.<\/p>\n<p>Podstatou fyzik\u00e1ln\u00ed \u00fapravy vody je \u201ep\u0159enos\u201c nebo \u201eulo\u017een\u00ed\u201c voln\u00e9ho elektrick\u00e9ho n\u00e1boje na jednotliv\u00e9 molekuly vody, kter\u00e9 se v\u00a0d\u016fsledku toho zpolarizuj\u00ed (jednotn\u011b orientuj\u00ed). Tento efekt m\u00e1 za n\u00e1sledek zm\u011bnu tvaru rozpustn\u00fdch pevn\u00fdch l\u00e1tek ve vod\u011b tak, \u017ee ji\u017e nevytv\u00e1\u0159\u00ed krystalickou m\u0159\u00ed\u017eku, proto\u017ee maj\u00ed r\u016fzn\u00fd tvar a\u00a0velikost. Tyto uhli\u010ditany se sice vytv\u00e1\u0159ej\u00ed i nad\u00e1le, ale ji\u017e jen v\u00a0podob\u011b m\u011bkk\u00fdch \u010d\u00e1stic \u2013 ne\u0161kodn\u00e9ho, lehce odstraniteln\u00e9ho kalu nam\u00edsto pevn\u00fdch krystalick\u00fdch usazenin. Usazov\u00e1n\u00ed se zastav\u00ed, vodn\u00ed k\u00e1men postupn\u011b miz\u00ed a nov\u00fd se u\u017e nevytv\u00e1\u0159\u00ed.[\/vc_column_text][lab_heading title=&#8220;Doporu\u010den\u00e1 opat\u0159en\u00ed&#8220;][\/lab_heading][vc_column_text]Mont\u00e1\u017e mus\u00ed prov\u00e1d\u011bt kvalifikovan\u00fd pracovn\u00edk. V\u00fdrobce neru\u010d\u00ed za \u0161kody vznikl\u00e9 neodbornou manipulac\u00ed. Doklad o\u00a0mont\u00e1\u017ei si uschovejte pro svou pot\u0159ebu.<\/p>\n<p>P\u0159i del\u0161\u00ed odst\u00e1vce vody ve vodovodn\u00edm syst\u00e9mu (dovolen\u00e1, vyu\u017e\u00edv\u00e1n\u00ed na chat\u011b atd.), nechte vodu nejd\u0159\u00edve odt\u00e9ct, p\u0159\u00edpadn\u011b ji vyu\u017eijte jako u\u017eitkovou.<\/p>\n<p><strong><em>Podm\u00ednky skladov\u00e1n\u00ed:<\/em><\/strong><\/p>\n<p>Skladujte b\u011b\u017en\u00fdm zp\u016fsobem. V\u00fdrobek je vodot\u011bsn\u00fd.<\/p>\n<p><strong><em>\u017divotnost a \u00fadr\u017eba v\u00fdrobku:<\/em><\/strong><\/p>\n<p>P\u0159i b\u011b\u017en\u00e9m vyu\u017e\u00edv\u00e1n\u00ed p\u0159\u00edstroje ionimax je minim\u00e1ln\u00ed \u017eivotnost doporu\u010dovan\u00e1 v\u00fdrobcem 10\u00a0let. Ve velmi mineralizovan\u00e9m prost\u0159ed\u00ed s\u00a0vodou s\u00a0vy\u0161\u0161\u00edm obsahem pevn\u00fdch \u010d\u00e1stic atd. doporu\u010dujeme n\u00e1slednou \u00fadr\u017ebu p\u0159\u00edstroje \u2013 podle pot\u0159eby jej propl\u00e1chn\u011bte hork\u00fdm octem.<\/p>\n<p><strong>Podm\u00ednky zpracov\u00e1n\u00ed odpadu:<\/strong><\/p>\n<p>Po skon\u010den\u00ed \u017eivotnosti p\u0159\u00edstroje jej zlikvidujte jako stavebn\u00ed odpad. Obalov\u00fd materi\u00e1l v\u00fdrobku pat\u0159\u00ed do b\u011b\u017en\u00e9ho komun\u00e1ln\u00edho odpadu, doporu\u010dujeme ho vyhodit do t\u0159\u00edd\u011bn\u00e9ho odpadu jako pap\u00edr.[\/vc_column_text][\/vc_column_inner][vc_column_inner width=&#8220;1\/2&#8243;][lab_heading title=&#8220;Certifik\u00e1ty a osv\u011bd\u010den\u00ed:&#8220;][\/lab_heading][vc_column_text]<\/p>\n<p class=\"s3\"><span class=\"s5\">Posudek Ministerstva zdravotnictv\u00ed \u2013 hlavn\u00edho hygienika Slovensk\u00e9 republiky poskytuj\u00edc\u00ed osv\u011bd\u010den\u00ed pro p\u0159\u00edstroj ionimax na \u00fapravu pitn\u00e9 vody.<\/span><\/p>\n<p class=\"s3\"><span class=\"s5\">Certifik\u00e1t vydan\u00fd Technick\u00fdm zku\u0161ebn\u00edm \u00fastavem Pie\u0161\u0165any potvrzuj\u00edc\u00ed bezpe\u010dnost p\u0159\u00edstroje ionimax.<\/span><\/p>\n<p class=\"s3\"><span class=\"s5\">Prohl\u00e1\u0161en\u00ed o\u00a0shod\u011b ioniza\u010dn\u00edch polariza\u010dn\u00edch p\u0159\u00edstroj\u016f typu ionimax, Slovensk\u00e1 technick\u00e1 norma STN 133060-2:1978.<\/span><\/p>\n<p class=\"s3\"><span class=\"s5\">\u00da\u0158AD PR\u016eMYSLOV\u00c9HO VLASTNICTV\u00cd SLOVENSK\u00c9 REPUBLIKY.<\/span><\/p>\n<p>[\/vc_column_text][vc_single_image image=&#8220;1301&#8243; img_size=&#8220;full&#8220; add_caption=&#8220;yes&#8220; alignment=&#8220;center&#8220;][lab_heading title=&#8220;N\u00e1vod na mont\u00e1\u017e&#8220;][\/lab_heading][vc_column_text]<\/p>\n<p class=\"s3\"><strong><span class=\"s10\">Poloha:<\/span><\/strong><\/p>\n<p class=\"s3\"><span class=\"s5\">P\u0159\u00edstroj ionimax lze nainstalovat v\u00a0jak\u00e9koli poloze. Nez\u00e1le\u017e\u00ed na tom, kter\u00fdm koncem sm\u011b\u0159uje dop\u0159edu.<\/span><\/p>\n<p class=\"s3\"><strong><span class=\"s4\">Um\u00edst\u011bn\u00ed:<\/span><\/strong><\/p>\n<p class=\"s3\"><span class=\"s5\">Nejvhodn\u011bj\u0161\u00ed je um\u00edstit p\u0159\u00edstroj ionimax u hlavn\u00edho p\u0159\u00edvodu do objektu, aby byl chr\u00e1n\u011bn cel\u00fd objekt.<\/span><\/p>\n<p class=\"s3\"><strong><span class=\"s10\">Mont\u00e1\u017e:<\/span><\/strong><\/p>\n<p class=\"s3\"><span class=\"s5\">V\u00a0m\u00edst\u011b mont\u00e1\u017ee p\u0159eru\u0161te po<\/span><span class=\"s5\">trub\u00ed a\u00a0vy\u0159e\u017ete pot\u0159ebnou \u010d\u00e1st\u00a0<\/span><span class=\"s5\">odpov\u00eddaj\u00edc\u00ed velikosti p<\/span><span class=\"s5\">\u0159\u00edstroje ionimax. Na oba konce\u00a0<\/span><span class=\"s5\">potrub\u00ed namontujte p\u0159\u00edslu\u0161n\u00e9 z\u00e1vitov\u00e9 hlavice o pot\u0159ebn\u00e9m rozm\u011bru. Z\u00e1vit opat\u0159ete t\u011bsnic\u00edm materi\u00e1lem a\u00a0p\u0159\u00edstroj ionimax na\u0161roubujte na p\u0159ipraven\u00e9 z\u00e1vitov\u00e9 <\/span><span class=\"s5\">hlavice. Po proveden\u00ed mont\u00e1\u017ee je t\u0159eba zkontrolovat t\u011bsnost spoj\u016f. Mont\u00e1\u017e mus\u00ed prov\u00e1d\u011bt kvalifikovan\u00fd pracovn\u00edk. V\u00fdrobce neru\u010d\u00ed za \u0161kody vznikl\u00e9 neodbornou manipulac\u00ed.<\/span><\/p>\n<p class=\"s3\"><strong><span class=\"s10\">Kombinace s\u00a0vodn\u00edm filtrem:<\/span><\/strong><\/p>\n<p class=\"s3\"><span class=\"s5\">V\u00a0p\u0159\u00edpad\u011b, \u017ee uva\u017eujete tak\u00e9 o\u00a0filtraci ve va\u0161em vodovodn\u00edm syst\u00e9mu, p\u0159\u00edstroj ionimax mus\u00ed b\u00fdt posledn\u00edm za\u0159\u00edzen\u00edm v\u00a0tomto syst\u00e9mu, aby nedoch\u00e1zelo k mo\u017en\u00e9mu zbyte\u010dn\u00e9mu ru\u0161en\u00ed jeho funkce.<\/span><\/p>\n<p class=\"s3\"><strong><span class=\"s10\">Podm\u00ednky spr\u00e1vn\u00e9ho pou\u017eit\u00ed v\u00fdrobku:<\/span><\/strong><\/p>\n<p class=\"s3\"><span class=\"s5\">Minim\u00e1ln\u011b ve vzd\u00e1lenosti 50 cm od p\u0159\u00edstroje ionimax se nesm\u00ed nach\u00e1zet \u017e\u00e1dn\u00e9 elektrick\u00e9 nap\u011bt\u00ed. V\u00a0syst\u00e9mu nesm\u00ed b\u00fdt zabudov\u00e1n iontom\u011bni\u010d, elektromagnetick\u00fd syst\u00e9m, resp. syst\u00e9m s\u00a0p\u0159\u00edvodem ciz\u00edho nap\u011bt\u00ed. V\u00a0tomto p\u0159\u00edpad\u011b nebude p\u0159\u00edstroj ionimax fungovat dle o\u010dek\u00e1v\u00e1n\u00ed.<\/span><\/p>\n<p class=\"s3\"><span class=\"s5\">Nedoporu\u010dujeme ani p\u0159\u00edstroj ionimax instalovat pro za\u0159\u00edzen\u00ed se slanou vodou nebo vyu\u017e\u00edvaj\u00edc\u00ed soln\u00fd roztok, kter\u00e9 by iontovou polarizaci ru\u0161ilo. V\u00a0tomto p\u0159\u00edpad\u011b nebude p\u0159\u00edstroj ionimax fungovat dle o\u010dek\u00e1v\u00e1n\u00ed.<\/span><\/p>\n<p class=\"s3\"><span class=\"s5\">P\u0159\u00edstroje ionimax namontujte pro vodu s\u00a0b\u011b\u017enou vodivost\u00ed od 50 do 2\u00a0000\u00a0uS\/cm<\/span><span class=\"s7\">2<\/span><span class=\"s5\">. Pro vodu s\u00a0vy\u0161\u0161\u00ed vodivost\u00ed nebude p\u0159\u00edstroj ionimax fungovat dle o\u010dek\u00e1v\u00e1n\u00ed, rychleji se zane<\/span><span class=\"s5\">se a zkr\u00e1t\u00ed se jeho \u017eivotnost.<\/span><\/p>\n<p class=\"s3\"><span class=\"s5\">Pou\u017e<\/span><span class=\"s5\">\u00edvejte pro teplotu vody 0\u2013100\u00a0\u00b0C<\/span><span class=\"s5\">. P\u0159\u00edstroj nen\u00ed ur\u010den k \u00faprav\u011b p\u00e1ry v\u00a0uzav\u0159en\u00e9m potru<\/span><span class=\"s5\">b\u00ed, hroz\u00ed po\u0161kozen\u00ed p\u0159\u00edstroje.<\/span><\/p>\n<p class=\"s3\"><span class=\"s5\">Maxim\u00e1ln\u00ed rychlost proud\u011bn\u00ed vody p\u0159\u00edstrojem je 4\u00a0m\/s (p\u0159i v\u00fdb\u011bru typu p\u0159\u00edstroje p\u0159ihl\u00ed\u017e\u00edme k tomuto \u00fadaji a maxim\u00e1ln\u00edmu pr\u016ftoku, nikoli jen k \u00fadaji o\u00a0pr\u016fm\u011bru potrub\u00ed). V\u00a0p\u0159\u00edpad\u011b vy\u0161\u0161\u00ed rychlosti proud\u011bn\u00ed vody nem\u016f\u017eeme zaru\u010dit o\u010dek\u00e1vanou efektivitu.<\/span><\/p>\n<p class=\"s3\"><span class=\"s5\">P\u0159\u00edstroje ionimax jsou dimenzov\u00e1ny pro tlak do 1\u00a0MPa. P\u0159i v\u011bt\u0161\u00edm tlaku m\u016f\u017ee doj\u00edt k\u00a0po\u0161kozen\u00ed p\u0159\u00edstroje ionimax. <\/span><\/p>\n<p class=\"s3\"><span class=\"s5\">P\u0159\u00edstroj ionimax \u017e\u00e1dn\u00fdm zp\u016fsobem nerozeb\u00edrejte a neotv\u00edrejte. Jeho otev\u0159en\u00edm bude naru\u0161ena funk\u010dnost a zneplatn\u011bna z\u00e1ruka. Obra\u0165te se na v\u00fdrobce. Z\u00e1rove\u0148 hroz\u00ed uvoln\u011bn\u00ed drobn\u00fdch d\u00edl\u016f. Nenech\u00e1vejte s\u00a0p\u0159\u00edstrojem zach\u00e1zet d\u011bti.<\/span><\/p>\n<p>[\/vc_column_text][\/vc_column_inner][\/vc_row_inner][\/vc_column][\/vc_row]<\/p>\n<\/div>","protected":false},"excerpt":{"rendered":"<p>[vc_row css=&#8220;.vc_custom_1489102263611{padding-top: 50px !important;}&#8220;][vc_column][vc_row_inner][vc_column_inner][lab_heading title=&#8220;ionimax\u00ae&#8220; el_class=&#8220;title centered&#8220;]Ioniza\u010dn\u00ed polariza\u010dn\u00ed p\u0159\u00edstroj[\/lab_heading][vc_single_image image=&#8220;1156&#8243; img_size=&#8220;full&#8220; alignment=&#8220;center&#8220;][\/vc_column_inner][\/vc_row_inner][vc_row_inner][vc_column_inner width=&#8220;1\/2&#8243;][lab_heading title=&#8220;Popis v\u00fdrobku&#8220;][\/lab_heading][vc_column_text]Ioniza\u010dn\u00ed polariza\u010dn\u00ed p\u0159\u00edstroj ionimax je za\u0159\u00edzen\u00ed na \u00fapravu vody, kter\u00e9 zabra\u0148uje tvorb\u011b vodn\u00edho kamene, pom\u00e1h\u00e1 p\u0159i jeho odstra\u0148ov\u00e1n\u00ed a p\u0159in\u00e1\u0161\u00ed \u0159adu dal\u0161\u00edch v\u00fdhod. P\u0159\u00edstroj ionimax je tvo\u0159en pr\u016ftokov\u00fdm t\u011blesem, kter\u00e9 m\u00e1 vstupn\u00ed a v\u00fdstupn\u00ed otvor. V\u00a0tomto t\u011blese jsou um\u00edst\u011bny alespo\u0148 dv\u011b&hellip;<\/p>\n","protected":false},"author":3,"featured_media":0,"parent":0,"menu_order":0,"comment_status":"closed","ping_status":"closed","template":"","meta":{"_acf_changed":false,"footnotes":""},"class_list":["post-1404","page","type-page","status-publish","hentry"],"acf":[],"yoast_head":"<!-- This site is optimized with the Yoast SEO plugin v23.6 - https:\/\/yoast.com\/wordpress\/plugins\/seo\/ -->\n<title>ionimax\u00ae - Two Eco<\/title>\n<meta name=\"robots\" content=\"index, follow, max-snippet:-1, max-image-preview:large, max-video-preview:-1\" \/>\n<link rel=\"canonical\" href=\"https:\/\/twoeco.sk\/ionimax\/\" \/>\n<meta property=\"og:locale\" content=\"cs_CZ\" \/>\n<meta property=\"og:type\" content=\"article\" \/>\n<meta property=\"og:title\" content=\"ionimax\u00ae - Two Eco\" \/>\n<meta property=\"og:description\" content=\"[vc_row css=&#8220;.vc_custom_1489102263611{padding-top: 50px !important;}&#8220;][vc_column][vc_row_inner][vc_column_inner][lab_heading title=&#8220;ionimax\u00ae&#8220; el_class=&#8220;title centered&#8220;]Ioniza\u010dn\u00ed polariza\u010dn\u00ed p\u0159\u00edstroj[\/lab_heading][vc_single_image image=&#8220;1156&#8243; img_size=&#8220;full&#8220; alignment=&#8220;center&#8220;][\/vc_column_inner][\/vc_row_inner][vc_row_inner][vc_column_inner width=&#8220;1\/2&#8243;][lab_heading title=&#8220;Popis v\u00fdrobku&#8220;][\/lab_heading][vc_column_text]Ioniza\u010dn\u00ed polariza\u010dn\u00ed p\u0159\u00edstroj ionimax je za\u0159\u00edzen\u00ed na \u00fapravu vody, kter\u00e9 zabra\u0148uje tvorb\u011b vodn\u00edho kamene, pom\u00e1h\u00e1 p\u0159i jeho odstra\u0148ov\u00e1n\u00ed a p\u0159in\u00e1\u0161\u00ed \u0159adu dal\u0161\u00edch v\u00fdhod. P\u0159\u00edstroj ionimax je tvo\u0159en pr\u016ftokov\u00fdm t\u011blesem, kter\u00e9 m\u00e1 vstupn\u00ed a v\u00fdstupn\u00ed otvor. V\u00a0tomto t\u011blese jsou um\u00edst\u011bny alespo\u0148 dv\u011b&hellip;\" \/>\n<meta property=\"og:url\" content=\"https:\/\/twoeco.sk\/ionimax\/\" \/>\n<meta property=\"og:site_name\" content=\"Two Eco\" \/>\n<meta property=\"article:publisher\" content=\"https:\/\/www.facebook.com\/Ionimax-1357153714295887\/\" \/>\n<meta property=\"article:modified_time\" content=\"2017-08-11T06:25:06+00:00\" \/>\n<meta name=\"twitter:card\" content=\"summary_large_image\" \/>\n<meta name=\"twitter:label1\" content=\"Odhadovan\u00e1 doba \u010dten\u00ed\" \/>\n\t<meta name=\"twitter:data1\" content=\"6 minut\" \/>\n<script type=\"application\/ld+json\" class=\"yoast-schema-graph\">{\"@context\":\"https:\/\/schema.org\",\"@graph\":[{\"@type\":\"WebPage\",\"@id\":\"https:\/\/twoeco.sk\/ionimax\/\",\"url\":\"https:\/\/twoeco.sk\/ionimax\/\",\"name\":\"ionimax\u00ae - Two Eco\",\"isPartOf\":{\"@id\":\"https:\/\/twoeco.sk\/#website\"},\"datePublished\":\"2017-03-09T23:30:26+00:00\",\"dateModified\":\"2017-08-11T06:25:06+00:00\",\"breadcrumb\":{\"@id\":\"https:\/\/twoeco.sk\/ionimax\/#breadcrumb\"},\"inLanguage\":\"cs\",\"potentialAction\":[{\"@type\":\"ReadAction\",\"target\":[\"https:\/\/twoeco.sk\/ionimax\/\"]}]},{\"@type\":\"BreadcrumbList\",\"@id\":\"https:\/\/twoeco.sk\/ionimax\/#breadcrumb\",\"itemListElement\":[{\"@type\":\"ListItem\",\"position\":1,\"name\":\"Home\",\"item\":\"https:\/\/twoeco.sk\/\"},{\"@type\":\"ListItem\",\"position\":2,\"name\":\"ionimax\u00ae\"}]},{\"@type\":\"WebSite\",\"@id\":\"https:\/\/twoeco.sk\/#website\",\"url\":\"https:\/\/twoeco.sk\/\",\"name\":\"Two Eco\",\"description\":\"Viac ako \u010dist\u00e1 voda\",\"publisher\":{\"@id\":\"https:\/\/twoeco.sk\/#organization\"},\"potentialAction\":[{\"@type\":\"SearchAction\",\"target\":{\"@type\":\"EntryPoint\",\"urlTemplate\":\"https:\/\/twoeco.sk\/?s={search_term_string}\"},\"query-input\":{\"@type\":\"PropertyValueSpecification\",\"valueRequired\":true,\"valueName\":\"search_term_string\"}}],\"inLanguage\":\"cs\"},{\"@type\":\"Organization\",\"@id\":\"https:\/\/twoeco.sk\/#organization\",\"name\":\"Two ECO, s.r.o.\",\"url\":\"https:\/\/twoeco.sk\/\",\"logo\":{\"@type\":\"ImageObject\",\"inLanguage\":\"cs\",\"@id\":\"https:\/\/twoeco.sk\/#\/schema\/logo\/image\/\",\"url\":\"https:\/\/twoeco.sk\/wp-content\/uploads\/2016\/05\/logo-two-eco-farba.png\",\"contentUrl\":\"https:\/\/twoeco.sk\/wp-content\/uploads\/2016\/05\/logo-two-eco-farba.png\",\"width\":318,\"height\":74,\"caption\":\"Two ECO, s.r.o.\"},\"image\":{\"@id\":\"https:\/\/twoeco.sk\/#\/schema\/logo\/image\/\"},\"sameAs\":[\"https:\/\/www.facebook.com\/Ionimax-1357153714295887\/\"]}]}<\/script>\n<!-- \/ Yoast SEO plugin. -->","yoast_head_json":{"title":"ionimax\u00ae - Two Eco","robots":{"index":"index","follow":"follow","max-snippet":"max-snippet:-1","max-image-preview":"max-image-preview:large","max-video-preview":"max-video-preview:-1"},"canonical":"https:\/\/twoeco.sk\/ionimax\/","og_locale":"cs_CZ","og_type":"article","og_title":"ionimax\u00ae - Two Eco","og_description":"[vc_row css=&#8220;.vc_custom_1489102263611{padding-top: 50px !important;}&#8220;][vc_column][vc_row_inner][vc_column_inner][lab_heading title=&#8220;ionimax\u00ae&#8220; el_class=&#8220;title centered&#8220;]Ioniza\u010dn\u00ed polariza\u010dn\u00ed p\u0159\u00edstroj[\/lab_heading][vc_single_image image=&#8220;1156&#8243; img_size=&#8220;full&#8220; alignment=&#8220;center&#8220;][\/vc_column_inner][\/vc_row_inner][vc_row_inner][vc_column_inner width=&#8220;1\/2&#8243;][lab_heading title=&#8220;Popis v\u00fdrobku&#8220;][\/lab_heading][vc_column_text]Ioniza\u010dn\u00ed polariza\u010dn\u00ed p\u0159\u00edstroj ionimax je za\u0159\u00edzen\u00ed na \u00fapravu vody, kter\u00e9 zabra\u0148uje tvorb\u011b vodn\u00edho kamene, pom\u00e1h\u00e1 p\u0159i jeho odstra\u0148ov\u00e1n\u00ed a p\u0159in\u00e1\u0161\u00ed \u0159adu dal\u0161\u00edch v\u00fdhod. P\u0159\u00edstroj ionimax je tvo\u0159en pr\u016ftokov\u00fdm t\u011blesem, kter\u00e9 m\u00e1 vstupn\u00ed a v\u00fdstupn\u00ed otvor. V\u00a0tomto t\u011blese jsou um\u00edst\u011bny alespo\u0148 dv\u011b&hellip;","og_url":"https:\/\/twoeco.sk\/ionimax\/","og_site_name":"Two Eco","article_publisher":"https:\/\/www.facebook.com\/Ionimax-1357153714295887\/","article_modified_time":"2017-08-11T06:25:06+00:00","twitter_card":"summary_large_image","twitter_misc":{"Odhadovan\u00e1 doba \u010dten\u00ed":"6 minut"},"schema":{"@context":"https:\/\/schema.org","@graph":[{"@type":"WebPage","@id":"https:\/\/twoeco.sk\/ionimax\/","url":"https:\/\/twoeco.sk\/ionimax\/","name":"ionimax\u00ae - Two Eco","isPartOf":{"@id":"https:\/\/twoeco.sk\/#website"},"datePublished":"2017-03-09T23:30:26+00:00","dateModified":"2017-08-11T06:25:06+00:00","breadcrumb":{"@id":"https:\/\/twoeco.sk\/ionimax\/#breadcrumb"},"inLanguage":"cs","potentialAction":[{"@type":"ReadAction","target":["https:\/\/twoeco.sk\/ionimax\/"]}]},{"@type":"BreadcrumbList","@id":"https:\/\/twoeco.sk\/ionimax\/#breadcrumb","itemListElement":[{"@type":"ListItem","position":1,"name":"Home","item":"https:\/\/twoeco.sk\/"},{"@type":"ListItem","position":2,"name":"ionimax\u00ae"}]},{"@type":"WebSite","@id":"https:\/\/twoeco.sk\/#website","url":"https:\/\/twoeco.sk\/","name":"Two Eco","description":"Viac ako \u010dist\u00e1 voda","publisher":{"@id":"https:\/\/twoeco.sk\/#organization"},"potentialAction":[{"@type":"SearchAction","target":{"@type":"EntryPoint","urlTemplate":"https:\/\/twoeco.sk\/?s={search_term_string}"},"query-input":{"@type":"PropertyValueSpecification","valueRequired":true,"valueName":"search_term_string"}}],"inLanguage":"cs"},{"@type":"Organization","@id":"https:\/\/twoeco.sk\/#organization","name":"Two ECO, s.r.o.","url":"https:\/\/twoeco.sk\/","logo":{"@type":"ImageObject","inLanguage":"cs","@id":"https:\/\/twoeco.sk\/#\/schema\/logo\/image\/","url":"https:\/\/twoeco.sk\/wp-content\/uploads\/2016\/05\/logo-two-eco-farba.png","contentUrl":"https:\/\/twoeco.sk\/wp-content\/uploads\/2016\/05\/logo-two-eco-farba.png","width":318,"height":74,"caption":"Two ECO, s.r.o."},"image":{"@id":"https:\/\/twoeco.sk\/#\/schema\/logo\/image\/"},"sameAs":["https:\/\/www.facebook.com\/Ionimax-1357153714295887\/"]}]}},"_links":{"self":[{"href":"https:\/\/twoeco.sk\/cs\/wp-json\/wp\/v2\/pages\/1404"}],"collection":[{"href":"https:\/\/twoeco.sk\/cs\/wp-json\/wp\/v2\/pages"}],"about":[{"href":"https:\/\/twoeco.sk\/cs\/wp-json\/wp\/v2\/types\/page"}],"author":[{"embeddable":true,"href":"https:\/\/twoeco.sk\/cs\/wp-json\/wp\/v2\/users\/3"}],"replies":[{"embeddable":true,"href":"https:\/\/twoeco.sk\/cs\/wp-json\/wp\/v2\/comments?post=1404"}],"version-history":[{"count":3,"href":"https:\/\/twoeco.sk\/cs\/wp-json\/wp\/v2\/pages\/1404\/revisions"}],"predecessor-version":[{"id":2166,"href":"https:\/\/twoeco.sk\/cs\/wp-json\/wp\/v2\/pages\/1404\/revisions\/2166"}],"wp:attachment":[{"href":"https:\/\/twoeco.sk\/cs\/wp-json\/wp\/v2\/media?parent=1404"}],"curies":[{"name":"wp","href":"https:\/\/api.w.org\/{rel}","templated":true}]}}