{"id":1490,"date":"2017-02-16T09:49:00","date_gmt":"2017-02-16T08:49:00","guid":{"rendered":"https:\/\/twoeco.sk\/vodny-kamen\/"},"modified":"2017-05-26T22:25:15","modified_gmt":"2017-05-26T20:25:15","slug":"vodny-kamen","status":"publish","type":"page","link":"https:\/\/twoeco.sk\/cs\/vodny-kamen\/","title":{"rendered":"Vodn\u00fd kame\u0148"},"content":{"rendered":"<div class=\"wpb-content-wrapper\"><p>[vc_row][vc_column][lab_heading title=&#8220;Vodn\u00ed k\u00e1men&#8220; el_class=&#8220;title&#8220; css=&#8220;.vc_custom_1495830313073{padding-top: 50px !important;}&#8220;][\/lab_heading][vc_column_text]<strong>Tr\u00e1p\u00ed v\u00e1s vodn\u00ed k\u00e1men v\u00a0potrub\u00ed?<\/strong><\/p>\n<p><strong>Chcete p\u0159ed n\u00edm ochr\u00e1nit sv\u00e9 spot\u0159ebi\u010de?<\/strong><\/p>\n<p><strong>Tou\u017e\u00edte po n\u00e1dhern\u011b vypran\u00e9m pr\u00e1dle, ale ve va\u0161\u00ed tvrd\u00e9 vod\u011b to nen\u00ed mo\u017en\u00e9?<\/strong><\/p>\n<p><strong>Chcete se vyhnout chemick\u00fdm zm\u011bk\u010dovadl\u016fm?<\/strong><\/p>\n<p><strong>Nechcete u\u017e drhnout vodn\u00ed k\u00e1men v\u00a0kuchyni a koupeln\u011b?<\/strong>[\/vc_column_text][vc_separator style=&#8220;dotted&#8220; border_width=&#8220;2&#8243;][vc_row_inner][vc_column_inner][vc_column_text]<\/p>\n<p class=\"p1\"><b><img loading=\"lazy\" decoding=\"async\" class=\" wp-image-894 alignleft\" src=\"https:\/\/twoeco.sk\/wp-content\/uploads\/2017\/02\/shutterstock_218515030-min-300x200.jpg\" alt=\"\" width=\"387\" height=\"258\" srcset=\"https:\/\/twoeco.sk\/wp-content\/uploads\/2017\/02\/shutterstock_218515030-min-300x200.jpg 300w, https:\/\/twoeco.sk\/wp-content\/uploads\/2017\/02\/shutterstock_218515030-min-768x512.jpg 768w, https:\/\/twoeco.sk\/wp-content\/uploads\/2017\/02\/shutterstock_218515030-min-1024x683.jpg 1024w, https:\/\/twoeco.sk\/wp-content\/uploads\/2017\/02\/shutterstock_218515030-min-1612x1075.jpg 1612w, https:\/\/twoeco.sk\/wp-content\/uploads\/2017\/02\/shutterstock_218515030-min-1116x744.jpg 1116w, https:\/\/twoeco.sk\/wp-content\/uploads\/2017\/02\/shutterstock_218515030-min-806x537.jpg 806w, https:\/\/twoeco.sk\/wp-content\/uploads\/2017\/02\/shutterstock_218515030-min-558x372.jpg 558w, https:\/\/twoeco.sk\/wp-content\/uploads\/2017\/02\/shutterstock_218515030-min-655x437.jpg 655w\" sizes=\"(max-width: 387px) 100vw, 387px\" \/><\/b><\/p>\n<p><strong>Zbavte se vodn\u00edho kamene a tvrdosti vody bez zbyte\u010dn\u00e9 chemie. Vyu\u017eijte nejnov\u011bj\u0161\u00edch poznatk\u016f v\u011bdy a iontovou polarizaci vody v\u00a0na\u0161em p\u0159\u00edstroji ionimax.<\/strong><\/p>\n<p>P\u0159\u00edstroj ionimax je unik\u00e1tn\u00ed syst\u00e9m na \u00fapravu vody (zjednodu\u0161en\u011b \u0159e\u010deno \u201etrubka\u201c), kter\u00fd rozb\u00edj\u00ed vodn\u00ed k\u00e1men, dod\u00e1 vod\u011b vitalitu, zdrav\u00ed, \u010distotu, \u0161et\u0159\u00ed va\u0161i pen\u011b\u017eenku, spot\u0159ebi\u010de i p\u0159\u00edrodu. Pracuje bez obsluhy a \u00fadr\u017eby, bez elektrick\u00e9ho proudu a bez chemie. P\u0159\u00edstroj ionimax nep\u0159ek\u00e1\u017e\u00ed ani nenaru\u0161uje design va\u0161eho domova.\u00a0Voda si zachov\u00e1v\u00e1 v\u0161echny v\u00fd\u017eivn\u00e9 l\u00e1tky v\u010detn\u011b miner\u00e1l\u016f, tak\u017ee m\u00e1te zaji\u0161t\u011bn kvalitn\u00ed pitn\u00fd re\u017eim.<\/p>\n<p><strong>Vodn\u00ed k\u00e1men postupn\u011b zmiz\u00ed a nov\u00fd se u\u017e nevytvo\u0159\u00ed.<\/strong><\/p>\n<p class=\"p1\"><b>\u00a0<\/b><\/p>\n<p>[\/vc_column_text][\/vc_column_inner][\/vc_row_inner][\/vc_column][\/vc_row]<\/p>\n<\/div>","protected":false},"excerpt":{"rendered":"<p>[vc_row][vc_column][lab_heading title=&#8220;Vodn\u00ed k\u00e1men&#8220; el_class=&#8220;title&#8220; css=&#8220;.vc_custom_1495830313073{padding-top: 50px !important;}&#8220;][\/lab_heading][vc_column_text]Tr\u00e1p\u00ed v\u00e1s vodn\u00ed k\u00e1men v\u00a0potrub\u00ed? Chcete p\u0159ed n\u00edm ochr\u00e1nit sv\u00e9 spot\u0159ebi\u010de? Tou\u017e\u00edte po n\u00e1dhern\u011b vypran\u00e9m pr\u00e1dle, ale ve va\u0161\u00ed tvrd\u00e9 vod\u011b to nen\u00ed mo\u017en\u00e9? Chcete se vyhnout chemick\u00fdm zm\u011bk\u010dovadl\u016fm? Nechcete u\u017e drhnout vodn\u00ed k\u00e1men v\u00a0kuchyni a koupeln\u011b?[\/vc_column_text][vc_separator style=&#8220;dotted&#8220; border_width=&#8220;2&#8243;][vc_row_inner][vc_column_inner][vc_column_text] Zbavte se vodn\u00edho kamene a tvrdosti vody bez zbyte\u010dn\u00e9 chemie.&hellip;<\/p>\n","protected":false},"author":3,"featured_media":0,"parent":0,"menu_order":0,"comment_status":"closed","ping_status":"closed","template":"","meta":{"_acf_changed":false,"footnotes":""},"class_list":["post-1490","page","type-page","status-publish","hentry"],"acf":[],"yoast_head":"<!-- This site is optimized with the Yoast SEO plugin v23.6 - https:\/\/yoast.com\/wordpress\/plugins\/seo\/ -->\n<title>Vodn\u00fd kame\u0148 - Two Eco<\/title>\n<meta name=\"robots\" content=\"index, follow, max-snippet:-1, max-image-preview:large, max-video-preview:-1\" \/>\n<link rel=\"canonical\" href=\"https:\/\/twoeco.sk\/vodny-kamen\/\" \/>\n<meta property=\"og:locale\" content=\"cs_CZ\" \/>\n<meta property=\"og:type\" content=\"article\" \/>\n<meta property=\"og:title\" content=\"Vodn\u00fd kame\u0148 - Two Eco\" \/>\n<meta property=\"og:description\" content=\"[vc_row][vc_column][lab_heading title=&#8220;Vodn\u00ed k\u00e1men&#8220; el_class=&#8220;title&#8220; css=&#8220;.vc_custom_1495830313073{padding-top: 50px !important;}&#8220;][\/lab_heading][vc_column_text]Tr\u00e1p\u00ed v\u00e1s vodn\u00ed k\u00e1men v\u00a0potrub\u00ed? Chcete p\u0159ed n\u00edm ochr\u00e1nit sv\u00e9 spot\u0159ebi\u010de? Tou\u017e\u00edte po n\u00e1dhern\u011b vypran\u00e9m pr\u00e1dle, ale ve va\u0161\u00ed tvrd\u00e9 vod\u011b to nen\u00ed mo\u017en\u00e9? Chcete se vyhnout chemick\u00fdm zm\u011bk\u010dovadl\u016fm? Nechcete u\u017e drhnout vodn\u00ed k\u00e1men v\u00a0kuchyni a koupeln\u011b?[\/vc_column_text][vc_separator style=&#8220;dotted&#8220; border_width=&#8220;2&#8243;][vc_row_inner][vc_column_inner][vc_column_text] Zbavte se vodn\u00edho kamene a tvrdosti vody bez zbyte\u010dn\u00e9 chemie.&hellip;\" \/>\n<meta property=\"og:url\" content=\"https:\/\/twoeco.sk\/vodny-kamen\/\" \/>\n<meta property=\"og:site_name\" content=\"Two Eco\" \/>\n<meta property=\"article:publisher\" content=\"https:\/\/www.facebook.com\/Ionimax-1357153714295887\/\" \/>\n<meta property=\"article:modified_time\" content=\"2017-05-26T20:25:15+00:00\" \/>\n<meta property=\"og:image\" content=\"https:\/\/twoeco.sk\/wp-content\/uploads\/2017\/02\/shutterstock_218515030-min.jpg\" \/>\n\t<meta property=\"og:image:width\" content=\"5472\" \/>\n\t<meta property=\"og:image:height\" content=\"3648\" \/>\n\t<meta property=\"og:image:type\" content=\"image\/jpeg\" \/>\n<meta name=\"twitter:card\" content=\"summary_large_image\" \/>\n<meta name=\"twitter:label1\" content=\"Odhadovan\u00e1 doba \u010dten\u00ed\" \/>\n\t<meta name=\"twitter:data1\" content=\"1 minuta\" \/>\n<script type=\"application\/ld+json\" class=\"yoast-schema-graph\">{\"@context\":\"https:\/\/schema.org\",\"@graph\":[{\"@type\":\"WebPage\",\"@id\":\"https:\/\/twoeco.sk\/vodny-kamen\/\",\"url\":\"https:\/\/twoeco.sk\/vodny-kamen\/\",\"name\":\"Vodn\u00fd kame\u0148 - Two Eco\",\"isPartOf\":{\"@id\":\"https:\/\/twoeco.sk\/#website\"},\"primaryImageOfPage\":{\"@id\":\"https:\/\/twoeco.sk\/vodny-kamen\/#primaryimage\"},\"image\":{\"@id\":\"https:\/\/twoeco.sk\/vodny-kamen\/#primaryimage\"},\"thumbnailUrl\":\"https:\/\/twoeco.sk\/wp-content\/uploads\/2017\/02\/shutterstock_218515030-min-300x200.jpg\",\"datePublished\":\"2017-02-16T08:49:00+00:00\",\"dateModified\":\"2017-05-26T20:25:15+00:00\",\"breadcrumb\":{\"@id\":\"https:\/\/twoeco.sk\/vodny-kamen\/#breadcrumb\"},\"inLanguage\":\"cs\",\"potentialAction\":[{\"@type\":\"ReadAction\",\"target\":[\"https:\/\/twoeco.sk\/vodny-kamen\/\"]}]},{\"@type\":\"ImageObject\",\"inLanguage\":\"cs\",\"@id\":\"https:\/\/twoeco.sk\/vodny-kamen\/#primaryimage\",\"url\":\"https:\/\/twoeco.sk\/wp-content\/uploads\/2017\/02\/shutterstock_218515030-min-300x200.jpg\",\"contentUrl\":\"https:\/\/twoeco.sk\/wp-content\/uploads\/2017\/02\/shutterstock_218515030-min-300x200.jpg\"},{\"@type\":\"BreadcrumbList\",\"@id\":\"https:\/\/twoeco.sk\/vodny-kamen\/#breadcrumb\",\"itemListElement\":[{\"@type\":\"ListItem\",\"position\":1,\"name\":\"Home\",\"item\":\"https:\/\/twoeco.sk\/\"},{\"@type\":\"ListItem\",\"position\":2,\"name\":\"Vodn\u00fd kame\u0148\"}]},{\"@type\":\"WebSite\",\"@id\":\"https:\/\/twoeco.sk\/#website\",\"url\":\"https:\/\/twoeco.sk\/\",\"name\":\"Two Eco\",\"description\":\"Viac ako \u010dist\u00e1 voda\",\"publisher\":{\"@id\":\"https:\/\/twoeco.sk\/#organization\"},\"potentialAction\":[{\"@type\":\"SearchAction\",\"target\":{\"@type\":\"EntryPoint\",\"urlTemplate\":\"https:\/\/twoeco.sk\/?s={search_term_string}\"},\"query-input\":{\"@type\":\"PropertyValueSpecification\",\"valueRequired\":true,\"valueName\":\"search_term_string\"}}],\"inLanguage\":\"cs\"},{\"@type\":\"Organization\",\"@id\":\"https:\/\/twoeco.sk\/#organization\",\"name\":\"Two ECO, s.r.o.\",\"url\":\"https:\/\/twoeco.sk\/\",\"logo\":{\"@type\":\"ImageObject\",\"inLanguage\":\"cs\",\"@id\":\"https:\/\/twoeco.sk\/#\/schema\/logo\/image\/\",\"url\":\"https:\/\/twoeco.sk\/wp-content\/uploads\/2016\/05\/logo-two-eco-farba.png\",\"contentUrl\":\"https:\/\/twoeco.sk\/wp-content\/uploads\/2016\/05\/logo-two-eco-farba.png\",\"width\":318,\"height\":74,\"caption\":\"Two ECO, s.r.o.\"},\"image\":{\"@id\":\"https:\/\/twoeco.sk\/#\/schema\/logo\/image\/\"},\"sameAs\":[\"https:\/\/www.facebook.com\/Ionimax-1357153714295887\/\"]}]}<\/script>\n<!-- \/ Yoast SEO plugin. -->","yoast_head_json":{"title":"Vodn\u00fd kame\u0148 - Two Eco","robots":{"index":"index","follow":"follow","max-snippet":"max-snippet:-1","max-image-preview":"max-image-preview:large","max-video-preview":"max-video-preview:-1"},"canonical":"https:\/\/twoeco.sk\/vodny-kamen\/","og_locale":"cs_CZ","og_type":"article","og_title":"Vodn\u00fd kame\u0148 - Two Eco","og_description":"[vc_row][vc_column][lab_heading title=&#8220;Vodn\u00ed k\u00e1men&#8220; el_class=&#8220;title&#8220; css=&#8220;.vc_custom_1495830313073{padding-top: 50px !important;}&#8220;][\/lab_heading][vc_column_text]Tr\u00e1p\u00ed v\u00e1s vodn\u00ed k\u00e1men v\u00a0potrub\u00ed? Chcete p\u0159ed n\u00edm ochr\u00e1nit sv\u00e9 spot\u0159ebi\u010de? Tou\u017e\u00edte po n\u00e1dhern\u011b vypran\u00e9m pr\u00e1dle, ale ve va\u0161\u00ed tvrd\u00e9 vod\u011b to nen\u00ed mo\u017en\u00e9? Chcete se vyhnout chemick\u00fdm zm\u011bk\u010dovadl\u016fm? Nechcete u\u017e drhnout vodn\u00ed k\u00e1men v\u00a0kuchyni a koupeln\u011b?[\/vc_column_text][vc_separator style=&#8220;dotted&#8220; border_width=&#8220;2&#8243;][vc_row_inner][vc_column_inner][vc_column_text] Zbavte se vodn\u00edho kamene a tvrdosti vody bez zbyte\u010dn\u00e9 chemie.&hellip;","og_url":"https:\/\/twoeco.sk\/vodny-kamen\/","og_site_name":"Two Eco","article_publisher":"https:\/\/www.facebook.com\/Ionimax-1357153714295887\/","article_modified_time":"2017-05-26T20:25:15+00:00","og_image":[{"width":5472,"height":3648,"url":"https:\/\/twoeco.sk\/wp-content\/uploads\/2017\/02\/shutterstock_218515030-min.jpg","type":"image\/jpeg"}],"twitter_card":"summary_large_image","twitter_misc":{"Odhadovan\u00e1 doba \u010dten\u00ed":"1 minuta"},"schema":{"@context":"https:\/\/schema.org","@graph":[{"@type":"WebPage","@id":"https:\/\/twoeco.sk\/vodny-kamen\/","url":"https:\/\/twoeco.sk\/vodny-kamen\/","name":"Vodn\u00fd kame\u0148 - Two Eco","isPartOf":{"@id":"https:\/\/twoeco.sk\/#website"},"primaryImageOfPage":{"@id":"https:\/\/twoeco.sk\/vodny-kamen\/#primaryimage"},"image":{"@id":"https:\/\/twoeco.sk\/vodny-kamen\/#primaryimage"},"thumbnailUrl":"https:\/\/twoeco.sk\/wp-content\/uploads\/2017\/02\/shutterstock_218515030-min-300x200.jpg","datePublished":"2017-02-16T08:49:00+00:00","dateModified":"2017-05-26T20:25:15+00:00","breadcrumb":{"@id":"https:\/\/twoeco.sk\/vodny-kamen\/#breadcrumb"},"inLanguage":"cs","potentialAction":[{"@type":"ReadAction","target":["https:\/\/twoeco.sk\/vodny-kamen\/"]}]},{"@type":"ImageObject","inLanguage":"cs","@id":"https:\/\/twoeco.sk\/vodny-kamen\/#primaryimage","url":"https:\/\/twoeco.sk\/wp-content\/uploads\/2017\/02\/shutterstock_218515030-min-300x200.jpg","contentUrl":"https:\/\/twoeco.sk\/wp-content\/uploads\/2017\/02\/shutterstock_218515030-min-300x200.jpg"},{"@type":"BreadcrumbList","@id":"https:\/\/twoeco.sk\/vodny-kamen\/#breadcrumb","itemListElement":[{"@type":"ListItem","position":1,"name":"Home","item":"https:\/\/twoeco.sk\/"},{"@type":"ListItem","position":2,"name":"Vodn\u00fd kame\u0148"}]},{"@type":"WebSite","@id":"https:\/\/twoeco.sk\/#website","url":"https:\/\/twoeco.sk\/","name":"Two Eco","description":"Viac ako \u010dist\u00e1 voda","publisher":{"@id":"https:\/\/twoeco.sk\/#organization"},"potentialAction":[{"@type":"SearchAction","target":{"@type":"EntryPoint","urlTemplate":"https:\/\/twoeco.sk\/?s={search_term_string}"},"query-input":{"@type":"PropertyValueSpecification","valueRequired":true,"valueName":"search_term_string"}}],"inLanguage":"cs"},{"@type":"Organization","@id":"https:\/\/twoeco.sk\/#organization","name":"Two ECO, s.r.o.","url":"https:\/\/twoeco.sk\/","logo":{"@type":"ImageObject","inLanguage":"cs","@id":"https:\/\/twoeco.sk\/#\/schema\/logo\/image\/","url":"https:\/\/twoeco.sk\/wp-content\/uploads\/2016\/05\/logo-two-eco-farba.png","contentUrl":"https:\/\/twoeco.sk\/wp-content\/uploads\/2016\/05\/logo-two-eco-farba.png","width":318,"height":74,"caption":"Two ECO, s.r.o."},"image":{"@id":"https:\/\/twoeco.sk\/#\/schema\/logo\/image\/"},"sameAs":["https:\/\/www.facebook.com\/Ionimax-1357153714295887\/"]}]}},"_links":{"self":[{"href":"https:\/\/twoeco.sk\/cs\/wp-json\/wp\/v2\/pages\/1490"}],"collection":[{"href":"https:\/\/twoeco.sk\/cs\/wp-json\/wp\/v2\/pages"}],"about":[{"href":"https:\/\/twoeco.sk\/cs\/wp-json\/wp\/v2\/types\/page"}],"author":[{"embeddable":true,"href":"https:\/\/twoeco.sk\/cs\/wp-json\/wp\/v2\/users\/3"}],"replies":[{"embeddable":true,"href":"https:\/\/twoeco.sk\/cs\/wp-json\/wp\/v2\/comments?post=1490"}],"version-history":[{"count":2,"href":"https:\/\/twoeco.sk\/cs\/wp-json\/wp\/v2\/pages\/1490\/revisions"}],"predecessor-version":[{"id":1611,"href":"https:\/\/twoeco.sk\/cs\/wp-json\/wp\/v2\/pages\/1490\/revisions\/1611"}],"wp:attachment":[{"href":"https:\/\/twoeco.sk\/cs\/wp-json\/wp\/v2\/media?parent=1490"}],"curies":[{"name":"wp","href":"https:\/\/api.w.org\/{rel}","templated":true}]}}