{"id":1586,"date":"2017-02-16T10:11:58","date_gmt":"2017-02-16T09:11:58","guid":{"rendered":"https:\/\/twoeco.sk\/chlor-vo-vode\/"},"modified":"2017-08-24T08:24:15","modified_gmt":"2017-08-24T06:24:15","slug":"chlor-vo-vode","status":"publish","type":"page","link":"https:\/\/twoeco.sk\/cs\/chlor-vo-vode\/","title":{"rendered":"Chl\u00f3r ve vod\u011b"},"content":{"rendered":"<div class=\"wpb-content-wrapper\"><p>[vc_row css=&#8220;.vc_custom_1503555496147{padding-top: 50px !important;}&#8220;][vc_column][vc_row_inner][vc_column_inner][lab_heading title=&#8220;Chl\u00f3r ve vod\u011b&#8220; el_class=&#8220;title centered&#8220;][\/lab_heading][\/vc_column_inner][\/vc_row_inner][vc_row_inner][vc_column_inner width=&#8220;1\/4&#8243;][vc_single_image image=&#8220;892&#8243; img_size=&#8220;full&#8220;][\/vc_column_inner][vc_column_inner width=&#8220;3\/4&#8243;][vc_column_text]<\/p>\n<ul>\n<li><strong>M\u00e1te ot\u00e1zky ohledn\u011b chl\u00f3ru ve va\u0161\u00ed vodovodn\u00ed s\u00edti?<\/strong><\/li>\n<li><strong>\u0158e\u0161\u00edte chu\u0165 a kvalitu t\u00e9to vody?<\/strong><\/li>\n<li><strong>Nechcete p\u0159itom zanedbat ani v\u00fdskyt bakteri\u00ed?<\/strong><\/li>\n<li><strong>Rozhodujete se, jak budete vodu upravovat?<\/strong><\/li>\n<li><strong>Chcete se postarat co nejl\u00e9pe o\u00a0sebe a o\u00a0sv\u00e9 dom\u00e1c\u00ed mazl\u00ed\u010dky?<\/strong><\/li>\n<\/ul>\n<p>[\/vc_column_text][vc_column_text]<strong>Pro\u010d je vlastn\u011b chl\u00f3r p\u0159id\u00e1v\u00e1n<\/strong> do vodovodn\u00ed s\u00edt\u011b? Chl\u00f3r zabra\u0148uje mno\u017een\u00ed z\u00e1rodk\u016f bakteri\u00ed ve vodovodu. P\u016fsob\u00ed podobn\u011b jako potravinov\u00fd konzerva\u010dn\u00ed prost\u0159edek a zaru\u010duje zachov\u00e1n\u00ed kvality vody dod\u00e1van\u00e9 odb\u011bratelem z\u00a0hlediska nez\u00e1vadnosti.<\/p>\n<p>Bakterie a dal\u0161\u00ed organismy jsou b\u011b\u017enou sou\u010d\u00e1st\u00ed \u017eivotn\u00edho prost\u0159ed\u00ed. Nach\u00e1z\u00ed se ve vzduchu a v\u00a0p\u016fd\u011b a mohou se dostat i do vodovodn\u00ed s\u00edt\u011b. Tak\u00e9 usazeniny organick\u00e9ho charakteru na vnit\u0159n\u00ed st\u011bn\u011b potrub\u00ed jsou ide\u00e1ln\u00edm prost\u0159ed\u00edm pro mno\u017een\u00ed bakteri\u00ed. Pro zachov\u00e1n\u00ed bakteriologick\u00e9 nez\u00e1vadnosti vody se na r\u016fzn\u00fdch \u00fasec\u00edch distribu\u010dn\u00ed s\u00edt\u011b p\u0159id\u00e1v\u00e1 pr\u016fm\u011brn\u011b 0,1 a\u017e 0,2\u00a0miligramu chl\u00f3ru na jeden litr vody. To p\u0159edstavuje 1\u00a0kapku chl\u00f3ru na 1\u00a0000\u00a0litr\u016f vody, co\u017e je p\u0159ibli\u017en\u011b objem 5\u00a0koupelnov\u00fdch van.<\/p>\n<p><strong>Voda upraven\u00e1 p\u0159\u00edstrojem ionimax m\u011bn\u00ed samotn\u00e9 prost\u0159ed\u00ed ve va\u0161em vodovodu tak, \u017ee v\u00fdskyt a mno\u017een\u00ed bakteri\u00ed znateln\u011b kles\u00e1 a ustupuje. Testov\u00e1n\u00ed prok\u00e1zalo tak\u00e9 v\u00edce ne\u017e desetin\u00e1sobn\u00e9 sn\u00ed\u017een\u00ed v\u00fdskytu bakteri\u00ed v\u00a0tepl\u00e9 vod\u011b z\u00a0potrub\u00ed, kter\u00e1 byla upravena p\u0159\u00edstrojem ionimax. <\/strong>Tak\u00e9 se d\u00edky iontov\u00e9 polarizaci zmen\u0161uje vrstva usazenin na vnit\u0159n\u00ed st\u011bn\u011b potrub\u00ed. Zanik\u00e1 tak postupn\u011b prost\u0159ed\u00ed, ve kter\u00e9m se mohou mno\u017eit ne\u017e\u00e1douc\u00ed bakterie.<\/p>\n<p><strong>Dal\u0161\u00ed v\u00fdhodou p\u0159\u00edstroje ionimax je, \u017ee napom\u00e1h\u00e1 p\u0159i uvol\u0148ovan\u00ed chl\u00f3ru z\u00a0vody.\u00a0<\/strong>Klasick\u00e9 zp\u016fsoby pou\u017e\u00edvan\u00e9 k tomu, abychom se postupn\u011b zbavili chl\u00f3ru nebo chuti, kterou zp\u016fsobuje, je jednoduch\u00e9 odst\u00e1t\u00ed vody, jej\u00ed p\u0159eva\u0159en\u00ed, filtrov\u00e1n\u00ed, chlazen\u00ed v\u00a0lednici \u010di p\u0159id\u00e1n\u00ed n\u011bkolika kapek citr\u00f3nov\u00e9 \u0161\u0165\u00e1vy. <strong>Stejn\u011b p\u0159\u00edzniv\u00e9 \u00fa\u010dinky na uvol\u0148ov\u00e1n\u00ed chl\u00f3ru z\u00a0vody m\u00e1 tak\u00e9 p\u0159\u00edstroj ionimax.<\/strong><\/p>\n<p>Pokud se nem\u016f\u017eete rozhodnout o tom, zda a jak upravovat vodu z vodovodu, <strong>nev\u00e1hejte se na n\u00e1s obr\u00e1tit.<\/strong>[\/vc_column_text][\/vc_column_inner][\/vc_row_inner][\/vc_column][\/vc_row]<\/p>\n<\/div>","protected":false},"excerpt":{"rendered":"<p>[vc_row css=&#8220;.vc_custom_1503555496147{padding-top: 50px !important;}&#8220;][vc_column][vc_row_inner][vc_column_inner][lab_heading title=&#8220;Chl\u00f3r ve vod\u011b&#8220; el_class=&#8220;title centered&#8220;][\/lab_heading][\/vc_column_inner][\/vc_row_inner][vc_row_inner][vc_column_inner width=&#8220;1\/4&#8243;][vc_single_image image=&#8220;892&#8243; img_size=&#8220;full&#8220;][\/vc_column_inner][vc_column_inner width=&#8220;3\/4&#8243;][vc_column_text] M\u00e1te ot\u00e1zky ohledn\u011b chl\u00f3ru ve va\u0161\u00ed vodovodn\u00ed s\u00edti? \u0158e\u0161\u00edte chu\u0165 a kvalitu t\u00e9to vody? Nechcete p\u0159itom zanedbat ani v\u00fdskyt bakteri\u00ed? Rozhodujete se, jak budete vodu upravovat? Chcete se postarat co nejl\u00e9pe o\u00a0sebe a o\u00a0sv\u00e9 dom\u00e1c\u00ed mazl\u00ed\u010dky? [\/vc_column_text][vc_column_text]Pro\u010d je vlastn\u011b chl\u00f3r p\u0159id\u00e1v\u00e1n do&hellip;<\/p>\n","protected":false},"author":3,"featured_media":0,"parent":0,"menu_order":0,"comment_status":"closed","ping_status":"closed","template":"","meta":{"_acf_changed":false,"footnotes":""},"class_list":["post-1586","page","type-page","status-publish","hentry"],"acf":[],"yoast_head":"<!-- This site is optimized with the Yoast SEO plugin v23.6 - https:\/\/yoast.com\/wordpress\/plugins\/seo\/ -->\n<title>Chl\u00f3r ve vod\u011b - Two Eco<\/title>\n<meta name=\"robots\" content=\"index, follow, max-snippet:-1, max-image-preview:large, max-video-preview:-1\" \/>\n<link rel=\"canonical\" href=\"https:\/\/twoeco.sk\/chlor-vo-vode\/\" \/>\n<meta property=\"og:locale\" content=\"cs_CZ\" \/>\n<meta property=\"og:type\" content=\"article\" \/>\n<meta property=\"og:title\" content=\"Chl\u00f3r ve vod\u011b - Two Eco\" \/>\n<meta property=\"og:description\" content=\"[vc_row css=&#8220;.vc_custom_1503555496147{padding-top: 50px !important;}&#8220;][vc_column][vc_row_inner][vc_column_inner][lab_heading title=&#8220;Chl\u00f3r ve vod\u011b&#8220; el_class=&#8220;title centered&#8220;][\/lab_heading][\/vc_column_inner][\/vc_row_inner][vc_row_inner][vc_column_inner width=&#8220;1\/4&#8243;][vc_single_image image=&#8220;892&#8243; img_size=&#8220;full&#8220;][\/vc_column_inner][vc_column_inner width=&#8220;3\/4&#8243;][vc_column_text] M\u00e1te ot\u00e1zky ohledn\u011b chl\u00f3ru ve va\u0161\u00ed vodovodn\u00ed s\u00edti? \u0158e\u0161\u00edte chu\u0165 a kvalitu t\u00e9to vody? Nechcete p\u0159itom zanedbat ani v\u00fdskyt bakteri\u00ed? Rozhodujete se, jak budete vodu upravovat? Chcete se postarat co nejl\u00e9pe o\u00a0sebe a o\u00a0sv\u00e9 dom\u00e1c\u00ed mazl\u00ed\u010dky? [\/vc_column_text][vc_column_text]Pro\u010d je vlastn\u011b chl\u00f3r p\u0159id\u00e1v\u00e1n do&hellip;\" \/>\n<meta property=\"og:url\" content=\"https:\/\/twoeco.sk\/chlor-vo-vode\/\" \/>\n<meta property=\"og:site_name\" content=\"Two Eco\" \/>\n<meta property=\"article:publisher\" content=\"https:\/\/www.facebook.com\/Ionimax-1357153714295887\/\" \/>\n<meta property=\"article:modified_time\" content=\"2017-08-24T06:24:15+00:00\" \/>\n<meta name=\"twitter:card\" content=\"summary_large_image\" \/>\n<meta name=\"twitter:label1\" content=\"Odhadovan\u00e1 doba \u010dten\u00ed\" \/>\n\t<meta name=\"twitter:data1\" content=\"2 minuty\" \/>\n<script type=\"application\/ld+json\" class=\"yoast-schema-graph\">{\"@context\":\"https:\/\/schema.org\",\"@graph\":[{\"@type\":\"WebPage\",\"@id\":\"https:\/\/twoeco.sk\/chlor-vo-vode\/\",\"url\":\"https:\/\/twoeco.sk\/chlor-vo-vode\/\",\"name\":\"Chl\u00f3r ve vod\u011b - Two Eco\",\"isPartOf\":{\"@id\":\"https:\/\/twoeco.sk\/#website\"},\"datePublished\":\"2017-02-16T09:11:58+00:00\",\"dateModified\":\"2017-08-24T06:24:15+00:00\",\"breadcrumb\":{\"@id\":\"https:\/\/twoeco.sk\/chlor-vo-vode\/#breadcrumb\"},\"inLanguage\":\"cs\",\"potentialAction\":[{\"@type\":\"ReadAction\",\"target\":[\"https:\/\/twoeco.sk\/chlor-vo-vode\/\"]}]},{\"@type\":\"BreadcrumbList\",\"@id\":\"https:\/\/twoeco.sk\/chlor-vo-vode\/#breadcrumb\",\"itemListElement\":[{\"@type\":\"ListItem\",\"position\":1,\"name\":\"Home\",\"item\":\"https:\/\/twoeco.sk\/\"},{\"@type\":\"ListItem\",\"position\":2,\"name\":\"Chl\u00f3r ve vod\u011b\"}]},{\"@type\":\"WebSite\",\"@id\":\"https:\/\/twoeco.sk\/#website\",\"url\":\"https:\/\/twoeco.sk\/\",\"name\":\"Two Eco\",\"description\":\"Viac ako \u010dist\u00e1 voda\",\"publisher\":{\"@id\":\"https:\/\/twoeco.sk\/#organization\"},\"potentialAction\":[{\"@type\":\"SearchAction\",\"target\":{\"@type\":\"EntryPoint\",\"urlTemplate\":\"https:\/\/twoeco.sk\/?s={search_term_string}\"},\"query-input\":{\"@type\":\"PropertyValueSpecification\",\"valueRequired\":true,\"valueName\":\"search_term_string\"}}],\"inLanguage\":\"cs\"},{\"@type\":\"Organization\",\"@id\":\"https:\/\/twoeco.sk\/#organization\",\"name\":\"Two ECO, s.r.o.\",\"url\":\"https:\/\/twoeco.sk\/\",\"logo\":{\"@type\":\"ImageObject\",\"inLanguage\":\"cs\",\"@id\":\"https:\/\/twoeco.sk\/#\/schema\/logo\/image\/\",\"url\":\"https:\/\/twoeco.sk\/wp-content\/uploads\/2016\/05\/logo-two-eco-farba.png\",\"contentUrl\":\"https:\/\/twoeco.sk\/wp-content\/uploads\/2016\/05\/logo-two-eco-farba.png\",\"width\":318,\"height\":74,\"caption\":\"Two ECO, s.r.o.\"},\"image\":{\"@id\":\"https:\/\/twoeco.sk\/#\/schema\/logo\/image\/\"},\"sameAs\":[\"https:\/\/www.facebook.com\/Ionimax-1357153714295887\/\"]}]}<\/script>\n<!-- \/ Yoast SEO plugin. -->","yoast_head_json":{"title":"Chl\u00f3r ve vod\u011b - Two Eco","robots":{"index":"index","follow":"follow","max-snippet":"max-snippet:-1","max-image-preview":"max-image-preview:large","max-video-preview":"max-video-preview:-1"},"canonical":"https:\/\/twoeco.sk\/chlor-vo-vode\/","og_locale":"cs_CZ","og_type":"article","og_title":"Chl\u00f3r ve vod\u011b - Two Eco","og_description":"[vc_row css=&#8220;.vc_custom_1503555496147{padding-top: 50px !important;}&#8220;][vc_column][vc_row_inner][vc_column_inner][lab_heading title=&#8220;Chl\u00f3r ve vod\u011b&#8220; el_class=&#8220;title centered&#8220;][\/lab_heading][\/vc_column_inner][\/vc_row_inner][vc_row_inner][vc_column_inner width=&#8220;1\/4&#8243;][vc_single_image image=&#8220;892&#8243; img_size=&#8220;full&#8220;][\/vc_column_inner][vc_column_inner width=&#8220;3\/4&#8243;][vc_column_text] M\u00e1te ot\u00e1zky ohledn\u011b chl\u00f3ru ve va\u0161\u00ed vodovodn\u00ed s\u00edti? \u0158e\u0161\u00edte chu\u0165 a kvalitu t\u00e9to vody? Nechcete p\u0159itom zanedbat ani v\u00fdskyt bakteri\u00ed? Rozhodujete se, jak budete vodu upravovat? Chcete se postarat co nejl\u00e9pe o\u00a0sebe a o\u00a0sv\u00e9 dom\u00e1c\u00ed mazl\u00ed\u010dky? [\/vc_column_text][vc_column_text]Pro\u010d je vlastn\u011b chl\u00f3r p\u0159id\u00e1v\u00e1n do&hellip;","og_url":"https:\/\/twoeco.sk\/chlor-vo-vode\/","og_site_name":"Two Eco","article_publisher":"https:\/\/www.facebook.com\/Ionimax-1357153714295887\/","article_modified_time":"2017-08-24T06:24:15+00:00","twitter_card":"summary_large_image","twitter_misc":{"Odhadovan\u00e1 doba \u010dten\u00ed":"2 minuty"},"schema":{"@context":"https:\/\/schema.org","@graph":[{"@type":"WebPage","@id":"https:\/\/twoeco.sk\/chlor-vo-vode\/","url":"https:\/\/twoeco.sk\/chlor-vo-vode\/","name":"Chl\u00f3r ve vod\u011b - Two Eco","isPartOf":{"@id":"https:\/\/twoeco.sk\/#website"},"datePublished":"2017-02-16T09:11:58+00:00","dateModified":"2017-08-24T06:24:15+00:00","breadcrumb":{"@id":"https:\/\/twoeco.sk\/chlor-vo-vode\/#breadcrumb"},"inLanguage":"cs","potentialAction":[{"@type":"ReadAction","target":["https:\/\/twoeco.sk\/chlor-vo-vode\/"]}]},{"@type":"BreadcrumbList","@id":"https:\/\/twoeco.sk\/chlor-vo-vode\/#breadcrumb","itemListElement":[{"@type":"ListItem","position":1,"name":"Home","item":"https:\/\/twoeco.sk\/"},{"@type":"ListItem","position":2,"name":"Chl\u00f3r ve vod\u011b"}]},{"@type":"WebSite","@id":"https:\/\/twoeco.sk\/#website","url":"https:\/\/twoeco.sk\/","name":"Two Eco","description":"Viac ako \u010dist\u00e1 voda","publisher":{"@id":"https:\/\/twoeco.sk\/#organization"},"potentialAction":[{"@type":"SearchAction","target":{"@type":"EntryPoint","urlTemplate":"https:\/\/twoeco.sk\/?s={search_term_string}"},"query-input":{"@type":"PropertyValueSpecification","valueRequired":true,"valueName":"search_term_string"}}],"inLanguage":"cs"},{"@type":"Organization","@id":"https:\/\/twoeco.sk\/#organization","name":"Two ECO, s.r.o.","url":"https:\/\/twoeco.sk\/","logo":{"@type":"ImageObject","inLanguage":"cs","@id":"https:\/\/twoeco.sk\/#\/schema\/logo\/image\/","url":"https:\/\/twoeco.sk\/wp-content\/uploads\/2016\/05\/logo-two-eco-farba.png","contentUrl":"https:\/\/twoeco.sk\/wp-content\/uploads\/2016\/05\/logo-two-eco-farba.png","width":318,"height":74,"caption":"Two ECO, s.r.o."},"image":{"@id":"https:\/\/twoeco.sk\/#\/schema\/logo\/image\/"},"sameAs":["https:\/\/www.facebook.com\/Ionimax-1357153714295887\/"]}]}},"_links":{"self":[{"href":"https:\/\/twoeco.sk\/cs\/wp-json\/wp\/v2\/pages\/1586"}],"collection":[{"href":"https:\/\/twoeco.sk\/cs\/wp-json\/wp\/v2\/pages"}],"about":[{"href":"https:\/\/twoeco.sk\/cs\/wp-json\/wp\/v2\/types\/page"}],"author":[{"embeddable":true,"href":"https:\/\/twoeco.sk\/cs\/wp-json\/wp\/v2\/users\/3"}],"replies":[{"embeddable":true,"href":"https:\/\/twoeco.sk\/cs\/wp-json\/wp\/v2\/comments?post=1586"}],"version-history":[{"count":7,"href":"https:\/\/twoeco.sk\/cs\/wp-json\/wp\/v2\/pages\/1586\/revisions"}],"predecessor-version":[{"id":2250,"href":"https:\/\/twoeco.sk\/cs\/wp-json\/wp\/v2\/pages\/1586\/revisions\/2250"}],"wp:attachment":[{"href":"https:\/\/twoeco.sk\/cs\/wp-json\/wp\/v2\/media?parent=1586"}],"curies":[{"name":"wp","href":"https:\/\/api.w.org\/{rel}","templated":true}]}}