{"id":1643,"date":"2017-03-10T09:16:26","date_gmt":"2017-03-10T08:16:26","guid":{"rendered":"https:\/\/twoeco.sk\/zachovane-ziviny-stopove-prvky-a-mineraly\/"},"modified":"2017-05-28T17:56:18","modified_gmt":"2017-05-28T15:56:18","slug":"zachovane-ziviny-stopove-prvky-a-mineraly","status":"publish","type":"page","link":"https:\/\/twoeco.sk\/cs\/zachovane-ziviny-stopove-prvky-a-mineraly\/","title":{"rendered":"Zachovan\u00e9 \u017eiviny, stopov\u00e9 prvky a miner\u00e1ly"},"content":{"rendered":"<div class=\"wpb-content-wrapper\"><p>[vc_row css=&#8220;.vc_custom_1489102263611{padding-top: 50px !important;}&#8220;][vc_column][vc_row_inner][vc_column_inner][lab_heading title=&#8220;Zachovan\u00e9 \u017eiviny, stopov\u00e9 prvky a miner\u00e1ly&#8220; el_class=&#8220;title centered&#8220;]Pijte jen chutnou vodu, kter\u00e1 obsahuje to nejd\u016fle\u017eit\u011bj\u0161\u00ed pro va\u0161e t\u011blo[\/lab_heading][\/vc_column_inner][\/vc_row_inner][vc_row_inner][vc_column_inner width=&#8220;1\/2&#8243;][lab_heading title=&#8220;Zachovan\u00e9 \u017eiviny, stopov\u00e9 prvky a miner\u00e1ly&#8220;][\/lab_heading][vc_column_text]<\/p>\n<ul>\n<li><strong>Zaj\u00edm\u00e1te se o\u00a0kvalitu a slo\u017een\u00ed vody ve va\u0161em vodovodn\u00edm potrub\u00ed?\u00a0<\/strong><\/li>\n<li><strong>Nechcete nevhodn\u011b nebo zbyte\u010dn\u011b filtrovat pitnou vodu?\u00a0<\/strong><\/li>\n<li><strong>\u0158e\u0161\u00edte kvalitn\u00ed hydrataci pro sebe, zv\u00ed\u0159ata i zavla\u017eov\u00e1n\u00ed rostlin?<\/strong><\/li>\n<\/ul>\n<p>Z\u0159ejm\u011b budete souhlasit s\u00a0t\u00edm, \u017ee nikdo z\u00a0n\u00e1s by nem\u011bl p\u00edt destilovanou vodu.<\/p>\n<p><strong>Jak je to v\u0161ak s\u00a0kvalitou vody u n\u00e1s? <\/strong>Je skute\u010dn\u011b tak zne\u010di\u0161t\u011bn\u00e1 a toxick\u00e1, jak se n\u011bkdy \u0159\u00edk\u00e1? V\u00edme, \u017ee \u017eivotn\u00ed prost\u0159ed\u00ed se m\u011bn\u00ed a v\u00a0n\u011bkter\u00fdch zem\u00edch u\u017e m\u016f\u017ee b\u00fdt toxick\u00e9 i sprchov\u00e1n\u00ed vodou z\u00a0vodovodu. Je tedy nezbytn\u00e9 ji filtrovat?\u00a0Pitn\u00e1 voda na Slovensku poch\u00e1z\u00ed p\u0159ev\u00e1\u017en\u011b z\u00a0podzemn\u00edch zdroj\u016f (v\u00edce ne\u017e z 80\u00a0%), m\u00e9n\u011b ne\u017e 20\u00a0% pitn\u00e9 vody poch\u00e1z\u00ed z\u00a0povrchov\u00fdch zdroj\u016f. Jej\u00ed parametry a po\u017eadavky na kvalitu jsou jasn\u011b d\u00e1ny, jsou monitorov\u00e1ny a v\u00fdsledky ve\u0159ejn\u011b prezentov\u00e1ny. K\u00a0nedostatk\u016fm a p\u0159ekra\u010dov\u00e1n\u00ed norem doch\u00e1z\u00ed v\u00a0minim\u00e1ln\u00ed m\u00ed\u0159e. Dalo by se \u0159\u00edci, \u017ee situace se zne\u010di\u0161t\u011bn\u00edm vody u\u00a0n\u00e1s je zat\u00edm p\u0159\u00edzniv\u00e1.<\/p>\n<p>Na n\u00e1rodn\u00ed \u00farovni jsou po\u017eadavky na kvalitu pitn\u00e9 vody definov\u00e1ny z\u00e1konem \u010d.\u00a0355\/2007 Sb. o ochran\u011b, podpo\u0159e a rozvoji ve\u0159ejn\u00e9ho zdrav\u00ed a o\u00a0zm\u011bn\u011b a dopln\u011bn\u00ed n\u011bkter\u00fdch z\u00e1kon\u016f ve zn\u011bn\u00ed pozd\u011bj\u0161\u00edch p\u0159edpis\u016f a na\u0159\u00edzen\u00edm vl\u00e1dy SR \u010d.\u00a0354\/2006 Sb., kter\u00fdm se stanovuj\u00ed po\u017eadavky na vodu ur\u010denou pro lidskou spot\u0159ebu a kontrolu kvality vody ur\u010den\u00e9 pro lidskou spot\u0159ebu ve zn\u011bn\u00ed na\u0159\u00edzen\u00ed vl\u00e1dy SR \u010d.\u00a0496\/2010 Sb. Pokud je tomu pr\u00e1v\u011b ve va\u0161\u00ed oblasti jinak, doporu\u010dujeme ioniz\u00e1tor vody ionimax kombinovat s\u00a0filtrac\u00ed. N\u00e1vod na um\u00edst\u011bn\u00ed filtru a p\u0159\u00edstroje ionimax najdete v\u00a0p\u0159\u00edbalov\u00e9m let\u00e1ku.[\/vc_column_text][lab_heading title=&#8220;Podle obsahu rozpu\u0161t\u011bn\u00fdch miner\u00e1ln\u00edch l\u00e1tek ve vod\u011b se voda d\u011bl\u00ed na:&#8220;][\/lab_heading][vc_column_text]<\/p>\n<ul>\n<li><strong>Destilovanou<\/strong> \u2013 je zbavena miner\u00e1ln\u00edch l\u00e1tek.<\/li>\n<li><strong>M\u011bkkou<\/strong> \u2013 obsahuje mal\u00e9 mno\u017estv\u00ed miner\u00e1ln\u00edch l\u00e1tek.<\/li>\n<li><strong>Tvrdou<\/strong> \u2013 z\u00a0podzemn\u00edch pramen\u016f, obsahuje v\u011bt\u0161\u00ed mno\u017estv\u00ed miner\u00e1ln\u00edch l\u00e1tek.<\/li>\n<\/ul>\n<p>[\/vc_column_text][\/vc_column_inner][vc_column_inner width=&#8220;1\/2&#8243; css=&#8220;.vc_custom_1489133636520{margin-top: 24px !important;}&#8220;][vc_column_text]<strong>Miner\u00e1ln\u00ed l\u00e1tky jsou samoz\u0159ejm\u011b d\u016fle\u017eit\u00e9 pro \u017eivot v\u0161ech organism\u016f. <\/strong>U\u00a0\u010dlov\u011bka se nepod\u00edlej\u00ed jen na stavb\u011b t\u011bla a jeho r\u016fzn\u00fdch tk\u00e1n\u00ed \u2013 pod\u00edlej\u00ed se tak\u00e9 na \u017eivotn\u011b d\u016fle\u017eit\u00fdch metabolick\u00fdch procesech, kter\u00e9 prob\u00edhaj\u00ed v\u00a0organismu. Jsou st\u00e1lou a nezbytnou sou\u010d\u00e1st\u00ed v\u0161ech bun\u011bk a t\u011bln\u00edch tekutin. Jsou slo\u017ekami r\u016fzn\u00fdch enzymov\u00fdch syst\u00e9m\u016f, hormon\u016f, vitam\u00edn\u016f a funk\u010dn\u00edch molekul.<\/p>\n<p><strong>Miner\u00e1ln\u00ed v\u00fd\u017eivou rostlin<\/strong> se rozum\u00ed p\u0159\u00edjem miner\u00e1ln\u00edch (anorganick\u00fdch) l\u00e1tek. Zdrojem miner\u00e1ln\u00ed v\u00fd\u017eivy rostlin je p\u016fda (\u017eivn\u00fd roztok), u vodn\u00edch je to voda. P\u0159ij\u00edmac\u00edm org\u00e1nem je ko\u0159en. Z\u00a0dosud zn\u00e1m\u00fdch prvk\u016f byly v\u00a0rostlin\u00e1ch zji\u0161t\u011bny t\u00e9m\u011b\u0159 v\u0161echny, ne v\u0161echny jsou v\u0161ak pro rostlinu nezbytn\u00e9 a d\u016fle\u017eit\u00e9. \u017divotn\u011b d\u016fle\u017eit\u00e9 prvky naz\u00fdv\u00e1me <strong>biogenn\u00ed prvky<\/strong>. Bez biogenn\u00edch prvk\u016f nem\u016f\u017ee rostlina norm\u00e1ln\u011b \u017e\u00edt a \u017e\u00e1dn\u00fd z\u00a0t\u011bchto prvk\u016f nem\u016f\u017ee b\u00fdt nahrazen jin\u00fdm.[\/vc_column_text][vc_single_image image=&#8220;893&#8243; img_size=&#8220;full&#8220; alignment=&#8220;center&#8220;][\/vc_column_inner][\/vc_row_inner][vc_row_inner][vc_column_inner][lab_heading title=&#8220;Rozporupln\u00e9 po\u017eadavky na vodu v\u00a0dom\u00e1cnosti? Tvrd\u00e1 nebo m\u011bkk\u00e1?&#8220;][\/lab_heading][vc_column_text]<strong>Pro zdrav\u00ed<\/strong> \u010dlov\u011bka je samoz\u0159ejm\u011b d\u016fle\u017eit\u00e9 p\u00edt vodu <strong>s v\u011bt\u0161\u00edm pod\u00edlem miner\u00e1l\u016f, tedy tvrdou. Na pran\u00ed, \u010dist\u011bn\u00ed<\/strong> a podobn\u00e9 \u00fa\u010dely v\u00a0dom\u00e1cnosti po\u017eadujeme <strong>naopak m\u011bk\u010d\u00ed vodu<\/strong>. Jak skloubit tyto dva rozd\u00edln\u00e9 po\u017eadavky?<\/p>\n<p><strong>Ide\u00e1ln\u00edm \u0159e\u0161en\u00edm je pou\u017e\u00edvat ioniz\u00e1tor vody ionimax, kter\u00fd nem\u011bn\u00ed chemick\u00e9 slo\u017een\u00ed vody v\u00a0potrub\u00ed, n\u00fdbr\u017e jej\u00ed fyzik\u00e1ln\u00ed strukturu. Z\u00edsk\u00e1te tedy tvrdou vodu s\u00a0vlastnostmi m\u011bkk\u00e9 vody. <\/strong>Miner\u00e1ly a \u017eiviny jsou v\u00a0n\u00ed zachov\u00e1ny, dokonce ionizov\u00e1ny pro lep\u0161\u00ed vst\u0159eb\u00e1v\u00e1n\u00ed, z\u00e1rove\u0148 v\u0161ak <strong>nemohou tvo\u0159it pevn\u00e9, krystalick\u00e9 vazby na va\u0161em potrub\u00ed, spot\u0159ebi\u010d\u00edch, klimatizaci, pr\u00e1dle a v\u0161ude tam, kde v\u00e1m p\u0159edt\u00edm zp\u016fsobovaly t\u011b\u017ekosti. <\/strong>Z\u00e1rove\u0148 p\u0159\u00edstroj ionimax nijak nep\u0159ek\u00e1\u017e\u00ed ani nenaru\u0161uje estetiku va\u0161eho domova.[\/vc_column_text][\/vc_column_inner][\/vc_row_inner][\/vc_column][\/vc_row]<\/p>\n<\/div>","protected":false},"excerpt":{"rendered":"<p>[vc_row css=&#8220;.vc_custom_1489102263611{padding-top: 50px !important;}&#8220;][vc_column][vc_row_inner][vc_column_inner][lab_heading title=&#8220;Zachovan\u00e9 \u017eiviny, stopov\u00e9 prvky a miner\u00e1ly&#8220; el_class=&#8220;title centered&#8220;]Pijte jen chutnou vodu, kter\u00e1 obsahuje to nejd\u016fle\u017eit\u011bj\u0161\u00ed pro va\u0161e t\u011blo[\/lab_heading][\/vc_column_inner][\/vc_row_inner][vc_row_inner][vc_column_inner width=&#8220;1\/2&#8243;][lab_heading title=&#8220;Zachovan\u00e9 \u017eiviny, stopov\u00e9 prvky a miner\u00e1ly&#8220;][\/lab_heading][vc_column_text] Zaj\u00edm\u00e1te se o\u00a0kvalitu a slo\u017een\u00ed vody ve va\u0161em vodovodn\u00edm potrub\u00ed?\u00a0 Nechcete nevhodn\u011b nebo zbyte\u010dn\u011b filtrovat pitnou vodu?\u00a0 \u0158e\u0161\u00edte kvalitn\u00ed hydrataci pro sebe, zv\u00ed\u0159ata i zavla\u017eov\u00e1n\u00ed rostlin?&hellip;<\/p>\n","protected":false},"author":3,"featured_media":0,"parent":0,"menu_order":0,"comment_status":"closed","ping_status":"closed","template":"","meta":{"_acf_changed":false,"footnotes":""},"class_list":["post-1643","page","type-page","status-publish","hentry"],"acf":[],"yoast_head":"<!-- This site is optimized with the Yoast SEO plugin v23.6 - https:\/\/yoast.com\/wordpress\/plugins\/seo\/ -->\n<title>Zachovan\u00e9 \u017eiviny, stopov\u00e9 prvky a miner\u00e1ly - Two Eco<\/title>\n<meta name=\"robots\" content=\"index, follow, max-snippet:-1, max-image-preview:large, max-video-preview:-1\" \/>\n<link rel=\"canonical\" href=\"https:\/\/twoeco.sk\/zachovane-ziviny-stopove-prvky-a-mineraly\/\" \/>\n<meta property=\"og:locale\" content=\"cs_CZ\" \/>\n<meta property=\"og:type\" content=\"article\" \/>\n<meta property=\"og:title\" content=\"Zachovan\u00e9 \u017eiviny, stopov\u00e9 prvky a miner\u00e1ly - Two Eco\" \/>\n<meta property=\"og:description\" content=\"[vc_row css=&#8220;.vc_custom_1489102263611{padding-top: 50px !important;}&#8220;][vc_column][vc_row_inner][vc_column_inner][lab_heading title=&#8220;Zachovan\u00e9 \u017eiviny, stopov\u00e9 prvky a miner\u00e1ly&#8220; el_class=&#8220;title centered&#8220;]Pijte jen chutnou vodu, kter\u00e1 obsahuje to nejd\u016fle\u017eit\u011bj\u0161\u00ed pro va\u0161e t\u011blo[\/lab_heading][\/vc_column_inner][\/vc_row_inner][vc_row_inner][vc_column_inner width=&#8220;1\/2&#8243;][lab_heading title=&#8220;Zachovan\u00e9 \u017eiviny, stopov\u00e9 prvky a miner\u00e1ly&#8220;][\/lab_heading][vc_column_text] Zaj\u00edm\u00e1te se o\u00a0kvalitu a slo\u017een\u00ed vody ve va\u0161em vodovodn\u00edm potrub\u00ed?\u00a0 Nechcete nevhodn\u011b nebo zbyte\u010dn\u011b filtrovat pitnou vodu?\u00a0 \u0158e\u0161\u00edte kvalitn\u00ed hydrataci pro sebe, zv\u00ed\u0159ata i zavla\u017eov\u00e1n\u00ed rostlin?&hellip;\" \/>\n<meta property=\"og:url\" content=\"https:\/\/twoeco.sk\/zachovane-ziviny-stopove-prvky-a-mineraly\/\" \/>\n<meta property=\"og:site_name\" content=\"Two Eco\" \/>\n<meta property=\"article:publisher\" content=\"https:\/\/www.facebook.com\/Ionimax-1357153714295887\/\" \/>\n<meta property=\"article:modified_time\" content=\"2017-05-28T15:56:18+00:00\" \/>\n<meta name=\"twitter:card\" content=\"summary_large_image\" \/>\n<meta name=\"twitter:label1\" content=\"Odhadovan\u00e1 doba \u010dten\u00ed\" \/>\n\t<meta name=\"twitter:data1\" content=\"4 minuty\" \/>\n<script type=\"application\/ld+json\" class=\"yoast-schema-graph\">{\"@context\":\"https:\/\/schema.org\",\"@graph\":[{\"@type\":\"WebPage\",\"@id\":\"https:\/\/twoeco.sk\/zachovane-ziviny-stopove-prvky-a-mineraly\/\",\"url\":\"https:\/\/twoeco.sk\/zachovane-ziviny-stopove-prvky-a-mineraly\/\",\"name\":\"Zachovan\u00e9 \u017eiviny, stopov\u00e9 prvky a miner\u00e1ly - Two Eco\",\"isPartOf\":{\"@id\":\"https:\/\/twoeco.sk\/#website\"},\"datePublished\":\"2017-03-10T08:16:26+00:00\",\"dateModified\":\"2017-05-28T15:56:18+00:00\",\"breadcrumb\":{\"@id\":\"https:\/\/twoeco.sk\/zachovane-ziviny-stopove-prvky-a-mineraly\/#breadcrumb\"},\"inLanguage\":\"cs\",\"potentialAction\":[{\"@type\":\"ReadAction\",\"target\":[\"https:\/\/twoeco.sk\/zachovane-ziviny-stopove-prvky-a-mineraly\/\"]}]},{\"@type\":\"BreadcrumbList\",\"@id\":\"https:\/\/twoeco.sk\/zachovane-ziviny-stopove-prvky-a-mineraly\/#breadcrumb\",\"itemListElement\":[{\"@type\":\"ListItem\",\"position\":1,\"name\":\"Home\",\"item\":\"https:\/\/twoeco.sk\/\"},{\"@type\":\"ListItem\",\"position\":2,\"name\":\"Zachovan\u00e9 \u017eiviny, stopov\u00e9 prvky a miner\u00e1ly\"}]},{\"@type\":\"WebSite\",\"@id\":\"https:\/\/twoeco.sk\/#website\",\"url\":\"https:\/\/twoeco.sk\/\",\"name\":\"Two Eco\",\"description\":\"Viac ako \u010dist\u00e1 voda\",\"publisher\":{\"@id\":\"https:\/\/twoeco.sk\/#organization\"},\"potentialAction\":[{\"@type\":\"SearchAction\",\"target\":{\"@type\":\"EntryPoint\",\"urlTemplate\":\"https:\/\/twoeco.sk\/?s={search_term_string}\"},\"query-input\":{\"@type\":\"PropertyValueSpecification\",\"valueRequired\":true,\"valueName\":\"search_term_string\"}}],\"inLanguage\":\"cs\"},{\"@type\":\"Organization\",\"@id\":\"https:\/\/twoeco.sk\/#organization\",\"name\":\"Two ECO, s.r.o.\",\"url\":\"https:\/\/twoeco.sk\/\",\"logo\":{\"@type\":\"ImageObject\",\"inLanguage\":\"cs\",\"@id\":\"https:\/\/twoeco.sk\/#\/schema\/logo\/image\/\",\"url\":\"https:\/\/twoeco.sk\/wp-content\/uploads\/2016\/05\/logo-two-eco-farba.png\",\"contentUrl\":\"https:\/\/twoeco.sk\/wp-content\/uploads\/2016\/05\/logo-two-eco-farba.png\",\"width\":318,\"height\":74,\"caption\":\"Two ECO, s.r.o.\"},\"image\":{\"@id\":\"https:\/\/twoeco.sk\/#\/schema\/logo\/image\/\"},\"sameAs\":[\"https:\/\/www.facebook.com\/Ionimax-1357153714295887\/\"]}]}<\/script>\n<!-- \/ Yoast SEO plugin. -->","yoast_head_json":{"title":"Zachovan\u00e9 \u017eiviny, stopov\u00e9 prvky a miner\u00e1ly - Two Eco","robots":{"index":"index","follow":"follow","max-snippet":"max-snippet:-1","max-image-preview":"max-image-preview:large","max-video-preview":"max-video-preview:-1"},"canonical":"https:\/\/twoeco.sk\/zachovane-ziviny-stopove-prvky-a-mineraly\/","og_locale":"cs_CZ","og_type":"article","og_title":"Zachovan\u00e9 \u017eiviny, stopov\u00e9 prvky a miner\u00e1ly - Two Eco","og_description":"[vc_row css=&#8220;.vc_custom_1489102263611{padding-top: 50px !important;}&#8220;][vc_column][vc_row_inner][vc_column_inner][lab_heading title=&#8220;Zachovan\u00e9 \u017eiviny, stopov\u00e9 prvky a miner\u00e1ly&#8220; el_class=&#8220;title centered&#8220;]Pijte jen chutnou vodu, kter\u00e1 obsahuje to nejd\u016fle\u017eit\u011bj\u0161\u00ed pro va\u0161e t\u011blo[\/lab_heading][\/vc_column_inner][\/vc_row_inner][vc_row_inner][vc_column_inner width=&#8220;1\/2&#8243;][lab_heading title=&#8220;Zachovan\u00e9 \u017eiviny, stopov\u00e9 prvky a miner\u00e1ly&#8220;][\/lab_heading][vc_column_text] Zaj\u00edm\u00e1te se o\u00a0kvalitu a slo\u017een\u00ed vody ve va\u0161em vodovodn\u00edm potrub\u00ed?\u00a0 Nechcete nevhodn\u011b nebo zbyte\u010dn\u011b filtrovat pitnou vodu?\u00a0 \u0158e\u0161\u00edte kvalitn\u00ed hydrataci pro sebe, zv\u00ed\u0159ata i zavla\u017eov\u00e1n\u00ed rostlin?&hellip;","og_url":"https:\/\/twoeco.sk\/zachovane-ziviny-stopove-prvky-a-mineraly\/","og_site_name":"Two Eco","article_publisher":"https:\/\/www.facebook.com\/Ionimax-1357153714295887\/","article_modified_time":"2017-05-28T15:56:18+00:00","twitter_card":"summary_large_image","twitter_misc":{"Odhadovan\u00e1 doba \u010dten\u00ed":"4 minuty"},"schema":{"@context":"https:\/\/schema.org","@graph":[{"@type":"WebPage","@id":"https:\/\/twoeco.sk\/zachovane-ziviny-stopove-prvky-a-mineraly\/","url":"https:\/\/twoeco.sk\/zachovane-ziviny-stopove-prvky-a-mineraly\/","name":"Zachovan\u00e9 \u017eiviny, stopov\u00e9 prvky a miner\u00e1ly - Two Eco","isPartOf":{"@id":"https:\/\/twoeco.sk\/#website"},"datePublished":"2017-03-10T08:16:26+00:00","dateModified":"2017-05-28T15:56:18+00:00","breadcrumb":{"@id":"https:\/\/twoeco.sk\/zachovane-ziviny-stopove-prvky-a-mineraly\/#breadcrumb"},"inLanguage":"cs","potentialAction":[{"@type":"ReadAction","target":["https:\/\/twoeco.sk\/zachovane-ziviny-stopove-prvky-a-mineraly\/"]}]},{"@type":"BreadcrumbList","@id":"https:\/\/twoeco.sk\/zachovane-ziviny-stopove-prvky-a-mineraly\/#breadcrumb","itemListElement":[{"@type":"ListItem","position":1,"name":"Home","item":"https:\/\/twoeco.sk\/"},{"@type":"ListItem","position":2,"name":"Zachovan\u00e9 \u017eiviny, stopov\u00e9 prvky a miner\u00e1ly"}]},{"@type":"WebSite","@id":"https:\/\/twoeco.sk\/#website","url":"https:\/\/twoeco.sk\/","name":"Two Eco","description":"Viac ako \u010dist\u00e1 voda","publisher":{"@id":"https:\/\/twoeco.sk\/#organization"},"potentialAction":[{"@type":"SearchAction","target":{"@type":"EntryPoint","urlTemplate":"https:\/\/twoeco.sk\/?s={search_term_string}"},"query-input":{"@type":"PropertyValueSpecification","valueRequired":true,"valueName":"search_term_string"}}],"inLanguage":"cs"},{"@type":"Organization","@id":"https:\/\/twoeco.sk\/#organization","name":"Two ECO, s.r.o.","url":"https:\/\/twoeco.sk\/","logo":{"@type":"ImageObject","inLanguage":"cs","@id":"https:\/\/twoeco.sk\/#\/schema\/logo\/image\/","url":"https:\/\/twoeco.sk\/wp-content\/uploads\/2016\/05\/logo-two-eco-farba.png","contentUrl":"https:\/\/twoeco.sk\/wp-content\/uploads\/2016\/05\/logo-two-eco-farba.png","width":318,"height":74,"caption":"Two ECO, s.r.o."},"image":{"@id":"https:\/\/twoeco.sk\/#\/schema\/logo\/image\/"},"sameAs":["https:\/\/www.facebook.com\/Ionimax-1357153714295887\/"]}]}},"_links":{"self":[{"href":"https:\/\/twoeco.sk\/cs\/wp-json\/wp\/v2\/pages\/1643"}],"collection":[{"href":"https:\/\/twoeco.sk\/cs\/wp-json\/wp\/v2\/pages"}],"about":[{"href":"https:\/\/twoeco.sk\/cs\/wp-json\/wp\/v2\/types\/page"}],"author":[{"embeddable":true,"href":"https:\/\/twoeco.sk\/cs\/wp-json\/wp\/v2\/users\/3"}],"replies":[{"embeddable":true,"href":"https:\/\/twoeco.sk\/cs\/wp-json\/wp\/v2\/comments?post=1643"}],"version-history":[{"count":3,"href":"https:\/\/twoeco.sk\/cs\/wp-json\/wp\/v2\/pages\/1643\/revisions"}],"predecessor-version":[{"id":1652,"href":"https:\/\/twoeco.sk\/cs\/wp-json\/wp\/v2\/pages\/1643\/revisions\/1652"}],"wp:attachment":[{"href":"https:\/\/twoeco.sk\/cs\/wp-json\/wp\/v2\/media?parent=1643"}],"curies":[{"name":"wp","href":"https:\/\/api.w.org\/{rel}","templated":true}]}}