{"id":1654,"date":"2017-03-23T08:52:56","date_gmt":"2017-03-23T07:52:56","guid":{"rendered":"https:\/\/twoeco.sk\/jednoduchsia-udrzba-bez-zbytocnej-chemie\/"},"modified":"2017-05-28T18:05:54","modified_gmt":"2017-05-28T16:05:54","slug":"jednoduchsia-udrzba-bez-zbytocnej-chemie","status":"publish","type":"page","link":"https:\/\/twoeco.sk\/cs\/jednoduchsia-udrzba-bez-zbytocnej-chemie\/","title":{"rendered":"Jednoduch\u0161ia \u00fadr\u017eba bez zbyto\u010dnej ch\u00e9mie"},"content":{"rendered":"<div class=\"wpb-content-wrapper\"><p>[vc_row css=&#8220;.vc_custom_1489102263611{padding-top: 50px !important;}&#8220;][vc_column][vc_row_inner][vc_column_inner][lab_heading title=&#8220;Jednodu\u0161\u0161\u00ed \u00fadr\u017eba bez zbyte\u010dn\u00e9 chemie&#8220; el_class=&#8220;title centered&#8220;]U\u017e \u017e\u00e1dn\u00fd vodn\u00ed k\u00e1men, \u00fasporn\u011bj\u0161\u00ed provoz, m\u00e9n\u011b chemie a m\u00e9n\u011b alergi\u00ed[\/lab_heading][\/vc_column_inner][\/vc_row_inner][vc_row_inner][vc_column_inner][lab_heading title=&#8220;Jednodu\u0161\u0161\u00ed \u00fadr\u017eba bez zbyte\u010dn\u00e9 chemie&#8220;][\/lab_heading][vc_column_text]<\/p>\n<ul>\n<li><strong>Star\u00e1te se o\u00a0sv\u016fj baz\u00e9n, jez\u00edrko \u010di font\u00e1nu?<\/strong><\/li>\n<li><strong>Cht\u011bli byste p\u0159i\u00a0p\u00e9\u010di o n\u011b pou\u017e\u00edvat m\u00e9n\u011b chemie?<\/strong><\/li>\n<li><strong>Tr\u00e1p\u00ed v\u00e1s vodn\u00ed k\u00e1men v\u00a0potrub\u00ed, na schodech, p\u0159i vypou\u0161t\u011bn\u00ed \u010di na dn\u011b baz\u00e9nu?<\/strong><\/li>\n<li style=\"list-style-type: none;\"><\/li>\n<\/ul>\n<p style=\"display: inline !important;\">P\u0159\u00edjemn\u011b str\u00e1ven\u00e9 chv\u00edle u\u00a0dom\u00e1c\u00edho baz\u00e9nu \u010di jez\u00edrka jsou t\u00e9m\u011b\u0159 nenahraditeln\u00e9. Kdo by je nem\u011bl r\u00e1d? P\u00e9\u010de o\u00a0tato dom\u00e1c\u00ed za\u0159\u00edzen\u00ed v\u0161ak majitele stoj\u00ed hodn\u011b \u00fasil\u00ed a n\u00e1mahy.<\/p>\n<p>Odstra\u0148ov\u00e1n\u00ed ne\u010distot na hladin\u011b ale i tvo\u0159\u00edc\u00ed se vodn\u00ed k\u00e1men, padaj\u00edc\u00ed prach a hmyz, kter\u00e9 n\u00e1sledn\u011b spolu podporuj\u00ed tvorbu \u0159as a z\u00e1kal\u016f, nemaj\u00ed majitel\u00e9 baz\u00e9n\u016f r\u00e1di.<\/p>\n<p>Va\u0161\u00edm pomocn\u00edkem a v\u00fdbornou prevenc\u00ed bude p\u0159\u00edstroj ionimax, kter\u00fd jednodu\u0161e nech\u00e1te namontovat na p\u0159\u00edvodn\u00ed potrub\u00ed, a t\u00edm zastav\u00edte tvorbu vodn\u00edho kamene v\u00a0cel\u00e9 rozvodn\u00e9 s\u00edti a dokonce v\u00a0n\u00ed postupn\u011b odbour\u00e1te tak\u00e9 star\u00e9 n\u00e1nosy.<\/p>\n<p>Voda upraven\u00e1 p\u0159\u00edstrojem ionimax, tedy ionizovan\u00e1 voda, nedovol\u00ed v\u00e1pn\u00edku a ostatn\u00edm miner\u00e1l\u016fm vytv\u00e1\u0159et pevn\u00e9 krystalick\u00e9 vazby, neumo\u017en\u00ed jim usazovat se, jsou lehce odstraniteln\u00e9, \u010dasto dokonce bez pou\u017eit\u00ed chemie. Sta\u010d\u00ed oby\u010dejn\u00e1 ut\u011brka. Sn\u00ed\u017e\u00edte tak\u00e9 mo\u017enost mno\u017een\u00ed ne\u017e\u00e1douc\u00edch bakteri\u00ed v\u00a0t\u011bchto vrstv\u00e1ch v\u00a0potrub\u00ed. P\u0159\u00edstroj ionimax sni\u017euje jejich v\u00fdskyt nap\u0159\u00edklad v\u00a0tepl\u00e9 vod\u011b a\u017e v\u00edce ne\u017e desetin\u00e1sobn\u011b. P\u0159\u00edstroj ionimax a ionizovan\u00e1 voda ovliv\u0148uje tak\u00e9 uvol\u0148ov\u00e1n\u00ed chl\u00f3ru, jeho t\u011bkavost je vy\u0161\u0161\u00ed.<\/p>\n<p>M\u016f\u017eete prodlou\u017eit \u017eivotnost va\u0161ich za\u0159\u00edzen\u00ed, doc\u00edlit m\u00e9n\u011b n\u00e1ro\u010dn\u00e9 \u00fadr\u017eby a p\u00e9\u010de a vyhnout se n\u011bkter\u00fdm chemick\u00fdm l\u00e1tk\u00e1m, zm\u011bk\u010dovadl\u016fm a zbyte\u010dn\u00fdm alergi\u00edm na n\u011b.\u00a0P\u0159\u00edstroj <strong>Ionimax je ide\u00e1ln\u00edm dopl\u0148kem pro ka\u017ed\u00fd instalovan\u00fd baz\u00e9n,<\/strong> zjednodu\u0161\u00ed a zefektivn\u00ed jeho provoz.\u00a0P\u0159\u00edstroj nep\u0159ek\u00e1\u017e\u00ed ani nenaru\u0161uje design va\u0161eho domova.[\/vc_column_text][\/vc_column_inner][\/vc_row_inner][\/vc_column][\/vc_row]<\/p>\n<\/div>","protected":false},"excerpt":{"rendered":"<p>[vc_row css=&#8220;.vc_custom_1489102263611{padding-top: 50px !important;}&#8220;][vc_column][vc_row_inner][vc_column_inner][lab_heading title=&#8220;Jednodu\u0161\u0161\u00ed \u00fadr\u017eba bez zbyte\u010dn\u00e9 chemie&#8220; el_class=&#8220;title centered&#8220;]U\u017e \u017e\u00e1dn\u00fd vodn\u00ed k\u00e1men, \u00fasporn\u011bj\u0161\u00ed provoz, m\u00e9n\u011b chemie a m\u00e9n\u011b alergi\u00ed[\/lab_heading][\/vc_column_inner][\/vc_row_inner][vc_row_inner][vc_column_inner][lab_heading title=&#8220;Jednodu\u0161\u0161\u00ed \u00fadr\u017eba bez zbyte\u010dn\u00e9 chemie&#8220;][\/lab_heading][vc_column_text] Star\u00e1te se o\u00a0sv\u016fj baz\u00e9n, jez\u00edrko \u010di font\u00e1nu? Cht\u011bli byste p\u0159i\u00a0p\u00e9\u010di o n\u011b pou\u017e\u00edvat m\u00e9n\u011b chemie? Tr\u00e1p\u00ed v\u00e1s vodn\u00ed k\u00e1men v\u00a0potrub\u00ed, na schodech, p\u0159i vypou\u0161t\u011bn\u00ed \u010di na dn\u011b baz\u00e9nu? P\u0159\u00edjemn\u011b&hellip;<\/p>\n","protected":false},"author":3,"featured_media":0,"parent":0,"menu_order":0,"comment_status":"closed","ping_status":"closed","template":"","meta":{"_acf_changed":false,"footnotes":""},"class_list":["post-1654","page","type-page","status-publish","hentry"],"acf":[],"yoast_head":"<!-- This site is optimized with the Yoast SEO plugin v23.6 - https:\/\/yoast.com\/wordpress\/plugins\/seo\/ -->\n<title>Jednoduch\u0161ia \u00fadr\u017eba bez zbyto\u010dnej ch\u00e9mie - Two Eco<\/title>\n<meta name=\"robots\" content=\"index, follow, max-snippet:-1, max-image-preview:large, max-video-preview:-1\" \/>\n<link rel=\"canonical\" href=\"https:\/\/twoeco.sk\/jednoduchsia-udrzba-bez-zbytocnej-chemie\/\" \/>\n<meta property=\"og:locale\" content=\"cs_CZ\" \/>\n<meta property=\"og:type\" content=\"article\" \/>\n<meta property=\"og:title\" content=\"Jednoduch\u0161ia \u00fadr\u017eba bez zbyto\u010dnej ch\u00e9mie - Two Eco\" \/>\n<meta property=\"og:description\" content=\"[vc_row css=&#8220;.vc_custom_1489102263611{padding-top: 50px !important;}&#8220;][vc_column][vc_row_inner][vc_column_inner][lab_heading title=&#8220;Jednodu\u0161\u0161\u00ed \u00fadr\u017eba bez zbyte\u010dn\u00e9 chemie&#8220; el_class=&#8220;title centered&#8220;]U\u017e \u017e\u00e1dn\u00fd vodn\u00ed k\u00e1men, \u00fasporn\u011bj\u0161\u00ed provoz, m\u00e9n\u011b chemie a m\u00e9n\u011b alergi\u00ed[\/lab_heading][\/vc_column_inner][\/vc_row_inner][vc_row_inner][vc_column_inner][lab_heading title=&#8220;Jednodu\u0161\u0161\u00ed \u00fadr\u017eba bez zbyte\u010dn\u00e9 chemie&#8220;][\/lab_heading][vc_column_text] Star\u00e1te se o\u00a0sv\u016fj baz\u00e9n, jez\u00edrko \u010di font\u00e1nu? Cht\u011bli byste p\u0159i\u00a0p\u00e9\u010di o n\u011b pou\u017e\u00edvat m\u00e9n\u011b chemie? Tr\u00e1p\u00ed v\u00e1s vodn\u00ed k\u00e1men v\u00a0potrub\u00ed, na schodech, p\u0159i vypou\u0161t\u011bn\u00ed \u010di na dn\u011b baz\u00e9nu? P\u0159\u00edjemn\u011b&hellip;\" \/>\n<meta property=\"og:url\" content=\"https:\/\/twoeco.sk\/jednoduchsia-udrzba-bez-zbytocnej-chemie\/\" \/>\n<meta property=\"og:site_name\" content=\"Two Eco\" \/>\n<meta property=\"article:publisher\" content=\"https:\/\/www.facebook.com\/Ionimax-1357153714295887\/\" \/>\n<meta property=\"article:modified_time\" content=\"2017-05-28T16:05:54+00:00\" \/>\n<meta name=\"twitter:card\" content=\"summary_large_image\" \/>\n<meta name=\"twitter:label1\" content=\"Odhadovan\u00e1 doba \u010dten\u00ed\" \/>\n\t<meta name=\"twitter:data1\" content=\"2 minuty\" \/>\n<script type=\"application\/ld+json\" class=\"yoast-schema-graph\">{\"@context\":\"https:\/\/schema.org\",\"@graph\":[{\"@type\":\"WebPage\",\"@id\":\"https:\/\/twoeco.sk\/jednoduchsia-udrzba-bez-zbytocnej-chemie\/\",\"url\":\"https:\/\/twoeco.sk\/jednoduchsia-udrzba-bez-zbytocnej-chemie\/\",\"name\":\"Jednoduch\u0161ia \u00fadr\u017eba bez zbyto\u010dnej ch\u00e9mie - Two Eco\",\"isPartOf\":{\"@id\":\"https:\/\/twoeco.sk\/#website\"},\"datePublished\":\"2017-03-23T07:52:56+00:00\",\"dateModified\":\"2017-05-28T16:05:54+00:00\",\"breadcrumb\":{\"@id\":\"https:\/\/twoeco.sk\/jednoduchsia-udrzba-bez-zbytocnej-chemie\/#breadcrumb\"},\"inLanguage\":\"cs\",\"potentialAction\":[{\"@type\":\"ReadAction\",\"target\":[\"https:\/\/twoeco.sk\/jednoduchsia-udrzba-bez-zbytocnej-chemie\/\"]}]},{\"@type\":\"BreadcrumbList\",\"@id\":\"https:\/\/twoeco.sk\/jednoduchsia-udrzba-bez-zbytocnej-chemie\/#breadcrumb\",\"itemListElement\":[{\"@type\":\"ListItem\",\"position\":1,\"name\":\"Home\",\"item\":\"https:\/\/twoeco.sk\/\"},{\"@type\":\"ListItem\",\"position\":2,\"name\":\"Jednoduch\u0161ia \u00fadr\u017eba bez zbyto\u010dnej ch\u00e9mie\"}]},{\"@type\":\"WebSite\",\"@id\":\"https:\/\/twoeco.sk\/#website\",\"url\":\"https:\/\/twoeco.sk\/\",\"name\":\"Two Eco\",\"description\":\"Viac ako \u010dist\u00e1 voda\",\"publisher\":{\"@id\":\"https:\/\/twoeco.sk\/#organization\"},\"potentialAction\":[{\"@type\":\"SearchAction\",\"target\":{\"@type\":\"EntryPoint\",\"urlTemplate\":\"https:\/\/twoeco.sk\/?s={search_term_string}\"},\"query-input\":{\"@type\":\"PropertyValueSpecification\",\"valueRequired\":true,\"valueName\":\"search_term_string\"}}],\"inLanguage\":\"cs\"},{\"@type\":\"Organization\",\"@id\":\"https:\/\/twoeco.sk\/#organization\",\"name\":\"Two ECO, s.r.o.\",\"url\":\"https:\/\/twoeco.sk\/\",\"logo\":{\"@type\":\"ImageObject\",\"inLanguage\":\"cs\",\"@id\":\"https:\/\/twoeco.sk\/#\/schema\/logo\/image\/\",\"url\":\"https:\/\/twoeco.sk\/wp-content\/uploads\/2016\/05\/logo-two-eco-farba.png\",\"contentUrl\":\"https:\/\/twoeco.sk\/wp-content\/uploads\/2016\/05\/logo-two-eco-farba.png\",\"width\":318,\"height\":74,\"caption\":\"Two ECO, s.r.o.\"},\"image\":{\"@id\":\"https:\/\/twoeco.sk\/#\/schema\/logo\/image\/\"},\"sameAs\":[\"https:\/\/www.facebook.com\/Ionimax-1357153714295887\/\"]}]}<\/script>\n<!-- \/ Yoast SEO plugin. -->","yoast_head_json":{"title":"Jednoduch\u0161ia \u00fadr\u017eba bez zbyto\u010dnej ch\u00e9mie - Two Eco","robots":{"index":"index","follow":"follow","max-snippet":"max-snippet:-1","max-image-preview":"max-image-preview:large","max-video-preview":"max-video-preview:-1"},"canonical":"https:\/\/twoeco.sk\/jednoduchsia-udrzba-bez-zbytocnej-chemie\/","og_locale":"cs_CZ","og_type":"article","og_title":"Jednoduch\u0161ia \u00fadr\u017eba bez zbyto\u010dnej ch\u00e9mie - Two Eco","og_description":"[vc_row css=&#8220;.vc_custom_1489102263611{padding-top: 50px !important;}&#8220;][vc_column][vc_row_inner][vc_column_inner][lab_heading title=&#8220;Jednodu\u0161\u0161\u00ed \u00fadr\u017eba bez zbyte\u010dn\u00e9 chemie&#8220; el_class=&#8220;title centered&#8220;]U\u017e \u017e\u00e1dn\u00fd vodn\u00ed k\u00e1men, \u00fasporn\u011bj\u0161\u00ed provoz, m\u00e9n\u011b chemie a m\u00e9n\u011b alergi\u00ed[\/lab_heading][\/vc_column_inner][\/vc_row_inner][vc_row_inner][vc_column_inner][lab_heading title=&#8220;Jednodu\u0161\u0161\u00ed \u00fadr\u017eba bez zbyte\u010dn\u00e9 chemie&#8220;][\/lab_heading][vc_column_text] Star\u00e1te se o\u00a0sv\u016fj baz\u00e9n, jez\u00edrko \u010di font\u00e1nu? Cht\u011bli byste p\u0159i\u00a0p\u00e9\u010di o n\u011b pou\u017e\u00edvat m\u00e9n\u011b chemie? Tr\u00e1p\u00ed v\u00e1s vodn\u00ed k\u00e1men v\u00a0potrub\u00ed, na schodech, p\u0159i vypou\u0161t\u011bn\u00ed \u010di na dn\u011b baz\u00e9nu? P\u0159\u00edjemn\u011b&hellip;","og_url":"https:\/\/twoeco.sk\/jednoduchsia-udrzba-bez-zbytocnej-chemie\/","og_site_name":"Two Eco","article_publisher":"https:\/\/www.facebook.com\/Ionimax-1357153714295887\/","article_modified_time":"2017-05-28T16:05:54+00:00","twitter_card":"summary_large_image","twitter_misc":{"Odhadovan\u00e1 doba \u010dten\u00ed":"2 minuty"},"schema":{"@context":"https:\/\/schema.org","@graph":[{"@type":"WebPage","@id":"https:\/\/twoeco.sk\/jednoduchsia-udrzba-bez-zbytocnej-chemie\/","url":"https:\/\/twoeco.sk\/jednoduchsia-udrzba-bez-zbytocnej-chemie\/","name":"Jednoduch\u0161ia \u00fadr\u017eba bez zbyto\u010dnej ch\u00e9mie - Two Eco","isPartOf":{"@id":"https:\/\/twoeco.sk\/#website"},"datePublished":"2017-03-23T07:52:56+00:00","dateModified":"2017-05-28T16:05:54+00:00","breadcrumb":{"@id":"https:\/\/twoeco.sk\/jednoduchsia-udrzba-bez-zbytocnej-chemie\/#breadcrumb"},"inLanguage":"cs","potentialAction":[{"@type":"ReadAction","target":["https:\/\/twoeco.sk\/jednoduchsia-udrzba-bez-zbytocnej-chemie\/"]}]},{"@type":"BreadcrumbList","@id":"https:\/\/twoeco.sk\/jednoduchsia-udrzba-bez-zbytocnej-chemie\/#breadcrumb","itemListElement":[{"@type":"ListItem","position":1,"name":"Home","item":"https:\/\/twoeco.sk\/"},{"@type":"ListItem","position":2,"name":"Jednoduch\u0161ia \u00fadr\u017eba bez zbyto\u010dnej ch\u00e9mie"}]},{"@type":"WebSite","@id":"https:\/\/twoeco.sk\/#website","url":"https:\/\/twoeco.sk\/","name":"Two Eco","description":"Viac ako \u010dist\u00e1 voda","publisher":{"@id":"https:\/\/twoeco.sk\/#organization"},"potentialAction":[{"@type":"SearchAction","target":{"@type":"EntryPoint","urlTemplate":"https:\/\/twoeco.sk\/?s={search_term_string}"},"query-input":{"@type":"PropertyValueSpecification","valueRequired":true,"valueName":"search_term_string"}}],"inLanguage":"cs"},{"@type":"Organization","@id":"https:\/\/twoeco.sk\/#organization","name":"Two ECO, s.r.o.","url":"https:\/\/twoeco.sk\/","logo":{"@type":"ImageObject","inLanguage":"cs","@id":"https:\/\/twoeco.sk\/#\/schema\/logo\/image\/","url":"https:\/\/twoeco.sk\/wp-content\/uploads\/2016\/05\/logo-two-eco-farba.png","contentUrl":"https:\/\/twoeco.sk\/wp-content\/uploads\/2016\/05\/logo-two-eco-farba.png","width":318,"height":74,"caption":"Two ECO, s.r.o."},"image":{"@id":"https:\/\/twoeco.sk\/#\/schema\/logo\/image\/"},"sameAs":["https:\/\/www.facebook.com\/Ionimax-1357153714295887\/"]}]}},"_links":{"self":[{"href":"https:\/\/twoeco.sk\/cs\/wp-json\/wp\/v2\/pages\/1654"}],"collection":[{"href":"https:\/\/twoeco.sk\/cs\/wp-json\/wp\/v2\/pages"}],"about":[{"href":"https:\/\/twoeco.sk\/cs\/wp-json\/wp\/v2\/types\/page"}],"author":[{"embeddable":true,"href":"https:\/\/twoeco.sk\/cs\/wp-json\/wp\/v2\/users\/3"}],"replies":[{"embeddable":true,"href":"https:\/\/twoeco.sk\/cs\/wp-json\/wp\/v2\/comments?post=1654"}],"version-history":[{"count":3,"href":"https:\/\/twoeco.sk\/cs\/wp-json\/wp\/v2\/pages\/1654\/revisions"}],"predecessor-version":[{"id":1663,"href":"https:\/\/twoeco.sk\/cs\/wp-json\/wp\/v2\/pages\/1654\/revisions\/1663"}],"wp:attachment":[{"href":"https:\/\/twoeco.sk\/cs\/wp-json\/wp\/v2\/media?parent=1654"}],"curies":[{"name":"wp","href":"https:\/\/api.w.org\/{rel}","templated":true}]}}