{"id":1680,"date":"2017-03-29T10:19:23","date_gmt":"2017-03-29T08:19:23","guid":{"rendered":"https:\/\/twoeco.sk\/riesenie-na-problem-s-tvrdou-vodou\/"},"modified":"2017-05-28T18:31:21","modified_gmt":"2017-05-28T16:31:21","slug":"riesenie-na-problem-s-tvrdou-vodou","status":"publish","type":"page","link":"https:\/\/twoeco.sk\/cs\/riesenie-na-problem-s-tvrdou-vodou\/","title":{"rendered":"Rie\u0161enie na probl\u00e9m s\u00a0tvrdou vodou a\u00a0vodn\u00fdm kame\u0148om"},"content":{"rendered":"<div class=\"wpb-content-wrapper\"><p>[vc_row][vc_column][lab_heading title=&#8220;\u0158e\u0161en\u00ed probl\u00e9mu s\u00a0tvrdou vodou a vodn\u00edm kamenem&#8220; el_class=&#8220;title &#8220; css=&#8220;.vc_custom_1495989075325{padding-top: 50px !important;}&#8220;]Vyu\u017e\u00edvejte vlastnosti m\u011bkk\u00e9 vody \u2013 u\u017e \u017e\u00e1dn\u00e9 nov\u00e9 n\u00e1nosy a nav\u00edc rozpou\u0161t\u011bn\u00ed t\u011bch star\u00fdch[\/lab_heading][vc_column_text css=&#8220;.vc_custom_1495989054704{padding-top: 10px !important;}&#8220;]<strong>D\u011bl\u00e1 v\u00e1m starosti tvrd\u00e1 voda?<\/strong><\/p>\n<p><strong>\u0158e\u0161\u00edte komplikace s\u00a0vodn\u00edm kamenem?<\/strong><\/p>\n<p><strong>Hled\u00e1te zp\u016fsob, jak ochr\u00e1nit sv\u00e9 rozvodn\u00e9 s\u00edt\u011b a\u00a0za\u0159\u00edzen\u00ed?<\/strong>[\/vc_column_text][vc_separator style=&#8220;dotted&#8220; border_width=&#8220;2&#8243;][vc_row_inner][vc_column_inner][vc_column_text]Vodn\u00ed k\u00e1men, kter\u00fd p\u0159edstavuje nej\u010dast\u011bj\u0161\u00ed a pravd\u011bpodobn\u011b tak\u00e9 nejv\u011bt\u0161\u00ed probl\u00e9m pro topn\u00e9 syst\u00e9my a v\u00fdh\u0159evn\u00e1 t\u011blesa, p\u016fsob\u00ed jako izolant. Z\u00a0praxe v\u00edme, \u017ee v\u00a0tepl\u00e9 vod\u011b prob\u00edh\u00e1 krystalizace rychleji ne\u017e ve studen\u00e9. D\u016fle\u017eitou informac\u00ed je, \u017ee tato krystalizace se p\u0159i teplot\u011b nad 57\u00a0\uf0b0C rapidn\u011b zv\u011bt\u0161uje. P\u0159i usazenin\u011b o tlou\u0161\u0165ce 3\u00a0mm je t\u0159eba o\u00a020\u00a0% v\u00edce energie k dosa\u017een\u00ed po\u017eadovan\u00e9 teploty. P\u0159i 6mm n\u00e1nosu jde o n\u00e1r\u016fst energie o\u00a030\u201335\u00a0%. Tyto \u00fadaje nejsou zcela p\u0159esn\u00e9, proto\u017ee na v\u00fdsledek m\u00e1 zna\u010dn\u00fd vliv prost\u0159ed\u00ed, kter\u00e9 se m\u016f\u017ee velmi li\u0161it.<\/p>\n<p>Nesporn\u00fdm kladem fyzik\u00e1ln\u00ed \u00fapravy vody je tak\u00e9 jej\u00ed \u010distic\u00ed schopnost \u2013 rozpou\u0161t\u00ed a vyplavuje ji\u017e vznikl\u00e9 star\u00e9 n\u00e1nosy, \u010d\u00edm\u017e odstra\u0148uje odst\u00e1vky pot\u0159ebn\u00e9 k \u010dist\u011bn\u00ed, chr\u00e1n\u00ed a prodlu\u017euje \u017eivotnost potrub\u00ed, v\u00fdh\u0159evn\u00fdch t\u011bles a v\u0161ech souvisej\u00edc\u00edch p\u0159\u00edstroj\u016f a za\u0159\u00edzen\u00ed.<\/p>\n<p>Podstatou fyzik\u00e1ln\u00ed \u00fapravy vody je \u201ep\u0159enos\u201c nebo \u201eulo\u017een\u00ed\u201c voln\u00e9ho elektrick\u00e9ho n\u00e1boje na jednotliv\u00e9 molekuly vody, kter\u00e9 se v\u00a0d\u016fsledku toho polarizuj\u00ed (jednotn\u011b orientuj\u00ed). Tento efekt m\u00e1 za n\u00e1sledek zm\u011bnu tvaru rozpustn\u00fdch pevn\u00fdch l\u00e1tek ve vod\u011b, kter\u00e9 ji\u017e tak snadno netvo\u0159\u00ed krystalickou m\u0159\u00ed\u017eku, proto\u017ee maj\u00ed r\u016fzn\u00fd tvar a velikost a nevznik\u00e1 tak tvrd\u00fd vodn\u00ed k\u00e1men. M\u011bn\u00ed se z\u00a0krychlov\u00e9 struktury na hexagon\u00e1ln\u00ed. Pokud dojde ke sr\u00e1\u017een\u00ed, vznikne jen m\u011bkk\u00fd kal. Fyzik\u00e1ln\u00ed \u00faprava br\u00e1n\u00ed tvorb\u011b nov\u00fdch usazenin vodn\u00edho kamene a tak\u00e9 velmi \u00fa\u010dinn\u011b odstra\u0148uje st\u00e1vaj\u00edc\u00ed vrstvy a zamezuje korozi vnit\u0159n\u00edho povrchu potrub\u00ed. Vytv\u00e1\u0159\u00ed se na nich ochrann\u00e1 vrstva magnetitu (Fe<sub>3<\/sub>O<sub>4<\/sub>).<\/p>\n<p>P\u0159\u00edstroj ionimax lze instalovat v\u00a0uzav\u0159en\u00fdch i otev\u0159en\u00fdch dynamick\u00fdch syst\u00e9mech. Lze ho efektivn\u011b vyu\u017e\u00edt v\u0161ude od mal\u00fdch byt\u016f, p\u0159es rodinn\u00e9 domy a\u017e po velk\u00e9 provozy a pr\u016fmyslov\u00e1 za\u0159\u00edzen\u00ed, kde je p\u0159edpoklad tvorby vodn\u00edho kamene. P\u0159\u00edstroj ionimax nem\u011bn\u00ed chemick\u00e9 slo\u017een\u00ed vody.[\/vc_column_text][\/vc_column_inner][\/vc_row_inner][\/vc_column][\/vc_row]<\/p>\n<\/div>","protected":false},"excerpt":{"rendered":"<p>[vc_row][vc_column][lab_heading title=&#8220;\u0158e\u0161en\u00ed probl\u00e9mu s\u00a0tvrdou vodou a vodn\u00edm kamenem&#8220; el_class=&#8220;title &#8220; css=&#8220;.vc_custom_1495989075325{padding-top: 50px !important;}&#8220;]Vyu\u017e\u00edvejte vlastnosti m\u011bkk\u00e9 vody \u2013 u\u017e \u017e\u00e1dn\u00e9 nov\u00e9 n\u00e1nosy a nav\u00edc rozpou\u0161t\u011bn\u00ed t\u011bch star\u00fdch[\/lab_heading][vc_column_text css=&#8220;.vc_custom_1495989054704{padding-top: 10px !important;}&#8220;]D\u011bl\u00e1 v\u00e1m starosti tvrd\u00e1 voda? \u0158e\u0161\u00edte komplikace s\u00a0vodn\u00edm kamenem? Hled\u00e1te zp\u016fsob, jak ochr\u00e1nit sv\u00e9 rozvodn\u00e9 s\u00edt\u011b a\u00a0za\u0159\u00edzen\u00ed?[\/vc_column_text][vc_separator style=&#8220;dotted&#8220; border_width=&#8220;2&#8243;][vc_row_inner][vc_column_inner][vc_column_text]Vodn\u00ed k\u00e1men, kter\u00fd p\u0159edstavuje nej\u010dast\u011bj\u0161\u00ed a pravd\u011bpodobn\u011b tak\u00e9 nejv\u011bt\u0161\u00ed&hellip;<\/p>\n","protected":false},"author":3,"featured_media":0,"parent":0,"menu_order":0,"comment_status":"closed","ping_status":"closed","template":"","meta":{"_acf_changed":false,"footnotes":""},"class_list":["post-1680","page","type-page","status-publish","hentry"],"acf":[],"yoast_head":"<!-- This site is optimized with the Yoast SEO plugin v23.6 - https:\/\/yoast.com\/wordpress\/plugins\/seo\/ -->\n<title>Rie\u0161enie na probl\u00e9m s\u00a0tvrdou vodou a\u00a0vodn\u00fdm kame\u0148om - Two Eco<\/title>\n<meta name=\"robots\" content=\"index, follow, max-snippet:-1, max-image-preview:large, max-video-preview:-1\" \/>\n<link rel=\"canonical\" href=\"https:\/\/twoeco.sk\/riesenie-na-problem-s-tvrdou-vodou\/\" \/>\n<meta property=\"og:locale\" content=\"cs_CZ\" \/>\n<meta property=\"og:type\" content=\"article\" \/>\n<meta property=\"og:title\" content=\"Rie\u0161enie na probl\u00e9m s\u00a0tvrdou vodou a\u00a0vodn\u00fdm kame\u0148om - Two Eco\" \/>\n<meta property=\"og:description\" content=\"[vc_row][vc_column][lab_heading title=&#8220;\u0158e\u0161en\u00ed probl\u00e9mu s\u00a0tvrdou vodou a vodn\u00edm kamenem&#8220; el_class=&#8220;title &#8220; css=&#8220;.vc_custom_1495989075325{padding-top: 50px !important;}&#8220;]Vyu\u017e\u00edvejte vlastnosti m\u011bkk\u00e9 vody \u2013 u\u017e \u017e\u00e1dn\u00e9 nov\u00e9 n\u00e1nosy a nav\u00edc rozpou\u0161t\u011bn\u00ed t\u011bch star\u00fdch[\/lab_heading][vc_column_text css=&#8220;.vc_custom_1495989054704{padding-top: 10px !important;}&#8220;]D\u011bl\u00e1 v\u00e1m starosti tvrd\u00e1 voda? \u0158e\u0161\u00edte komplikace s\u00a0vodn\u00edm kamenem? Hled\u00e1te zp\u016fsob, jak ochr\u00e1nit sv\u00e9 rozvodn\u00e9 s\u00edt\u011b a\u00a0za\u0159\u00edzen\u00ed?[\/vc_column_text][vc_separator style=&#8220;dotted&#8220; border_width=&#8220;2&#8243;][vc_row_inner][vc_column_inner][vc_column_text]Vodn\u00ed k\u00e1men, kter\u00fd p\u0159edstavuje nej\u010dast\u011bj\u0161\u00ed a pravd\u011bpodobn\u011b tak\u00e9 nejv\u011bt\u0161\u00ed&hellip;\" \/>\n<meta property=\"og:url\" content=\"https:\/\/twoeco.sk\/riesenie-na-problem-s-tvrdou-vodou\/\" \/>\n<meta property=\"og:site_name\" content=\"Two Eco\" \/>\n<meta property=\"article:publisher\" content=\"https:\/\/www.facebook.com\/Ionimax-1357153714295887\/\" \/>\n<meta property=\"article:modified_time\" content=\"2017-05-28T16:31:21+00:00\" \/>\n<meta name=\"twitter:card\" content=\"summary_large_image\" \/>\n<meta name=\"twitter:label1\" content=\"Odhadovan\u00e1 doba \u010dten\u00ed\" \/>\n\t<meta name=\"twitter:data1\" content=\"2 minuty\" \/>\n<script type=\"application\/ld+json\" class=\"yoast-schema-graph\">{\"@context\":\"https:\/\/schema.org\",\"@graph\":[{\"@type\":\"WebPage\",\"@id\":\"https:\/\/twoeco.sk\/riesenie-na-problem-s-tvrdou-vodou\/\",\"url\":\"https:\/\/twoeco.sk\/riesenie-na-problem-s-tvrdou-vodou\/\",\"name\":\"Rie\u0161enie na probl\u00e9m s\u00a0tvrdou vodou a\u00a0vodn\u00fdm kame\u0148om - Two Eco\",\"isPartOf\":{\"@id\":\"https:\/\/twoeco.sk\/#website\"},\"datePublished\":\"2017-03-29T08:19:23+00:00\",\"dateModified\":\"2017-05-28T16:31:21+00:00\",\"breadcrumb\":{\"@id\":\"https:\/\/twoeco.sk\/riesenie-na-problem-s-tvrdou-vodou\/#breadcrumb\"},\"inLanguage\":\"cs\",\"potentialAction\":[{\"@type\":\"ReadAction\",\"target\":[\"https:\/\/twoeco.sk\/riesenie-na-problem-s-tvrdou-vodou\/\"]}]},{\"@type\":\"BreadcrumbList\",\"@id\":\"https:\/\/twoeco.sk\/riesenie-na-problem-s-tvrdou-vodou\/#breadcrumb\",\"itemListElement\":[{\"@type\":\"ListItem\",\"position\":1,\"name\":\"Home\",\"item\":\"https:\/\/twoeco.sk\/\"},{\"@type\":\"ListItem\",\"position\":2,\"name\":\"Rie\u0161enie na probl\u00e9m s\u00a0tvrdou vodou a\u00a0vodn\u00fdm kame\u0148om\"}]},{\"@type\":\"WebSite\",\"@id\":\"https:\/\/twoeco.sk\/#website\",\"url\":\"https:\/\/twoeco.sk\/\",\"name\":\"Two Eco\",\"description\":\"Viac ako \u010dist\u00e1 voda\",\"publisher\":{\"@id\":\"https:\/\/twoeco.sk\/#organization\"},\"potentialAction\":[{\"@type\":\"SearchAction\",\"target\":{\"@type\":\"EntryPoint\",\"urlTemplate\":\"https:\/\/twoeco.sk\/?s={search_term_string}\"},\"query-input\":{\"@type\":\"PropertyValueSpecification\",\"valueRequired\":true,\"valueName\":\"search_term_string\"}}],\"inLanguage\":\"cs\"},{\"@type\":\"Organization\",\"@id\":\"https:\/\/twoeco.sk\/#organization\",\"name\":\"Two ECO, s.r.o.\",\"url\":\"https:\/\/twoeco.sk\/\",\"logo\":{\"@type\":\"ImageObject\",\"inLanguage\":\"cs\",\"@id\":\"https:\/\/twoeco.sk\/#\/schema\/logo\/image\/\",\"url\":\"https:\/\/twoeco.sk\/wp-content\/uploads\/2016\/05\/logo-two-eco-farba.png\",\"contentUrl\":\"https:\/\/twoeco.sk\/wp-content\/uploads\/2016\/05\/logo-two-eco-farba.png\",\"width\":318,\"height\":74,\"caption\":\"Two ECO, s.r.o.\"},\"image\":{\"@id\":\"https:\/\/twoeco.sk\/#\/schema\/logo\/image\/\"},\"sameAs\":[\"https:\/\/www.facebook.com\/Ionimax-1357153714295887\/\"]}]}<\/script>\n<!-- \/ Yoast SEO plugin. -->","yoast_head_json":{"title":"Rie\u0161enie na probl\u00e9m s\u00a0tvrdou vodou a\u00a0vodn\u00fdm kame\u0148om - Two Eco","robots":{"index":"index","follow":"follow","max-snippet":"max-snippet:-1","max-image-preview":"max-image-preview:large","max-video-preview":"max-video-preview:-1"},"canonical":"https:\/\/twoeco.sk\/riesenie-na-problem-s-tvrdou-vodou\/","og_locale":"cs_CZ","og_type":"article","og_title":"Rie\u0161enie na probl\u00e9m s\u00a0tvrdou vodou a\u00a0vodn\u00fdm kame\u0148om - Two Eco","og_description":"[vc_row][vc_column][lab_heading title=&#8220;\u0158e\u0161en\u00ed probl\u00e9mu s\u00a0tvrdou vodou a vodn\u00edm kamenem&#8220; el_class=&#8220;title &#8220; css=&#8220;.vc_custom_1495989075325{padding-top: 50px !important;}&#8220;]Vyu\u017e\u00edvejte vlastnosti m\u011bkk\u00e9 vody \u2013 u\u017e \u017e\u00e1dn\u00e9 nov\u00e9 n\u00e1nosy a nav\u00edc rozpou\u0161t\u011bn\u00ed t\u011bch star\u00fdch[\/lab_heading][vc_column_text css=&#8220;.vc_custom_1495989054704{padding-top: 10px !important;}&#8220;]D\u011bl\u00e1 v\u00e1m starosti tvrd\u00e1 voda? \u0158e\u0161\u00edte komplikace s\u00a0vodn\u00edm kamenem? Hled\u00e1te zp\u016fsob, jak ochr\u00e1nit sv\u00e9 rozvodn\u00e9 s\u00edt\u011b a\u00a0za\u0159\u00edzen\u00ed?[\/vc_column_text][vc_separator style=&#8220;dotted&#8220; border_width=&#8220;2&#8243;][vc_row_inner][vc_column_inner][vc_column_text]Vodn\u00ed k\u00e1men, kter\u00fd p\u0159edstavuje nej\u010dast\u011bj\u0161\u00ed a pravd\u011bpodobn\u011b tak\u00e9 nejv\u011bt\u0161\u00ed&hellip;","og_url":"https:\/\/twoeco.sk\/riesenie-na-problem-s-tvrdou-vodou\/","og_site_name":"Two Eco","article_publisher":"https:\/\/www.facebook.com\/Ionimax-1357153714295887\/","article_modified_time":"2017-05-28T16:31:21+00:00","twitter_card":"summary_large_image","twitter_misc":{"Odhadovan\u00e1 doba \u010dten\u00ed":"2 minuty"},"schema":{"@context":"https:\/\/schema.org","@graph":[{"@type":"WebPage","@id":"https:\/\/twoeco.sk\/riesenie-na-problem-s-tvrdou-vodou\/","url":"https:\/\/twoeco.sk\/riesenie-na-problem-s-tvrdou-vodou\/","name":"Rie\u0161enie na probl\u00e9m s\u00a0tvrdou vodou a\u00a0vodn\u00fdm kame\u0148om - Two Eco","isPartOf":{"@id":"https:\/\/twoeco.sk\/#website"},"datePublished":"2017-03-29T08:19:23+00:00","dateModified":"2017-05-28T16:31:21+00:00","breadcrumb":{"@id":"https:\/\/twoeco.sk\/riesenie-na-problem-s-tvrdou-vodou\/#breadcrumb"},"inLanguage":"cs","potentialAction":[{"@type":"ReadAction","target":["https:\/\/twoeco.sk\/riesenie-na-problem-s-tvrdou-vodou\/"]}]},{"@type":"BreadcrumbList","@id":"https:\/\/twoeco.sk\/riesenie-na-problem-s-tvrdou-vodou\/#breadcrumb","itemListElement":[{"@type":"ListItem","position":1,"name":"Home","item":"https:\/\/twoeco.sk\/"},{"@type":"ListItem","position":2,"name":"Rie\u0161enie na probl\u00e9m s\u00a0tvrdou vodou a\u00a0vodn\u00fdm kame\u0148om"}]},{"@type":"WebSite","@id":"https:\/\/twoeco.sk\/#website","url":"https:\/\/twoeco.sk\/","name":"Two Eco","description":"Viac ako \u010dist\u00e1 voda","publisher":{"@id":"https:\/\/twoeco.sk\/#organization"},"potentialAction":[{"@type":"SearchAction","target":{"@type":"EntryPoint","urlTemplate":"https:\/\/twoeco.sk\/?s={search_term_string}"},"query-input":{"@type":"PropertyValueSpecification","valueRequired":true,"valueName":"search_term_string"}}],"inLanguage":"cs"},{"@type":"Organization","@id":"https:\/\/twoeco.sk\/#organization","name":"Two ECO, s.r.o.","url":"https:\/\/twoeco.sk\/","logo":{"@type":"ImageObject","inLanguage":"cs","@id":"https:\/\/twoeco.sk\/#\/schema\/logo\/image\/","url":"https:\/\/twoeco.sk\/wp-content\/uploads\/2016\/05\/logo-two-eco-farba.png","contentUrl":"https:\/\/twoeco.sk\/wp-content\/uploads\/2016\/05\/logo-two-eco-farba.png","width":318,"height":74,"caption":"Two ECO, s.r.o."},"image":{"@id":"https:\/\/twoeco.sk\/#\/schema\/logo\/image\/"},"sameAs":["https:\/\/www.facebook.com\/Ionimax-1357153714295887\/"]}]}},"_links":{"self":[{"href":"https:\/\/twoeco.sk\/cs\/wp-json\/wp\/v2\/pages\/1680"}],"collection":[{"href":"https:\/\/twoeco.sk\/cs\/wp-json\/wp\/v2\/pages"}],"about":[{"href":"https:\/\/twoeco.sk\/cs\/wp-json\/wp\/v2\/types\/page"}],"author":[{"embeddable":true,"href":"https:\/\/twoeco.sk\/cs\/wp-json\/wp\/v2\/users\/3"}],"replies":[{"embeddable":true,"href":"https:\/\/twoeco.sk\/cs\/wp-json\/wp\/v2\/comments?post=1680"}],"version-history":[{"count":1,"href":"https:\/\/twoeco.sk\/cs\/wp-json\/wp\/v2\/pages\/1680\/revisions"}],"predecessor-version":[{"id":1681,"href":"https:\/\/twoeco.sk\/cs\/wp-json\/wp\/v2\/pages\/1680\/revisions\/1681"}],"wp:attachment":[{"href":"https:\/\/twoeco.sk\/cs\/wp-json\/wp\/v2\/media?parent=1680"}],"curies":[{"name":"wp","href":"https:\/\/api.w.org\/{rel}","templated":true}]}}