{"id":1588,"date":"2017-02-16T10:11:58","date_gmt":"2017-02-16T09:11:58","guid":{"rendered":"https:\/\/twoeco.sk\/chlor-vo-vode\/"},"modified":"2017-08-24T08:30:11","modified_gmt":"2017-08-24T06:30:11","slug":"chlor-vo-vode","status":"publish","type":"page","link":"https:\/\/twoeco.sk\/de\/chlor-vo-vode\/","title":{"rendered":"Chlor im Wasser"},"content":{"rendered":"<div class=\"wpb-content-wrapper\"><p>[vc_row css=&#8220;.vc_custom_1503556162183{padding-top: 50px !important;}&#8220;][vc_column][vc_row_inner][vc_column_inner][lab_heading title=&#8220;Chlor im Wasser&#8220; el_class=&#8220;title centered&#8220;][\/lab_heading][\/vc_column_inner][\/vc_row_inner][vc_row_inner][vc_column_inner width=&#8220;1\/4&#8243;][vc_single_image image=&#8220;892&#8243; img_size=&#8220;full&#8220;][\/vc_column_inner][vc_column_inner width=&#8220;3\/4&#8243;][vc_column_text]<\/p>\n<ul>\n<li><strong>Haben Sie Bedenken wegen Chlor in Ihrem Leitungswasser?<\/strong><\/li>\n<li><strong>Sind Sie mit dem Geschmack und der Qualit\u00e4t dieses Wassers nicht zufrieden?<\/strong><\/li>\n<li><strong>M\u00f6chten Sie dabei das Thema Bakterienbefall nicht vernachl\u00e4ssigen?<\/strong><\/li>\n<li><strong>\u00dcberlegen Sie, auf welche Art und Weise Sie das Wasser aufbereiten sollen?<\/strong><\/li>\n<li><strong>M\u00f6chten Sie das Beste f\u00fcr Sie und Ihre Hauslieblinge?<\/strong><\/li>\n<\/ul>\n<p>[\/vc_column_text][vc_column_text]<strong>Wieso wird eigentlich Chlor<\/strong> dem Leitungswasser zugesetzt? Chlor verhindert die Vermehrung von Keimen in der Wasserleitung. Es wirkt \u00e4hnlich wie ein Lebensmittel-Konservierungsstoff und gew\u00e4hrleistet gleichbleibende Qualit\u00e4t des Trinkwassers bis zur \u00dcbergabe an den Kunden.<\/p>\n<p>Bakterien und andere Mikroorganismen sind ein normaler Bestandteil unserer Umwelt. Sie befinden sich in der Luft, im Boden und es kann vorkommen, dass sie in die Trinkwasserleitung gelangen. Auch Ablagerungen organischer Natur an der Rohrinnenseite sind ein ideales Milieu f\u00fcr die Vermehrung von Bakterien. Um bakteriologisch einwandfreies Wasser in verschiedenen Abschnitten des Wasserversorgungsnetzes aufrecht zu erhalten, werden im Durchschnitt 0,1 bis 0,2 Milligramm Chlor pro Liter Wasser zugesetzt. Dies ist etwa 1 Tropfen Chlor pro 1000 Liter Wasser, was etwa dem Inhalt von 5 Badewannen entspricht.<\/p>\n<p><strong>Mit Ionimax aufbereitetes Wasser ver\u00e4ndert die Umgebung in Ihrer Trinkwasserleitung, sodass das Vorkommen und die Vermehrung von Bakterien messbar sinkt und zur\u00fcckgeht. Durch Tests konnte eine mehr als zehnfache Reduzierung der Bakterienzahl im warmen Leitungswasser, das mit Ionimax aufbereitet wurde, nachgewiesen werden. <\/strong>Dank der Ionenpolarisierung verringert sich ebenfalls die Ablagerungsschicht auf der Rohrinnenseite \u2013somit wird schrittweise die Umgebung zerst\u00f6rt, in der sich ungewollte Bakterien vermehren k\u00f6nnten.<\/p>\n<p><strong>Ein weiterer Vorteil von Ionimax ist es, dass er hilft, Chlor aus dem Wasser freizusetzen.\u00a0<\/strong>Zu den klassischen Methoden, um Chlor oder den Geschmack nach Chlor aus dem Wasser zu beseitigen, geh\u00f6ren einfaches Abstehen, Abkochen, Filtern, K\u00fchlen im K\u00fchlschrank oder die Zugabe von ein paar Tropfen Zitronensaft. <strong>Eine ebenfalls positive Wirkung auf die Freisetzung von Chlor aus dem Wasser hat auch Ionimax.<\/strong><\/p>\n<p>Wenn Sie noch unschl\u00fcssig sind, ob und wie Sie Ihr Leitungswasser aufbereiten sollen, \u00a0<strong>so kontaktieren Sie uns bitte.<\/strong>[\/vc_column_text][\/vc_column_inner][\/vc_row_inner][\/vc_column][\/vc_row]<\/p>\n<\/div>","protected":false},"excerpt":{"rendered":"<p>[vc_row css=&#8220;.vc_custom_1503556162183{padding-top: 50px !important;}&#8220;][vc_column][vc_row_inner][vc_column_inner][lab_heading title=&#8220;Chlor im Wasser&#8220; el_class=&#8220;title centered&#8220;][\/lab_heading][\/vc_column_inner][\/vc_row_inner][vc_row_inner][vc_column_inner width=&#8220;1\/4&#8243;][vc_single_image image=&#8220;892&#8243; img_size=&#8220;full&#8220;][\/vc_column_inner][vc_column_inner width=&#8220;3\/4&#8243;][vc_column_text] Haben Sie Bedenken wegen Chlor in Ihrem Leitungswasser? Sind Sie mit dem Geschmack und der Qualit\u00e4t dieses Wassers nicht zufrieden? M\u00f6chten Sie dabei das Thema Bakterienbefall nicht vernachl\u00e4ssigen? \u00dcberlegen Sie, auf welche Art und Weise Sie das Wasser aufbereiten sollen? M\u00f6chten Sie&hellip;<\/p>\n","protected":false},"author":3,"featured_media":0,"parent":0,"menu_order":0,"comment_status":"closed","ping_status":"closed","template":"","meta":{"_acf_changed":false,"footnotes":""},"class_list":["post-1588","page","type-page","status-publish","hentry"],"acf":[],"yoast_head":"<!-- This site is optimized with the Yoast SEO plugin v23.6 - https:\/\/yoast.com\/wordpress\/plugins\/seo\/ -->\n<title>Chlor im Wasser - Two Eco<\/title>\n<meta name=\"robots\" content=\"index, follow, max-snippet:-1, max-image-preview:large, max-video-preview:-1\" \/>\n<link rel=\"canonical\" href=\"https:\/\/twoeco.sk\/chlor-vo-vode\/\" \/>\n<meta property=\"og:locale\" content=\"de_DE\" \/>\n<meta property=\"og:type\" content=\"article\" \/>\n<meta property=\"og:title\" content=\"Chlor im Wasser - Two Eco\" \/>\n<meta property=\"og:description\" content=\"[vc_row css=&#8220;.vc_custom_1503556162183{padding-top: 50px !important;}&#8220;][vc_column][vc_row_inner][vc_column_inner][lab_heading title=&#8220;Chlor im Wasser&#8220; el_class=&#8220;title centered&#8220;][\/lab_heading][\/vc_column_inner][\/vc_row_inner][vc_row_inner][vc_column_inner width=&#8220;1\/4&#8243;][vc_single_image image=&#8220;892&#8243; img_size=&#8220;full&#8220;][\/vc_column_inner][vc_column_inner width=&#8220;3\/4&#8243;][vc_column_text] Haben Sie Bedenken wegen Chlor in Ihrem Leitungswasser? Sind Sie mit dem Geschmack und der Qualit\u00e4t dieses Wassers nicht zufrieden? M\u00f6chten Sie dabei das Thema Bakterienbefall nicht vernachl\u00e4ssigen? \u00dcberlegen Sie, auf welche Art und Weise Sie das Wasser aufbereiten sollen? M\u00f6chten Sie&hellip;\" \/>\n<meta property=\"og:url\" content=\"https:\/\/twoeco.sk\/chlor-vo-vode\/\" \/>\n<meta property=\"og:site_name\" content=\"Two Eco\" \/>\n<meta property=\"article:publisher\" content=\"https:\/\/www.facebook.com\/Ionimax-1357153714295887\/\" \/>\n<meta property=\"article:modified_time\" content=\"2017-08-24T06:30:11+00:00\" \/>\n<meta name=\"twitter:card\" content=\"summary_large_image\" \/>\n<meta name=\"twitter:label1\" content=\"Gesch\u00e4tzte Lesezeit\" \/>\n\t<meta name=\"twitter:data1\" content=\"2\u00a0Minuten\" \/>\n<script type=\"application\/ld+json\" class=\"yoast-schema-graph\">{\"@context\":\"https:\/\/schema.org\",\"@graph\":[{\"@type\":\"WebPage\",\"@id\":\"https:\/\/twoeco.sk\/chlor-vo-vode\/\",\"url\":\"https:\/\/twoeco.sk\/chlor-vo-vode\/\",\"name\":\"Chlor im Wasser - Two Eco\",\"isPartOf\":{\"@id\":\"https:\/\/twoeco.sk\/#website\"},\"datePublished\":\"2017-02-16T09:11:58+00:00\",\"dateModified\":\"2017-08-24T06:30:11+00:00\",\"breadcrumb\":{\"@id\":\"https:\/\/twoeco.sk\/chlor-vo-vode\/#breadcrumb\"},\"inLanguage\":\"de\",\"potentialAction\":[{\"@type\":\"ReadAction\",\"target\":[\"https:\/\/twoeco.sk\/chlor-vo-vode\/\"]}]},{\"@type\":\"BreadcrumbList\",\"@id\":\"https:\/\/twoeco.sk\/chlor-vo-vode\/#breadcrumb\",\"itemListElement\":[{\"@type\":\"ListItem\",\"position\":1,\"name\":\"Home\",\"item\":\"https:\/\/twoeco.sk\/\"},{\"@type\":\"ListItem\",\"position\":2,\"name\":\"Chlor im Wasser\"}]},{\"@type\":\"WebSite\",\"@id\":\"https:\/\/twoeco.sk\/#website\",\"url\":\"https:\/\/twoeco.sk\/\",\"name\":\"Two Eco\",\"description\":\"Viac ako \u010dist\u00e1 voda\",\"publisher\":{\"@id\":\"https:\/\/twoeco.sk\/#organization\"},\"potentialAction\":[{\"@type\":\"SearchAction\",\"target\":{\"@type\":\"EntryPoint\",\"urlTemplate\":\"https:\/\/twoeco.sk\/?s={search_term_string}\"},\"query-input\":{\"@type\":\"PropertyValueSpecification\",\"valueRequired\":true,\"valueName\":\"search_term_string\"}}],\"inLanguage\":\"de\"},{\"@type\":\"Organization\",\"@id\":\"https:\/\/twoeco.sk\/#organization\",\"name\":\"Two ECO, s.r.o.\",\"url\":\"https:\/\/twoeco.sk\/\",\"logo\":{\"@type\":\"ImageObject\",\"inLanguage\":\"de\",\"@id\":\"https:\/\/twoeco.sk\/#\/schema\/logo\/image\/\",\"url\":\"https:\/\/twoeco.sk\/wp-content\/uploads\/2016\/05\/logo-two-eco-farba.png\",\"contentUrl\":\"https:\/\/twoeco.sk\/wp-content\/uploads\/2016\/05\/logo-two-eco-farba.png\",\"width\":318,\"height\":74,\"caption\":\"Two ECO, s.r.o.\"},\"image\":{\"@id\":\"https:\/\/twoeco.sk\/#\/schema\/logo\/image\/\"},\"sameAs\":[\"https:\/\/www.facebook.com\/Ionimax-1357153714295887\/\"]}]}<\/script>\n<!-- \/ Yoast SEO plugin. -->","yoast_head_json":{"title":"Chlor im Wasser - Two Eco","robots":{"index":"index","follow":"follow","max-snippet":"max-snippet:-1","max-image-preview":"max-image-preview:large","max-video-preview":"max-video-preview:-1"},"canonical":"https:\/\/twoeco.sk\/chlor-vo-vode\/","og_locale":"de_DE","og_type":"article","og_title":"Chlor im Wasser - Two Eco","og_description":"[vc_row css=&#8220;.vc_custom_1503556162183{padding-top: 50px !important;}&#8220;][vc_column][vc_row_inner][vc_column_inner][lab_heading title=&#8220;Chlor im Wasser&#8220; el_class=&#8220;title centered&#8220;][\/lab_heading][\/vc_column_inner][\/vc_row_inner][vc_row_inner][vc_column_inner width=&#8220;1\/4&#8243;][vc_single_image image=&#8220;892&#8243; img_size=&#8220;full&#8220;][\/vc_column_inner][vc_column_inner width=&#8220;3\/4&#8243;][vc_column_text] Haben Sie Bedenken wegen Chlor in Ihrem Leitungswasser? Sind Sie mit dem Geschmack und der Qualit\u00e4t dieses Wassers nicht zufrieden? M\u00f6chten Sie dabei das Thema Bakterienbefall nicht vernachl\u00e4ssigen? \u00dcberlegen Sie, auf welche Art und Weise Sie das Wasser aufbereiten sollen? M\u00f6chten Sie&hellip;","og_url":"https:\/\/twoeco.sk\/chlor-vo-vode\/","og_site_name":"Two Eco","article_publisher":"https:\/\/www.facebook.com\/Ionimax-1357153714295887\/","article_modified_time":"2017-08-24T06:30:11+00:00","twitter_card":"summary_large_image","twitter_misc":{"Gesch\u00e4tzte Lesezeit":"2\u00a0Minuten"},"schema":{"@context":"https:\/\/schema.org","@graph":[{"@type":"WebPage","@id":"https:\/\/twoeco.sk\/chlor-vo-vode\/","url":"https:\/\/twoeco.sk\/chlor-vo-vode\/","name":"Chlor im Wasser - Two Eco","isPartOf":{"@id":"https:\/\/twoeco.sk\/#website"},"datePublished":"2017-02-16T09:11:58+00:00","dateModified":"2017-08-24T06:30:11+00:00","breadcrumb":{"@id":"https:\/\/twoeco.sk\/chlor-vo-vode\/#breadcrumb"},"inLanguage":"de","potentialAction":[{"@type":"ReadAction","target":["https:\/\/twoeco.sk\/chlor-vo-vode\/"]}]},{"@type":"BreadcrumbList","@id":"https:\/\/twoeco.sk\/chlor-vo-vode\/#breadcrumb","itemListElement":[{"@type":"ListItem","position":1,"name":"Home","item":"https:\/\/twoeco.sk\/"},{"@type":"ListItem","position":2,"name":"Chlor im Wasser"}]},{"@type":"WebSite","@id":"https:\/\/twoeco.sk\/#website","url":"https:\/\/twoeco.sk\/","name":"Two Eco","description":"Viac ako \u010dist\u00e1 voda","publisher":{"@id":"https:\/\/twoeco.sk\/#organization"},"potentialAction":[{"@type":"SearchAction","target":{"@type":"EntryPoint","urlTemplate":"https:\/\/twoeco.sk\/?s={search_term_string}"},"query-input":{"@type":"PropertyValueSpecification","valueRequired":true,"valueName":"search_term_string"}}],"inLanguage":"de"},{"@type":"Organization","@id":"https:\/\/twoeco.sk\/#organization","name":"Two ECO, s.r.o.","url":"https:\/\/twoeco.sk\/","logo":{"@type":"ImageObject","inLanguage":"de","@id":"https:\/\/twoeco.sk\/#\/schema\/logo\/image\/","url":"https:\/\/twoeco.sk\/wp-content\/uploads\/2016\/05\/logo-two-eco-farba.png","contentUrl":"https:\/\/twoeco.sk\/wp-content\/uploads\/2016\/05\/logo-two-eco-farba.png","width":318,"height":74,"caption":"Two ECO, s.r.o."},"image":{"@id":"https:\/\/twoeco.sk\/#\/schema\/logo\/image\/"},"sameAs":["https:\/\/www.facebook.com\/Ionimax-1357153714295887\/"]}]}},"_links":{"self":[{"href":"https:\/\/twoeco.sk\/de\/wp-json\/wp\/v2\/pages\/1588"}],"collection":[{"href":"https:\/\/twoeco.sk\/de\/wp-json\/wp\/v2\/pages"}],"about":[{"href":"https:\/\/twoeco.sk\/de\/wp-json\/wp\/v2\/types\/page"}],"author":[{"embeddable":true,"href":"https:\/\/twoeco.sk\/de\/wp-json\/wp\/v2\/users\/3"}],"replies":[{"embeddable":true,"href":"https:\/\/twoeco.sk\/de\/wp-json\/wp\/v2\/comments?post=1588"}],"version-history":[{"count":4,"href":"https:\/\/twoeco.sk\/de\/wp-json\/wp\/v2\/pages\/1588\/revisions"}],"predecessor-version":[{"id":2254,"href":"https:\/\/twoeco.sk\/de\/wp-json\/wp\/v2\/pages\/1588\/revisions\/2254"}],"wp:attachment":[{"href":"https:\/\/twoeco.sk\/de\/wp-json\/wp\/v2\/media?parent=1588"}],"curies":[{"name":"wp","href":"https:\/\/api.w.org\/{rel}","templated":true}]}}