{"id":1622,"date":"2017-03-10T00:30:26","date_gmt":"2017-03-09T23:30:26","guid":{"rendered":"https:\/\/twoeco.sk\/ionimax\/"},"modified":"2017-08-11T09:27:20","modified_gmt":"2017-08-11T07:27:20","slug":"ionimax","status":"publish","type":"page","link":"https:\/\/twoeco.sk\/de\/ionimax\/","title":{"rendered":"ionimax\u00ae"},"content":{"rendered":"<div class=\"wpb-content-wrapper\"><p>[vc_row css=&#8220;.vc_custom_1489102263611{padding-top: 50px !important;}&#8220;][vc_column][vc_row_inner][vc_column_inner][lab_heading title=&#8220;ionimax\u00ae&#8220; el_class=&#8220;title centered&#8220;]Ionenpolarisierer [\/lab_heading][vc_single_image image=&#8220;1156&#8243; img_size=&#8220;full&#8220; alignment=&#8220;center&#8220;][\/vc_column_inner][\/vc_row_inner][vc_row_inner][vc_column_inner width=&#8220;1\/2&#8243;][lab_heading title=&#8220;Produktbeschreibung:&#8220;][\/lab_heading][vc_column_text]<strong>Ionimax-Ionenpolarisierer \u2013<\/strong> ist ein Ger\u00e4t, das die Bildung von Kalkablagerungen verhindert, bei der Entkalkung hilft und viele weitere Vorteile hat.<\/p>\n<p>Ionimax besteht aus einem Durchflussk\u00f6rper, der eine Eintritts- und eine Austritts\u00f6ffnung hat. In diesem K\u00f6rper sind mindestens zwei Elektroden angebracht. Beide bestehen aus\u00a0 elektrisch unterschiedlich leitf\u00e4higem Material. Das durchstr\u00f6mende Wasser bildet mit diesen Elektroden eine nasse galvanische Zelle. Die elektrische Spannung dieser Zelle reicht dazu aus, die Molek\u00fcle des durchstr\u00f6menden Wassers zu polarisieren.<\/p>\n<p>Diese Spannung liegt im Bereich von 0,6 \u2013 0,8 V. Sie ist von der elektrischen Leitf\u00e4higkeit des Wassers abh\u00e4ngig. Diesen Effekt l\u00e4sst sich beim Wasser mit einer Leitf\u00e4higkeit von 50 \u2013 2 000 uS\/cm2, d. h. bei normalem Wasser, dessen Salzgehalt im Bereich von 50 bis 2 000 mg\/l liegt, nutzen.<\/p>\n<p>Wenn das Wasser zwischen den Elektroden durchflie\u00dft, werden Kalk- (Ca2*), Magnesium- (Mg*) und Eisensalze (Fe2*, 3*), die im Wasser als Karbonate, Sulfate und Chloride auftreten, in Hydroxide aufgespaltet (disoziiert). Solche Partikel verlieren dann ihre F\u00e4higkeit, kristallische Ablagerungen in Rohrleitungen, Boilern, W\u00e4rmetauschern etc. zu bilden.<\/p>\n<p>Das Prinzip der physikalischen Wasseraufbereitung beruht auf der \u201e\u00dcbertragung\u201c oder Anlagerung der freien elektrischen Ladung an den einzelnen Wassermolek\u00fclen, die dadurch polarisiert (einheitlich ausgerichtet) werden. Durch diesen Effekt wird die Form der im Wasser gel\u00f6sten Stoffe ver\u00e4ndert, sodass sie ihr Kristallgitter nicht mehr aufbauen, da sie eine unterschiedliche Form und Gr\u00f6\u00dfe haben. Die Karbonatbildung erfolgt zwar weiter, jedoch nur noch Form von weichen Partikeln\u00a0 \u2013 unsch\u00e4dlichen, leicht entfernbaren weichen Schlamm, anstatt von harten kristallischen Ablagerungen. Das\u00a0 Festsetzen von Kalkschichten h\u00f6rt auf, Kalk wird schrittweise abgebaut und neue Kalkablagerungen werden nicht mehr gebildet.[\/vc_column_text][lab_heading title=&#8220;Empfohlene Ma\u00dfnahmen:&#8220;][\/lab_heading][vc_column_text]Die Montage sollte durch eine Fachkraft erfolgen. Der Hersteller \u00fcbernimmt keine Haftung f\u00fcr Sch\u00e4den durch unsachgem\u00e4\u00dfe Handhabung. Den Montagebeleg bitte f\u00fcr eigenen Gebrauch aufbewahren.<\/p>\n<p>Wenn Sie Ihre Trinkwasseranlage f\u00fcr eine l\u00e4ngere Zeit abstellen (Urlaub, Nutzung als Wochenendhaus etc.), lassen Sie das Wasser erst abflie\u00dfen oder nutzen Sie dieses als Brauchwasser.<\/p>\n<p><strong><em>Lagerungsbedingungen:<\/em><\/strong><\/p>\n<p>Auf \u00fcbliche Art und Weise lagern. Das Produkt ist wasserdicht.<\/p>\n<p><strong><em>Lebensdauer und Pflege des Produkts:<\/em><\/strong><\/p>\n<p>Die vom Hersteller empfohlene Lebensdauer betr\u00e4gt bei normaler Nutzung 10 Jahre. Bei besonders mineralisierter Umgebung, bei Wasser mit hohem Festpartikelgehalt etc., wird folgende Pflege empfohlen: nach Bedarf mit hei\u00dfem Essig durchsp\u00fclen.<\/p>\n<p><strong>Entsorgung:<\/strong><\/p>\n<p>Nach Ablauf der Lebensdauer kann das Produkt als Bauabfall entsorgt werden. Das Verpackungsmaterial des Produkts geh\u00f6rt in den normalen Kommunalabfall; es wird empfohlen, die Verpackung im getrennten M\u00fcll als Altpapier zu entsorgen.[\/vc_column_text][\/vc_column_inner][vc_column_inner width=&#8220;1\/2&#8243;][lab_heading title=&#8220;Zertifikate und Zulassungen:&#8220;][\/lab_heading][vc_column_text]Gutachten des Gesundheitsministeriums \u2013 Haupthygieniker der Slowakischen Republik \u00fcber die Zulassung der Ionimax-Wasserionisierer f\u00fcr die Wasseraufbereitung.<\/p>\n<p>Zertifikat des Technischen Pr\u00fcfinstituts Pie\u0161\u0165any, \u0161.p., durch das die Sicherheit der Ionimax-Wasserionisierer nachgewiesen wird.<\/p>\n<p>Konformit\u00e4tserkl\u00e4rung f\u00fcr Ionenpolarisierungsger\u00e4te vom Typ Ionimax, Slowakische technische Norm STN 133060-2:1978<\/p>\n<p>Amt f\u00fcr Industrieeigentum der Slowakischen Republik.<\/p>\n<p>Abb. A : 1 &#8211; Uhr,\u00a0 2 &#8211; Ventil,\u00a0 3 &#8211; Schlammabscheider,\u00a0 4 &#8211; Ionimax. \u00a0<strong>Schematische Darstellung der Positionierung im Geb\u00e4ude<\/strong><\/p>\n<p>Abb. B :\u00a0 im W\u00e4rmekreislauf Nr. 5 &#8211; Schlammabscheider.[\/vc_column_text][vc_single_image image=&#8220;1301&#8243; img_size=&#8220;full&#8220; add_caption=&#8220;yes&#8220; alignment=&#8220;center&#8220;][lab_heading title=&#8220;Montageanleitung:&#8220;][\/lab_heading][vc_column_text]<strong><em>Einbaulage:<\/em><\/strong><\/p>\n<p>Ionimax kann in jeder beliebigen Einbaulage installiert werden. Egal, mit welchem Ende nach vorn.<\/p>\n<p><strong>Positionierung:<\/strong><\/p>\n<p>Am g\u00fcnstigsten ist es, Ionimax an der Wasserhauptzuleitung zum Objekt zu installieren, damit das gesamte Objekt gesch\u00fctzt wird.<\/p>\n<p><strong><em>Montage:<\/em><\/strong><\/p>\n<p>An der Einbaustelle wird die Rohrleitung unterbrochen und in der erforderlichen L\u00e4nge entsprechend der Gr\u00f6\u00dfe von Ionimax ausgeschnitten. An beiden Rohrenden werden die jeweiligen Gewindek\u00f6pfe der ben\u00f6tigten Dimension angebracht. Das Gewinde wird mit einem Gewindedichtmittel versehen und Ionimax wird auf die vorbereiteten Gewindek\u00f6pfe aufgeschraubt. Nach der Montage ist die Dichtheit der Verbindungen zu pr\u00fcfen. Die Montage sollte durch eine Fachkraft erfolgen. Der Hersteller \u00fcbernimmt keine Haftung f\u00fcr Sch\u00e4den durch unsachgem\u00e4\u00dfe Handhabung.<\/p>\n<p><strong><em>Kombination mit einem Wasserfilter:<\/em><\/strong><\/p>\n<p>Falls Sie eine Filteranlage an Ihrer Trinkwasseranlage planen, so sollten Sie Ionimax so anordnen, dass er das letzte Ger\u00e4t in diesem System bildet, um eine St\u00f6rung der Funktion zu vermeiden.<\/p>\n<p><strong><em>Bedingungen f\u00fcr die korrekte Produktanwendung:<\/em><\/strong><\/p>\n<p>Rund um Ionimax d\u00fcrfen keine elektrischen Spannungen in einem Umkreis von mindestens 50 cm vorhanden sein. Im System darf kein Ionentauscher oder ein elektromagnetisches System bzw. ein System mit Fremdspannungszuleitung eingebaut sein. In diesem Fall wird Ionimax nicht die erwartungsgem\u00e4\u00dfe Wirkung haben.<\/p>\n<p>Ebenfalls raten wir davon ab, Ionimax in Salzwasseranlagen oder Anlagen, die Salzl\u00f6sungen nutzen, zu verwenden, da diese die Ionenpolarisierung aufheben w\u00fcrden. In diesem Fall wird Ionimax nicht die erwartungsgem\u00e4\u00dfe Wirkung haben.<\/p>\n<p>Ionimax-Ger\u00e4te sind f\u00fcr Wasser mit normaler Leitf\u00e4higkeit von 50 bis 2000 uS\/cm2 bestimmt. Bei h\u00f6heren Leitf\u00e4higkeitswerten wird Ionimax nicht die erwartungsgem\u00e4\u00dfe Wirkung haben, das Ger\u00e4t setzt sich schneller zu und seine Lebensdauer wird verk\u00fcrzt.<\/p>\n<p>F\u00fcr Wassertemperaturen von 0-100 \u00b0C verwenden. Das Ger\u00e4t ist nicht f\u00fcr die Aufbereitung von Dampf in geschlossenen Rohrleitungen bestimmt, es besteht die Gefahr der Besch\u00e4digung des Ger\u00e4ts.<\/p>\n<p>Die maximale Durchstr\u00f6mungsgeschwindigkeit des Wassers durch das Ger\u00e4t betr\u00e4gt 4 m\/s (bei der Wahl des Ger\u00e4tetyps sollte man neben der lichten Weite des Rohrs auch diesen Wert sowie die maximale Durchflussmenge ber\u00fccksichtigen). Bei gr\u00f6\u00dferen Durchstr\u00f6mungsgeschwindigkeiten kann eine Wirksamkeit im erwarteten Ma\u00df nicht garantiert werden.<\/p>\n<p>Ionimax-Ger\u00e4te sind f\u00fcr einen Druck von bis zu 1 MPa ausgelegt. Bei gr\u00f6\u00dferen Drucken kann das Ionimax-Ger\u00e4t besch\u00e4digt werden.<\/p>\n<p>Versuchen Sie nicht, das Ionimax-Ger\u00e4t zu \u00f6ffnen oder zu zerlegen. Bei \u00d6ffnung des Ger\u00e4ts geht die Funktion verloren und die Garantie entf\u00e4llt. Wenden Sie sich bitte an den Hersteller. Zudem besteht die Gefahr, dass Kleinteile freigesetzt werden. Kinder nicht mit dem Ger\u00e4t spielen lassen.[\/vc_column_text][\/vc_column_inner][\/vc_row_inner][\/vc_column][\/vc_row]<\/p>\n<\/div>","protected":false},"excerpt":{"rendered":"<p>[vc_row css=&#8220;.vc_custom_1489102263611{padding-top: 50px !important;}&#8220;][vc_column][vc_row_inner][vc_column_inner][lab_heading title=&#8220;ionimax\u00ae&#8220; el_class=&#8220;title centered&#8220;]Ionenpolarisierer [\/lab_heading][vc_single_image image=&#8220;1156&#8243; img_size=&#8220;full&#8220; alignment=&#8220;center&#8220;][\/vc_column_inner][\/vc_row_inner][vc_row_inner][vc_column_inner width=&#8220;1\/2&#8243;][lab_heading title=&#8220;Produktbeschreibung:&#8220;][\/lab_heading][vc_column_text]Ionimax-Ionenpolarisierer \u2013 ist ein Ger\u00e4t, das die Bildung von Kalkablagerungen verhindert, bei der Entkalkung hilft und viele weitere Vorteile hat. Ionimax besteht aus einem Durchflussk\u00f6rper, der eine Eintritts- und eine Austritts\u00f6ffnung hat. In diesem K\u00f6rper sind mindestens zwei Elektroden angebracht. Beide bestehen aus\u00a0&hellip;<\/p>\n","protected":false},"author":3,"featured_media":0,"parent":0,"menu_order":0,"comment_status":"closed","ping_status":"closed","template":"","meta":{"_acf_changed":false,"footnotes":""},"class_list":["post-1622","page","type-page","status-publish","hentry"],"acf":[],"yoast_head":"<!-- This site is optimized with the Yoast SEO plugin v23.6 - https:\/\/yoast.com\/wordpress\/plugins\/seo\/ -->\n<title>ionimax\u00ae - Two Eco<\/title>\n<meta name=\"robots\" content=\"index, follow, max-snippet:-1, max-image-preview:large, max-video-preview:-1\" \/>\n<link rel=\"canonical\" href=\"https:\/\/twoeco.sk\/ionimax\/\" \/>\n<meta property=\"og:locale\" content=\"de_DE\" \/>\n<meta property=\"og:type\" content=\"article\" \/>\n<meta property=\"og:title\" content=\"ionimax\u00ae - Two Eco\" \/>\n<meta property=\"og:description\" content=\"[vc_row css=&#8220;.vc_custom_1489102263611{padding-top: 50px !important;}&#8220;][vc_column][vc_row_inner][vc_column_inner][lab_heading title=&#8220;ionimax\u00ae&#8220; el_class=&#8220;title centered&#8220;]Ionenpolarisierer [\/lab_heading][vc_single_image image=&#8220;1156&#8243; img_size=&#8220;full&#8220; alignment=&#8220;center&#8220;][\/vc_column_inner][\/vc_row_inner][vc_row_inner][vc_column_inner width=&#8220;1\/2&#8243;][lab_heading title=&#8220;Produktbeschreibung:&#8220;][\/lab_heading][vc_column_text]Ionimax-Ionenpolarisierer \u2013 ist ein Ger\u00e4t, das die Bildung von Kalkablagerungen verhindert, bei der Entkalkung hilft und viele weitere Vorteile hat. Ionimax besteht aus einem Durchflussk\u00f6rper, der eine Eintritts- und eine Austritts\u00f6ffnung hat. In diesem K\u00f6rper sind mindestens zwei Elektroden angebracht. Beide bestehen aus\u00a0&hellip;\" \/>\n<meta property=\"og:url\" content=\"https:\/\/twoeco.sk\/ionimax\/\" \/>\n<meta property=\"og:site_name\" content=\"Two Eco\" \/>\n<meta property=\"article:publisher\" content=\"https:\/\/www.facebook.com\/Ionimax-1357153714295887\/\" \/>\n<meta property=\"article:modified_time\" content=\"2017-08-11T07:27:20+00:00\" \/>\n<meta name=\"twitter:card\" content=\"summary_large_image\" \/>\n<meta name=\"twitter:label1\" content=\"Gesch\u00e4tzte Lesezeit\" \/>\n\t<meta name=\"twitter:data1\" content=\"5\u00a0Minuten\" \/>\n<script type=\"application\/ld+json\" class=\"yoast-schema-graph\">{\"@context\":\"https:\/\/schema.org\",\"@graph\":[{\"@type\":\"WebPage\",\"@id\":\"https:\/\/twoeco.sk\/ionimax\/\",\"url\":\"https:\/\/twoeco.sk\/ionimax\/\",\"name\":\"ionimax\u00ae - Two Eco\",\"isPartOf\":{\"@id\":\"https:\/\/twoeco.sk\/#website\"},\"datePublished\":\"2017-03-09T23:30:26+00:00\",\"dateModified\":\"2017-08-11T07:27:20+00:00\",\"breadcrumb\":{\"@id\":\"https:\/\/twoeco.sk\/ionimax\/#breadcrumb\"},\"inLanguage\":\"de\",\"potentialAction\":[{\"@type\":\"ReadAction\",\"target\":[\"https:\/\/twoeco.sk\/ionimax\/\"]}]},{\"@type\":\"BreadcrumbList\",\"@id\":\"https:\/\/twoeco.sk\/ionimax\/#breadcrumb\",\"itemListElement\":[{\"@type\":\"ListItem\",\"position\":1,\"name\":\"Home\",\"item\":\"https:\/\/twoeco.sk\/\"},{\"@type\":\"ListItem\",\"position\":2,\"name\":\"ionimax\u00ae\"}]},{\"@type\":\"WebSite\",\"@id\":\"https:\/\/twoeco.sk\/#website\",\"url\":\"https:\/\/twoeco.sk\/\",\"name\":\"Two Eco\",\"description\":\"Viac ako \u010dist\u00e1 voda\",\"publisher\":{\"@id\":\"https:\/\/twoeco.sk\/#organization\"},\"potentialAction\":[{\"@type\":\"SearchAction\",\"target\":{\"@type\":\"EntryPoint\",\"urlTemplate\":\"https:\/\/twoeco.sk\/?s={search_term_string}\"},\"query-input\":{\"@type\":\"PropertyValueSpecification\",\"valueRequired\":true,\"valueName\":\"search_term_string\"}}],\"inLanguage\":\"de\"},{\"@type\":\"Organization\",\"@id\":\"https:\/\/twoeco.sk\/#organization\",\"name\":\"Two ECO, s.r.o.\",\"url\":\"https:\/\/twoeco.sk\/\",\"logo\":{\"@type\":\"ImageObject\",\"inLanguage\":\"de\",\"@id\":\"https:\/\/twoeco.sk\/#\/schema\/logo\/image\/\",\"url\":\"https:\/\/twoeco.sk\/wp-content\/uploads\/2016\/05\/logo-two-eco-farba.png\",\"contentUrl\":\"https:\/\/twoeco.sk\/wp-content\/uploads\/2016\/05\/logo-two-eco-farba.png\",\"width\":318,\"height\":74,\"caption\":\"Two ECO, s.r.o.\"},\"image\":{\"@id\":\"https:\/\/twoeco.sk\/#\/schema\/logo\/image\/\"},\"sameAs\":[\"https:\/\/www.facebook.com\/Ionimax-1357153714295887\/\"]}]}<\/script>\n<!-- \/ Yoast SEO plugin. -->","yoast_head_json":{"title":"ionimax\u00ae - Two Eco","robots":{"index":"index","follow":"follow","max-snippet":"max-snippet:-1","max-image-preview":"max-image-preview:large","max-video-preview":"max-video-preview:-1"},"canonical":"https:\/\/twoeco.sk\/ionimax\/","og_locale":"de_DE","og_type":"article","og_title":"ionimax\u00ae - Two Eco","og_description":"[vc_row css=&#8220;.vc_custom_1489102263611{padding-top: 50px !important;}&#8220;][vc_column][vc_row_inner][vc_column_inner][lab_heading title=&#8220;ionimax\u00ae&#8220; el_class=&#8220;title centered&#8220;]Ionenpolarisierer [\/lab_heading][vc_single_image image=&#8220;1156&#8243; img_size=&#8220;full&#8220; alignment=&#8220;center&#8220;][\/vc_column_inner][\/vc_row_inner][vc_row_inner][vc_column_inner width=&#8220;1\/2&#8243;][lab_heading title=&#8220;Produktbeschreibung:&#8220;][\/lab_heading][vc_column_text]Ionimax-Ionenpolarisierer \u2013 ist ein Ger\u00e4t, das die Bildung von Kalkablagerungen verhindert, bei der Entkalkung hilft und viele weitere Vorteile hat. Ionimax besteht aus einem Durchflussk\u00f6rper, der eine Eintritts- und eine Austritts\u00f6ffnung hat. In diesem K\u00f6rper sind mindestens zwei Elektroden angebracht. Beide bestehen aus\u00a0&hellip;","og_url":"https:\/\/twoeco.sk\/ionimax\/","og_site_name":"Two Eco","article_publisher":"https:\/\/www.facebook.com\/Ionimax-1357153714295887\/","article_modified_time":"2017-08-11T07:27:20+00:00","twitter_card":"summary_large_image","twitter_misc":{"Gesch\u00e4tzte Lesezeit":"5\u00a0Minuten"},"schema":{"@context":"https:\/\/schema.org","@graph":[{"@type":"WebPage","@id":"https:\/\/twoeco.sk\/ionimax\/","url":"https:\/\/twoeco.sk\/ionimax\/","name":"ionimax\u00ae - Two Eco","isPartOf":{"@id":"https:\/\/twoeco.sk\/#website"},"datePublished":"2017-03-09T23:30:26+00:00","dateModified":"2017-08-11T07:27:20+00:00","breadcrumb":{"@id":"https:\/\/twoeco.sk\/ionimax\/#breadcrumb"},"inLanguage":"de","potentialAction":[{"@type":"ReadAction","target":["https:\/\/twoeco.sk\/ionimax\/"]}]},{"@type":"BreadcrumbList","@id":"https:\/\/twoeco.sk\/ionimax\/#breadcrumb","itemListElement":[{"@type":"ListItem","position":1,"name":"Home","item":"https:\/\/twoeco.sk\/"},{"@type":"ListItem","position":2,"name":"ionimax\u00ae"}]},{"@type":"WebSite","@id":"https:\/\/twoeco.sk\/#website","url":"https:\/\/twoeco.sk\/","name":"Two Eco","description":"Viac ako \u010dist\u00e1 voda","publisher":{"@id":"https:\/\/twoeco.sk\/#organization"},"potentialAction":[{"@type":"SearchAction","target":{"@type":"EntryPoint","urlTemplate":"https:\/\/twoeco.sk\/?s={search_term_string}"},"query-input":{"@type":"PropertyValueSpecification","valueRequired":true,"valueName":"search_term_string"}}],"inLanguage":"de"},{"@type":"Organization","@id":"https:\/\/twoeco.sk\/#organization","name":"Two ECO, s.r.o.","url":"https:\/\/twoeco.sk\/","logo":{"@type":"ImageObject","inLanguage":"de","@id":"https:\/\/twoeco.sk\/#\/schema\/logo\/image\/","url":"https:\/\/twoeco.sk\/wp-content\/uploads\/2016\/05\/logo-two-eco-farba.png","contentUrl":"https:\/\/twoeco.sk\/wp-content\/uploads\/2016\/05\/logo-two-eco-farba.png","width":318,"height":74,"caption":"Two ECO, s.r.o."},"image":{"@id":"https:\/\/twoeco.sk\/#\/schema\/logo\/image\/"},"sameAs":["https:\/\/www.facebook.com\/Ionimax-1357153714295887\/"]}]}},"_links":{"self":[{"href":"https:\/\/twoeco.sk\/de\/wp-json\/wp\/v2\/pages\/1622"}],"collection":[{"href":"https:\/\/twoeco.sk\/de\/wp-json\/wp\/v2\/pages"}],"about":[{"href":"https:\/\/twoeco.sk\/de\/wp-json\/wp\/v2\/types\/page"}],"author":[{"embeddable":true,"href":"https:\/\/twoeco.sk\/de\/wp-json\/wp\/v2\/users\/3"}],"replies":[{"embeddable":true,"href":"https:\/\/twoeco.sk\/de\/wp-json\/wp\/v2\/comments?post=1622"}],"version-history":[{"count":3,"href":"https:\/\/twoeco.sk\/de\/wp-json\/wp\/v2\/pages\/1622\/revisions"}],"predecessor-version":[{"id":2171,"href":"https:\/\/twoeco.sk\/de\/wp-json\/wp\/v2\/pages\/1622\/revisions\/2171"}],"wp:attachment":[{"href":"https:\/\/twoeco.sk\/de\/wp-json\/wp\/v2\/media?parent=1622"}],"curies":[{"name":"wp","href":"https:\/\/api.w.org\/{rel}","templated":true}]}}