{"id":1809,"date":"2017-03-29T10:19:23","date_gmt":"2017-03-29T08:19:23","guid":{"rendered":"https:\/\/twoeco.sk\/riesenie-na-problem-s-tvrdou-vodou\/"},"modified":"2017-05-29T00:55:38","modified_gmt":"2017-05-28T22:55:38","slug":"riesenie-na-problem-s-tvrdou-vodou","status":"publish","type":"page","link":"https:\/\/twoeco.sk\/de\/riesenie-na-problem-s-tvrdou-vodou\/","title":{"rendered":"Rie\u0161enie na probl\u00e9m s\u00a0tvrdou vodou a\u00a0vodn\u00fdm kame\u0148om"},"content":{"rendered":"<div class=\"wpb-content-wrapper\"><p>[vc_row][vc_column][lab_heading title=&#8220;Die L\u00f6sung f\u00fcr Probleme mit hartem Wasser und Kalk&#8220; el_class=&#8220;title &#8220; css=&#8220;.vc_custom_1496012097692{padding-top: 50px !important;}&#8220;]Profitieren Sie von den Eigenschaften des weichen Wassers \u2013 keine neuen Ablagerungen mehr, alte Ablagerungen werden gel\u00f6st[\/lab_heading][vc_column_text css=&#8220;.vc_custom_1496012125388{padding-top: 10px !important;}&#8220;]<\/p>\n<p class=\"p1\"><span class=\"s1\"><b>Bereitet Ihnen hartes Wasser Sorgen?<\/b><\/span><\/p>\n<p class=\"p1\"><span class=\"s1\"><b>L\u00f6sen Sie Komplikationen rund um Kalkablagerungen?<\/b><\/span><\/p>\n<p class=\"p1\"><span class=\"s1\"><b>Suchen Sie nach M\u00f6glichkeiten, wie Sie Ihre Versorgungsleitungen und Verbraucher vor Kalksch\u00e4den sch\u00fctzen k\u00f6nnten?<\/b><\/span><\/p>\n<p>[\/vc_column_text][vc_separator style=&#8220;dotted&#8220; border_width=&#8220;2&#8243;][vc_row_inner][vc_column_inner][vc_column_text]<\/p>\n<p class=\"p1\"><span class=\"s1\">Kalkablagerungen sind das h\u00e4ufigste und gr\u00f6\u00dfte Problem f\u00fcr Heizungsanlagen und Heizk\u00f6rper, Kalk wirkt wie eine Isolationsschicht. Aus der Praxis wissen wir, dass die Kristallisation im warmen Wasser schneller verl\u00e4uft als im kalten. Wichtig dabei ist, dass ab einer Temperatur von 57 \u00b0C diese Kristallisation rapid zunimmt. Bei einer Schichtdicke von 3 mm werden um 20 % mehr Energie ben\u00f6tigt, um die gew\u00fcnschte Temperatur zu erreichen. Eine 6 mm dicke Kalkschicht bedeutet bis zu 30 \u2013 35 % Energiemehraufwand. Diese Angaben sind nicht absolut genau, da das Ergebnis sehr stark von der Umgebung, die sehr unterschiedlich sein kann, beeinflusst wird.<\/span><\/p>\n<p class=\"p1\"><span class=\"s1\">Ein unbestrittener Vorteil der physikalischen Wasseraufbereitung ist die Reinigungsf\u00e4higkeit des aufbereiteten Wassers \u2013 alte Ablagerungen werden gel\u00f6st und ausgeschwemmt und dadurch die f\u00fcr die Reinigungsarbeiten ben\u00f6tigten Betriebsunterbrechungen vermieden, die Lebensdauer der Rohrleitungen, Heizk\u00f6rper und aller zusammenh\u00e4ngender Ger\u00e4te und Einrichtungen wird verl\u00e4ngert.<\/span><\/p>\n<p class=\"p1\"><span class=\"s1\">Das Prinzip der physikalischen Wasseraufbereitung beruht auf der \u201e\u00dcbertragung\u201c oder Anlagerung der freien elektrischen Ladung auf den einzelnen Wassermolek\u00fclen, die dadurch polarisiert (einheitlich ausgerichtet) werden. Durch diesen Effekt wird die Form der im Wasser gel\u00f6sten Stoffe ver\u00e4ndert, sodass sie ihr Kristallgitter nicht mehr so leicht aufbauen k\u00f6nnen, da sie eine unterschiedliche Form und Gr\u00f6\u00dfe haben \u2013 die Bildung von harten Kalkablagerungen wird unterdr\u00fcckt. Sie ver\u00e4ndern ihre kubische Kristallstruktur in eine hexagonale. Kommt es zum Ausflocken, so entsteht nur weicher Schlamm. Die physikalische Wasseraufbereitung verhindert die Bildung von neuen Kalkablagerungen, beseitigt wirksam bereits bestehende Kalkschichten und verhindert die Korrosion an den Innenoberfl\u00e4chen von Rohrleitungen. Es bildet sich n\u00e4mlich eine sch\u00fctzende Magnetit-Schicht (Fe3 O4).<\/span><\/p>\n<p class=\"p1\"><span class=\"s1\">Ionimax kann sowohl in geschlossenen als auch in offenen dynamischen Systemen installiert werden. Das System l\u00e4sst sich effizient von Kleinwohnungen, \u00fcber Familienh\u00e4user bis zu Gro\u00dfbetrieben und Industrieanlagen, bei denen mit Kalkbildung zu rechnen ist, einsetzen. Ionimax ver\u00e4ndert die chemische Zusammensetzung des Wassers nicht.<\/span><\/p>\n<p>[\/vc_column_text][\/vc_column_inner][\/vc_row_inner][\/vc_column][\/vc_row]<\/p>\n<\/div>","protected":false},"excerpt":{"rendered":"<p>[vc_row][vc_column][lab_heading title=&#8220;Die L\u00f6sung f\u00fcr Probleme mit hartem Wasser und Kalk&#8220; el_class=&#8220;title &#8220; css=&#8220;.vc_custom_1496012097692{padding-top: 50px !important;}&#8220;]Profitieren Sie von den Eigenschaften des weichen Wassers \u2013 keine neuen Ablagerungen mehr, alte Ablagerungen werden gel\u00f6st[\/lab_heading][vc_column_text css=&#8220;.vc_custom_1496012125388{padding-top: 10px !important;}&#8220;] Bereitet Ihnen hartes Wasser Sorgen? L\u00f6sen Sie Komplikationen rund um Kalkablagerungen? Suchen Sie nach M\u00f6glichkeiten, wie Sie Ihre Versorgungsleitungen und Verbraucher&hellip;<\/p>\n","protected":false},"author":3,"featured_media":0,"parent":0,"menu_order":0,"comment_status":"closed","ping_status":"closed","template":"","meta":{"_acf_changed":false,"footnotes":""},"class_list":["post-1809","page","type-page","status-publish","hentry"],"acf":[],"yoast_head":"<!-- This site is optimized with the Yoast SEO plugin v23.6 - https:\/\/yoast.com\/wordpress\/plugins\/seo\/ -->\n<title>Rie\u0161enie na probl\u00e9m s\u00a0tvrdou vodou a\u00a0vodn\u00fdm kame\u0148om - Two Eco<\/title>\n<meta name=\"robots\" content=\"index, follow, max-snippet:-1, max-image-preview:large, max-video-preview:-1\" \/>\n<link rel=\"canonical\" href=\"https:\/\/twoeco.sk\/riesenie-na-problem-s-tvrdou-vodou\/\" \/>\n<meta property=\"og:locale\" content=\"de_DE\" \/>\n<meta property=\"og:type\" content=\"article\" \/>\n<meta property=\"og:title\" content=\"Rie\u0161enie na probl\u00e9m s\u00a0tvrdou vodou a\u00a0vodn\u00fdm kame\u0148om - Two Eco\" \/>\n<meta property=\"og:description\" content=\"[vc_row][vc_column][lab_heading title=&#8220;Die L\u00f6sung f\u00fcr Probleme mit hartem Wasser und Kalk&#8220; el_class=&#8220;title &#8220; css=&#8220;.vc_custom_1496012097692{padding-top: 50px !important;}&#8220;]Profitieren Sie von den Eigenschaften des weichen Wassers \u2013 keine neuen Ablagerungen mehr, alte Ablagerungen werden gel\u00f6st[\/lab_heading][vc_column_text css=&#8220;.vc_custom_1496012125388{padding-top: 10px !important;}&#8220;] Bereitet Ihnen hartes Wasser Sorgen? L\u00f6sen Sie Komplikationen rund um Kalkablagerungen? Suchen Sie nach M\u00f6glichkeiten, wie Sie Ihre Versorgungsleitungen und Verbraucher&hellip;\" \/>\n<meta property=\"og:url\" content=\"https:\/\/twoeco.sk\/riesenie-na-problem-s-tvrdou-vodou\/\" \/>\n<meta property=\"og:site_name\" content=\"Two Eco\" \/>\n<meta property=\"article:publisher\" content=\"https:\/\/www.facebook.com\/Ionimax-1357153714295887\/\" \/>\n<meta property=\"article:modified_time\" content=\"2017-05-28T22:55:38+00:00\" \/>\n<meta name=\"twitter:card\" content=\"summary_large_image\" \/>\n<meta name=\"twitter:label1\" content=\"Gesch\u00e4tzte Lesezeit\" \/>\n\t<meta name=\"twitter:data1\" content=\"2\u00a0Minuten\" \/>\n<script type=\"application\/ld+json\" class=\"yoast-schema-graph\">{\"@context\":\"https:\/\/schema.org\",\"@graph\":[{\"@type\":\"WebPage\",\"@id\":\"https:\/\/twoeco.sk\/riesenie-na-problem-s-tvrdou-vodou\/\",\"url\":\"https:\/\/twoeco.sk\/riesenie-na-problem-s-tvrdou-vodou\/\",\"name\":\"Rie\u0161enie na probl\u00e9m s\u00a0tvrdou vodou a\u00a0vodn\u00fdm kame\u0148om - Two Eco\",\"isPartOf\":{\"@id\":\"https:\/\/twoeco.sk\/#website\"},\"datePublished\":\"2017-03-29T08:19:23+00:00\",\"dateModified\":\"2017-05-28T22:55:38+00:00\",\"breadcrumb\":{\"@id\":\"https:\/\/twoeco.sk\/riesenie-na-problem-s-tvrdou-vodou\/#breadcrumb\"},\"inLanguage\":\"de\",\"potentialAction\":[{\"@type\":\"ReadAction\",\"target\":[\"https:\/\/twoeco.sk\/riesenie-na-problem-s-tvrdou-vodou\/\"]}]},{\"@type\":\"BreadcrumbList\",\"@id\":\"https:\/\/twoeco.sk\/riesenie-na-problem-s-tvrdou-vodou\/#breadcrumb\",\"itemListElement\":[{\"@type\":\"ListItem\",\"position\":1,\"name\":\"Home\",\"item\":\"https:\/\/twoeco.sk\/\"},{\"@type\":\"ListItem\",\"position\":2,\"name\":\"Rie\u0161enie na probl\u00e9m s\u00a0tvrdou vodou a\u00a0vodn\u00fdm kame\u0148om\"}]},{\"@type\":\"WebSite\",\"@id\":\"https:\/\/twoeco.sk\/#website\",\"url\":\"https:\/\/twoeco.sk\/\",\"name\":\"Two Eco\",\"description\":\"Viac ako \u010dist\u00e1 voda\",\"publisher\":{\"@id\":\"https:\/\/twoeco.sk\/#organization\"},\"potentialAction\":[{\"@type\":\"SearchAction\",\"target\":{\"@type\":\"EntryPoint\",\"urlTemplate\":\"https:\/\/twoeco.sk\/?s={search_term_string}\"},\"query-input\":{\"@type\":\"PropertyValueSpecification\",\"valueRequired\":true,\"valueName\":\"search_term_string\"}}],\"inLanguage\":\"de\"},{\"@type\":\"Organization\",\"@id\":\"https:\/\/twoeco.sk\/#organization\",\"name\":\"Two ECO, s.r.o.\",\"url\":\"https:\/\/twoeco.sk\/\",\"logo\":{\"@type\":\"ImageObject\",\"inLanguage\":\"de\",\"@id\":\"https:\/\/twoeco.sk\/#\/schema\/logo\/image\/\",\"url\":\"https:\/\/twoeco.sk\/wp-content\/uploads\/2016\/05\/logo-two-eco-farba.png\",\"contentUrl\":\"https:\/\/twoeco.sk\/wp-content\/uploads\/2016\/05\/logo-two-eco-farba.png\",\"width\":318,\"height\":74,\"caption\":\"Two ECO, s.r.o.\"},\"image\":{\"@id\":\"https:\/\/twoeco.sk\/#\/schema\/logo\/image\/\"},\"sameAs\":[\"https:\/\/www.facebook.com\/Ionimax-1357153714295887\/\"]}]}<\/script>\n<!-- \/ Yoast SEO plugin. -->","yoast_head_json":{"title":"Rie\u0161enie na probl\u00e9m s\u00a0tvrdou vodou a\u00a0vodn\u00fdm kame\u0148om - Two Eco","robots":{"index":"index","follow":"follow","max-snippet":"max-snippet:-1","max-image-preview":"max-image-preview:large","max-video-preview":"max-video-preview:-1"},"canonical":"https:\/\/twoeco.sk\/riesenie-na-problem-s-tvrdou-vodou\/","og_locale":"de_DE","og_type":"article","og_title":"Rie\u0161enie na probl\u00e9m s\u00a0tvrdou vodou a\u00a0vodn\u00fdm kame\u0148om - Two Eco","og_description":"[vc_row][vc_column][lab_heading title=&#8220;Die L\u00f6sung f\u00fcr Probleme mit hartem Wasser und Kalk&#8220; el_class=&#8220;title &#8220; css=&#8220;.vc_custom_1496012097692{padding-top: 50px !important;}&#8220;]Profitieren Sie von den Eigenschaften des weichen Wassers \u2013 keine neuen Ablagerungen mehr, alte Ablagerungen werden gel\u00f6st[\/lab_heading][vc_column_text css=&#8220;.vc_custom_1496012125388{padding-top: 10px !important;}&#8220;] Bereitet Ihnen hartes Wasser Sorgen? L\u00f6sen Sie Komplikationen rund um Kalkablagerungen? Suchen Sie nach M\u00f6glichkeiten, wie Sie Ihre Versorgungsleitungen und Verbraucher&hellip;","og_url":"https:\/\/twoeco.sk\/riesenie-na-problem-s-tvrdou-vodou\/","og_site_name":"Two Eco","article_publisher":"https:\/\/www.facebook.com\/Ionimax-1357153714295887\/","article_modified_time":"2017-05-28T22:55:38+00:00","twitter_card":"summary_large_image","twitter_misc":{"Gesch\u00e4tzte Lesezeit":"2\u00a0Minuten"},"schema":{"@context":"https:\/\/schema.org","@graph":[{"@type":"WebPage","@id":"https:\/\/twoeco.sk\/riesenie-na-problem-s-tvrdou-vodou\/","url":"https:\/\/twoeco.sk\/riesenie-na-problem-s-tvrdou-vodou\/","name":"Rie\u0161enie na probl\u00e9m s\u00a0tvrdou vodou a\u00a0vodn\u00fdm kame\u0148om - Two Eco","isPartOf":{"@id":"https:\/\/twoeco.sk\/#website"},"datePublished":"2017-03-29T08:19:23+00:00","dateModified":"2017-05-28T22:55:38+00:00","breadcrumb":{"@id":"https:\/\/twoeco.sk\/riesenie-na-problem-s-tvrdou-vodou\/#breadcrumb"},"inLanguage":"de","potentialAction":[{"@type":"ReadAction","target":["https:\/\/twoeco.sk\/riesenie-na-problem-s-tvrdou-vodou\/"]}]},{"@type":"BreadcrumbList","@id":"https:\/\/twoeco.sk\/riesenie-na-problem-s-tvrdou-vodou\/#breadcrumb","itemListElement":[{"@type":"ListItem","position":1,"name":"Home","item":"https:\/\/twoeco.sk\/"},{"@type":"ListItem","position":2,"name":"Rie\u0161enie na probl\u00e9m s\u00a0tvrdou vodou a\u00a0vodn\u00fdm kame\u0148om"}]},{"@type":"WebSite","@id":"https:\/\/twoeco.sk\/#website","url":"https:\/\/twoeco.sk\/","name":"Two Eco","description":"Viac ako \u010dist\u00e1 voda","publisher":{"@id":"https:\/\/twoeco.sk\/#organization"},"potentialAction":[{"@type":"SearchAction","target":{"@type":"EntryPoint","urlTemplate":"https:\/\/twoeco.sk\/?s={search_term_string}"},"query-input":{"@type":"PropertyValueSpecification","valueRequired":true,"valueName":"search_term_string"}}],"inLanguage":"de"},{"@type":"Organization","@id":"https:\/\/twoeco.sk\/#organization","name":"Two ECO, s.r.o.","url":"https:\/\/twoeco.sk\/","logo":{"@type":"ImageObject","inLanguage":"de","@id":"https:\/\/twoeco.sk\/#\/schema\/logo\/image\/","url":"https:\/\/twoeco.sk\/wp-content\/uploads\/2016\/05\/logo-two-eco-farba.png","contentUrl":"https:\/\/twoeco.sk\/wp-content\/uploads\/2016\/05\/logo-two-eco-farba.png","width":318,"height":74,"caption":"Two ECO, s.r.o."},"image":{"@id":"https:\/\/twoeco.sk\/#\/schema\/logo\/image\/"},"sameAs":["https:\/\/www.facebook.com\/Ionimax-1357153714295887\/"]}]}},"_links":{"self":[{"href":"https:\/\/twoeco.sk\/de\/wp-json\/wp\/v2\/pages\/1809"}],"collection":[{"href":"https:\/\/twoeco.sk\/de\/wp-json\/wp\/v2\/pages"}],"about":[{"href":"https:\/\/twoeco.sk\/de\/wp-json\/wp\/v2\/types\/page"}],"author":[{"embeddable":true,"href":"https:\/\/twoeco.sk\/de\/wp-json\/wp\/v2\/users\/3"}],"replies":[{"embeddable":true,"href":"https:\/\/twoeco.sk\/de\/wp-json\/wp\/v2\/comments?post=1809"}],"version-history":[{"count":3,"href":"https:\/\/twoeco.sk\/de\/wp-json\/wp\/v2\/pages\/1809\/revisions"}],"predecessor-version":[{"id":1822,"href":"https:\/\/twoeco.sk\/de\/wp-json\/wp\/v2\/pages\/1809\/revisions\/1822"}],"wp:attachment":[{"href":"https:\/\/twoeco.sk\/de\/wp-json\/wp\/v2\/media?parent=1809"}],"curies":[{"name":"wp","href":"https:\/\/api.w.org\/{rel}","templated":true}]}}