{"id":2146,"date":"2017-08-10T12:46:45","date_gmt":"2017-08-10T10:46:45","guid":{"rendered":"https:\/\/twoeco.sk\/?page_id=2146\/"},"modified":"2017-08-10T12:46:45","modified_gmt":"2017-08-10T10:46:45","slug":"jednoduchsia-udrzba-bez-zbytocnej-chemie","status":"publish","type":"page","link":"https:\/\/twoeco.sk\/de\/jednoduchsia-udrzba-bez-zbytocnej-chemie\/","title":{"rendered":"Jednoduch\u0161ia \u00fadr\u017eba bez zbyto\u010dnej ch\u00e9mie"},"content":{"rendered":"<div class=\"wpb-content-wrapper\"><p>[vc_row css=&#8220;.vc_custom_1489102263611{padding-top: 50px !important;}&#8220;][vc_column][vc_row_inner][vc_column_inner][lab_heading title=&#8220;Einfachere Pflege ohne \u00fcberfl\u00fcssige Chemie&#8220; el_class=&#8220;title centered&#8220;]Kein Kalk mehr, ein wirtschaftlicherer Betrieb und weniger Chemie und Allergien<br \/>\n[\/lab_heading][\/vc_column_inner][\/vc_row_inner][vc_row_inner][vc_column_inner][lab_heading title=&#8220;Einfachere Pflege ohne \u00fcberfl\u00fcssige Chemie&#8220;][\/lab_heading][vc_column_text]<\/p>\n<ul>\n<li><strong>Pflegen Sie Ihren Pool, Ihren Teich oder Ihren Springbrunnen?<\/strong><\/li>\n<li><strong>M\u00f6chten Sie dabei weniger Chemie einsetzen?<\/strong><\/li>\n<li><strong>Bereiten Ihnen Kalkablagerungen in der Leitung, auf den Treppen oder am Bodenauslauf des Pools Sorgen?<\/strong><\/li>\n<\/ul>\n<p>Gem\u00fctliche Stunden am eigenen Pool oder Teich sind nahezu unersetzbar. Wer w\u00fcrde Sie nicht genie\u00dfen? Die Pflege dieser Anlagen kostet jedoch die Besitzer einiges an M\u00fche und Zeit.<\/p>\n<p>Die Beseitigung von Schmutz an der Oberfl\u00e4che, sich bildende Kalkablagerungen, eingefallener Staub und Insekten, die die Bildung von Algen und Tr\u00fcbungen beg\u00fcnstigen, sind bei Pool-Besitzern nicht beliebt.<\/p>\n<p>Ionimax bietet Ihnen Abhilfe und perfekte Vorbeugung \u2013 Sie lassen das Ger\u00e4t einfach in Ihrer Rohrleitung einbauen und neue Kalkablagerungen setzen sich in Ihren Rohrleitungen nicht mehr fest, zudem werden sogar alte Ablagerungen schrittweise abgebaut.<\/p>\n<p>Mit Ionimax aufbereitetes \u2013 also ionisiertes \u2013 Wasser erlaubt es nicht, dass Calcium und andere Mineralstoffe feste kristallische Bindungen bilden und sich festsetzen k\u00f6nnen, sie lassen sich leicht entfernen, oftmals auch ohne Chemie. Ein einfaches Reinigungstuch reicht. Sie reduzieren somit auch die Vermehrung von Keimen in solchen Schichten in der Leitung.\u00a0 Ionimax reduziert die Bakterienzahl im warmen Wasser um mehr als das Zehnfache. Ionimax und ionisiertes Wasser beg\u00fcnstigt auch die Freisetzung von Chlor, seine Fl\u00fcchtigkeit ist h\u00f6her.<\/p>\n<p>Sie k\u00f6nnen die Lebensdauer Ihrer Ger\u00e4te verl\u00e4ngern, den Aufwand f\u00fcr Wartung und Pflege verringern und die Benutzung von einigen chemischen Substanzen, Weichmachern und unn\u00f6tige Allergien darauf vermeiden.\u00a0<strong>Ionimax ist eine ideale Erg\u00e4nzung f\u00fcr jedes installiertes Schwimmbecken,<\/strong> das den Betrieb der Anlage einfacher und effizienter macht.\u00a0Das Ger\u00e4t steht nicht im Weg und st\u00f6rt das Gesamtbild Ihres Heims nicht.[\/vc_column_text][\/vc_column_inner][\/vc_row_inner][\/vc_column][\/vc_row]<\/p>\n<\/div>","protected":false},"excerpt":{"rendered":"<p>[vc_row css=&#8220;.vc_custom_1489102263611{padding-top: 50px !important;}&#8220;][vc_column][vc_row_inner][vc_column_inner][lab_heading title=&#8220;Einfachere Pflege ohne \u00fcberfl\u00fcssige Chemie&#8220; el_class=&#8220;title centered&#8220;]Kein Kalk mehr, ein wirtschaftlicherer Betrieb und weniger Chemie und Allergien [\/lab_heading][\/vc_column_inner][\/vc_row_inner][vc_row_inner][vc_column_inner][lab_heading title=&#8220;Einfachere Pflege ohne \u00fcberfl\u00fcssige Chemie&#8220;][\/lab_heading][vc_column_text] Pflegen Sie Ihren Pool, Ihren Teich oder Ihren Springbrunnen? M\u00f6chten Sie dabei weniger Chemie einsetzen? Bereiten Ihnen Kalkablagerungen in der Leitung, auf den Treppen oder am Bodenauslauf des&hellip;<\/p>\n","protected":false},"author":3,"featured_media":0,"parent":0,"menu_order":0,"comment_status":"closed","ping_status":"closed","template":"","meta":{"_acf_changed":false,"footnotes":""},"class_list":["post-2146","page","type-page","status-publish","hentry"],"acf":[],"yoast_head":"<!-- This site is optimized with the Yoast SEO plugin v23.6 - https:\/\/yoast.com\/wordpress\/plugins\/seo\/ -->\n<title>Jednoduch\u0161ia \u00fadr\u017eba bez zbyto\u010dnej ch\u00e9mie - Two Eco<\/title>\n<meta name=\"robots\" content=\"index, follow, max-snippet:-1, max-image-preview:large, max-video-preview:-1\" \/>\n<link rel=\"canonical\" href=\"https:\/\/twoeco.sk\/jednoduchsia-udrzba-bez-zbytocnej-chemie\/\" \/>\n<meta property=\"og:locale\" content=\"de_DE\" \/>\n<meta property=\"og:type\" content=\"article\" \/>\n<meta property=\"og:title\" content=\"Jednoduch\u0161ia \u00fadr\u017eba bez zbyto\u010dnej ch\u00e9mie - Two Eco\" \/>\n<meta property=\"og:description\" content=\"[vc_row css=&#8220;.vc_custom_1489102263611{padding-top: 50px !important;}&#8220;][vc_column][vc_row_inner][vc_column_inner][lab_heading title=&#8220;Einfachere Pflege ohne \u00fcberfl\u00fcssige Chemie&#8220; el_class=&#8220;title centered&#8220;]Kein Kalk mehr, ein wirtschaftlicherer Betrieb und weniger Chemie und Allergien [\/lab_heading][\/vc_column_inner][\/vc_row_inner][vc_row_inner][vc_column_inner][lab_heading title=&#8220;Einfachere Pflege ohne \u00fcberfl\u00fcssige Chemie&#8220;][\/lab_heading][vc_column_text] Pflegen Sie Ihren Pool, Ihren Teich oder Ihren Springbrunnen? M\u00f6chten Sie dabei weniger Chemie einsetzen? Bereiten Ihnen Kalkablagerungen in der Leitung, auf den Treppen oder am Bodenauslauf des&hellip;\" \/>\n<meta property=\"og:url\" content=\"https:\/\/twoeco.sk\/jednoduchsia-udrzba-bez-zbytocnej-chemie\/\" \/>\n<meta property=\"og:site_name\" content=\"Two Eco\" \/>\n<meta property=\"article:publisher\" content=\"https:\/\/www.facebook.com\/Ionimax-1357153714295887\/\" \/>\n<meta name=\"twitter:card\" content=\"summary_large_image\" \/>\n<meta name=\"twitter:label1\" content=\"Gesch\u00e4tzte Lesezeit\" \/>\n\t<meta name=\"twitter:data1\" content=\"2\u00a0Minuten\" \/>\n<script type=\"application\/ld+json\" class=\"yoast-schema-graph\">{\"@context\":\"https:\/\/schema.org\",\"@graph\":[{\"@type\":\"WebPage\",\"@id\":\"https:\/\/twoeco.sk\/jednoduchsia-udrzba-bez-zbytocnej-chemie\/\",\"url\":\"https:\/\/twoeco.sk\/jednoduchsia-udrzba-bez-zbytocnej-chemie\/\",\"name\":\"Jednoduch\u0161ia \u00fadr\u017eba bez zbyto\u010dnej ch\u00e9mie - Two Eco\",\"isPartOf\":{\"@id\":\"https:\/\/twoeco.sk\/#website\"},\"datePublished\":\"2017-08-10T10:46:45+00:00\",\"dateModified\":\"2017-08-10T10:46:45+00:00\",\"breadcrumb\":{\"@id\":\"https:\/\/twoeco.sk\/jednoduchsia-udrzba-bez-zbytocnej-chemie\/#breadcrumb\"},\"inLanguage\":\"de\",\"potentialAction\":[{\"@type\":\"ReadAction\",\"target\":[\"https:\/\/twoeco.sk\/jednoduchsia-udrzba-bez-zbytocnej-chemie\/\"]}]},{\"@type\":\"BreadcrumbList\",\"@id\":\"https:\/\/twoeco.sk\/jednoduchsia-udrzba-bez-zbytocnej-chemie\/#breadcrumb\",\"itemListElement\":[{\"@type\":\"ListItem\",\"position\":1,\"name\":\"Home\",\"item\":\"https:\/\/twoeco.sk\/\"},{\"@type\":\"ListItem\",\"position\":2,\"name\":\"Jednoduch\u0161ia \u00fadr\u017eba bez zbyto\u010dnej ch\u00e9mie\"}]},{\"@type\":\"WebSite\",\"@id\":\"https:\/\/twoeco.sk\/#website\",\"url\":\"https:\/\/twoeco.sk\/\",\"name\":\"Two Eco\",\"description\":\"Viac ako \u010dist\u00e1 voda\",\"publisher\":{\"@id\":\"https:\/\/twoeco.sk\/#organization\"},\"potentialAction\":[{\"@type\":\"SearchAction\",\"target\":{\"@type\":\"EntryPoint\",\"urlTemplate\":\"https:\/\/twoeco.sk\/?s={search_term_string}\"},\"query-input\":{\"@type\":\"PropertyValueSpecification\",\"valueRequired\":true,\"valueName\":\"search_term_string\"}}],\"inLanguage\":\"de\"},{\"@type\":\"Organization\",\"@id\":\"https:\/\/twoeco.sk\/#organization\",\"name\":\"Two ECO, s.r.o.\",\"url\":\"https:\/\/twoeco.sk\/\",\"logo\":{\"@type\":\"ImageObject\",\"inLanguage\":\"de\",\"@id\":\"https:\/\/twoeco.sk\/#\/schema\/logo\/image\/\",\"url\":\"https:\/\/twoeco.sk\/wp-content\/uploads\/2016\/05\/logo-two-eco-farba.png\",\"contentUrl\":\"https:\/\/twoeco.sk\/wp-content\/uploads\/2016\/05\/logo-two-eco-farba.png\",\"width\":318,\"height\":74,\"caption\":\"Two ECO, s.r.o.\"},\"image\":{\"@id\":\"https:\/\/twoeco.sk\/#\/schema\/logo\/image\/\"},\"sameAs\":[\"https:\/\/www.facebook.com\/Ionimax-1357153714295887\/\"]}]}<\/script>\n<!-- \/ Yoast SEO plugin. -->","yoast_head_json":{"title":"Jednoduch\u0161ia \u00fadr\u017eba bez zbyto\u010dnej ch\u00e9mie - Two Eco","robots":{"index":"index","follow":"follow","max-snippet":"max-snippet:-1","max-image-preview":"max-image-preview:large","max-video-preview":"max-video-preview:-1"},"canonical":"https:\/\/twoeco.sk\/jednoduchsia-udrzba-bez-zbytocnej-chemie\/","og_locale":"de_DE","og_type":"article","og_title":"Jednoduch\u0161ia \u00fadr\u017eba bez zbyto\u010dnej ch\u00e9mie - Two Eco","og_description":"[vc_row css=&#8220;.vc_custom_1489102263611{padding-top: 50px !important;}&#8220;][vc_column][vc_row_inner][vc_column_inner][lab_heading title=&#8220;Einfachere Pflege ohne \u00fcberfl\u00fcssige Chemie&#8220; el_class=&#8220;title centered&#8220;]Kein Kalk mehr, ein wirtschaftlicherer Betrieb und weniger Chemie und Allergien [\/lab_heading][\/vc_column_inner][\/vc_row_inner][vc_row_inner][vc_column_inner][lab_heading title=&#8220;Einfachere Pflege ohne \u00fcberfl\u00fcssige Chemie&#8220;][\/lab_heading][vc_column_text] Pflegen Sie Ihren Pool, Ihren Teich oder Ihren Springbrunnen? M\u00f6chten Sie dabei weniger Chemie einsetzen? Bereiten Ihnen Kalkablagerungen in der Leitung, auf den Treppen oder am Bodenauslauf des&hellip;","og_url":"https:\/\/twoeco.sk\/jednoduchsia-udrzba-bez-zbytocnej-chemie\/","og_site_name":"Two Eco","article_publisher":"https:\/\/www.facebook.com\/Ionimax-1357153714295887\/","twitter_card":"summary_large_image","twitter_misc":{"Gesch\u00e4tzte Lesezeit":"2\u00a0Minuten"},"schema":{"@context":"https:\/\/schema.org","@graph":[{"@type":"WebPage","@id":"https:\/\/twoeco.sk\/jednoduchsia-udrzba-bez-zbytocnej-chemie\/","url":"https:\/\/twoeco.sk\/jednoduchsia-udrzba-bez-zbytocnej-chemie\/","name":"Jednoduch\u0161ia \u00fadr\u017eba bez zbyto\u010dnej ch\u00e9mie - Two Eco","isPartOf":{"@id":"https:\/\/twoeco.sk\/#website"},"datePublished":"2017-08-10T10:46:45+00:00","dateModified":"2017-08-10T10:46:45+00:00","breadcrumb":{"@id":"https:\/\/twoeco.sk\/jednoduchsia-udrzba-bez-zbytocnej-chemie\/#breadcrumb"},"inLanguage":"de","potentialAction":[{"@type":"ReadAction","target":["https:\/\/twoeco.sk\/jednoduchsia-udrzba-bez-zbytocnej-chemie\/"]}]},{"@type":"BreadcrumbList","@id":"https:\/\/twoeco.sk\/jednoduchsia-udrzba-bez-zbytocnej-chemie\/#breadcrumb","itemListElement":[{"@type":"ListItem","position":1,"name":"Home","item":"https:\/\/twoeco.sk\/"},{"@type":"ListItem","position":2,"name":"Jednoduch\u0161ia \u00fadr\u017eba bez zbyto\u010dnej ch\u00e9mie"}]},{"@type":"WebSite","@id":"https:\/\/twoeco.sk\/#website","url":"https:\/\/twoeco.sk\/","name":"Two Eco","description":"Viac ako \u010dist\u00e1 voda","publisher":{"@id":"https:\/\/twoeco.sk\/#organization"},"potentialAction":[{"@type":"SearchAction","target":{"@type":"EntryPoint","urlTemplate":"https:\/\/twoeco.sk\/?s={search_term_string}"},"query-input":{"@type":"PropertyValueSpecification","valueRequired":true,"valueName":"search_term_string"}}],"inLanguage":"de"},{"@type":"Organization","@id":"https:\/\/twoeco.sk\/#organization","name":"Two ECO, s.r.o.","url":"https:\/\/twoeco.sk\/","logo":{"@type":"ImageObject","inLanguage":"de","@id":"https:\/\/twoeco.sk\/#\/schema\/logo\/image\/","url":"https:\/\/twoeco.sk\/wp-content\/uploads\/2016\/05\/logo-two-eco-farba.png","contentUrl":"https:\/\/twoeco.sk\/wp-content\/uploads\/2016\/05\/logo-two-eco-farba.png","width":318,"height":74,"caption":"Two ECO, s.r.o."},"image":{"@id":"https:\/\/twoeco.sk\/#\/schema\/logo\/image\/"},"sameAs":["https:\/\/www.facebook.com\/Ionimax-1357153714295887\/"]}]}},"_links":{"self":[{"href":"https:\/\/twoeco.sk\/de\/wp-json\/wp\/v2\/pages\/2146"}],"collection":[{"href":"https:\/\/twoeco.sk\/de\/wp-json\/wp\/v2\/pages"}],"about":[{"href":"https:\/\/twoeco.sk\/de\/wp-json\/wp\/v2\/types\/page"}],"author":[{"embeddable":true,"href":"https:\/\/twoeco.sk\/de\/wp-json\/wp\/v2\/users\/3"}],"replies":[{"embeddable":true,"href":"https:\/\/twoeco.sk\/de\/wp-json\/wp\/v2\/comments?post=2146"}],"version-history":[{"count":1,"href":"https:\/\/twoeco.sk\/de\/wp-json\/wp\/v2\/pages\/2146\/revisions"}],"predecessor-version":[{"id":2147,"href":"https:\/\/twoeco.sk\/de\/wp-json\/wp\/v2\/pages\/2146\/revisions\/2147"}],"wp:attachment":[{"href":"https:\/\/twoeco.sk\/de\/wp-json\/wp\/v2\/media?parent=2146"}],"curies":[{"name":"wp","href":"https:\/\/api.w.org\/{rel}","templated":true}]}}