{"id":1385,"date":"2017-05-10T20:40:37","date_gmt":"2017-05-10T18:40:37","guid":{"rendered":"https:\/\/twoeco.sk\/preservation-of-nutrients-micronutrients-and-minerals\/"},"modified":"2017-06-01T12:16:51","modified_gmt":"2017-06-01T10:16:51","slug":"preservation-of-nutrients-micronutrients-and-minerals","status":"publish","type":"page","link":"https:\/\/twoeco.sk\/en\/preservation-of-nutrients-micronutrients-and-minerals\/","title":{"rendered":"Preservation of Nutrients, Micronutrients and Minerals"},"content":{"rendered":"<div class=\"wpb-content-wrapper\"><p>[vc_row css=&#8221;.vc_custom_1489102263611{padding-top: 50px !important;}&#8221;][vc_column][vc_row_inner][vc_column_inner][lab_heading title=&#8221;Preservation of Nutrients, Micronutrients and Minerals&#8221; el_class=&#8221;title centered&#8221;]Drink only tasty water containing everything important for your body<br \/>\n[\/lab_heading][\/vc_column_inner][\/vc_row_inner][vc_row_inner][vc_column_inner width=&#8221;1\/2&#8243;][lab_heading title=&#8221;Preservation of Nutrients, Micronutrients and Minerals&#8221;][\/lab_heading][vc_column_text]<\/p>\n<div class=\"page\" title=\"Page 6\">\n<div class=\"layoutArea\">\n<div class=\"column\">\n<p>Drink only tasty water containing everything important for your body<\/p>\n<ul>\n<li><strong>Are you interested in quality and composition of water in your pipeline?<\/strong><\/li>\n<li><strong>Are you trying to avoid unsuitable or unnecessary filtering of your drinking water?<\/strong><\/li>\n<li><strong>Are you interested in providing high-quality hydration for yourself, your animals and plants?<\/strong><\/li>\n<\/ul>\n<div class=\"page\" title=\"Page 6\">\n<div class=\"layoutArea\">\n<div class=\"column\">\n<p>I think we can agree on the fact that people should not drink distilled water.<\/p>\n<\/div>\n<\/div>\n<\/div>\n<\/div>\n<div class=\"page\" title=\"Page 6\">\n<div class=\"page\" title=\"Page 6\">\n<div class=\"layoutArea\">\n<div class=\"column\">\n<p><strong>But what is the quality of the water we drink?<\/strong> Is it really as dirty and toxic as you can ofter read and hear? We know the environment is changing and in some countries, even having a shower in water from distribution line may be toxic. Is it necessary to filter the water? Drinking water in Slovakia comes mainly from ground sources (over 80 percent), less than 20% comes from surface sources. The quality parameters and requirements are clearly set, monitored and results are publicly presented. Shortcomings and exceeding the limits takes place to a minimum extent. It is possible to say that situation with water pollution in<br \/>\nSlovakia is currently positive.<\/p>\n<div class=\"page\" title=\"Page 6\">\n<div class=\"layoutArea\">\n<div class=\"column\">\n<p>At the national level, the drinking water quality requirements are set by the Act No.<br \/>\n355\/2007 Coll. on Protection, Support and Development of Public Health and on<br \/>\namendments and supplement of certain acts as later amended by the Slovak Government Order No. 354\/2006 Coll. laying down the requirements for water intended for human consumption and quality control of water intended for human consumption as amended by the Slovak Government Order No. 496\/2010 Coll. If it is different in the area where you live, we recommend to combine ionimax with filtering. Instruction for location of filter and<br \/>\nionimax is in the enclosed guidelines.<\/p>\n<\/div>\n<\/div>\n<\/div>\n<\/div>\n<\/div>\n<\/div>\n<\/div>\n<\/div>\n<\/div>\n<p>[\/vc_column_text][lab_heading title=&#8221;Pod\u013ea obsahu rozpusten\u00fdch miner\u00e1lnych l\u00e1tok vo vode, m\u00f4\u017ee voda by\u0165: &#8220;][\/lab_heading][vc_column_text]<\/p>\n<div class=\"page\" title=\"Page 6\">\n<div class=\"layoutArea\">\n<div class=\"column\">\n<ul>\n<li><strong>Distilled<\/strong> \u2013 minerals are completely removed<\/li>\n<li><strong>Soft<\/strong> \u2013 low content of minerals<\/li>\n<li><strong>Hard<\/strong> \u2013 water from ground sources, higher content of minerals.<\/li>\n<\/ul>\n<\/div>\n<\/div>\n<\/div>\n<p>[\/vc_column_text][\/vc_column_inner][vc_column_inner width=&#8221;1\/2&#8243; css=&#8221;.vc_custom_1489133636520{margin-top: 24px !important;}&#8221;][vc_column_text]<\/p>\n<div class=\"page\" title=\"Page 6\">\n<div class=\"layoutArea\">\n<div class=\"column\">\n<p><strong>Obviously, minerals are very important for all living organisms.<\/strong> For human, they are not<br \/>\nonly part of body structure and various tissues &#8211; they are included into vital metabollic processes within the organism. They are a permanent and essential part of all cells and<br \/>\nbodily fluids. They are included in various ensyme systems, hormones, vitamins and various functional mollecules.<\/p>\n<div class=\"page\" title=\"Page 6\">\n<div class=\"layoutArea\">\n<div class=\"column\">\n<p><strong>Plant nutrition<\/strong> is defined as income of mineral (anorganic) la\u0301tok. Soil (nutrient solution) is<br \/>\nthe source of plant nutrition, for water plants, the source is water. The part is root. From the known elements, almost all of them have been discovered in plants, however, not all of them are necessary for the plant. Elements necessary for life are called <strong>biogenic elements.<\/strong> Without biogenic elements, it is impossible for the plant to live and none of such elements may be substituted by other one.<\/p>\n<\/div>\n<\/div>\n<\/div>\n<\/div>\n<\/div>\n<\/div>\n<p>[\/vc_column_text][vc_single_image image=&#8221;893&#8243; img_size=&#8221;full&#8221; alignment=&#8221;center&#8221;][\/vc_column_inner][\/vc_row_inner][vc_row_inner][vc_column_inner][lab_heading title=&#8221;Opposing requirements to household water? Hard versus soft?&#8221;][\/lab_heading][vc_column_text]<\/p>\n<div class=\"page\" title=\"Page 6\">\n<div class=\"layoutArea\">\n<div class=\"column\">\n<p><strong>For<\/strong> <strong>people\u2019s<\/strong> <strong>health<\/strong>, of course, it is <strong>more<\/strong> <strong>important<\/strong> <strong>to<\/strong> <strong>drink<\/strong> <strong>water<\/strong> containing more minerals, i.e. harder water. On the contrary, for <strong>washing<\/strong>, <strong>cleaning<\/strong>, etc. in the household, <strong>we<\/strong> <strong>prefer<\/strong> <strong>softer<\/strong> <strong>water<\/strong>. How is it possible to satisfy both such different requirements?<\/p>\n<p><strong>The ideal solution is to use water ionizer &#8211; ionimax. It does not change chemical composition of water within the piping. It changes its physical structure. That means hard water with characteristics of soft water.<\/strong> The water keeps its minerals and nutrients, even ionized for better absorption. At the same time,<strong> they are not able to make solid, crystalline coupling in your pipeline, appliances, air conditioning, clothes and everywhere it used to cause problems before.<\/strong> Ionimax does not hinder in any way or interfere with aesthetics of your home.<\/p>\n<\/div>\n<\/div>\n<\/div>\n<p>[\/vc_column_text][\/vc_column_inner][\/vc_row_inner][\/vc_column][\/vc_row]<\/p>\n<\/div>","protected":false},"excerpt":{"rendered":"<p>[vc_row css=&#8221;.vc_custom_1489102263611{padding-top: 50px !important;}&#8221;][vc_column][vc_row_inner][vc_column_inner][lab_heading title=&#8221;Preservation of Nutrients, Micronutrients and Minerals&#8221; el_class=&#8221;title centered&#8221;]Drink only tasty water containing everything important for your body [\/lab_heading][\/vc_column_inner][\/vc_row_inner][vc_row_inner][vc_column_inner width=&#8221;1\/2&#8243;][lab_heading title=&#8221;Preservation of Nutrients, Micronutrients and Minerals&#8221;][\/lab_heading][vc_column_text] Drink only tasty water containing everything important for your body Are you interested in quality and composition of water in your pipeline? Are you trying to&hellip;<\/p>\n","protected":false},"author":3,"featured_media":0,"parent":0,"menu_order":0,"comment_status":"closed","ping_status":"closed","template":"","meta":{"_acf_changed":false,"footnotes":""},"class_list":["post-1385","page","type-page","status-publish","hentry"],"acf":[],"yoast_head":"<!-- This site is optimized with the Yoast SEO plugin v23.6 - https:\/\/yoast.com\/wordpress\/plugins\/seo\/ -->\n<title>Preservation of Nutrients, Micronutrients and Minerals - Two Eco<\/title>\n<meta name=\"robots\" content=\"index, follow, max-snippet:-1, max-image-preview:large, max-video-preview:-1\" \/>\n<link rel=\"canonical\" href=\"https:\/\/twoeco.sk\/zachovane-ziviny-stopove-prvky-a-mineraly\/\" \/>\n<meta property=\"og:locale\" content=\"en_US\" \/>\n<meta property=\"og:type\" content=\"article\" \/>\n<meta property=\"og:title\" content=\"Preservation of Nutrients, Micronutrients and Minerals - Two Eco\" \/>\n<meta property=\"og:description\" content=\"[vc_row css=&#8221;.vc_custom_1489102263611{padding-top: 50px !important;}&#8221;][vc_column][vc_row_inner][vc_column_inner][lab_heading title=&#8221;Preservation of Nutrients, Micronutrients and Minerals&#8221; el_class=&#8221;title centered&#8221;]Drink only tasty water containing everything important for your body [\/lab_heading][\/vc_column_inner][\/vc_row_inner][vc_row_inner][vc_column_inner width=&#8221;1\/2&#8243;][lab_heading title=&#8221;Preservation of Nutrients, Micronutrients and Minerals&#8221;][\/lab_heading][vc_column_text] Drink only tasty water containing everything important for your body Are you interested in quality and composition of water in your pipeline? Are you trying to&hellip;\" \/>\n<meta property=\"og:url\" content=\"https:\/\/twoeco.sk\/zachovane-ziviny-stopove-prvky-a-mineraly\/\" \/>\n<meta property=\"og:site_name\" content=\"Two Eco\" \/>\n<meta property=\"article:publisher\" content=\"https:\/\/www.facebook.com\/Ionimax-1357153714295887\/\" \/>\n<meta property=\"article:modified_time\" content=\"2017-06-01T10:16:51+00:00\" \/>\n<meta name=\"twitter:card\" content=\"summary_large_image\" \/>\n<meta name=\"twitter:label1\" content=\"Est. reading time\" \/>\n\t<meta name=\"twitter:data1\" content=\"4 minutes\" \/>\n<script type=\"application\/ld+json\" class=\"yoast-schema-graph\">{\"@context\":\"https:\/\/schema.org\",\"@graph\":[{\"@type\":\"WebPage\",\"@id\":\"https:\/\/twoeco.sk\/zachovane-ziviny-stopove-prvky-a-mineraly\/\",\"url\":\"https:\/\/twoeco.sk\/zachovane-ziviny-stopove-prvky-a-mineraly\/\",\"name\":\"Preservation of Nutrients, Micronutrients and Minerals - Two Eco\",\"isPartOf\":{\"@id\":\"https:\/\/twoeco.sk\/#website\"},\"datePublished\":\"2017-05-10T18:40:37+00:00\",\"dateModified\":\"2017-06-01T10:16:51+00:00\",\"breadcrumb\":{\"@id\":\"https:\/\/twoeco.sk\/zachovane-ziviny-stopove-prvky-a-mineraly\/#breadcrumb\"},\"inLanguage\":\"en-US\",\"potentialAction\":[{\"@type\":\"ReadAction\",\"target\":[\"https:\/\/twoeco.sk\/zachovane-ziviny-stopove-prvky-a-mineraly\/\"]}]},{\"@type\":\"BreadcrumbList\",\"@id\":\"https:\/\/twoeco.sk\/zachovane-ziviny-stopove-prvky-a-mineraly\/#breadcrumb\",\"itemListElement\":[{\"@type\":\"ListItem\",\"position\":1,\"name\":\"Home\",\"item\":\"https:\/\/twoeco.sk\/en\/\"},{\"@type\":\"ListItem\",\"position\":2,\"name\":\"Preservation of Nutrients, Micronutrients and Minerals\"}]},{\"@type\":\"WebSite\",\"@id\":\"https:\/\/twoeco.sk\/#website\",\"url\":\"https:\/\/twoeco.sk\/\",\"name\":\"Two Eco\",\"description\":\"Viac ako \u010dist\u00e1 voda\",\"publisher\":{\"@id\":\"https:\/\/twoeco.sk\/#organization\"},\"potentialAction\":[{\"@type\":\"SearchAction\",\"target\":{\"@type\":\"EntryPoint\",\"urlTemplate\":\"https:\/\/twoeco.sk\/?s={search_term_string}\"},\"query-input\":{\"@type\":\"PropertyValueSpecification\",\"valueRequired\":true,\"valueName\":\"search_term_string\"}}],\"inLanguage\":\"en-US\"},{\"@type\":\"Organization\",\"@id\":\"https:\/\/twoeco.sk\/#organization\",\"name\":\"Two ECO, s.r.o.\",\"url\":\"https:\/\/twoeco.sk\/\",\"logo\":{\"@type\":\"ImageObject\",\"inLanguage\":\"en-US\",\"@id\":\"https:\/\/twoeco.sk\/#\/schema\/logo\/image\/\",\"url\":\"https:\/\/twoeco.sk\/wp-content\/uploads\/2016\/05\/logo-two-eco-farba.png\",\"contentUrl\":\"https:\/\/twoeco.sk\/wp-content\/uploads\/2016\/05\/logo-two-eco-farba.png\",\"width\":318,\"height\":74,\"caption\":\"Two ECO, s.r.o.\"},\"image\":{\"@id\":\"https:\/\/twoeco.sk\/#\/schema\/logo\/image\/\"},\"sameAs\":[\"https:\/\/www.facebook.com\/Ionimax-1357153714295887\/\"]}]}<\/script>\n<!-- \/ Yoast SEO plugin. -->","yoast_head_json":{"title":"Preservation of Nutrients, Micronutrients and Minerals - Two Eco","robots":{"index":"index","follow":"follow","max-snippet":"max-snippet:-1","max-image-preview":"max-image-preview:large","max-video-preview":"max-video-preview:-1"},"canonical":"https:\/\/twoeco.sk\/zachovane-ziviny-stopove-prvky-a-mineraly\/","og_locale":"en_US","og_type":"article","og_title":"Preservation of Nutrients, Micronutrients and Minerals - Two Eco","og_description":"[vc_row css=&#8221;.vc_custom_1489102263611{padding-top: 50px !important;}&#8221;][vc_column][vc_row_inner][vc_column_inner][lab_heading title=&#8221;Preservation of Nutrients, Micronutrients and Minerals&#8221; el_class=&#8221;title centered&#8221;]Drink only tasty water containing everything important for your body [\/lab_heading][\/vc_column_inner][\/vc_row_inner][vc_row_inner][vc_column_inner width=&#8221;1\/2&#8243;][lab_heading title=&#8221;Preservation of Nutrients, Micronutrients and Minerals&#8221;][\/lab_heading][vc_column_text] Drink only tasty water containing everything important for your body Are you interested in quality and composition of water in your pipeline? Are you trying to&hellip;","og_url":"https:\/\/twoeco.sk\/zachovane-ziviny-stopove-prvky-a-mineraly\/","og_site_name":"Two Eco","article_publisher":"https:\/\/www.facebook.com\/Ionimax-1357153714295887\/","article_modified_time":"2017-06-01T10:16:51+00:00","twitter_card":"summary_large_image","twitter_misc":{"Est. reading time":"4 minutes"},"schema":{"@context":"https:\/\/schema.org","@graph":[{"@type":"WebPage","@id":"https:\/\/twoeco.sk\/zachovane-ziviny-stopove-prvky-a-mineraly\/","url":"https:\/\/twoeco.sk\/zachovane-ziviny-stopove-prvky-a-mineraly\/","name":"Preservation of Nutrients, Micronutrients and Minerals - Two Eco","isPartOf":{"@id":"https:\/\/twoeco.sk\/#website"},"datePublished":"2017-05-10T18:40:37+00:00","dateModified":"2017-06-01T10:16:51+00:00","breadcrumb":{"@id":"https:\/\/twoeco.sk\/zachovane-ziviny-stopove-prvky-a-mineraly\/#breadcrumb"},"inLanguage":"en-US","potentialAction":[{"@type":"ReadAction","target":["https:\/\/twoeco.sk\/zachovane-ziviny-stopove-prvky-a-mineraly\/"]}]},{"@type":"BreadcrumbList","@id":"https:\/\/twoeco.sk\/zachovane-ziviny-stopove-prvky-a-mineraly\/#breadcrumb","itemListElement":[{"@type":"ListItem","position":1,"name":"Home","item":"https:\/\/twoeco.sk\/en\/"},{"@type":"ListItem","position":2,"name":"Preservation of Nutrients, Micronutrients and Minerals"}]},{"@type":"WebSite","@id":"https:\/\/twoeco.sk\/#website","url":"https:\/\/twoeco.sk\/","name":"Two Eco","description":"Viac ako \u010dist\u00e1 voda","publisher":{"@id":"https:\/\/twoeco.sk\/#organization"},"potentialAction":[{"@type":"SearchAction","target":{"@type":"EntryPoint","urlTemplate":"https:\/\/twoeco.sk\/?s={search_term_string}"},"query-input":{"@type":"PropertyValueSpecification","valueRequired":true,"valueName":"search_term_string"}}],"inLanguage":"en-US"},{"@type":"Organization","@id":"https:\/\/twoeco.sk\/#organization","name":"Two ECO, s.r.o.","url":"https:\/\/twoeco.sk\/","logo":{"@type":"ImageObject","inLanguage":"en-US","@id":"https:\/\/twoeco.sk\/#\/schema\/logo\/image\/","url":"https:\/\/twoeco.sk\/wp-content\/uploads\/2016\/05\/logo-two-eco-farba.png","contentUrl":"https:\/\/twoeco.sk\/wp-content\/uploads\/2016\/05\/logo-two-eco-farba.png","width":318,"height":74,"caption":"Two ECO, s.r.o."},"image":{"@id":"https:\/\/twoeco.sk\/#\/schema\/logo\/image\/"},"sameAs":["https:\/\/www.facebook.com\/Ionimax-1357153714295887\/"]}]}},"_links":{"self":[{"href":"https:\/\/twoeco.sk\/en\/wp-json\/wp\/v2\/pages\/1385"}],"collection":[{"href":"https:\/\/twoeco.sk\/en\/wp-json\/wp\/v2\/pages"}],"about":[{"href":"https:\/\/twoeco.sk\/en\/wp-json\/wp\/v2\/types\/page"}],"author":[{"embeddable":true,"href":"https:\/\/twoeco.sk\/en\/wp-json\/wp\/v2\/users\/3"}],"replies":[{"embeddable":true,"href":"https:\/\/twoeco.sk\/en\/wp-json\/wp\/v2\/comments?post=1385"}],"version-history":[{"count":8,"href":"https:\/\/twoeco.sk\/en\/wp-json\/wp\/v2\/pages\/1385\/revisions"}],"predecessor-version":[{"id":1918,"href":"https:\/\/twoeco.sk\/en\/wp-json\/wp\/v2\/pages\/1385\/revisions\/1918"}],"wp:attachment":[{"href":"https:\/\/twoeco.sk\/en\/wp-json\/wp\/v2\/media?parent=1385"}],"curies":[{"name":"wp","href":"https:\/\/api.w.org\/{rel}","templated":true}]}}