{"id":2037,"date":"2017-03-10T00:30:26","date_gmt":"2017-03-09T23:30:26","guid":{"rendered":"https:\/\/twoeco.sk\/ionimax\/"},"modified":"2017-06-25T20:35:51","modified_gmt":"2017-06-25T18:35:51","slug":"ionimax","status":"publish","type":"page","link":"https:\/\/twoeco.sk\/fr\/ionimax\/","title":{"rendered":"ionimax\u00ae"},"content":{"rendered":"<div class=\"wpb-content-wrapper\"><p>[vc_row css=\u00a0\u00bb.vc_custom_1489102263611{padding-top: 50px !important;}\u00a0\u00bb][vc_column][vc_row_inner][vc_column_inner][lab_heading title=\u00a0\u00bbionimax\u00ae\u00a0\u00bb el_class=\u00a0\u00bbtitle centered\u00a0\u00bb]Appareil de polarisation ionique[\/lab_heading][vc_single_image image=\u00a0\u00bb1156&Prime; img_size=\u00a0\u00bbfull\u00a0\u00bb alignment=\u00a0\u00bbcenter\u00a0\u00bb][\/vc_column_inner][\/vc_row_inner][vc_row_inner][vc_column_inner width=\u00a0\u00bb1\/2&Prime;][lab_heading title=\u00a0\u00bbDescription du produit\u00a0\u00bb][\/lab_heading][vc_column_text]<strong>Appareil de polarisation ionique \u2013 IONIMAX<\/strong> \u2013 est un dispositif du traitement d&rsquo;eau, qui sert \u00e0 \u00e9viter la d\u00e9position du tartre, favorise son d\u00e9capage et pr\u00e9sent aussi d&rsquo;autres avantages.<\/p>\n<p>IONIMAX consiste en une chambre \u00e0 flux, qui poss\u00e8de des trous d&rsquo;entr\u00e9e et de sortie. Dans cette chambre, il y a au moins deux \u00e9lectrodes install\u00e9es. Les deux \u00e9lectrodes sont form\u00e9es de deux mat\u00e9riaux diff\u00e9rents, conducteurs d&rsquo;\u00e9lectricit\u00e9 toutes les deux. L&rsquo;eau qui coule forme, avec ces deux \u00e9lectrodes une pile galvanique humide. La tension \u00e9lectrique de la pile est suffisante pour polariser les mol\u00e9cules de l&rsquo;eau traversant le corps.<\/p>\n<p>La valeur de cette tension est de 0,6 \u2013 0,8 V. La tension d\u00e9pend de la conductibilit\u00e9 d&rsquo;eau. On peut profiter de cet effet pour les eaux de conductivit\u00e9 de 50 \u2013 2 000 \u00b5S\/cm\u00b2, dont dans les eaux courantes o\u00f9 la teneur en sels fait de 50 \u00e0 2 000 mg\/l.<\/p>\n<p>L&rsquo;\u00e9coulement d&rsquo;eau entre ces \u00e9lectrodes suscite, quand les sels du calcium (Ca2*), du magn\u00e9sium (Mg*), de fer (Fe2*, 3*), pr\u00e9sent\u00e9s dans l&rsquo;eau en forme des carbonates, sulfates ou chlorures, le ph\u00e9nom\u00e8ne de d\u00e9composition (dissociation) en hydroxydes. En cons\u00e9quence, ces particules perdent leur capacit\u00e9 de former des d\u00e9p\u00f4ts cristallins dans les conduits, chauffe-eau, \u00e9changeurs de chaleur, etc.<\/p>\n<p>La nature du traitement physique d&rsquo;eau fait le \u00ab\u00a0transfert\u201c ou \u201ed\u00e9position\u201c de la charge \u00e9lectrique libre aux mol\u00e9cules particuli\u00e8res d&rsquo;eau, l&rsquo;eau qui en cons\u00e9quence devient polaris\u00e9es (orientation unitaire). En cons\u00e9quence de ce fait, la forme des mati\u00e8res solides solubles \u00e0 l&rsquo;eau change de mani\u00e8re \u00e0 \u00e9viter la formation de la grille cristalline, comme leur forme est leur taille diff\u00e8rent. La formation de dit carbonates ne cesse pas, mais ils prennent la forme des particules molles \u2013 une lie anodine, facile \u00e0 enlever, au lieu des pr\u00e9cipit\u00e9s cristallins solides. La d\u00e9position s&rsquo;arr\u00eate et le tartre se dissipe peu \u00e0 peu, sans se former de nouveau.[\/vc_column_text][lab_heading title=\u00a0\u00bbMesures recommand\u00e9es\u00a0\u00bb][\/lab_heading][vc_column_text]L&rsquo;assemblage doit \u00eatre confi\u00e9 \u00e0 un technicien qualifi\u00e9. La garantie du producteur ne couvre aucun dommage occasionn\u00e9 par une manipulation non qualifi\u00e9e. Garder la pi\u00e8ce justificative du montage pour vos besoins. A la coupure d&rsquo;eau prolong\u00e9e de votre syst\u00e8me d&rsquo;eau (cong\u00e9, utilisation \u00e0 la deuxi\u00e8me habitation, etc.), faites d&rsquo;abord \u00e9couler de l&rsquo;eau ou utilisez l&rsquo;eau pour les buts non-potables.<\/p>\n<p><strong>Conditions du stockage:<\/strong><\/p>\n<p>Stocker de mani\u00e8re courante. Le produit est \u00e9tanche.<\/p>\n<p><strong>Long\u00e9vit\u00e9 et l&rsquo;entretien du produit: <\/strong><\/p>\n<p>A l&rsquo;utilisation courante de IONIMAX, la long\u00e9vit\u00e9 maximum recommand\u00e9e par le producteur fait 10 ans. A l&rsquo;environnement tr\u00e8s min\u00e9ralis\u00e9, si l&rsquo;eau contient une teneur \u00e9lev\u00e9e des particules solides etc., nous recommandons pour l&rsquo;appareil l&rsquo;entretien suivant : au besoin, laver par vinaigre chaud.<\/p>\n<p><strong>Conditions du traitement de d\u00e9chets: <\/strong><\/p>\n<p>A la fin de la long\u00e9vit\u00e9 de l&rsquo;appareil, d\u00e9poser aux d\u00e9chets de construction. Les emballages du produit passent aux d\u00e9chets m\u00e9nagers, nous recommandons de les traiter aux d\u00e9chets de papier.<\/p>\n<p><strong>Producteur: <\/strong><\/p>\n<p>Les conditions commerciales g\u00e9n\u00e9rales et le r\u00e8glement des r\u00e9clamations &#8211; voir www.twoeco.sk[\/vc_column_text][\/vc_column_inner][vc_column_inner width=\u00a0\u00bb1\/2&Prime;][lab_heading title=\u00a0\u00bbCertificats et attestations\u00a0\u00bb][\/lab_heading][vc_column_text]Compte rendu du Minist\u00e8re de sant\u00e9 publique \u2013 expertise de l&rsquo;officier de sant\u00e9 en chef de la R\u00e9publique slovaque, attestant les appareils IONIMAX pour le traitement d&rsquo;eau potable.<\/p>\n<p>Certificat rendu par L&rsquo;institut technique d&rsquo;expertise \u00e0 Pie\u0161\u0165any, soci\u00e9t\u00e9 d&rsquo;Etat, attestant la s\u00e9curit\u00e9 de l&rsquo;appareil IONIMAX.<\/p>\n<p>D\u00e9claration de conformit\u00e9 des appareils de polarisation ionique du type IONIMAX, Standard technique slovaque N\u00b0 STN 133060-2:1978<\/p>\n<p>Office de la propri\u00e9t\u00e9 industrielle de la R\u00e9publique Slovaque.<\/p>\n<p><strong><u>Le sch\u00e9ma de la disposition au b\u00e2timent <\/u><\/strong><\/p>\n<p>Fig. A : 1 &#8211; horloge, 2 &#8211; valve, 3 \u2013 collecteur d&rsquo;impuret\u00e9s, 4 &#8211; IONIMAX.<\/p>\n<p>Fig. B : au circuit de chaleur N\u00b0 5 \u2013 le collecteur d&rsquo;impuret\u00e9s.[\/vc_column_text][vc_single_image image=\u00a0\u00bb1301&Prime; img_size=\u00a0\u00bbfull\u00a0\u00bb add_caption=\u00a0\u00bbyes\u00a0\u00bb alignment=\u00a0\u00bbcenter\u00a0\u00bb][lab_heading title=\u00a0\u00bbInstructions de montage\u00a0\u00bb][\/lab_heading][vc_column_text]<strong>Position: <\/strong><\/p>\n<p>IONIMAX peut \u00eatre install\u00e9 dans n&rsquo;importe quelle position. Il n&rsquo;importe laquelle extr\u00e9mit\u00e9 est en avant.<\/p>\n<p><strong>Positionnement: <\/strong><\/p>\n<p>Il est pr\u00e9f\u00e9rable d&rsquo;installer IONIMAX sur l&rsquo;alimentation principale du b\u00e2timent, pour prot\u00e9ger tout le b\u00e2timent.<\/p>\n<p><strong>Installation: <\/strong><\/p>\n<p>Au lieu du montage, on d\u00e9connecte le tuyau et enl\u00e8ve la partie n\u00e9cessaire, correspondant \u00e0 la taille de IONIMAX. On assemble les deux extr\u00e9mit\u00e9s du tuyau par les raccords filet\u00e9s de dimension appropri\u00e9e.<\/p>\n<p>Le filet est habill\u00e9 par un mat\u00e9riau de garniture, IONIMAX est boulonn\u00e9 sur ces raccords. Apr\u00e8s l&rsquo;assemblage on v\u00e9rifie l&rsquo;\u00e9tanch\u00e9it\u00e9 des jointures. Le montage doit \u00eatre effectu\u00e9 par un op\u00e9rateur qualifi\u00e9. Le producteur ne r\u00e9pond pas de dommages occasionn\u00e9s par une manipulation profane. <strong>Assemblage avec un filtre d&rsquo;eau:<\/strong><\/p>\n<p>Dans le cas o\u00f9 vous envisageriez une filtration dans votre syst\u00e8me d&rsquo;eau, IONIMAX doit \u00eatre le dernier instrument dans ce syst\u00e8me, pour \u00e9viter une n\u00e9gation \u00e9ventuelle de ses fonctions.<\/p>\n<p><strong>Condition de l&rsquo;usage correct du produit<\/strong>:<\/p>\n<p>Au voisinage de IONIMAX, aucune tension \u00e9lectrique n&rsquo;est pas autoris\u00e9e \u00e0 la distance minimum de 50 cm. Le syst\u00e8me ne doit pas int\u00e9grer la r\u00e9sine \u00e9changeuse d&rsquo;ions, un appareil \u00e9lectromagn\u00e9tique ni le syst\u00e8me aliment\u00e9 par une tension \u00e9trang\u00e8re. Si c&rsquo;est le cas, l&rsquo;efficacit\u00e9 de IONIMAX sera r\u00e9duite.<\/p>\n<p>&nbsp;<\/p>\n<p>Egalement, nous ne recommandons pas installer IONIMAX \u00e0 l&rsquo;installation de l&rsquo;eau sal\u00e9e ou \u00e0 une installation qui utilise de l&rsquo;eau sal\u00e9e, l&rsquo;eau sal\u00e9e rend la polarisation ionique inefficace. Dans ce cas, l&rsquo;efficacit\u00e9 de IONIMAX ne va pas attendre le niveau pr\u00e9vu.<\/p>\n<p>L&rsquo;appareil IONIMAX est destin\u00e9 pour les eaux \u00e0 la conductivit\u00e9 courante de 50 \u00e0 2000 \u00b5S\/cm\u00b2. Pour les eaux \u00e0 la conductivit\u00e9 plus \u00e9lev\u00e9e, l&rsquo;efficacit\u00e9 de IONIMAX n&rsquo;atteindra pas le niveau pr\u00e9vu, l&rsquo;encrassement arrivera plus vite et la long\u00e9vit\u00e9 d&rsquo;appareil diminue.<\/p>\n<p>A utiliser aux temp\u00e9ratures d&rsquo;eau de 0 \u2013 100 \u00b0C. L&rsquo;appareil n&rsquo;est pas d\u00e9di\u00e9 pour le traitement de la vapeur au tuyau ferm\u00e9, comme il y a le risque de son endommagement.<\/p>\n<p>La vitesse maximum d&rsquo;eau par l&rsquo;appareil fait 4 m\/s. En choisissant le type d&rsquo;appareil, il faut prendre en consid\u00e9ration ce param\u00e8tre, aussi que le flux maximal et ne pas se contenter du diam\u00e8tre du tuyau. Dans le cas o\u00f9 la vitesse de flux d&rsquo;eau est \u00e9lev\u00e9e, nous ne garantissons pas l&rsquo;efficacit\u00e9 pr\u00e9vue.<\/p>\n<p>Les appareils IONIMAX sont dimensionn\u00e9s pour la pression allant jusqu&rsquo;\u00e0 1 MPa. La pression plus \u00e9lev\u00e9e peut provoquer l&rsquo;endommagement de l&rsquo;appareil IONIMAX.<\/p>\n<p>Il ne faut pas d\u00e9monter ou m\u00eame ouvrir l&rsquo;appareil IONIMAX. A l&rsquo;ouverture, l&rsquo;appareil perd sa fonctionnalit\u00e9 et la garantie. Contacter le producteur. Il y a aussi le risque du rel\u00e2chement de petites pi\u00e8ces. Ne laissez pas manipuler par les enfants.[\/vc_column_text][\/vc_column_inner][\/vc_row_inner][\/vc_column][\/vc_row]<\/p>\n<\/div>","protected":false},"excerpt":{"rendered":"<p>[vc_row css=\u00a0\u00bb.vc_custom_1489102263611{padding-top: 50px !important;}\u00a0\u00bb][vc_column][vc_row_inner][vc_column_inner][lab_heading title=\u00a0\u00bbionimax\u00ae\u00a0\u00bb el_class=\u00a0\u00bbtitle centered\u00a0\u00bb]Appareil de polarisation ionique[\/lab_heading][vc_single_image image=\u00a0\u00bb1156&Prime; img_size=\u00a0\u00bbfull\u00a0\u00bb alignment=\u00a0\u00bbcenter\u00a0\u00bb][\/vc_column_inner][\/vc_row_inner][vc_row_inner][vc_column_inner width=\u00a0\u00bb1\/2&Prime;][lab_heading title=\u00a0\u00bbDescription du produit\u00a0\u00bb][\/lab_heading][vc_column_text]Appareil de polarisation ionique \u2013 IONIMAX \u2013 est un dispositif du traitement d&rsquo;eau, qui sert \u00e0 \u00e9viter la d\u00e9position du tartre, favorise son d\u00e9capage et pr\u00e9sent aussi d&rsquo;autres avantages. IONIMAX consiste en une chambre \u00e0 flux, qui poss\u00e8de des&hellip;<\/p>\n","protected":false},"author":3,"featured_media":0,"parent":0,"menu_order":0,"comment_status":"closed","ping_status":"closed","template":"","meta":{"_acf_changed":false,"footnotes":""},"class_list":["post-2037","page","type-page","status-publish","hentry"],"acf":[],"yoast_head":"<!-- This site is optimized with the Yoast SEO plugin v23.6 - https:\/\/yoast.com\/wordpress\/plugins\/seo\/ -->\n<title>ionimax\u00ae - Two Eco<\/title>\n<meta name=\"robots\" content=\"index, follow, max-snippet:-1, max-image-preview:large, max-video-preview:-1\" \/>\n<link rel=\"canonical\" href=\"https:\/\/twoeco.sk\/ionimax\/\" \/>\n<meta property=\"og:locale\" content=\"fr_FR\" \/>\n<meta property=\"og:type\" content=\"article\" \/>\n<meta property=\"og:title\" content=\"ionimax\u00ae - Two Eco\" \/>\n<meta property=\"og:description\" content=\"[vc_row css=\u00a0\u00bb.vc_custom_1489102263611{padding-top: 50px !important;}\u00a0\u00bb][vc_column][vc_row_inner][vc_column_inner][lab_heading title=\u00a0\u00bbionimax\u00ae\u00a0\u00bb el_class=\u00a0\u00bbtitle centered\u00a0\u00bb]Appareil de polarisation ionique[\/lab_heading][vc_single_image image=\u00a0\u00bb1156&Prime; img_size=\u00a0\u00bbfull\u00a0\u00bb alignment=\u00a0\u00bbcenter\u00a0\u00bb][\/vc_column_inner][\/vc_row_inner][vc_row_inner][vc_column_inner width=\u00a0\u00bb1\/2&Prime;][lab_heading title=\u00a0\u00bbDescription du produit\u00a0\u00bb][\/lab_heading][vc_column_text]Appareil de polarisation ionique \u2013 IONIMAX \u2013 est un dispositif du traitement d&rsquo;eau, qui sert \u00e0 \u00e9viter la d\u00e9position du tartre, favorise son d\u00e9capage et pr\u00e9sent aussi d&rsquo;autres avantages. IONIMAX consiste en une chambre \u00e0 flux, qui poss\u00e8de des&hellip;\" \/>\n<meta property=\"og:url\" content=\"https:\/\/twoeco.sk\/ionimax\/\" \/>\n<meta property=\"og:site_name\" content=\"Two Eco\" \/>\n<meta property=\"article:publisher\" content=\"https:\/\/www.facebook.com\/Ionimax-1357153714295887\/\" \/>\n<meta property=\"article:modified_time\" content=\"2017-06-25T18:35:51+00:00\" \/>\n<meta name=\"twitter:card\" content=\"summary_large_image\" \/>\n<meta name=\"twitter:label1\" content=\"Dur\u00e9e de lecture estim\u00e9e\" \/>\n\t<meta name=\"twitter:data1\" content=\"6 minutes\" \/>\n<script type=\"application\/ld+json\" class=\"yoast-schema-graph\">{\"@context\":\"https:\/\/schema.org\",\"@graph\":[{\"@type\":\"WebPage\",\"@id\":\"https:\/\/twoeco.sk\/ionimax\/\",\"url\":\"https:\/\/twoeco.sk\/ionimax\/\",\"name\":\"ionimax\u00ae - Two Eco\",\"isPartOf\":{\"@id\":\"https:\/\/twoeco.sk\/#website\"},\"datePublished\":\"2017-03-09T23:30:26+00:00\",\"dateModified\":\"2017-06-25T18:35:51+00:00\",\"breadcrumb\":{\"@id\":\"https:\/\/twoeco.sk\/ionimax\/#breadcrumb\"},\"inLanguage\":\"fr-FR\",\"potentialAction\":[{\"@type\":\"ReadAction\",\"target\":[\"https:\/\/twoeco.sk\/ionimax\/\"]}]},{\"@type\":\"BreadcrumbList\",\"@id\":\"https:\/\/twoeco.sk\/ionimax\/#breadcrumb\",\"itemListElement\":[{\"@type\":\"ListItem\",\"position\":1,\"name\":\"Home\",\"item\":\"https:\/\/twoeco.sk\/\"},{\"@type\":\"ListItem\",\"position\":2,\"name\":\"ionimax\u00ae\"}]},{\"@type\":\"WebSite\",\"@id\":\"https:\/\/twoeco.sk\/#website\",\"url\":\"https:\/\/twoeco.sk\/\",\"name\":\"Two Eco\",\"description\":\"Viac ako \u010dist\u00e1 voda\",\"publisher\":{\"@id\":\"https:\/\/twoeco.sk\/#organization\"},\"potentialAction\":[{\"@type\":\"SearchAction\",\"target\":{\"@type\":\"EntryPoint\",\"urlTemplate\":\"https:\/\/twoeco.sk\/?s={search_term_string}\"},\"query-input\":{\"@type\":\"PropertyValueSpecification\",\"valueRequired\":true,\"valueName\":\"search_term_string\"}}],\"inLanguage\":\"fr-FR\"},{\"@type\":\"Organization\",\"@id\":\"https:\/\/twoeco.sk\/#organization\",\"name\":\"Two ECO, s.r.o.\",\"url\":\"https:\/\/twoeco.sk\/\",\"logo\":{\"@type\":\"ImageObject\",\"inLanguage\":\"fr-FR\",\"@id\":\"https:\/\/twoeco.sk\/#\/schema\/logo\/image\/\",\"url\":\"https:\/\/twoeco.sk\/wp-content\/uploads\/2016\/05\/logo-two-eco-farba.png\",\"contentUrl\":\"https:\/\/twoeco.sk\/wp-content\/uploads\/2016\/05\/logo-two-eco-farba.png\",\"width\":318,\"height\":74,\"caption\":\"Two ECO, s.r.o.\"},\"image\":{\"@id\":\"https:\/\/twoeco.sk\/#\/schema\/logo\/image\/\"},\"sameAs\":[\"https:\/\/www.facebook.com\/Ionimax-1357153714295887\/\"]}]}<\/script>\n<!-- \/ Yoast SEO plugin. -->","yoast_head_json":{"title":"ionimax\u00ae - Two Eco","robots":{"index":"index","follow":"follow","max-snippet":"max-snippet:-1","max-image-preview":"max-image-preview:large","max-video-preview":"max-video-preview:-1"},"canonical":"https:\/\/twoeco.sk\/ionimax\/","og_locale":"fr_FR","og_type":"article","og_title":"ionimax\u00ae - Two Eco","og_description":"[vc_row css=\u00a0\u00bb.vc_custom_1489102263611{padding-top: 50px !important;}\u00a0\u00bb][vc_column][vc_row_inner][vc_column_inner][lab_heading title=\u00a0\u00bbionimax\u00ae\u00a0\u00bb el_class=\u00a0\u00bbtitle centered\u00a0\u00bb]Appareil de polarisation ionique[\/lab_heading][vc_single_image image=\u00a0\u00bb1156&Prime; img_size=\u00a0\u00bbfull\u00a0\u00bb alignment=\u00a0\u00bbcenter\u00a0\u00bb][\/vc_column_inner][\/vc_row_inner][vc_row_inner][vc_column_inner width=\u00a0\u00bb1\/2&Prime;][lab_heading title=\u00a0\u00bbDescription du produit\u00a0\u00bb][\/lab_heading][vc_column_text]Appareil de polarisation ionique \u2013 IONIMAX \u2013 est un dispositif du traitement d&rsquo;eau, qui sert \u00e0 \u00e9viter la d\u00e9position du tartre, favorise son d\u00e9capage et pr\u00e9sent aussi d&rsquo;autres avantages. IONIMAX consiste en une chambre \u00e0 flux, qui poss\u00e8de des&hellip;","og_url":"https:\/\/twoeco.sk\/ionimax\/","og_site_name":"Two Eco","article_publisher":"https:\/\/www.facebook.com\/Ionimax-1357153714295887\/","article_modified_time":"2017-06-25T18:35:51+00:00","twitter_card":"summary_large_image","twitter_misc":{"Dur\u00e9e de lecture estim\u00e9e":"6 minutes"},"schema":{"@context":"https:\/\/schema.org","@graph":[{"@type":"WebPage","@id":"https:\/\/twoeco.sk\/ionimax\/","url":"https:\/\/twoeco.sk\/ionimax\/","name":"ionimax\u00ae - Two Eco","isPartOf":{"@id":"https:\/\/twoeco.sk\/#website"},"datePublished":"2017-03-09T23:30:26+00:00","dateModified":"2017-06-25T18:35:51+00:00","breadcrumb":{"@id":"https:\/\/twoeco.sk\/ionimax\/#breadcrumb"},"inLanguage":"fr-FR","potentialAction":[{"@type":"ReadAction","target":["https:\/\/twoeco.sk\/ionimax\/"]}]},{"@type":"BreadcrumbList","@id":"https:\/\/twoeco.sk\/ionimax\/#breadcrumb","itemListElement":[{"@type":"ListItem","position":1,"name":"Home","item":"https:\/\/twoeco.sk\/"},{"@type":"ListItem","position":2,"name":"ionimax\u00ae"}]},{"@type":"WebSite","@id":"https:\/\/twoeco.sk\/#website","url":"https:\/\/twoeco.sk\/","name":"Two Eco","description":"Viac ako \u010dist\u00e1 voda","publisher":{"@id":"https:\/\/twoeco.sk\/#organization"},"potentialAction":[{"@type":"SearchAction","target":{"@type":"EntryPoint","urlTemplate":"https:\/\/twoeco.sk\/?s={search_term_string}"},"query-input":{"@type":"PropertyValueSpecification","valueRequired":true,"valueName":"search_term_string"}}],"inLanguage":"fr-FR"},{"@type":"Organization","@id":"https:\/\/twoeco.sk\/#organization","name":"Two ECO, s.r.o.","url":"https:\/\/twoeco.sk\/","logo":{"@type":"ImageObject","inLanguage":"fr-FR","@id":"https:\/\/twoeco.sk\/#\/schema\/logo\/image\/","url":"https:\/\/twoeco.sk\/wp-content\/uploads\/2016\/05\/logo-two-eco-farba.png","contentUrl":"https:\/\/twoeco.sk\/wp-content\/uploads\/2016\/05\/logo-two-eco-farba.png","width":318,"height":74,"caption":"Two ECO, s.r.o."},"image":{"@id":"https:\/\/twoeco.sk\/#\/schema\/logo\/image\/"},"sameAs":["https:\/\/www.facebook.com\/Ionimax-1357153714295887\/"]}]}},"_links":{"self":[{"href":"https:\/\/twoeco.sk\/fr\/wp-json\/wp\/v2\/pages\/2037"}],"collection":[{"href":"https:\/\/twoeco.sk\/fr\/wp-json\/wp\/v2\/pages"}],"about":[{"href":"https:\/\/twoeco.sk\/fr\/wp-json\/wp\/v2\/types\/page"}],"author":[{"embeddable":true,"href":"https:\/\/twoeco.sk\/fr\/wp-json\/wp\/v2\/users\/3"}],"replies":[{"embeddable":true,"href":"https:\/\/twoeco.sk\/fr\/wp-json\/wp\/v2\/comments?post=2037"}],"version-history":[{"count":4,"href":"https:\/\/twoeco.sk\/fr\/wp-json\/wp\/v2\/pages\/2037\/revisions"}],"predecessor-version":[{"id":2050,"href":"https:\/\/twoeco.sk\/fr\/wp-json\/wp\/v2\/pages\/2037\/revisions\/2050"}],"wp:attachment":[{"href":"https:\/\/twoeco.sk\/fr\/wp-json\/wp\/v2\/media?parent=2037"}],"curies":[{"name":"wp","href":"https:\/\/api.w.org\/{rel}","templated":true}]}}