{"id":2083,"date":"2017-02-16T09:49:00","date_gmt":"2017-02-16T08:49:00","guid":{"rendered":"https:\/\/twoeco.sk\/vodny-kamen\/"},"modified":"2017-08-08T14:43:53","modified_gmt":"2017-08-08T12:43:53","slug":"vodny-kamen","status":"publish","type":"page","link":"https:\/\/twoeco.sk\/fr\/vodny-kamen\/","title":{"rendered":"Vodn\u00fd kame\u0148"},"content":{"rendered":"<div class=\"wpb-content-wrapper\"><p>[vc_row][vc_column][lab_heading title=\u00a0\u00bbTartre \u00a0\u00bb el_class=\u00a0\u00bbtitle\u00a0\u00bb css=\u00a0\u00bb.vc_custom_1502196206451{padding-top: 50px !important;}\u00a0\u00bb][\/lab_heading][vc_column_text]<strong>Les ennuis avec le tartre dans la conduite? <\/strong><\/p>\n<p><strong>Voulez-vous en prot\u00e9ger vos appareils domestiques? <\/strong><\/p>\n<p><strong>Vous r\u00eavez du linge de blanchiment brillant, mais pas de chance avec votre eau dure? <\/strong><\/p>\n<p><strong>Voulez-vous \u00e9viter les agents adoucissants? <\/strong><\/p>\n<p><strong>Ne voulez-vous plus briquer le tartre dans la cuisine et \u00e0 la salle de bain? <\/strong>[\/vc_column_text][vc_separator style=\u00a0\u00bbdotted\u00a0\u00bb border_width=\u00a0\u00bb2&Prime;][vc_row_inner][vc_column_inner][vc_column_text]<\/p>\n<p class=\"p1\"><b><img loading=\"lazy\" decoding=\"async\" class=\" wp-image-894 alignleft\" src=\"https:\/\/twoeco.sk\/wp-content\/uploads\/2017\/02\/shutterstock_218515030-min-300x200.jpg\" alt=\"\" width=\"387\" height=\"258\" srcset=\"https:\/\/twoeco.sk\/wp-content\/uploads\/2017\/02\/shutterstock_218515030-min-300x200.jpg 300w, https:\/\/twoeco.sk\/wp-content\/uploads\/2017\/02\/shutterstock_218515030-min-768x512.jpg 768w, https:\/\/twoeco.sk\/wp-content\/uploads\/2017\/02\/shutterstock_218515030-min-1024x683.jpg 1024w, https:\/\/twoeco.sk\/wp-content\/uploads\/2017\/02\/shutterstock_218515030-min-1612x1075.jpg 1612w, https:\/\/twoeco.sk\/wp-content\/uploads\/2017\/02\/shutterstock_218515030-min-1116x744.jpg 1116w, https:\/\/twoeco.sk\/wp-content\/uploads\/2017\/02\/shutterstock_218515030-min-806x537.jpg 806w, https:\/\/twoeco.sk\/wp-content\/uploads\/2017\/02\/shutterstock_218515030-min-558x372.jpg 558w, https:\/\/twoeco.sk\/wp-content\/uploads\/2017\/02\/shutterstock_218515030-min-655x437.jpg 655w\" sizes=\"(max-width: 387px) 100vw, 387px\" \/><\/b><\/p>\n<p><strong>D\u00e9barrassez-vous du tartre et de la duret\u00e9 d&rsquo;eau, sans la chimie inutile. Profitez des r\u00e9centes acquisitions scientifiques, utilisez la polarisation ionique d&rsquo;eau par notre appareil IONIMAX. <\/strong><\/p>\n<p>IONIMAX est un syst\u00e8me unique du traitement d&rsquo;eau, un simple \u201ctuyau\u201d, qui pulv\u00e9rise le tartre et offre \u00e0 l&rsquo;eau la vitalit\u00e9, la sant\u00e9, la propret\u00e9 ; il \u00e9pargne votre porte-monnaie, vos appareils m\u00e9nagers, la nature. Il fonctionne sans surveillance ni entretien, sans \u00e9nergie \u00e9lectrique et sans produits chimiques. IONIMAX n&rsquo;occupe presque aucun espace et n&rsquo;alt\u00e8re pas le design do vos espaces. L&rsquo;eau garde tous ses \u00e9l\u00e9ments nutritifs, y compris les min\u00e9raux ; le r\u00e9gime liquide de qualit\u00e9 est assur\u00e9.<\/p>\n<p><strong>Le tartre dispara\u00eet au fur et \u00e0 mesure et ne se forme plus de nouveau. <\/strong><\/p>\n<p class=\"p1\"><b>\u00a0<\/b><\/p>\n<p>[\/vc_column_text][\/vc_column_inner][\/vc_row_inner][\/vc_column][\/vc_row]<\/p>\n<\/div>","protected":false},"excerpt":{"rendered":"<p>[vc_row][vc_column][lab_heading title=\u00a0\u00bbTartre \u00a0\u00bb el_class=\u00a0\u00bbtitle\u00a0\u00bb css=\u00a0\u00bb.vc_custom_1502196206451{padding-top: 50px !important;}\u00a0\u00bb][\/lab_heading][vc_column_text]Les ennuis avec le tartre dans la conduite? Voulez-vous en prot\u00e9ger vos appareils domestiques? Vous r\u00eavez du linge de blanchiment brillant, mais pas de chance avec votre eau dure? Voulez-vous \u00e9viter les agents adoucissants? Ne voulez-vous plus briquer le tartre dans la cuisine et \u00e0 la salle de bain?&hellip;<\/p>\n","protected":false},"author":3,"featured_media":0,"parent":0,"menu_order":0,"comment_status":"closed","ping_status":"closed","template":"","meta":{"_acf_changed":false,"footnotes":""},"class_list":["post-2083","page","type-page","status-publish","hentry"],"acf":[],"yoast_head":"<!-- This site is optimized with the Yoast SEO plugin v23.6 - https:\/\/yoast.com\/wordpress\/plugins\/seo\/ -->\n<title>Vodn\u00fd kame\u0148 - Two Eco<\/title>\n<meta name=\"robots\" content=\"index, follow, max-snippet:-1, max-image-preview:large, max-video-preview:-1\" \/>\n<link rel=\"canonical\" href=\"https:\/\/twoeco.sk\/vodny-kamen\/\" \/>\n<meta property=\"og:locale\" content=\"fr_FR\" \/>\n<meta property=\"og:type\" content=\"article\" \/>\n<meta property=\"og:title\" content=\"Vodn\u00fd kame\u0148 - Two Eco\" \/>\n<meta property=\"og:description\" content=\"[vc_row][vc_column][lab_heading title=\u00a0\u00bbTartre \u00a0\u00bb el_class=\u00a0\u00bbtitle\u00a0\u00bb css=\u00a0\u00bb.vc_custom_1502196206451{padding-top: 50px !important;}\u00a0\u00bb][\/lab_heading][vc_column_text]Les ennuis avec le tartre dans la conduite? Voulez-vous en prot\u00e9ger vos appareils domestiques? Vous r\u00eavez du linge de blanchiment brillant, mais pas de chance avec votre eau dure? Voulez-vous \u00e9viter les agents adoucissants? Ne voulez-vous plus briquer le tartre dans la cuisine et \u00e0 la salle de bain?&hellip;\" \/>\n<meta property=\"og:url\" content=\"https:\/\/twoeco.sk\/vodny-kamen\/\" \/>\n<meta property=\"og:site_name\" content=\"Two Eco\" \/>\n<meta property=\"article:publisher\" content=\"https:\/\/www.facebook.com\/Ionimax-1357153714295887\/\" \/>\n<meta property=\"article:modified_time\" content=\"2017-08-08T12:43:53+00:00\" \/>\n<meta property=\"og:image\" content=\"https:\/\/twoeco.sk\/wp-content\/uploads\/2017\/02\/shutterstock_218515030-min.jpg\" \/>\n\t<meta property=\"og:image:width\" content=\"5472\" \/>\n\t<meta property=\"og:image:height\" content=\"3648\" \/>\n\t<meta property=\"og:image:type\" content=\"image\/jpeg\" \/>\n<meta name=\"twitter:card\" content=\"summary_large_image\" \/>\n<meta name=\"twitter:label1\" content=\"Dur\u00e9e de lecture estim\u00e9e\" \/>\n\t<meta name=\"twitter:data1\" content=\"1 minute\" \/>\n<script type=\"application\/ld+json\" class=\"yoast-schema-graph\">{\"@context\":\"https:\/\/schema.org\",\"@graph\":[{\"@type\":\"WebPage\",\"@id\":\"https:\/\/twoeco.sk\/vodny-kamen\/\",\"url\":\"https:\/\/twoeco.sk\/vodny-kamen\/\",\"name\":\"Vodn\u00fd kame\u0148 - Two Eco\",\"isPartOf\":{\"@id\":\"https:\/\/twoeco.sk\/#website\"},\"primaryImageOfPage\":{\"@id\":\"https:\/\/twoeco.sk\/vodny-kamen\/#primaryimage\"},\"image\":{\"@id\":\"https:\/\/twoeco.sk\/vodny-kamen\/#primaryimage\"},\"thumbnailUrl\":\"https:\/\/twoeco.sk\/wp-content\/uploads\/2017\/02\/shutterstock_218515030-min-300x200.jpg\",\"datePublished\":\"2017-02-16T08:49:00+00:00\",\"dateModified\":\"2017-08-08T12:43:53+00:00\",\"breadcrumb\":{\"@id\":\"https:\/\/twoeco.sk\/vodny-kamen\/#breadcrumb\"},\"inLanguage\":\"fr-FR\",\"potentialAction\":[{\"@type\":\"ReadAction\",\"target\":[\"https:\/\/twoeco.sk\/vodny-kamen\/\"]}]},{\"@type\":\"ImageObject\",\"inLanguage\":\"fr-FR\",\"@id\":\"https:\/\/twoeco.sk\/vodny-kamen\/#primaryimage\",\"url\":\"https:\/\/twoeco.sk\/wp-content\/uploads\/2017\/02\/shutterstock_218515030-min-300x200.jpg\",\"contentUrl\":\"https:\/\/twoeco.sk\/wp-content\/uploads\/2017\/02\/shutterstock_218515030-min-300x200.jpg\"},{\"@type\":\"BreadcrumbList\",\"@id\":\"https:\/\/twoeco.sk\/vodny-kamen\/#breadcrumb\",\"itemListElement\":[{\"@type\":\"ListItem\",\"position\":1,\"name\":\"Home\",\"item\":\"https:\/\/twoeco.sk\/\"},{\"@type\":\"ListItem\",\"position\":2,\"name\":\"Vodn\u00fd kame\u0148\"}]},{\"@type\":\"WebSite\",\"@id\":\"https:\/\/twoeco.sk\/#website\",\"url\":\"https:\/\/twoeco.sk\/\",\"name\":\"Two Eco\",\"description\":\"Viac ako \u010dist\u00e1 voda\",\"publisher\":{\"@id\":\"https:\/\/twoeco.sk\/#organization\"},\"potentialAction\":[{\"@type\":\"SearchAction\",\"target\":{\"@type\":\"EntryPoint\",\"urlTemplate\":\"https:\/\/twoeco.sk\/?s={search_term_string}\"},\"query-input\":{\"@type\":\"PropertyValueSpecification\",\"valueRequired\":true,\"valueName\":\"search_term_string\"}}],\"inLanguage\":\"fr-FR\"},{\"@type\":\"Organization\",\"@id\":\"https:\/\/twoeco.sk\/#organization\",\"name\":\"Two ECO, s.r.o.\",\"url\":\"https:\/\/twoeco.sk\/\",\"logo\":{\"@type\":\"ImageObject\",\"inLanguage\":\"fr-FR\",\"@id\":\"https:\/\/twoeco.sk\/#\/schema\/logo\/image\/\",\"url\":\"https:\/\/twoeco.sk\/wp-content\/uploads\/2016\/05\/logo-two-eco-farba.png\",\"contentUrl\":\"https:\/\/twoeco.sk\/wp-content\/uploads\/2016\/05\/logo-two-eco-farba.png\",\"width\":318,\"height\":74,\"caption\":\"Two ECO, s.r.o.\"},\"image\":{\"@id\":\"https:\/\/twoeco.sk\/#\/schema\/logo\/image\/\"},\"sameAs\":[\"https:\/\/www.facebook.com\/Ionimax-1357153714295887\/\"]}]}<\/script>\n<!-- \/ Yoast SEO plugin. -->","yoast_head_json":{"title":"Vodn\u00fd kame\u0148 - Two Eco","robots":{"index":"index","follow":"follow","max-snippet":"max-snippet:-1","max-image-preview":"max-image-preview:large","max-video-preview":"max-video-preview:-1"},"canonical":"https:\/\/twoeco.sk\/vodny-kamen\/","og_locale":"fr_FR","og_type":"article","og_title":"Vodn\u00fd kame\u0148 - Two Eco","og_description":"[vc_row][vc_column][lab_heading title=\u00a0\u00bbTartre \u00a0\u00bb el_class=\u00a0\u00bbtitle\u00a0\u00bb css=\u00a0\u00bb.vc_custom_1502196206451{padding-top: 50px !important;}\u00a0\u00bb][\/lab_heading][vc_column_text]Les ennuis avec le tartre dans la conduite? Voulez-vous en prot\u00e9ger vos appareils domestiques? Vous r\u00eavez du linge de blanchiment brillant, mais pas de chance avec votre eau dure? Voulez-vous \u00e9viter les agents adoucissants? Ne voulez-vous plus briquer le tartre dans la cuisine et \u00e0 la salle de bain?&hellip;","og_url":"https:\/\/twoeco.sk\/vodny-kamen\/","og_site_name":"Two Eco","article_publisher":"https:\/\/www.facebook.com\/Ionimax-1357153714295887\/","article_modified_time":"2017-08-08T12:43:53+00:00","og_image":[{"width":5472,"height":3648,"url":"https:\/\/twoeco.sk\/wp-content\/uploads\/2017\/02\/shutterstock_218515030-min.jpg","type":"image\/jpeg"}],"twitter_card":"summary_large_image","twitter_misc":{"Dur\u00e9e de lecture estim\u00e9e":"1 minute"},"schema":{"@context":"https:\/\/schema.org","@graph":[{"@type":"WebPage","@id":"https:\/\/twoeco.sk\/vodny-kamen\/","url":"https:\/\/twoeco.sk\/vodny-kamen\/","name":"Vodn\u00fd kame\u0148 - Two Eco","isPartOf":{"@id":"https:\/\/twoeco.sk\/#website"},"primaryImageOfPage":{"@id":"https:\/\/twoeco.sk\/vodny-kamen\/#primaryimage"},"image":{"@id":"https:\/\/twoeco.sk\/vodny-kamen\/#primaryimage"},"thumbnailUrl":"https:\/\/twoeco.sk\/wp-content\/uploads\/2017\/02\/shutterstock_218515030-min-300x200.jpg","datePublished":"2017-02-16T08:49:00+00:00","dateModified":"2017-08-08T12:43:53+00:00","breadcrumb":{"@id":"https:\/\/twoeco.sk\/vodny-kamen\/#breadcrumb"},"inLanguage":"fr-FR","potentialAction":[{"@type":"ReadAction","target":["https:\/\/twoeco.sk\/vodny-kamen\/"]}]},{"@type":"ImageObject","inLanguage":"fr-FR","@id":"https:\/\/twoeco.sk\/vodny-kamen\/#primaryimage","url":"https:\/\/twoeco.sk\/wp-content\/uploads\/2017\/02\/shutterstock_218515030-min-300x200.jpg","contentUrl":"https:\/\/twoeco.sk\/wp-content\/uploads\/2017\/02\/shutterstock_218515030-min-300x200.jpg"},{"@type":"BreadcrumbList","@id":"https:\/\/twoeco.sk\/vodny-kamen\/#breadcrumb","itemListElement":[{"@type":"ListItem","position":1,"name":"Home","item":"https:\/\/twoeco.sk\/"},{"@type":"ListItem","position":2,"name":"Vodn\u00fd kame\u0148"}]},{"@type":"WebSite","@id":"https:\/\/twoeco.sk\/#website","url":"https:\/\/twoeco.sk\/","name":"Two Eco","description":"Viac ako \u010dist\u00e1 voda","publisher":{"@id":"https:\/\/twoeco.sk\/#organization"},"potentialAction":[{"@type":"SearchAction","target":{"@type":"EntryPoint","urlTemplate":"https:\/\/twoeco.sk\/?s={search_term_string}"},"query-input":{"@type":"PropertyValueSpecification","valueRequired":true,"valueName":"search_term_string"}}],"inLanguage":"fr-FR"},{"@type":"Organization","@id":"https:\/\/twoeco.sk\/#organization","name":"Two ECO, s.r.o.","url":"https:\/\/twoeco.sk\/","logo":{"@type":"ImageObject","inLanguage":"fr-FR","@id":"https:\/\/twoeco.sk\/#\/schema\/logo\/image\/","url":"https:\/\/twoeco.sk\/wp-content\/uploads\/2016\/05\/logo-two-eco-farba.png","contentUrl":"https:\/\/twoeco.sk\/wp-content\/uploads\/2016\/05\/logo-two-eco-farba.png","width":318,"height":74,"caption":"Two ECO, s.r.o."},"image":{"@id":"https:\/\/twoeco.sk\/#\/schema\/logo\/image\/"},"sameAs":["https:\/\/www.facebook.com\/Ionimax-1357153714295887\/"]}]}},"_links":{"self":[{"href":"https:\/\/twoeco.sk\/fr\/wp-json\/wp\/v2\/pages\/2083"}],"collection":[{"href":"https:\/\/twoeco.sk\/fr\/wp-json\/wp\/v2\/pages"}],"about":[{"href":"https:\/\/twoeco.sk\/fr\/wp-json\/wp\/v2\/types\/page"}],"author":[{"embeddable":true,"href":"https:\/\/twoeco.sk\/fr\/wp-json\/wp\/v2\/users\/3"}],"replies":[{"embeddable":true,"href":"https:\/\/twoeco.sk\/fr\/wp-json\/wp\/v2\/comments?post=2083"}],"version-history":[{"count":1,"href":"https:\/\/twoeco.sk\/fr\/wp-json\/wp\/v2\/pages\/2083\/revisions"}],"predecessor-version":[{"id":2084,"href":"https:\/\/twoeco.sk\/fr\/wp-json\/wp\/v2\/pages\/2083\/revisions\/2084"}],"wp:attachment":[{"href":"https:\/\/twoeco.sk\/fr\/wp-json\/wp\/v2\/media?parent=2083"}],"curies":[{"name":"wp","href":"https:\/\/api.w.org\/{rel}","templated":true}]}}