{"id":2090,"date":"2017-02-19T12:45:03","date_gmt":"2017-02-19T11:45:03","guid":{"rendered":"https:\/\/twoeco.sk\/o-nas\/"},"modified":"2017-08-08T14:57:04","modified_gmt":"2017-08-08T12:57:04","slug":"o-nas","status":"publish","type":"page","link":"https:\/\/twoeco.sk\/fr\/o-nas\/","title":{"rendered":"O n\u00e1s"},"content":{"rendered":"<div class=\"main-third\">\n<h2>Notre vocation est au traitement \u00e9cologique d&rsquo;eau de robinet.<\/h2>\n<p>Nous traitons de l&rsquo;eau courante par l&rsquo;ionisation et la polarisation. Gr\u00e2ce \u00e0 cette modification, votre robinet vous offre de l&rsquo;eau de haute qualit\u00e9, une eau qui combine harmonieusement l&rsquo;eau dure avec les qualit\u00e9s de l&rsquo;eau douce. L&rsquo;eau qui de plus poss\u00e8de la facult\u00e9 de dissoudre le tartre en pr\u00e9vient sa r\u00e9apparition. Sans se servir de produits chimiques.<\/p>\n<\/div>\n<div class=\"main-third\">\n<p><img loading=\"lazy\" decoding=\"async\" class=\"alignnone size-full wp-image-1131\" src=\"https:\/\/twoeco.sk\/wp-content\/uploads\/2017\/02\/Jurec.jpg\" alt=\"\" width=\"215\" height=\"239\" srcset=\"https:\/\/twoeco.sk\/wp-content\/uploads\/2017\/02\/Jurec.jpg 215w, https:\/\/twoeco.sk\/wp-content\/uploads\/2017\/02\/Jurec-112x125.jpg 112w, https:\/\/twoeco.sk\/wp-content\/uploads\/2017\/02\/Jurec-67x75.jpg 67w\" sizes=\"(max-width: 215px) 100vw, 215px\" \/><\/p>\n<h2>Ladislav Jurec, auteur<\/h2>\n<p>Nos produits sont bas\u00e9s aux ph\u00e9nom\u00e8nes naturels seulement. Ils \u00e9taient d\u00e9velopp\u00e9s par un Slovaque, M. Ladislav Jurec, chercheur et inventeur.<\/p>\n<p>Nos produits certifi\u00e9s sont fabriqu\u00e9s en Slovaquie. Nous sommes une compagnie slovaque en plein essor. L&rsquo;ann\u00e9e pass\u00e9e comme toujours, nos effectifs ont augment\u00e9 et nous avons implant\u00e9 beaucoup d&rsquo;innovations. Nous cherchons toujours des gens astucieux, des collaborateurs et des partenaires qui d\u00e9sirent partager notre id\u00e9e \u2013 traitement d&rsquo;eau \u00e9cologique. Si vous \u00eates int\u00e9ress\u00e9, n&rsquo;h\u00e9sitez pas \u00e0 nous contacter d\u00e8s aujourd&rsquo;hui.<\/p>\n<\/div>\n","protected":false},"excerpt":{"rendered":"<p>Notre vocation est au traitement \u00e9cologique d&rsquo;eau de robinet. Nous traitons de l&rsquo;eau courante par l&rsquo;ionisation et la polarisation. Gr\u00e2ce \u00e0 cette modification, votre robinet vous offre de l&rsquo;eau de haute qualit\u00e9, une eau qui combine harmonieusement l&rsquo;eau dure avec les qualit\u00e9s de l&rsquo;eau douce. L&rsquo;eau qui de plus poss\u00e8de la facult\u00e9 de dissoudre le&hellip;<\/p>\n","protected":false},"author":3,"featured_media":0,"parent":0,"menu_order":0,"comment_status":"closed","ping_status":"closed","template":"","meta":{"_acf_changed":false,"footnotes":""},"class_list":["post-2090","page","type-page","status-publish","hentry"],"acf":[],"yoast_head":"<!-- This site is optimized with the Yoast SEO plugin v23.6 - https:\/\/yoast.com\/wordpress\/plugins\/seo\/ -->\n<title>O n\u00e1s - Two Eco<\/title>\n<meta name=\"robots\" content=\"index, follow, max-snippet:-1, max-image-preview:large, max-video-preview:-1\" \/>\n<link rel=\"canonical\" href=\"https:\/\/twoeco.sk\/o-nas\/\" \/>\n<meta property=\"og:locale\" content=\"fr_FR\" \/>\n<meta property=\"og:type\" content=\"article\" \/>\n<meta property=\"og:title\" content=\"O n\u00e1s - Two Eco\" \/>\n<meta property=\"og:description\" content=\"Notre vocation est au traitement \u00e9cologique d&rsquo;eau de robinet. Nous traitons de l&rsquo;eau courante par l&rsquo;ionisation et la polarisation. Gr\u00e2ce \u00e0 cette modification, votre robinet vous offre de l&rsquo;eau de haute qualit\u00e9, une eau qui combine harmonieusement l&rsquo;eau dure avec les qualit\u00e9s de l&rsquo;eau douce. L&rsquo;eau qui de plus poss\u00e8de la facult\u00e9 de dissoudre le&hellip;\" \/>\n<meta property=\"og:url\" content=\"https:\/\/twoeco.sk\/o-nas\/\" \/>\n<meta property=\"og:site_name\" content=\"Two Eco\" \/>\n<meta property=\"article:publisher\" content=\"https:\/\/www.facebook.com\/Ionimax-1357153714295887\/\" \/>\n<meta property=\"article:modified_time\" content=\"2017-08-08T12:57:04+00:00\" \/>\n<meta property=\"og:image\" content=\"https:\/\/twoeco.sk\/wp-content\/uploads\/2017\/02\/Jurec.jpg\" \/>\n\t<meta property=\"og:image:width\" content=\"215\" \/>\n\t<meta property=\"og:image:height\" content=\"239\" \/>\n\t<meta property=\"og:image:type\" content=\"image\/jpeg\" \/>\n<meta name=\"twitter:card\" content=\"summary_large_image\" \/>\n<meta name=\"twitter:label1\" content=\"Dur\u00e9e de lecture estim\u00e9e\" \/>\n\t<meta name=\"twitter:data1\" content=\"1 minute\" \/>\n<script type=\"application\/ld+json\" class=\"yoast-schema-graph\">{\"@context\":\"https:\/\/schema.org\",\"@graph\":[{\"@type\":\"WebPage\",\"@id\":\"https:\/\/twoeco.sk\/o-nas\/\",\"url\":\"https:\/\/twoeco.sk\/o-nas\/\",\"name\":\"O n\u00e1s - Two Eco\",\"isPartOf\":{\"@id\":\"https:\/\/twoeco.sk\/#website\"},\"primaryImageOfPage\":{\"@id\":\"https:\/\/twoeco.sk\/o-nas\/#primaryimage\"},\"image\":{\"@id\":\"https:\/\/twoeco.sk\/o-nas\/#primaryimage\"},\"thumbnailUrl\":\"https:\/\/twoeco.sk\/wp-content\/uploads\/2017\/02\/Jurec.jpg\",\"datePublished\":\"2017-02-19T11:45:03+00:00\",\"dateModified\":\"2017-08-08T12:57:04+00:00\",\"breadcrumb\":{\"@id\":\"https:\/\/twoeco.sk\/o-nas\/#breadcrumb\"},\"inLanguage\":\"fr-FR\",\"potentialAction\":[{\"@type\":\"ReadAction\",\"target\":[\"https:\/\/twoeco.sk\/o-nas\/\"]}]},{\"@type\":\"ImageObject\",\"inLanguage\":\"fr-FR\",\"@id\":\"https:\/\/twoeco.sk\/o-nas\/#primaryimage\",\"url\":\"https:\/\/twoeco.sk\/wp-content\/uploads\/2017\/02\/Jurec.jpg\",\"contentUrl\":\"https:\/\/twoeco.sk\/wp-content\/uploads\/2017\/02\/Jurec.jpg\"},{\"@type\":\"BreadcrumbList\",\"@id\":\"https:\/\/twoeco.sk\/o-nas\/#breadcrumb\",\"itemListElement\":[{\"@type\":\"ListItem\",\"position\":1,\"name\":\"Home\",\"item\":\"https:\/\/twoeco.sk\/\"},{\"@type\":\"ListItem\",\"position\":2,\"name\":\"O n\u00e1s\"}]},{\"@type\":\"WebSite\",\"@id\":\"https:\/\/twoeco.sk\/#website\",\"url\":\"https:\/\/twoeco.sk\/\",\"name\":\"Two Eco\",\"description\":\"Viac ako \u010dist\u00e1 voda\",\"publisher\":{\"@id\":\"https:\/\/twoeco.sk\/#organization\"},\"potentialAction\":[{\"@type\":\"SearchAction\",\"target\":{\"@type\":\"EntryPoint\",\"urlTemplate\":\"https:\/\/twoeco.sk\/?s={search_term_string}\"},\"query-input\":{\"@type\":\"PropertyValueSpecification\",\"valueRequired\":true,\"valueName\":\"search_term_string\"}}],\"inLanguage\":\"fr-FR\"},{\"@type\":\"Organization\",\"@id\":\"https:\/\/twoeco.sk\/#organization\",\"name\":\"Two ECO, s.r.o.\",\"url\":\"https:\/\/twoeco.sk\/\",\"logo\":{\"@type\":\"ImageObject\",\"inLanguage\":\"fr-FR\",\"@id\":\"https:\/\/twoeco.sk\/#\/schema\/logo\/image\/\",\"url\":\"https:\/\/twoeco.sk\/wp-content\/uploads\/2016\/05\/logo-two-eco-farba.png\",\"contentUrl\":\"https:\/\/twoeco.sk\/wp-content\/uploads\/2016\/05\/logo-two-eco-farba.png\",\"width\":318,\"height\":74,\"caption\":\"Two ECO, s.r.o.\"},\"image\":{\"@id\":\"https:\/\/twoeco.sk\/#\/schema\/logo\/image\/\"},\"sameAs\":[\"https:\/\/www.facebook.com\/Ionimax-1357153714295887\/\"]}]}<\/script>\n<!-- \/ Yoast SEO plugin. -->","yoast_head_json":{"title":"O n\u00e1s - Two Eco","robots":{"index":"index","follow":"follow","max-snippet":"max-snippet:-1","max-image-preview":"max-image-preview:large","max-video-preview":"max-video-preview:-1"},"canonical":"https:\/\/twoeco.sk\/o-nas\/","og_locale":"fr_FR","og_type":"article","og_title":"O n\u00e1s - Two Eco","og_description":"Notre vocation est au traitement \u00e9cologique d&rsquo;eau de robinet. Nous traitons de l&rsquo;eau courante par l&rsquo;ionisation et la polarisation. Gr\u00e2ce \u00e0 cette modification, votre robinet vous offre de l&rsquo;eau de haute qualit\u00e9, une eau qui combine harmonieusement l&rsquo;eau dure avec les qualit\u00e9s de l&rsquo;eau douce. L&rsquo;eau qui de plus poss\u00e8de la facult\u00e9 de dissoudre le&hellip;","og_url":"https:\/\/twoeco.sk\/o-nas\/","og_site_name":"Two Eco","article_publisher":"https:\/\/www.facebook.com\/Ionimax-1357153714295887\/","article_modified_time":"2017-08-08T12:57:04+00:00","og_image":[{"width":215,"height":239,"url":"https:\/\/twoeco.sk\/wp-content\/uploads\/2017\/02\/Jurec.jpg","type":"image\/jpeg"}],"twitter_card":"summary_large_image","twitter_misc":{"Dur\u00e9e de lecture estim\u00e9e":"1 minute"},"schema":{"@context":"https:\/\/schema.org","@graph":[{"@type":"WebPage","@id":"https:\/\/twoeco.sk\/o-nas\/","url":"https:\/\/twoeco.sk\/o-nas\/","name":"O n\u00e1s - Two Eco","isPartOf":{"@id":"https:\/\/twoeco.sk\/#website"},"primaryImageOfPage":{"@id":"https:\/\/twoeco.sk\/o-nas\/#primaryimage"},"image":{"@id":"https:\/\/twoeco.sk\/o-nas\/#primaryimage"},"thumbnailUrl":"https:\/\/twoeco.sk\/wp-content\/uploads\/2017\/02\/Jurec.jpg","datePublished":"2017-02-19T11:45:03+00:00","dateModified":"2017-08-08T12:57:04+00:00","breadcrumb":{"@id":"https:\/\/twoeco.sk\/o-nas\/#breadcrumb"},"inLanguage":"fr-FR","potentialAction":[{"@type":"ReadAction","target":["https:\/\/twoeco.sk\/o-nas\/"]}]},{"@type":"ImageObject","inLanguage":"fr-FR","@id":"https:\/\/twoeco.sk\/o-nas\/#primaryimage","url":"https:\/\/twoeco.sk\/wp-content\/uploads\/2017\/02\/Jurec.jpg","contentUrl":"https:\/\/twoeco.sk\/wp-content\/uploads\/2017\/02\/Jurec.jpg"},{"@type":"BreadcrumbList","@id":"https:\/\/twoeco.sk\/o-nas\/#breadcrumb","itemListElement":[{"@type":"ListItem","position":1,"name":"Home","item":"https:\/\/twoeco.sk\/"},{"@type":"ListItem","position":2,"name":"O n\u00e1s"}]},{"@type":"WebSite","@id":"https:\/\/twoeco.sk\/#website","url":"https:\/\/twoeco.sk\/","name":"Two Eco","description":"Viac ako \u010dist\u00e1 voda","publisher":{"@id":"https:\/\/twoeco.sk\/#organization"},"potentialAction":[{"@type":"SearchAction","target":{"@type":"EntryPoint","urlTemplate":"https:\/\/twoeco.sk\/?s={search_term_string}"},"query-input":{"@type":"PropertyValueSpecification","valueRequired":true,"valueName":"search_term_string"}}],"inLanguage":"fr-FR"},{"@type":"Organization","@id":"https:\/\/twoeco.sk\/#organization","name":"Two ECO, s.r.o.","url":"https:\/\/twoeco.sk\/","logo":{"@type":"ImageObject","inLanguage":"fr-FR","@id":"https:\/\/twoeco.sk\/#\/schema\/logo\/image\/","url":"https:\/\/twoeco.sk\/wp-content\/uploads\/2016\/05\/logo-two-eco-farba.png","contentUrl":"https:\/\/twoeco.sk\/wp-content\/uploads\/2016\/05\/logo-two-eco-farba.png","width":318,"height":74,"caption":"Two ECO, s.r.o."},"image":{"@id":"https:\/\/twoeco.sk\/#\/schema\/logo\/image\/"},"sameAs":["https:\/\/www.facebook.com\/Ionimax-1357153714295887\/"]}]}},"_links":{"self":[{"href":"https:\/\/twoeco.sk\/fr\/wp-json\/wp\/v2\/pages\/2090"}],"collection":[{"href":"https:\/\/twoeco.sk\/fr\/wp-json\/wp\/v2\/pages"}],"about":[{"href":"https:\/\/twoeco.sk\/fr\/wp-json\/wp\/v2\/types\/page"}],"author":[{"embeddable":true,"href":"https:\/\/twoeco.sk\/fr\/wp-json\/wp\/v2\/users\/3"}],"replies":[{"embeddable":true,"href":"https:\/\/twoeco.sk\/fr\/wp-json\/wp\/v2\/comments?post=2090"}],"version-history":[{"count":1,"href":"https:\/\/twoeco.sk\/fr\/wp-json\/wp\/v2\/pages\/2090\/revisions"}],"predecessor-version":[{"id":2091,"href":"https:\/\/twoeco.sk\/fr\/wp-json\/wp\/v2\/pages\/2090\/revisions\/2091"}],"wp:attachment":[{"href":"https:\/\/twoeco.sk\/fr\/wp-json\/wp\/v2\/media?parent=2090"}],"curies":[{"name":"wp","href":"https:\/\/api.w.org\/{rel}","templated":true}]}}