{"id":2092,"date":"2017-03-23T08:52:56","date_gmt":"2017-03-23T07:52:56","guid":{"rendered":"https:\/\/twoeco.sk\/jednoduchsia-udrzba-bez-zbytocnej-chemie\/"},"modified":"2017-08-08T16:51:36","modified_gmt":"2017-08-08T14:51:36","slug":"jednoduchsia-udrzba-bez-zbytocnej-chemie","status":"publish","type":"page","link":"https:\/\/twoeco.sk\/fr\/jednoduchsia-udrzba-bez-zbytocnej-chemie\/","title":{"rendered":"Jednoduch\u0161ia \u00fadr\u017eba bez zbyto\u010dnej ch\u00e9mie"},"content":{"rendered":"<div class=\"wpb-content-wrapper\"><p>[vc_row css=\u00a0\u00bb.vc_custom_1489102263611{padding-top: 50px !important;}\u00a0\u00bb][vc_column][vc_row_inner][vc_column_inner][lab_heading title=\u00a0\u00bbUne maintenance simplifi\u00e9e sans produits chimiques inutiles \u00a0\u00bb el_class=\u00a0\u00bbtitle centered\u00a0\u00bb]Une maintenance simplifi\u00e9e sans produits chimiques inutiles<br \/>\n[\/lab_heading][\/vc_column_inner][\/vc_row_inner][vc_row_inner][vc_column_inner][lab_heading title=\u00a0\u00bbUne maintenance simplifi\u00e9e sans produits chimiques inutiles \u00ab\u00a0][\/lab_heading][vc_column_text]<\/p>\n<ul>\n<li><strong>Veillez-vous \u00e0 votre piscine, petit lac ou fontaine?<\/strong><\/li>\n<li><strong>Aimerez-vous limiter l&rsquo;utilisation de produits chimiques \u00e0 cette besogne?<\/strong><\/li>\n<li><strong>Avez-vous des ennuis avec le tartre dans les tuyaux, aux marchepieds, aux exutoires ou au fond de la piscine?<\/strong><\/li>\n<\/ul>\n<p>Les moments agr\u00e9ables pass\u00e9s \u00e0 la piscine maison ou pr\u00e8s de la fontaine sont presque irrempla\u00e7ables. Qui n&rsquo;appr\u00e9ciait pas? Mais les soins de ces am\u00e9nagements demandent au propri\u00e9taire des efforts et des besognes.<\/p>\n<p>L&rsquo;enl\u00e8vement des impuret\u00e9s au plan d&rsquo;eau mais aussi le tartre qui se forme, les poussi\u00e8res qui tombent et les insectes ce qui soutient l&rsquo;apparition des algues et de la louche, ceci n&rsquo;est pas appr\u00e9ci\u00e9 par les propri\u00e9taires de piscines.<\/p>\n<p>IONIMAX devient votre auxiliaire et une rare pr\u00e9vention, il suffit simplement de l&rsquo;installer au tuyau en amont, ce qui arr\u00eate la formation du tartre dans tout votre r\u00e9seau de distribution et m\u00eame \u00e9limine, au fur et \u00e0 mesure, les vieux d\u00e9p\u00f4ts.<\/p>\n<p>L&rsquo;eau trait\u00e9e par IONIMAX c&rsquo;est-\u00e0-dire, l&rsquo;eau ionis\u00e9e emp\u00eache au calcium et aux autres min\u00e9raux de former les liaisons cristallines rigides, emp\u00eache leur d\u00e9charge ; ils deviennent faciles \u00e0 enlever et souvent m\u00eame sans l&rsquo;application des produits chimiques. Un torchon de m\u00e9nage suffit. De cette mani\u00e8re, vous diminuez aussi la possibilit\u00e9 de multiplication des bact\u00e9ries ind\u00e9sirables dans telles couches au tuyau. IONIMAX diminue leur pr\u00e9sence, dans de l&rsquo;eau chaude par exemple, au moins dix fois. IONIMAX et de l&rsquo;eau ionis\u00e9e causent aussi la lib\u00e9ration du chlore, comme sa volatilit\u00e9 augment. Vous pouvez prolonger la long\u00e9vit\u00e9 de vos installations, s&rsquo;offrir un entretien et surveillance moins exigeants et \u00e9viter certains produits chimiques, les adoucisseurs aussi que les allergies qui les accompagnent. IONIMAX fait un suppl\u00e9ment id\u00e9al de chaque piscine install\u00e9e, il va simplifier son exploitation et la rendre plus effective. L&rsquo;appareil n&rsquo;occupe presque aucun espace et n&rsquo;alt\u00e8re pas le design do vos espaces.[\/vc_column_text][\/vc_column_inner][\/vc_row_inner][\/vc_column][\/vc_row]<\/p>\n<\/div>","protected":false},"excerpt":{"rendered":"<p>[vc_row css=\u00a0\u00bb.vc_custom_1489102263611{padding-top: 50px !important;}\u00a0\u00bb][vc_column][vc_row_inner][vc_column_inner][lab_heading title=\u00a0\u00bbUne maintenance simplifi\u00e9e sans produits chimiques inutiles \u00a0\u00bb el_class=\u00a0\u00bbtitle centered\u00a0\u00bb]Une maintenance simplifi\u00e9e sans produits chimiques inutiles [\/lab_heading][\/vc_column_inner][\/vc_row_inner][vc_row_inner][vc_column_inner][lab_heading title=\u00a0\u00bbUne maintenance simplifi\u00e9e sans produits chimiques inutiles \u00ab\u00a0][\/lab_heading][vc_column_text] Veillez-vous \u00e0 votre piscine, petit lac ou fontaine? Aimerez-vous limiter l&rsquo;utilisation de produits chimiques \u00e0 cette besogne? Avez-vous des ennuis avec le tartre dans les tuyaux,&hellip;<\/p>\n","protected":false},"author":3,"featured_media":0,"parent":0,"menu_order":0,"comment_status":"closed","ping_status":"closed","template":"","meta":{"_acf_changed":false,"footnotes":""},"class_list":["post-2092","page","type-page","status-publish","hentry"],"acf":[],"yoast_head":"<!-- This site is optimized with the Yoast SEO plugin v23.6 - https:\/\/yoast.com\/wordpress\/plugins\/seo\/ -->\n<title>Jednoduch\u0161ia \u00fadr\u017eba bez zbyto\u010dnej ch\u00e9mie - Two Eco<\/title>\n<meta name=\"robots\" content=\"index, follow, max-snippet:-1, max-image-preview:large, max-video-preview:-1\" \/>\n<link rel=\"canonical\" href=\"https:\/\/twoeco.sk\/jednoduchsia-udrzba-bez-zbytocnej-chemie\/\" \/>\n<meta property=\"og:locale\" content=\"fr_FR\" \/>\n<meta property=\"og:type\" content=\"article\" \/>\n<meta property=\"og:title\" content=\"Jednoduch\u0161ia \u00fadr\u017eba bez zbyto\u010dnej ch\u00e9mie - Two Eco\" \/>\n<meta property=\"og:description\" content=\"[vc_row css=\u00a0\u00bb.vc_custom_1489102263611{padding-top: 50px !important;}\u00a0\u00bb][vc_column][vc_row_inner][vc_column_inner][lab_heading title=\u00a0\u00bbUne maintenance simplifi\u00e9e sans produits chimiques inutiles \u00a0\u00bb el_class=\u00a0\u00bbtitle centered\u00a0\u00bb]Une maintenance simplifi\u00e9e sans produits chimiques inutiles [\/lab_heading][\/vc_column_inner][\/vc_row_inner][vc_row_inner][vc_column_inner][lab_heading title=\u00a0\u00bbUne maintenance simplifi\u00e9e sans produits chimiques inutiles \u00ab\u00a0][\/lab_heading][vc_column_text] Veillez-vous \u00e0 votre piscine, petit lac ou fontaine? Aimerez-vous limiter l&rsquo;utilisation de produits chimiques \u00e0 cette besogne? Avez-vous des ennuis avec le tartre dans les tuyaux,&hellip;\" \/>\n<meta property=\"og:url\" content=\"https:\/\/twoeco.sk\/jednoduchsia-udrzba-bez-zbytocnej-chemie\/\" \/>\n<meta property=\"og:site_name\" content=\"Two Eco\" \/>\n<meta property=\"article:publisher\" content=\"https:\/\/www.facebook.com\/Ionimax-1357153714295887\/\" \/>\n<meta property=\"article:modified_time\" content=\"2017-08-08T14:51:36+00:00\" \/>\n<meta name=\"twitter:card\" content=\"summary_large_image\" \/>\n<meta name=\"twitter:label1\" content=\"Dur\u00e9e de lecture estim\u00e9e\" \/>\n\t<meta name=\"twitter:data1\" content=\"2 minutes\" \/>\n<script type=\"application\/ld+json\" class=\"yoast-schema-graph\">{\"@context\":\"https:\/\/schema.org\",\"@graph\":[{\"@type\":\"WebPage\",\"@id\":\"https:\/\/twoeco.sk\/jednoduchsia-udrzba-bez-zbytocnej-chemie\/\",\"url\":\"https:\/\/twoeco.sk\/jednoduchsia-udrzba-bez-zbytocnej-chemie\/\",\"name\":\"Jednoduch\u0161ia \u00fadr\u017eba bez zbyto\u010dnej ch\u00e9mie - Two Eco\",\"isPartOf\":{\"@id\":\"https:\/\/twoeco.sk\/#website\"},\"datePublished\":\"2017-03-23T07:52:56+00:00\",\"dateModified\":\"2017-08-08T14:51:36+00:00\",\"breadcrumb\":{\"@id\":\"https:\/\/twoeco.sk\/jednoduchsia-udrzba-bez-zbytocnej-chemie\/#breadcrumb\"},\"inLanguage\":\"fr-FR\",\"potentialAction\":[{\"@type\":\"ReadAction\",\"target\":[\"https:\/\/twoeco.sk\/jednoduchsia-udrzba-bez-zbytocnej-chemie\/\"]}]},{\"@type\":\"BreadcrumbList\",\"@id\":\"https:\/\/twoeco.sk\/jednoduchsia-udrzba-bez-zbytocnej-chemie\/#breadcrumb\",\"itemListElement\":[{\"@type\":\"ListItem\",\"position\":1,\"name\":\"Home\",\"item\":\"https:\/\/twoeco.sk\/\"},{\"@type\":\"ListItem\",\"position\":2,\"name\":\"Jednoduch\u0161ia \u00fadr\u017eba bez zbyto\u010dnej ch\u00e9mie\"}]},{\"@type\":\"WebSite\",\"@id\":\"https:\/\/twoeco.sk\/#website\",\"url\":\"https:\/\/twoeco.sk\/\",\"name\":\"Two Eco\",\"description\":\"Viac ako \u010dist\u00e1 voda\",\"publisher\":{\"@id\":\"https:\/\/twoeco.sk\/#organization\"},\"potentialAction\":[{\"@type\":\"SearchAction\",\"target\":{\"@type\":\"EntryPoint\",\"urlTemplate\":\"https:\/\/twoeco.sk\/?s={search_term_string}\"},\"query-input\":{\"@type\":\"PropertyValueSpecification\",\"valueRequired\":true,\"valueName\":\"search_term_string\"}}],\"inLanguage\":\"fr-FR\"},{\"@type\":\"Organization\",\"@id\":\"https:\/\/twoeco.sk\/#organization\",\"name\":\"Two ECO, s.r.o.\",\"url\":\"https:\/\/twoeco.sk\/\",\"logo\":{\"@type\":\"ImageObject\",\"inLanguage\":\"fr-FR\",\"@id\":\"https:\/\/twoeco.sk\/#\/schema\/logo\/image\/\",\"url\":\"https:\/\/twoeco.sk\/wp-content\/uploads\/2016\/05\/logo-two-eco-farba.png\",\"contentUrl\":\"https:\/\/twoeco.sk\/wp-content\/uploads\/2016\/05\/logo-two-eco-farba.png\",\"width\":318,\"height\":74,\"caption\":\"Two ECO, s.r.o.\"},\"image\":{\"@id\":\"https:\/\/twoeco.sk\/#\/schema\/logo\/image\/\"},\"sameAs\":[\"https:\/\/www.facebook.com\/Ionimax-1357153714295887\/\"]}]}<\/script>\n<!-- \/ Yoast SEO plugin. -->","yoast_head_json":{"title":"Jednoduch\u0161ia \u00fadr\u017eba bez zbyto\u010dnej ch\u00e9mie - Two Eco","robots":{"index":"index","follow":"follow","max-snippet":"max-snippet:-1","max-image-preview":"max-image-preview:large","max-video-preview":"max-video-preview:-1"},"canonical":"https:\/\/twoeco.sk\/jednoduchsia-udrzba-bez-zbytocnej-chemie\/","og_locale":"fr_FR","og_type":"article","og_title":"Jednoduch\u0161ia \u00fadr\u017eba bez zbyto\u010dnej ch\u00e9mie - Two Eco","og_description":"[vc_row css=\u00a0\u00bb.vc_custom_1489102263611{padding-top: 50px !important;}\u00a0\u00bb][vc_column][vc_row_inner][vc_column_inner][lab_heading title=\u00a0\u00bbUne maintenance simplifi\u00e9e sans produits chimiques inutiles \u00a0\u00bb el_class=\u00a0\u00bbtitle centered\u00a0\u00bb]Une maintenance simplifi\u00e9e sans produits chimiques inutiles [\/lab_heading][\/vc_column_inner][\/vc_row_inner][vc_row_inner][vc_column_inner][lab_heading title=\u00a0\u00bbUne maintenance simplifi\u00e9e sans produits chimiques inutiles \u00ab\u00a0][\/lab_heading][vc_column_text] Veillez-vous \u00e0 votre piscine, petit lac ou fontaine? Aimerez-vous limiter l&rsquo;utilisation de produits chimiques \u00e0 cette besogne? Avez-vous des ennuis avec le tartre dans les tuyaux,&hellip;","og_url":"https:\/\/twoeco.sk\/jednoduchsia-udrzba-bez-zbytocnej-chemie\/","og_site_name":"Two Eco","article_publisher":"https:\/\/www.facebook.com\/Ionimax-1357153714295887\/","article_modified_time":"2017-08-08T14:51:36+00:00","twitter_card":"summary_large_image","twitter_misc":{"Dur\u00e9e de lecture estim\u00e9e":"2 minutes"},"schema":{"@context":"https:\/\/schema.org","@graph":[{"@type":"WebPage","@id":"https:\/\/twoeco.sk\/jednoduchsia-udrzba-bez-zbytocnej-chemie\/","url":"https:\/\/twoeco.sk\/jednoduchsia-udrzba-bez-zbytocnej-chemie\/","name":"Jednoduch\u0161ia \u00fadr\u017eba bez zbyto\u010dnej ch\u00e9mie - Two Eco","isPartOf":{"@id":"https:\/\/twoeco.sk\/#website"},"datePublished":"2017-03-23T07:52:56+00:00","dateModified":"2017-08-08T14:51:36+00:00","breadcrumb":{"@id":"https:\/\/twoeco.sk\/jednoduchsia-udrzba-bez-zbytocnej-chemie\/#breadcrumb"},"inLanguage":"fr-FR","potentialAction":[{"@type":"ReadAction","target":["https:\/\/twoeco.sk\/jednoduchsia-udrzba-bez-zbytocnej-chemie\/"]}]},{"@type":"BreadcrumbList","@id":"https:\/\/twoeco.sk\/jednoduchsia-udrzba-bez-zbytocnej-chemie\/#breadcrumb","itemListElement":[{"@type":"ListItem","position":1,"name":"Home","item":"https:\/\/twoeco.sk\/"},{"@type":"ListItem","position":2,"name":"Jednoduch\u0161ia \u00fadr\u017eba bez zbyto\u010dnej ch\u00e9mie"}]},{"@type":"WebSite","@id":"https:\/\/twoeco.sk\/#website","url":"https:\/\/twoeco.sk\/","name":"Two Eco","description":"Viac ako \u010dist\u00e1 voda","publisher":{"@id":"https:\/\/twoeco.sk\/#organization"},"potentialAction":[{"@type":"SearchAction","target":{"@type":"EntryPoint","urlTemplate":"https:\/\/twoeco.sk\/?s={search_term_string}"},"query-input":{"@type":"PropertyValueSpecification","valueRequired":true,"valueName":"search_term_string"}}],"inLanguage":"fr-FR"},{"@type":"Organization","@id":"https:\/\/twoeco.sk\/#organization","name":"Two ECO, s.r.o.","url":"https:\/\/twoeco.sk\/","logo":{"@type":"ImageObject","inLanguage":"fr-FR","@id":"https:\/\/twoeco.sk\/#\/schema\/logo\/image\/","url":"https:\/\/twoeco.sk\/wp-content\/uploads\/2016\/05\/logo-two-eco-farba.png","contentUrl":"https:\/\/twoeco.sk\/wp-content\/uploads\/2016\/05\/logo-two-eco-farba.png","width":318,"height":74,"caption":"Two ECO, s.r.o."},"image":{"@id":"https:\/\/twoeco.sk\/#\/schema\/logo\/image\/"},"sameAs":["https:\/\/www.facebook.com\/Ionimax-1357153714295887\/"]}]}},"_links":{"self":[{"href":"https:\/\/twoeco.sk\/fr\/wp-json\/wp\/v2\/pages\/2092"}],"collection":[{"href":"https:\/\/twoeco.sk\/fr\/wp-json\/wp\/v2\/pages"}],"about":[{"href":"https:\/\/twoeco.sk\/fr\/wp-json\/wp\/v2\/types\/page"}],"author":[{"embeddable":true,"href":"https:\/\/twoeco.sk\/fr\/wp-json\/wp\/v2\/users\/3"}],"replies":[{"embeddable":true,"href":"https:\/\/twoeco.sk\/fr\/wp-json\/wp\/v2\/comments?post=2092"}],"version-history":[{"count":2,"href":"https:\/\/twoeco.sk\/fr\/wp-json\/wp\/v2\/pages\/2092\/revisions"}],"predecessor-version":[{"id":2096,"href":"https:\/\/twoeco.sk\/fr\/wp-json\/wp\/v2\/pages\/2092\/revisions\/2096"}],"wp:attachment":[{"href":"https:\/\/twoeco.sk\/fr\/wp-json\/wp\/v2\/media?parent=2092"}],"curies":[{"name":"wp","href":"https:\/\/api.w.org\/{rel}","templated":true}]}}