{"id":2104,"date":"2017-02-16T10:11:58","date_gmt":"2017-02-16T09:11:58","guid":{"rendered":"https:\/\/twoeco.sk\/chlor-vo-vode\/"},"modified":"2017-08-24T08:28:14","modified_gmt":"2017-08-24T06:28:14","slug":"chlor-vo-vode","status":"publish","type":"page","link":"https:\/\/twoeco.sk\/fr\/chlor-vo-vode\/","title":{"rendered":"Chlore \u00e0 l&rsquo;eau"},"content":{"rendered":"<div class=\"wpb-content-wrapper\"><p>[vc_row css=\u00a0\u00bb.vc_custom_1503556071769{padding-top: 50px !important;}\u00a0\u00bb][vc_column][vc_row_inner][vc_column_inner][lab_heading title=\u00a0\u00bbChlore \u00e0 l&rsquo;eau\u00a0\u00bb el_class=\u00a0\u00bbtitle centered\u00a0\u00bb][\/lab_heading][\/vc_column_inner][\/vc_row_inner][vc_row_inner][vc_column_inner width=\u00a0\u00bb1\/4&Prime;][vc_single_image image=\u00a0\u00bb892&Prime; img_size=\u00a0\u00bbfull\u00a0\u00bb][\/vc_column_inner][vc_column_inner width=\u00a0\u00bb3\/4&Prime;][vc_column_text]<\/p>\n<ul>\n<li><strong>Souciez-vous de la teneur en chlore dans votre r\u00e9seau d&rsquo;eau? <\/strong><\/li>\n<li><strong>Occupez-vous du go\u00fbt et de la qualit\u00e9 de l&rsquo;eau en question? <\/strong><\/li>\n<li><strong>Ne voulez-vous pas n\u00e9gliger la pr\u00e9sence des bact\u00e9ries? <\/strong><\/li>\n<li><strong>H\u00e9sitez-vous de quelle mani\u00e8re traiter la qualit\u00e9 d&rsquo;eau? <\/strong><\/li>\n<li><strong>Voulez-vous choisir ce qui est le meilleur pour vous et pour vos c\u00e2lins de maison?<\/strong><\/li>\n<\/ul>\n<p>[\/vc_column_text][vc_column_text]<strong>Mais pourquoi ajoute-on du chlore<\/strong> aux r\u00e9seaux d&rsquo;eau? Le chlore prot\u00e8ge contre la multiplication de bact\u00e9ries au r\u00e9seau d&rsquo;eau. Son action est pareille comme l&rsquo;action des produits de conservation alimentaire et assure la sauvegarde de la qualit\u00e9 d&rsquo;eau fournie au consommateur, en ce qui concerne sa qualit\u00e9 pour la sant\u00e9.<\/p>\n<p>Les bact\u00e9ries et d&rsquo;autres microorganismes font une partie naturelle de l&rsquo;environnement. Elles se trouvent dans l&rsquo;air et dans les terres et il peut arriver, qu&rsquo;elles p\u00e9n\u00e8trent au r\u00e9seau d&rsquo;eau. Aussi les d\u00e9potes de caract\u00e8re organique \u00e0 la surface interne de la conduite font un substrat id\u00e9al pour la multiplication de bact\u00e9ries. Pour sauvegarder la qualit\u00e9 bact\u00e9riologique d&rsquo;eau dans toutes les parties du r\u00e9seau de distribution d&rsquo;eau, on ajoute en moyenne de 0,1 \u00e0 0,2 milligrammes de chlore par un litre d&rsquo;eau. Ce qui repr\u00e9sente 1 goutte de chlore par 1000 litres d&rsquo;eau, c&rsquo;est le volume de 5 baignoires domestiques environ.<\/p>\n<p><strong>L&rsquo;eau trait\u00e9e par IONIMAX modifie l&rsquo;environnement propre de votre r\u00e9seau, de mani\u00e8re \u00e0 diminuer la pr\u00e9sence mesurable et la multiplication de bact\u00e9ries et de les r\u00e9gresser. On a prouv\u00e9 par les essais, que plus que dix fois moins de bact\u00e9ries sont pr\u00e9sentes \u00e0 l&rsquo;eau ti\u00e8de \u00e0 la conduite, trait\u00e9e par IONIMAX.<\/strong> En m\u00eame temps, la polarisation ionique diminue la couche de pr\u00e9cipit\u00e9 \u00e0 la surface interne du tuyau, ce qui fait dispara\u00eetre l&rsquo;environnement o\u00f9 les bact\u00e9ries ind\u00e9sirables peuvent se multiplier.<\/p>\n<p><strong>Un autre avantage de IONIMAX : il aide \u00e0 lib\u00e9rer le chlore d&rsquo;eau<\/strong>. Les proc\u00e9d\u00e9s utilis\u00e9s couramment pour se d\u00e9barrasser du chlore et de son go\u00fbt sont le d\u00e9gazage spontan\u00e9 dans le temps, la bouillie, la filtration, le refroidissement au r\u00e9frig\u00e9rateur ou l&rsquo;ajout de quelque go\u00fbtes de jus de citron. <strong>IONIMAX manifeste un effet de lib\u00e9ration de chlore comparable aux pr\u00e9c\u00e9dentes m\u00e9thodes.<\/strong> Si vous h\u00e9sitez \u00e0 traiter ou ne pas traiter l&rsquo;eau de votre r\u00e9seau d&rsquo;eau, <strong>n&rsquo;h\u00e9sitez pas de nous contacter.<\/strong><\/p>\n<p>[\/vc_column_text][\/vc_column_inner][\/vc_row_inner][\/vc_column][\/vc_row]<\/p>\n<\/div>","protected":false},"excerpt":{"rendered":"<p>[vc_row css=\u00a0\u00bb.vc_custom_1503556071769{padding-top: 50px !important;}\u00a0\u00bb][vc_column][vc_row_inner][vc_column_inner][lab_heading title=\u00a0\u00bbChlore \u00e0 l&rsquo;eau\u00a0\u00bb el_class=\u00a0\u00bbtitle centered\u00a0\u00bb][\/lab_heading][\/vc_column_inner][\/vc_row_inner][vc_row_inner][vc_column_inner width=\u00a0\u00bb1\/4&Prime;][vc_single_image image=\u00a0\u00bb892&Prime; img_size=\u00a0\u00bbfull\u00a0\u00bb][\/vc_column_inner][vc_column_inner width=\u00a0\u00bb3\/4&Prime;][vc_column_text] Souciez-vous de la teneur en chlore dans votre r\u00e9seau d&rsquo;eau? Occupez-vous du go\u00fbt et de la qualit\u00e9 de l&rsquo;eau en question? Ne voulez-vous pas n\u00e9gliger la pr\u00e9sence des bact\u00e9ries? H\u00e9sitez-vous de quelle mani\u00e8re traiter la qualit\u00e9 d&rsquo;eau? Voulez-vous choisir ce qui est&hellip;<\/p>\n","protected":false},"author":3,"featured_media":0,"parent":0,"menu_order":0,"comment_status":"closed","ping_status":"closed","template":"","meta":{"_acf_changed":false,"footnotes":""},"class_list":["post-2104","page","type-page","status-publish","hentry"],"acf":[],"yoast_head":"<!-- This site is optimized with the Yoast SEO plugin v23.6 - https:\/\/yoast.com\/wordpress\/plugins\/seo\/ -->\n<title>Chlore \u00e0 l&#039;eau - Two Eco<\/title>\n<meta name=\"robots\" content=\"index, follow, max-snippet:-1, max-image-preview:large, max-video-preview:-1\" \/>\n<link rel=\"canonical\" href=\"https:\/\/twoeco.sk\/chlor-vo-vode\/\" \/>\n<meta property=\"og:locale\" content=\"fr_FR\" \/>\n<meta property=\"og:type\" content=\"article\" \/>\n<meta property=\"og:title\" content=\"Chlore \u00e0 l&#039;eau - Two Eco\" \/>\n<meta property=\"og:description\" content=\"[vc_row css=\u00a0\u00bb.vc_custom_1503556071769{padding-top: 50px !important;}\u00a0\u00bb][vc_column][vc_row_inner][vc_column_inner][lab_heading title=\u00a0\u00bbChlore \u00e0 l&rsquo;eau\u00a0\u00bb el_class=\u00a0\u00bbtitle centered\u00a0\u00bb][\/lab_heading][\/vc_column_inner][\/vc_row_inner][vc_row_inner][vc_column_inner width=\u00a0\u00bb1\/4&Prime;][vc_single_image image=\u00a0\u00bb892&Prime; img_size=\u00a0\u00bbfull\u00a0\u00bb][\/vc_column_inner][vc_column_inner width=\u00a0\u00bb3\/4&Prime;][vc_column_text] Souciez-vous de la teneur en chlore dans votre r\u00e9seau d&rsquo;eau? Occupez-vous du go\u00fbt et de la qualit\u00e9 de l&rsquo;eau en question? Ne voulez-vous pas n\u00e9gliger la pr\u00e9sence des bact\u00e9ries? H\u00e9sitez-vous de quelle mani\u00e8re traiter la qualit\u00e9 d&rsquo;eau? Voulez-vous choisir ce qui est&hellip;\" \/>\n<meta property=\"og:url\" content=\"https:\/\/twoeco.sk\/chlor-vo-vode\/\" \/>\n<meta property=\"og:site_name\" content=\"Two Eco\" \/>\n<meta property=\"article:publisher\" content=\"https:\/\/www.facebook.com\/Ionimax-1357153714295887\/\" \/>\n<meta property=\"article:modified_time\" content=\"2017-08-24T06:28:14+00:00\" \/>\n<meta name=\"twitter:card\" content=\"summary_large_image\" \/>\n<meta name=\"twitter:label1\" content=\"Dur\u00e9e de lecture estim\u00e9e\" \/>\n\t<meta name=\"twitter:data1\" content=\"2 minutes\" \/>\n<script type=\"application\/ld+json\" class=\"yoast-schema-graph\">{\"@context\":\"https:\/\/schema.org\",\"@graph\":[{\"@type\":\"WebPage\",\"@id\":\"https:\/\/twoeco.sk\/chlor-vo-vode\/\",\"url\":\"https:\/\/twoeco.sk\/chlor-vo-vode\/\",\"name\":\"Chlore \u00e0 l'eau - Two Eco\",\"isPartOf\":{\"@id\":\"https:\/\/twoeco.sk\/#website\"},\"datePublished\":\"2017-02-16T09:11:58+00:00\",\"dateModified\":\"2017-08-24T06:28:14+00:00\",\"breadcrumb\":{\"@id\":\"https:\/\/twoeco.sk\/chlor-vo-vode\/#breadcrumb\"},\"inLanguage\":\"fr-FR\",\"potentialAction\":[{\"@type\":\"ReadAction\",\"target\":[\"https:\/\/twoeco.sk\/chlor-vo-vode\/\"]}]},{\"@type\":\"BreadcrumbList\",\"@id\":\"https:\/\/twoeco.sk\/chlor-vo-vode\/#breadcrumb\",\"itemListElement\":[{\"@type\":\"ListItem\",\"position\":1,\"name\":\"Home\",\"item\":\"https:\/\/twoeco.sk\/\"},{\"@type\":\"ListItem\",\"position\":2,\"name\":\"Chlore \u00e0 l&#8217;eau\"}]},{\"@type\":\"WebSite\",\"@id\":\"https:\/\/twoeco.sk\/#website\",\"url\":\"https:\/\/twoeco.sk\/\",\"name\":\"Two Eco\",\"description\":\"Viac ako \u010dist\u00e1 voda\",\"publisher\":{\"@id\":\"https:\/\/twoeco.sk\/#organization\"},\"potentialAction\":[{\"@type\":\"SearchAction\",\"target\":{\"@type\":\"EntryPoint\",\"urlTemplate\":\"https:\/\/twoeco.sk\/?s={search_term_string}\"},\"query-input\":{\"@type\":\"PropertyValueSpecification\",\"valueRequired\":true,\"valueName\":\"search_term_string\"}}],\"inLanguage\":\"fr-FR\"},{\"@type\":\"Organization\",\"@id\":\"https:\/\/twoeco.sk\/#organization\",\"name\":\"Two ECO, s.r.o.\",\"url\":\"https:\/\/twoeco.sk\/\",\"logo\":{\"@type\":\"ImageObject\",\"inLanguage\":\"fr-FR\",\"@id\":\"https:\/\/twoeco.sk\/#\/schema\/logo\/image\/\",\"url\":\"https:\/\/twoeco.sk\/wp-content\/uploads\/2016\/05\/logo-two-eco-farba.png\",\"contentUrl\":\"https:\/\/twoeco.sk\/wp-content\/uploads\/2016\/05\/logo-two-eco-farba.png\",\"width\":318,\"height\":74,\"caption\":\"Two ECO, s.r.o.\"},\"image\":{\"@id\":\"https:\/\/twoeco.sk\/#\/schema\/logo\/image\/\"},\"sameAs\":[\"https:\/\/www.facebook.com\/Ionimax-1357153714295887\/\"]}]}<\/script>\n<!-- \/ Yoast SEO plugin. -->","yoast_head_json":{"title":"Chlore \u00e0 l'eau - Two Eco","robots":{"index":"index","follow":"follow","max-snippet":"max-snippet:-1","max-image-preview":"max-image-preview:large","max-video-preview":"max-video-preview:-1"},"canonical":"https:\/\/twoeco.sk\/chlor-vo-vode\/","og_locale":"fr_FR","og_type":"article","og_title":"Chlore \u00e0 l'eau - Two Eco","og_description":"[vc_row css=\u00a0\u00bb.vc_custom_1503556071769{padding-top: 50px !important;}\u00a0\u00bb][vc_column][vc_row_inner][vc_column_inner][lab_heading title=\u00a0\u00bbChlore \u00e0 l&rsquo;eau\u00a0\u00bb el_class=\u00a0\u00bbtitle centered\u00a0\u00bb][\/lab_heading][\/vc_column_inner][\/vc_row_inner][vc_row_inner][vc_column_inner width=\u00a0\u00bb1\/4&Prime;][vc_single_image image=\u00a0\u00bb892&Prime; img_size=\u00a0\u00bbfull\u00a0\u00bb][\/vc_column_inner][vc_column_inner width=\u00a0\u00bb3\/4&Prime;][vc_column_text] Souciez-vous de la teneur en chlore dans votre r\u00e9seau d&rsquo;eau? Occupez-vous du go\u00fbt et de la qualit\u00e9 de l&rsquo;eau en question? Ne voulez-vous pas n\u00e9gliger la pr\u00e9sence des bact\u00e9ries? H\u00e9sitez-vous de quelle mani\u00e8re traiter la qualit\u00e9 d&rsquo;eau? Voulez-vous choisir ce qui est&hellip;","og_url":"https:\/\/twoeco.sk\/chlor-vo-vode\/","og_site_name":"Two Eco","article_publisher":"https:\/\/www.facebook.com\/Ionimax-1357153714295887\/","article_modified_time":"2017-08-24T06:28:14+00:00","twitter_card":"summary_large_image","twitter_misc":{"Dur\u00e9e de lecture estim\u00e9e":"2 minutes"},"schema":{"@context":"https:\/\/schema.org","@graph":[{"@type":"WebPage","@id":"https:\/\/twoeco.sk\/chlor-vo-vode\/","url":"https:\/\/twoeco.sk\/chlor-vo-vode\/","name":"Chlore \u00e0 l'eau - Two Eco","isPartOf":{"@id":"https:\/\/twoeco.sk\/#website"},"datePublished":"2017-02-16T09:11:58+00:00","dateModified":"2017-08-24T06:28:14+00:00","breadcrumb":{"@id":"https:\/\/twoeco.sk\/chlor-vo-vode\/#breadcrumb"},"inLanguage":"fr-FR","potentialAction":[{"@type":"ReadAction","target":["https:\/\/twoeco.sk\/chlor-vo-vode\/"]}]},{"@type":"BreadcrumbList","@id":"https:\/\/twoeco.sk\/chlor-vo-vode\/#breadcrumb","itemListElement":[{"@type":"ListItem","position":1,"name":"Home","item":"https:\/\/twoeco.sk\/"},{"@type":"ListItem","position":2,"name":"Chlore \u00e0 l&#8217;eau"}]},{"@type":"WebSite","@id":"https:\/\/twoeco.sk\/#website","url":"https:\/\/twoeco.sk\/","name":"Two Eco","description":"Viac ako \u010dist\u00e1 voda","publisher":{"@id":"https:\/\/twoeco.sk\/#organization"},"potentialAction":[{"@type":"SearchAction","target":{"@type":"EntryPoint","urlTemplate":"https:\/\/twoeco.sk\/?s={search_term_string}"},"query-input":{"@type":"PropertyValueSpecification","valueRequired":true,"valueName":"search_term_string"}}],"inLanguage":"fr-FR"},{"@type":"Organization","@id":"https:\/\/twoeco.sk\/#organization","name":"Two ECO, s.r.o.","url":"https:\/\/twoeco.sk\/","logo":{"@type":"ImageObject","inLanguage":"fr-FR","@id":"https:\/\/twoeco.sk\/#\/schema\/logo\/image\/","url":"https:\/\/twoeco.sk\/wp-content\/uploads\/2016\/05\/logo-two-eco-farba.png","contentUrl":"https:\/\/twoeco.sk\/wp-content\/uploads\/2016\/05\/logo-two-eco-farba.png","width":318,"height":74,"caption":"Two ECO, s.r.o."},"image":{"@id":"https:\/\/twoeco.sk\/#\/schema\/logo\/image\/"},"sameAs":["https:\/\/www.facebook.com\/Ionimax-1357153714295887\/"]}]}},"_links":{"self":[{"href":"https:\/\/twoeco.sk\/fr\/wp-json\/wp\/v2\/pages\/2104"}],"collection":[{"href":"https:\/\/twoeco.sk\/fr\/wp-json\/wp\/v2\/pages"}],"about":[{"href":"https:\/\/twoeco.sk\/fr\/wp-json\/wp\/v2\/types\/page"}],"author":[{"embeddable":true,"href":"https:\/\/twoeco.sk\/fr\/wp-json\/wp\/v2\/users\/3"}],"replies":[{"embeddable":true,"href":"https:\/\/twoeco.sk\/fr\/wp-json\/wp\/v2\/comments?post=2104"}],"version-history":[{"count":4,"href":"https:\/\/twoeco.sk\/fr\/wp-json\/wp\/v2\/pages\/2104\/revisions"}],"predecessor-version":[{"id":2252,"href":"https:\/\/twoeco.sk\/fr\/wp-json\/wp\/v2\/pages\/2104\/revisions\/2252"}],"wp:attachment":[{"href":"https:\/\/twoeco.sk\/fr\/wp-json\/wp\/v2\/media?parent=2104"}],"curies":[{"name":"wp","href":"https:\/\/api.w.org\/{rel}","templated":true}]}}