{"id":2202,"date":"2017-03-29T10:19:23","date_gmt":"2017-03-29T08:19:23","guid":{"rendered":"https:\/\/twoeco.sk\/riesenie-na-problem-s-tvrdou-vodou\/"},"modified":"2017-08-11T11:42:22","modified_gmt":"2017-08-11T09:42:22","slug":"riesenie-na-problem-s-tvrdou-vodou","status":"publish","type":"page","link":"https:\/\/twoeco.sk\/fr\/riesenie-na-problem-s-tvrdou-vodou\/","title":{"rendered":"Rie\u0161enie na probl\u00e9m s\u00a0tvrdou vodou a\u00a0vodn\u00fdm kame\u0148om"},"content":{"rendered":"<div class=\"wpb-content-wrapper\"><p>[vc_row][vc_column][lab_heading title=\u00a0\u00bbSolution du probl\u00e8me de l&rsquo;eau dure et du tartre \u00a0\u00bb el_class=\u00a0\u00bbtitle \u00a0\u00bb css=\u00a0\u00bb.vc_custom_1502444502481{padding-top: 50px !important;}\u00a0\u00bb]Profitez de qualit\u00e9s de l&rsquo;eau douce \u2013 aucune nouvelle couche de d\u00e9p\u00f4ts et de plus, la dilution de vieux s\u00e9diments<br \/>\n[\/lab_heading][vc_column_text css=\u00a0\u00bb.vc_custom_1502444532580{padding-top: 10px !important;}\u00a0\u00bb]<strong>L&rsquo;eau dure vous tourmente? <\/strong><\/p>\n<p><strong>Avez-vous des ennuis avec le tartre? <\/strong><\/p>\n<p><strong>Cherchez- vous un moyen de prot\u00e9ger votre r\u00e9seau d&rsquo;eau et vos installations?<\/strong>[\/vc_column_text][vc_separator style=\u00a0\u00bbdotted\u00a0\u00bb border_width=\u00a0\u00bb2&Prime;][vc_row_inner][vc_column_inner][vc_column_text]Le tartre est un probl\u00e8me le plus courant et donc le plus grave pour les syst\u00e8mes de chauffage et des radiateurs, par sa capacit\u00e9 d&rsquo;isolement thermique. Tout le monde sait que dans de l&rsquo;eau chaude, la cristallisation passe plus vite qu&rsquo;\u00e0 l&rsquo;eau fra\u00eeche. Une notice importante, cette cristallisation se d\u00e9roule bien plus consid\u00e9rablement aux temp\u00e9ratures au-dessus de 57 \u00b0C. Avec un s\u00e9diment d&rsquo;\u00e9paisseur de 3 mm, vous exigez de 20 % plus d&rsquo;\u00e9nergie pour arriver \u00e0 la temp\u00e9rature souhait\u00e9e. Pour une couche de 6 mm l&rsquo;accroissement fait 30 \u2013 35 % d&rsquo;\u00e9nergie. Ces donn\u00e9es ne sont pas toujours valables, comme le r\u00e9sultat est fortement influenc\u00e9 par l&rsquo;environnement qui peut varier beaucoup.<\/p>\n<p>Un atout indiscutable du traitement physique d&rsquo;eau est aussi sa capacit\u00e9 de nettoyer \u2013 elle dilue et lave \u00e0 \u00e9puisement, les vieux s\u00e9diments d\u00e9j\u00e0 d\u00e9pos\u00e9s ce qui rend inutile les pauses n\u00e9cessaires au nettoyage et prot\u00e8ge et prolonge la long\u00e9vit\u00e9 de la conduite, des radiateurs de chauffage et de tous les appareils et appareillage connexes.<\/p>\n<p>Le principe du traitement physique de l&rsquo;eau est le \u201etransfert\u201c ou d\u00e9position d&rsquo;une charge \u00e9lectrique libre sur les mol\u00e9cules particuli\u00e8res d&rsquo;eau, ce qui se solde par une polarisation (orientation unitaire). En cons\u00e9quence de cet effet, les substances solides solubles changent de forme de mani\u00e8re \u00e0 p\u00e9jorer la cr\u00e9ation de la grille cristalline, comme leur nouvel aspect diff\u00e8re dans sa forme et dans sa taille, ce qui emp\u00eache la r\u00e9apparition du tartre solide. Ils changent sa structure cubique en structure hexagonale. Et m\u00eame s&rsquo;il arrive une coagulation, seulement une lie molle apparaisse. Le traitement physique emp\u00eache la nouvelle s\u00e9dimentation tartrique mais aussi enl\u00e8ve, de mani\u00e8re bien efficace, des couches d\u00e9j\u00e0 existant et de plus, il emp\u00eache la corrosion des surfaces internes du tuyau comme une nouvelle surface de protection en magn\u00e9tite ( Fe3O4 ) est form\u00e9e.<\/p>\n<p>IONIMAX peut \u00eatre install\u00e9 dans les syst\u00e8mes dynamiques ferm\u00e9s ou ouverts. Son utilisation effective couvre les petits appartements, les maisons individuelles mais aussi des grandes installations industrielles o\u00f9 il y a le risque de la cr\u00e9ation du tartre. IONIMAX ne change pas la composition chimique d&rsquo;eau.[\/vc_column_text][\/vc_column_inner][\/vc_row_inner][\/vc_column][\/vc_row]<\/p>\n<\/div>","protected":false},"excerpt":{"rendered":"<p>[vc_row][vc_column][lab_heading title=\u00a0\u00bbSolution du probl\u00e8me de l&rsquo;eau dure et du tartre \u00a0\u00bb el_class=\u00a0\u00bbtitle \u00a0\u00bb css=\u00a0\u00bb.vc_custom_1502444502481{padding-top: 50px !important;}\u00a0\u00bb]Profitez de qualit\u00e9s de l&rsquo;eau douce \u2013 aucune nouvelle couche de d\u00e9p\u00f4ts et de plus, la dilution de vieux s\u00e9diments [\/lab_heading][vc_column_text css=\u00a0\u00bb.vc_custom_1502444532580{padding-top: 10px !important;}\u00a0\u00bb]L&rsquo;eau dure vous tourmente? Avez-vous des ennuis avec le tartre? Cherchez- vous un moyen de prot\u00e9ger votre&hellip;<\/p>\n","protected":false},"author":3,"featured_media":0,"parent":0,"menu_order":0,"comment_status":"closed","ping_status":"closed","template":"","meta":{"_acf_changed":false,"footnotes":""},"class_list":["post-2202","page","type-page","status-publish","hentry"],"acf":[],"yoast_head":"<!-- This site is optimized with the Yoast SEO plugin v23.6 - https:\/\/yoast.com\/wordpress\/plugins\/seo\/ -->\n<title>Rie\u0161enie na probl\u00e9m s\u00a0tvrdou vodou a\u00a0vodn\u00fdm kame\u0148om - Two Eco<\/title>\n<meta name=\"robots\" content=\"index, follow, max-snippet:-1, max-image-preview:large, max-video-preview:-1\" \/>\n<link rel=\"canonical\" href=\"https:\/\/twoeco.sk\/riesenie-na-problem-s-tvrdou-vodou\/\" \/>\n<meta property=\"og:locale\" content=\"fr_FR\" \/>\n<meta property=\"og:type\" content=\"article\" \/>\n<meta property=\"og:title\" content=\"Rie\u0161enie na probl\u00e9m s\u00a0tvrdou vodou a\u00a0vodn\u00fdm kame\u0148om - Two Eco\" \/>\n<meta property=\"og:description\" content=\"[vc_row][vc_column][lab_heading title=\u00a0\u00bbSolution du probl\u00e8me de l&rsquo;eau dure et du tartre \u00a0\u00bb el_class=\u00a0\u00bbtitle \u00a0\u00bb css=\u00a0\u00bb.vc_custom_1502444502481{padding-top: 50px !important;}\u00a0\u00bb]Profitez de qualit\u00e9s de l&rsquo;eau douce \u2013 aucune nouvelle couche de d\u00e9p\u00f4ts et de plus, la dilution de vieux s\u00e9diments [\/lab_heading][vc_column_text css=\u00a0\u00bb.vc_custom_1502444532580{padding-top: 10px !important;}\u00a0\u00bb]L&rsquo;eau dure vous tourmente? Avez-vous des ennuis avec le tartre? Cherchez- vous un moyen de prot\u00e9ger votre&hellip;\" \/>\n<meta property=\"og:url\" content=\"https:\/\/twoeco.sk\/riesenie-na-problem-s-tvrdou-vodou\/\" \/>\n<meta property=\"og:site_name\" content=\"Two Eco\" \/>\n<meta property=\"article:publisher\" content=\"https:\/\/www.facebook.com\/Ionimax-1357153714295887\/\" \/>\n<meta property=\"article:modified_time\" content=\"2017-08-11T09:42:22+00:00\" \/>\n<meta name=\"twitter:card\" content=\"summary_large_image\" \/>\n<meta name=\"twitter:label1\" content=\"Dur\u00e9e de lecture estim\u00e9e\" \/>\n\t<meta name=\"twitter:data1\" content=\"2 minutes\" \/>\n<script type=\"application\/ld+json\" class=\"yoast-schema-graph\">{\"@context\":\"https:\/\/schema.org\",\"@graph\":[{\"@type\":\"WebPage\",\"@id\":\"https:\/\/twoeco.sk\/riesenie-na-problem-s-tvrdou-vodou\/\",\"url\":\"https:\/\/twoeco.sk\/riesenie-na-problem-s-tvrdou-vodou\/\",\"name\":\"Rie\u0161enie na probl\u00e9m s\u00a0tvrdou vodou a\u00a0vodn\u00fdm kame\u0148om - Two Eco\",\"isPartOf\":{\"@id\":\"https:\/\/twoeco.sk\/#website\"},\"datePublished\":\"2017-03-29T08:19:23+00:00\",\"dateModified\":\"2017-08-11T09:42:22+00:00\",\"breadcrumb\":{\"@id\":\"https:\/\/twoeco.sk\/riesenie-na-problem-s-tvrdou-vodou\/#breadcrumb\"},\"inLanguage\":\"fr-FR\",\"potentialAction\":[{\"@type\":\"ReadAction\",\"target\":[\"https:\/\/twoeco.sk\/riesenie-na-problem-s-tvrdou-vodou\/\"]}]},{\"@type\":\"BreadcrumbList\",\"@id\":\"https:\/\/twoeco.sk\/riesenie-na-problem-s-tvrdou-vodou\/#breadcrumb\",\"itemListElement\":[{\"@type\":\"ListItem\",\"position\":1,\"name\":\"Home\",\"item\":\"https:\/\/twoeco.sk\/\"},{\"@type\":\"ListItem\",\"position\":2,\"name\":\"Rie\u0161enie na probl\u00e9m s\u00a0tvrdou vodou a\u00a0vodn\u00fdm kame\u0148om\"}]},{\"@type\":\"WebSite\",\"@id\":\"https:\/\/twoeco.sk\/#website\",\"url\":\"https:\/\/twoeco.sk\/\",\"name\":\"Two Eco\",\"description\":\"Viac ako \u010dist\u00e1 voda\",\"publisher\":{\"@id\":\"https:\/\/twoeco.sk\/#organization\"},\"potentialAction\":[{\"@type\":\"SearchAction\",\"target\":{\"@type\":\"EntryPoint\",\"urlTemplate\":\"https:\/\/twoeco.sk\/?s={search_term_string}\"},\"query-input\":{\"@type\":\"PropertyValueSpecification\",\"valueRequired\":true,\"valueName\":\"search_term_string\"}}],\"inLanguage\":\"fr-FR\"},{\"@type\":\"Organization\",\"@id\":\"https:\/\/twoeco.sk\/#organization\",\"name\":\"Two ECO, s.r.o.\",\"url\":\"https:\/\/twoeco.sk\/\",\"logo\":{\"@type\":\"ImageObject\",\"inLanguage\":\"fr-FR\",\"@id\":\"https:\/\/twoeco.sk\/#\/schema\/logo\/image\/\",\"url\":\"https:\/\/twoeco.sk\/wp-content\/uploads\/2016\/05\/logo-two-eco-farba.png\",\"contentUrl\":\"https:\/\/twoeco.sk\/wp-content\/uploads\/2016\/05\/logo-two-eco-farba.png\",\"width\":318,\"height\":74,\"caption\":\"Two ECO, s.r.o.\"},\"image\":{\"@id\":\"https:\/\/twoeco.sk\/#\/schema\/logo\/image\/\"},\"sameAs\":[\"https:\/\/www.facebook.com\/Ionimax-1357153714295887\/\"]}]}<\/script>\n<!-- \/ Yoast SEO plugin. -->","yoast_head_json":{"title":"Rie\u0161enie na probl\u00e9m s\u00a0tvrdou vodou a\u00a0vodn\u00fdm kame\u0148om - Two Eco","robots":{"index":"index","follow":"follow","max-snippet":"max-snippet:-1","max-image-preview":"max-image-preview:large","max-video-preview":"max-video-preview:-1"},"canonical":"https:\/\/twoeco.sk\/riesenie-na-problem-s-tvrdou-vodou\/","og_locale":"fr_FR","og_type":"article","og_title":"Rie\u0161enie na probl\u00e9m s\u00a0tvrdou vodou a\u00a0vodn\u00fdm kame\u0148om - Two Eco","og_description":"[vc_row][vc_column][lab_heading title=\u00a0\u00bbSolution du probl\u00e8me de l&rsquo;eau dure et du tartre \u00a0\u00bb el_class=\u00a0\u00bbtitle \u00a0\u00bb css=\u00a0\u00bb.vc_custom_1502444502481{padding-top: 50px !important;}\u00a0\u00bb]Profitez de qualit\u00e9s de l&rsquo;eau douce \u2013 aucune nouvelle couche de d\u00e9p\u00f4ts et de plus, la dilution de vieux s\u00e9diments [\/lab_heading][vc_column_text css=\u00a0\u00bb.vc_custom_1502444532580{padding-top: 10px !important;}\u00a0\u00bb]L&rsquo;eau dure vous tourmente? Avez-vous des ennuis avec le tartre? Cherchez- vous un moyen de prot\u00e9ger votre&hellip;","og_url":"https:\/\/twoeco.sk\/riesenie-na-problem-s-tvrdou-vodou\/","og_site_name":"Two Eco","article_publisher":"https:\/\/www.facebook.com\/Ionimax-1357153714295887\/","article_modified_time":"2017-08-11T09:42:22+00:00","twitter_card":"summary_large_image","twitter_misc":{"Dur\u00e9e de lecture estim\u00e9e":"2 minutes"},"schema":{"@context":"https:\/\/schema.org","@graph":[{"@type":"WebPage","@id":"https:\/\/twoeco.sk\/riesenie-na-problem-s-tvrdou-vodou\/","url":"https:\/\/twoeco.sk\/riesenie-na-problem-s-tvrdou-vodou\/","name":"Rie\u0161enie na probl\u00e9m s\u00a0tvrdou vodou a\u00a0vodn\u00fdm kame\u0148om - Two Eco","isPartOf":{"@id":"https:\/\/twoeco.sk\/#website"},"datePublished":"2017-03-29T08:19:23+00:00","dateModified":"2017-08-11T09:42:22+00:00","breadcrumb":{"@id":"https:\/\/twoeco.sk\/riesenie-na-problem-s-tvrdou-vodou\/#breadcrumb"},"inLanguage":"fr-FR","potentialAction":[{"@type":"ReadAction","target":["https:\/\/twoeco.sk\/riesenie-na-problem-s-tvrdou-vodou\/"]}]},{"@type":"BreadcrumbList","@id":"https:\/\/twoeco.sk\/riesenie-na-problem-s-tvrdou-vodou\/#breadcrumb","itemListElement":[{"@type":"ListItem","position":1,"name":"Home","item":"https:\/\/twoeco.sk\/"},{"@type":"ListItem","position":2,"name":"Rie\u0161enie na probl\u00e9m s\u00a0tvrdou vodou a\u00a0vodn\u00fdm kame\u0148om"}]},{"@type":"WebSite","@id":"https:\/\/twoeco.sk\/#website","url":"https:\/\/twoeco.sk\/","name":"Two Eco","description":"Viac ako \u010dist\u00e1 voda","publisher":{"@id":"https:\/\/twoeco.sk\/#organization"},"potentialAction":[{"@type":"SearchAction","target":{"@type":"EntryPoint","urlTemplate":"https:\/\/twoeco.sk\/?s={search_term_string}"},"query-input":{"@type":"PropertyValueSpecification","valueRequired":true,"valueName":"search_term_string"}}],"inLanguage":"fr-FR"},{"@type":"Organization","@id":"https:\/\/twoeco.sk\/#organization","name":"Two ECO, s.r.o.","url":"https:\/\/twoeco.sk\/","logo":{"@type":"ImageObject","inLanguage":"fr-FR","@id":"https:\/\/twoeco.sk\/#\/schema\/logo\/image\/","url":"https:\/\/twoeco.sk\/wp-content\/uploads\/2016\/05\/logo-two-eco-farba.png","contentUrl":"https:\/\/twoeco.sk\/wp-content\/uploads\/2016\/05\/logo-two-eco-farba.png","width":318,"height":74,"caption":"Two ECO, s.r.o."},"image":{"@id":"https:\/\/twoeco.sk\/#\/schema\/logo\/image\/"},"sameAs":["https:\/\/www.facebook.com\/Ionimax-1357153714295887\/"]}]}},"_links":{"self":[{"href":"https:\/\/twoeco.sk\/fr\/wp-json\/wp\/v2\/pages\/2202"}],"collection":[{"href":"https:\/\/twoeco.sk\/fr\/wp-json\/wp\/v2\/pages"}],"about":[{"href":"https:\/\/twoeco.sk\/fr\/wp-json\/wp\/v2\/types\/page"}],"author":[{"embeddable":true,"href":"https:\/\/twoeco.sk\/fr\/wp-json\/wp\/v2\/users\/3"}],"replies":[{"embeddable":true,"href":"https:\/\/twoeco.sk\/fr\/wp-json\/wp\/v2\/comments?post=2202"}],"version-history":[{"count":2,"href":"https:\/\/twoeco.sk\/fr\/wp-json\/wp\/v2\/pages\/2202\/revisions"}],"predecessor-version":[{"id":2204,"href":"https:\/\/twoeco.sk\/fr\/wp-json\/wp\/v2\/pages\/2202\/revisions\/2204"}],"wp:attachment":[{"href":"https:\/\/twoeco.sk\/fr\/wp-json\/wp\/v2\/media?parent=2202"}],"curies":[{"name":"wp","href":"https:\/\/api.w.org\/{rel}","templated":true}]}}