{"id":2329,"date":"2018-02-27T10:14:10","date_gmt":"2018-02-27T09:14:10","guid":{"rendered":"https:\/\/twoeco.sk\/?page_id=2329"},"modified":"2018-02-27T10:21:15","modified_gmt":"2018-02-27T09:21:15","slug":"ionimax","status":"publish","type":"page","link":"https:\/\/twoeco.sk\/hr\/ionimax\/","title":{"rendered":"ionimax\u00ae"},"content":{"rendered":"<div class=\"wpb-content-wrapper\"><p>[vc_row css=&#8221;.vc_custom_1489102263611{padding-top: 50px !important;}&#8221;][vc_column][vc_row_inner][vc_column_inner][lab_heading title=&#8221;ionimax\u00ae&#8221; el_class=&#8221;title centered&#8221;]Ion polarizacijski ure\u0111aj[\/lab_heading][vc_single_image image=&#8221;1156&#8243; img_size=&#8221;full&#8221; alignment=&#8221;center&#8221;][\/vc_column_inner][\/vc_row_inner][vc_row_inner][vc_column_inner width=&#8221;1\/2&#8243;][lab_heading title=&#8221;Popis v\u00fdrobku&#8221;][\/lab_heading][vc_column_text]<strong>Ionski polarizacijski aparat \u2013 ionimax \u2013<\/strong> je ure\u0111aj za tretman vode, koji spre\u010dava nastanak kamenca, poma\u017ee njegovom odstranjivanju, te ima mnogo drugih prednosti.<\/p>\n<p>Ionimax se sastoji od proto\u010dnog dijela, koji ima ulazni i izlazni otvor. U ovom dijelu se nalaze najmanje dvije elektrode. Obje su od raznog, uzajamno elektri\u010dki vodivog materijala. Protok vode stvara izme\u0111u elektroda galvanski mokri \u010dlanak. Elektri\u010dni napon ovog \u010dlanka je dovoljan za polarizaciju molekula proto\u010dne vode.<\/p>\n<p>Veli\u010dina ovog napona je izme\u0111u 0,6 \u2013 0,8 V. Ovaj napon ovisi od elektri\u010dne vodivosti vode. Ovu pojavu je mogu\u0107e iskoristiti kod voda sa vodivo\u0161\u0107u 50 &#8211; 2 000, uS\/cm2, to zna\u010di kod uobi\u010dajenih voda, \u010diji sadr\u017eaj soli je od 50 do 2 000 mg\/l.<\/p>\n<p>Protokom vode izme\u0111u ove elektrode dolazi do pojave, kada soli kalcija (Ca2*), magnezija (Mg*), \u017eeljeza (Fe2*, 3*), koje se u vodi nalaze kao spojevi ugljika, sumpora i klora se razla\u017eu\u00a0 (disociraju) u perokside. Posljedica navedenog je, da ovakve \u010destice gube svoju sposobnost stvarati kristalne naslage u cijevima, bojlerima, izmjenjiva\u010dima topline i sl.<\/p>\n<p>Princip fizikalnog tretmana vode je &#8220;prijenos&#8221; ili &#8220;spremanje&#8221; slobodnog elektri\u010dnog naboja na pojedina\u010dne molekule vode koje se\u00a0uslijed toga polariziraju (ujedna\u010deno orijentiraju). Ovaj efekt ima za posljedicu izmjenu oblika otopljenih \u010dvrstih tvari u vodi tako da ne sa\u010dine kristali\u010dnu mre\u017eu, jer su razli\u010ditog oblika i\u00a0veli\u010dine.\u00a0 Iako se ovi spojevi ugljika stvaraju i dalje, ali samo u obliku mekih \u010destica &#8211; bezopasnog lako odstranjivog mulja umjesto \u010dvrstih kristali\u010dnih naslaga. Talo\u017eenje se zaustavi, kamenac se postupno gubi i novi se ne stvara.[\/vc_column_text][lab_heading title=&#8221;Preporu\u010dene mjere&#8221;][\/lab_heading][vc_column_text]Monta\u017eu treba obaviti samo kvalificirani radnik. Proizvo\u0111a\u010d ne odgovara za \u0161tetu nanijetu nestru\u010dnim rukovanjem. Potvrdu o monta\u017ei ostaviti za va\u0161u potrebu.<\/p>\n<p>Kod du\u017eeg isklju\u010divanja vode u va\u0161em vodovodnom sustavu (godi\u0161nji odmor, kori\u0161tenje na vikendicama i\u00a0sli\u010dno), ostavite vodu najprije iscuriti, ili je iskoristite kao komunalnu vodu.<\/p>\n<p><strong><em>Uvjeti \u010duvanja:<\/em><\/strong><\/p>\n<p>\u010cuvajte na uobi\u010dajen na\u010din. Proizvod je vodonepropustan.<\/p>\n<p><strong><em>Vijek trajanja i odr\u017eavanje proizvoda:<\/em><\/strong><\/p>\n<p>Kod uobi\u010dajenog kori\u0161tenja ionimax-a minimalni vijek trajanja preporu\u010den proizvo\u0111a\u010dem je 10 godina. U\u00a0posebno mineraliziranoj sredini s\u00a0vodom s\u00a0vi\u0161im sadr\u017eajem \u010dvrstih \u010destica i\u00a0sli\u010dno, preporu\u010damo odr\u017eavanje ure\u0111aja prema slijede\u0107em: prema potrebi isprati toplim octom.<\/p>\n<p><strong>Uvjeti prerade otpada:<\/strong><\/p>\n<p>Nakon zavr\u0161etka vijeka trajanja ure\u0111aj likvidirajte kao gra\u0111evinski otpad. Materijal ambala\u017ee proizvoda bacajte u komunalni otpad, preporu\u010damo u sortiran otpad kao papir.<\/p>\n<p><strong><u>Proizvo\u0111a\u010d:<\/u><\/strong><\/p>\n<p>Op\u0107i poslovni uvjeti i Reklamacijski pravilnik se nalazi na <a href=\"https:\/\/twoeco.sk\">www.twoeco.sk<\/a>[\/vc_column_text][\/vc_column_inner][vc_column_inner width=&#8221;1\/2&#8243;][lab_heading title=&#8221;Certifikati i uvjerenja&#8221;][\/lab_heading][vc_column_text]Mi\u0161ljenje Ministarstva zdravstva &#8211; glavnog higijeni\u010dara Slova\u010dke Republike certificira ure\u0111aj ionimax za tretman vode za pi\u0107e.<\/p>\n<p>Certifikat izdan dr\u017eavnim zavodom sa tehni\u010dko testiranje &#8220;Technick\u00fd sk\u00fa\u0161obn\u00fd \u00fastav Pie\u0161\u0165any, \u0161.p.&#8221;, potvr\u0111uje sigurnost ure\u0111aja ionimax.<\/p>\n<p>Izjava o sukladnosti ionizacijskih polarizacijskih ure\u0111aja tipa ionimax, Slova\u010dki tehni\u010dki standard STN 133060-2:1978<\/p>\n<p>URED ZA INTELEKTUALNO VLASNI\u0160TVO SLOVA\u010cKE REPUBLIKE[\/vc_column_text][vc_single_image image=&#8221;1301&#8243; img_size=&#8221;full&#8221; add_caption=&#8221;yes&#8221; alignment=&#8221;center&#8221;][lab_heading title=&#8221;Upute za monta\u017eu&#8221;][\/lab_heading][vc_column_text]<strong><em>Polo\u017eaj:<\/em><\/strong><\/p>\n<p>Ionimax mo\u017ee biti instaliran u\u00a0bilo kojem polo\u017eaju. Nije va\u017eno koji kraj je naprijed.<\/p>\n<p><strong>Smje\u0161taj:<\/strong><\/p>\n<p>Najpovoljnije je smjestiti Ionimax na glavni dovod vode u objekt,\u00a0tako \u0107e biti za\u0161ti\u0107en cijeli objekt.<\/p>\n<p><strong><em>Monta\u017ea:<\/em><\/strong><\/p>\n<p>U\u00a0mjestu monta\u017ee se cjevovod prekine. Zatim se sije\u010de se potrebni dio\u00a0 koji odgovara ugradnji Ionimax-a. Na oba kraja\u00a0 cijevi se montiraju adekvatne glave sa navojima potrebne dimenzije. Navoj se opremi materijalom za zaptivanje i\u00a0Ionimax se zavrne na pripremljene glave sa navojima. Nakon monta\u017ee se provjeri nepropusnost spojeva. Monta\u017eu treba obaviti kvalificiran radnik. Proizvo\u0111a\u010d ne odgovara za \u0161tetu nanesenu nestru\u010dnim rukovanjem.<\/p>\n<p><strong><em>Kombinacija s\u00a0vodnim filtrom:<\/em><\/strong><\/p>\n<p>U\u00a0slu\u010daju da razmi\u0161ljate i o\u00a0filtraciji u va\u0161em vodovodnom sustavu, ionimax bi trebao biti zadnjim ure\u0111ajem uklju\u010den u sustav, da se sprije\u010di nepotrebno negiranje njegove funkcije.<\/p>\n<p><strong><em>Uvjeti pravilnog kori\u0161tenja proizvoda:<\/em><\/strong><\/p>\n<p>Kod ionimax-a ne smije biti nikakav el.napon, minimalno u udaljenosti od istog je 50 cm. U sustavu ne smije biti ugra\u0111en mijenja\u010d iona, elektromagnetska sprava, odnosno sustav s dovodom tu\u0111eg napona. U ovakvom slu\u010daju ionimax ne\u0107e biti u\u010dinkovit u o\u010dekivanoj mjeri.<\/p>\n<p>Jednako ne preporu\u010damo instalirati ionimax na ure\u0111aj sa slanom vodom, ili uz uporabu slane otopine, koje bi negirale ionsku polarizaciju. U ovakvom slu\u010daju ionimax ne\u0107e biti u\u010dinkovit u o\u010dekivanoj mjeri.<\/p>\n<p>Ure\u0111aje ionimax montirajte za vode s uobi\u010dajnom vodivo\u0161\u0107u od 50 do 2000 uS\/cm2. Za vode sa ve\u0107om vodljivo\u0161\u0107u ionimax ne\u0107e biti u\u010dinkovit u o\u010dekivanoj mjeri, br\u017ee se za\u010depi i skrati se njegov vijek trajanja.<\/p>\n<p>Koristite za temperaturu vode 0-100C\u00b0. Nije namijenjen za tretman pare u zatvorenom prostoru, prijeti o\u0161te\u0107enje ure\u0111aja.<\/p>\n<p>Maksimalna brzina strujanja vode kroz ure\u0111aj je 4 m\/s (kod izbora tipa ure\u0111aja uzimamo u obzir i ovaj podatak i maksimalni protok i samo na podatak o promjeru cijevi). U slu\u010daju ve\u0107e brzine strujanja vode ne garantiramo u\u010dinkovitost u o\u010dekivanoj mjeri.<\/p>\n<p>Ure\u0111aji ionimax su dimenzionirani na tlak do 1 MPa. Kod ve\u0107eg tlaka mo\u017ee do\u0107i do o\u0161te\u0107enja ure\u0111aja ionimax.<\/p>\n<p>Ure\u0111aj ionimax nikako ne rastavljajte niti ne otvarajte. Ure\u0111aj otvaranjem gubi svoju funkciju i jamstvo. Kontaktirajte proizvo\u0111a\u010da. Ujedno prijeti osloba\u0111anje sitnih dijelova. Ure\u0111ajem ne smiju rukovati djeca.[\/vc_column_text][\/vc_column_inner][\/vc_row_inner][\/vc_column][\/vc_row]<\/p>\n<\/div>","protected":false},"excerpt":{"rendered":"<p>[vc_row css=&#8221;.vc_custom_1489102263611{padding-top: 50px !important;}&#8221;][vc_column][vc_row_inner][vc_column_inner][lab_heading title=&#8221;ionimax\u00ae&#8221; el_class=&#8221;title centered&#8221;]Ion polarizacijski ure\u0111aj[\/lab_heading][vc_single_image image=&#8221;1156&#8243; img_size=&#8221;full&#8221; alignment=&#8221;center&#8221;][\/vc_column_inner][\/vc_row_inner][vc_row_inner][vc_column_inner width=&#8221;1\/2&#8243;][lab_heading title=&#8221;Popis v\u00fdrobku&#8221;][\/lab_heading][vc_column_text]Ionski polarizacijski aparat \u2013 ionimax \u2013 je ure\u0111aj za tretman vode, koji spre\u010dava nastanak kamenca, poma\u017ee njegovom odstranjivanju, te ima mnogo drugih prednosti. Ionimax se sastoji od proto\u010dnog dijela, koji ima ulazni i izlazni otvor. U ovom dijelu se nalaze najmanje&hellip;<\/p>\n","protected":false},"author":4,"featured_media":0,"parent":0,"menu_order":0,"comment_status":"closed","ping_status":"closed","template":"","meta":{"_acf_changed":false,"footnotes":""},"class_list":["post-2329","page","type-page","status-publish","hentry"],"acf":[],"yoast_head":"<!-- This site is optimized with the Yoast SEO plugin v23.6 - https:\/\/yoast.com\/wordpress\/plugins\/seo\/ -->\n<title>ionimax\u00ae - Two Eco<\/title>\n<meta name=\"robots\" content=\"index, follow, max-snippet:-1, max-image-preview:large, max-video-preview:-1\" \/>\n<link rel=\"canonical\" href=\"https:\/\/twoeco.sk\/hr\/ionimax\/\" \/>\n<meta property=\"og:locale\" content=\"hr_HR\" \/>\n<meta property=\"og:type\" content=\"article\" \/>\n<meta property=\"og:title\" content=\"ionimax\u00ae - Two Eco\" \/>\n<meta property=\"og:description\" content=\"[vc_row css=&#8221;.vc_custom_1489102263611{padding-top: 50px !important;}&#8221;][vc_column][vc_row_inner][vc_column_inner][lab_heading title=&#8221;ionimax\u00ae&#8221; el_class=&#8221;title centered&#8221;]Ion polarizacijski ure\u0111aj[\/lab_heading][vc_single_image image=&#8221;1156&#8243; img_size=&#8221;full&#8221; alignment=&#8221;center&#8221;][\/vc_column_inner][\/vc_row_inner][vc_row_inner][vc_column_inner width=&#8221;1\/2&#8243;][lab_heading title=&#8221;Popis v\u00fdrobku&#8221;][\/lab_heading][vc_column_text]Ionski polarizacijski aparat \u2013 ionimax \u2013 je ure\u0111aj za tretman vode, koji spre\u010dava nastanak kamenca, poma\u017ee njegovom odstranjivanju, te ima mnogo drugih prednosti. Ionimax se sastoji od proto\u010dnog dijela, koji ima ulazni i izlazni otvor. U ovom dijelu se nalaze najmanje&hellip;\" \/>\n<meta property=\"og:url\" content=\"https:\/\/twoeco.sk\/hr\/ionimax\/\" \/>\n<meta property=\"og:site_name\" content=\"Two Eco\" \/>\n<meta property=\"article:publisher\" content=\"https:\/\/www.facebook.com\/Ionimax-1357153714295887\/\" \/>\n<meta property=\"article:modified_time\" content=\"2018-02-27T09:21:15+00:00\" \/>\n<meta name=\"twitter:card\" content=\"summary_large_image\" \/>\n<meta name=\"twitter:label1\" content=\"Est. reading time\" \/>\n\t<meta name=\"twitter:data1\" content=\"5 minutes\" \/>\n<script type=\"application\/ld+json\" class=\"yoast-schema-graph\">{\"@context\":\"https:\/\/schema.org\",\"@graph\":[{\"@type\":\"WebPage\",\"@id\":\"https:\/\/twoeco.sk\/hr\/ionimax\/\",\"url\":\"https:\/\/twoeco.sk\/hr\/ionimax\/\",\"name\":\"ionimax\u00ae - Two Eco\",\"isPartOf\":{\"@id\":\"https:\/\/twoeco.sk\/#website\"},\"datePublished\":\"2018-02-27T09:14:10+00:00\",\"dateModified\":\"2018-02-27T09:21:15+00:00\",\"breadcrumb\":{\"@id\":\"https:\/\/twoeco.sk\/hr\/ionimax\/#breadcrumb\"},\"inLanguage\":\"hr-HR\",\"potentialAction\":[{\"@type\":\"ReadAction\",\"target\":[\"https:\/\/twoeco.sk\/hr\/ionimax\/\"]}]},{\"@type\":\"BreadcrumbList\",\"@id\":\"https:\/\/twoeco.sk\/hr\/ionimax\/#breadcrumb\",\"itemListElement\":[{\"@type\":\"ListItem\",\"position\":1,\"name\":\"Home\",\"item\":\"https:\/\/twoeco.sk\/\"},{\"@type\":\"ListItem\",\"position\":2,\"name\":\"ionimax\u00ae\"}]},{\"@type\":\"WebSite\",\"@id\":\"https:\/\/twoeco.sk\/#website\",\"url\":\"https:\/\/twoeco.sk\/\",\"name\":\"Two Eco\",\"description\":\"Viac ako \u010dist\u00e1 voda\",\"publisher\":{\"@id\":\"https:\/\/twoeco.sk\/#organization\"},\"potentialAction\":[{\"@type\":\"SearchAction\",\"target\":{\"@type\":\"EntryPoint\",\"urlTemplate\":\"https:\/\/twoeco.sk\/?s={search_term_string}\"},\"query-input\":{\"@type\":\"PropertyValueSpecification\",\"valueRequired\":true,\"valueName\":\"search_term_string\"}}],\"inLanguage\":\"hr-HR\"},{\"@type\":\"Organization\",\"@id\":\"https:\/\/twoeco.sk\/#organization\",\"name\":\"Two ECO, s.r.o.\",\"url\":\"https:\/\/twoeco.sk\/\",\"logo\":{\"@type\":\"ImageObject\",\"inLanguage\":\"hr-HR\",\"@id\":\"https:\/\/twoeco.sk\/#\/schema\/logo\/image\/\",\"url\":\"https:\/\/twoeco.sk\/wp-content\/uploads\/2016\/05\/logo-two-eco-farba.png\",\"contentUrl\":\"https:\/\/twoeco.sk\/wp-content\/uploads\/2016\/05\/logo-two-eco-farba.png\",\"width\":318,\"height\":74,\"caption\":\"Two ECO, s.r.o.\"},\"image\":{\"@id\":\"https:\/\/twoeco.sk\/#\/schema\/logo\/image\/\"},\"sameAs\":[\"https:\/\/www.facebook.com\/Ionimax-1357153714295887\/\"]}]}<\/script>\n<!-- \/ Yoast SEO plugin. -->","yoast_head_json":{"title":"ionimax\u00ae - Two Eco","robots":{"index":"index","follow":"follow","max-snippet":"max-snippet:-1","max-image-preview":"max-image-preview:large","max-video-preview":"max-video-preview:-1"},"canonical":"https:\/\/twoeco.sk\/hr\/ionimax\/","og_locale":"hr_HR","og_type":"article","og_title":"ionimax\u00ae - Two Eco","og_description":"[vc_row css=&#8221;.vc_custom_1489102263611{padding-top: 50px !important;}&#8221;][vc_column][vc_row_inner][vc_column_inner][lab_heading title=&#8221;ionimax\u00ae&#8221; el_class=&#8221;title centered&#8221;]Ion polarizacijski ure\u0111aj[\/lab_heading][vc_single_image image=&#8221;1156&#8243; img_size=&#8221;full&#8221; alignment=&#8221;center&#8221;][\/vc_column_inner][\/vc_row_inner][vc_row_inner][vc_column_inner width=&#8221;1\/2&#8243;][lab_heading title=&#8221;Popis v\u00fdrobku&#8221;][\/lab_heading][vc_column_text]Ionski polarizacijski aparat \u2013 ionimax \u2013 je ure\u0111aj za tretman vode, koji spre\u010dava nastanak kamenca, poma\u017ee njegovom odstranjivanju, te ima mnogo drugih prednosti. Ionimax se sastoji od proto\u010dnog dijela, koji ima ulazni i izlazni otvor. U ovom dijelu se nalaze najmanje&hellip;","og_url":"https:\/\/twoeco.sk\/hr\/ionimax\/","og_site_name":"Two Eco","article_publisher":"https:\/\/www.facebook.com\/Ionimax-1357153714295887\/","article_modified_time":"2018-02-27T09:21:15+00:00","twitter_card":"summary_large_image","twitter_misc":{"Est. reading time":"5 minutes"},"schema":{"@context":"https:\/\/schema.org","@graph":[{"@type":"WebPage","@id":"https:\/\/twoeco.sk\/hr\/ionimax\/","url":"https:\/\/twoeco.sk\/hr\/ionimax\/","name":"ionimax\u00ae - Two Eco","isPartOf":{"@id":"https:\/\/twoeco.sk\/#website"},"datePublished":"2018-02-27T09:14:10+00:00","dateModified":"2018-02-27T09:21:15+00:00","breadcrumb":{"@id":"https:\/\/twoeco.sk\/hr\/ionimax\/#breadcrumb"},"inLanguage":"hr-HR","potentialAction":[{"@type":"ReadAction","target":["https:\/\/twoeco.sk\/hr\/ionimax\/"]}]},{"@type":"BreadcrumbList","@id":"https:\/\/twoeco.sk\/hr\/ionimax\/#breadcrumb","itemListElement":[{"@type":"ListItem","position":1,"name":"Home","item":"https:\/\/twoeco.sk\/"},{"@type":"ListItem","position":2,"name":"ionimax\u00ae"}]},{"@type":"WebSite","@id":"https:\/\/twoeco.sk\/#website","url":"https:\/\/twoeco.sk\/","name":"Two Eco","description":"Viac ako \u010dist\u00e1 voda","publisher":{"@id":"https:\/\/twoeco.sk\/#organization"},"potentialAction":[{"@type":"SearchAction","target":{"@type":"EntryPoint","urlTemplate":"https:\/\/twoeco.sk\/?s={search_term_string}"},"query-input":{"@type":"PropertyValueSpecification","valueRequired":true,"valueName":"search_term_string"}}],"inLanguage":"hr-HR"},{"@type":"Organization","@id":"https:\/\/twoeco.sk\/#organization","name":"Two ECO, s.r.o.","url":"https:\/\/twoeco.sk\/","logo":{"@type":"ImageObject","inLanguage":"hr-HR","@id":"https:\/\/twoeco.sk\/#\/schema\/logo\/image\/","url":"https:\/\/twoeco.sk\/wp-content\/uploads\/2016\/05\/logo-two-eco-farba.png","contentUrl":"https:\/\/twoeco.sk\/wp-content\/uploads\/2016\/05\/logo-two-eco-farba.png","width":318,"height":74,"caption":"Two ECO, s.r.o."},"image":{"@id":"https:\/\/twoeco.sk\/#\/schema\/logo\/image\/"},"sameAs":["https:\/\/www.facebook.com\/Ionimax-1357153714295887\/"]}]}},"_links":{"self":[{"href":"https:\/\/twoeco.sk\/hr\/wp-json\/wp\/v2\/pages\/2329"}],"collection":[{"href":"https:\/\/twoeco.sk\/hr\/wp-json\/wp\/v2\/pages"}],"about":[{"href":"https:\/\/twoeco.sk\/hr\/wp-json\/wp\/v2\/types\/page"}],"author":[{"embeddable":true,"href":"https:\/\/twoeco.sk\/hr\/wp-json\/wp\/v2\/users\/4"}],"replies":[{"embeddable":true,"href":"https:\/\/twoeco.sk\/hr\/wp-json\/wp\/v2\/comments?post=2329"}],"version-history":[{"count":2,"href":"https:\/\/twoeco.sk\/hr\/wp-json\/wp\/v2\/pages\/2329\/revisions"}],"predecessor-version":[{"id":2332,"href":"https:\/\/twoeco.sk\/hr\/wp-json\/wp\/v2\/pages\/2329\/revisions\/2332"}],"wp:attachment":[{"href":"https:\/\/twoeco.sk\/hr\/wp-json\/wp\/v2\/media?parent=2329"}],"curies":[{"name":"wp","href":"https:\/\/api.w.org\/{rel}","templated":true}]}}