{"id":2344,"date":"2017-03-23T08:52:56","date_gmt":"2017-03-23T07:52:56","guid":{"rendered":"https:\/\/twoeco.sk\/?page_id=2344"},"modified":"2018-02-27T10:49:13","modified_gmt":"2018-02-27T09:49:13","slug":"jednoduchsia-udrzba-bez-zbytocnej-chemie","status":"publish","type":"page","link":"https:\/\/twoeco.sk\/hr\/jednoduchsia-udrzba-bez-zbytocnej-chemie\/","title":{"rendered":"Jednostavno odr\u017eavanje bez prekomjerne kemije"},"content":{"rendered":"<div class=\"wpb-content-wrapper\"><p>[vc_row css=&#8221;.vc_custom_1489102263611{padding-top: 50px !important;}&#8221;][vc_column][vc_row_inner][vc_column_inner][lab_heading title=&#8221;Jednostavno odr\u017eavanje bez prekomjerne kemije&#8221; el_class=&#8221;title centered&#8221;]Vi\u0161e nikakav kamenac, ekonomi\u010dniji rad, manje kemije, manje alergija[\/lab_heading][\/vc_column_inner][\/vc_row_inner][vc_row_inner][vc_column_inner][lab_heading title=&#8221;Jednostavno odr\u017eavanje bez prekomjerne kemije&#8221;][\/lab_heading][vc_column_text]<\/p>\n<ul>\n<li><strong>Odr\u017eavate svoj bazen, ribnjak ili fontanu?<\/strong><\/li>\n<li><strong>\u017delite li koristiti kod\u00a0ovog odr\u017eavanja?<\/strong><\/li>\n<li><strong>Mu\u010di vas kamenac u\u00a0cijevima, na ulazu, kod izlaza ili na dnu bazena?<\/strong><\/li>\n<\/ul>\n<p>Ugodni trenuci provedeni kod ku\u0107nog \u00a0bazena ili ribnjaka su skoro nezamjenljivi. Tko ih ne bi volio? Odr\u017eavanje ovih doma\u0107ih ure\u0111aja zahtjeva od vlasnika dosta truda i napora.<\/p>\n<p>Odstranjivanje ne\u010disto\u0107a sa povr\u0161ine, ali i \u00a0naslage kamenca, padaju\u0107a pra\u0161ina i insekti, koji se uzajamno podr\u017eavaju poti\u010du stvaranje algi i zamu\u0107enosti, toliko omra\u017eenih kod vlasnika bazena.<\/p>\n<p>Va\u0161 pomo\u0107nik i odli\u010dna prevencija \u0107e biti ionimax, koji jednostavno instalirate u vodovodnu cijev i tako osigurate zaustavljanje stvaranja kamenca u cijeloj razvodnoj mre\u017ei kod vas, \u010dak postupno odstranite i stare naslage.<\/p>\n<p>Ionimax-om tretirana, dakle ionizirana voda ne dozvoli kalciju i ostalim mineralima stvarati \u010dvrste kristali\u010dne veze, te njima ne dozvoljava stvarati \u010dvrste naslage, koje su lako odstranjive \u010desto \u010dak bez uporabe kemije. Dovoljan je obi\u010dni brisa\u010d. Smanjite tako i mogu\u0107nost razmno\u017eavanja nepo\u017eeljnih bakterija u takvim slojevima u cjevovodu. Ionimaks smanjiva njihovu pojavu vi\u0161e od desetorostruko. Ionimax i ionizirana voda uti\u010de i na osloba\u0111anje klora, njegova hlapljivost je ve\u0107a.<\/p>\n<p>Mo\u017eete produ\u017eiti \u017eivotni vijek va\u0161ih ure\u0111aja, sebi priu\u0161titi manje zahtjevno odr\u017eavanje i njegu, te izbje\u0107i neke kemijske supstance, omek\u0161iva\u010de i nepotrebne alergije na njih.\u00a0<strong>Ionimax je idealna dopuna za svaki instalirani bazen,<\/strong> pojednostavi i pove\u0107a efikasnost njegovog rada.\u00a0Ure\u0111aj ne smeta, niti naru\u0161ava dizajn na\u0161eg doma.[\/vc_column_text][\/vc_column_inner][\/vc_row_inner][\/vc_column][\/vc_row]<\/p>\n<\/div>","protected":false},"excerpt":{"rendered":"<p>[vc_row css=&#8221;.vc_custom_1489102263611{padding-top: 50px !important;}&#8221;][vc_column][vc_row_inner][vc_column_inner][lab_heading title=&#8221;Jednostavno odr\u017eavanje bez prekomjerne kemije&#8221; el_class=&#8221;title centered&#8221;]Vi\u0161e nikakav kamenac, ekonomi\u010dniji rad, manje kemije, manje alergija[\/lab_heading][\/vc_column_inner][\/vc_row_inner][vc_row_inner][vc_column_inner][lab_heading title=&#8221;Jednostavno odr\u017eavanje bez prekomjerne kemije&#8221;][\/lab_heading][vc_column_text] Odr\u017eavate svoj bazen, ribnjak ili fontanu? \u017delite li koristiti kod\u00a0ovog odr\u017eavanja? Mu\u010di vas kamenac u\u00a0cijevima, na ulazu, kod izlaza ili na dnu bazena? Ugodni trenuci provedeni kod ku\u0107nog \u00a0bazena ili ribnjaka&hellip;<\/p>\n","protected":false},"author":3,"featured_media":0,"parent":0,"menu_order":0,"comment_status":"closed","ping_status":"closed","template":"","meta":{"_acf_changed":false,"footnotes":""},"class_list":["post-2344","page","type-page","status-publish","hentry"],"acf":[],"yoast_head":"<!-- This site is optimized with the Yoast SEO plugin v23.6 - https:\/\/yoast.com\/wordpress\/plugins\/seo\/ -->\n<title>Jednostavno odr\u017eavanje bez prekomjerne kemije - Two Eco<\/title>\n<meta name=\"robots\" content=\"index, follow, max-snippet:-1, max-image-preview:large, max-video-preview:-1\" \/>\n<link rel=\"canonical\" href=\"https:\/\/twoeco.sk\/jednoduchsia-udrzba-bez-zbytocnej-chemie\/\" \/>\n<meta property=\"og:locale\" content=\"hr_HR\" \/>\n<meta property=\"og:type\" content=\"article\" \/>\n<meta property=\"og:title\" content=\"Jednostavno odr\u017eavanje bez prekomjerne kemije - Two Eco\" \/>\n<meta property=\"og:description\" content=\"[vc_row css=&#8221;.vc_custom_1489102263611{padding-top: 50px !important;}&#8221;][vc_column][vc_row_inner][vc_column_inner][lab_heading title=&#8221;Jednostavno odr\u017eavanje bez prekomjerne kemije&#8221; el_class=&#8221;title centered&#8221;]Vi\u0161e nikakav kamenac, ekonomi\u010dniji rad, manje kemije, manje alergija[\/lab_heading][\/vc_column_inner][\/vc_row_inner][vc_row_inner][vc_column_inner][lab_heading title=&#8221;Jednostavno odr\u017eavanje bez prekomjerne kemije&#8221;][\/lab_heading][vc_column_text] Odr\u017eavate svoj bazen, ribnjak ili fontanu? \u017delite li koristiti kod\u00a0ovog odr\u017eavanja? Mu\u010di vas kamenac u\u00a0cijevima, na ulazu, kod izlaza ili na dnu bazena? Ugodni trenuci provedeni kod ku\u0107nog \u00a0bazena ili ribnjaka&hellip;\" \/>\n<meta property=\"og:url\" content=\"https:\/\/twoeco.sk\/jednoduchsia-udrzba-bez-zbytocnej-chemie\/\" \/>\n<meta property=\"og:site_name\" content=\"Two Eco\" \/>\n<meta property=\"article:publisher\" content=\"https:\/\/www.facebook.com\/Ionimax-1357153714295887\/\" \/>\n<meta property=\"article:modified_time\" content=\"2018-02-27T09:49:13+00:00\" \/>\n<meta name=\"twitter:card\" content=\"summary_large_image\" \/>\n<meta name=\"twitter:label1\" content=\"Est. reading time\" \/>\n\t<meta name=\"twitter:data1\" content=\"2 minutes\" \/>\n<script type=\"application\/ld+json\" class=\"yoast-schema-graph\">{\"@context\":\"https:\/\/schema.org\",\"@graph\":[{\"@type\":\"WebPage\",\"@id\":\"https:\/\/twoeco.sk\/jednoduchsia-udrzba-bez-zbytocnej-chemie\/\",\"url\":\"https:\/\/twoeco.sk\/jednoduchsia-udrzba-bez-zbytocnej-chemie\/\",\"name\":\"Jednostavno odr\u017eavanje bez prekomjerne kemije - Two Eco\",\"isPartOf\":{\"@id\":\"https:\/\/twoeco.sk\/#website\"},\"datePublished\":\"2017-03-23T07:52:56+00:00\",\"dateModified\":\"2018-02-27T09:49:13+00:00\",\"breadcrumb\":{\"@id\":\"https:\/\/twoeco.sk\/jednoduchsia-udrzba-bez-zbytocnej-chemie\/#breadcrumb\"},\"inLanguage\":\"hr-HR\",\"potentialAction\":[{\"@type\":\"ReadAction\",\"target\":[\"https:\/\/twoeco.sk\/jednoduchsia-udrzba-bez-zbytocnej-chemie\/\"]}]},{\"@type\":\"BreadcrumbList\",\"@id\":\"https:\/\/twoeco.sk\/jednoduchsia-udrzba-bez-zbytocnej-chemie\/#breadcrumb\",\"itemListElement\":[{\"@type\":\"ListItem\",\"position\":1,\"name\":\"Home\",\"item\":\"https:\/\/twoeco.sk\/\"},{\"@type\":\"ListItem\",\"position\":2,\"name\":\"Jednostavno odr\u017eavanje bez prekomjerne kemije\"}]},{\"@type\":\"WebSite\",\"@id\":\"https:\/\/twoeco.sk\/#website\",\"url\":\"https:\/\/twoeco.sk\/\",\"name\":\"Two Eco\",\"description\":\"Viac ako \u010dist\u00e1 voda\",\"publisher\":{\"@id\":\"https:\/\/twoeco.sk\/#organization\"},\"potentialAction\":[{\"@type\":\"SearchAction\",\"target\":{\"@type\":\"EntryPoint\",\"urlTemplate\":\"https:\/\/twoeco.sk\/?s={search_term_string}\"},\"query-input\":{\"@type\":\"PropertyValueSpecification\",\"valueRequired\":true,\"valueName\":\"search_term_string\"}}],\"inLanguage\":\"hr-HR\"},{\"@type\":\"Organization\",\"@id\":\"https:\/\/twoeco.sk\/#organization\",\"name\":\"Two ECO, s.r.o.\",\"url\":\"https:\/\/twoeco.sk\/\",\"logo\":{\"@type\":\"ImageObject\",\"inLanguage\":\"hr-HR\",\"@id\":\"https:\/\/twoeco.sk\/#\/schema\/logo\/image\/\",\"url\":\"https:\/\/twoeco.sk\/wp-content\/uploads\/2016\/05\/logo-two-eco-farba.png\",\"contentUrl\":\"https:\/\/twoeco.sk\/wp-content\/uploads\/2016\/05\/logo-two-eco-farba.png\",\"width\":318,\"height\":74,\"caption\":\"Two ECO, s.r.o.\"},\"image\":{\"@id\":\"https:\/\/twoeco.sk\/#\/schema\/logo\/image\/\"},\"sameAs\":[\"https:\/\/www.facebook.com\/Ionimax-1357153714295887\/\"]}]}<\/script>\n<!-- \/ Yoast SEO plugin. -->","yoast_head_json":{"title":"Jednostavno odr\u017eavanje bez prekomjerne kemije - Two Eco","robots":{"index":"index","follow":"follow","max-snippet":"max-snippet:-1","max-image-preview":"max-image-preview:large","max-video-preview":"max-video-preview:-1"},"canonical":"https:\/\/twoeco.sk\/jednoduchsia-udrzba-bez-zbytocnej-chemie\/","og_locale":"hr_HR","og_type":"article","og_title":"Jednostavno odr\u017eavanje bez prekomjerne kemije - Two Eco","og_description":"[vc_row css=&#8221;.vc_custom_1489102263611{padding-top: 50px !important;}&#8221;][vc_column][vc_row_inner][vc_column_inner][lab_heading title=&#8221;Jednostavno odr\u017eavanje bez prekomjerne kemije&#8221; el_class=&#8221;title centered&#8221;]Vi\u0161e nikakav kamenac, ekonomi\u010dniji rad, manje kemije, manje alergija[\/lab_heading][\/vc_column_inner][\/vc_row_inner][vc_row_inner][vc_column_inner][lab_heading title=&#8221;Jednostavno odr\u017eavanje bez prekomjerne kemije&#8221;][\/lab_heading][vc_column_text] Odr\u017eavate svoj bazen, ribnjak ili fontanu? \u017delite li koristiti kod\u00a0ovog odr\u017eavanja? Mu\u010di vas kamenac u\u00a0cijevima, na ulazu, kod izlaza ili na dnu bazena? Ugodni trenuci provedeni kod ku\u0107nog \u00a0bazena ili ribnjaka&hellip;","og_url":"https:\/\/twoeco.sk\/jednoduchsia-udrzba-bez-zbytocnej-chemie\/","og_site_name":"Two Eco","article_publisher":"https:\/\/www.facebook.com\/Ionimax-1357153714295887\/","article_modified_time":"2018-02-27T09:49:13+00:00","twitter_card":"summary_large_image","twitter_misc":{"Est. reading time":"2 minutes"},"schema":{"@context":"https:\/\/schema.org","@graph":[{"@type":"WebPage","@id":"https:\/\/twoeco.sk\/jednoduchsia-udrzba-bez-zbytocnej-chemie\/","url":"https:\/\/twoeco.sk\/jednoduchsia-udrzba-bez-zbytocnej-chemie\/","name":"Jednostavno odr\u017eavanje bez prekomjerne kemije - Two Eco","isPartOf":{"@id":"https:\/\/twoeco.sk\/#website"},"datePublished":"2017-03-23T07:52:56+00:00","dateModified":"2018-02-27T09:49:13+00:00","breadcrumb":{"@id":"https:\/\/twoeco.sk\/jednoduchsia-udrzba-bez-zbytocnej-chemie\/#breadcrumb"},"inLanguage":"hr-HR","potentialAction":[{"@type":"ReadAction","target":["https:\/\/twoeco.sk\/jednoduchsia-udrzba-bez-zbytocnej-chemie\/"]}]},{"@type":"BreadcrumbList","@id":"https:\/\/twoeco.sk\/jednoduchsia-udrzba-bez-zbytocnej-chemie\/#breadcrumb","itemListElement":[{"@type":"ListItem","position":1,"name":"Home","item":"https:\/\/twoeco.sk\/"},{"@type":"ListItem","position":2,"name":"Jednostavno odr\u017eavanje bez prekomjerne kemije"}]},{"@type":"WebSite","@id":"https:\/\/twoeco.sk\/#website","url":"https:\/\/twoeco.sk\/","name":"Two Eco","description":"Viac ako \u010dist\u00e1 voda","publisher":{"@id":"https:\/\/twoeco.sk\/#organization"},"potentialAction":[{"@type":"SearchAction","target":{"@type":"EntryPoint","urlTemplate":"https:\/\/twoeco.sk\/?s={search_term_string}"},"query-input":{"@type":"PropertyValueSpecification","valueRequired":true,"valueName":"search_term_string"}}],"inLanguage":"hr-HR"},{"@type":"Organization","@id":"https:\/\/twoeco.sk\/#organization","name":"Two ECO, s.r.o.","url":"https:\/\/twoeco.sk\/","logo":{"@type":"ImageObject","inLanguage":"hr-HR","@id":"https:\/\/twoeco.sk\/#\/schema\/logo\/image\/","url":"https:\/\/twoeco.sk\/wp-content\/uploads\/2016\/05\/logo-two-eco-farba.png","contentUrl":"https:\/\/twoeco.sk\/wp-content\/uploads\/2016\/05\/logo-two-eco-farba.png","width":318,"height":74,"caption":"Two ECO, s.r.o."},"image":{"@id":"https:\/\/twoeco.sk\/#\/schema\/logo\/image\/"},"sameAs":["https:\/\/www.facebook.com\/Ionimax-1357153714295887\/"]}]}},"_links":{"self":[{"href":"https:\/\/twoeco.sk\/hr\/wp-json\/wp\/v2\/pages\/2344"}],"collection":[{"href":"https:\/\/twoeco.sk\/hr\/wp-json\/wp\/v2\/pages"}],"about":[{"href":"https:\/\/twoeco.sk\/hr\/wp-json\/wp\/v2\/types\/page"}],"author":[{"embeddable":true,"href":"https:\/\/twoeco.sk\/hr\/wp-json\/wp\/v2\/users\/3"}],"replies":[{"embeddable":true,"href":"https:\/\/twoeco.sk\/hr\/wp-json\/wp\/v2\/comments?post=2344"}],"version-history":[{"count":6,"href":"https:\/\/twoeco.sk\/hr\/wp-json\/wp\/v2\/pages\/2344\/revisions"}],"predecessor-version":[{"id":2350,"href":"https:\/\/twoeco.sk\/hr\/wp-json\/wp\/v2\/pages\/2344\/revisions\/2350"}],"wp:attachment":[{"href":"https:\/\/twoeco.sk\/hr\/wp-json\/wp\/v2\/media?parent=2344"}],"curies":[{"name":"wp","href":"https:\/\/api.w.org\/{rel}","templated":true}]}}