{"id":2356,"date":"2017-02-16T10:11:58","date_gmt":"2017-02-16T09:11:58","guid":{"rendered":"https:\/\/twoeco.sk\/?page_id=2356"},"modified":"2018-02-27T10:58:31","modified_gmt":"2018-02-27T09:58:31","slug":"klor-u-vodi","status":"publish","type":"page","link":"https:\/\/twoeco.sk\/hr\/klor-u-vodi\/","title":{"rendered":"Klor u vodi"},"content":{"rendered":"<div class=\"wpb-content-wrapper\"><p>[vc_row css=&#8221;.vc_custom_1503555338795{padding-top: 50px !important;}&#8221;][vc_column][vc_row_inner][vc_column_inner][lab_heading title=&#8221;Klor u vodi&#8221; el_class=&#8221;title centered&#8221;][\/lab_heading][\/vc_column_inner][\/vc_row_inner][vc_row_inner][vc_column_inner width=&#8221;1\/4&#8243;][vc_single_image image=&#8221;892&#8243; img_size=&#8221;full&#8221;][\/vc_column_inner][vc_column_inner width=&#8221;3\/4&#8243;][vc_column_text]<\/p>\n<ul>\n<li><strong>Imate upitnike glede klora u va\u0161oj vodovodnoj mre\u017ei?<\/strong><\/li>\n<li><strong>Rje\u0161avate okus i kvalitet ove vode?<\/strong><\/li>\n<li><strong>Ne\u0107ete kod toga zanemariti ni pojavu bakterija?<\/strong><\/li>\n<li><strong>Odlu\u010divate, na koji na\u010din \u0107ete vodu tretirati?<\/strong><\/li>\n<li><strong>\u017delite \u0161to bolje njegovati sebe i svoje ku\u0107ne ljubimce?<\/strong><\/li>\n<\/ul>\n<p><strong>\u00a0<\/strong><strong>Zbog \u010dega se klor dodaje<\/strong> u vodovodnu mre\u017eu? Klor spre\u010dava umno\u017eavanje bakterijalnih klica u vodovodu. Djeluje kvalitetno kao prehrambeno sredstvo za konzerviranje i jam\u010di o\u010duvanje kvalitete vode isporu\u010divane potro\u0161a\u010dima sa aspekta ne\u0161kodljivosti.<\/p>\n<p>Bakterije i druge mikroorganizme su uobi\u010dajen dio \u017eivotne sredine. Nalaze se u zraku i tlu i moglo bi se dogoditi, da \u0107e doprijeti i do vodovodne mre\u017ee. I sedimenti organskog karaktera na unutra\u0161njoj stjenki cjevovoda su idealna sredina za umno\u017eavanje bakterija. Za o\u010duvanje bakteriolo\u0161ke ne\u0161kodljivosti vode u raznim dijelovima distributivne mre\u017ee dodaje prosje\u010dno 0,1 do 0,2 miligrama klora na jednu litru vode. To predstavlja 1 kap klora na 1000 litara vode, \u0161to je otprilike 5 punih kada u kupatilu.<\/p>\n<p><strong>Ionimax-om tretirana voda mijenja samu sredinu u va\u0161em vodovodu, tako da prisutnost \u00a0i razmno\u017eavanje bakterija \u00a0mjerivo pada i ustupa. Testiranjem se dokazalo i vi\u0161e od desetorostruko smanjivanje pojave bakterija u toploj vodi iz vodovoda, tretirane ionimax-om. <\/strong>Jednako se zahvaljuju\u0107i ionskoj polarizaciji smanjiva\u00a0i sloj sedimenta na unutra\u0161njoj stjenki cjevovoda, to zna\u010di da postupno prestaje sredina, gdje bi se nepo\u017eeljne bakterije mogle razmno\u017eavati.<\/p>\n<p><strong>Daljnja prednost ionimax-a je, da poma\u017ee kod osloba\u0111anja klora iz vode.\u00a0<\/strong>Klasi\u010dni na\u010dini, koje koristimo, da se postupno rije\u0161imo klora, ili njegovog okusa je jednostavno odstajanje vode, njezino prokuhavanje, filtriranje, hla\u0111enje u\u00a0hladnjaku, ili dodavanje par kapi limunske kiseline. <strong>Jednako povoljne u\u010dinke na osloba\u0111anje klora iz vode ima i ionimax.<\/strong><\/p>\n<p>Ako ne mo\u017eete odlu\u010diti da li tretirati i kako tretirati vodu iz va\u0161eg vodovoda, <strong>ne dvojite i kontaktirajte nas.<\/strong>[\/vc_column_text][\/vc_column_inner][\/vc_row_inner][\/vc_column][\/vc_row]<\/p>\n<\/div>","protected":false},"excerpt":{"rendered":"<p>[vc_row css=&#8221;.vc_custom_1503555338795{padding-top: 50px !important;}&#8221;][vc_column][vc_row_inner][vc_column_inner][lab_heading title=&#8221;Klor u vodi&#8221; el_class=&#8221;title centered&#8221;][\/lab_heading][\/vc_column_inner][\/vc_row_inner][vc_row_inner][vc_column_inner width=&#8221;1\/4&#8243;][vc_single_image image=&#8221;892&#8243; img_size=&#8221;full&#8221;][\/vc_column_inner][vc_column_inner width=&#8221;3\/4&#8243;][vc_column_text] Imate upitnike glede klora u va\u0161oj vodovodnoj mre\u017ei? Rje\u0161avate okus i kvalitet ove vode? Ne\u0107ete kod toga zanemariti ni pojavu bakterija? Odlu\u010divate, na koji na\u010din \u0107ete vodu tretirati? \u017delite \u0161to bolje njegovati sebe i svoje ku\u0107ne ljubimce? \u00a0Zbog \u010dega se klor dodaje&hellip;<\/p>\n","protected":false},"author":3,"featured_media":0,"parent":0,"menu_order":0,"comment_status":"closed","ping_status":"closed","template":"","meta":{"_acf_changed":false,"footnotes":""},"class_list":["post-2356","page","type-page","status-publish","hentry"],"acf":[],"yoast_head":"<!-- This site is optimized with the Yoast SEO plugin v23.6 - https:\/\/yoast.com\/wordpress\/plugins\/seo\/ -->\n<title>Klor u vodi - Two Eco<\/title>\n<meta name=\"robots\" content=\"index, follow, max-snippet:-1, max-image-preview:large, max-video-preview:-1\" \/>\n<link rel=\"canonical\" href=\"https:\/\/twoeco.sk\/chlor-vo-vode\/\" \/>\n<meta property=\"og:locale\" content=\"hr_HR\" \/>\n<meta property=\"og:type\" content=\"article\" \/>\n<meta property=\"og:title\" content=\"Klor u vodi - Two Eco\" \/>\n<meta property=\"og:description\" content=\"[vc_row css=&#8221;.vc_custom_1503555338795{padding-top: 50px !important;}&#8221;][vc_column][vc_row_inner][vc_column_inner][lab_heading title=&#8221;Klor u vodi&#8221; el_class=&#8221;title centered&#8221;][\/lab_heading][\/vc_column_inner][\/vc_row_inner][vc_row_inner][vc_column_inner width=&#8221;1\/4&#8243;][vc_single_image image=&#8221;892&#8243; img_size=&#8221;full&#8221;][\/vc_column_inner][vc_column_inner width=&#8221;3\/4&#8243;][vc_column_text] Imate upitnike glede klora u va\u0161oj vodovodnoj mre\u017ei? Rje\u0161avate okus i kvalitet ove vode? Ne\u0107ete kod toga zanemariti ni pojavu bakterija? Odlu\u010divate, na koji na\u010din \u0107ete vodu tretirati? \u017delite \u0161to bolje njegovati sebe i svoje ku\u0107ne ljubimce? \u00a0Zbog \u010dega se klor dodaje&hellip;\" \/>\n<meta property=\"og:url\" content=\"https:\/\/twoeco.sk\/chlor-vo-vode\/\" \/>\n<meta property=\"og:site_name\" content=\"Two Eco\" \/>\n<meta property=\"article:publisher\" content=\"https:\/\/www.facebook.com\/Ionimax-1357153714295887\/\" \/>\n<meta property=\"article:modified_time\" content=\"2018-02-27T09:58:31+00:00\" \/>\n<meta name=\"twitter:card\" content=\"summary_large_image\" \/>\n<meta name=\"twitter:label1\" content=\"Est. reading time\" \/>\n\t<meta name=\"twitter:data1\" content=\"2 minutes\" \/>\n<script type=\"application\/ld+json\" class=\"yoast-schema-graph\">{\"@context\":\"https:\/\/schema.org\",\"@graph\":[{\"@type\":\"WebPage\",\"@id\":\"https:\/\/twoeco.sk\/chlor-vo-vode\/\",\"url\":\"https:\/\/twoeco.sk\/chlor-vo-vode\/\",\"name\":\"Klor u vodi - Two Eco\",\"isPartOf\":{\"@id\":\"https:\/\/twoeco.sk\/#website\"},\"datePublished\":\"2017-02-16T09:11:58+00:00\",\"dateModified\":\"2018-02-27T09:58:31+00:00\",\"breadcrumb\":{\"@id\":\"https:\/\/twoeco.sk\/chlor-vo-vode\/#breadcrumb\"},\"inLanguage\":\"hr-HR\",\"potentialAction\":[{\"@type\":\"ReadAction\",\"target\":[\"https:\/\/twoeco.sk\/chlor-vo-vode\/\"]}]},{\"@type\":\"BreadcrumbList\",\"@id\":\"https:\/\/twoeco.sk\/chlor-vo-vode\/#breadcrumb\",\"itemListElement\":[{\"@type\":\"ListItem\",\"position\":1,\"name\":\"Home\",\"item\":\"https:\/\/twoeco.sk\/\"},{\"@type\":\"ListItem\",\"position\":2,\"name\":\"Klor u vodi\"}]},{\"@type\":\"WebSite\",\"@id\":\"https:\/\/twoeco.sk\/#website\",\"url\":\"https:\/\/twoeco.sk\/\",\"name\":\"Two Eco\",\"description\":\"Viac ako \u010dist\u00e1 voda\",\"publisher\":{\"@id\":\"https:\/\/twoeco.sk\/#organization\"},\"potentialAction\":[{\"@type\":\"SearchAction\",\"target\":{\"@type\":\"EntryPoint\",\"urlTemplate\":\"https:\/\/twoeco.sk\/?s={search_term_string}\"},\"query-input\":{\"@type\":\"PropertyValueSpecification\",\"valueRequired\":true,\"valueName\":\"search_term_string\"}}],\"inLanguage\":\"hr-HR\"},{\"@type\":\"Organization\",\"@id\":\"https:\/\/twoeco.sk\/#organization\",\"name\":\"Two ECO, s.r.o.\",\"url\":\"https:\/\/twoeco.sk\/\",\"logo\":{\"@type\":\"ImageObject\",\"inLanguage\":\"hr-HR\",\"@id\":\"https:\/\/twoeco.sk\/#\/schema\/logo\/image\/\",\"url\":\"https:\/\/twoeco.sk\/wp-content\/uploads\/2016\/05\/logo-two-eco-farba.png\",\"contentUrl\":\"https:\/\/twoeco.sk\/wp-content\/uploads\/2016\/05\/logo-two-eco-farba.png\",\"width\":318,\"height\":74,\"caption\":\"Two ECO, s.r.o.\"},\"image\":{\"@id\":\"https:\/\/twoeco.sk\/#\/schema\/logo\/image\/\"},\"sameAs\":[\"https:\/\/www.facebook.com\/Ionimax-1357153714295887\/\"]}]}<\/script>\n<!-- \/ Yoast SEO plugin. -->","yoast_head_json":{"title":"Klor u vodi - Two Eco","robots":{"index":"index","follow":"follow","max-snippet":"max-snippet:-1","max-image-preview":"max-image-preview:large","max-video-preview":"max-video-preview:-1"},"canonical":"https:\/\/twoeco.sk\/chlor-vo-vode\/","og_locale":"hr_HR","og_type":"article","og_title":"Klor u vodi - Two Eco","og_description":"[vc_row css=&#8221;.vc_custom_1503555338795{padding-top: 50px !important;}&#8221;][vc_column][vc_row_inner][vc_column_inner][lab_heading title=&#8221;Klor u vodi&#8221; el_class=&#8221;title centered&#8221;][\/lab_heading][\/vc_column_inner][\/vc_row_inner][vc_row_inner][vc_column_inner width=&#8221;1\/4&#8243;][vc_single_image image=&#8221;892&#8243; img_size=&#8221;full&#8221;][\/vc_column_inner][vc_column_inner width=&#8221;3\/4&#8243;][vc_column_text] Imate upitnike glede klora u va\u0161oj vodovodnoj mre\u017ei? Rje\u0161avate okus i kvalitet ove vode? Ne\u0107ete kod toga zanemariti ni pojavu bakterija? Odlu\u010divate, na koji na\u010din \u0107ete vodu tretirati? \u017delite \u0161to bolje njegovati sebe i svoje ku\u0107ne ljubimce? \u00a0Zbog \u010dega se klor dodaje&hellip;","og_url":"https:\/\/twoeco.sk\/chlor-vo-vode\/","og_site_name":"Two Eco","article_publisher":"https:\/\/www.facebook.com\/Ionimax-1357153714295887\/","article_modified_time":"2018-02-27T09:58:31+00:00","twitter_card":"summary_large_image","twitter_misc":{"Est. reading time":"2 minutes"},"schema":{"@context":"https:\/\/schema.org","@graph":[{"@type":"WebPage","@id":"https:\/\/twoeco.sk\/chlor-vo-vode\/","url":"https:\/\/twoeco.sk\/chlor-vo-vode\/","name":"Klor u vodi - Two Eco","isPartOf":{"@id":"https:\/\/twoeco.sk\/#website"},"datePublished":"2017-02-16T09:11:58+00:00","dateModified":"2018-02-27T09:58:31+00:00","breadcrumb":{"@id":"https:\/\/twoeco.sk\/chlor-vo-vode\/#breadcrumb"},"inLanguage":"hr-HR","potentialAction":[{"@type":"ReadAction","target":["https:\/\/twoeco.sk\/chlor-vo-vode\/"]}]},{"@type":"BreadcrumbList","@id":"https:\/\/twoeco.sk\/chlor-vo-vode\/#breadcrumb","itemListElement":[{"@type":"ListItem","position":1,"name":"Home","item":"https:\/\/twoeco.sk\/"},{"@type":"ListItem","position":2,"name":"Klor u vodi"}]},{"@type":"WebSite","@id":"https:\/\/twoeco.sk\/#website","url":"https:\/\/twoeco.sk\/","name":"Two Eco","description":"Viac ako \u010dist\u00e1 voda","publisher":{"@id":"https:\/\/twoeco.sk\/#organization"},"potentialAction":[{"@type":"SearchAction","target":{"@type":"EntryPoint","urlTemplate":"https:\/\/twoeco.sk\/?s={search_term_string}"},"query-input":{"@type":"PropertyValueSpecification","valueRequired":true,"valueName":"search_term_string"}}],"inLanguage":"hr-HR"},{"@type":"Organization","@id":"https:\/\/twoeco.sk\/#organization","name":"Two ECO, s.r.o.","url":"https:\/\/twoeco.sk\/","logo":{"@type":"ImageObject","inLanguage":"hr-HR","@id":"https:\/\/twoeco.sk\/#\/schema\/logo\/image\/","url":"https:\/\/twoeco.sk\/wp-content\/uploads\/2016\/05\/logo-two-eco-farba.png","contentUrl":"https:\/\/twoeco.sk\/wp-content\/uploads\/2016\/05\/logo-two-eco-farba.png","width":318,"height":74,"caption":"Two ECO, s.r.o."},"image":{"@id":"https:\/\/twoeco.sk\/#\/schema\/logo\/image\/"},"sameAs":["https:\/\/www.facebook.com\/Ionimax-1357153714295887\/"]}]}},"_links":{"self":[{"href":"https:\/\/twoeco.sk\/hr\/wp-json\/wp\/v2\/pages\/2356"}],"collection":[{"href":"https:\/\/twoeco.sk\/hr\/wp-json\/wp\/v2\/pages"}],"about":[{"href":"https:\/\/twoeco.sk\/hr\/wp-json\/wp\/v2\/types\/page"}],"author":[{"embeddable":true,"href":"https:\/\/twoeco.sk\/hr\/wp-json\/wp\/v2\/users\/3"}],"replies":[{"embeddable":true,"href":"https:\/\/twoeco.sk\/hr\/wp-json\/wp\/v2\/comments?post=2356"}],"version-history":[{"count":4,"href":"https:\/\/twoeco.sk\/hr\/wp-json\/wp\/v2\/pages\/2356\/revisions"}],"predecessor-version":[{"id":2360,"href":"https:\/\/twoeco.sk\/hr\/wp-json\/wp\/v2\/pages\/2356\/revisions\/2360"}],"wp:attachment":[{"href":"https:\/\/twoeco.sk\/hr\/wp-json\/wp\/v2\/media?parent=2356"}],"curies":[{"name":"wp","href":"https:\/\/api.w.org\/{rel}","templated":true}]}}