{"id":2367,"date":"2017-03-29T10:19:23","date_gmt":"2017-03-29T08:19:23","guid":{"rendered":"https:\/\/twoeco.sk\/?page_id=2367"},"modified":"2018-02-27T11:11:30","modified_gmt":"2018-02-27T10:11:30","slug":"rjesenje-za-problem-s-tvrdom-vodom-i-kamencom","status":"publish","type":"page","link":"https:\/\/twoeco.sk\/hr\/rjesenje-za-problem-s-tvrdom-vodom-i-kamencom\/","title":{"rendered":"Rje\u0161enje za problem s tvrdom vodom i kamencom"},"content":{"rendered":"<div class=\"wpb-content-wrapper\"><p>[vc_row][vc_column][lab_heading title=&#8221;Rje\u0161enje za problem s tvrdom vodom i kamencom&#8221; el_class=&#8221;title &#8221; css=&#8221;.vc_custom_1519726222677{padding-top: 50px !important;}&#8221;]Koristite osobine meke vode \u2013 bez naslaga kamenca, \u010dak otapanje starih[\/lab_heading][vc_column_text css=&#8221;.vc_custom_1519726270697{padding-top: 10px !important;}&#8221;]<strong>Je li uzrok va\u0161ih briga tvrda voda?<\/strong><\/p>\n<p><strong>Rije\u0161ite komplikacije s\u00a0kamencem?<\/strong><\/p>\n<p><strong>Tra\u017eite li na\u010din, kako za\u0161titi svoje cjevovode i\u00a0ure\u0111aje?<\/strong>[\/vc_column_text][vc_separator style=&#8221;dotted&#8221; border_width=&#8221;2&#8243;][vc_row_inner][vc_column_inner][vc_column_text]Kamenac, koji predstavlja naj\u010de\u0161\u0107i i o\u010digledno i najve\u0107i problem za sustave grijanja i grija\u010de, djeluje kao izolator. Iz prakse znamo, da se u toploj vodi odvija kristalizacija br\u017ee nego u hladnoj. Va\u017ena informacije je, da se\u00a0 kristalizacija na temperaturi 57\u00b0C naglo pove\u0107ava. Kod naslaga debelih 3 mm treba 20% vi\u0161e energije, da postignemo \u017eeljenu temperaturu. Kod 6 mm naslaga je to porast za\u00a030 &#8211; 35 % energije. Ovi podaci nisu apsolutno to\u010dni, jer zna\u010dajan utjecaj na rezultat ima sredina, koja je jako razli\u010dita.<\/p>\n<p>Nepobitan plus fizikalnog tretmana vode je i njegova sposobnost \u010di\u0161\u0107enja &#8211; otapa i odnosi ve\u0107 postoje\u0107e stare naslage, \u010dime odstranjuje zastoje potrebne na \u010di\u0161\u0107enje, \u0161titi i produ\u017eava vijek trajanja cjevovoda, radijatora i svih povezanih aparata i ure\u0111aja.<\/p>\n<p>Princip fizikalnog tretmana vode je &#8220;prijenos&#8221; ili &#8220;spremanje&#8221; slobodnog elektri\u010dnog naboja na pojedina\u010dne molekule vode koje se uslijed toga polariziraju (ujedna\u010deno orijentiraju). Ovaj efekt rezultira zamjenom oblika otopljenih \u010dvrstih tvari u vodi na taj na\u010din, da se ve\u0107 tako lako ne stvara kristali\u010dna mre\u017ea, jer ima razli\u010diti oblik i veli\u010dinu, te zbog toga se ne stvara tvrdi kamenac. Mijenja se iz kubi\u010dne strukture u heksagonalnu. Kada dolazi do koagulacije, nastaje samo meki mulj. Fizikalni tretman spre\u010dava stvaranje novih naslaga kamenca i jednako jako djelotvorno odstranjuje ve\u0107 postoje\u0107e naslage i spre\u010dava koroziju unutra\u0161njih cjevovoda. Stvara se na njima za\u0161titni sloj magnetita ( Fe3 O4 ).<\/p>\n<p>Ionimax je mogu\u0107e instalirati u zatvorenim i otvorenim dinami\u010dkim sustavima. Njegova efikasna uporaba je od malih stanova preko obiteljskih ku\u0107e sve do velikih pogona i industrijskih postrojenja, gdje se pretpostavlja nastanak kamenca. Ionimax ne mijenja kemijski sastav vode.[\/vc_column_text][\/vc_column_inner][\/vc_row_inner][\/vc_column][\/vc_row]<\/p>\n<\/div>","protected":false},"excerpt":{"rendered":"<p>[vc_row][vc_column][lab_heading title=&#8221;Rje\u0161enje za problem s tvrdom vodom i kamencom&#8221; el_class=&#8221;title &#8221; css=&#8221;.vc_custom_1519726222677{padding-top: 50px !important;}&#8221;]Koristite osobine meke vode \u2013 bez naslaga kamenca, \u010dak otapanje starih[\/lab_heading][vc_column_text css=&#8221;.vc_custom_1519726270697{padding-top: 10px !important;}&#8221;]Je li uzrok va\u0161ih briga tvrda voda? Rije\u0161ite komplikacije s\u00a0kamencem? Tra\u017eite li na\u010din, kako za\u0161titi svoje cjevovode i\u00a0ure\u0111aje?[\/vc_column_text][vc_separator style=&#8221;dotted&#8221; border_width=&#8221;2&#8243;][vc_row_inner][vc_column_inner][vc_column_text]Kamenac, koji predstavlja naj\u010de\u0161\u0107i i o\u010digledno i najve\u0107i problem za&hellip;<\/p>\n","protected":false},"author":3,"featured_media":0,"parent":0,"menu_order":0,"comment_status":"closed","ping_status":"closed","template":"","meta":{"_acf_changed":false,"footnotes":""},"class_list":["post-2367","page","type-page","status-publish","hentry"],"acf":[],"yoast_head":"<!-- This site is optimized with the Yoast SEO plugin v23.6 - https:\/\/yoast.com\/wordpress\/plugins\/seo\/ -->\n<title>Rje\u0161enje za problem s tvrdom vodom i kamencom - Two Eco<\/title>\n<meta name=\"robots\" content=\"index, follow, max-snippet:-1, max-image-preview:large, max-video-preview:-1\" \/>\n<link rel=\"canonical\" href=\"https:\/\/twoeco.sk\/riesenie-na-problem-s-tvrdou-vodou\/\" \/>\n<meta property=\"og:locale\" content=\"hr_HR\" \/>\n<meta property=\"og:type\" content=\"article\" \/>\n<meta property=\"og:title\" content=\"Rje\u0161enje za problem s tvrdom vodom i kamencom - Two Eco\" \/>\n<meta property=\"og:description\" content=\"[vc_row][vc_column][lab_heading title=&#8221;Rje\u0161enje za problem s tvrdom vodom i kamencom&#8221; el_class=&#8221;title &#8221; css=&#8221;.vc_custom_1519726222677{padding-top: 50px !important;}&#8221;]Koristite osobine meke vode \u2013 bez naslaga kamenca, \u010dak otapanje starih[\/lab_heading][vc_column_text css=&#8221;.vc_custom_1519726270697{padding-top: 10px !important;}&#8221;]Je li uzrok va\u0161ih briga tvrda voda? Rije\u0161ite komplikacije s\u00a0kamencem? Tra\u017eite li na\u010din, kako za\u0161titi svoje cjevovode i\u00a0ure\u0111aje?[\/vc_column_text][vc_separator style=&#8221;dotted&#8221; border_width=&#8221;2&#8243;][vc_row_inner][vc_column_inner][vc_column_text]Kamenac, koji predstavlja naj\u010de\u0161\u0107i i o\u010digledno i najve\u0107i problem za&hellip;\" \/>\n<meta property=\"og:url\" content=\"https:\/\/twoeco.sk\/riesenie-na-problem-s-tvrdou-vodou\/\" \/>\n<meta property=\"og:site_name\" content=\"Two Eco\" \/>\n<meta property=\"article:publisher\" content=\"https:\/\/www.facebook.com\/Ionimax-1357153714295887\/\" \/>\n<meta property=\"article:modified_time\" content=\"2018-02-27T10:11:30+00:00\" \/>\n<meta name=\"twitter:card\" content=\"summary_large_image\" \/>\n<meta name=\"twitter:label1\" content=\"Est. reading time\" \/>\n\t<meta name=\"twitter:data1\" content=\"2 minutes\" \/>\n<script type=\"application\/ld+json\" class=\"yoast-schema-graph\">{\"@context\":\"https:\/\/schema.org\",\"@graph\":[{\"@type\":\"WebPage\",\"@id\":\"https:\/\/twoeco.sk\/riesenie-na-problem-s-tvrdou-vodou\/\",\"url\":\"https:\/\/twoeco.sk\/riesenie-na-problem-s-tvrdou-vodou\/\",\"name\":\"Rje\u0161enje za problem s tvrdom vodom i kamencom - Two Eco\",\"isPartOf\":{\"@id\":\"https:\/\/twoeco.sk\/#website\"},\"datePublished\":\"2017-03-29T08:19:23+00:00\",\"dateModified\":\"2018-02-27T10:11:30+00:00\",\"breadcrumb\":{\"@id\":\"https:\/\/twoeco.sk\/riesenie-na-problem-s-tvrdou-vodou\/#breadcrumb\"},\"inLanguage\":\"hr-HR\",\"potentialAction\":[{\"@type\":\"ReadAction\",\"target\":[\"https:\/\/twoeco.sk\/riesenie-na-problem-s-tvrdou-vodou\/\"]}]},{\"@type\":\"BreadcrumbList\",\"@id\":\"https:\/\/twoeco.sk\/riesenie-na-problem-s-tvrdou-vodou\/#breadcrumb\",\"itemListElement\":[{\"@type\":\"ListItem\",\"position\":1,\"name\":\"Home\",\"item\":\"https:\/\/twoeco.sk\/\"},{\"@type\":\"ListItem\",\"position\":2,\"name\":\"Rje\u0161enje za problem s tvrdom vodom i kamencom\"}]},{\"@type\":\"WebSite\",\"@id\":\"https:\/\/twoeco.sk\/#website\",\"url\":\"https:\/\/twoeco.sk\/\",\"name\":\"Two Eco\",\"description\":\"Viac ako \u010dist\u00e1 voda\",\"publisher\":{\"@id\":\"https:\/\/twoeco.sk\/#organization\"},\"potentialAction\":[{\"@type\":\"SearchAction\",\"target\":{\"@type\":\"EntryPoint\",\"urlTemplate\":\"https:\/\/twoeco.sk\/?s={search_term_string}\"},\"query-input\":{\"@type\":\"PropertyValueSpecification\",\"valueRequired\":true,\"valueName\":\"search_term_string\"}}],\"inLanguage\":\"hr-HR\"},{\"@type\":\"Organization\",\"@id\":\"https:\/\/twoeco.sk\/#organization\",\"name\":\"Two ECO, s.r.o.\",\"url\":\"https:\/\/twoeco.sk\/\",\"logo\":{\"@type\":\"ImageObject\",\"inLanguage\":\"hr-HR\",\"@id\":\"https:\/\/twoeco.sk\/#\/schema\/logo\/image\/\",\"url\":\"https:\/\/twoeco.sk\/wp-content\/uploads\/2016\/05\/logo-two-eco-farba.png\",\"contentUrl\":\"https:\/\/twoeco.sk\/wp-content\/uploads\/2016\/05\/logo-two-eco-farba.png\",\"width\":318,\"height\":74,\"caption\":\"Two ECO, s.r.o.\"},\"image\":{\"@id\":\"https:\/\/twoeco.sk\/#\/schema\/logo\/image\/\"},\"sameAs\":[\"https:\/\/www.facebook.com\/Ionimax-1357153714295887\/\"]}]}<\/script>\n<!-- \/ Yoast SEO plugin. -->","yoast_head_json":{"title":"Rje\u0161enje za problem s tvrdom vodom i kamencom - Two Eco","robots":{"index":"index","follow":"follow","max-snippet":"max-snippet:-1","max-image-preview":"max-image-preview:large","max-video-preview":"max-video-preview:-1"},"canonical":"https:\/\/twoeco.sk\/riesenie-na-problem-s-tvrdou-vodou\/","og_locale":"hr_HR","og_type":"article","og_title":"Rje\u0161enje za problem s tvrdom vodom i kamencom - Two Eco","og_description":"[vc_row][vc_column][lab_heading title=&#8221;Rje\u0161enje za problem s tvrdom vodom i kamencom&#8221; el_class=&#8221;title &#8221; css=&#8221;.vc_custom_1519726222677{padding-top: 50px !important;}&#8221;]Koristite osobine meke vode \u2013 bez naslaga kamenca, \u010dak otapanje starih[\/lab_heading][vc_column_text css=&#8221;.vc_custom_1519726270697{padding-top: 10px !important;}&#8221;]Je li uzrok va\u0161ih briga tvrda voda? Rije\u0161ite komplikacije s\u00a0kamencem? Tra\u017eite li na\u010din, kako za\u0161titi svoje cjevovode i\u00a0ure\u0111aje?[\/vc_column_text][vc_separator style=&#8221;dotted&#8221; border_width=&#8221;2&#8243;][vc_row_inner][vc_column_inner][vc_column_text]Kamenac, koji predstavlja naj\u010de\u0161\u0107i i o\u010digledno i najve\u0107i problem za&hellip;","og_url":"https:\/\/twoeco.sk\/riesenie-na-problem-s-tvrdou-vodou\/","og_site_name":"Two Eco","article_publisher":"https:\/\/www.facebook.com\/Ionimax-1357153714295887\/","article_modified_time":"2018-02-27T10:11:30+00:00","twitter_card":"summary_large_image","twitter_misc":{"Est. reading time":"2 minutes"},"schema":{"@context":"https:\/\/schema.org","@graph":[{"@type":"WebPage","@id":"https:\/\/twoeco.sk\/riesenie-na-problem-s-tvrdou-vodou\/","url":"https:\/\/twoeco.sk\/riesenie-na-problem-s-tvrdou-vodou\/","name":"Rje\u0161enje za problem s tvrdom vodom i kamencom - Two Eco","isPartOf":{"@id":"https:\/\/twoeco.sk\/#website"},"datePublished":"2017-03-29T08:19:23+00:00","dateModified":"2018-02-27T10:11:30+00:00","breadcrumb":{"@id":"https:\/\/twoeco.sk\/riesenie-na-problem-s-tvrdou-vodou\/#breadcrumb"},"inLanguage":"hr-HR","potentialAction":[{"@type":"ReadAction","target":["https:\/\/twoeco.sk\/riesenie-na-problem-s-tvrdou-vodou\/"]}]},{"@type":"BreadcrumbList","@id":"https:\/\/twoeco.sk\/riesenie-na-problem-s-tvrdou-vodou\/#breadcrumb","itemListElement":[{"@type":"ListItem","position":1,"name":"Home","item":"https:\/\/twoeco.sk\/"},{"@type":"ListItem","position":2,"name":"Rje\u0161enje za problem s tvrdom vodom i kamencom"}]},{"@type":"WebSite","@id":"https:\/\/twoeco.sk\/#website","url":"https:\/\/twoeco.sk\/","name":"Two Eco","description":"Viac ako \u010dist\u00e1 voda","publisher":{"@id":"https:\/\/twoeco.sk\/#organization"},"potentialAction":[{"@type":"SearchAction","target":{"@type":"EntryPoint","urlTemplate":"https:\/\/twoeco.sk\/?s={search_term_string}"},"query-input":{"@type":"PropertyValueSpecification","valueRequired":true,"valueName":"search_term_string"}}],"inLanguage":"hr-HR"},{"@type":"Organization","@id":"https:\/\/twoeco.sk\/#organization","name":"Two ECO, s.r.o.","url":"https:\/\/twoeco.sk\/","logo":{"@type":"ImageObject","inLanguage":"hr-HR","@id":"https:\/\/twoeco.sk\/#\/schema\/logo\/image\/","url":"https:\/\/twoeco.sk\/wp-content\/uploads\/2016\/05\/logo-two-eco-farba.png","contentUrl":"https:\/\/twoeco.sk\/wp-content\/uploads\/2016\/05\/logo-two-eco-farba.png","width":318,"height":74,"caption":"Two ECO, s.r.o."},"image":{"@id":"https:\/\/twoeco.sk\/#\/schema\/logo\/image\/"},"sameAs":["https:\/\/www.facebook.com\/Ionimax-1357153714295887\/"]}]}},"_links":{"self":[{"href":"https:\/\/twoeco.sk\/hr\/wp-json\/wp\/v2\/pages\/2367"}],"collection":[{"href":"https:\/\/twoeco.sk\/hr\/wp-json\/wp\/v2\/pages"}],"about":[{"href":"https:\/\/twoeco.sk\/hr\/wp-json\/wp\/v2\/types\/page"}],"author":[{"embeddable":true,"href":"https:\/\/twoeco.sk\/hr\/wp-json\/wp\/v2\/users\/3"}],"replies":[{"embeddable":true,"href":"https:\/\/twoeco.sk\/hr\/wp-json\/wp\/v2\/comments?post=2367"}],"version-history":[{"count":4,"href":"https:\/\/twoeco.sk\/hr\/wp-json\/wp\/v2\/pages\/2367\/revisions"}],"predecessor-version":[{"id":2371,"href":"https:\/\/twoeco.sk\/hr\/wp-json\/wp\/v2\/pages\/2367\/revisions\/2371"}],"wp:attachment":[{"href":"https:\/\/twoeco.sk\/hr\/wp-json\/wp\/v2\/media?parent=2367"}],"curies":[{"name":"wp","href":"https:\/\/api.w.org\/{rel}","templated":true}]}}