{"id":1397,"date":"2017-03-10T00:30:26","date_gmt":"2017-03-09T23:30:26","guid":{"rendered":"https:\/\/twoeco.sk\/ionimax\/"},"modified":"2017-05-28T14:14:08","modified_gmt":"2017-05-28T12:14:08","slug":"ionimax","status":"publish","type":"page","link":"https:\/\/twoeco.sk\/hu\/ionimax\/","title":{"rendered":"ionimax\u00ae"},"content":{"rendered":"<div class=\"wpb-content-wrapper\"><p>[vc_row css=&#8221;.vc_custom_1489102263611{padding-top: 50px !important;}&#8221;][vc_column][vc_row_inner][vc_column_inner][lab_heading title=&#8221;ionimax\u00ae&#8221; el_class=&#8221;title centered&#8221;]Ez az ion polariz\u00e1l\u00f3 eszk\u00f6z \u2013 ionimax[\/lab_heading][vc_single_image image=&#8221;1156&#8243; img_size=&#8221;full&#8221; alignment=&#8221;center&#8221;][\/vc_column_inner][\/vc_row_inner][vc_row_inner][vc_column_inner width=&#8221;1\/2&#8243;][lab_heading title=&#8221;Term\u00e9kle\u00edr\u00e1s&#8221;][\/lab_heading][vc_column_text]<strong>Ez az ion polariz\u00e1l\u00f3 eszk\u00f6z \u2013 ionimax \u2013<\/strong> v\u00edzkezel\u00e9sre javasolt eszk\u00f6z, amely megakad\u00e1lyozza a v\u00edzk\u0151k\u00e9pz\u0151d\u00e9st, seg\u00edti annak elt\u00e1vol\u00edt\u00e1s\u00e1t, \u00e9s sz\u00e1mos m\u00e1s el\u0151nnyel rendelkezik.<\/p>\n<p>Az ionimax egy \u00e1tfoly\u00e1st biztos\u00edt\u00f3 r\u00e9szb\u0151l \u00e1ll, amely bemeneti \u00e9s kimeneti ny\u00edl\u00e1ssal van ell\u00e1tva. Ebben a r\u00e9szben legkevesebb k\u00e9t elektr\u00f3da tal\u00e1lhat\u00f3. Mindkett\u0151 egym\u00e1st\u00f3l elt\u00e9r\u0151 elektromos \u00e1ramot vezet\u0151 anyagb\u00f3l van. Az \u00e1tfoly\u00f3 v\u00edz galvanikus nedves cell\u00e1t alkot ezekkel az elektr\u00f3d\u00e1kkal. Ezen cella elektromos fesz\u00fclts\u00e9ge el\u00e9g az \u00e1tfoly\u00f3 v\u00edz molekul\u00e1inak polariz\u00e1l\u00f3d\u00e1s\u00e1hoz.<\/p>\n<p>A fesz\u00fclts\u00e9g 0,6 \u2013 0,8 V k\u00f6z\u00f6tti tartom\u00e1nyban mozog. Ez a fesz\u00fclts\u00e9g a v\u00edz elektromos vezet\u0151k\u00e9pess\u00e9g\u00e9t\u0151l f\u00fcgg. Ezt a jelens\u00e9get az 50 \u2013 2 000 uS\/cm2 vezet\u0151k\u00e9pess\u00e9g\u0171, teh\u00e1t k\u00f6z\u00f6ns\u00e9ges v\u00edz eset\u00e9ben lehet a legjobban hasznos\u00edtani, ahol a s\u00f3tartalom 50 &#8211; 2 000 mg\/l tartom\u00e1ny k\u00f6z\u00f6tt mozog.<\/p>\n<p>Miut\u00e1n a v\u00edz \u00e1thalad az elektr\u00f3d\u00e1k k\u00f6z\u00f6tt, bek\u00f6vetkezik az a jelens\u00e9g, amikor a kalcium s\u00f3k (Ca2*), a magn\u00e9zium s\u00f3k (Mg*) \u00e9s a vas s\u00f3k (Fe2*, 3*), amelyek a v\u00edzben karbon\u00e1tokk\u00e9nt, szulf\u00e1tokk\u00e9nt \u00e9s kloridokk\u00e9nt vannak jelen, hidroxidokra bomlanak (disszoci\u00e1l\u00f3dnak). Ennek k\u00f6vetkezm\u00e9nyek\u00e9nt ezek a r\u00e9szecsk\u00e9k elvesz\u00edtik azt a tulajdons\u00e1gukat, hogy krist\u00e1lyos \u00fcled\u00e9keket k\u00e9pezzenek a cs\u00f6vekben, v\u00edzmeleg\u00edt\u0151kben, h\u0151cser\u00e9l\u0151kben, stb.<\/p>\n<p>A v\u00edz fizikai \u00faton t\u00f6rt\u00e9n\u0151 kezel\u00e9s\u00e9nek alapja a szabad elektromos t\u00f6lt\u00e9s egyes v\u00edzmolekul\u00e1kba t\u00f6rt\u00e9n\u0151 \u201e\u00e1tvitele\u201c vagy \u201eelt\u00e1rol\u00e1sa\u201d, amelyek ezen okn\u00e1l fogva polariz\u00e1l\u00f3dnak (egys\u00e9gesen mozognak). Ez a hat\u00e1s a v\u00edzben old\u00f3d\u00f3 szil\u00e1rd anyagok form\u00e1j\u00e1nak m\u00f3dosul\u00e1s\u00e1t eredm\u00e9nyezi \u00fagy, hogy ezut\u00e1n m\u00e1r nem tudnak olyan k\u00f6nnyen krist\u00e1lyr\u00e1csot alkotni, mivel m\u00e1s \u00e9s m\u00e1s a form\u00e1juk \u00e9s m\u00e9ret\u00fck. B\u00e1r ezek a karbon\u00e1tok tov\u00e1bbra is k\u00e9pz\u0151dnek, de m\u00e1r csak puha r\u00e9szecsk\u00e9k \u2013 \u00e1rtalmatlan, k\u00f6nnyen elt\u00e1vol\u00edthat\u00f3 \u00fcled\u00e9k \u2013 form\u00e1j\u00e1ban, \u00e9s nem szil\u00e1rd krist\u00e1lyos lerak\u00f3d\u00e1s form\u00e1j\u00e1ban. A lerak\u00f3d\u00e1s megsz\u0171nik, a v\u00edzk\u0151 fokozatosan elt\u0171nik, \u00e9s \u00faj m\u00e1r nem k\u00e9pz\u0151dik.[\/vc_column_text][lab_heading title=&#8221;Javasolt int\u00e9zked\u00e9sek:&#8221;][\/lab_heading][vc_column_text]A beszerel\u00e9st szakk\u00e9pzett szerel\u0151vel v\u00e9geztesse el. A gy\u00e1rt\u00f3 nem ny\u00fajt garanci\u00e1t a szakszer\u0171tlen kezel\u00e9s \u00e1ltal okozott k\u00e1rokra. A szerel\u00e9si bizonylatot saj\u00e1t \u00e9rdek\u00e9ben tartsa meg.<\/p>\n<p>Hosszasabb v\u00edzhaszn\u00e1lat sz\u00fcnetel\u00e9s eset\u00e9n a saj\u00e1t v\u00edzvezet\u00e9krendszer\u00e9ben (szabads\u00e1g, nyaral\u00f3ban val\u00f3 haszn\u00e1lat, stb.) a vizet el\u0151sz\u00f6r egy kicsit folyassa el, vagy \u00fczemi v\u00edzk\u00e9nt haszn\u00e1lja.<\/p>\n<p><strong><em>T\u00e1rol\u00e1si felt\u00e9telek:<\/em><\/strong><\/p>\n<p>Szok\u00e1sos m\u00f3don t\u00e1rolja. A term\u00e9k v\u00edz\u00e1ll\u00f3.<\/p>\n<p><strong><em>\u00c9lettartam \u00e9s a term\u00e9k karbantart\u00e1sa:<\/em><\/strong><\/p>\n<p>Az ionimax szok\u00e1sos haszn\u00e1lat\u00e1n\u00e1l a gy\u00e1rt\u00f3 \u00e1ltal javasolt minim\u00e1lis \u00e9lettartam 10 \u00e9v. Rendk\u00edv\u00fcl magas \u00e1sv\u00e1nytartalm\u00fa k\u00f6rnyezetben, magasabb szil\u00e1rd r\u00e9szecsk\u00e9k tartalom eset\u00e9n a v\u00edzben, stb. a berendez\u00e9s k\u00f6vetkez\u0151 karbantart\u00e1si m\u00f3dj\u00e1t javasoljuk: sz\u00fcks\u00e9g szerint forr\u00f3 ecettel \u00e1tmosni.<\/p>\n<p><strong>Hullad\u00e9khasznos\u00edt\u00e1s felt\u00e9telei:<\/strong><\/p>\n<p>Az \u00e9lettartam v\u00e9g\u00e9n a berendez\u00e9st \u00e9p\u00edt\u00e9si hullad\u00e9kk\u00e9nt \u00e1rtalmatlan\u00edtsa. A term\u00e9k csomagol\u00e1s\u00e1t \u00e1ltal\u00e1nos h\u00e1ztart\u00e1si hullad\u00e9kk\u00e9nt kezelje, javasoljuk pap\u00edrhullad\u00e9k k\u00f6z\u00e9 val\u00f3 besorol\u00e1s\u00e1t.[\/vc_column_text][\/vc_column_inner][vc_column_inner width=&#8221;1\/2&#8243;][lab_heading title=&#8221;Tan\u00fas\u00edtv\u00e1nyok \u00e9s igazol\u00e1sok:&#8221;][\/lab_heading][vc_column_text]<\/p>\n<p class=\"s3\"><span class=\"s5\">Az Eg\u00e9szs\u00e9g\u00fcgyi Miniszt\u00e9rium <\/span><span class=\"s5\">\u2013<\/span><span class=\"s5\"> Szlov\u00e1k K\u00f6zt\u00e1rsas\u00e1g <\/span><span class=\"s5\">f\u0151<\/span><span class=\"s5\">h<\/span><span class=\"s5\">i<\/span><span class=\"s5\">gi<\/span><span class=\"s5\">\u00e9nikusa<\/span><span class=\"s5\"> \u2013 <\/span><span class=\"s5\">szakv\u00e9lem\u00e9nye, <\/span><span class=\"s5\">amely tan\u00fas\u00edtja a<\/span><span class=\"s5\">z<\/span> <span class=\"s5\">ionimax<\/span> <span class=\"s5\">berendez\u00e9sek iv\u00f3v\u00edz kezel\u00e9s\u00e9<\/span><span class=\"s5\">n\u00e9l<\/span><span class=\"s5\"> t\u00f6rt\u00e9n\u0151 alkalmaz\u00e1s\u00e1t<\/span><span class=\"s5\">.<\/span><\/p>\n<p class=\"s3\"><span class=\"s5\">A <\/span><span class=\"s5\">p\u0151sty\u00e9ni<\/span><span class=\"s5\"> M\u0171szaki Vizsg\u00e1l\u00f3 Int\u00e9zet (<\/span><span class=\"s5\">Technick\u00fd<\/span> <span class=\"s5\">sk\u00fa\u0161<\/span><span class=\"s5\">obn\u00fd<\/span> <span class=\"s5\">\u00fastav<\/span> <span class=\"s5\">Pie\u0161\u0165any<\/span><span class=\"s5\">, <\/span><span class=\"s5\">\u0161.p<\/span><span class=\"s5\">.<\/span><span class=\"s5\">)<\/span><span class=\"s5\"> tan\u00fas\u00edtv\u00e1nya<\/span><span class=\"s5\">, amely igazolja a<\/span><span class=\"s5\">z<\/span> <span class=\"s5\">ionimax<\/span><span class=\"s5\"> berendez\u00e9sek biztons\u00e1gos jelleg\u00e9t<\/span><span class=\"s5\">.<\/span><\/p>\n<p class=\"s3\"><span class=\"s5\">Megfelel\u0151s\u00e9gi nyilatkozat a<\/span><span class=\"s5\">z<\/span> <span class=\"s5\">ionimax<\/span><span class=\"s5\"> t\u00edpus\u00fa i<\/span><span class=\"s5\">oniz<\/span><span class=\"s5\">\u00e1l\u00f3 <\/span><span class=\"s5\">polariz<\/span><span class=\"s5\">\u00e1l\u00f3 berendez\u00e9sek megfelel\u00e9s\u00e9r\u0151l<\/span><span class=\"s5\">, <\/span><span class=\"s5\">Szlov\u00e1k M\u0171szaki Szabv\u00e1ny <\/span><span class=\"s5\">STN 133060-2:1978<\/span><\/p>\n<p class=\"s3\"><span class=\"s5\">SZLOV\u00c1K K\u00d6ZT\u00c1RSAS\u00c1G IPARJOGV\u00c9DELMI HIVATALA (<\/span><span class=\"s5\">\u00daRAD PRIEMYSELN\u00c9HO VLASTN\u00cdCTVA SLOVENSKEJ REPUBLIKY<\/span><span class=\"s5\">)<\/span><span class=\"s5\">.<\/span><\/p>\n<p>[\/vc_column_text][vc_single_image image=&#8221;1301&#8243; img_size=&#8221;full&#8221; add_caption=&#8221;yes&#8221; alignment=&#8221;center&#8221;][lab_heading title=&#8221;Szerel\u00e9si \u00fatmutat\u00f3:&#8221;][\/lab_heading][vc_column_text]<strong><em>Fekv\u00e9s:<\/em><\/strong><\/p>\n<p>Az ionimax b\u00e1rmilyen poz\u00edci\u00f3ban felszerelhet\u0151. Nem \u00e9rdekes, mely v\u00e9gz\u0151d\u00e9s n\u00e9z el\u0151re.<\/p>\n<p><strong>Elhelyez\u00e9s:<\/strong><\/p>\n<p>A legmegfelel\u0151bb megold\u00e1s, ha az ionimax-ot az objektumba vezet\u0151 f\u0151vezet\u00e9kre helyezik, hogy az eg\u00e9sz l\u00e9tes\u00edtm\u00e9ny v\u00e9dve legyen.<\/p>\n<p><strong><em>Beszerel\u00e9s:<\/em><\/strong><\/p>\n<p>A szerel\u00e9s hely\u00e9n a vezet\u00e9ket szak\u00edtsa meg, \u00e9s az ionimax m\u00e9ret\u00e9nek megfelel\u0151 r\u00e9szt metssze ki. A vezet\u00e9k mindk\u00e9t v\u00e9g\u00e9re szerelje fel a megfelel\u0151 m\u00e9ret\u0171 menetfejeket. A menetre t\u00f6m\u00edt\u0151anyagot vigyen fel, az\u00a0ionimax-ot csavarja fel az el\u0151k\u00e9sz\u00edtett menetfejekre. A szerel\u00e9s befejez\u00e9se ut\u00e1n ellen\u0151rizze a csatlakoz\u00e1sok illeszked\u00e9s\u00e9t. A szerel\u00e9st szakk\u00e9pzett szerel\u0151 kell, hogy v\u00e9gezze. A gy\u00e1rt\u00f3 nem felel a szakszer\u0171tlen kezel\u00e9s \u00e1ltal okozott k\u00e1rok\u00e9rt.<\/p>\n<p><strong><em>Kombin\u00e1l\u00e1s v\u00edzsz\u0171r\u0151vel:<\/em><\/strong><\/p>\n<p>Amennyiben a v\u00edzvezet\u00e9krendszerben is sz\u0171r\u00e9st k\u00edv\u00e1n v\u00e9gezni, az ionimax az utols\u00f3 berendez\u00e9s kell, hogy legyen ebben a rendszerben annak \u00e9rdek\u00e9ben, hogy megel\u0151zz\u00fck a funkci\u00f3ja esetleges felesleges elveszt\u00e9s\u00e9t.<\/p>\n<p><strong><em>A term\u00e9k rendeltet\u00e9sszer\u0171 haszn\u00e1lat\u00e1nak felt\u00e9telei:<\/em><\/strong><\/p>\n<p>Az ionimax mellett legkevesebb 50 cm t\u00e1vols\u00e1gban nem lehet elektromos fesz\u00fclts\u00e9g. A rendszerhez nem szabad csatlakoztatni ioncser\u00e9l\u0151t, elektrom\u00e1gneses rendszert, ill. idegen fesz\u00fclts\u00e9ggel t\u00e1pl\u00e1lt rendszert. Ilyen esetben az ionimax nem lesz olyan m\u00e9rt\u00e9kben hat\u00e9kony, mint az elv\u00e1rhat\u00f3 lenne.<\/p>\n<p>Hasonl\u00f3k\u00e9ppen nem javasoljuk az ionimax s\u00f3s viz\u0171 vagy s\u00f3oldatot hasznos\u00edt\u00f3 berendez\u00e9sekben t\u00f6rt\u00e9n\u0151 alkalmaz\u00e1s\u00e1t, amelyek g\u00e1tolj\u00e1k az ion polariz\u00e1ci\u00f3t. Ilyen esetben az ionimax nem lesz olyan m\u00e9rt\u00e9kben hat\u00e9kony, mint az elv\u00e1rhat\u00f3 lenne.<\/p>\n<p>Az ionimax k\u00e9sz\u00fcl\u00e9keket 50 &#8211; 2 000 uS\/cm2 tartom\u00e1ny k\u00f6z\u00f6tti norm\u00e1l vezet\u0151k\u00e9pess\u00e9g\u0171 vizek eset\u00e9ben javasoljuk felszerelni. Magasabb vezet\u0151k\u00e9pess\u00e9g\u0171 v\u00edz eset\u00e9n az ionimax nem lesz olyan m\u00e9rt\u00e9kben hat\u00e9kony, mint az elv\u00e1rhat\u00f3 lenne, gyorsabban t\u00f6m\u0151dhet el, \u00e9s r\u00f6videbb lehet az \u00e9lettartama.<\/p>\n<p>0-100 \u00b0C v\u00edzh\u0151m\u00e9rs\u00e9kletn\u00e9l javasolt a haszn\u00e1lata. Z\u00e1rt cs\u0151vezet\u00e9kben p\u00e1rakezel\u00e9sre nem alkalmas, fenn\u00e1ll a berendez\u00e9s k\u00e1rosod\u00e1s\u00e1nak vesz\u00e9lye.<\/p>\n<p>A v\u00edz k\u00e9sz\u00fcl\u00e9kben val\u00f3 \u00e1raml\u00e1s\u00e1nak maxim\u00e1lis sebess\u00e9ge 4 m\/mp (a k\u00e9sz\u00fcl\u00e9k t\u00edpus\u00e1nak kiv\u00e1laszt\u00e1sakor vegy\u00fck figyelembe ezt az adatot \u00e9s a maxim\u00e1lis \u00e1raml\u00e1st is, ne csak a cs\u0151m\u00e9retet). Gyorsabb v\u00edz\u00e1ralm\u00e1s eset\u00e9n nem szavatoljuk a megfelel\u0151 m\u00e9rt\u00e9k\u0171 hat\u00e9konys\u00e1got.<\/p>\n<p>Az ionimax berendez\u00e9seket 1 MPa-ig terjed\u0151 nyom\u00e1sra tervezt\u00e9k. Nagyobb nyom\u00e1s az ionimax k\u00e1rosod\u00e1s\u00e1hoz vezethet.<\/p>\n<p>Az ionimax-ot ne pr\u00f3b\u00e1lja semmilyen m\u00f3don sz\u00e9tszedni vagy kinyitni. Ez a berendez\u00e9s a felnyit\u00e1s ut\u00e1n elvesz\u00edti hasznoss\u00e1g\u00e1t \u00e9s a vonatkoz\u00f3 garanci\u00e1t is. L\u00e9pjen kapcsolatba a gy\u00e1rt\u00f3val. Egyben fenn\u00e1ll az apr\u00f3 alkatr\u00e9szek meglazul\u00e1s\u00e1nak vesz\u00e9lye. Ne tartsa gyermekek k\u00f6zel\u00e9ben.[\/vc_column_text][\/vc_column_inner][\/vc_row_inner][\/vc_column][\/vc_row]<\/p>\n<\/div>","protected":false},"excerpt":{"rendered":"<p>[vc_row css=&#8221;.vc_custom_1489102263611{padding-top: 50px !important;}&#8221;][vc_column][vc_row_inner][vc_column_inner][lab_heading title=&#8221;ionimax\u00ae&#8221; el_class=&#8221;title centered&#8221;]Ez az ion polariz\u00e1l\u00f3 eszk\u00f6z \u2013 ionimax[\/lab_heading][vc_single_image image=&#8221;1156&#8243; img_size=&#8221;full&#8221; alignment=&#8221;center&#8221;][\/vc_column_inner][\/vc_row_inner][vc_row_inner][vc_column_inner width=&#8221;1\/2&#8243;][lab_heading title=&#8221;Term\u00e9kle\u00edr\u00e1s&#8221;][\/lab_heading][vc_column_text]Ez az ion polariz\u00e1l\u00f3 eszk\u00f6z \u2013 ionimax \u2013 v\u00edzkezel\u00e9sre javasolt eszk\u00f6z, amely megakad\u00e1lyozza a v\u00edzk\u0151k\u00e9pz\u0151d\u00e9st, seg\u00edti annak elt\u00e1vol\u00edt\u00e1s\u00e1t, \u00e9s sz\u00e1mos m\u00e1s el\u0151nnyel rendelkezik. Az ionimax egy \u00e1tfoly\u00e1st biztos\u00edt\u00f3 r\u00e9szb\u0151l \u00e1ll, amely bemeneti \u00e9s kimeneti ny\u00edl\u00e1ssal van ell\u00e1tva. Ebben&hellip;<\/p>\n","protected":false},"author":3,"featured_media":0,"parent":0,"menu_order":0,"comment_status":"closed","ping_status":"closed","template":"","meta":{"_acf_changed":false,"footnotes":""},"class_list":["post-1397","page","type-page","status-publish","hentry"],"acf":[],"yoast_head":"<!-- This site is optimized with the Yoast SEO plugin v23.6 - https:\/\/yoast.com\/wordpress\/plugins\/seo\/ -->\n<title>ionimax\u00ae - Two Eco<\/title>\n<meta name=\"robots\" content=\"index, follow, max-snippet:-1, max-image-preview:large, max-video-preview:-1\" \/>\n<link rel=\"canonical\" href=\"https:\/\/twoeco.sk\/ionimax\/\" \/>\n<meta property=\"og:locale\" content=\"hu_HU\" \/>\n<meta property=\"og:type\" content=\"article\" \/>\n<meta property=\"og:title\" content=\"ionimax\u00ae - Two Eco\" \/>\n<meta property=\"og:description\" content=\"[vc_row css=&#8221;.vc_custom_1489102263611{padding-top: 50px !important;}&#8221;][vc_column][vc_row_inner][vc_column_inner][lab_heading title=&#8221;ionimax\u00ae&#8221; el_class=&#8221;title centered&#8221;]Ez az ion polariz\u00e1l\u00f3 eszk\u00f6z \u2013 ionimax[\/lab_heading][vc_single_image image=&#8221;1156&#8243; img_size=&#8221;full&#8221; alignment=&#8221;center&#8221;][\/vc_column_inner][\/vc_row_inner][vc_row_inner][vc_column_inner width=&#8221;1\/2&#8243;][lab_heading title=&#8221;Term\u00e9kle\u00edr\u00e1s&#8221;][\/lab_heading][vc_column_text]Ez az ion polariz\u00e1l\u00f3 eszk\u00f6z \u2013 ionimax \u2013 v\u00edzkezel\u00e9sre javasolt eszk\u00f6z, amely megakad\u00e1lyozza a v\u00edzk\u0151k\u00e9pz\u0151d\u00e9st, seg\u00edti annak elt\u00e1vol\u00edt\u00e1s\u00e1t, \u00e9s sz\u00e1mos m\u00e1s el\u0151nnyel rendelkezik. Az ionimax egy \u00e1tfoly\u00e1st biztos\u00edt\u00f3 r\u00e9szb\u0151l \u00e1ll, amely bemeneti \u00e9s kimeneti ny\u00edl\u00e1ssal van ell\u00e1tva. Ebben&hellip;\" \/>\n<meta property=\"og:url\" content=\"https:\/\/twoeco.sk\/ionimax\/\" \/>\n<meta property=\"og:site_name\" content=\"Two Eco\" \/>\n<meta property=\"article:publisher\" content=\"https:\/\/www.facebook.com\/Ionimax-1357153714295887\/\" \/>\n<meta property=\"article:modified_time\" content=\"2017-05-28T12:14:08+00:00\" \/>\n<meta name=\"twitter:card\" content=\"summary_large_image\" \/>\n<meta name=\"twitter:label1\" content=\"Becs\u00fclt olvas\u00e1si id\u0151\" \/>\n\t<meta name=\"twitter:data1\" content=\"7 perc\" \/>\n<script type=\"application\/ld+json\" class=\"yoast-schema-graph\">{\"@context\":\"https:\/\/schema.org\",\"@graph\":[{\"@type\":\"WebPage\",\"@id\":\"https:\/\/twoeco.sk\/ionimax\/\",\"url\":\"https:\/\/twoeco.sk\/ionimax\/\",\"name\":\"ionimax\u00ae - Two Eco\",\"isPartOf\":{\"@id\":\"https:\/\/twoeco.sk\/#website\"},\"datePublished\":\"2017-03-09T23:30:26+00:00\",\"dateModified\":\"2017-05-28T12:14:08+00:00\",\"breadcrumb\":{\"@id\":\"https:\/\/twoeco.sk\/ionimax\/#breadcrumb\"},\"inLanguage\":\"hu\",\"potentialAction\":[{\"@type\":\"ReadAction\",\"target\":[\"https:\/\/twoeco.sk\/ionimax\/\"]}]},{\"@type\":\"BreadcrumbList\",\"@id\":\"https:\/\/twoeco.sk\/ionimax\/#breadcrumb\",\"itemListElement\":[{\"@type\":\"ListItem\",\"position\":1,\"name\":\"Home\",\"item\":\"https:\/\/twoeco.sk\/\"},{\"@type\":\"ListItem\",\"position\":2,\"name\":\"ionimax\u00ae\"}]},{\"@type\":\"WebSite\",\"@id\":\"https:\/\/twoeco.sk\/#website\",\"url\":\"https:\/\/twoeco.sk\/\",\"name\":\"Two Eco\",\"description\":\"Viac ako \u010dist\u00e1 voda\",\"publisher\":{\"@id\":\"https:\/\/twoeco.sk\/#organization\"},\"potentialAction\":[{\"@type\":\"SearchAction\",\"target\":{\"@type\":\"EntryPoint\",\"urlTemplate\":\"https:\/\/twoeco.sk\/?s={search_term_string}\"},\"query-input\":{\"@type\":\"PropertyValueSpecification\",\"valueRequired\":true,\"valueName\":\"search_term_string\"}}],\"inLanguage\":\"hu\"},{\"@type\":\"Organization\",\"@id\":\"https:\/\/twoeco.sk\/#organization\",\"name\":\"Two ECO, s.r.o.\",\"url\":\"https:\/\/twoeco.sk\/\",\"logo\":{\"@type\":\"ImageObject\",\"inLanguage\":\"hu\",\"@id\":\"https:\/\/twoeco.sk\/#\/schema\/logo\/image\/\",\"url\":\"https:\/\/twoeco.sk\/wp-content\/uploads\/2016\/05\/logo-two-eco-farba.png\",\"contentUrl\":\"https:\/\/twoeco.sk\/wp-content\/uploads\/2016\/05\/logo-two-eco-farba.png\",\"width\":318,\"height\":74,\"caption\":\"Two ECO, s.r.o.\"},\"image\":{\"@id\":\"https:\/\/twoeco.sk\/#\/schema\/logo\/image\/\"},\"sameAs\":[\"https:\/\/www.facebook.com\/Ionimax-1357153714295887\/\"]}]}<\/script>\n<!-- \/ Yoast SEO plugin. -->","yoast_head_json":{"title":"ionimax\u00ae - Two Eco","robots":{"index":"index","follow":"follow","max-snippet":"max-snippet:-1","max-image-preview":"max-image-preview:large","max-video-preview":"max-video-preview:-1"},"canonical":"https:\/\/twoeco.sk\/ionimax\/","og_locale":"hu_HU","og_type":"article","og_title":"ionimax\u00ae - Two Eco","og_description":"[vc_row css=&#8221;.vc_custom_1489102263611{padding-top: 50px !important;}&#8221;][vc_column][vc_row_inner][vc_column_inner][lab_heading title=&#8221;ionimax\u00ae&#8221; el_class=&#8221;title centered&#8221;]Ez az ion polariz\u00e1l\u00f3 eszk\u00f6z \u2013 ionimax[\/lab_heading][vc_single_image image=&#8221;1156&#8243; img_size=&#8221;full&#8221; alignment=&#8221;center&#8221;][\/vc_column_inner][\/vc_row_inner][vc_row_inner][vc_column_inner width=&#8221;1\/2&#8243;][lab_heading title=&#8221;Term\u00e9kle\u00edr\u00e1s&#8221;][\/lab_heading][vc_column_text]Ez az ion polariz\u00e1l\u00f3 eszk\u00f6z \u2013 ionimax \u2013 v\u00edzkezel\u00e9sre javasolt eszk\u00f6z, amely megakad\u00e1lyozza a v\u00edzk\u0151k\u00e9pz\u0151d\u00e9st, seg\u00edti annak elt\u00e1vol\u00edt\u00e1s\u00e1t, \u00e9s sz\u00e1mos m\u00e1s el\u0151nnyel rendelkezik. Az ionimax egy \u00e1tfoly\u00e1st biztos\u00edt\u00f3 r\u00e9szb\u0151l \u00e1ll, amely bemeneti \u00e9s kimeneti ny\u00edl\u00e1ssal van ell\u00e1tva. Ebben&hellip;","og_url":"https:\/\/twoeco.sk\/ionimax\/","og_site_name":"Two Eco","article_publisher":"https:\/\/www.facebook.com\/Ionimax-1357153714295887\/","article_modified_time":"2017-05-28T12:14:08+00:00","twitter_card":"summary_large_image","twitter_misc":{"Becs\u00fclt olvas\u00e1si id\u0151":"7 perc"},"schema":{"@context":"https:\/\/schema.org","@graph":[{"@type":"WebPage","@id":"https:\/\/twoeco.sk\/ionimax\/","url":"https:\/\/twoeco.sk\/ionimax\/","name":"ionimax\u00ae - Two Eco","isPartOf":{"@id":"https:\/\/twoeco.sk\/#website"},"datePublished":"2017-03-09T23:30:26+00:00","dateModified":"2017-05-28T12:14:08+00:00","breadcrumb":{"@id":"https:\/\/twoeco.sk\/ionimax\/#breadcrumb"},"inLanguage":"hu","potentialAction":[{"@type":"ReadAction","target":["https:\/\/twoeco.sk\/ionimax\/"]}]},{"@type":"BreadcrumbList","@id":"https:\/\/twoeco.sk\/ionimax\/#breadcrumb","itemListElement":[{"@type":"ListItem","position":1,"name":"Home","item":"https:\/\/twoeco.sk\/"},{"@type":"ListItem","position":2,"name":"ionimax\u00ae"}]},{"@type":"WebSite","@id":"https:\/\/twoeco.sk\/#website","url":"https:\/\/twoeco.sk\/","name":"Two Eco","description":"Viac ako \u010dist\u00e1 voda","publisher":{"@id":"https:\/\/twoeco.sk\/#organization"},"potentialAction":[{"@type":"SearchAction","target":{"@type":"EntryPoint","urlTemplate":"https:\/\/twoeco.sk\/?s={search_term_string}"},"query-input":{"@type":"PropertyValueSpecification","valueRequired":true,"valueName":"search_term_string"}}],"inLanguage":"hu"},{"@type":"Organization","@id":"https:\/\/twoeco.sk\/#organization","name":"Two ECO, s.r.o.","url":"https:\/\/twoeco.sk\/","logo":{"@type":"ImageObject","inLanguage":"hu","@id":"https:\/\/twoeco.sk\/#\/schema\/logo\/image\/","url":"https:\/\/twoeco.sk\/wp-content\/uploads\/2016\/05\/logo-two-eco-farba.png","contentUrl":"https:\/\/twoeco.sk\/wp-content\/uploads\/2016\/05\/logo-two-eco-farba.png","width":318,"height":74,"caption":"Two ECO, s.r.o."},"image":{"@id":"https:\/\/twoeco.sk\/#\/schema\/logo\/image\/"},"sameAs":["https:\/\/www.facebook.com\/Ionimax-1357153714295887\/"]}]}},"_links":{"self":[{"href":"https:\/\/twoeco.sk\/hu\/wp-json\/wp\/v2\/pages\/1397"}],"collection":[{"href":"https:\/\/twoeco.sk\/hu\/wp-json\/wp\/v2\/pages"}],"about":[{"href":"https:\/\/twoeco.sk\/hu\/wp-json\/wp\/v2\/types\/page"}],"author":[{"embeddable":true,"href":"https:\/\/twoeco.sk\/hu\/wp-json\/wp\/v2\/users\/3"}],"replies":[{"embeddable":true,"href":"https:\/\/twoeco.sk\/hu\/wp-json\/wp\/v2\/comments?post=1397"}],"version-history":[{"count":6,"href":"https:\/\/twoeco.sk\/hu\/wp-json\/wp\/v2\/pages\/1397\/revisions"}],"predecessor-version":[{"id":1625,"href":"https:\/\/twoeco.sk\/hu\/wp-json\/wp\/v2\/pages\/1397\/revisions\/1625"}],"wp:attachment":[{"href":"https:\/\/twoeco.sk\/hu\/wp-json\/wp\/v2\/media?parent=1397"}],"curies":[{"name":"wp","href":"https:\/\/api.w.org\/{rel}","templated":true}]}}