{"id":1492,"date":"2017-02-16T09:49:00","date_gmt":"2017-02-16T08:49:00","guid":{"rendered":"https:\/\/twoeco.sk\/vodny-kamen\/"},"modified":"2017-05-27T18:11:29","modified_gmt":"2017-05-27T16:11:29","slug":"vodny-kamen","status":"publish","type":"page","link":"https:\/\/twoeco.sk\/hu\/vodny-kamen\/","title":{"rendered":"V\u00edzk\u0151"},"content":{"rendered":"<div class=\"wpb-content-wrapper\"><p>[vc_row][vc_column][lab_heading title=&#8221;V\u00edzk\u0151&#8221; el_class=&#8221;title&#8221; css=&#8221;.vc_custom_1495901463249{padding-top: 50px !important;}&#8221;][\/lab_heading][vc_column_text]<strong>Gondot okoz a cs\u0151vezet\u00e9kben le\u00fclepedett v\u00edzk\u0151?<\/strong><\/p>\n<p><strong>Megv\u00e9den\u00e9 h\u00e1ztart\u00e1si eszk\u00f6zeit a v\u00edzk\u0151 ellen?<\/strong><\/p>\n<p><strong>Patyolat tiszta ruhanem\u0171kre v\u00e1gyik, de nem tudja ezt el\u00e9rni a kem\u00e9ny v\u00edz miatt?<\/strong><\/p>\n<p><strong>Elker\u00fcln\u00e9 a vegyi l\u00e1gy\u00edt\u00f3szerek haszn\u00e1lat\u00e1t?<\/strong><\/p>\n<p><strong>T\u00f6bb\u00e9 nem szeretn\u00e9 m\u00e1r a v\u00edzk\u00f6vet s\u00farolni a konyh\u00e1j\u00e1ban \u00e9s f\u00fcrd\u0151szob\u00e1j\u00e1ban?<\/strong>[\/vc_column_text][vc_separator style=&#8221;dotted&#8221; border_width=&#8221;2&#8243;][vc_row_inner][vc_column_inner][vc_column_text]<\/p>\n<p class=\"p1\"><b><img loading=\"lazy\" decoding=\"async\" class=\" wp-image-894 alignleft\" src=\"https:\/\/twoeco.sk\/wp-content\/uploads\/2017\/02\/shutterstock_218515030-min-300x200.jpg\" alt=\"\" width=\"387\" height=\"258\" srcset=\"https:\/\/twoeco.sk\/wp-content\/uploads\/2017\/02\/shutterstock_218515030-min-300x200.jpg 300w, https:\/\/twoeco.sk\/wp-content\/uploads\/2017\/02\/shutterstock_218515030-min-768x512.jpg 768w, https:\/\/twoeco.sk\/wp-content\/uploads\/2017\/02\/shutterstock_218515030-min-1024x683.jpg 1024w, https:\/\/twoeco.sk\/wp-content\/uploads\/2017\/02\/shutterstock_218515030-min-1612x1075.jpg 1612w, https:\/\/twoeco.sk\/wp-content\/uploads\/2017\/02\/shutterstock_218515030-min-1116x744.jpg 1116w, https:\/\/twoeco.sk\/wp-content\/uploads\/2017\/02\/shutterstock_218515030-min-806x537.jpg 806w, https:\/\/twoeco.sk\/wp-content\/uploads\/2017\/02\/shutterstock_218515030-min-558x372.jpg 558w, https:\/\/twoeco.sk\/wp-content\/uploads\/2017\/02\/shutterstock_218515030-min-655x437.jpg 655w\" sizes=\"(max-width: 387px) 100vw, 387px\" \/><\/b><\/p>\n<p><strong>Szabaduljon meg a v\u00edzk\u0151t\u0151l \u00e9s a kem\u00e9ny v\u00edzt\u0151l felesleges vegyszerek haszn\u00e1lata n\u00e9lk\u00fcl. Hasznos\u00edtsa a legfrissebb kutat\u00e1si eredm\u00e9nyeket \u00e9s a v\u00edz ion polariz\u00e1l\u00e1s\u00e1t az ionimax seg\u00edts\u00e9g\u00e9vel.<\/strong><\/p>\n<p>Az ionimax egyed\u00fcl\u00e1ll\u00f3 v\u00edzkezel\u00e9si rendszer, egy egyszer\u0171 \u201ccs\u0151\u201d, amely lebontja a v\u00edzk\u00f6vet, vitalit\u00e1st, eg\u00e9szs\u00e9get, tisztas\u00e1got k\u00f6lcs\u00f6n\u00f6z a v\u00edznek, \u00f3vja a p\u00e9nzt\u00e1rc\u00e1j\u00e1t, eszk\u00f6zeit, a term\u00e9szetet. Vez\u00e9rl\u00e9s \u00e9s karbantart\u00e1s, elektromos \u00e1ram \u00e9s vegyszerek haszn\u00e1lata n\u00e9lk\u00fcl m\u0171k\u00f6dik. Az ionimax\u00a0nem foglal sok helyet, nem zavar\u00f3 az otthona kivitelez\u00e9se szempontj\u00e1b\u00f3l sem. A v\u00edz megtartja az \u00f6sszes t\u00e1panyagot, ide \u00e9rtve az \u00e1sv\u00e1nyi anyagokat is, teh\u00e1t biztos\u00edtott a min\u0151s\u00e9gi folyad\u00e9kbevitel.<\/p>\n<p><strong>A v\u00edzk\u0151 fokozatosan elt\u0171nik, \u00faj viszont m\u00e1r nem k\u00e9pz\u0151dik.<\/strong><\/p>\n<p class=\"p1\"><b>\u00a0<\/b><\/p>\n<p>[\/vc_column_text][\/vc_column_inner][\/vc_row_inner][\/vc_column][\/vc_row]<\/p>\n<\/div>","protected":false},"excerpt":{"rendered":"<p>[vc_row][vc_column][lab_heading title=&#8221;V\u00edzk\u0151&#8221; el_class=&#8221;title&#8221; css=&#8221;.vc_custom_1495901463249{padding-top: 50px !important;}&#8221;][\/lab_heading][vc_column_text]Gondot okoz a cs\u0151vezet\u00e9kben le\u00fclepedett v\u00edzk\u0151? Megv\u00e9den\u00e9 h\u00e1ztart\u00e1si eszk\u00f6zeit a v\u00edzk\u0151 ellen? Patyolat tiszta ruhanem\u0171kre v\u00e1gyik, de nem tudja ezt el\u00e9rni a kem\u00e9ny v\u00edz miatt? Elker\u00fcln\u00e9 a vegyi l\u00e1gy\u00edt\u00f3szerek haszn\u00e1lat\u00e1t? T\u00f6bb\u00e9 nem szeretn\u00e9 m\u00e1r a v\u00edzk\u00f6vet s\u00farolni a konyh\u00e1j\u00e1ban \u00e9s f\u00fcrd\u0151szob\u00e1j\u00e1ban?[\/vc_column_text][vc_separator style=&#8221;dotted&#8221; border_width=&#8221;2&#8243;][vc_row_inner][vc_column_inner][vc_column_text] Szabaduljon meg a v\u00edzk\u0151t\u0151l \u00e9s a kem\u00e9ny&hellip;<\/p>\n","protected":false},"author":3,"featured_media":0,"parent":0,"menu_order":0,"comment_status":"closed","ping_status":"closed","template":"","meta":{"_acf_changed":false,"footnotes":""},"class_list":["post-1492","page","type-page","status-publish","hentry"],"acf":[],"yoast_head":"<!-- This site is optimized with the Yoast SEO plugin v23.6 - https:\/\/yoast.com\/wordpress\/plugins\/seo\/ -->\n<title>V\u00edzk\u0151 - Two Eco<\/title>\n<meta name=\"robots\" content=\"index, follow, max-snippet:-1, max-image-preview:large, max-video-preview:-1\" \/>\n<link rel=\"canonical\" href=\"https:\/\/twoeco.sk\/vodny-kamen\/\" \/>\n<meta property=\"og:locale\" content=\"hu_HU\" \/>\n<meta property=\"og:type\" content=\"article\" \/>\n<meta property=\"og:title\" content=\"V\u00edzk\u0151 - Two Eco\" \/>\n<meta property=\"og:description\" content=\"[vc_row][vc_column][lab_heading title=&#8221;V\u00edzk\u0151&#8221; el_class=&#8221;title&#8221; css=&#8221;.vc_custom_1495901463249{padding-top: 50px !important;}&#8221;][\/lab_heading][vc_column_text]Gondot okoz a cs\u0151vezet\u00e9kben le\u00fclepedett v\u00edzk\u0151? Megv\u00e9den\u00e9 h\u00e1ztart\u00e1si eszk\u00f6zeit a v\u00edzk\u0151 ellen? Patyolat tiszta ruhanem\u0171kre v\u00e1gyik, de nem tudja ezt el\u00e9rni a kem\u00e9ny v\u00edz miatt? Elker\u00fcln\u00e9 a vegyi l\u00e1gy\u00edt\u00f3szerek haszn\u00e1lat\u00e1t? T\u00f6bb\u00e9 nem szeretn\u00e9 m\u00e1r a v\u00edzk\u00f6vet s\u00farolni a konyh\u00e1j\u00e1ban \u00e9s f\u00fcrd\u0151szob\u00e1j\u00e1ban?[\/vc_column_text][vc_separator style=&#8221;dotted&#8221; border_width=&#8221;2&#8243;][vc_row_inner][vc_column_inner][vc_column_text] Szabaduljon meg a v\u00edzk\u0151t\u0151l \u00e9s a kem\u00e9ny&hellip;\" \/>\n<meta property=\"og:url\" content=\"https:\/\/twoeco.sk\/vodny-kamen\/\" \/>\n<meta property=\"og:site_name\" content=\"Two Eco\" \/>\n<meta property=\"article:publisher\" content=\"https:\/\/www.facebook.com\/Ionimax-1357153714295887\/\" \/>\n<meta property=\"article:modified_time\" content=\"2017-05-27T16:11:29+00:00\" \/>\n<meta property=\"og:image\" content=\"https:\/\/twoeco.sk\/wp-content\/uploads\/2017\/02\/shutterstock_218515030-min.jpg\" \/>\n\t<meta property=\"og:image:width\" content=\"5472\" \/>\n\t<meta property=\"og:image:height\" content=\"3648\" \/>\n\t<meta property=\"og:image:type\" content=\"image\/jpeg\" \/>\n<meta name=\"twitter:card\" content=\"summary_large_image\" \/>\n<meta name=\"twitter:label1\" content=\"Becs\u00fclt olvas\u00e1si id\u0151\" \/>\n\t<meta name=\"twitter:data1\" content=\"1 perc\" \/>\n<script type=\"application\/ld+json\" class=\"yoast-schema-graph\">{\"@context\":\"https:\/\/schema.org\",\"@graph\":[{\"@type\":\"WebPage\",\"@id\":\"https:\/\/twoeco.sk\/vodny-kamen\/\",\"url\":\"https:\/\/twoeco.sk\/vodny-kamen\/\",\"name\":\"V\u00edzk\u0151 - Two Eco\",\"isPartOf\":{\"@id\":\"https:\/\/twoeco.sk\/#website\"},\"primaryImageOfPage\":{\"@id\":\"https:\/\/twoeco.sk\/vodny-kamen\/#primaryimage\"},\"image\":{\"@id\":\"https:\/\/twoeco.sk\/vodny-kamen\/#primaryimage\"},\"thumbnailUrl\":\"https:\/\/twoeco.sk\/wp-content\/uploads\/2017\/02\/shutterstock_218515030-min-300x200.jpg\",\"datePublished\":\"2017-02-16T08:49:00+00:00\",\"dateModified\":\"2017-05-27T16:11:29+00:00\",\"breadcrumb\":{\"@id\":\"https:\/\/twoeco.sk\/vodny-kamen\/#breadcrumb\"},\"inLanguage\":\"hu\",\"potentialAction\":[{\"@type\":\"ReadAction\",\"target\":[\"https:\/\/twoeco.sk\/vodny-kamen\/\"]}]},{\"@type\":\"ImageObject\",\"inLanguage\":\"hu\",\"@id\":\"https:\/\/twoeco.sk\/vodny-kamen\/#primaryimage\",\"url\":\"https:\/\/twoeco.sk\/wp-content\/uploads\/2017\/02\/shutterstock_218515030-min-300x200.jpg\",\"contentUrl\":\"https:\/\/twoeco.sk\/wp-content\/uploads\/2017\/02\/shutterstock_218515030-min-300x200.jpg\"},{\"@type\":\"BreadcrumbList\",\"@id\":\"https:\/\/twoeco.sk\/vodny-kamen\/#breadcrumb\",\"itemListElement\":[{\"@type\":\"ListItem\",\"position\":1,\"name\":\"Home\",\"item\":\"https:\/\/twoeco.sk\/\"},{\"@type\":\"ListItem\",\"position\":2,\"name\":\"V\u00edzk\u0151\"}]},{\"@type\":\"WebSite\",\"@id\":\"https:\/\/twoeco.sk\/#website\",\"url\":\"https:\/\/twoeco.sk\/\",\"name\":\"Two Eco\",\"description\":\"Viac ako \u010dist\u00e1 voda\",\"publisher\":{\"@id\":\"https:\/\/twoeco.sk\/#organization\"},\"potentialAction\":[{\"@type\":\"SearchAction\",\"target\":{\"@type\":\"EntryPoint\",\"urlTemplate\":\"https:\/\/twoeco.sk\/?s={search_term_string}\"},\"query-input\":{\"@type\":\"PropertyValueSpecification\",\"valueRequired\":true,\"valueName\":\"search_term_string\"}}],\"inLanguage\":\"hu\"},{\"@type\":\"Organization\",\"@id\":\"https:\/\/twoeco.sk\/#organization\",\"name\":\"Two ECO, s.r.o.\",\"url\":\"https:\/\/twoeco.sk\/\",\"logo\":{\"@type\":\"ImageObject\",\"inLanguage\":\"hu\",\"@id\":\"https:\/\/twoeco.sk\/#\/schema\/logo\/image\/\",\"url\":\"https:\/\/twoeco.sk\/wp-content\/uploads\/2016\/05\/logo-two-eco-farba.png\",\"contentUrl\":\"https:\/\/twoeco.sk\/wp-content\/uploads\/2016\/05\/logo-two-eco-farba.png\",\"width\":318,\"height\":74,\"caption\":\"Two ECO, s.r.o.\"},\"image\":{\"@id\":\"https:\/\/twoeco.sk\/#\/schema\/logo\/image\/\"},\"sameAs\":[\"https:\/\/www.facebook.com\/Ionimax-1357153714295887\/\"]}]}<\/script>\n<!-- \/ Yoast SEO plugin. -->","yoast_head_json":{"title":"V\u00edzk\u0151 - Two Eco","robots":{"index":"index","follow":"follow","max-snippet":"max-snippet:-1","max-image-preview":"max-image-preview:large","max-video-preview":"max-video-preview:-1"},"canonical":"https:\/\/twoeco.sk\/vodny-kamen\/","og_locale":"hu_HU","og_type":"article","og_title":"V\u00edzk\u0151 - Two Eco","og_description":"[vc_row][vc_column][lab_heading title=&#8221;V\u00edzk\u0151&#8221; el_class=&#8221;title&#8221; css=&#8221;.vc_custom_1495901463249{padding-top: 50px !important;}&#8221;][\/lab_heading][vc_column_text]Gondot okoz a cs\u0151vezet\u00e9kben le\u00fclepedett v\u00edzk\u0151? Megv\u00e9den\u00e9 h\u00e1ztart\u00e1si eszk\u00f6zeit a v\u00edzk\u0151 ellen? Patyolat tiszta ruhanem\u0171kre v\u00e1gyik, de nem tudja ezt el\u00e9rni a kem\u00e9ny v\u00edz miatt? Elker\u00fcln\u00e9 a vegyi l\u00e1gy\u00edt\u00f3szerek haszn\u00e1lat\u00e1t? T\u00f6bb\u00e9 nem szeretn\u00e9 m\u00e1r a v\u00edzk\u00f6vet s\u00farolni a konyh\u00e1j\u00e1ban \u00e9s f\u00fcrd\u0151szob\u00e1j\u00e1ban?[\/vc_column_text][vc_separator style=&#8221;dotted&#8221; border_width=&#8221;2&#8243;][vc_row_inner][vc_column_inner][vc_column_text] Szabaduljon meg a v\u00edzk\u0151t\u0151l \u00e9s a kem\u00e9ny&hellip;","og_url":"https:\/\/twoeco.sk\/vodny-kamen\/","og_site_name":"Two Eco","article_publisher":"https:\/\/www.facebook.com\/Ionimax-1357153714295887\/","article_modified_time":"2017-05-27T16:11:29+00:00","og_image":[{"width":5472,"height":3648,"url":"https:\/\/twoeco.sk\/wp-content\/uploads\/2017\/02\/shutterstock_218515030-min.jpg","type":"image\/jpeg"}],"twitter_card":"summary_large_image","twitter_misc":{"Becs\u00fclt olvas\u00e1si id\u0151":"1 perc"},"schema":{"@context":"https:\/\/schema.org","@graph":[{"@type":"WebPage","@id":"https:\/\/twoeco.sk\/vodny-kamen\/","url":"https:\/\/twoeco.sk\/vodny-kamen\/","name":"V\u00edzk\u0151 - Two Eco","isPartOf":{"@id":"https:\/\/twoeco.sk\/#website"},"primaryImageOfPage":{"@id":"https:\/\/twoeco.sk\/vodny-kamen\/#primaryimage"},"image":{"@id":"https:\/\/twoeco.sk\/vodny-kamen\/#primaryimage"},"thumbnailUrl":"https:\/\/twoeco.sk\/wp-content\/uploads\/2017\/02\/shutterstock_218515030-min-300x200.jpg","datePublished":"2017-02-16T08:49:00+00:00","dateModified":"2017-05-27T16:11:29+00:00","breadcrumb":{"@id":"https:\/\/twoeco.sk\/vodny-kamen\/#breadcrumb"},"inLanguage":"hu","potentialAction":[{"@type":"ReadAction","target":["https:\/\/twoeco.sk\/vodny-kamen\/"]}]},{"@type":"ImageObject","inLanguage":"hu","@id":"https:\/\/twoeco.sk\/vodny-kamen\/#primaryimage","url":"https:\/\/twoeco.sk\/wp-content\/uploads\/2017\/02\/shutterstock_218515030-min-300x200.jpg","contentUrl":"https:\/\/twoeco.sk\/wp-content\/uploads\/2017\/02\/shutterstock_218515030-min-300x200.jpg"},{"@type":"BreadcrumbList","@id":"https:\/\/twoeco.sk\/vodny-kamen\/#breadcrumb","itemListElement":[{"@type":"ListItem","position":1,"name":"Home","item":"https:\/\/twoeco.sk\/"},{"@type":"ListItem","position":2,"name":"V\u00edzk\u0151"}]},{"@type":"WebSite","@id":"https:\/\/twoeco.sk\/#website","url":"https:\/\/twoeco.sk\/","name":"Two Eco","description":"Viac ako \u010dist\u00e1 voda","publisher":{"@id":"https:\/\/twoeco.sk\/#organization"},"potentialAction":[{"@type":"SearchAction","target":{"@type":"EntryPoint","urlTemplate":"https:\/\/twoeco.sk\/?s={search_term_string}"},"query-input":{"@type":"PropertyValueSpecification","valueRequired":true,"valueName":"search_term_string"}}],"inLanguage":"hu"},{"@type":"Organization","@id":"https:\/\/twoeco.sk\/#organization","name":"Two ECO, s.r.o.","url":"https:\/\/twoeco.sk\/","logo":{"@type":"ImageObject","inLanguage":"hu","@id":"https:\/\/twoeco.sk\/#\/schema\/logo\/image\/","url":"https:\/\/twoeco.sk\/wp-content\/uploads\/2016\/05\/logo-two-eco-farba.png","contentUrl":"https:\/\/twoeco.sk\/wp-content\/uploads\/2016\/05\/logo-two-eco-farba.png","width":318,"height":74,"caption":"Two ECO, s.r.o."},"image":{"@id":"https:\/\/twoeco.sk\/#\/schema\/logo\/image\/"},"sameAs":["https:\/\/www.facebook.com\/Ionimax-1357153714295887\/"]}]}},"_links":{"self":[{"href":"https:\/\/twoeco.sk\/hu\/wp-json\/wp\/v2\/pages\/1492"}],"collection":[{"href":"https:\/\/twoeco.sk\/hu\/wp-json\/wp\/v2\/pages"}],"about":[{"href":"https:\/\/twoeco.sk\/hu\/wp-json\/wp\/v2\/types\/page"}],"author":[{"embeddable":true,"href":"https:\/\/twoeco.sk\/hu\/wp-json\/wp\/v2\/users\/3"}],"replies":[{"embeddable":true,"href":"https:\/\/twoeco.sk\/hu\/wp-json\/wp\/v2\/comments?post=1492"}],"version-history":[{"count":2,"href":"https:\/\/twoeco.sk\/hu\/wp-json\/wp\/v2\/pages\/1492\/revisions"}],"predecessor-version":[{"id":1619,"href":"https:\/\/twoeco.sk\/hu\/wp-json\/wp\/v2\/pages\/1492\/revisions\/1619"}],"wp:attachment":[{"href":"https:\/\/twoeco.sk\/hu\/wp-json\/wp\/v2\/media?parent=1492"}],"curies":[{"name":"wp","href":"https:\/\/api.w.org\/{rel}","templated":true}]}}