{"id":1589,"date":"2017-02-16T10:11:58","date_gmt":"2017-02-16T09:11:58","guid":{"rendered":"https:\/\/twoeco.sk\/chlor-vo-vode\/"},"modified":"2017-08-24T08:31:57","modified_gmt":"2017-08-24T06:31:57","slug":"chlor-vo-vode","status":"publish","type":"page","link":"https:\/\/twoeco.sk\/hu\/chlor-vo-vode\/","title":{"rendered":"Klo\u0301r a vi\u0301zben"},"content":{"rendered":"<div class=\"wpb-content-wrapper\"><p>[vc_row css=&#8221;.vc_custom_1503556294787{padding-top: 50px !important;}&#8221;][vc_column][vc_row_inner][vc_column_inner][lab_heading title=&#8221;Klo\u0301r a vi\u0301zben&#8221; el_class=&#8221;title centered&#8221;][\/lab_heading][\/vc_column_inner][\/vc_row_inner][vc_row_inner][vc_column_inner width=&#8221;1\/4&#8243;][vc_single_image image=&#8221;892&#8243; img_size=&#8221;full&#8221;][\/vc_column_inner][vc_column_inner width=&#8221;3\/4&#8243;][vc_column_text]<\/p>\n<ul>\n<li><strong>Ke\u0301rde\u0301sei vannak az O\u0308n vi\u0301zella\u0301to\u0301 rendszere\u0301ben jelen le\u0301vo\u030b klo\u0301rral kapcsolatban?<\/strong><\/li>\n<li><strong>Foglalkoztatja O\u0308nt a vi\u0301z i\u0301ze e\u0301s mino\u030bse\u0301ge?<\/strong><\/li>\n<li><strong>U\u0308gyelni ki\u0301va\u0301n a bakte\u0301riumok jelenle\u0301te\u0301re is?<\/strong><\/li>\n<li><strong>Azzal foglalkozik, hogyan kezelje a vizet?<\/strong><\/li>\n<li><strong>Szeretne a leheto\u030b legjobban to\u0308ro\u030bdni saja\u0301t maga\u0301val e\u0301s ha\u0301zi kedvenceivel?<\/strong><\/li>\n<\/ul>\n<p>[\/vc_column_text][vc_column_text]<\/p>\n<div class=\"page\" title=\"Page 5\">\n<div class=\"section\">\n<div class=\"layoutArea\">\n<div class=\"column\">\n<p>Tulajdonke\u0301ppen mie\u0301rt adagolnak klo\u0301rt a vi\u0301zella\u0301to\u0301 rendszerekbe? A klo\u0301r megakada\u0301lyozza a bakte\u0301riumcsi\u0301ra\u0301k szaporoda\u0301sa\u0301t a vi\u0301zvezete\u0301kben. Az e\u0301lelmiszer-tarto\u0301si\u0301to\u0301szereke\u0301hez hasonlo\u0301 hata\u0301sa van, e\u0301s garanta\u0301lja a fogyaszto\u0301knak sza\u0301lli\u0301tott vi\u0301z mino\u030bse\u0301ge\u0301nek mego\u030brze\u0301se\u0301t.<\/p>\n<\/div>\n<\/div>\n<\/div>\n<\/div>\n<div class=\"page\" title=\"Page 5\">\n<div class=\"section\">\n<div class=\"layoutArea\">\n<div class=\"column\">\n<p>A bakte\u0301riumok e\u0301s ma\u0301s szervezetek ko\u0308rnyezetu\u0308nk norma\u0301lis re\u0301szei. Megtala\u0301lhato\u0301ak a vi\u0301zben, de a talajban is, e\u0301s megto\u0308rte\u0301nhet, hogy bejutnak a vi\u0301zella\u0301to\u0301 rendszerbe. A vezete\u0301k belso\u030b fala\u0301n tala\u0301lhato\u0301 szerves jellegu\u030b lerako\u0301da\u0301sok is idea\u0301lis ko\u0308rnyezetet jelentenek a bakte\u0301riumok szaporoda\u0301sa\u0301hoz. A vi\u0301z bakteriolo\u0301giai biztonsa\u0301gossa\u0301ga\u0301nak megtarta\u0301sa e\u0301rdeke\u0301ben az eloszto\u0301 ha\u0301lo\u0301zat ku\u0308lo\u0308nbo\u0308zo\u030b szakaszaiban a\u0301tlagosan 0,1 &#8211; 0,2 milligramm klo\u0301rt adagolnak egy liter vi\u0301zhez. Ez 1 csepp klo\u0301rt jelent 1 000 liter vi\u0301zhez, ami kb. 5 fu\u0308rdo\u030bka\u0301dnyi te\u0301rfogat.<\/p>\n<p>Az ionimax a\u0301ltal kezelt vi\u0301z u\u0301gy va\u0301ltoztatja meg a ko\u0308rnyezetet a vi\u0301zvezete\u0301kben, hogy a bakte\u0301riumok elo\u030bfordula\u0301sa e\u0301s szaporoda\u0301sa me\u0301rheto\u030ben cso\u0308kken. Tesztek bizonyi\u0301totta\u0301k, hogy to\u0308bb, mint ti\u0301zszerese\u0301vel cso\u0308kkent a bakte\u0301riumok elo\u030bfordula\u0301si ara\u0301nya az ionimax- szal kezelt vezete\u0301kbo\u030bl folyo\u0301 meleg vi\u0301zben. Hasonlo\u0301ke\u0301ppen, az ion polariza\u0301cio\u0301nak ko\u0308szo\u0308nheto\u030ben, ve\u0301konyodik a lerako\u0301da\u0301sok re\u0301tege a vezete\u0301k belso\u030b fala\u0301n, teha\u0301t fokozatosan megszu\u030bnik az a ko\u0308rnyezet, amelyben a nem ki\u0301va\u0301natos bakte\u0301riumok tova\u0301bb tudna\u0301nak szaporodni.<\/p>\n<p>Az ionimax ko\u0308vetkezo\u030b elo\u030bnye, hogy segi\u0301ti a klo\u0301r olda\u0301sa\u0301t a vi\u0301zben. Az a\u0301ltalunk haszna\u0301lt klasszikus mo\u0301dszerek, amelyekkel fokozatosan meg szeretne\u0301nk szabadulni a klo\u0301rto\u0301l vagy az a\u0301ltala okozott i\u0301zto\u030bl az, hogy pld. a vizet egyszeru\u030ben a\u0301llni hagyjuk, felforraljuk, megszu\u030brju\u0308k, a hu\u030bto\u030bben lehu\u030btju\u0308k, vagy egy pa\u0301r citromle\u0301 cseppet csepegtetu\u0308nk bele. Az ionimax segi\u0301tse\u0301ge\u0301vel hasonlo\u0301an kedvezo\u030b hata\u0301st tudunk ele\u0301rni a klo\u0301r olda\u0301sa\u0301na\u0301l a vi\u0301zben.<\/p>\n<p>Amennyiben nem tudna\u0301 eldo\u0308nteni, vajon kezelje-e a vizet, e\u0301s hogyan kezelje a vi\u0301zcsapbo\u0301l folyo\u0301 vizet, le\u0301pjen velu\u0308nk kapcsolatba.<\/p>\n<\/div>\n<\/div>\n<\/div>\n<\/div>\n<p>[\/vc_column_text][\/vc_column_inner][\/vc_row_inner][\/vc_column][\/vc_row]<\/p>\n<\/div>","protected":false},"excerpt":{"rendered":"<p>[vc_row css=&#8221;.vc_custom_1503556294787{padding-top: 50px !important;}&#8221;][vc_column][vc_row_inner][vc_column_inner][lab_heading title=&#8221;Klo\u0301r a vi\u0301zben&#8221; el_class=&#8221;title centered&#8221;][\/lab_heading][\/vc_column_inner][\/vc_row_inner][vc_row_inner][vc_column_inner width=&#8221;1\/4&#8243;][vc_single_image image=&#8221;892&#8243; img_size=&#8221;full&#8221;][\/vc_column_inner][vc_column_inner width=&#8221;3\/4&#8243;][vc_column_text] Ke\u0301rde\u0301sei vannak az O\u0308n vi\u0301zella\u0301to\u0301 rendszere\u0301ben jelen le\u0301vo\u030b klo\u0301rral kapcsolatban? Foglalkoztatja O\u0308nt a vi\u0301z i\u0301ze e\u0301s mino\u030bse\u0301ge? U\u0308gyelni ki\u0301va\u0301n a bakte\u0301riumok jelenle\u0301te\u0301re is? Azzal foglalkozik, hogyan kezelje a vizet? Szeretne a leheto\u030b legjobban to\u0308ro\u030bdni saja\u0301t maga\u0301val e\u0301s ha\u0301zi kedvenceivel? [\/vc_column_text][vc_column_text] Tulajdonke\u0301ppen mie\u0301rt&hellip;<\/p>\n","protected":false},"author":3,"featured_media":0,"parent":0,"menu_order":0,"comment_status":"closed","ping_status":"closed","template":"","meta":{"_acf_changed":false,"footnotes":""},"class_list":["post-1589","page","type-page","status-publish","hentry"],"acf":[],"yoast_head":"<!-- This site is optimized with the Yoast SEO plugin v23.6 - https:\/\/yoast.com\/wordpress\/plugins\/seo\/ -->\n<title>Klo\u0301r a vi\u0301zben - Two Eco<\/title>\n<meta name=\"robots\" content=\"index, follow, max-snippet:-1, max-image-preview:large, max-video-preview:-1\" \/>\n<link rel=\"canonical\" href=\"https:\/\/twoeco.sk\/chlor-vo-vode\/\" \/>\n<meta property=\"og:locale\" content=\"hu_HU\" \/>\n<meta property=\"og:type\" content=\"article\" \/>\n<meta property=\"og:title\" content=\"Klo\u0301r a vi\u0301zben - Two Eco\" \/>\n<meta property=\"og:description\" content=\"[vc_row css=&#8221;.vc_custom_1503556294787{padding-top: 50px !important;}&#8221;][vc_column][vc_row_inner][vc_column_inner][lab_heading title=&#8221;Klo\u0301r a vi\u0301zben&#8221; el_class=&#8221;title centered&#8221;][\/lab_heading][\/vc_column_inner][\/vc_row_inner][vc_row_inner][vc_column_inner width=&#8221;1\/4&#8243;][vc_single_image image=&#8221;892&#8243; img_size=&#8221;full&#8221;][\/vc_column_inner][vc_column_inner width=&#8221;3\/4&#8243;][vc_column_text] Ke\u0301rde\u0301sei vannak az O\u0308n vi\u0301zella\u0301to\u0301 rendszere\u0301ben jelen le\u0301vo\u030b klo\u0301rral kapcsolatban? Foglalkoztatja O\u0308nt a vi\u0301z i\u0301ze e\u0301s mino\u030bse\u0301ge? U\u0308gyelni ki\u0301va\u0301n a bakte\u0301riumok jelenle\u0301te\u0301re is? Azzal foglalkozik, hogyan kezelje a vizet? Szeretne a leheto\u030b legjobban to\u0308ro\u030bdni saja\u0301t maga\u0301val e\u0301s ha\u0301zi kedvenceivel? [\/vc_column_text][vc_column_text] Tulajdonke\u0301ppen mie\u0301rt&hellip;\" \/>\n<meta property=\"og:url\" content=\"https:\/\/twoeco.sk\/chlor-vo-vode\/\" \/>\n<meta property=\"og:site_name\" content=\"Two Eco\" \/>\n<meta property=\"article:publisher\" content=\"https:\/\/www.facebook.com\/Ionimax-1357153714295887\/\" \/>\n<meta property=\"article:modified_time\" content=\"2017-08-24T06:31:57+00:00\" \/>\n<meta name=\"twitter:card\" content=\"summary_large_image\" \/>\n<meta name=\"twitter:label1\" content=\"Becs\u00fclt olvas\u00e1si id\u0151\" \/>\n\t<meta name=\"twitter:data1\" content=\"3 perc\" \/>\n<script type=\"application\/ld+json\" class=\"yoast-schema-graph\">{\"@context\":\"https:\/\/schema.org\",\"@graph\":[{\"@type\":\"WebPage\",\"@id\":\"https:\/\/twoeco.sk\/chlor-vo-vode\/\",\"url\":\"https:\/\/twoeco.sk\/chlor-vo-vode\/\",\"name\":\"Klo\u0301r a vi\u0301zben - Two Eco\",\"isPartOf\":{\"@id\":\"https:\/\/twoeco.sk\/#website\"},\"datePublished\":\"2017-02-16T09:11:58+00:00\",\"dateModified\":\"2017-08-24T06:31:57+00:00\",\"breadcrumb\":{\"@id\":\"https:\/\/twoeco.sk\/chlor-vo-vode\/#breadcrumb\"},\"inLanguage\":\"hu\",\"potentialAction\":[{\"@type\":\"ReadAction\",\"target\":[\"https:\/\/twoeco.sk\/chlor-vo-vode\/\"]}]},{\"@type\":\"BreadcrumbList\",\"@id\":\"https:\/\/twoeco.sk\/chlor-vo-vode\/#breadcrumb\",\"itemListElement\":[{\"@type\":\"ListItem\",\"position\":1,\"name\":\"Home\",\"item\":\"https:\/\/twoeco.sk\/\"},{\"@type\":\"ListItem\",\"position\":2,\"name\":\"Klo\u0301r a vi\u0301zben\"}]},{\"@type\":\"WebSite\",\"@id\":\"https:\/\/twoeco.sk\/#website\",\"url\":\"https:\/\/twoeco.sk\/\",\"name\":\"Two Eco\",\"description\":\"Viac ako \u010dist\u00e1 voda\",\"publisher\":{\"@id\":\"https:\/\/twoeco.sk\/#organization\"},\"potentialAction\":[{\"@type\":\"SearchAction\",\"target\":{\"@type\":\"EntryPoint\",\"urlTemplate\":\"https:\/\/twoeco.sk\/?s={search_term_string}\"},\"query-input\":{\"@type\":\"PropertyValueSpecification\",\"valueRequired\":true,\"valueName\":\"search_term_string\"}}],\"inLanguage\":\"hu\"},{\"@type\":\"Organization\",\"@id\":\"https:\/\/twoeco.sk\/#organization\",\"name\":\"Two ECO, s.r.o.\",\"url\":\"https:\/\/twoeco.sk\/\",\"logo\":{\"@type\":\"ImageObject\",\"inLanguage\":\"hu\",\"@id\":\"https:\/\/twoeco.sk\/#\/schema\/logo\/image\/\",\"url\":\"https:\/\/twoeco.sk\/wp-content\/uploads\/2016\/05\/logo-two-eco-farba.png\",\"contentUrl\":\"https:\/\/twoeco.sk\/wp-content\/uploads\/2016\/05\/logo-two-eco-farba.png\",\"width\":318,\"height\":74,\"caption\":\"Two ECO, s.r.o.\"},\"image\":{\"@id\":\"https:\/\/twoeco.sk\/#\/schema\/logo\/image\/\"},\"sameAs\":[\"https:\/\/www.facebook.com\/Ionimax-1357153714295887\/\"]}]}<\/script>\n<!-- \/ Yoast SEO plugin. -->","yoast_head_json":{"title":"Klo\u0301r a vi\u0301zben - Two Eco","robots":{"index":"index","follow":"follow","max-snippet":"max-snippet:-1","max-image-preview":"max-image-preview:large","max-video-preview":"max-video-preview:-1"},"canonical":"https:\/\/twoeco.sk\/chlor-vo-vode\/","og_locale":"hu_HU","og_type":"article","og_title":"Klo\u0301r a vi\u0301zben - Two Eco","og_description":"[vc_row css=&#8221;.vc_custom_1503556294787{padding-top: 50px !important;}&#8221;][vc_column][vc_row_inner][vc_column_inner][lab_heading title=&#8221;Klo\u0301r a vi\u0301zben&#8221; el_class=&#8221;title centered&#8221;][\/lab_heading][\/vc_column_inner][\/vc_row_inner][vc_row_inner][vc_column_inner width=&#8221;1\/4&#8243;][vc_single_image image=&#8221;892&#8243; img_size=&#8221;full&#8221;][\/vc_column_inner][vc_column_inner width=&#8221;3\/4&#8243;][vc_column_text] Ke\u0301rde\u0301sei vannak az O\u0308n vi\u0301zella\u0301to\u0301 rendszere\u0301ben jelen le\u0301vo\u030b klo\u0301rral kapcsolatban? Foglalkoztatja O\u0308nt a vi\u0301z i\u0301ze e\u0301s mino\u030bse\u0301ge? U\u0308gyelni ki\u0301va\u0301n a bakte\u0301riumok jelenle\u0301te\u0301re is? Azzal foglalkozik, hogyan kezelje a vizet? Szeretne a leheto\u030b legjobban to\u0308ro\u030bdni saja\u0301t maga\u0301val e\u0301s ha\u0301zi kedvenceivel? [\/vc_column_text][vc_column_text] Tulajdonke\u0301ppen mie\u0301rt&hellip;","og_url":"https:\/\/twoeco.sk\/chlor-vo-vode\/","og_site_name":"Two Eco","article_publisher":"https:\/\/www.facebook.com\/Ionimax-1357153714295887\/","article_modified_time":"2017-08-24T06:31:57+00:00","twitter_card":"summary_large_image","twitter_misc":{"Becs\u00fclt olvas\u00e1si id\u0151":"3 perc"},"schema":{"@context":"https:\/\/schema.org","@graph":[{"@type":"WebPage","@id":"https:\/\/twoeco.sk\/chlor-vo-vode\/","url":"https:\/\/twoeco.sk\/chlor-vo-vode\/","name":"Klo\u0301r a vi\u0301zben - Two Eco","isPartOf":{"@id":"https:\/\/twoeco.sk\/#website"},"datePublished":"2017-02-16T09:11:58+00:00","dateModified":"2017-08-24T06:31:57+00:00","breadcrumb":{"@id":"https:\/\/twoeco.sk\/chlor-vo-vode\/#breadcrumb"},"inLanguage":"hu","potentialAction":[{"@type":"ReadAction","target":["https:\/\/twoeco.sk\/chlor-vo-vode\/"]}]},{"@type":"BreadcrumbList","@id":"https:\/\/twoeco.sk\/chlor-vo-vode\/#breadcrumb","itemListElement":[{"@type":"ListItem","position":1,"name":"Home","item":"https:\/\/twoeco.sk\/"},{"@type":"ListItem","position":2,"name":"Klo\u0301r a vi\u0301zben"}]},{"@type":"WebSite","@id":"https:\/\/twoeco.sk\/#website","url":"https:\/\/twoeco.sk\/","name":"Two Eco","description":"Viac ako \u010dist\u00e1 voda","publisher":{"@id":"https:\/\/twoeco.sk\/#organization"},"potentialAction":[{"@type":"SearchAction","target":{"@type":"EntryPoint","urlTemplate":"https:\/\/twoeco.sk\/?s={search_term_string}"},"query-input":{"@type":"PropertyValueSpecification","valueRequired":true,"valueName":"search_term_string"}}],"inLanguage":"hu"},{"@type":"Organization","@id":"https:\/\/twoeco.sk\/#organization","name":"Two ECO, s.r.o.","url":"https:\/\/twoeco.sk\/","logo":{"@type":"ImageObject","inLanguage":"hu","@id":"https:\/\/twoeco.sk\/#\/schema\/logo\/image\/","url":"https:\/\/twoeco.sk\/wp-content\/uploads\/2016\/05\/logo-two-eco-farba.png","contentUrl":"https:\/\/twoeco.sk\/wp-content\/uploads\/2016\/05\/logo-two-eco-farba.png","width":318,"height":74,"caption":"Two ECO, s.r.o."},"image":{"@id":"https:\/\/twoeco.sk\/#\/schema\/logo\/image\/"},"sameAs":["https:\/\/www.facebook.com\/Ionimax-1357153714295887\/"]}]}},"_links":{"self":[{"href":"https:\/\/twoeco.sk\/hu\/wp-json\/wp\/v2\/pages\/1589"}],"collection":[{"href":"https:\/\/twoeco.sk\/hu\/wp-json\/wp\/v2\/pages"}],"about":[{"href":"https:\/\/twoeco.sk\/hu\/wp-json\/wp\/v2\/types\/page"}],"author":[{"embeddable":true,"href":"https:\/\/twoeco.sk\/hu\/wp-json\/wp\/v2\/users\/3"}],"replies":[{"embeddable":true,"href":"https:\/\/twoeco.sk\/hu\/wp-json\/wp\/v2\/comments?post=1589"}],"version-history":[{"count":4,"href":"https:\/\/twoeco.sk\/hu\/wp-json\/wp\/v2\/pages\/1589\/revisions"}],"predecessor-version":[{"id":2255,"href":"https:\/\/twoeco.sk\/hu\/wp-json\/wp\/v2\/pages\/1589\/revisions\/2255"}],"wp:attachment":[{"href":"https:\/\/twoeco.sk\/hu\/wp-json\/wp\/v2\/media?parent=1589"}],"curies":[{"name":"wp","href":"https:\/\/api.w.org\/{rel}","templated":true}]}}