{"id":1645,"date":"2017-03-10T09:16:26","date_gmt":"2017-03-10T08:16:26","guid":{"rendered":"https:\/\/twoeco.sk\/zachovane-ziviny-stopove-prvky-a-mineraly\/"},"modified":"2017-08-11T10:38:15","modified_gmt":"2017-08-11T08:38:15","slug":"zachovane-ziviny-stopove-prvky-a-mineraly","status":"publish","type":"page","link":"https:\/\/twoeco.sk\/hu\/zachovane-ziviny-stopove-prvky-a-mineraly\/","title":{"rendered":"Zachovan\u00e9 \u017eiviny, stopov\u00e9 prvky a miner\u00e1ly"},"content":{"rendered":"<div class=\"wpb-content-wrapper\"><p>[vc_row css=&#8221;.vc_custom_1489102263611{padding-top: 50px !important;}&#8221;][vc_column][vc_row_inner][vc_column_inner][lab_heading title=&#8221;Meg\u0151rz\u00f6tt t\u00e1panyagok, nyomelemek \u00e9s \u00e1sv\u00e1nyok&#8221; el_class=&#8221;title centered&#8221;]Csak \u00edzletes vizet fogyasszon, amely a szervezete sz\u00e1m\u00e1ra legfontosabb elemeket tartalmazza<br \/>\n[\/lab_heading][\/vc_column_inner][\/vc_row_inner][vc_row_inner][vc_column_inner width=&#8221;1\/2&#8243;][lab_heading title=&#8221;Meg\u0151rz\u00f6tt t\u00e1panyagok, nyomelemek \u00e9s \u00e1sv\u00e1nyok&#8221;][\/lab_heading][vc_column_text]<\/p>\n<ul>\n<li><strong>\u00c9rdekli \u00d6nt az \u00d6n v\u00edzvezet\u00e9k\u00e9ben \u00e1raml\u00f3 v\u00edz min\u0151s\u00e9ge \u00e9s \u00f6sszet\u00e9tele?\u00a0<\/strong><\/li>\n<li><strong>Nem szeretn\u00e9 szakszer\u0171tlen\u00fcl vagy feleslegesen sz\u0171rni az iv\u00f3vizet?\u00a0<\/strong><\/li>\n<li><strong>\u00d6nmaga, \u00e1llatai \u00e9s n\u00f6v\u00e9nyei min\u0151s\u00e9gi hidrat\u00e1l\u00e1s\u00e1val foglalkozik?<\/strong><\/li>\n<\/ul>\n<p>Val\u00f3sz\u00edn\u0171, hogy egyet fog \u00e9rteni azzal, hogy k\u00f6z\u00fcl\u00fcnk senkinek nem lenne szabad desztill\u00e1lt vizet fogyasztani.<\/p>\n<p><strong>Viszont milyen a helyzet n\u00e1lunk a v\u00edzmin\u0151s\u00e9ggel?<\/strong> T\u00e9nyleg annyira szennyezett \u00e9s m\u00e9rgez\u0151, mint ahogy ez n\u00e9ha hallhat\u00f3? Tudjuk, hogy a k\u00f6rnyezet\u00fcnk v\u00e1ltozik, \u00e9s n\u00e9h\u00e1ny orsz\u00e1gban m\u00e1r a v\u00edzcsapb\u00f3l foly\u00f3 v\u00edzzel val\u00f3 tusol\u00e1s is m\u00e9rgez\u0151 lehet. Teh\u00e1t sz\u00fcks\u00e9gszer\u0171 ennek sz\u0171r\u00e9se?\u00a0Szlov\u00e1ki\u00e1ban az iv\u00f3v\u00edz \u00e1ltal\u00e1ban f\u00f6ldalatti forr\u00e1sokb\u00f3l t\u00f6r a felsz\u00ednre (t\u00f6bb, mint 80%), az iv\u00f3v\u00edz kevesebb, mint 20%-a sz\u00e1rmazik felsz\u00edni forr\u00e1sokb\u00f3l. Param\u00e9terei \u00e9s a min\u0151s\u00e9ge fel\u00e9 t\u00e1masztott ig\u00e9nyek vil\u00e1gosan r\u00f6gz\u00edtve vannak, megfigyel\u00e9s alatt \u00e1llnak, \u00e9s az eredm\u00e9nyek nyilv\u00e1noss\u00e1gra vannak hozva. Hi\u00e1nyoss\u00e1gok, illetve a szabv\u00e1nyok \u00e1ltal meghat\u00e1rozott hat\u00e1r\u00e9rt\u00e9kek t\u00fall\u00e9p\u00e9se csak minim\u00e1lis m\u00e9rt\u00e9kben fordulnak el\u0151. Azt mondhatn\u00e1nk, hogy a v\u00edzszennyez\u00e9s k\u00f6r\u00fcli helyzet Szlov\u00e1ki\u00e1ban jelenleg megnyugtat\u00f3.<\/p>\n<p>Nemzeti szinten a k\u00e9s\u0151bbi el\u0151\u00edr\u00e1sok hangz\u00e1s\u00e1ban \u00e9rv\u00e9nyes, \u00e9s bizonyos t\u00f6rv\u00e9nyek m\u00f3dos\u00edt\u00e1s\u00e1r\u00f3l \u00e9s kieg\u00e9sz\u00edt\u00e9s\u00e9r\u0151l sz\u00f3l\u00f3, a k\u00f6zeg\u00e9szs\u00e9g meg\u00f3v\u00e1s\u00e1r\u00f3l, t\u00e1mogat\u00e1s\u00e1r\u00f3l \u00e9s fejleszt\u00e9s\u00e9r\u0151l sz\u00f3l\u00f3 355\/2007 sz. t\u00f6rv\u00e9ny, illetve a 354\/2006 sz. korm\u00e1nyrendelet szab\u00e1lyozza az iv\u00f3v\u00edz min\u0151s\u00e9ge ir\u00e1nt t\u00e1masztott ig\u00e9nyeket, amely meghat\u00e1rozza az emberi fogyaszt\u00e1sra sz\u00e1nt v\u00edz fel\u00e9 t\u00e1masztott k\u00f6vetelm\u00e9nyeket, ill. az emberi fogyaszt\u00e1sra sz\u00e1nt v\u00edz min\u0151s\u00e9ge ellen\u0151rz\u00e9s\u00e9nek k\u00f6vetelm\u00e9nyeit a 496\/2010 sz. korm\u00e1nyrendelet hangz\u00e1s\u00e1ban. Amennyiben a helyzet m\u00e1s azon a ter\u00fcleten, ahol \u00d6n \u00e9l, az ionimax v\u00edz ioniz\u00e1tor sz\u0171r\u00e9ssel val\u00f3 kombin\u00e1l\u00e1s\u00e1t javasoljuk. A sz\u0171r\u0151 \u00e9s az ionimax elhelyez\u00e9s\u00e9nek \u00fatmutat\u00f3j\u00e1t a csomagol\u00e1sban tal\u00e1lhat\u00f3 t\u00e1j\u00e9koztat\u00f3ban tal\u00e1lja meg.[\/vc_column_text][lab_heading title=&#8221;A v\u00edzben oldott \u00e1sv\u00e1nyianyag-tartalom alapj\u00e1n a v\u00edz lehet:&#8221;][\/lab_heading][vc_column_text]<\/p>\n<ul>\n<li><strong>Desztill\u00e1lt<\/strong> \u2013 \u00e1sv\u00e1nyi anyagokt\u00f3l mentes<\/li>\n<li><strong>L\u00e1gy<\/strong> \u2013 alacsony az \u00e1sv\u00e1nyianyag-tartalma<\/li>\n<li><strong>Kem\u00e9ny<\/strong> \u2013 f\u00f6ldalatti forr\u00e1sokb\u00f3l, magasabb az \u00e1sv\u00e1nyianyag-tartalma<\/li>\n<\/ul>\n<p>[\/vc_column_text][\/vc_column_inner][vc_column_inner width=&#8221;1\/2&#8243; css=&#8221;.vc_custom_1489133636520{margin-top: 24px !important;}&#8221;][vc_column_text]<strong>Az \u00e1sv\u00e1nyi anyagok term\u00e9szetesen az \u00f6sszes \u00e9l\u0151 szervezet sz\u00e1m\u00e1ra fontosak.<\/strong> Az ember eset\u00e9ben nem csak a test \u00e9s annak k\u00fcl\u00f6nb\u00f6z\u0151 sz\u00f6vetei fel\u00e9p\u00edt\u00e9s\u00e9ben vesznek r\u00e9szt \u2013 a szervezetben zajl\u00f3 l\u00e9tfontoss\u00e1g\u00fa anyagcsere-folyamatokban is r\u00e9szt vesznek. Az \u00f6sszes sejt \u00e9s testnedv \u00e1lland\u00f3 \u00e9s sz\u00fcks\u00e9gszer\u0171 r\u00e9szei. K\u00fcl\u00f6nf\u00e9le enzimrendszerek, hormonok, vitaminok, k\u00fcl\u00f6nf\u00e9le funkci\u00f3s molekul\u00e1k \u00f6sszetev\u0151i.<\/p>\n<p><strong>A n\u00f6v\u00e9nyek \u00e1sv\u00e1nyi t\u00e1pl\u00e1l\u00e1sa<\/strong> \u00e1sv\u00e1nyi (szervetlen) anyagok bevitel\u00e9t jelenti. A n\u00f6v\u00e9nyek \u00e1sv\u00e1nyi t\u00e1pl\u00e1l\u00e1s\u00e1nak forr\u00e1sa a talaj (t\u00e1poldat), a v\u00edzin\u00f6v\u00e9nyek eset\u00e9ben ez a v\u00edz. A beviteli szerv a gy\u00f6k\u00e9r. A n\u00f6v\u00e9nyekben tal\u00e1lhat\u00f3 \u00e9s jelenleg ismert elemek k\u00f6z\u00fcl l\u00e9nyeg\u00e9ben majdnem az \u00f6sszes ismert m\u00e1r, viszont nem az \u00f6sszes sz\u00fcks\u00e9gszer\u0171, fontos a n\u00f6v\u00e9ny sz\u00e1m\u00e1ra. A l\u00e9tfontoss\u00e1g\u00fa elemeket <strong>biog\u00e9n elemeknek<\/strong> h\u00edvjuk. Biog\u00e9n elemek n\u00e9lk\u00fcl a n\u00f6v\u00e9ny nem k\u00e9pes rendesen fejl\u0151dni, \u00e9s ezen elemek egyike se v\u00e1lthat\u00f3 ki m\u00e1s elemmel.[\/vc_column_text][vc_single_image image=&#8221;893&#8243; img_size=&#8221;full&#8221; alignment=&#8221;center&#8221;][\/vc_column_inner][\/vc_row_inner][vc_row_inner][vc_column_inner][lab_heading title=&#8221;Ellentmond\u00e1sos k\u00f6vetelm\u00e9nyek a h\u00e1ztart\u00e1sokban haszn\u00e1lt v\u00edz ir\u00e1nt? Kem\u00e9ny kontra l\u00e1gy?&#8221;][\/lab_heading][vc_column_text]<strong>Az <\/strong>emberi <strong>eg\u00e9szs\u00e9g szempontj\u00e1b\u00f3l<\/strong> term\u00e9szetesen fontos a <strong>magasabb \u00e1sv\u00e1nyianyag-tartalm\u00fa, teh\u00e1t a kem\u00e9ny v\u00edz fogyaszt\u00e1sa.<\/strong> Viszont azt szeretn\u00e9nk, ha az a v\u00edz, amelyet <strong>mos\u00e1sra, tiszt\u00edt\u00e1sra<\/strong>, stb. haszn\u00e1lunk a h\u00e1ztart\u00e1sban, <strong>\u00e9pp ford\u00edtva, l\u00e1gyabb lenne.<\/strong> Hogyan elegy\u00edts\u00fck ezt a k\u00e9t k\u00fcl\u00f6nb\u00f6z\u0151 k\u00f6vetelm\u00e9nyt?<\/p>\n<p><strong>Ide\u00e1lis megold\u00e1s az ionimax v\u00edz ioniz\u00e1tor haszn\u00e1lata, amely nem v\u00e1ltoztatja meg a v\u00edz k\u00e9miai szerkezet\u00e9t a v\u00edzvezet\u00e9kben, hanem a fizikai szerkezet\u00e9t v\u00e1ltoztatja meg. Teh\u00e1t l\u00e1gy v\u00edz tulajdons\u00e1gaival b\u00edr\u00f3 kem\u00e9ny vizet kapunk. <\/strong>A v\u00edz meg\u0151rzi az \u00e1sv\u00e1nyokat \u00e9s t\u00e1panyagokat, s\u0151t, ioniz\u00e1ltakk\u00e1 v\u00e1lnak a jobb old\u00f3d\u00e1s \u00e9rdek\u00e9ben, viszont egyben <strong>nem k\u00e9pesek szil\u00e1rd krist\u00e1lyos k\u00f6t\u00e9seket alkotni a v\u00edzvezet\u00e9kben, h\u00e1ztart\u00e1si eszk\u00f6z\u00f6kben, l\u00e9gkondicion\u00e1l\u00e1sban, szennyesben \u00e9s mindenhol, ahol azel\u0151tt gondot okoztak. <\/strong>Egyben az ionimax nem foglal helyet, nem zavar\u00f3 az otthona kivitelez\u00e9se szempontj\u00e1b\u00f3l sem.[\/vc_column_text][\/vc_column_inner][\/vc_row_inner][\/vc_column][\/vc_row]<\/p>\n<\/div>","protected":false},"excerpt":{"rendered":"<p>[vc_row css=&#8221;.vc_custom_1489102263611{padding-top: 50px !important;}&#8221;][vc_column][vc_row_inner][vc_column_inner][lab_heading title=&#8221;Meg\u0151rz\u00f6tt t\u00e1panyagok, nyomelemek \u00e9s \u00e1sv\u00e1nyok&#8221; el_class=&#8221;title centered&#8221;]Csak \u00edzletes vizet fogyasszon, amely a szervezete sz\u00e1m\u00e1ra legfontosabb elemeket tartalmazza [\/lab_heading][\/vc_column_inner][\/vc_row_inner][vc_row_inner][vc_column_inner width=&#8221;1\/2&#8243;][lab_heading title=&#8221;Meg\u0151rz\u00f6tt t\u00e1panyagok, nyomelemek \u00e9s \u00e1sv\u00e1nyok&#8221;][\/lab_heading][vc_column_text] \u00c9rdekli \u00d6nt az \u00d6n v\u00edzvezet\u00e9k\u00e9ben \u00e1raml\u00f3 v\u00edz min\u0151s\u00e9ge \u00e9s \u00f6sszet\u00e9tele?\u00a0 Nem szeretn\u00e9 szakszer\u0171tlen\u00fcl vagy feleslegesen sz\u0171rni az iv\u00f3vizet?\u00a0 \u00d6nmaga, \u00e1llatai \u00e9s n\u00f6v\u00e9nyei min\u0151s\u00e9gi hidrat\u00e1l\u00e1s\u00e1val foglalkozik? Val\u00f3sz\u00edn\u0171, hogy&hellip;<\/p>\n","protected":false},"author":3,"featured_media":0,"parent":0,"menu_order":0,"comment_status":"closed","ping_status":"closed","template":"","meta":{"_acf_changed":false,"footnotes":""},"class_list":["post-1645","page","type-page","status-publish","hentry"],"acf":[],"yoast_head":"<!-- This site is optimized with the Yoast SEO plugin v23.6 - https:\/\/yoast.com\/wordpress\/plugins\/seo\/ -->\n<title>Zachovan\u00e9 \u017eiviny, stopov\u00e9 prvky a miner\u00e1ly - Two Eco<\/title>\n<meta name=\"robots\" content=\"index, follow, max-snippet:-1, max-image-preview:large, max-video-preview:-1\" \/>\n<link rel=\"canonical\" href=\"https:\/\/twoeco.sk\/zachovane-ziviny-stopove-prvky-a-mineraly\/\" \/>\n<meta property=\"og:locale\" content=\"hu_HU\" \/>\n<meta property=\"og:type\" content=\"article\" \/>\n<meta property=\"og:title\" content=\"Zachovan\u00e9 \u017eiviny, stopov\u00e9 prvky a miner\u00e1ly - Two Eco\" \/>\n<meta property=\"og:description\" content=\"[vc_row css=&#8221;.vc_custom_1489102263611{padding-top: 50px !important;}&#8221;][vc_column][vc_row_inner][vc_column_inner][lab_heading title=&#8221;Meg\u0151rz\u00f6tt t\u00e1panyagok, nyomelemek \u00e9s \u00e1sv\u00e1nyok&#8221; el_class=&#8221;title centered&#8221;]Csak \u00edzletes vizet fogyasszon, amely a szervezete sz\u00e1m\u00e1ra legfontosabb elemeket tartalmazza [\/lab_heading][\/vc_column_inner][\/vc_row_inner][vc_row_inner][vc_column_inner width=&#8221;1\/2&#8243;][lab_heading title=&#8221;Meg\u0151rz\u00f6tt t\u00e1panyagok, nyomelemek \u00e9s \u00e1sv\u00e1nyok&#8221;][\/lab_heading][vc_column_text] \u00c9rdekli \u00d6nt az \u00d6n v\u00edzvezet\u00e9k\u00e9ben \u00e1raml\u00f3 v\u00edz min\u0151s\u00e9ge \u00e9s \u00f6sszet\u00e9tele?\u00a0 Nem szeretn\u00e9 szakszer\u0171tlen\u00fcl vagy feleslegesen sz\u0171rni az iv\u00f3vizet?\u00a0 \u00d6nmaga, \u00e1llatai \u00e9s n\u00f6v\u00e9nyei min\u0151s\u00e9gi hidrat\u00e1l\u00e1s\u00e1val foglalkozik? Val\u00f3sz\u00edn\u0171, hogy&hellip;\" \/>\n<meta property=\"og:url\" content=\"https:\/\/twoeco.sk\/zachovane-ziviny-stopove-prvky-a-mineraly\/\" \/>\n<meta property=\"og:site_name\" content=\"Two Eco\" \/>\n<meta property=\"article:publisher\" content=\"https:\/\/www.facebook.com\/Ionimax-1357153714295887\/\" \/>\n<meta property=\"article:modified_time\" content=\"2017-08-11T08:38:15+00:00\" \/>\n<meta name=\"twitter:card\" content=\"summary_large_image\" \/>\n<meta name=\"twitter:label1\" content=\"Becs\u00fclt olvas\u00e1si id\u0151\" \/>\n\t<meta name=\"twitter:data1\" content=\"5 perc\" \/>\n<script type=\"application\/ld+json\" class=\"yoast-schema-graph\">{\"@context\":\"https:\/\/schema.org\",\"@graph\":[{\"@type\":\"WebPage\",\"@id\":\"https:\/\/twoeco.sk\/zachovane-ziviny-stopove-prvky-a-mineraly\/\",\"url\":\"https:\/\/twoeco.sk\/zachovane-ziviny-stopove-prvky-a-mineraly\/\",\"name\":\"Zachovan\u00e9 \u017eiviny, stopov\u00e9 prvky a miner\u00e1ly - Two Eco\",\"isPartOf\":{\"@id\":\"https:\/\/twoeco.sk\/#website\"},\"datePublished\":\"2017-03-10T08:16:26+00:00\",\"dateModified\":\"2017-08-11T08:38:15+00:00\",\"breadcrumb\":{\"@id\":\"https:\/\/twoeco.sk\/zachovane-ziviny-stopove-prvky-a-mineraly\/#breadcrumb\"},\"inLanguage\":\"hu\",\"potentialAction\":[{\"@type\":\"ReadAction\",\"target\":[\"https:\/\/twoeco.sk\/zachovane-ziviny-stopove-prvky-a-mineraly\/\"]}]},{\"@type\":\"BreadcrumbList\",\"@id\":\"https:\/\/twoeco.sk\/zachovane-ziviny-stopove-prvky-a-mineraly\/#breadcrumb\",\"itemListElement\":[{\"@type\":\"ListItem\",\"position\":1,\"name\":\"Home\",\"item\":\"https:\/\/twoeco.sk\/\"},{\"@type\":\"ListItem\",\"position\":2,\"name\":\"Zachovan\u00e9 \u017eiviny, stopov\u00e9 prvky a miner\u00e1ly\"}]},{\"@type\":\"WebSite\",\"@id\":\"https:\/\/twoeco.sk\/#website\",\"url\":\"https:\/\/twoeco.sk\/\",\"name\":\"Two Eco\",\"description\":\"Viac ako \u010dist\u00e1 voda\",\"publisher\":{\"@id\":\"https:\/\/twoeco.sk\/#organization\"},\"potentialAction\":[{\"@type\":\"SearchAction\",\"target\":{\"@type\":\"EntryPoint\",\"urlTemplate\":\"https:\/\/twoeco.sk\/?s={search_term_string}\"},\"query-input\":{\"@type\":\"PropertyValueSpecification\",\"valueRequired\":true,\"valueName\":\"search_term_string\"}}],\"inLanguage\":\"hu\"},{\"@type\":\"Organization\",\"@id\":\"https:\/\/twoeco.sk\/#organization\",\"name\":\"Two ECO, s.r.o.\",\"url\":\"https:\/\/twoeco.sk\/\",\"logo\":{\"@type\":\"ImageObject\",\"inLanguage\":\"hu\",\"@id\":\"https:\/\/twoeco.sk\/#\/schema\/logo\/image\/\",\"url\":\"https:\/\/twoeco.sk\/wp-content\/uploads\/2016\/05\/logo-two-eco-farba.png\",\"contentUrl\":\"https:\/\/twoeco.sk\/wp-content\/uploads\/2016\/05\/logo-two-eco-farba.png\",\"width\":318,\"height\":74,\"caption\":\"Two ECO, s.r.o.\"},\"image\":{\"@id\":\"https:\/\/twoeco.sk\/#\/schema\/logo\/image\/\"},\"sameAs\":[\"https:\/\/www.facebook.com\/Ionimax-1357153714295887\/\"]}]}<\/script>\n<!-- \/ Yoast SEO plugin. -->","yoast_head_json":{"title":"Zachovan\u00e9 \u017eiviny, stopov\u00e9 prvky a miner\u00e1ly - Two Eco","robots":{"index":"index","follow":"follow","max-snippet":"max-snippet:-1","max-image-preview":"max-image-preview:large","max-video-preview":"max-video-preview:-1"},"canonical":"https:\/\/twoeco.sk\/zachovane-ziviny-stopove-prvky-a-mineraly\/","og_locale":"hu_HU","og_type":"article","og_title":"Zachovan\u00e9 \u017eiviny, stopov\u00e9 prvky a miner\u00e1ly - Two Eco","og_description":"[vc_row css=&#8221;.vc_custom_1489102263611{padding-top: 50px !important;}&#8221;][vc_column][vc_row_inner][vc_column_inner][lab_heading title=&#8221;Meg\u0151rz\u00f6tt t\u00e1panyagok, nyomelemek \u00e9s \u00e1sv\u00e1nyok&#8221; el_class=&#8221;title centered&#8221;]Csak \u00edzletes vizet fogyasszon, amely a szervezete sz\u00e1m\u00e1ra legfontosabb elemeket tartalmazza [\/lab_heading][\/vc_column_inner][\/vc_row_inner][vc_row_inner][vc_column_inner width=&#8221;1\/2&#8243;][lab_heading title=&#8221;Meg\u0151rz\u00f6tt t\u00e1panyagok, nyomelemek \u00e9s \u00e1sv\u00e1nyok&#8221;][\/lab_heading][vc_column_text] \u00c9rdekli \u00d6nt az \u00d6n v\u00edzvezet\u00e9k\u00e9ben \u00e1raml\u00f3 v\u00edz min\u0151s\u00e9ge \u00e9s \u00f6sszet\u00e9tele?\u00a0 Nem szeretn\u00e9 szakszer\u0171tlen\u00fcl vagy feleslegesen sz\u0171rni az iv\u00f3vizet?\u00a0 \u00d6nmaga, \u00e1llatai \u00e9s n\u00f6v\u00e9nyei min\u0151s\u00e9gi hidrat\u00e1l\u00e1s\u00e1val foglalkozik? Val\u00f3sz\u00edn\u0171, hogy&hellip;","og_url":"https:\/\/twoeco.sk\/zachovane-ziviny-stopove-prvky-a-mineraly\/","og_site_name":"Two Eco","article_publisher":"https:\/\/www.facebook.com\/Ionimax-1357153714295887\/","article_modified_time":"2017-08-11T08:38:15+00:00","twitter_card":"summary_large_image","twitter_misc":{"Becs\u00fclt olvas\u00e1si id\u0151":"5 perc"},"schema":{"@context":"https:\/\/schema.org","@graph":[{"@type":"WebPage","@id":"https:\/\/twoeco.sk\/zachovane-ziviny-stopove-prvky-a-mineraly\/","url":"https:\/\/twoeco.sk\/zachovane-ziviny-stopove-prvky-a-mineraly\/","name":"Zachovan\u00e9 \u017eiviny, stopov\u00e9 prvky a miner\u00e1ly - Two Eco","isPartOf":{"@id":"https:\/\/twoeco.sk\/#website"},"datePublished":"2017-03-10T08:16:26+00:00","dateModified":"2017-08-11T08:38:15+00:00","breadcrumb":{"@id":"https:\/\/twoeco.sk\/zachovane-ziviny-stopove-prvky-a-mineraly\/#breadcrumb"},"inLanguage":"hu","potentialAction":[{"@type":"ReadAction","target":["https:\/\/twoeco.sk\/zachovane-ziviny-stopove-prvky-a-mineraly\/"]}]},{"@type":"BreadcrumbList","@id":"https:\/\/twoeco.sk\/zachovane-ziviny-stopove-prvky-a-mineraly\/#breadcrumb","itemListElement":[{"@type":"ListItem","position":1,"name":"Home","item":"https:\/\/twoeco.sk\/"},{"@type":"ListItem","position":2,"name":"Zachovan\u00e9 \u017eiviny, stopov\u00e9 prvky a miner\u00e1ly"}]},{"@type":"WebSite","@id":"https:\/\/twoeco.sk\/#website","url":"https:\/\/twoeco.sk\/","name":"Two Eco","description":"Viac ako \u010dist\u00e1 voda","publisher":{"@id":"https:\/\/twoeco.sk\/#organization"},"potentialAction":[{"@type":"SearchAction","target":{"@type":"EntryPoint","urlTemplate":"https:\/\/twoeco.sk\/?s={search_term_string}"},"query-input":{"@type":"PropertyValueSpecification","valueRequired":true,"valueName":"search_term_string"}}],"inLanguage":"hu"},{"@type":"Organization","@id":"https:\/\/twoeco.sk\/#organization","name":"Two ECO, s.r.o.","url":"https:\/\/twoeco.sk\/","logo":{"@type":"ImageObject","inLanguage":"hu","@id":"https:\/\/twoeco.sk\/#\/schema\/logo\/image\/","url":"https:\/\/twoeco.sk\/wp-content\/uploads\/2016\/05\/logo-two-eco-farba.png","contentUrl":"https:\/\/twoeco.sk\/wp-content\/uploads\/2016\/05\/logo-two-eco-farba.png","width":318,"height":74,"caption":"Two ECO, s.r.o."},"image":{"@id":"https:\/\/twoeco.sk\/#\/schema\/logo\/image\/"},"sameAs":["https:\/\/www.facebook.com\/Ionimax-1357153714295887\/"]}]}},"_links":{"self":[{"href":"https:\/\/twoeco.sk\/hu\/wp-json\/wp\/v2\/pages\/1645"}],"collection":[{"href":"https:\/\/twoeco.sk\/hu\/wp-json\/wp\/v2\/pages"}],"about":[{"href":"https:\/\/twoeco.sk\/hu\/wp-json\/wp\/v2\/types\/page"}],"author":[{"embeddable":true,"href":"https:\/\/twoeco.sk\/hu\/wp-json\/wp\/v2\/users\/3"}],"replies":[{"embeddable":true,"href":"https:\/\/twoeco.sk\/hu\/wp-json\/wp\/v2\/comments?post=1645"}],"version-history":[{"count":4,"href":"https:\/\/twoeco.sk\/hu\/wp-json\/wp\/v2\/pages\/1645\/revisions"}],"predecessor-version":[{"id":2187,"href":"https:\/\/twoeco.sk\/hu\/wp-json\/wp\/v2\/pages\/1645\/revisions\/2187"}],"wp:attachment":[{"href":"https:\/\/twoeco.sk\/hu\/wp-json\/wp\/v2\/media?parent=1645"}],"curies":[{"name":"wp","href":"https:\/\/api.w.org\/{rel}","templated":true}]}}