{"id":1656,"date":"2017-03-23T08:52:56","date_gmt":"2017-03-23T07:52:56","guid":{"rendered":"https:\/\/twoeco.sk\/jednoduchsia-udrzba-bez-zbytocnej-chemie\/"},"modified":"2017-08-10T15:02:07","modified_gmt":"2017-08-10T13:02:07","slug":"jednoduchsia-udrzba-bez-zbytocnej-chemie","status":"publish","type":"page","link":"https:\/\/twoeco.sk\/hu\/jednoduchsia-udrzba-bez-zbytocnej-chemie\/","title":{"rendered":"Jednoduch\u0161ia \u00fadr\u017eba bez zbyto\u010dnej ch\u00e9mie"},"content":{"rendered":"<div class=\"wpb-content-wrapper\"><p>[vc_row css=&#8221;.vc_custom_1489102263611{padding-top: 50px !important;}&#8221;][vc_column][vc_row_inner][vc_column_inner][lab_heading title=&#8221;Egyszer\u0171bb karbantart\u00e1s felesleges vegyszerek haszn\u00e1lata n\u00e9lk\u00fcl&#8221; el_class=&#8221;title centered&#8221;]Nincs t\u00f6bb\u00e9 v\u00edzk\u0151, csak hat\u00e9konyabb \u00fczemel\u00e9s, kevesebb vegyszer \u00e9s kevesebb allergia<br \/>\n[\/lab_heading][\/vc_column_inner][\/vc_row_inner][vc_row_inner][vc_column_inner][lab_heading title=&#8221;Egyszer\u0171bb karbantart\u00e1s felesleges vegyszerek haszn\u00e1lata n\u00e9lk\u00fcl&#8221;][\/lab_heading][vc_column_text]<\/p>\n<ul>\n<li><strong>Medenc\u00e9je, kerti tava vagy sz\u00f6k\u0151k\u00fatja van?<\/strong><\/li>\n<li><strong>Kevesebb vegyszert szeretne haszn\u00e1lni az ezekkel val\u00f3 gondoskod\u00e1sn\u00e1l?<\/strong><\/li>\n<li><strong>Gondot okoz a vezet\u00e9kekben, a l\u00e9pcs\u0151k\u00f6n, a ny\u00edl\u00e1sokban vagy a medence alj\u00e1n<\/strong><strong>\u00a0lerak\u00f3dott v\u00edzk\u0151?<\/strong><\/li>\n<\/ul>\n<p>Az otthoni medence vagy a kerti t\u00f3 mellett elt\u00f6lt\u00f6tt kellemes pillanatok szinte p\u00f3tolhatatlanok. Ki ne v\u00e1gyna ilyenekre? Viszont az ezekkel val\u00f3 t\u00f6r\u0151d\u00e9s el\u00e9g sok er\u0151fesz\u00edt\u00e9st \u00e9s f\u00e1rads\u00e1got ig\u00e9nyel a tulajdonosok r\u00e9sz\u00e9r\u0151l.<\/p>\n<p>A v\u00edz felsz\u00edn\u00e9n lebeg\u0151 szennyez\u0151d\u00e9sek, de a kialakul\u00f3 v\u00edzk\u0151, ill. az alg\u00e1sod\u00e1st \u00e9s zavaros vizet okoz\u00f3 sz\u00e1ll\u00f3 porszemcs\u00e9k \u00e9s rovarok elt\u00e1vol\u00edt\u00e1sa nem tartozik a medence tulajdonosok kedvenc id\u0151t\u00f6lt\u00e9s\u00e9hez.<\/p>\n<p>Ebben az esetben a seg\u00edt\u0151je \u00e9s egyben kiv\u00e1l\u00f3 megel\u0151z\u00e9s az ionimax, amelyet egyszer\u0171en a felv\u00edzvezet\u00e9kbe szereltethet, ez\u00e1ltal biztos\u00edtva a v\u00edzk\u0151k\u00e9pz\u0151d\u00e9s meg\u00e1ll\u00edt\u00e1s\u00e1t az eg\u00e9sz eloszt\u00f3 h\u00e1l\u00f3zat\u00e1ban, ill. m\u00e9g a r\u00e9gi lerak\u00f3d\u00e1sok fokozatos lebont\u00e1s\u00e1t is.<\/p>\n<p>Az ionimax \u00e1ltal kezelt v\u00edz, teh\u00e1t az ioniz\u00e1lt v\u00edz nem engedi meg, hogy a kalcium \u00e9s egy\u00e9b \u00e1sv\u00e1nyok szil\u00e1rd krist\u00e1lyos k\u00f6t\u00e9seket alkossanak, nem engedi meg, hogy lerak\u00f3djanak, egyszer\u0171en lebonthat\u00f3k, gyakran szinte b\u00e1rmilyen vegyszer haszn\u00e1lata n\u00e9lk\u00fcl. Mindehhez mind\u00f6ssze egy k\u00f6z\u00f6ns\u00e9ges t\u00f6rl\u0151kend\u0151re van sz\u00fcks\u00e9ge. \u00cdgy cs\u00f6kken a nem k\u00edv\u00e1natos bakt\u00e9riumok szaporod\u00e1s\u00e1nak lehet\u0151s\u00e9ge is a vezet\u00e9k ezen r\u00e9tegeiben. Az ionimax t\u00f6bb, mint t\u00edzszeres\u00e9vel cs\u00f6kkenti ezek el\u0151fordul\u00e1s\u00e1t p\u00e9ld\u00e1ul a meleg v\u00edzben. Az ionimax \u00e9s az ioniz\u00e1lt v\u00edz a kl\u00f3r old\u00f3d\u00e1s\u00e1ra is hat, jobb az ill\u00e9konys\u00e1ga.<\/p>\n<p>Meghosszabb\u00edthatja berendez\u00e9sei \u00e9lettartam\u00e1t, ezek kev\u00e9sb\u00e9 ig\u00e9nyes karbantart\u00e1s\u00e1val \u00e9s ezekkel val\u00f3 gondoskod\u00e1ssal aj\u00e1nd\u00e9kozhassa meg saj\u00e1t mag\u00e1t, \u00e9s elker\u00fclheti bizonyos vegyi anyagok, l\u00e1gy\u00edt\u00f3k haszn\u00e1lat\u00e1t, valamint az ezekre feleslegesen kialakul\u00f3 allergi\u00e1k el\u0151fordul\u00e1s\u00e1t. <strong>Az ionimax az \u00f6sszes beszerelt medence ide\u00e1lis kieg\u00e9sz\u00edt\u0151je,<\/strong> egyszer\u0171bb\u00e9 \u00e9s hat\u00e9konyabb\u00e1 teszi ezek \u00fczemeltet\u00e9s\u00e9t.\u00a0A berendez\u00e9s nem foglal helyet, nem hat zavar\u00f3an az otthona kivitelez\u00e9s\u00e9re sem.[\/vc_column_text][\/vc_column_inner][\/vc_row_inner][\/vc_column][\/vc_row]<\/p>\n<\/div>","protected":false},"excerpt":{"rendered":"<p>[vc_row css=&#8221;.vc_custom_1489102263611{padding-top: 50px !important;}&#8221;][vc_column][vc_row_inner][vc_column_inner][lab_heading title=&#8221;Egyszer\u0171bb karbantart\u00e1s felesleges vegyszerek haszn\u00e1lata n\u00e9lk\u00fcl&#8221; el_class=&#8221;title centered&#8221;]Nincs t\u00f6bb\u00e9 v\u00edzk\u0151, csak hat\u00e9konyabb \u00fczemel\u00e9s, kevesebb vegyszer \u00e9s kevesebb allergia [\/lab_heading][\/vc_column_inner][\/vc_row_inner][vc_row_inner][vc_column_inner][lab_heading title=&#8221;Egyszer\u0171bb karbantart\u00e1s felesleges vegyszerek haszn\u00e1lata n\u00e9lk\u00fcl&#8221;][\/lab_heading][vc_column_text] Medenc\u00e9je, kerti tava vagy sz\u00f6k\u0151k\u00fatja van? Kevesebb vegyszert szeretne haszn\u00e1lni az ezekkel val\u00f3 gondoskod\u00e1sn\u00e1l? Gondot okoz a vezet\u00e9kekben, a l\u00e9pcs\u0151k\u00f6n, a ny\u00edl\u00e1sokban vagy a medence alj\u00e1n\u00a0lerak\u00f3dott&hellip;<\/p>\n","protected":false},"author":3,"featured_media":0,"parent":0,"menu_order":0,"comment_status":"closed","ping_status":"closed","template":"","meta":{"_acf_changed":false,"footnotes":""},"class_list":["post-1656","page","type-page","status-publish","hentry"],"acf":[],"yoast_head":"<!-- This site is optimized with the Yoast SEO plugin v23.6 - https:\/\/yoast.com\/wordpress\/plugins\/seo\/ -->\n<title>Jednoduch\u0161ia \u00fadr\u017eba bez zbyto\u010dnej ch\u00e9mie - Two Eco<\/title>\n<meta name=\"robots\" content=\"index, follow, max-snippet:-1, max-image-preview:large, max-video-preview:-1\" \/>\n<link rel=\"canonical\" href=\"https:\/\/twoeco.sk\/jednoduchsia-udrzba-bez-zbytocnej-chemie\/\" \/>\n<meta property=\"og:locale\" content=\"hu_HU\" \/>\n<meta property=\"og:type\" content=\"article\" \/>\n<meta property=\"og:title\" content=\"Jednoduch\u0161ia \u00fadr\u017eba bez zbyto\u010dnej ch\u00e9mie - Two Eco\" \/>\n<meta property=\"og:description\" content=\"[vc_row css=&#8221;.vc_custom_1489102263611{padding-top: 50px !important;}&#8221;][vc_column][vc_row_inner][vc_column_inner][lab_heading title=&#8221;Egyszer\u0171bb karbantart\u00e1s felesleges vegyszerek haszn\u00e1lata n\u00e9lk\u00fcl&#8221; el_class=&#8221;title centered&#8221;]Nincs t\u00f6bb\u00e9 v\u00edzk\u0151, csak hat\u00e9konyabb \u00fczemel\u00e9s, kevesebb vegyszer \u00e9s kevesebb allergia [\/lab_heading][\/vc_column_inner][\/vc_row_inner][vc_row_inner][vc_column_inner][lab_heading title=&#8221;Egyszer\u0171bb karbantart\u00e1s felesleges vegyszerek haszn\u00e1lata n\u00e9lk\u00fcl&#8221;][\/lab_heading][vc_column_text] Medenc\u00e9je, kerti tava vagy sz\u00f6k\u0151k\u00fatja van? Kevesebb vegyszert szeretne haszn\u00e1lni az ezekkel val\u00f3 gondoskod\u00e1sn\u00e1l? Gondot okoz a vezet\u00e9kekben, a l\u00e9pcs\u0151k\u00f6n, a ny\u00edl\u00e1sokban vagy a medence alj\u00e1n\u00a0lerak\u00f3dott&hellip;\" \/>\n<meta property=\"og:url\" content=\"https:\/\/twoeco.sk\/jednoduchsia-udrzba-bez-zbytocnej-chemie\/\" \/>\n<meta property=\"og:site_name\" content=\"Two Eco\" \/>\n<meta property=\"article:publisher\" content=\"https:\/\/www.facebook.com\/Ionimax-1357153714295887\/\" \/>\n<meta property=\"article:modified_time\" content=\"2017-08-10T13:02:07+00:00\" \/>\n<meta name=\"twitter:card\" content=\"summary_large_image\" \/>\n<meta name=\"twitter:label1\" content=\"Becs\u00fclt olvas\u00e1si id\u0151\" \/>\n\t<meta name=\"twitter:data1\" content=\"3 perc\" \/>\n<script type=\"application\/ld+json\" class=\"yoast-schema-graph\">{\"@context\":\"https:\/\/schema.org\",\"@graph\":[{\"@type\":\"WebPage\",\"@id\":\"https:\/\/twoeco.sk\/jednoduchsia-udrzba-bez-zbytocnej-chemie\/\",\"url\":\"https:\/\/twoeco.sk\/jednoduchsia-udrzba-bez-zbytocnej-chemie\/\",\"name\":\"Jednoduch\u0161ia \u00fadr\u017eba bez zbyto\u010dnej ch\u00e9mie - Two Eco\",\"isPartOf\":{\"@id\":\"https:\/\/twoeco.sk\/#website\"},\"datePublished\":\"2017-03-23T07:52:56+00:00\",\"dateModified\":\"2017-08-10T13:02:07+00:00\",\"breadcrumb\":{\"@id\":\"https:\/\/twoeco.sk\/jednoduchsia-udrzba-bez-zbytocnej-chemie\/#breadcrumb\"},\"inLanguage\":\"hu\",\"potentialAction\":[{\"@type\":\"ReadAction\",\"target\":[\"https:\/\/twoeco.sk\/jednoduchsia-udrzba-bez-zbytocnej-chemie\/\"]}]},{\"@type\":\"BreadcrumbList\",\"@id\":\"https:\/\/twoeco.sk\/jednoduchsia-udrzba-bez-zbytocnej-chemie\/#breadcrumb\",\"itemListElement\":[{\"@type\":\"ListItem\",\"position\":1,\"name\":\"Home\",\"item\":\"https:\/\/twoeco.sk\/\"},{\"@type\":\"ListItem\",\"position\":2,\"name\":\"Jednoduch\u0161ia \u00fadr\u017eba bez zbyto\u010dnej ch\u00e9mie\"}]},{\"@type\":\"WebSite\",\"@id\":\"https:\/\/twoeco.sk\/#website\",\"url\":\"https:\/\/twoeco.sk\/\",\"name\":\"Two Eco\",\"description\":\"Viac ako \u010dist\u00e1 voda\",\"publisher\":{\"@id\":\"https:\/\/twoeco.sk\/#organization\"},\"potentialAction\":[{\"@type\":\"SearchAction\",\"target\":{\"@type\":\"EntryPoint\",\"urlTemplate\":\"https:\/\/twoeco.sk\/?s={search_term_string}\"},\"query-input\":{\"@type\":\"PropertyValueSpecification\",\"valueRequired\":true,\"valueName\":\"search_term_string\"}}],\"inLanguage\":\"hu\"},{\"@type\":\"Organization\",\"@id\":\"https:\/\/twoeco.sk\/#organization\",\"name\":\"Two ECO, s.r.o.\",\"url\":\"https:\/\/twoeco.sk\/\",\"logo\":{\"@type\":\"ImageObject\",\"inLanguage\":\"hu\",\"@id\":\"https:\/\/twoeco.sk\/#\/schema\/logo\/image\/\",\"url\":\"https:\/\/twoeco.sk\/wp-content\/uploads\/2016\/05\/logo-two-eco-farba.png\",\"contentUrl\":\"https:\/\/twoeco.sk\/wp-content\/uploads\/2016\/05\/logo-two-eco-farba.png\",\"width\":318,\"height\":74,\"caption\":\"Two ECO, s.r.o.\"},\"image\":{\"@id\":\"https:\/\/twoeco.sk\/#\/schema\/logo\/image\/\"},\"sameAs\":[\"https:\/\/www.facebook.com\/Ionimax-1357153714295887\/\"]}]}<\/script>\n<!-- \/ Yoast SEO plugin. -->","yoast_head_json":{"title":"Jednoduch\u0161ia \u00fadr\u017eba bez zbyto\u010dnej ch\u00e9mie - Two Eco","robots":{"index":"index","follow":"follow","max-snippet":"max-snippet:-1","max-image-preview":"max-image-preview:large","max-video-preview":"max-video-preview:-1"},"canonical":"https:\/\/twoeco.sk\/jednoduchsia-udrzba-bez-zbytocnej-chemie\/","og_locale":"hu_HU","og_type":"article","og_title":"Jednoduch\u0161ia \u00fadr\u017eba bez zbyto\u010dnej ch\u00e9mie - Two Eco","og_description":"[vc_row css=&#8221;.vc_custom_1489102263611{padding-top: 50px !important;}&#8221;][vc_column][vc_row_inner][vc_column_inner][lab_heading title=&#8221;Egyszer\u0171bb karbantart\u00e1s felesleges vegyszerek haszn\u00e1lata n\u00e9lk\u00fcl&#8221; el_class=&#8221;title centered&#8221;]Nincs t\u00f6bb\u00e9 v\u00edzk\u0151, csak hat\u00e9konyabb \u00fczemel\u00e9s, kevesebb vegyszer \u00e9s kevesebb allergia [\/lab_heading][\/vc_column_inner][\/vc_row_inner][vc_row_inner][vc_column_inner][lab_heading title=&#8221;Egyszer\u0171bb karbantart\u00e1s felesleges vegyszerek haszn\u00e1lata n\u00e9lk\u00fcl&#8221;][\/lab_heading][vc_column_text] Medenc\u00e9je, kerti tava vagy sz\u00f6k\u0151k\u00fatja van? Kevesebb vegyszert szeretne haszn\u00e1lni az ezekkel val\u00f3 gondoskod\u00e1sn\u00e1l? Gondot okoz a vezet\u00e9kekben, a l\u00e9pcs\u0151k\u00f6n, a ny\u00edl\u00e1sokban vagy a medence alj\u00e1n\u00a0lerak\u00f3dott&hellip;","og_url":"https:\/\/twoeco.sk\/jednoduchsia-udrzba-bez-zbytocnej-chemie\/","og_site_name":"Two Eco","article_publisher":"https:\/\/www.facebook.com\/Ionimax-1357153714295887\/","article_modified_time":"2017-08-10T13:02:07+00:00","twitter_card":"summary_large_image","twitter_misc":{"Becs\u00fclt olvas\u00e1si id\u0151":"3 perc"},"schema":{"@context":"https:\/\/schema.org","@graph":[{"@type":"WebPage","@id":"https:\/\/twoeco.sk\/jednoduchsia-udrzba-bez-zbytocnej-chemie\/","url":"https:\/\/twoeco.sk\/jednoduchsia-udrzba-bez-zbytocnej-chemie\/","name":"Jednoduch\u0161ia \u00fadr\u017eba bez zbyto\u010dnej ch\u00e9mie - Two Eco","isPartOf":{"@id":"https:\/\/twoeco.sk\/#website"},"datePublished":"2017-03-23T07:52:56+00:00","dateModified":"2017-08-10T13:02:07+00:00","breadcrumb":{"@id":"https:\/\/twoeco.sk\/jednoduchsia-udrzba-bez-zbytocnej-chemie\/#breadcrumb"},"inLanguage":"hu","potentialAction":[{"@type":"ReadAction","target":["https:\/\/twoeco.sk\/jednoduchsia-udrzba-bez-zbytocnej-chemie\/"]}]},{"@type":"BreadcrumbList","@id":"https:\/\/twoeco.sk\/jednoduchsia-udrzba-bez-zbytocnej-chemie\/#breadcrumb","itemListElement":[{"@type":"ListItem","position":1,"name":"Home","item":"https:\/\/twoeco.sk\/"},{"@type":"ListItem","position":2,"name":"Jednoduch\u0161ia \u00fadr\u017eba bez zbyto\u010dnej ch\u00e9mie"}]},{"@type":"WebSite","@id":"https:\/\/twoeco.sk\/#website","url":"https:\/\/twoeco.sk\/","name":"Two Eco","description":"Viac ako \u010dist\u00e1 voda","publisher":{"@id":"https:\/\/twoeco.sk\/#organization"},"potentialAction":[{"@type":"SearchAction","target":{"@type":"EntryPoint","urlTemplate":"https:\/\/twoeco.sk\/?s={search_term_string}"},"query-input":{"@type":"PropertyValueSpecification","valueRequired":true,"valueName":"search_term_string"}}],"inLanguage":"hu"},{"@type":"Organization","@id":"https:\/\/twoeco.sk\/#organization","name":"Two ECO, s.r.o.","url":"https:\/\/twoeco.sk\/","logo":{"@type":"ImageObject","inLanguage":"hu","@id":"https:\/\/twoeco.sk\/#\/schema\/logo\/image\/","url":"https:\/\/twoeco.sk\/wp-content\/uploads\/2016\/05\/logo-two-eco-farba.png","contentUrl":"https:\/\/twoeco.sk\/wp-content\/uploads\/2016\/05\/logo-two-eco-farba.png","width":318,"height":74,"caption":"Two ECO, s.r.o."},"image":{"@id":"https:\/\/twoeco.sk\/#\/schema\/logo\/image\/"},"sameAs":["https:\/\/www.facebook.com\/Ionimax-1357153714295887\/"]}]}},"_links":{"self":[{"href":"https:\/\/twoeco.sk\/hu\/wp-json\/wp\/v2\/pages\/1656"}],"collection":[{"href":"https:\/\/twoeco.sk\/hu\/wp-json\/wp\/v2\/pages"}],"about":[{"href":"https:\/\/twoeco.sk\/hu\/wp-json\/wp\/v2\/types\/page"}],"author":[{"embeddable":true,"href":"https:\/\/twoeco.sk\/hu\/wp-json\/wp\/v2\/users\/3"}],"replies":[{"embeddable":true,"href":"https:\/\/twoeco.sk\/hu\/wp-json\/wp\/v2\/comments?post=1656"}],"version-history":[{"count":3,"href":"https:\/\/twoeco.sk\/hu\/wp-json\/wp\/v2\/pages\/1656\/revisions"}],"predecessor-version":[{"id":2164,"href":"https:\/\/twoeco.sk\/hu\/wp-json\/wp\/v2\/pages\/1656\/revisions\/2164"}],"wp:attachment":[{"href":"https:\/\/twoeco.sk\/hu\/wp-json\/wp\/v2\/media?parent=1656"}],"curies":[{"name":"wp","href":"https:\/\/api.w.org\/{rel}","templated":true}]}}