{"id":1810,"date":"2017-03-29T10:19:23","date_gmt":"2017-03-29T08:19:23","guid":{"rendered":"https:\/\/twoeco.sk\/riesenie-na-problem-s-tvrdou-vodou\/"},"modified":"2017-05-29T01:42:07","modified_gmt":"2017-05-28T23:42:07","slug":"riesenie-na-problem-s-tvrdou-vodou","status":"publish","type":"page","link":"https:\/\/twoeco.sk\/hu\/riesenie-na-problem-s-tvrdou-vodou\/","title":{"rendered":"Rie\u0161enie na probl\u00e9m s\u00a0tvrdou vodou a\u00a0vodn\u00fdm kame\u0148om"},"content":{"rendered":"<div class=\"wpb-content-wrapper\"><p>[vc_row][vc_column][lab_heading title=&#8221;Megold\u00e1s a kem\u00e9ny v\u00edz \u00e9s v\u00edzk\u0151 probl\u00e9m\u00e1j\u00e1ra&#8221; el_class=&#8221;title &#8221; css=&#8221;.vc_custom_1496014887349{padding-top: 50px !important;}&#8221;]\u00c9ljen a l\u00e1gy v\u00edz adta lehet\u0151s\u00e9gekkel \u2013 nincs t\u00f6bb\u00e9 \u00faj lerak\u00f3d\u00e1s, s\u0151t, nem kell t\u00f6bb\u00e9 foglalkozni a r\u00e9gi lerak\u00f3d\u00e1sok elt\u00e1vol\u00edt\u00e1s\u00e1val sem<br \/>\n[\/lab_heading][vc_column_text css=&#8221;.vc_custom_1496014914274{padding-top: 10px !important;}&#8221;]<strong>Probl\u00e9m\u00e1kat okoz a kem\u00e9ny v\u00edz?<\/strong><\/p>\n<p><strong>A v\u00edzk\u0151 \u00e1ltal okozott probl\u00e9m\u00e1kkal k\u00fcszk\u00f6dik \u00e1lland\u00f3an?<\/strong><\/p>\n<p><strong>Az \u00d6n villamosenergia-rendszerei \u00e9s elektromos berendez\u00e9sei meg\u00f3v\u00e1s\u00e1nak lehet\u0151s\u00e9geit keresi?<\/strong>[\/vc_column_text][vc_separator style=&#8221;dotted&#8221; border_width=&#8221;2&#8243;][vc_row_inner][vc_column_inner][vc_column_text]A v\u00edzk\u0151, amely a f\u0171t\u00e9si rendszerek \u00e9s a f\u0171t\u0151testek leggyakoribb, teh\u00e1t tal\u00e1n a legnagyobb probl\u00e9m\u00e1j\u00e1t jelenti, szigetel\u0151k\u00e9nt m\u0171k\u00f6dik. A gyakorlatb\u00f3l m\u00e1r tudjuk, hogy a krist\u00e1lyosod\u00e1s gyorsabban megy v\u00e9gbe a meleg v\u00edzben, mint a hideg v\u00edzben. Fontos inform\u00e1ci\u00f3, hogy ez a krist\u00e1lyosod\u00e1s 57\u00b0C feletti h\u0151m\u00e9rs\u00e9kletn\u00e9l nagy temp\u00f3ban n\u0151. 3 mm vastag lerak\u00f3d\u00e1s eset\u00e9n 20 % energi\u00e1val t\u00f6bbre van sz\u00fcks\u00e9g\u00fcnk ahhoz, hogy el\u00e9rj\u00fck a k\u00edv\u00e1nt h\u0151m\u00e9rs\u00e9kletet.<\/p>\n<p>6 mm vastag lerak\u00f3d\u00e1s eset\u00e9n ez m\u00e1r\u00a030 \u2013 35 % t\u00f6bblet energiasz\u00fcks\u00e9gletet jelent. Ezek az adatok nem teljesen pontosak, mivel a nagyon elt\u00e9r\u0151 k\u00f6rnyezet jelent\u0151s m\u00e9rt\u00e9kben befoly\u00e1solja a v\u00e9geredm\u00e9nyt.<\/p>\n<p>A v\u00edz fizikai \u00faton t\u00f6rt\u00e9n\u0151 kezel\u00e9s\u00e9nek vitathatatlan el\u0151nye a tiszt\u00edt\u00f3 hat\u00e1sa is \u2013 feloldja \u00e9s kimossa a r\u00e9gi lerak\u00f3d\u00e1sokat, \u00edgy cs\u00f6kkentve a v\u00edzell\u00e1t\u00e1s tiszt\u00edt\u00e1s miatt bek\u00f6vetkezett felf\u00fcggeszt\u00e9s\u00e9t, ill. v\u00e9di \u00e9s meghosszabb\u00edtja a v\u00edzvezet\u00e9k, a f\u0171t\u0151testek \u00e9s az ezekkel \u00f6sszef\u00fcgg\u0151 eszk\u00f6z\u00f6k \u00e9s berendez\u00e9sek \u00e9lettartam\u00e1t.<\/p>\n<p>A v\u00edz fizikai \u00faton t\u00f6rt\u00e9n\u0151 kezel\u00e9s\u00e9nek alapja a szabad elektromos t\u00f6lt\u00e9s egyes v\u00edzmolekul\u00e1kba t\u00f6rt\u00e9n\u0151 \u201e\u00e1tvitele\u201c vagy elt\u00e1rol\u00e1sa, amelyek ezen okn\u00e1l fogva polariz\u00e1l\u00f3dnak (egys\u00e9gesen mozognak). Ez a hat\u00e1s a v\u00edzben old\u00f3d\u00f3 szil\u00e1rd anyagok form\u00e1j\u00e1nak m\u00f3dosul\u00e1s\u00e1t eredm\u00e9nyezi \u00fagy, hogy ezut\u00e1n m\u00e1r nem tudnak olyan k\u00f6nnyen krist\u00e1lyr\u00e1csot alkotni, mivel m\u00e1s \u00e9s m\u00e1s a form\u00e1juk \u00e9s m\u00e9ret\u00fck, teh\u00e1t a kem\u00e9ny v\u00edzk\u0151 nem tud kialakulni. Kocka alak\u00fa krist\u00e1lyr\u00e1csb\u00f3l hexagon\u00e1lis szerkezet\u0171re v\u00e1ltoznak. \u00dctk\u00f6z\u00e9skor csup\u00e1n puha \u00fcled\u00e9k keletkezik. A fizikai \u00faton t\u00f6rt\u00e9n\u0151 kezel\u00e9s megakad\u00e1lyozza az \u00fajabb v\u00edzk\u0151 lerak\u00f3d\u00e1s\u00e1t, szint\u00e9n nagyon hat\u00e9konyan t\u00e1vol\u00edtja el a m\u00e1r lerak\u00f3dott r\u00e9tegeket, ill. g\u00e1tolja a v\u00edzvezet\u00e9kek bels\u0151 fel\u00fcleteinek elrozsd\u00e1sod\u00e1s\u00e1t. Ugyanis ezeken magnetit (Fe3 O4) v\u00e9d\u0151r\u00e9teg k\u00e9pz\u0151dik.<\/p>\n<p>Az ionimaxot z\u00e1rt \u00e9s nyitott dinamikus rendszerekben egyar\u00e1nt lehet alkalmazni. Hat\u00e9kony felhaszn\u00e1lhat\u00f3s\u00e1ga a kism\u00e9ret\u0171 lak\u00e1sokt\u00f3l, csal\u00e1di h\u00e1zakon \u00e1t, eg\u00e9szen a nagy\u00fczemi \u00e9s ipari berendez\u00e9sekben t\u00f6rt\u00e9n\u0151 alkalmaz\u00e1sig terjed, ahol v\u00edzk\u0151k\u00e9pz\u0151d\u00e9s felt\u00e9telezhet\u0151. Az ionimax nem v\u00e1ltoztatja meg a v\u00edz k\u00e9miai \u00f6sszet\u00e9tel\u00e9t.[\/vc_column_text][\/vc_column_inner][\/vc_row_inner][\/vc_column][\/vc_row]<\/p>\n<\/div>","protected":false},"excerpt":{"rendered":"<p>[vc_row][vc_column][lab_heading title=&#8221;Megold\u00e1s a kem\u00e9ny v\u00edz \u00e9s v\u00edzk\u0151 probl\u00e9m\u00e1j\u00e1ra&#8221; el_class=&#8221;title &#8221; css=&#8221;.vc_custom_1496014887349{padding-top: 50px !important;}&#8221;]\u00c9ljen a l\u00e1gy v\u00edz adta lehet\u0151s\u00e9gekkel \u2013 nincs t\u00f6bb\u00e9 \u00faj lerak\u00f3d\u00e1s, s\u0151t, nem kell t\u00f6bb\u00e9 foglalkozni a r\u00e9gi lerak\u00f3d\u00e1sok elt\u00e1vol\u00edt\u00e1s\u00e1val sem [\/lab_heading][vc_column_text css=&#8221;.vc_custom_1496014914274{padding-top: 10px !important;}&#8221;]Probl\u00e9m\u00e1kat okoz a kem\u00e9ny v\u00edz? A v\u00edzk\u0151 \u00e1ltal okozott probl\u00e9m\u00e1kkal k\u00fcszk\u00f6dik \u00e1lland\u00f3an? Az \u00d6n villamosenergia-rendszerei \u00e9s elektromos berendez\u00e9sei meg\u00f3v\u00e1s\u00e1nak&hellip;<\/p>\n","protected":false},"author":3,"featured_media":0,"parent":0,"menu_order":0,"comment_status":"closed","ping_status":"closed","template":"","meta":{"_acf_changed":false,"footnotes":""},"class_list":["post-1810","page","type-page","status-publish","hentry"],"acf":[],"yoast_head":"<!-- This site is optimized with the Yoast SEO plugin v23.6 - https:\/\/yoast.com\/wordpress\/plugins\/seo\/ -->\n<title>Rie\u0161enie na probl\u00e9m s\u00a0tvrdou vodou a\u00a0vodn\u00fdm kame\u0148om - Two Eco<\/title>\n<meta name=\"robots\" content=\"index, follow, max-snippet:-1, max-image-preview:large, max-video-preview:-1\" \/>\n<link rel=\"canonical\" href=\"https:\/\/twoeco.sk\/riesenie-na-problem-s-tvrdou-vodou\/\" \/>\n<meta property=\"og:locale\" content=\"hu_HU\" \/>\n<meta property=\"og:type\" content=\"article\" \/>\n<meta property=\"og:title\" content=\"Rie\u0161enie na probl\u00e9m s\u00a0tvrdou vodou a\u00a0vodn\u00fdm kame\u0148om - Two Eco\" \/>\n<meta property=\"og:description\" content=\"[vc_row][vc_column][lab_heading title=&#8221;Megold\u00e1s a kem\u00e9ny v\u00edz \u00e9s v\u00edzk\u0151 probl\u00e9m\u00e1j\u00e1ra&#8221; el_class=&#8221;title &#8221; css=&#8221;.vc_custom_1496014887349{padding-top: 50px !important;}&#8221;]\u00c9ljen a l\u00e1gy v\u00edz adta lehet\u0151s\u00e9gekkel \u2013 nincs t\u00f6bb\u00e9 \u00faj lerak\u00f3d\u00e1s, s\u0151t, nem kell t\u00f6bb\u00e9 foglalkozni a r\u00e9gi lerak\u00f3d\u00e1sok elt\u00e1vol\u00edt\u00e1s\u00e1val sem [\/lab_heading][vc_column_text css=&#8221;.vc_custom_1496014914274{padding-top: 10px !important;}&#8221;]Probl\u00e9m\u00e1kat okoz a kem\u00e9ny v\u00edz? A v\u00edzk\u0151 \u00e1ltal okozott probl\u00e9m\u00e1kkal k\u00fcszk\u00f6dik \u00e1lland\u00f3an? Az \u00d6n villamosenergia-rendszerei \u00e9s elektromos berendez\u00e9sei meg\u00f3v\u00e1s\u00e1nak&hellip;\" \/>\n<meta property=\"og:url\" content=\"https:\/\/twoeco.sk\/riesenie-na-problem-s-tvrdou-vodou\/\" \/>\n<meta property=\"og:site_name\" content=\"Two Eco\" \/>\n<meta property=\"article:publisher\" content=\"https:\/\/www.facebook.com\/Ionimax-1357153714295887\/\" \/>\n<meta property=\"article:modified_time\" content=\"2017-05-28T23:42:07+00:00\" \/>\n<meta name=\"twitter:card\" content=\"summary_large_image\" \/>\n<meta name=\"twitter:label1\" content=\"Becs\u00fclt olvas\u00e1si id\u0151\" \/>\n\t<meta name=\"twitter:data1\" content=\"3 perc\" \/>\n<script type=\"application\/ld+json\" class=\"yoast-schema-graph\">{\"@context\":\"https:\/\/schema.org\",\"@graph\":[{\"@type\":\"WebPage\",\"@id\":\"https:\/\/twoeco.sk\/riesenie-na-problem-s-tvrdou-vodou\/\",\"url\":\"https:\/\/twoeco.sk\/riesenie-na-problem-s-tvrdou-vodou\/\",\"name\":\"Rie\u0161enie na probl\u00e9m s\u00a0tvrdou vodou a\u00a0vodn\u00fdm kame\u0148om - Two Eco\",\"isPartOf\":{\"@id\":\"https:\/\/twoeco.sk\/#website\"},\"datePublished\":\"2017-03-29T08:19:23+00:00\",\"dateModified\":\"2017-05-28T23:42:07+00:00\",\"breadcrumb\":{\"@id\":\"https:\/\/twoeco.sk\/riesenie-na-problem-s-tvrdou-vodou\/#breadcrumb\"},\"inLanguage\":\"hu\",\"potentialAction\":[{\"@type\":\"ReadAction\",\"target\":[\"https:\/\/twoeco.sk\/riesenie-na-problem-s-tvrdou-vodou\/\"]}]},{\"@type\":\"BreadcrumbList\",\"@id\":\"https:\/\/twoeco.sk\/riesenie-na-problem-s-tvrdou-vodou\/#breadcrumb\",\"itemListElement\":[{\"@type\":\"ListItem\",\"position\":1,\"name\":\"Home\",\"item\":\"https:\/\/twoeco.sk\/\"},{\"@type\":\"ListItem\",\"position\":2,\"name\":\"Rie\u0161enie na probl\u00e9m s\u00a0tvrdou vodou a\u00a0vodn\u00fdm kame\u0148om\"}]},{\"@type\":\"WebSite\",\"@id\":\"https:\/\/twoeco.sk\/#website\",\"url\":\"https:\/\/twoeco.sk\/\",\"name\":\"Two Eco\",\"description\":\"Viac ako \u010dist\u00e1 voda\",\"publisher\":{\"@id\":\"https:\/\/twoeco.sk\/#organization\"},\"potentialAction\":[{\"@type\":\"SearchAction\",\"target\":{\"@type\":\"EntryPoint\",\"urlTemplate\":\"https:\/\/twoeco.sk\/?s={search_term_string}\"},\"query-input\":{\"@type\":\"PropertyValueSpecification\",\"valueRequired\":true,\"valueName\":\"search_term_string\"}}],\"inLanguage\":\"hu\"},{\"@type\":\"Organization\",\"@id\":\"https:\/\/twoeco.sk\/#organization\",\"name\":\"Two ECO, s.r.o.\",\"url\":\"https:\/\/twoeco.sk\/\",\"logo\":{\"@type\":\"ImageObject\",\"inLanguage\":\"hu\",\"@id\":\"https:\/\/twoeco.sk\/#\/schema\/logo\/image\/\",\"url\":\"https:\/\/twoeco.sk\/wp-content\/uploads\/2016\/05\/logo-two-eco-farba.png\",\"contentUrl\":\"https:\/\/twoeco.sk\/wp-content\/uploads\/2016\/05\/logo-two-eco-farba.png\",\"width\":318,\"height\":74,\"caption\":\"Two ECO, s.r.o.\"},\"image\":{\"@id\":\"https:\/\/twoeco.sk\/#\/schema\/logo\/image\/\"},\"sameAs\":[\"https:\/\/www.facebook.com\/Ionimax-1357153714295887\/\"]}]}<\/script>\n<!-- \/ Yoast SEO plugin. -->","yoast_head_json":{"title":"Rie\u0161enie na probl\u00e9m s\u00a0tvrdou vodou a\u00a0vodn\u00fdm kame\u0148om - Two Eco","robots":{"index":"index","follow":"follow","max-snippet":"max-snippet:-1","max-image-preview":"max-image-preview:large","max-video-preview":"max-video-preview:-1"},"canonical":"https:\/\/twoeco.sk\/riesenie-na-problem-s-tvrdou-vodou\/","og_locale":"hu_HU","og_type":"article","og_title":"Rie\u0161enie na probl\u00e9m s\u00a0tvrdou vodou a\u00a0vodn\u00fdm kame\u0148om - Two Eco","og_description":"[vc_row][vc_column][lab_heading title=&#8221;Megold\u00e1s a kem\u00e9ny v\u00edz \u00e9s v\u00edzk\u0151 probl\u00e9m\u00e1j\u00e1ra&#8221; el_class=&#8221;title &#8221; css=&#8221;.vc_custom_1496014887349{padding-top: 50px !important;}&#8221;]\u00c9ljen a l\u00e1gy v\u00edz adta lehet\u0151s\u00e9gekkel \u2013 nincs t\u00f6bb\u00e9 \u00faj lerak\u00f3d\u00e1s, s\u0151t, nem kell t\u00f6bb\u00e9 foglalkozni a r\u00e9gi lerak\u00f3d\u00e1sok elt\u00e1vol\u00edt\u00e1s\u00e1val sem [\/lab_heading][vc_column_text css=&#8221;.vc_custom_1496014914274{padding-top: 10px !important;}&#8221;]Probl\u00e9m\u00e1kat okoz a kem\u00e9ny v\u00edz? A v\u00edzk\u0151 \u00e1ltal okozott probl\u00e9m\u00e1kkal k\u00fcszk\u00f6dik \u00e1lland\u00f3an? Az \u00d6n villamosenergia-rendszerei \u00e9s elektromos berendez\u00e9sei meg\u00f3v\u00e1s\u00e1nak&hellip;","og_url":"https:\/\/twoeco.sk\/riesenie-na-problem-s-tvrdou-vodou\/","og_site_name":"Two Eco","article_publisher":"https:\/\/www.facebook.com\/Ionimax-1357153714295887\/","article_modified_time":"2017-05-28T23:42:07+00:00","twitter_card":"summary_large_image","twitter_misc":{"Becs\u00fclt olvas\u00e1si id\u0151":"3 perc"},"schema":{"@context":"https:\/\/schema.org","@graph":[{"@type":"WebPage","@id":"https:\/\/twoeco.sk\/riesenie-na-problem-s-tvrdou-vodou\/","url":"https:\/\/twoeco.sk\/riesenie-na-problem-s-tvrdou-vodou\/","name":"Rie\u0161enie na probl\u00e9m s\u00a0tvrdou vodou a\u00a0vodn\u00fdm kame\u0148om - Two Eco","isPartOf":{"@id":"https:\/\/twoeco.sk\/#website"},"datePublished":"2017-03-29T08:19:23+00:00","dateModified":"2017-05-28T23:42:07+00:00","breadcrumb":{"@id":"https:\/\/twoeco.sk\/riesenie-na-problem-s-tvrdou-vodou\/#breadcrumb"},"inLanguage":"hu","potentialAction":[{"@type":"ReadAction","target":["https:\/\/twoeco.sk\/riesenie-na-problem-s-tvrdou-vodou\/"]}]},{"@type":"BreadcrumbList","@id":"https:\/\/twoeco.sk\/riesenie-na-problem-s-tvrdou-vodou\/#breadcrumb","itemListElement":[{"@type":"ListItem","position":1,"name":"Home","item":"https:\/\/twoeco.sk\/"},{"@type":"ListItem","position":2,"name":"Rie\u0161enie na probl\u00e9m s\u00a0tvrdou vodou a\u00a0vodn\u00fdm kame\u0148om"}]},{"@type":"WebSite","@id":"https:\/\/twoeco.sk\/#website","url":"https:\/\/twoeco.sk\/","name":"Two Eco","description":"Viac ako \u010dist\u00e1 voda","publisher":{"@id":"https:\/\/twoeco.sk\/#organization"},"potentialAction":[{"@type":"SearchAction","target":{"@type":"EntryPoint","urlTemplate":"https:\/\/twoeco.sk\/?s={search_term_string}"},"query-input":{"@type":"PropertyValueSpecification","valueRequired":true,"valueName":"search_term_string"}}],"inLanguage":"hu"},{"@type":"Organization","@id":"https:\/\/twoeco.sk\/#organization","name":"Two ECO, s.r.o.","url":"https:\/\/twoeco.sk\/","logo":{"@type":"ImageObject","inLanguage":"hu","@id":"https:\/\/twoeco.sk\/#\/schema\/logo\/image\/","url":"https:\/\/twoeco.sk\/wp-content\/uploads\/2016\/05\/logo-two-eco-farba.png","contentUrl":"https:\/\/twoeco.sk\/wp-content\/uploads\/2016\/05\/logo-two-eco-farba.png","width":318,"height":74,"caption":"Two ECO, s.r.o."},"image":{"@id":"https:\/\/twoeco.sk\/#\/schema\/logo\/image\/"},"sameAs":["https:\/\/www.facebook.com\/Ionimax-1357153714295887\/"]}]}},"_links":{"self":[{"href":"https:\/\/twoeco.sk\/hu\/wp-json\/wp\/v2\/pages\/1810"}],"collection":[{"href":"https:\/\/twoeco.sk\/hu\/wp-json\/wp\/v2\/pages"}],"about":[{"href":"https:\/\/twoeco.sk\/hu\/wp-json\/wp\/v2\/types\/page"}],"author":[{"embeddable":true,"href":"https:\/\/twoeco.sk\/hu\/wp-json\/wp\/v2\/users\/3"}],"replies":[{"embeddable":true,"href":"https:\/\/twoeco.sk\/hu\/wp-json\/wp\/v2\/comments?post=1810"}],"version-history":[{"count":2,"href":"https:\/\/twoeco.sk\/hu\/wp-json\/wp\/v2\/pages\/1810\/revisions"}],"predecessor-version":[{"id":1840,"href":"https:\/\/twoeco.sk\/hu\/wp-json\/wp\/v2\/pages\/1810\/revisions\/1840"}],"wp:attachment":[{"href":"https:\/\/twoeco.sk\/hu\/wp-json\/wp\/v2\/media?parent=1810"}],"curies":[{"name":"wp","href":"https:\/\/api.w.org\/{rel}","templated":true}]}}