{"id":1968,"date":"2017-03-29T10:19:23","date_gmt":"2017-03-29T08:19:23","guid":{"rendered":"https:\/\/twoeco.sk\/riesenie-na-problem-s-tvrdou-vodou\/"},"modified":"2017-06-17T15:52:10","modified_gmt":"2017-06-17T13:52:10","slug":"riesenie-na-problem-s-tvrdou-vodou","status":"publish","type":"page","link":"https:\/\/twoeco.sk\/it\/riesenie-na-problem-s-tvrdou-vodou\/","title":{"rendered":"Rie\u0161enie na probl\u00e9m s\u00a0tvrdou vodou a\u00a0vodn\u00fdm kame\u0148om"},"content":{"rendered":"<div class=\"wpb-content-wrapper\"><p>[vc_row][vc_column][lab_heading title=&#8221;Soluzione al problema dell\u00b4acqua dura e del calcare&#8221; el_class=&#8221;title &#8221; css=&#8221;.vc_custom_1497707501964{padding-top: 50px !important;}&#8221;]Utilizzare le propriet\u00e0 dell\u00b4acqua dolce &#8211; niente nuovi depositi e in pi\u00f9 la dissoluzione di quelli vecchi[\/lab_heading][vc_column_text css=&#8221;.vc_custom_1497707513298{padding-top: 10px !important;}&#8221;]<strong>L&#8217;acqua dura vi causa problemi?<\/strong><\/p>\n<p><strong>Risolvete problemi con il calcare?<\/strong><\/p>\n<p><strong>Siete alla ricerca di un modo per proteggere le vostre reti di distribuzione e i vostri dispositivi?<\/strong>[\/vc_column_text][vc_separator style=&#8221;dotted&#8221; border_width=&#8221;2&#8243;][vc_row_inner][vc_column_inner][vc_column_text]Il calcare, il quale costituisce il problema pi\u00f9 comune e quindi probabilmente anche il problema pi\u00f9 grande per impianti di riscaldamento ed elementi riscaldanti, funge da isolante. Per esperienza sappiamo che la cristallizzazione procede pi\u00f9 velocemente nell&#8217;acqua calda che in quella fredda. Un\u00b4informazione molto importante \u00e8 che questa cristallizzazione ad una temperatura superiore a 57 \u00b0C aumenta rapidamente. In caso di sedimenti con spessore superiore a 3 mm abbiamo bisogno di un 20% di energia in pi\u00f9 per ottenere la temperatura desiderata. In caso di un sedimento di 6 mm si tratta di un incremento di energia del 30 \u2013 35%. Questi dati non sono completamente precisi, poich\u00e9 un effetto significativo sul risultato ha anche l\u00b4ambiente che \u00e8 molto diverso.<\/p>\n<p>Un\u00b4indiscutibile beneficio del trattamento fisico dell&#8217;acqua \u00e8 la sua capacit\u00e0 di pulizia &#8211; dissolve le vecchie sedimentazioni, quindi elimina i tempi di fermo necessari per la pulizia e protegge e prolunga la vita dei tubi, degli elementi riscaldanti e di tutte le relative attrezzature e strutture.<\/p>\n<p>L&#8217;essenza del trattamento fisico \u00e8 il &#8220;trasferimento&#8221; o la sospensione di una carica elettrica libera alle singole molecole d&#8217;acqua che sono conseguentemente depolarizzate (orientate uniformemente). Questo effetto ha come risultato una modifica della forma degli elementi solidi solubili in acqua, quindi questi non formano un reticolo cristallino, perch\u00e9 hanno una forma e dimensioni diverse, quindi non si forma calcare. Cambiano da una struttura cubica a una struttura esagonale. In caso di condensa viene formato solamente un fango molle. Il trattamento fisico previene la formazione di nuove incrostazioni calcaree ed \u00e8 anche molto efficace nella rimozione degli strati esistenti e previene la corrosione delle superfici interne dei tubi. Viene creato su di loro anche uno strato protettivo di magnetite ( Fe3 O4 ).<\/p>\n<p>Ionimax pu\u00f2 essere installato in sistemi dinamici chiusi ed aperti. La sua utilit\u00e0 \u00e8 efficace da piccoli appartamenti fino a case grandi e impianti industriali, in cui si pu\u00f2 presupporre la creazione di calcare. Ionimax non cambia la composizione chimica dell&#8217;acqua.[\/vc_column_text][\/vc_column_inner][\/vc_row_inner][\/vc_column][\/vc_row]<\/p>\n<\/div>","protected":false},"excerpt":{"rendered":"<p>[vc_row][vc_column][lab_heading title=&#8221;Soluzione al problema dell\u00b4acqua dura e del calcare&#8221; el_class=&#8221;title &#8221; css=&#8221;.vc_custom_1497707501964{padding-top: 50px !important;}&#8221;]Utilizzare le propriet\u00e0 dell\u00b4acqua dolce &#8211; niente nuovi depositi e in pi\u00f9 la dissoluzione di quelli vecchi[\/lab_heading][vc_column_text css=&#8221;.vc_custom_1497707513298{padding-top: 10px !important;}&#8221;]L&#8217;acqua dura vi causa problemi? Risolvete problemi con il calcare? Siete alla ricerca di un modo per proteggere le vostre reti di distribuzione&hellip;<\/p>\n","protected":false},"author":3,"featured_media":0,"parent":0,"menu_order":0,"comment_status":"closed","ping_status":"closed","template":"","meta":{"_acf_changed":false,"footnotes":""},"class_list":["post-1968","page","type-page","status-publish","hentry"],"acf":[],"yoast_head":"<!-- This site is optimized with the Yoast SEO plugin v23.6 - https:\/\/yoast.com\/wordpress\/plugins\/seo\/ -->\n<title>Rie\u0161enie na probl\u00e9m s\u00a0tvrdou vodou a\u00a0vodn\u00fdm kame\u0148om - Two Eco<\/title>\n<meta name=\"robots\" content=\"index, follow, max-snippet:-1, max-image-preview:large, max-video-preview:-1\" \/>\n<link rel=\"canonical\" href=\"https:\/\/twoeco.sk\/riesenie-na-problem-s-tvrdou-vodou\/\" \/>\n<meta property=\"og:locale\" content=\"it_IT\" \/>\n<meta property=\"og:type\" content=\"article\" \/>\n<meta property=\"og:title\" content=\"Rie\u0161enie na probl\u00e9m s\u00a0tvrdou vodou a\u00a0vodn\u00fdm kame\u0148om - Two Eco\" \/>\n<meta property=\"og:description\" content=\"[vc_row][vc_column][lab_heading title=&#8221;Soluzione al problema dell\u00b4acqua dura e del calcare&#8221; el_class=&#8221;title &#8221; css=&#8221;.vc_custom_1497707501964{padding-top: 50px !important;}&#8221;]Utilizzare le propriet\u00e0 dell\u00b4acqua dolce &#8211; niente nuovi depositi e in pi\u00f9 la dissoluzione di quelli vecchi[\/lab_heading][vc_column_text css=&#8221;.vc_custom_1497707513298{padding-top: 10px !important;}&#8221;]L&#8217;acqua dura vi causa problemi? Risolvete problemi con il calcare? Siete alla ricerca di un modo per proteggere le vostre reti di distribuzione&hellip;\" \/>\n<meta property=\"og:url\" content=\"https:\/\/twoeco.sk\/riesenie-na-problem-s-tvrdou-vodou\/\" \/>\n<meta property=\"og:site_name\" content=\"Two Eco\" \/>\n<meta property=\"article:publisher\" content=\"https:\/\/www.facebook.com\/Ionimax-1357153714295887\/\" \/>\n<meta property=\"article:modified_time\" content=\"2017-06-17T13:52:10+00:00\" \/>\n<meta name=\"twitter:card\" content=\"summary_large_image\" \/>\n<meta name=\"twitter:label1\" content=\"Tempo di lettura stimato\" \/>\n\t<meta name=\"twitter:data1\" content=\"2 minuti\" \/>\n<script type=\"application\/ld+json\" class=\"yoast-schema-graph\">{\"@context\":\"https:\/\/schema.org\",\"@graph\":[{\"@type\":\"WebPage\",\"@id\":\"https:\/\/twoeco.sk\/riesenie-na-problem-s-tvrdou-vodou\/\",\"url\":\"https:\/\/twoeco.sk\/riesenie-na-problem-s-tvrdou-vodou\/\",\"name\":\"Rie\u0161enie na probl\u00e9m s\u00a0tvrdou vodou a\u00a0vodn\u00fdm kame\u0148om - Two Eco\",\"isPartOf\":{\"@id\":\"https:\/\/twoeco.sk\/#website\"},\"datePublished\":\"2017-03-29T08:19:23+00:00\",\"dateModified\":\"2017-06-17T13:52:10+00:00\",\"breadcrumb\":{\"@id\":\"https:\/\/twoeco.sk\/riesenie-na-problem-s-tvrdou-vodou\/#breadcrumb\"},\"inLanguage\":\"it-IT\",\"potentialAction\":[{\"@type\":\"ReadAction\",\"target\":[\"https:\/\/twoeco.sk\/riesenie-na-problem-s-tvrdou-vodou\/\"]}]},{\"@type\":\"BreadcrumbList\",\"@id\":\"https:\/\/twoeco.sk\/riesenie-na-problem-s-tvrdou-vodou\/#breadcrumb\",\"itemListElement\":[{\"@type\":\"ListItem\",\"position\":1,\"name\":\"Home\",\"item\":\"https:\/\/twoeco.sk\/\"},{\"@type\":\"ListItem\",\"position\":2,\"name\":\"Rie\u0161enie na probl\u00e9m s\u00a0tvrdou vodou a\u00a0vodn\u00fdm kame\u0148om\"}]},{\"@type\":\"WebSite\",\"@id\":\"https:\/\/twoeco.sk\/#website\",\"url\":\"https:\/\/twoeco.sk\/\",\"name\":\"Two Eco\",\"description\":\"Viac ako \u010dist\u00e1 voda\",\"publisher\":{\"@id\":\"https:\/\/twoeco.sk\/#organization\"},\"potentialAction\":[{\"@type\":\"SearchAction\",\"target\":{\"@type\":\"EntryPoint\",\"urlTemplate\":\"https:\/\/twoeco.sk\/?s={search_term_string}\"},\"query-input\":{\"@type\":\"PropertyValueSpecification\",\"valueRequired\":true,\"valueName\":\"search_term_string\"}}],\"inLanguage\":\"it-IT\"},{\"@type\":\"Organization\",\"@id\":\"https:\/\/twoeco.sk\/#organization\",\"name\":\"Two ECO, s.r.o.\",\"url\":\"https:\/\/twoeco.sk\/\",\"logo\":{\"@type\":\"ImageObject\",\"inLanguage\":\"it-IT\",\"@id\":\"https:\/\/twoeco.sk\/#\/schema\/logo\/image\/\",\"url\":\"https:\/\/twoeco.sk\/wp-content\/uploads\/2016\/05\/logo-two-eco-farba.png\",\"contentUrl\":\"https:\/\/twoeco.sk\/wp-content\/uploads\/2016\/05\/logo-two-eco-farba.png\",\"width\":318,\"height\":74,\"caption\":\"Two ECO, s.r.o.\"},\"image\":{\"@id\":\"https:\/\/twoeco.sk\/#\/schema\/logo\/image\/\"},\"sameAs\":[\"https:\/\/www.facebook.com\/Ionimax-1357153714295887\/\"]}]}<\/script>\n<!-- \/ Yoast SEO plugin. -->","yoast_head_json":{"title":"Rie\u0161enie na probl\u00e9m s\u00a0tvrdou vodou a\u00a0vodn\u00fdm kame\u0148om - Two Eco","robots":{"index":"index","follow":"follow","max-snippet":"max-snippet:-1","max-image-preview":"max-image-preview:large","max-video-preview":"max-video-preview:-1"},"canonical":"https:\/\/twoeco.sk\/riesenie-na-problem-s-tvrdou-vodou\/","og_locale":"it_IT","og_type":"article","og_title":"Rie\u0161enie na probl\u00e9m s\u00a0tvrdou vodou a\u00a0vodn\u00fdm kame\u0148om - Two Eco","og_description":"[vc_row][vc_column][lab_heading title=&#8221;Soluzione al problema dell\u00b4acqua dura e del calcare&#8221; el_class=&#8221;title &#8221; css=&#8221;.vc_custom_1497707501964{padding-top: 50px !important;}&#8221;]Utilizzare le propriet\u00e0 dell\u00b4acqua dolce &#8211; niente nuovi depositi e in pi\u00f9 la dissoluzione di quelli vecchi[\/lab_heading][vc_column_text css=&#8221;.vc_custom_1497707513298{padding-top: 10px !important;}&#8221;]L&#8217;acqua dura vi causa problemi? Risolvete problemi con il calcare? Siete alla ricerca di un modo per proteggere le vostre reti di distribuzione&hellip;","og_url":"https:\/\/twoeco.sk\/riesenie-na-problem-s-tvrdou-vodou\/","og_site_name":"Two Eco","article_publisher":"https:\/\/www.facebook.com\/Ionimax-1357153714295887\/","article_modified_time":"2017-06-17T13:52:10+00:00","twitter_card":"summary_large_image","twitter_misc":{"Tempo di lettura stimato":"2 minuti"},"schema":{"@context":"https:\/\/schema.org","@graph":[{"@type":"WebPage","@id":"https:\/\/twoeco.sk\/riesenie-na-problem-s-tvrdou-vodou\/","url":"https:\/\/twoeco.sk\/riesenie-na-problem-s-tvrdou-vodou\/","name":"Rie\u0161enie na probl\u00e9m s\u00a0tvrdou vodou a\u00a0vodn\u00fdm kame\u0148om - Two Eco","isPartOf":{"@id":"https:\/\/twoeco.sk\/#website"},"datePublished":"2017-03-29T08:19:23+00:00","dateModified":"2017-06-17T13:52:10+00:00","breadcrumb":{"@id":"https:\/\/twoeco.sk\/riesenie-na-problem-s-tvrdou-vodou\/#breadcrumb"},"inLanguage":"it-IT","potentialAction":[{"@type":"ReadAction","target":["https:\/\/twoeco.sk\/riesenie-na-problem-s-tvrdou-vodou\/"]}]},{"@type":"BreadcrumbList","@id":"https:\/\/twoeco.sk\/riesenie-na-problem-s-tvrdou-vodou\/#breadcrumb","itemListElement":[{"@type":"ListItem","position":1,"name":"Home","item":"https:\/\/twoeco.sk\/"},{"@type":"ListItem","position":2,"name":"Rie\u0161enie na probl\u00e9m s\u00a0tvrdou vodou a\u00a0vodn\u00fdm kame\u0148om"}]},{"@type":"WebSite","@id":"https:\/\/twoeco.sk\/#website","url":"https:\/\/twoeco.sk\/","name":"Two Eco","description":"Viac ako \u010dist\u00e1 voda","publisher":{"@id":"https:\/\/twoeco.sk\/#organization"},"potentialAction":[{"@type":"SearchAction","target":{"@type":"EntryPoint","urlTemplate":"https:\/\/twoeco.sk\/?s={search_term_string}"},"query-input":{"@type":"PropertyValueSpecification","valueRequired":true,"valueName":"search_term_string"}}],"inLanguage":"it-IT"},{"@type":"Organization","@id":"https:\/\/twoeco.sk\/#organization","name":"Two ECO, s.r.o.","url":"https:\/\/twoeco.sk\/","logo":{"@type":"ImageObject","inLanguage":"it-IT","@id":"https:\/\/twoeco.sk\/#\/schema\/logo\/image\/","url":"https:\/\/twoeco.sk\/wp-content\/uploads\/2016\/05\/logo-two-eco-farba.png","contentUrl":"https:\/\/twoeco.sk\/wp-content\/uploads\/2016\/05\/logo-two-eco-farba.png","width":318,"height":74,"caption":"Two ECO, s.r.o."},"image":{"@id":"https:\/\/twoeco.sk\/#\/schema\/logo\/image\/"},"sameAs":["https:\/\/www.facebook.com\/Ionimax-1357153714295887\/"]}]}},"_links":{"self":[{"href":"https:\/\/twoeco.sk\/it\/wp-json\/wp\/v2\/pages\/1968"}],"collection":[{"href":"https:\/\/twoeco.sk\/it\/wp-json\/wp\/v2\/pages"}],"about":[{"href":"https:\/\/twoeco.sk\/it\/wp-json\/wp\/v2\/types\/page"}],"author":[{"embeddable":true,"href":"https:\/\/twoeco.sk\/it\/wp-json\/wp\/v2\/users\/3"}],"replies":[{"embeddable":true,"href":"https:\/\/twoeco.sk\/it\/wp-json\/wp\/v2\/comments?post=1968"}],"version-history":[{"count":1,"href":"https:\/\/twoeco.sk\/it\/wp-json\/wp\/v2\/pages\/1968\/revisions"}],"predecessor-version":[{"id":1969,"href":"https:\/\/twoeco.sk\/it\/wp-json\/wp\/v2\/pages\/1968\/revisions\/1969"}],"wp:attachment":[{"href":"https:\/\/twoeco.sk\/it\/wp-json\/wp\/v2\/media?parent=1968"}],"curies":[{"name":"wp","href":"https:\/\/api.w.org\/{rel}","templated":true}]}}