{"id":1981,"date":"2017-03-10T00:30:26","date_gmt":"2017-03-09T23:30:26","guid":{"rendered":"https:\/\/twoeco.sk\/ionimax\/"},"modified":"2017-06-17T16:52:18","modified_gmt":"2017-06-17T14:52:18","slug":"ionimax","status":"publish","type":"page","link":"https:\/\/twoeco.sk\/it\/ionimax\/","title":{"rendered":"ionimax\u00ae"},"content":{"rendered":"<div class=\"wpb-content-wrapper\"><p>[vc_row css=&#8221;.vc_custom_1489102263611{padding-top: 50px !important;}&#8221;][vc_column][vc_row_inner][vc_column_inner][lab_heading title=&#8221;ionimax\u00ae&#8221; el_class=&#8221;title centered&#8221;]Dispositivo polarizzatore a ioni[\/lab_heading][vc_single_image image=&#8221;1156&#8243; img_size=&#8221;full&#8221; alignment=&#8221;center&#8221;][\/vc_column_inner][\/vc_row_inner][vc_row_inner][vc_column_inner width=&#8221;1\/2&#8243;][lab_heading title=&#8221;Descrizione del prodotto:&#8221;][\/lab_heading][vc_column_text]<strong>Dispositivo polarizzatore a ioni \u2013 ionimax \u2013<\/strong> \u00e8 un dispositivo per il trattamento dell&#8217;acqua che previene la formazione di calcare, aiuta la sua rimozione e ha molti altri vantaggi.<\/p>\n<p>Il Ionimax comprende un\u00b4elemento di flusso avente un ingresso ed un&#8217;uscita. In questo elemento sono disposti almeno due elettrodi. Entrambi sono in materiale elettricamente conduttivo diversi l&#8217;uno dall&#8217;altro. L\u00b4acqua corrente crea con questi elettrodi una cella voltaica bagnata. La tensione elettrica in questo elemento \u00e8 sufficiente per rendere le molecole dell\u00b4acqua corrente depolarizzate.<\/p>\n<p>La grandezza di tale tensione \u00e8 nell&#8217;intervallo da 0,6 &#8211; 0,8 V. Questa tensione dipende dalla conducibilit\u00e0 elettrica. Questo fenomeno pu\u00f2 essere utilizzato in acque con conducibilit\u00e0 50-2000 uS\/cm 2, cio\u00e8 con acqua normale in cui il contenuto di sale \u00e8 di 50-2000 mg\/l.<\/p>\n<p>Il passaggio dell&#8217;acqua tra tali elettrodi determina un fenomeno in cui il sale di calcio (Ca2*), magnesio (Mg*), ferro (Fe 2*, 3*) i quali si trovano nell\u00b4acqua come carbonati, solfati e cloruri, sono scomposti (dissociati) in idrossidi. La conseguenza \u00e8 che tali particelle perdono la loro capacit\u00e0 di formare depositi cristallini in tubi, caldaie, scambiatori di calore, ecc.<\/p>\n<p>L&#8217;essenza del trattamento fisico \u00e8 il &#8220;trasferimento&#8221; o &#8220;deposito&#8221; della carica elettrica libera nelle singole molecole d&#8217;acqua che sono conseguentemente depolarizzate (uniformemente orientate). Questo effetto ha come conseguenza una modifica della forma delle sostanze solide solubili nell\u00b4acqua in modo che non costituiranno un reticolo cristallino, perch\u00e9 hanno una forma e dimensioni diverse.\u00a0 Tali carbonati continuano a crearsi, ma solo sotto forma di particelle morbide &#8211; innocue, fanghi facilmente rimovibili, invece di depositi cristallini solidi. La sedimentazione si fermer\u00e0, il calcare a poco a poco scomparir\u00e0 e non se ne former\u00e0 nuovo.[\/vc_column_text][lab_heading title=&#8221;Misure consigliate:&#8221;][\/lab_heading][vc_column_text]L&#8217;installazione deve essere eseguita da personale qualificato. Il produttore non \u00e8 responsabile per danni causati da un uso improprio. Tenetevi il documento relativo al montaggio per scopi propri.<\/p>\n<p>In caso di un\u00b4interruzione prolungata del vostro sistema idrico (vacanze, utilizzo in una casa di montagna, etc.), lasciate scorrere l\u00b4acqua o utilizzatela come acqua non potabile.<\/p>\n<p><strong><em>Condizioni di stoccaggio:<\/em><\/strong><\/p>\n<p>Da conservare in un modo convenzionale. Il prodotto \u00e8 impermeabile.<\/p>\n<p><strong><em>Durata e manutenzione del prodotto:<\/em><\/strong><\/p>\n<p>Durante un normale utilizzo di ionimax il minimo periodo di utilizzo consigliato dal produttore \u00e8 di 10 anni. In un particolare ambiente mineralizzato, con acqua con un elevato contenuto di solidi, ecc, si consiglia la seguente manutenzione del materiale: se necessario con risciacquo di aceto caldo.<\/p>\n<p><strong>Condizioni di trattamento dei rifiuti:<\/strong><\/p>\n<p>Dopo il termine di durata del prodotto l\u00b4apparecchiatura deve essere smantellata come rifiuto di costruzione. Il materiale di imballaggio del prodotto \u00e8 un rifiuto domestici ordinario, consigliamo di differenziarlo come carta.[\/vc_column_text][\/vc_column_inner][vc_column_inner width=&#8221;1\/2&#8243;][lab_heading title=&#8221;Certificati e attestazioni:&#8221;][\/lab_heading][vc_column_text]Perizia del Ministero della Salute &#8211; capo igienista della Repubblica slovacca, il quale certifica i dispositivi ionimax per il trattamento dell&#8217;acqua potabile.<\/p>\n<p>Certificato rilasciato dall\u00b4Istituto tecnico di prova a Pie\u0161tany, \u0161.p., il quale conferma la sicurezza delle apparecchiature ionimax.<\/p>\n<p>Dichiarazione di conformit\u00e0 delle apparecchiature polarizzanti a ioni di tipo ionimax, Norma tecnica slovacca STN 133060-2: 1978<\/p>\n<p>ORGANIZZAZIONE DELLA PROPRIETA\u00b4 INTELLETTUALE DELLA REPUBBLICA SLOVACCA<\/p>\n<p>Fig. A : 1 &#8211; ore,\u00a0 2 &#8211; valvola,\u00a0 3 &#8211; raccoglitore dei fanghi,\u00a0 4 &#8211; ionimax. \u00a0<strong>Schema della posizione all&#8217;interno dell&#8217;edificio<\/strong><\/p>\n<p>Fig. B :\u00a0 nel circuito termico numero 5 &#8211; raccoglitore dei fanghi[\/vc_column_text][vc_single_image image=&#8221;1301&#8243; img_size=&#8221;full&#8221; add_caption=&#8221;yes&#8221; alignment=&#8221;center&#8221;][lab_heading title=&#8221;Istruzioni per il montaggio:&#8221;][\/lab_heading][vc_column_text]Ionimax pu\u00f2 essere installato in qualsiasi posizione. Non importa quale estremit\u00e0 prima.<\/p>\n<p><strong>Posizione:<\/strong><\/p>\n<p>La posizione ideale di Ionimax \u00e8 presso l&#8217;alimentazione principale dell&#8217;edificio al fine di proteggere l&#8217;intero edificio.<\/p>\n<p><strong><em>Montaggio:<\/em><\/strong><\/p>\n<p>Nel punto di montaggio il tubo viene interrotto e viene tagliata la porzione necessaria corrispondente alla dimensione di Ionimax. Alle due estremit\u00e0 del tubo vengono montati le rispettive teste della vite di dimensione necessaria. Il filo viene provvisto di materiale sigillante e Ionimax viene avvitata sulla testa filettata preparata. Dopo aver eseguito il montaggio deve essere verificata la tenuta dei raccordi. L&#8217;installazione deve essere eseguita da personale qualificato. Il produttore non \u00e8 responsabile per danni causati da un uso improprio.<\/p>\n<p><strong><em>Combinazione con filtro dell&#8217;acqua:<\/em><\/strong><\/p>\n<p>Nel caso stiate pensando ad una filtrazione nel vostro sistema d\u00b4acqua, ionimax dovrebbe essere l&#8217;ultimo dispositivo nel sistema per evitare possibili negate inutili delle sue funzioni.<\/p>\n<p><strong><em>Condizioni per un&#8217;uso corretto del prodotto:<\/em><\/strong><\/p>\n<p>Vicino a ionimax non ci dovrebbe essere alcuna tensione ad una distanza minima di 50 cm. Nel sistema non pu\u00f2 esserci uno scambiatore di ioni, un sistema elettromagnetico, rispettivamente un sistema di alimentazione esterna. In questo caso ionimax non sar\u00e0 efficace al tasso previsto.<\/p>\n<p>Analogamente sconsigliamo di installare ionimax in apparecchi con acqua salata, o che utilizzano soluzione salina, che annullerebbe la polarizzazione ionica. In questo caso ionimax non sar\u00e0 efficace al tasso previsto.<\/p>\n<p>Montare i dispositivi Ionimax per acque con normale conducibilit\u00e0 50-2000 uS\/cm2. Per le acque con una conducibilit\u00e0 superiore ionimax non sar\u00e0 efficace al tasso previsto, si ostruir\u00e0 molto pi\u00f9 velocemente e durer\u00e0 di meno. .<\/p>\n<p>Utilizzare con temperatura dell\u00b4acqua da 0 a 100C \u00b0. Non \u00e8 inteso per il trattamento di vapore in un tubo chiuso per evitare danni alle apparecchiature.<\/p>\n<p>La portata massima di flusso dell\u00b4acqua attraverso il dispositivo \u00e8 di 4 m\/s (quando si seleziona il tipo di dispositivo si tiene conto di questo dato e la portata massima non \u00e8 solo un&#8217;indicazione del diametro del tubo). Nel caso di una velocit\u00e0 dell&#8217;acqua pi\u00f9 alta non garantiamo l&#8217;efficienza al tasso previsto.<\/p>\n<p>I dispositivi Ionimax sono progettati per pressioni fino a 1 MPa. Una pressione maggiore pu\u00f2 danneggiare il dispositivo ionimax.<\/p>\n<p>Non smontate o aprite il dispositivo Ionimax in alcun modo. Questo dispositivo con la sua apertura perde la sua funzionalit\u00e0 e garanzia. Contattare il produttore. Allo stesso tempo possono essere allentate piccole parti. Non lasciare manipolare da bambini.[\/vc_column_text][\/vc_column_inner][\/vc_row_inner][\/vc_column][\/vc_row]<\/p>\n<\/div>","protected":false},"excerpt":{"rendered":"<p>[vc_row css=&#8221;.vc_custom_1489102263611{padding-top: 50px !important;}&#8221;][vc_column][vc_row_inner][vc_column_inner][lab_heading title=&#8221;ionimax\u00ae&#8221; el_class=&#8221;title centered&#8221;]Dispositivo polarizzatore a ioni[\/lab_heading][vc_single_image image=&#8221;1156&#8243; img_size=&#8221;full&#8221; alignment=&#8221;center&#8221;][\/vc_column_inner][\/vc_row_inner][vc_row_inner][vc_column_inner width=&#8221;1\/2&#8243;][lab_heading title=&#8221;Descrizione del prodotto:&#8221;][\/lab_heading][vc_column_text]Dispositivo polarizzatore a ioni \u2013 ionimax \u2013 \u00e8 un dispositivo per il trattamento dell&#8217;acqua che previene la formazione di calcare, aiuta la sua rimozione e ha molti altri vantaggi. Il Ionimax comprende un\u00b4elemento di flusso avente un ingresso ed&hellip;<\/p>\n","protected":false},"author":3,"featured_media":0,"parent":0,"menu_order":0,"comment_status":"closed","ping_status":"closed","template":"","meta":{"_acf_changed":false,"footnotes":""},"class_list":["post-1981","page","type-page","status-publish","hentry"],"acf":[],"yoast_head":"<!-- This site is optimized with the Yoast SEO plugin v23.6 - https:\/\/yoast.com\/wordpress\/plugins\/seo\/ -->\n<title>ionimax\u00ae - Two Eco<\/title>\n<meta name=\"robots\" content=\"index, follow, max-snippet:-1, max-image-preview:large, max-video-preview:-1\" \/>\n<link rel=\"canonical\" href=\"https:\/\/twoeco.sk\/ionimax\/\" \/>\n<meta property=\"og:locale\" content=\"it_IT\" \/>\n<meta property=\"og:type\" content=\"article\" \/>\n<meta property=\"og:title\" content=\"ionimax\u00ae - Two Eco\" \/>\n<meta property=\"og:description\" content=\"[vc_row css=&#8221;.vc_custom_1489102263611{padding-top: 50px !important;}&#8221;][vc_column][vc_row_inner][vc_column_inner][lab_heading title=&#8221;ionimax\u00ae&#8221; el_class=&#8221;title centered&#8221;]Dispositivo polarizzatore a ioni[\/lab_heading][vc_single_image image=&#8221;1156&#8243; img_size=&#8221;full&#8221; alignment=&#8221;center&#8221;][\/vc_column_inner][\/vc_row_inner][vc_row_inner][vc_column_inner width=&#8221;1\/2&#8243;][lab_heading title=&#8221;Descrizione del prodotto:&#8221;][\/lab_heading][vc_column_text]Dispositivo polarizzatore a ioni \u2013 ionimax \u2013 \u00e8 un dispositivo per il trattamento dell&#8217;acqua che previene la formazione di calcare, aiuta la sua rimozione e ha molti altri vantaggi. Il Ionimax comprende un\u00b4elemento di flusso avente un ingresso ed&hellip;\" \/>\n<meta property=\"og:url\" content=\"https:\/\/twoeco.sk\/ionimax\/\" \/>\n<meta property=\"og:site_name\" content=\"Two Eco\" \/>\n<meta property=\"article:publisher\" content=\"https:\/\/www.facebook.com\/Ionimax-1357153714295887\/\" \/>\n<meta property=\"article:modified_time\" content=\"2017-06-17T14:52:18+00:00\" \/>\n<meta name=\"twitter:card\" content=\"summary_large_image\" \/>\n<meta name=\"twitter:label1\" content=\"Tempo di lettura stimato\" \/>\n\t<meta name=\"twitter:data1\" content=\"5 minuti\" \/>\n<script type=\"application\/ld+json\" class=\"yoast-schema-graph\">{\"@context\":\"https:\/\/schema.org\",\"@graph\":[{\"@type\":\"WebPage\",\"@id\":\"https:\/\/twoeco.sk\/ionimax\/\",\"url\":\"https:\/\/twoeco.sk\/ionimax\/\",\"name\":\"ionimax\u00ae - Two Eco\",\"isPartOf\":{\"@id\":\"https:\/\/twoeco.sk\/#website\"},\"datePublished\":\"2017-03-09T23:30:26+00:00\",\"dateModified\":\"2017-06-17T14:52:18+00:00\",\"breadcrumb\":{\"@id\":\"https:\/\/twoeco.sk\/ionimax\/#breadcrumb\"},\"inLanguage\":\"it-IT\",\"potentialAction\":[{\"@type\":\"ReadAction\",\"target\":[\"https:\/\/twoeco.sk\/ionimax\/\"]}]},{\"@type\":\"BreadcrumbList\",\"@id\":\"https:\/\/twoeco.sk\/ionimax\/#breadcrumb\",\"itemListElement\":[{\"@type\":\"ListItem\",\"position\":1,\"name\":\"Home\",\"item\":\"https:\/\/twoeco.sk\/\"},{\"@type\":\"ListItem\",\"position\":2,\"name\":\"ionimax\u00ae\"}]},{\"@type\":\"WebSite\",\"@id\":\"https:\/\/twoeco.sk\/#website\",\"url\":\"https:\/\/twoeco.sk\/\",\"name\":\"Two Eco\",\"description\":\"Viac ako \u010dist\u00e1 voda\",\"publisher\":{\"@id\":\"https:\/\/twoeco.sk\/#organization\"},\"potentialAction\":[{\"@type\":\"SearchAction\",\"target\":{\"@type\":\"EntryPoint\",\"urlTemplate\":\"https:\/\/twoeco.sk\/?s={search_term_string}\"},\"query-input\":{\"@type\":\"PropertyValueSpecification\",\"valueRequired\":true,\"valueName\":\"search_term_string\"}}],\"inLanguage\":\"it-IT\"},{\"@type\":\"Organization\",\"@id\":\"https:\/\/twoeco.sk\/#organization\",\"name\":\"Two ECO, s.r.o.\",\"url\":\"https:\/\/twoeco.sk\/\",\"logo\":{\"@type\":\"ImageObject\",\"inLanguage\":\"it-IT\",\"@id\":\"https:\/\/twoeco.sk\/#\/schema\/logo\/image\/\",\"url\":\"https:\/\/twoeco.sk\/wp-content\/uploads\/2016\/05\/logo-two-eco-farba.png\",\"contentUrl\":\"https:\/\/twoeco.sk\/wp-content\/uploads\/2016\/05\/logo-two-eco-farba.png\",\"width\":318,\"height\":74,\"caption\":\"Two ECO, s.r.o.\"},\"image\":{\"@id\":\"https:\/\/twoeco.sk\/#\/schema\/logo\/image\/\"},\"sameAs\":[\"https:\/\/www.facebook.com\/Ionimax-1357153714295887\/\"]}]}<\/script>\n<!-- \/ Yoast SEO plugin. -->","yoast_head_json":{"title":"ionimax\u00ae - Two Eco","robots":{"index":"index","follow":"follow","max-snippet":"max-snippet:-1","max-image-preview":"max-image-preview:large","max-video-preview":"max-video-preview:-1"},"canonical":"https:\/\/twoeco.sk\/ionimax\/","og_locale":"it_IT","og_type":"article","og_title":"ionimax\u00ae - Two Eco","og_description":"[vc_row css=&#8221;.vc_custom_1489102263611{padding-top: 50px !important;}&#8221;][vc_column][vc_row_inner][vc_column_inner][lab_heading title=&#8221;ionimax\u00ae&#8221; el_class=&#8221;title centered&#8221;]Dispositivo polarizzatore a ioni[\/lab_heading][vc_single_image image=&#8221;1156&#8243; img_size=&#8221;full&#8221; alignment=&#8221;center&#8221;][\/vc_column_inner][\/vc_row_inner][vc_row_inner][vc_column_inner width=&#8221;1\/2&#8243;][lab_heading title=&#8221;Descrizione del prodotto:&#8221;][\/lab_heading][vc_column_text]Dispositivo polarizzatore a ioni \u2013 ionimax \u2013 \u00e8 un dispositivo per il trattamento dell&#8217;acqua che previene la formazione di calcare, aiuta la sua rimozione e ha molti altri vantaggi. Il Ionimax comprende un\u00b4elemento di flusso avente un ingresso ed&hellip;","og_url":"https:\/\/twoeco.sk\/ionimax\/","og_site_name":"Two Eco","article_publisher":"https:\/\/www.facebook.com\/Ionimax-1357153714295887\/","article_modified_time":"2017-06-17T14:52:18+00:00","twitter_card":"summary_large_image","twitter_misc":{"Tempo di lettura stimato":"5 minuti"},"schema":{"@context":"https:\/\/schema.org","@graph":[{"@type":"WebPage","@id":"https:\/\/twoeco.sk\/ionimax\/","url":"https:\/\/twoeco.sk\/ionimax\/","name":"ionimax\u00ae - Two Eco","isPartOf":{"@id":"https:\/\/twoeco.sk\/#website"},"datePublished":"2017-03-09T23:30:26+00:00","dateModified":"2017-06-17T14:52:18+00:00","breadcrumb":{"@id":"https:\/\/twoeco.sk\/ionimax\/#breadcrumb"},"inLanguage":"it-IT","potentialAction":[{"@type":"ReadAction","target":["https:\/\/twoeco.sk\/ionimax\/"]}]},{"@type":"BreadcrumbList","@id":"https:\/\/twoeco.sk\/ionimax\/#breadcrumb","itemListElement":[{"@type":"ListItem","position":1,"name":"Home","item":"https:\/\/twoeco.sk\/"},{"@type":"ListItem","position":2,"name":"ionimax\u00ae"}]},{"@type":"WebSite","@id":"https:\/\/twoeco.sk\/#website","url":"https:\/\/twoeco.sk\/","name":"Two Eco","description":"Viac ako \u010dist\u00e1 voda","publisher":{"@id":"https:\/\/twoeco.sk\/#organization"},"potentialAction":[{"@type":"SearchAction","target":{"@type":"EntryPoint","urlTemplate":"https:\/\/twoeco.sk\/?s={search_term_string}"},"query-input":{"@type":"PropertyValueSpecification","valueRequired":true,"valueName":"search_term_string"}}],"inLanguage":"it-IT"},{"@type":"Organization","@id":"https:\/\/twoeco.sk\/#organization","name":"Two ECO, s.r.o.","url":"https:\/\/twoeco.sk\/","logo":{"@type":"ImageObject","inLanguage":"it-IT","@id":"https:\/\/twoeco.sk\/#\/schema\/logo\/image\/","url":"https:\/\/twoeco.sk\/wp-content\/uploads\/2016\/05\/logo-two-eco-farba.png","contentUrl":"https:\/\/twoeco.sk\/wp-content\/uploads\/2016\/05\/logo-two-eco-farba.png","width":318,"height":74,"caption":"Two ECO, s.r.o."},"image":{"@id":"https:\/\/twoeco.sk\/#\/schema\/logo\/image\/"},"sameAs":["https:\/\/www.facebook.com\/Ionimax-1357153714295887\/"]}]}},"_links":{"self":[{"href":"https:\/\/twoeco.sk\/it\/wp-json\/wp\/v2\/pages\/1981"}],"collection":[{"href":"https:\/\/twoeco.sk\/it\/wp-json\/wp\/v2\/pages"}],"about":[{"href":"https:\/\/twoeco.sk\/it\/wp-json\/wp\/v2\/types\/page"}],"author":[{"embeddable":true,"href":"https:\/\/twoeco.sk\/it\/wp-json\/wp\/v2\/users\/3"}],"replies":[{"embeddable":true,"href":"https:\/\/twoeco.sk\/it\/wp-json\/wp\/v2\/comments?post=1981"}],"version-history":[{"count":3,"href":"https:\/\/twoeco.sk\/it\/wp-json\/wp\/v2\/pages\/1981\/revisions"}],"predecessor-version":[{"id":1986,"href":"https:\/\/twoeco.sk\/it\/wp-json\/wp\/v2\/pages\/1981\/revisions\/1986"}],"wp:attachment":[{"href":"https:\/\/twoeco.sk\/it\/wp-json\/wp\/v2\/media?parent=1981"}],"curies":[{"name":"wp","href":"https:\/\/api.w.org\/{rel}","templated":true}]}}