{"id":2093,"date":"2017-03-23T08:52:56","date_gmt":"2017-03-23T07:52:56","guid":{"rendered":"https:\/\/twoeco.sk\/jednoduchsia-udrzba-bez-zbytocnej-chemie\/"},"modified":"2017-08-10T14:34:37","modified_gmt":"2017-08-10T12:34:37","slug":"jednoduchsia-udrzba-bez-zbytocnej-chemie","status":"publish","type":"page","link":"https:\/\/twoeco.sk\/it\/jednoduchsia-udrzba-bez-zbytocnej-chemie\/","title":{"rendered":"Jednoduch\u0161ia \u00fadr\u017eba bez zbyto\u010dnej ch\u00e9mie"},"content":{"rendered":"<div class=\"wpb-content-wrapper\"><p>[vc_row css=&#8221;.vc_custom_1489102263611{padding-top: 50px !important;}&#8221;][vc_column][vc_row_inner][vc_column_inner][lab_heading title=&#8221;Facile manutenzione senza inutili sostanze chimiche&#8221; el_class=&#8221;title centered&#8221;]Niente pi\u00f9 calcare, gestione economica, meno chimica e meno allergie<br \/>\n[\/lab_heading][\/vc_column_inner][\/vc_row_inner][vc_row_inner][vc_column_inner][lab_heading title=&#8221;Facile manutenzione senza inutili sostanze chimiche&#8221;][\/lab_heading][vc_column_text]<\/p>\n<ul>\n<li><strong>Vi prendete cura della vostra piscina, laghetto o fontana?<\/strong><\/li>\n<li><strong>Vorreste utilizzare meno prodotti chimici durante questa cura?<\/strong><\/li>\n<li><strong>Vi preoccupa il calcare nei tubi, sui gradini, nelle uscite o in fondo alla piscina?<\/strong><\/li>\n<\/ul>\n<p>Piacevoli momenti nella piscina di casa, vicino al laghetto sono quasi insostituibili. A chi non piacerebbe? La cura di questi dispositivi a casa costa i proprietari molti sforzi e fatica.<\/p>\n<p>La rimozione delle impurit\u00e0 superficiali, come anche la formazione di calcare, la polvere cadente e gli insetti, i quali a sua volta promuovono la formazione di alghe e torbidit\u00e0 non sono i benvenuti dai proprietari delle piscine.<\/p>\n<p>Il vostro aiuto e un\u00b4ottima prevenzione saranno ionimax, il quale verr\u00e0 semplicemente installato nel tubo di entrata, in modo da garantire l&#8217;arresto della formazione del calcare in tutta la rete di distribuzione, riducendo gradualmente anche i vecchi depositi.<\/p>\n<p>L\u00b4acqua trattata con Ionimax, quindi l\u00b4acqua ionizzata non permettere al calcio e ad altri minerali di formare dei legami solidi e cristallini, non permette la loro sedimentazione, sono facilmente rimovibili, spesso anche senza l&#8217;uso di sostanze chimiche. Basta un panno ordinario. Quindi ridurrete anche la possibilit\u00e0 di moltiplicazione di batteri indesiderati in tali strati dei tubi. Ionimax riduce il loro verificarsi, per esempio nell\u00b4acqua calda per pi\u00f9 di dieci volte. Ionimax e l\u00b4acqua ionizzata influenza anche il rilascio di cloro, la sua volatilit\u00e0 \u00e8 maggiore.<\/p>\n<p>\u00c8 possibile prolungare la durata del vostro dispositivo, concedere una manutenzione meno intensiva e evitare alcune sostanze chimiche, plastificanti e inutili allergie a loro.\u00a0<strong>Ionimax \u00e8 un complemento ideale per ogni piscina<\/strong>, semplifica e razionalizza il suo funzionamento.\u00a0Ionimax non ingombra e non disorganizza il design della vostra casa.[\/vc_column_text][\/vc_column_inner][\/vc_row_inner][\/vc_column][\/vc_row]<\/p>\n<\/div>","protected":false},"excerpt":{"rendered":"<p>[vc_row css=&#8221;.vc_custom_1489102263611{padding-top: 50px !important;}&#8221;][vc_column][vc_row_inner][vc_column_inner][lab_heading title=&#8221;Facile manutenzione senza inutili sostanze chimiche&#8221; el_class=&#8221;title centered&#8221;]Niente pi\u00f9 calcare, gestione economica, meno chimica e meno allergie [\/lab_heading][\/vc_column_inner][\/vc_row_inner][vc_row_inner][vc_column_inner][lab_heading title=&#8221;Facile manutenzione senza inutili sostanze chimiche&#8221;][\/lab_heading][vc_column_text] Vi prendete cura della vostra piscina, laghetto o fontana? Vorreste utilizzare meno prodotti chimici durante questa cura? Vi preoccupa il calcare nei tubi, sui gradini, nelle uscite&hellip;<\/p>\n","protected":false},"author":3,"featured_media":0,"parent":0,"menu_order":0,"comment_status":"closed","ping_status":"closed","template":"","meta":{"_acf_changed":false,"footnotes":""},"class_list":["post-2093","page","type-page","status-publish","hentry"],"acf":[],"yoast_head":"<!-- This site is optimized with the Yoast SEO plugin v23.6 - https:\/\/yoast.com\/wordpress\/plugins\/seo\/ -->\n<title>Jednoduch\u0161ia \u00fadr\u017eba bez zbyto\u010dnej ch\u00e9mie - Two Eco<\/title>\n<meta name=\"robots\" content=\"index, follow, max-snippet:-1, max-image-preview:large, max-video-preview:-1\" \/>\n<link rel=\"canonical\" href=\"https:\/\/twoeco.sk\/jednoduchsia-udrzba-bez-zbytocnej-chemie\/\" \/>\n<meta property=\"og:locale\" content=\"it_IT\" \/>\n<meta property=\"og:type\" content=\"article\" \/>\n<meta property=\"og:title\" content=\"Jednoduch\u0161ia \u00fadr\u017eba bez zbyto\u010dnej ch\u00e9mie - Two Eco\" \/>\n<meta property=\"og:description\" content=\"[vc_row css=&#8221;.vc_custom_1489102263611{padding-top: 50px !important;}&#8221;][vc_column][vc_row_inner][vc_column_inner][lab_heading title=&#8221;Facile manutenzione senza inutili sostanze chimiche&#8221; el_class=&#8221;title centered&#8221;]Niente pi\u00f9 calcare, gestione economica, meno chimica e meno allergie [\/lab_heading][\/vc_column_inner][\/vc_row_inner][vc_row_inner][vc_column_inner][lab_heading title=&#8221;Facile manutenzione senza inutili sostanze chimiche&#8221;][\/lab_heading][vc_column_text] Vi prendete cura della vostra piscina, laghetto o fontana? Vorreste utilizzare meno prodotti chimici durante questa cura? Vi preoccupa il calcare nei tubi, sui gradini, nelle uscite&hellip;\" \/>\n<meta property=\"og:url\" content=\"https:\/\/twoeco.sk\/jednoduchsia-udrzba-bez-zbytocnej-chemie\/\" \/>\n<meta property=\"og:site_name\" content=\"Two Eco\" \/>\n<meta property=\"article:publisher\" content=\"https:\/\/www.facebook.com\/Ionimax-1357153714295887\/\" \/>\n<meta property=\"article:modified_time\" content=\"2017-08-10T12:34:37+00:00\" \/>\n<meta name=\"twitter:card\" content=\"summary_large_image\" \/>\n<meta name=\"twitter:label1\" content=\"Tempo di lettura stimato\" \/>\n\t<meta name=\"twitter:data1\" content=\"2 minuti\" \/>\n<script type=\"application\/ld+json\" class=\"yoast-schema-graph\">{\"@context\":\"https:\/\/schema.org\",\"@graph\":[{\"@type\":\"WebPage\",\"@id\":\"https:\/\/twoeco.sk\/jednoduchsia-udrzba-bez-zbytocnej-chemie\/\",\"url\":\"https:\/\/twoeco.sk\/jednoduchsia-udrzba-bez-zbytocnej-chemie\/\",\"name\":\"Jednoduch\u0161ia \u00fadr\u017eba bez zbyto\u010dnej ch\u00e9mie - Two Eco\",\"isPartOf\":{\"@id\":\"https:\/\/twoeco.sk\/#website\"},\"datePublished\":\"2017-03-23T07:52:56+00:00\",\"dateModified\":\"2017-08-10T12:34:37+00:00\",\"breadcrumb\":{\"@id\":\"https:\/\/twoeco.sk\/jednoduchsia-udrzba-bez-zbytocnej-chemie\/#breadcrumb\"},\"inLanguage\":\"it-IT\",\"potentialAction\":[{\"@type\":\"ReadAction\",\"target\":[\"https:\/\/twoeco.sk\/jednoduchsia-udrzba-bez-zbytocnej-chemie\/\"]}]},{\"@type\":\"BreadcrumbList\",\"@id\":\"https:\/\/twoeco.sk\/jednoduchsia-udrzba-bez-zbytocnej-chemie\/#breadcrumb\",\"itemListElement\":[{\"@type\":\"ListItem\",\"position\":1,\"name\":\"Home\",\"item\":\"https:\/\/twoeco.sk\/\"},{\"@type\":\"ListItem\",\"position\":2,\"name\":\"Jednoduch\u0161ia \u00fadr\u017eba bez zbyto\u010dnej ch\u00e9mie\"}]},{\"@type\":\"WebSite\",\"@id\":\"https:\/\/twoeco.sk\/#website\",\"url\":\"https:\/\/twoeco.sk\/\",\"name\":\"Two Eco\",\"description\":\"Viac ako \u010dist\u00e1 voda\",\"publisher\":{\"@id\":\"https:\/\/twoeco.sk\/#organization\"},\"potentialAction\":[{\"@type\":\"SearchAction\",\"target\":{\"@type\":\"EntryPoint\",\"urlTemplate\":\"https:\/\/twoeco.sk\/?s={search_term_string}\"},\"query-input\":{\"@type\":\"PropertyValueSpecification\",\"valueRequired\":true,\"valueName\":\"search_term_string\"}}],\"inLanguage\":\"it-IT\"},{\"@type\":\"Organization\",\"@id\":\"https:\/\/twoeco.sk\/#organization\",\"name\":\"Two ECO, s.r.o.\",\"url\":\"https:\/\/twoeco.sk\/\",\"logo\":{\"@type\":\"ImageObject\",\"inLanguage\":\"it-IT\",\"@id\":\"https:\/\/twoeco.sk\/#\/schema\/logo\/image\/\",\"url\":\"https:\/\/twoeco.sk\/wp-content\/uploads\/2016\/05\/logo-two-eco-farba.png\",\"contentUrl\":\"https:\/\/twoeco.sk\/wp-content\/uploads\/2016\/05\/logo-two-eco-farba.png\",\"width\":318,\"height\":74,\"caption\":\"Two ECO, s.r.o.\"},\"image\":{\"@id\":\"https:\/\/twoeco.sk\/#\/schema\/logo\/image\/\"},\"sameAs\":[\"https:\/\/www.facebook.com\/Ionimax-1357153714295887\/\"]}]}<\/script>\n<!-- \/ Yoast SEO plugin. -->","yoast_head_json":{"title":"Jednoduch\u0161ia \u00fadr\u017eba bez zbyto\u010dnej ch\u00e9mie - Two Eco","robots":{"index":"index","follow":"follow","max-snippet":"max-snippet:-1","max-image-preview":"max-image-preview:large","max-video-preview":"max-video-preview:-1"},"canonical":"https:\/\/twoeco.sk\/jednoduchsia-udrzba-bez-zbytocnej-chemie\/","og_locale":"it_IT","og_type":"article","og_title":"Jednoduch\u0161ia \u00fadr\u017eba bez zbyto\u010dnej ch\u00e9mie - Two Eco","og_description":"[vc_row css=&#8221;.vc_custom_1489102263611{padding-top: 50px !important;}&#8221;][vc_column][vc_row_inner][vc_column_inner][lab_heading title=&#8221;Facile manutenzione senza inutili sostanze chimiche&#8221; el_class=&#8221;title centered&#8221;]Niente pi\u00f9 calcare, gestione economica, meno chimica e meno allergie [\/lab_heading][\/vc_column_inner][\/vc_row_inner][vc_row_inner][vc_column_inner][lab_heading title=&#8221;Facile manutenzione senza inutili sostanze chimiche&#8221;][\/lab_heading][vc_column_text] Vi prendete cura della vostra piscina, laghetto o fontana? Vorreste utilizzare meno prodotti chimici durante questa cura? Vi preoccupa il calcare nei tubi, sui gradini, nelle uscite&hellip;","og_url":"https:\/\/twoeco.sk\/jednoduchsia-udrzba-bez-zbytocnej-chemie\/","og_site_name":"Two Eco","article_publisher":"https:\/\/www.facebook.com\/Ionimax-1357153714295887\/","article_modified_time":"2017-08-10T12:34:37+00:00","twitter_card":"summary_large_image","twitter_misc":{"Tempo di lettura stimato":"2 minuti"},"schema":{"@context":"https:\/\/schema.org","@graph":[{"@type":"WebPage","@id":"https:\/\/twoeco.sk\/jednoduchsia-udrzba-bez-zbytocnej-chemie\/","url":"https:\/\/twoeco.sk\/jednoduchsia-udrzba-bez-zbytocnej-chemie\/","name":"Jednoduch\u0161ia \u00fadr\u017eba bez zbyto\u010dnej ch\u00e9mie - Two Eco","isPartOf":{"@id":"https:\/\/twoeco.sk\/#website"},"datePublished":"2017-03-23T07:52:56+00:00","dateModified":"2017-08-10T12:34:37+00:00","breadcrumb":{"@id":"https:\/\/twoeco.sk\/jednoduchsia-udrzba-bez-zbytocnej-chemie\/#breadcrumb"},"inLanguage":"it-IT","potentialAction":[{"@type":"ReadAction","target":["https:\/\/twoeco.sk\/jednoduchsia-udrzba-bez-zbytocnej-chemie\/"]}]},{"@type":"BreadcrumbList","@id":"https:\/\/twoeco.sk\/jednoduchsia-udrzba-bez-zbytocnej-chemie\/#breadcrumb","itemListElement":[{"@type":"ListItem","position":1,"name":"Home","item":"https:\/\/twoeco.sk\/"},{"@type":"ListItem","position":2,"name":"Jednoduch\u0161ia \u00fadr\u017eba bez zbyto\u010dnej ch\u00e9mie"}]},{"@type":"WebSite","@id":"https:\/\/twoeco.sk\/#website","url":"https:\/\/twoeco.sk\/","name":"Two Eco","description":"Viac ako \u010dist\u00e1 voda","publisher":{"@id":"https:\/\/twoeco.sk\/#organization"},"potentialAction":[{"@type":"SearchAction","target":{"@type":"EntryPoint","urlTemplate":"https:\/\/twoeco.sk\/?s={search_term_string}"},"query-input":{"@type":"PropertyValueSpecification","valueRequired":true,"valueName":"search_term_string"}}],"inLanguage":"it-IT"},{"@type":"Organization","@id":"https:\/\/twoeco.sk\/#organization","name":"Two ECO, s.r.o.","url":"https:\/\/twoeco.sk\/","logo":{"@type":"ImageObject","inLanguage":"it-IT","@id":"https:\/\/twoeco.sk\/#\/schema\/logo\/image\/","url":"https:\/\/twoeco.sk\/wp-content\/uploads\/2016\/05\/logo-two-eco-farba.png","contentUrl":"https:\/\/twoeco.sk\/wp-content\/uploads\/2016\/05\/logo-two-eco-farba.png","width":318,"height":74,"caption":"Two ECO, s.r.o."},"image":{"@id":"https:\/\/twoeco.sk\/#\/schema\/logo\/image\/"},"sameAs":["https:\/\/www.facebook.com\/Ionimax-1357153714295887\/"]}]}},"_links":{"self":[{"href":"https:\/\/twoeco.sk\/it\/wp-json\/wp\/v2\/pages\/2093"}],"collection":[{"href":"https:\/\/twoeco.sk\/it\/wp-json\/wp\/v2\/pages"}],"about":[{"href":"https:\/\/twoeco.sk\/it\/wp-json\/wp\/v2\/types\/page"}],"author":[{"embeddable":true,"href":"https:\/\/twoeco.sk\/it\/wp-json\/wp\/v2\/users\/3"}],"replies":[{"embeddable":true,"href":"https:\/\/twoeco.sk\/it\/wp-json\/wp\/v2\/comments?post=2093"}],"version-history":[{"count":2,"href":"https:\/\/twoeco.sk\/it\/wp-json\/wp\/v2\/pages\/2093\/revisions"}],"predecessor-version":[{"id":2161,"href":"https:\/\/twoeco.sk\/it\/wp-json\/wp\/v2\/pages\/2093\/revisions\/2161"}],"wp:attachment":[{"href":"https:\/\/twoeco.sk\/it\/wp-json\/wp\/v2\/media?parent=2093"}],"curies":[{"name":"wp","href":"https:\/\/api.w.org\/{rel}","templated":true}]}}