{"id":1493,"date":"2017-02-16T09:49:00","date_gmt":"2017-02-16T08:49:00","guid":{"rendered":"https:\/\/twoeco.sk\/vodny-kamen\/"},"modified":"2017-05-27T17:51:19","modified_gmt":"2017-05-27T15:51:19","slug":"vodny-kamen","status":"publish","type":"page","link":"https:\/\/twoeco.sk\/pl\/vodny-kamen\/","title":{"rendered":"Kamie\u0144"},"content":{"rendered":"<div class=\"wpb-content-wrapper\"><p>[vc_row][vc_column][lab_heading title=&#8221;Kamie\u0144&#8221; el_class=&#8221;title&#8221; css=&#8221;.vc_custom_1495900274675{padding-top: 50px !important;}&#8221;][\/lab_heading][vc_column_text]<strong>Czy martwi Ci\u0119 kamie\u0144 w rurach?<\/strong><\/p>\n<p><strong>Chcesz ochroni\u0107 przed nim sw\u00f3j sprz\u0119t?<\/strong><\/p>\n<p><strong>Marzysz o idealnie wypranej bieli\u017anie, ale jest to niemo\u017cliwe w twardej wodzie?<\/strong><\/p>\n<p><strong>Chcesz unikn\u0105\u0107 stosowania chemicznych \u015brodk\u00f3w zmi\u0119kczaj\u0105cych?<\/strong><\/p>\n<p><strong>Masz dosy\u0107 szorowania kamienia osadzonego w kuchni i \u0142azience?<\/strong>[\/vc_column_text][vc_separator style=&#8221;dotted&#8221; border_width=&#8221;2&#8243;][vc_row_inner][vc_column_inner][vc_column_text]<\/p>\n<p class=\"p1\"><b><img loading=\"lazy\" decoding=\"async\" class=\" wp-image-894 alignleft\" src=\"https:\/\/twoeco.sk\/wp-content\/uploads\/2017\/02\/shutterstock_218515030-min-300x200.jpg\" alt=\"\" width=\"387\" height=\"258\" srcset=\"https:\/\/twoeco.sk\/wp-content\/uploads\/2017\/02\/shutterstock_218515030-min-300x200.jpg 300w, https:\/\/twoeco.sk\/wp-content\/uploads\/2017\/02\/shutterstock_218515030-min-768x512.jpg 768w, https:\/\/twoeco.sk\/wp-content\/uploads\/2017\/02\/shutterstock_218515030-min-1024x683.jpg 1024w, https:\/\/twoeco.sk\/wp-content\/uploads\/2017\/02\/shutterstock_218515030-min-1612x1075.jpg 1612w, https:\/\/twoeco.sk\/wp-content\/uploads\/2017\/02\/shutterstock_218515030-min-1116x744.jpg 1116w, https:\/\/twoeco.sk\/wp-content\/uploads\/2017\/02\/shutterstock_218515030-min-806x537.jpg 806w, https:\/\/twoeco.sk\/wp-content\/uploads\/2017\/02\/shutterstock_218515030-min-558x372.jpg 558w, https:\/\/twoeco.sk\/wp-content\/uploads\/2017\/02\/shutterstock_218515030-min-655x437.jpg 655w\" sizes=\"(max-width: 387px) 100vw, 387px\" \/><\/b><\/p>\n<p><strong>Pozb\u0105d\u017a si\u0119 osadu z kamienia i twardej wody, bez zb\u0119dnych chemikali\u00f3w. Skorzystaj z naukowej nowo\u015bci &#8211; jonowej polaryzacji wody, kt\u00f3re znajdziesz w naszym urz\u0105dzeniu ionimax.<\/strong><\/p>\n<p>Ionimax to unikalny system uzdatniania wody, to po prostu \u201erura\u201d, kt\u00f3ra usunie osad kamienia, doda wodzie witalno\u015bci, zdrowia, czysto\u015bci, zaoszcz\u0119dzi Twoje pieni\u0105dze, sprz\u0119t, i nie zaszkodzi \u015brodowisku naturalnemu. Pracuje bez obs\u0142ugi i konserwacji, bez korzystania z zasilania elektrycznego i bez chemii. Ionimax nie przeszkadza, nie narusza wzornictwa Twojego domu.\u00a0Woda zachowuje wszystkie sk\u0142adniki od\u017cywcze, w tym minera\u0142y, wi\u0119c zapewnia wysok\u0105 jako\u015b\u0107 spo\u017cywanych napoj\u00f3w.<\/p>\n<p><strong>Osad z kamienia stopniowo zanika, a nowy ju\u017c si\u0119 nie tworzy.<\/strong><\/p>\n<p class=\"p1\"><b>\u00a0<\/b><\/p>\n<p>[\/vc_column_text][\/vc_column_inner][\/vc_row_inner][\/vc_column][\/vc_row]<\/p>\n<\/div>","protected":false},"excerpt":{"rendered":"<p>[vc_row][vc_column][lab_heading title=&#8221;Kamie\u0144&#8221; el_class=&#8221;title&#8221; css=&#8221;.vc_custom_1495900274675{padding-top: 50px !important;}&#8221;][\/lab_heading][vc_column_text]Czy martwi Ci\u0119 kamie\u0144 w rurach? Chcesz ochroni\u0107 przed nim sw\u00f3j sprz\u0119t? Marzysz o idealnie wypranej bieli\u017anie, ale jest to niemo\u017cliwe w twardej wodzie? Chcesz unikn\u0105\u0107 stosowania chemicznych \u015brodk\u00f3w zmi\u0119kczaj\u0105cych? Masz dosy\u0107 szorowania kamienia osadzonego w kuchni i \u0142azience?[\/vc_column_text][vc_separator style=&#8221;dotted&#8221; border_width=&#8221;2&#8243;][vc_row_inner][vc_column_inner][vc_column_text] Pozb\u0105d\u017a si\u0119 osadu z kamienia i twardej wody, bez&hellip;<\/p>\n","protected":false},"author":3,"featured_media":0,"parent":0,"menu_order":0,"comment_status":"closed","ping_status":"closed","template":"","meta":{"_acf_changed":false,"footnotes":""},"class_list":["post-1493","page","type-page","status-publish","hentry"],"acf":[],"yoast_head":"<!-- This site is optimized with the Yoast SEO plugin v23.6 - https:\/\/yoast.com\/wordpress\/plugins\/seo\/ -->\n<title>Kamie\u0144 - Two Eco<\/title>\n<meta name=\"robots\" content=\"index, follow, max-snippet:-1, max-image-preview:large, max-video-preview:-1\" \/>\n<link rel=\"canonical\" href=\"https:\/\/twoeco.sk\/vodny-kamen\/\" \/>\n<meta property=\"og:locale\" content=\"pl_PL\" \/>\n<meta property=\"og:type\" content=\"article\" \/>\n<meta property=\"og:title\" content=\"Kamie\u0144 - Two Eco\" \/>\n<meta property=\"og:description\" content=\"[vc_row][vc_column][lab_heading title=&#8221;Kamie\u0144&#8221; el_class=&#8221;title&#8221; css=&#8221;.vc_custom_1495900274675{padding-top: 50px !important;}&#8221;][\/lab_heading][vc_column_text]Czy martwi Ci\u0119 kamie\u0144 w rurach? Chcesz ochroni\u0107 przed nim sw\u00f3j sprz\u0119t? Marzysz o idealnie wypranej bieli\u017anie, ale jest to niemo\u017cliwe w twardej wodzie? Chcesz unikn\u0105\u0107 stosowania chemicznych \u015brodk\u00f3w zmi\u0119kczaj\u0105cych? Masz dosy\u0107 szorowania kamienia osadzonego w kuchni i \u0142azience?[\/vc_column_text][vc_separator style=&#8221;dotted&#8221; border_width=&#8221;2&#8243;][vc_row_inner][vc_column_inner][vc_column_text] Pozb\u0105d\u017a si\u0119 osadu z kamienia i twardej wody, bez&hellip;\" \/>\n<meta property=\"og:url\" content=\"https:\/\/twoeco.sk\/vodny-kamen\/\" \/>\n<meta property=\"og:site_name\" content=\"Two Eco\" \/>\n<meta property=\"article:publisher\" content=\"https:\/\/www.facebook.com\/Ionimax-1357153714295887\/\" \/>\n<meta property=\"article:modified_time\" content=\"2017-05-27T15:51:19+00:00\" \/>\n<meta property=\"og:image\" content=\"https:\/\/twoeco.sk\/wp-content\/uploads\/2017\/02\/shutterstock_218515030-min.jpg\" \/>\n\t<meta property=\"og:image:width\" content=\"5472\" \/>\n\t<meta property=\"og:image:height\" content=\"3648\" \/>\n\t<meta property=\"og:image:type\" content=\"image\/jpeg\" \/>\n<meta name=\"twitter:card\" content=\"summary_large_image\" \/>\n<meta name=\"twitter:label1\" content=\"Szacowany czas czytania\" \/>\n\t<meta name=\"twitter:data1\" content=\"1 minuta\" \/>\n<script type=\"application\/ld+json\" class=\"yoast-schema-graph\">{\"@context\":\"https:\/\/schema.org\",\"@graph\":[{\"@type\":\"WebPage\",\"@id\":\"https:\/\/twoeco.sk\/vodny-kamen\/\",\"url\":\"https:\/\/twoeco.sk\/vodny-kamen\/\",\"name\":\"Kamie\u0144 - Two Eco\",\"isPartOf\":{\"@id\":\"https:\/\/twoeco.sk\/#website\"},\"primaryImageOfPage\":{\"@id\":\"https:\/\/twoeco.sk\/vodny-kamen\/#primaryimage\"},\"image\":{\"@id\":\"https:\/\/twoeco.sk\/vodny-kamen\/#primaryimage\"},\"thumbnailUrl\":\"https:\/\/twoeco.sk\/wp-content\/uploads\/2017\/02\/shutterstock_218515030-min-300x200.jpg\",\"datePublished\":\"2017-02-16T08:49:00+00:00\",\"dateModified\":\"2017-05-27T15:51:19+00:00\",\"breadcrumb\":{\"@id\":\"https:\/\/twoeco.sk\/vodny-kamen\/#breadcrumb\"},\"inLanguage\":\"pl-PL\",\"potentialAction\":[{\"@type\":\"ReadAction\",\"target\":[\"https:\/\/twoeco.sk\/vodny-kamen\/\"]}]},{\"@type\":\"ImageObject\",\"inLanguage\":\"pl-PL\",\"@id\":\"https:\/\/twoeco.sk\/vodny-kamen\/#primaryimage\",\"url\":\"https:\/\/twoeco.sk\/wp-content\/uploads\/2017\/02\/shutterstock_218515030-min-300x200.jpg\",\"contentUrl\":\"https:\/\/twoeco.sk\/wp-content\/uploads\/2017\/02\/shutterstock_218515030-min-300x200.jpg\"},{\"@type\":\"BreadcrumbList\",\"@id\":\"https:\/\/twoeco.sk\/vodny-kamen\/#breadcrumb\",\"itemListElement\":[{\"@type\":\"ListItem\",\"position\":1,\"name\":\"Home\",\"item\":\"https:\/\/twoeco.sk\/\"},{\"@type\":\"ListItem\",\"position\":2,\"name\":\"Kamie\u0144\"}]},{\"@type\":\"WebSite\",\"@id\":\"https:\/\/twoeco.sk\/#website\",\"url\":\"https:\/\/twoeco.sk\/\",\"name\":\"Two Eco\",\"description\":\"Viac ako \u010dist\u00e1 voda\",\"publisher\":{\"@id\":\"https:\/\/twoeco.sk\/#organization\"},\"potentialAction\":[{\"@type\":\"SearchAction\",\"target\":{\"@type\":\"EntryPoint\",\"urlTemplate\":\"https:\/\/twoeco.sk\/?s={search_term_string}\"},\"query-input\":{\"@type\":\"PropertyValueSpecification\",\"valueRequired\":true,\"valueName\":\"search_term_string\"}}],\"inLanguage\":\"pl-PL\"},{\"@type\":\"Organization\",\"@id\":\"https:\/\/twoeco.sk\/#organization\",\"name\":\"Two ECO, s.r.o.\",\"url\":\"https:\/\/twoeco.sk\/\",\"logo\":{\"@type\":\"ImageObject\",\"inLanguage\":\"pl-PL\",\"@id\":\"https:\/\/twoeco.sk\/#\/schema\/logo\/image\/\",\"url\":\"https:\/\/twoeco.sk\/wp-content\/uploads\/2016\/05\/logo-two-eco-farba.png\",\"contentUrl\":\"https:\/\/twoeco.sk\/wp-content\/uploads\/2016\/05\/logo-two-eco-farba.png\",\"width\":318,\"height\":74,\"caption\":\"Two ECO, s.r.o.\"},\"image\":{\"@id\":\"https:\/\/twoeco.sk\/#\/schema\/logo\/image\/\"},\"sameAs\":[\"https:\/\/www.facebook.com\/Ionimax-1357153714295887\/\"]}]}<\/script>\n<!-- \/ Yoast SEO plugin. -->","yoast_head_json":{"title":"Kamie\u0144 - Two Eco","robots":{"index":"index","follow":"follow","max-snippet":"max-snippet:-1","max-image-preview":"max-image-preview:large","max-video-preview":"max-video-preview:-1"},"canonical":"https:\/\/twoeco.sk\/vodny-kamen\/","og_locale":"pl_PL","og_type":"article","og_title":"Kamie\u0144 - Two Eco","og_description":"[vc_row][vc_column][lab_heading title=&#8221;Kamie\u0144&#8221; el_class=&#8221;title&#8221; css=&#8221;.vc_custom_1495900274675{padding-top: 50px !important;}&#8221;][\/lab_heading][vc_column_text]Czy martwi Ci\u0119 kamie\u0144 w rurach? Chcesz ochroni\u0107 przed nim sw\u00f3j sprz\u0119t? Marzysz o idealnie wypranej bieli\u017anie, ale jest to niemo\u017cliwe w twardej wodzie? Chcesz unikn\u0105\u0107 stosowania chemicznych \u015brodk\u00f3w zmi\u0119kczaj\u0105cych? Masz dosy\u0107 szorowania kamienia osadzonego w kuchni i \u0142azience?[\/vc_column_text][vc_separator style=&#8221;dotted&#8221; border_width=&#8221;2&#8243;][vc_row_inner][vc_column_inner][vc_column_text] Pozb\u0105d\u017a si\u0119 osadu z kamienia i twardej wody, bez&hellip;","og_url":"https:\/\/twoeco.sk\/vodny-kamen\/","og_site_name":"Two Eco","article_publisher":"https:\/\/www.facebook.com\/Ionimax-1357153714295887\/","article_modified_time":"2017-05-27T15:51:19+00:00","og_image":[{"width":5472,"height":3648,"url":"https:\/\/twoeco.sk\/wp-content\/uploads\/2017\/02\/shutterstock_218515030-min.jpg","type":"image\/jpeg"}],"twitter_card":"summary_large_image","twitter_misc":{"Szacowany czas czytania":"1 minuta"},"schema":{"@context":"https:\/\/schema.org","@graph":[{"@type":"WebPage","@id":"https:\/\/twoeco.sk\/vodny-kamen\/","url":"https:\/\/twoeco.sk\/vodny-kamen\/","name":"Kamie\u0144 - Two Eco","isPartOf":{"@id":"https:\/\/twoeco.sk\/#website"},"primaryImageOfPage":{"@id":"https:\/\/twoeco.sk\/vodny-kamen\/#primaryimage"},"image":{"@id":"https:\/\/twoeco.sk\/vodny-kamen\/#primaryimage"},"thumbnailUrl":"https:\/\/twoeco.sk\/wp-content\/uploads\/2017\/02\/shutterstock_218515030-min-300x200.jpg","datePublished":"2017-02-16T08:49:00+00:00","dateModified":"2017-05-27T15:51:19+00:00","breadcrumb":{"@id":"https:\/\/twoeco.sk\/vodny-kamen\/#breadcrumb"},"inLanguage":"pl-PL","potentialAction":[{"@type":"ReadAction","target":["https:\/\/twoeco.sk\/vodny-kamen\/"]}]},{"@type":"ImageObject","inLanguage":"pl-PL","@id":"https:\/\/twoeco.sk\/vodny-kamen\/#primaryimage","url":"https:\/\/twoeco.sk\/wp-content\/uploads\/2017\/02\/shutterstock_218515030-min-300x200.jpg","contentUrl":"https:\/\/twoeco.sk\/wp-content\/uploads\/2017\/02\/shutterstock_218515030-min-300x200.jpg"},{"@type":"BreadcrumbList","@id":"https:\/\/twoeco.sk\/vodny-kamen\/#breadcrumb","itemListElement":[{"@type":"ListItem","position":1,"name":"Home","item":"https:\/\/twoeco.sk\/"},{"@type":"ListItem","position":2,"name":"Kamie\u0144"}]},{"@type":"WebSite","@id":"https:\/\/twoeco.sk\/#website","url":"https:\/\/twoeco.sk\/","name":"Two Eco","description":"Viac ako \u010dist\u00e1 voda","publisher":{"@id":"https:\/\/twoeco.sk\/#organization"},"potentialAction":[{"@type":"SearchAction","target":{"@type":"EntryPoint","urlTemplate":"https:\/\/twoeco.sk\/?s={search_term_string}"},"query-input":{"@type":"PropertyValueSpecification","valueRequired":true,"valueName":"search_term_string"}}],"inLanguage":"pl-PL"},{"@type":"Organization","@id":"https:\/\/twoeco.sk\/#organization","name":"Two ECO, s.r.o.","url":"https:\/\/twoeco.sk\/","logo":{"@type":"ImageObject","inLanguage":"pl-PL","@id":"https:\/\/twoeco.sk\/#\/schema\/logo\/image\/","url":"https:\/\/twoeco.sk\/wp-content\/uploads\/2016\/05\/logo-two-eco-farba.png","contentUrl":"https:\/\/twoeco.sk\/wp-content\/uploads\/2016\/05\/logo-two-eco-farba.png","width":318,"height":74,"caption":"Two ECO, s.r.o."},"image":{"@id":"https:\/\/twoeco.sk\/#\/schema\/logo\/image\/"},"sameAs":["https:\/\/www.facebook.com\/Ionimax-1357153714295887\/"]}]}},"_links":{"self":[{"href":"https:\/\/twoeco.sk\/pl\/wp-json\/wp\/v2\/pages\/1493"}],"collection":[{"href":"https:\/\/twoeco.sk\/pl\/wp-json\/wp\/v2\/pages"}],"about":[{"href":"https:\/\/twoeco.sk\/pl\/wp-json\/wp\/v2\/types\/page"}],"author":[{"embeddable":true,"href":"https:\/\/twoeco.sk\/pl\/wp-json\/wp\/v2\/users\/3"}],"replies":[{"embeddable":true,"href":"https:\/\/twoeco.sk\/pl\/wp-json\/wp\/v2\/comments?post=1493"}],"version-history":[{"count":1,"href":"https:\/\/twoeco.sk\/pl\/wp-json\/wp\/v2\/pages\/1493\/revisions"}],"predecessor-version":[{"id":1612,"href":"https:\/\/twoeco.sk\/pl\/wp-json\/wp\/v2\/pages\/1493\/revisions\/1612"}],"wp:attachment":[{"href":"https:\/\/twoeco.sk\/pl\/wp-json\/wp\/v2\/media?parent=1493"}],"curies":[{"name":"wp","href":"https:\/\/api.w.org\/{rel}","templated":true}]}}