{"id":1590,"date":"2017-02-16T10:11:58","date_gmt":"2017-02-16T09:11:58","guid":{"rendered":"https:\/\/twoeco.sk\/chlor-vo-vode\/"},"modified":"2017-08-24T08:36:10","modified_gmt":"2017-08-24T06:36:10","slug":"chlor-vo-vode","status":"publish","type":"page","link":"https:\/\/twoeco.sk\/pl\/chlor-vo-vode\/","title":{"rendered":"Chlor w wodzie"},"content":{"rendered":"<div class=\"wpb-content-wrapper\"><p>[vc_row css=&#8221;.vc_custom_1503556566501{padding-top: 50px !important;}&#8221;][vc_column][vc_row_inner][vc_column_inner][lab_heading title=&#8221;Chlor w wodzie&#8221; el_class=&#8221;title centered&#8221;][\/lab_heading][\/vc_column_inner][\/vc_row_inner][vc_row_inner][vc_column_inner width=&#8221;1\/4&#8243;][vc_single_image image=&#8221;892&#8243; img_size=&#8221;full&#8221;][\/vc_column_inner][vc_column_inner width=&#8221;3\/4&#8243;][vc_column_text]<\/p>\n<ul>\n<li><strong>Czy masz pytania dotycz\u0105ce chloru w Twojej sieci dystrybucji wody?<\/strong><\/li>\n<li><strong>Zastanawia Ci\u0119 smak i jako\u015b\u0107 tej wody?<\/strong><\/li>\n<li><strong>Nie chcesz jednocze\u015bnie zaniedba\u0107 wyst\u0119powanie bakterii?<\/strong><\/li>\n<li><strong>Zdecyduj, w jaki spos\u00f3b b\u0119dziesz uzdatnia\u0107 wod\u0119?<\/strong><\/li>\n<li><strong>Czy jak najlepiej zadba\u0107 o siebie oraz o swoich domowych pupili?<\/strong><\/li>\n<\/ul>\n<p>[\/vc_column_text][vc_column_text]<strong>Dlaczego w\u0142a\u015bnie chlor jest dodawany do wody<\/strong> w sieciach kanalizacyjnych? Chlor zapobiega mno\u017ceniu si\u0119 zarazk\u00f3w i bakterii w sieci wodoci\u0105gowej. Dzia\u0142a, jako \u015brodek konserwuj\u0105cy do \u017cywno\u015bci i zapewnia pod wzgl\u0119dem bezpiecze\u0144stwa utrzymanie jako\u015bci wody dostarczanej odbiorcom.<\/p>\n<p>Bakterie i inne organizmy s\u0105 normaln\u0105 cz\u0119\u015bci\u0105 \u015brodowiska naturalnego. Znajduj\u0105 si\u0119 one w powietrzu i na ziemi, mo\u017ce si\u0119 zdarzy\u0107, \u017ce dostan\u0105 si\u0119 do sieci wodoci\u0105gowej. R\u00f3wnie\u017c osady pochodzenia organicznego na wewn\u0119trznej \u015bcianie rury zapewniaj\u0105 idealne warunki dla rozprzestrzeniania si\u0119 bakterii. W celu zachowania bakteriologicznego bezpiecze\u0144stwa wody w r\u00f3\u017cnych sekcjach sieci dystrybucyjnej dodaje si\u0119 \u015brednio od 0,1 do 0,2 mg chloru na litr wody. Stanowi to 1 kropl\u0119 chloru na 1 000 litr\u00f3w wody, czyli obj\u0119to\u015b\u0107 5 wanien.<\/p>\n<p>Woda uzdatniona za pomoc\u0105 <strong>Ionimax zmienia \u015brodowisko w Twojej sieci wodoci\u0105gowej w taki spos\u00f3b, \u017ce cz\u0119sto\u015b\u0107 wyst\u0119powania i rozprzestrzenianie si\u0119 bakterii znacznie spada i ust\u0119puje. Badania wykaza\u0142y nawet ponad dziesi\u0119ciokrotny spadek cz\u0119sto\u015bci wyst\u0119powania bakterii w ciep\u0142ej wodzie z rury wyposa\u017conej w ionimax. <\/strong>Dzi\u0119ki jonowej polaryzacji r\u00f3wnie\u017c zmniejsza si\u0119 pow\u0142oka osadu kamienia na wewn\u0119trznej \u015bcianie rury, co powoduje stopniowe zanikanie \u015brodowiska, w kt\u00f3rym mog\u0105 si\u0119 mno\u017cy\u0107 niepo\u017c\u0105dane bakterie.<\/p>\n<p><strong>Kolejn\u0105 zalet\u0105 ionimax jest to, \u017ce pomaga w uwalnianiu chloru z wody.\u00a0<\/strong>Do klasycznych metod stosowanych w celu pozbycia si\u0119 chloru lub jego smaku nale\u017c\u0105 odstawienie wody, jej przegotowanie, filtrowanie, ch\u0142odzenie w lod\u00f3wce, lub dodanie kilku kropli soku z cytryny. <strong>Korzystny wp\u0142yw na uwalnianie chloru z wody ma tak\u017ce ionimax.<\/strong><\/p>\n<p>Je\u015bli nie potrafisz podj\u0105\u0107 decyzji, czy i w jaki spos\u00f3b uzdatnia\u0107 wod\u0119 z Twojej sieci wodoci\u0105gowej, <strong>zapraszamy do kontaktu z nami.<\/strong>[\/vc_column_text][\/vc_column_inner][\/vc_row_inner][\/vc_column][\/vc_row]<\/p>\n<\/div>","protected":false},"excerpt":{"rendered":"<p>[vc_row css=&#8221;.vc_custom_1503556566501{padding-top: 50px !important;}&#8221;][vc_column][vc_row_inner][vc_column_inner][lab_heading title=&#8221;Chlor w wodzie&#8221; el_class=&#8221;title centered&#8221;][\/lab_heading][\/vc_column_inner][\/vc_row_inner][vc_row_inner][vc_column_inner width=&#8221;1\/4&#8243;][vc_single_image image=&#8221;892&#8243; img_size=&#8221;full&#8221;][\/vc_column_inner][vc_column_inner width=&#8221;3\/4&#8243;][vc_column_text] Czy masz pytania dotycz\u0105ce chloru w Twojej sieci dystrybucji wody? Zastanawia Ci\u0119 smak i jako\u015b\u0107 tej wody? Nie chcesz jednocze\u015bnie zaniedba\u0107 wyst\u0119powanie bakterii? Zdecyduj, w jaki spos\u00f3b b\u0119dziesz uzdatnia\u0107 wod\u0119? Czy jak najlepiej zadba\u0107 o siebie oraz o swoich domowych pupili? [\/vc_column_text][vc_column_text]Dlaczego&hellip;<\/p>\n","protected":false},"author":3,"featured_media":0,"parent":0,"menu_order":0,"comment_status":"closed","ping_status":"closed","template":"","meta":{"_acf_changed":false,"footnotes":""},"class_list":["post-1590","page","type-page","status-publish","hentry"],"acf":[],"yoast_head":"<!-- This site is optimized with the Yoast SEO plugin v23.6 - https:\/\/yoast.com\/wordpress\/plugins\/seo\/ -->\n<title>Chlor w wodzie - Two Eco<\/title>\n<meta name=\"robots\" content=\"index, follow, max-snippet:-1, max-image-preview:large, max-video-preview:-1\" \/>\n<link rel=\"canonical\" href=\"https:\/\/twoeco.sk\/chlor-vo-vode\/\" \/>\n<meta property=\"og:locale\" content=\"pl_PL\" \/>\n<meta property=\"og:type\" content=\"article\" \/>\n<meta property=\"og:title\" content=\"Chlor w wodzie - Two Eco\" \/>\n<meta property=\"og:description\" content=\"[vc_row css=&#8221;.vc_custom_1503556566501{padding-top: 50px !important;}&#8221;][vc_column][vc_row_inner][vc_column_inner][lab_heading title=&#8221;Chlor w wodzie&#8221; el_class=&#8221;title centered&#8221;][\/lab_heading][\/vc_column_inner][\/vc_row_inner][vc_row_inner][vc_column_inner width=&#8221;1\/4&#8243;][vc_single_image image=&#8221;892&#8243; img_size=&#8221;full&#8221;][\/vc_column_inner][vc_column_inner width=&#8221;3\/4&#8243;][vc_column_text] Czy masz pytania dotycz\u0105ce chloru w Twojej sieci dystrybucji wody? Zastanawia Ci\u0119 smak i jako\u015b\u0107 tej wody? Nie chcesz jednocze\u015bnie zaniedba\u0107 wyst\u0119powanie bakterii? Zdecyduj, w jaki spos\u00f3b b\u0119dziesz uzdatnia\u0107 wod\u0119? Czy jak najlepiej zadba\u0107 o siebie oraz o swoich domowych pupili? [\/vc_column_text][vc_column_text]Dlaczego&hellip;\" \/>\n<meta property=\"og:url\" content=\"https:\/\/twoeco.sk\/chlor-vo-vode\/\" \/>\n<meta property=\"og:site_name\" content=\"Two Eco\" \/>\n<meta property=\"article:publisher\" content=\"https:\/\/www.facebook.com\/Ionimax-1357153714295887\/\" \/>\n<meta property=\"article:modified_time\" content=\"2017-08-24T06:36:10+00:00\" \/>\n<meta name=\"twitter:card\" content=\"summary_large_image\" \/>\n<meta name=\"twitter:label1\" content=\"Szacowany czas czytania\" \/>\n\t<meta name=\"twitter:data1\" content=\"2 minuty\" \/>\n<script type=\"application\/ld+json\" class=\"yoast-schema-graph\">{\"@context\":\"https:\/\/schema.org\",\"@graph\":[{\"@type\":\"WebPage\",\"@id\":\"https:\/\/twoeco.sk\/chlor-vo-vode\/\",\"url\":\"https:\/\/twoeco.sk\/chlor-vo-vode\/\",\"name\":\"Chlor w wodzie - Two Eco\",\"isPartOf\":{\"@id\":\"https:\/\/twoeco.sk\/#website\"},\"datePublished\":\"2017-02-16T09:11:58+00:00\",\"dateModified\":\"2017-08-24T06:36:10+00:00\",\"breadcrumb\":{\"@id\":\"https:\/\/twoeco.sk\/chlor-vo-vode\/#breadcrumb\"},\"inLanguage\":\"pl-PL\",\"potentialAction\":[{\"@type\":\"ReadAction\",\"target\":[\"https:\/\/twoeco.sk\/chlor-vo-vode\/\"]}]},{\"@type\":\"BreadcrumbList\",\"@id\":\"https:\/\/twoeco.sk\/chlor-vo-vode\/#breadcrumb\",\"itemListElement\":[{\"@type\":\"ListItem\",\"position\":1,\"name\":\"Home\",\"item\":\"https:\/\/twoeco.sk\/\"},{\"@type\":\"ListItem\",\"position\":2,\"name\":\"Chlor w wodzie\"}]},{\"@type\":\"WebSite\",\"@id\":\"https:\/\/twoeco.sk\/#website\",\"url\":\"https:\/\/twoeco.sk\/\",\"name\":\"Two Eco\",\"description\":\"Viac ako \u010dist\u00e1 voda\",\"publisher\":{\"@id\":\"https:\/\/twoeco.sk\/#organization\"},\"potentialAction\":[{\"@type\":\"SearchAction\",\"target\":{\"@type\":\"EntryPoint\",\"urlTemplate\":\"https:\/\/twoeco.sk\/?s={search_term_string}\"},\"query-input\":{\"@type\":\"PropertyValueSpecification\",\"valueRequired\":true,\"valueName\":\"search_term_string\"}}],\"inLanguage\":\"pl-PL\"},{\"@type\":\"Organization\",\"@id\":\"https:\/\/twoeco.sk\/#organization\",\"name\":\"Two ECO, s.r.o.\",\"url\":\"https:\/\/twoeco.sk\/\",\"logo\":{\"@type\":\"ImageObject\",\"inLanguage\":\"pl-PL\",\"@id\":\"https:\/\/twoeco.sk\/#\/schema\/logo\/image\/\",\"url\":\"https:\/\/twoeco.sk\/wp-content\/uploads\/2016\/05\/logo-two-eco-farba.png\",\"contentUrl\":\"https:\/\/twoeco.sk\/wp-content\/uploads\/2016\/05\/logo-two-eco-farba.png\",\"width\":318,\"height\":74,\"caption\":\"Two ECO, s.r.o.\"},\"image\":{\"@id\":\"https:\/\/twoeco.sk\/#\/schema\/logo\/image\/\"},\"sameAs\":[\"https:\/\/www.facebook.com\/Ionimax-1357153714295887\/\"]}]}<\/script>\n<!-- \/ Yoast SEO plugin. -->","yoast_head_json":{"title":"Chlor w wodzie - Two Eco","robots":{"index":"index","follow":"follow","max-snippet":"max-snippet:-1","max-image-preview":"max-image-preview:large","max-video-preview":"max-video-preview:-1"},"canonical":"https:\/\/twoeco.sk\/chlor-vo-vode\/","og_locale":"pl_PL","og_type":"article","og_title":"Chlor w wodzie - Two Eco","og_description":"[vc_row css=&#8221;.vc_custom_1503556566501{padding-top: 50px !important;}&#8221;][vc_column][vc_row_inner][vc_column_inner][lab_heading title=&#8221;Chlor w wodzie&#8221; el_class=&#8221;title centered&#8221;][\/lab_heading][\/vc_column_inner][\/vc_row_inner][vc_row_inner][vc_column_inner width=&#8221;1\/4&#8243;][vc_single_image image=&#8221;892&#8243; img_size=&#8221;full&#8221;][\/vc_column_inner][vc_column_inner width=&#8221;3\/4&#8243;][vc_column_text] Czy masz pytania dotycz\u0105ce chloru w Twojej sieci dystrybucji wody? Zastanawia Ci\u0119 smak i jako\u015b\u0107 tej wody? Nie chcesz jednocze\u015bnie zaniedba\u0107 wyst\u0119powanie bakterii? Zdecyduj, w jaki spos\u00f3b b\u0119dziesz uzdatnia\u0107 wod\u0119? Czy jak najlepiej zadba\u0107 o siebie oraz o swoich domowych pupili? [\/vc_column_text][vc_column_text]Dlaczego&hellip;","og_url":"https:\/\/twoeco.sk\/chlor-vo-vode\/","og_site_name":"Two Eco","article_publisher":"https:\/\/www.facebook.com\/Ionimax-1357153714295887\/","article_modified_time":"2017-08-24T06:36:10+00:00","twitter_card":"summary_large_image","twitter_misc":{"Szacowany czas czytania":"2 minuty"},"schema":{"@context":"https:\/\/schema.org","@graph":[{"@type":"WebPage","@id":"https:\/\/twoeco.sk\/chlor-vo-vode\/","url":"https:\/\/twoeco.sk\/chlor-vo-vode\/","name":"Chlor w wodzie - Two Eco","isPartOf":{"@id":"https:\/\/twoeco.sk\/#website"},"datePublished":"2017-02-16T09:11:58+00:00","dateModified":"2017-08-24T06:36:10+00:00","breadcrumb":{"@id":"https:\/\/twoeco.sk\/chlor-vo-vode\/#breadcrumb"},"inLanguage":"pl-PL","potentialAction":[{"@type":"ReadAction","target":["https:\/\/twoeco.sk\/chlor-vo-vode\/"]}]},{"@type":"BreadcrumbList","@id":"https:\/\/twoeco.sk\/chlor-vo-vode\/#breadcrumb","itemListElement":[{"@type":"ListItem","position":1,"name":"Home","item":"https:\/\/twoeco.sk\/"},{"@type":"ListItem","position":2,"name":"Chlor w wodzie"}]},{"@type":"WebSite","@id":"https:\/\/twoeco.sk\/#website","url":"https:\/\/twoeco.sk\/","name":"Two Eco","description":"Viac ako \u010dist\u00e1 voda","publisher":{"@id":"https:\/\/twoeco.sk\/#organization"},"potentialAction":[{"@type":"SearchAction","target":{"@type":"EntryPoint","urlTemplate":"https:\/\/twoeco.sk\/?s={search_term_string}"},"query-input":{"@type":"PropertyValueSpecification","valueRequired":true,"valueName":"search_term_string"}}],"inLanguage":"pl-PL"},{"@type":"Organization","@id":"https:\/\/twoeco.sk\/#organization","name":"Two ECO, s.r.o.","url":"https:\/\/twoeco.sk\/","logo":{"@type":"ImageObject","inLanguage":"pl-PL","@id":"https:\/\/twoeco.sk\/#\/schema\/logo\/image\/","url":"https:\/\/twoeco.sk\/wp-content\/uploads\/2016\/05\/logo-two-eco-farba.png","contentUrl":"https:\/\/twoeco.sk\/wp-content\/uploads\/2016\/05\/logo-two-eco-farba.png","width":318,"height":74,"caption":"Two ECO, s.r.o."},"image":{"@id":"https:\/\/twoeco.sk\/#\/schema\/logo\/image\/"},"sameAs":["https:\/\/www.facebook.com\/Ionimax-1357153714295887\/"]}]}},"_links":{"self":[{"href":"https:\/\/twoeco.sk\/pl\/wp-json\/wp\/v2\/pages\/1590"}],"collection":[{"href":"https:\/\/twoeco.sk\/pl\/wp-json\/wp\/v2\/pages"}],"about":[{"href":"https:\/\/twoeco.sk\/pl\/wp-json\/wp\/v2\/types\/page"}],"author":[{"embeddable":true,"href":"https:\/\/twoeco.sk\/pl\/wp-json\/wp\/v2\/users\/3"}],"replies":[{"embeddable":true,"href":"https:\/\/twoeco.sk\/pl\/wp-json\/wp\/v2\/comments?post=1590"}],"version-history":[{"count":3,"href":"https:\/\/twoeco.sk\/pl\/wp-json\/wp\/v2\/pages\/1590\/revisions"}],"predecessor-version":[{"id":2257,"href":"https:\/\/twoeco.sk\/pl\/wp-json\/wp\/v2\/pages\/1590\/revisions\/2257"}],"wp:attachment":[{"href":"https:\/\/twoeco.sk\/pl\/wp-json\/wp\/v2\/media?parent=1590"}],"curies":[{"name":"wp","href":"https:\/\/api.w.org\/{rel}","templated":true}]}}