{"id":1623,"date":"2017-03-10T00:30:26","date_gmt":"2017-03-09T23:30:26","guid":{"rendered":"https:\/\/twoeco.sk\/ionimax\/"},"modified":"2017-08-21T22:20:10","modified_gmt":"2017-08-21T20:20:10","slug":"ionimax","status":"publish","type":"page","link":"https:\/\/twoeco.sk\/pl\/ionimax\/","title":{"rendered":"ionimax\u00ae"},"content":{"rendered":"<div class=\"wpb-content-wrapper\"><p>[vc_row css=&#8221;.vc_custom_1489102263611{padding-top: 50px !important;}&#8221;][vc_column][vc_row_inner][vc_column_inner][lab_heading title=&#8221;ionimax\u00ae&#8221; el_class=&#8221;title centered&#8221;]Jonizuj\u0105ce urz\u0105dzenie polaryzacyjne[\/lab_heading][vc_single_image image=&#8221;1156&#8243; img_size=&#8221;full&#8221; alignment=&#8221;center&#8221;][\/vc_column_inner][\/vc_row_inner][vc_row_inner][vc_column_inner width=&#8221;1\/2&#8243;][lab_heading title=&#8221;Opis produktu:&#8221;][\/lab_heading][vc_column_text]<strong>Jonizuj\u0105ce urz\u0105dzenie polaryzacyjne \u2013 ionimax \u2013<\/strong> to urz\u0105dzenie do uzdatniania wody, kt\u00f3re zapobiega powstawaniu osadu z kamienia, pomaga w jego usuwaniu, posiadaj\u0105c przy tym wiele innych zalet.<\/p>\n<p>Ionimax sk\u0142ada si\u0119 z przep\u0142ywowego korpusu, kt\u00f3ry ma otw\u00f3r wlotowy i wylotowy. W korpusie umieszczone s\u0105 co najmniej dwie elektrody. Ka\u017cda z nich jest wykonana z innego materia\u0142u przewodz\u0105cego pr\u0105d elektryczny. Przep\u0142ywaj\u0105ca woda wytwarza za pomoc\u0105 tych elektrod mokre galwaniczne ogniwa. Napi\u0119cie elektryczne ogniwa wystarczy, by cz\u0105steczki przep\u0142ywaj\u0105cej wody zosta\u0142y spolaryzowane.<\/p>\n<p>Zakres napi\u0119cia wynosi od 0,6-0,8 V i zale\u017cy od przewodno\u015bci wody. Zjawisko to mo\u017cna stosowa\u0107 w przypadku w\u00f3d o przewodno\u015bci 50 \u2013 2 000 uS\/cm2, czyli do wody zwyk\u0142ej, kt\u00f3ra zawiera od 50 do 2 000 mg\/l soli.<\/p>\n<p>W trakcie przep\u0142ywu wody pomi\u0119dzy elektrodami dochodzi do zjawiska, w kt\u00f3rym sole wapnia (Ca2), magnezu (Mg), \u017celaza (Fe2 *, 3 *), wyst\u0119puj\u0105ce w wodzie w postaci w\u0119glan\u00f3w, siarczan\u00f3w i chlork\u00f3w, rozk\u0142adaj\u0105 si\u0119 (dysocjuj\u0105) na wodorotlenki. W wyniku tego cz\u0105steczki trac\u0105 zdolno\u015b\u0107 do generowania krystalicznych z\u0142og\u00f3w w rurach, bojlerach, wymiennikach ciep\u0142a, itp.<\/p>\n<p>Istot\u0105 fizycznego uzdatniania wody jest \u201eprzeniesienie\u201d lub \u201ezapisanie\u201d wolnego elektrycznego \u0142adunku na poszczeg\u00f3lne cz\u0105steczki wody, kt\u00f3re w wyniku tego si\u0119 polaryzuj\u0105 (jednolicie uporz\u0105dkuj\u0105). Efekt ten ma wp\u0142ywu na zmian\u0119 kszta\u0142tu sta\u0142ych substancji rozpuszczalnych w wodzie w taki spos\u00f3b, \u017ce ju\u017c nie wytworz\u0105 siatki krystalicznej, poniewa\u017c maj\u0105 inny kszta\u0142t i rozmiar. Wprawdzie w\u0119glany tworz\u0105 si\u0119 dalej, ale tylko w formie mi\u0119kkich cz\u0105steczek \u2013 nieszkodliwego, \u0142atwego do usuni\u0119cia osadu, zamiast mocno skrystalizowany osad\u00f3w. Proces osadzania zatrzymuje si\u0119, kamie\u0144 stopniowo zanika, a nowy ju\u017c si\u0119 nie tworzy.[\/vc_column_text][lab_heading title=&#8221;Zalecane dzia\u0142ania:&#8221;][\/lab_heading][vc_column_text]Instalacja powinna zosta\u0107 przeprowadzona przez wykwalifikowany personel. Producent nie ponosi odpowiedzialno\u015bci za szkody wynikaj\u0105ce z nieprawid\u0142owej manipulacji urz\u0105dzeniem. Dow\u00f3d dotycz\u0105cy monta\u017cu nale\u017cy zachowa\u0107.<\/p>\n<p>W przypadku d\u0142u\u017cszego odci\u0119cia wody w systemie wodoci\u0105gowym (urlop, korzystanie w chacie i tym podobne), nale\u017cy poczeka\u0107 a\u017c woda odcieknie, lub mo\u017cna korzysta\u0107 z niej, jako z wody u\u017cytkowej.<\/p>\n<p><strong><em>Warunki przechowywania:<\/em><\/strong><\/p>\n<p>Przechowywa\u0107 w spos\u00f3b normalny. Produkt jest wodoodporny.<\/p>\n<p><strong><em>\u017bywotno\u015b\u0107 i konserwacja produktu:<\/em><\/strong><\/p>\n<p>W warunkach normalnego u\u017cytkowania ionimax minimalna \u017cywotno\u015b\u0107 wskazana przez producenta wynosi 10 lat. W szczeg\u00f3lnie zmineralizowanym \u015brodowisku, z wod\u0105 o wy\u017cszej zawarto\u015bci cz\u0105stek sta\u0142ych i podobnych, zaleca si\u0119 nast\u0119puj\u0105c\u0105 konserwacj\u0119 urz\u0105dzenia: wed\u0142ug potrzeby przep\u0142uka\u0107 gor\u0105cym octem.<\/p>\n<p><strong>Warunki obr\u00f3bki odpad\u00f3w:<\/strong><\/p>\n<p>Po zako\u0144czeniu \u017cywotno\u015bci urz\u0105dzenie nale\u017cy zlikwidowa\u0107, jako odpad budowlany. Opakowanie produktu nale\u017cy wyrzuci\u0107 do zwyk\u0142ego kosza na \u015bmieci, zaleca si\u0119 oddzielenie odpadu do sekcji papieru.[\/vc_column_text][\/vc_column_inner][vc_column_inner width=&#8221;1\/2&#8243;][lab_heading title=&#8221;Certyfikaty i \u015bwiadectwa:&#8221;][\/lab_heading][vc_column_text]Opinia Ministerstwa zdrowia &#8211; g\u0142\u00f3wnego higienisty Republiki S\u0142owackiej dotycz\u0105ca urz\u0105dzenia ionimax do uzdatniania wody pitnej.<\/p>\n<p>Certyfikat wydany przez Techniczny Instytut Badawczy Pie\u0161\u0165any, \u0161.p. potwierdzaj\u0105cy bezpiecze\u0144stwo sprz\u0119tu ionimax.<\/p>\n<p>Deklaracja zgodno\u015bci polaryzacyjnego urz\u0105dze\u0144 jonizuj\u0105cego typu ionimax, s\u0142owacka norma techniczna STN 133060-2:1978<\/p>\n<p>BIURO W\u0141ASNO\u015aCI PRZEMYS\u0141OWEJ REPUBLIKI S\u0141OWACKIEJ.<\/p>\n<p>Rys. A: 1 &#8211; zegar, 2 &#8211; zaw\u00f3r, 3 &#8211; odkamieniacz, 4-ionimax. \u00a0<strong>Schemat lokalizacji w budynku<\/strong><\/p>\n<p>Rys. B: w obwodzie cieplnym numer 5 -odkamieniacz.[\/vc_column_text][vc_single_image image=&#8221;1301&#8243; img_size=&#8221;full&#8221; add_caption=&#8221;yes&#8221; alignment=&#8221;center&#8221;][lab_heading title=&#8221;Instrukcja dotycz\u0105ca instalacji:&#8221;][\/lab_heading][vc_column_text]<strong><em>Po\u0142o\u017cenie:<\/em><\/strong><\/p>\n<p>Ionimax mo\u017ce by\u0107 montowany w dowolnym po\u0142o\u017ceniu. Nie ma znaczenia, kt\u00f3ry koniec b\u0119dzie znajdowa\u0142 si\u0119 z przodu.<\/p>\n<p><strong>Lokalizacja:<\/strong><\/p>\n<p>Zaleca si\u0119 umie\u015bci\u0107 Ionimax na dop\u0142ywie g\u0142\u00f3wnym do obiektu, w celu ochrony ca\u0142ego obiektu.<\/p>\n<p><strong><em>Monta\u017c:<\/em><\/strong><\/p>\n<p>W miejscu instalacji ruroci\u0105g nale\u017cy rozci\u0105\u0107 i wyci\u0105\u0107 odpowiedni\u0105 cz\u0119\u015b\u0107 odpowiadaj\u0105c\u0105 wielko\u015bci Ionimaxu. Na obu ko\u0144cach rury nale\u017cy zainstalowa\u0107 g\u0142owice gwintowane odpowiedniej wielko\u015bci. Gwint nale\u017cy wyposa\u017cy\u0107 w materia\u0142 uszczelniaj\u0105cy i przykr\u0119ci\u0107 Ionimax do przygotowanych g\u0142owic gwintowanych. Po monta\u017cu nale\u017cy sprawdzi\u0107 szczelno\u015b\u0107 z\u0142\u0105czy. Instalacja powinna zosta\u0107 przeprowadzona przez wykwalifikowany personel. Producent nie ponosi odpowiedzialno\u015bci za szkody wynikaj\u0105ce z nieprawid\u0142owej manipulacji urz\u0105dzeniem.<\/p>\n<p><strong><em>Po\u0142\u0105czenie z filtrem do wody:<\/em><\/strong><\/p>\n<p>Je\u015bli zastanawiasz si\u0119 nad filtracj\u0105 Twojego systemu dystrybucji wody, ionimax powinien tworzy\u0107 ostatnie urz\u0105dzenie w systemie, aby unikn\u0105\u0107 wszelkich zb\u0119dnych zak\u0142\u00f3ce\u0144 jego funkcji.<\/p>\n<p><strong><em>Warunki prawid\u0142owego stosowania produktu:<\/em><\/strong><\/p>\n<p>W odleg\u0142o\u015bci poni\u017cej 50 cm od urz\u0105dzenia Ionimax nie mog\u0105 znajdowa\u0107 si\u0119 urz\u0105dzenia z elektrycznym napi\u0119ciem. W system nie nale\u017cy zabudowywa\u0107 wymiennik\u00f3w jonowych, elektromagnetycznych system\u00f3w lub system\u00f3w z zewn\u0119trznym napi\u0119ciem zasilania. W takim przypadku skuteczno\u015b\u0107 ionimax nie osi\u0105gnie oczekiwanego stopnia.<\/p>\n<p>Podobnie nie zaleca si\u0119 instalowania urz\u0105dzenia ionimax do urz\u0105dze\u0144 ze s\u0142on\u0105 wod\u0105 lub wykorzystuj\u0105cego roztwory soli, kt\u00f3re niwelowa\u0142by by jonow\u0105 polaryzacj\u0119. W takim przypadku skuteczno\u015b\u0107 ionimax nie osi\u0105gnie oczekiwanego stopnia.<\/p>\n<p>Urz\u0105dzenia ionimax nale\u017cy instalowa\u0107 do wody o standardowej przewodno\u015bci od 50 do 2 000 uS\/cm2. W wodzie o wi\u0119kszej przewodno\u015bci ionimax nie osi\u0105gnie oczekiwanej skuteczno\u015bci, szybciej dojdzie do powstawania osadu i skr\u00f3cenia jego \u017cywotno\u015bci.<\/p>\n<p>Stosowa\u0107 do wody o temperaturze 0-100 \u00b0C. Nie stosowa\u0107 do regulowania pary zamkni\u0119tym systemie rur, grozi uszkodzeniem urz\u0105dzenia.<\/p>\n<p>Maksymalna pr\u0119dko\u015b\u0107 przep\u0142ywu wody przez urz\u0105dzenie wynosi 4 m\/s (przy wyborze urz\u0105dzenia nale\u017cy wzi\u0105\u0107 pod uwag\u0119 ten parametr oraz maksymalny przep\u0142yw, a nie tylko parametr \u015brednicy rury). W przypadku wy\u017cszego nat\u0119\u017cenia przep\u0142ywu wody nie gwarantujemy oczekiwanej skuteczno\u015b\u0107.<\/p>\n<p>Urz\u0105dzenia Ionimax s\u0105 przystosowane do ci\u015bnienia 1 MPa. Przy wi\u0119kszym ci\u015bnieniu mo\u017ce doj\u015b\u0107 do uszkodzenia urz\u0105dzenia.<\/p>\n<p>Urz\u0105dzenia nie nale\u017cy demontowa\u0107 lub otwiera\u0107 w jakikolwiek spos\u00f3b. Otwarcie urz\u0105dzenia powoduje utrat\u0119 jego funkcjonalno\u015bci a tak\u017ce gwarancji. Skontaktuj si\u0119 z producentem. Jednocze\u015bnie grozi uwolnienie ma\u0142ych cz\u0119\u015bci. Nie nale\u017cy dopuszcza\u0107 do manipulowania przez dzieci.[\/vc_column_text][\/vc_column_inner][\/vc_row_inner][\/vc_column][\/vc_row]<\/p>\n<\/div>","protected":false},"excerpt":{"rendered":"<p>[vc_row css=&#8221;.vc_custom_1489102263611{padding-top: 50px !important;}&#8221;][vc_column][vc_row_inner][vc_column_inner][lab_heading title=&#8221;ionimax\u00ae&#8221; el_class=&#8221;title centered&#8221;]Jonizuj\u0105ce urz\u0105dzenie polaryzacyjne[\/lab_heading][vc_single_image image=&#8221;1156&#8243; img_size=&#8221;full&#8221; alignment=&#8221;center&#8221;][\/vc_column_inner][\/vc_row_inner][vc_row_inner][vc_column_inner width=&#8221;1\/2&#8243;][lab_heading title=&#8221;Opis produktu:&#8221;][\/lab_heading][vc_column_text]Jonizuj\u0105ce urz\u0105dzenie polaryzacyjne \u2013 ionimax \u2013 to urz\u0105dzenie do uzdatniania wody, kt\u00f3re zapobiega powstawaniu osadu z kamienia, pomaga w jego usuwaniu, posiadaj\u0105c przy tym wiele innych zalet. Ionimax sk\u0142ada si\u0119 z przep\u0142ywowego korpusu, kt\u00f3ry ma otw\u00f3r wlotowy i wylotowy. W korpusie&hellip;<\/p>\n","protected":false},"author":3,"featured_media":0,"parent":0,"menu_order":0,"comment_status":"closed","ping_status":"closed","template":"","meta":{"_acf_changed":false,"footnotes":""},"class_list":["post-1623","page","type-page","status-publish","hentry"],"acf":[],"yoast_head":"<!-- This site is optimized with the Yoast SEO plugin v23.6 - https:\/\/yoast.com\/wordpress\/plugins\/seo\/ -->\n<title>ionimax\u00ae - Two Eco<\/title>\n<meta name=\"robots\" content=\"index, follow, max-snippet:-1, max-image-preview:large, max-video-preview:-1\" \/>\n<link rel=\"canonical\" href=\"https:\/\/twoeco.sk\/ionimax\/\" \/>\n<meta property=\"og:locale\" content=\"pl_PL\" \/>\n<meta property=\"og:type\" content=\"article\" \/>\n<meta property=\"og:title\" content=\"ionimax\u00ae - Two Eco\" \/>\n<meta property=\"og:description\" content=\"[vc_row css=&#8221;.vc_custom_1489102263611{padding-top: 50px !important;}&#8221;][vc_column][vc_row_inner][vc_column_inner][lab_heading title=&#8221;ionimax\u00ae&#8221; el_class=&#8221;title centered&#8221;]Jonizuj\u0105ce urz\u0105dzenie polaryzacyjne[\/lab_heading][vc_single_image image=&#8221;1156&#8243; img_size=&#8221;full&#8221; alignment=&#8221;center&#8221;][\/vc_column_inner][\/vc_row_inner][vc_row_inner][vc_column_inner width=&#8221;1\/2&#8243;][lab_heading title=&#8221;Opis produktu:&#8221;][\/lab_heading][vc_column_text]Jonizuj\u0105ce urz\u0105dzenie polaryzacyjne \u2013 ionimax \u2013 to urz\u0105dzenie do uzdatniania wody, kt\u00f3re zapobiega powstawaniu osadu z kamienia, pomaga w jego usuwaniu, posiadaj\u0105c przy tym wiele innych zalet. Ionimax sk\u0142ada si\u0119 z przep\u0142ywowego korpusu, kt\u00f3ry ma otw\u00f3r wlotowy i wylotowy. W korpusie&hellip;\" \/>\n<meta property=\"og:url\" content=\"https:\/\/twoeco.sk\/ionimax\/\" \/>\n<meta property=\"og:site_name\" content=\"Two Eco\" \/>\n<meta property=\"article:publisher\" content=\"https:\/\/www.facebook.com\/Ionimax-1357153714295887\/\" \/>\n<meta property=\"article:modified_time\" content=\"2017-08-21T20:20:10+00:00\" \/>\n<meta name=\"twitter:card\" content=\"summary_large_image\" \/>\n<meta name=\"twitter:label1\" content=\"Szacowany czas czytania\" \/>\n\t<meta name=\"twitter:data1\" content=\"6 minut\" \/>\n<script type=\"application\/ld+json\" class=\"yoast-schema-graph\">{\"@context\":\"https:\/\/schema.org\",\"@graph\":[{\"@type\":\"WebPage\",\"@id\":\"https:\/\/twoeco.sk\/ionimax\/\",\"url\":\"https:\/\/twoeco.sk\/ionimax\/\",\"name\":\"ionimax\u00ae - Two Eco\",\"isPartOf\":{\"@id\":\"https:\/\/twoeco.sk\/#website\"},\"datePublished\":\"2017-03-09T23:30:26+00:00\",\"dateModified\":\"2017-08-21T20:20:10+00:00\",\"breadcrumb\":{\"@id\":\"https:\/\/twoeco.sk\/ionimax\/#breadcrumb\"},\"inLanguage\":\"pl-PL\",\"potentialAction\":[{\"@type\":\"ReadAction\",\"target\":[\"https:\/\/twoeco.sk\/ionimax\/\"]}]},{\"@type\":\"BreadcrumbList\",\"@id\":\"https:\/\/twoeco.sk\/ionimax\/#breadcrumb\",\"itemListElement\":[{\"@type\":\"ListItem\",\"position\":1,\"name\":\"Home\",\"item\":\"https:\/\/twoeco.sk\/\"},{\"@type\":\"ListItem\",\"position\":2,\"name\":\"ionimax\u00ae\"}]},{\"@type\":\"WebSite\",\"@id\":\"https:\/\/twoeco.sk\/#website\",\"url\":\"https:\/\/twoeco.sk\/\",\"name\":\"Two Eco\",\"description\":\"Viac ako \u010dist\u00e1 voda\",\"publisher\":{\"@id\":\"https:\/\/twoeco.sk\/#organization\"},\"potentialAction\":[{\"@type\":\"SearchAction\",\"target\":{\"@type\":\"EntryPoint\",\"urlTemplate\":\"https:\/\/twoeco.sk\/?s={search_term_string}\"},\"query-input\":{\"@type\":\"PropertyValueSpecification\",\"valueRequired\":true,\"valueName\":\"search_term_string\"}}],\"inLanguage\":\"pl-PL\"},{\"@type\":\"Organization\",\"@id\":\"https:\/\/twoeco.sk\/#organization\",\"name\":\"Two ECO, s.r.o.\",\"url\":\"https:\/\/twoeco.sk\/\",\"logo\":{\"@type\":\"ImageObject\",\"inLanguage\":\"pl-PL\",\"@id\":\"https:\/\/twoeco.sk\/#\/schema\/logo\/image\/\",\"url\":\"https:\/\/twoeco.sk\/wp-content\/uploads\/2016\/05\/logo-two-eco-farba.png\",\"contentUrl\":\"https:\/\/twoeco.sk\/wp-content\/uploads\/2016\/05\/logo-two-eco-farba.png\",\"width\":318,\"height\":74,\"caption\":\"Two ECO, s.r.o.\"},\"image\":{\"@id\":\"https:\/\/twoeco.sk\/#\/schema\/logo\/image\/\"},\"sameAs\":[\"https:\/\/www.facebook.com\/Ionimax-1357153714295887\/\"]}]}<\/script>\n<!-- \/ Yoast SEO plugin. -->","yoast_head_json":{"title":"ionimax\u00ae - Two Eco","robots":{"index":"index","follow":"follow","max-snippet":"max-snippet:-1","max-image-preview":"max-image-preview:large","max-video-preview":"max-video-preview:-1"},"canonical":"https:\/\/twoeco.sk\/ionimax\/","og_locale":"pl_PL","og_type":"article","og_title":"ionimax\u00ae - Two Eco","og_description":"[vc_row css=&#8221;.vc_custom_1489102263611{padding-top: 50px !important;}&#8221;][vc_column][vc_row_inner][vc_column_inner][lab_heading title=&#8221;ionimax\u00ae&#8221; el_class=&#8221;title centered&#8221;]Jonizuj\u0105ce urz\u0105dzenie polaryzacyjne[\/lab_heading][vc_single_image image=&#8221;1156&#8243; img_size=&#8221;full&#8221; alignment=&#8221;center&#8221;][\/vc_column_inner][\/vc_row_inner][vc_row_inner][vc_column_inner width=&#8221;1\/2&#8243;][lab_heading title=&#8221;Opis produktu:&#8221;][\/lab_heading][vc_column_text]Jonizuj\u0105ce urz\u0105dzenie polaryzacyjne \u2013 ionimax \u2013 to urz\u0105dzenie do uzdatniania wody, kt\u00f3re zapobiega powstawaniu osadu z kamienia, pomaga w jego usuwaniu, posiadaj\u0105c przy tym wiele innych zalet. Ionimax sk\u0142ada si\u0119 z przep\u0142ywowego korpusu, kt\u00f3ry ma otw\u00f3r wlotowy i wylotowy. W korpusie&hellip;","og_url":"https:\/\/twoeco.sk\/ionimax\/","og_site_name":"Two Eco","article_publisher":"https:\/\/www.facebook.com\/Ionimax-1357153714295887\/","article_modified_time":"2017-08-21T20:20:10+00:00","twitter_card":"summary_large_image","twitter_misc":{"Szacowany czas czytania":"6 minut"},"schema":{"@context":"https:\/\/schema.org","@graph":[{"@type":"WebPage","@id":"https:\/\/twoeco.sk\/ionimax\/","url":"https:\/\/twoeco.sk\/ionimax\/","name":"ionimax\u00ae - Two Eco","isPartOf":{"@id":"https:\/\/twoeco.sk\/#website"},"datePublished":"2017-03-09T23:30:26+00:00","dateModified":"2017-08-21T20:20:10+00:00","breadcrumb":{"@id":"https:\/\/twoeco.sk\/ionimax\/#breadcrumb"},"inLanguage":"pl-PL","potentialAction":[{"@type":"ReadAction","target":["https:\/\/twoeco.sk\/ionimax\/"]}]},{"@type":"BreadcrumbList","@id":"https:\/\/twoeco.sk\/ionimax\/#breadcrumb","itemListElement":[{"@type":"ListItem","position":1,"name":"Home","item":"https:\/\/twoeco.sk\/"},{"@type":"ListItem","position":2,"name":"ionimax\u00ae"}]},{"@type":"WebSite","@id":"https:\/\/twoeco.sk\/#website","url":"https:\/\/twoeco.sk\/","name":"Two Eco","description":"Viac ako \u010dist\u00e1 voda","publisher":{"@id":"https:\/\/twoeco.sk\/#organization"},"potentialAction":[{"@type":"SearchAction","target":{"@type":"EntryPoint","urlTemplate":"https:\/\/twoeco.sk\/?s={search_term_string}"},"query-input":{"@type":"PropertyValueSpecification","valueRequired":true,"valueName":"search_term_string"}}],"inLanguage":"pl-PL"},{"@type":"Organization","@id":"https:\/\/twoeco.sk\/#organization","name":"Two ECO, s.r.o.","url":"https:\/\/twoeco.sk\/","logo":{"@type":"ImageObject","inLanguage":"pl-PL","@id":"https:\/\/twoeco.sk\/#\/schema\/logo\/image\/","url":"https:\/\/twoeco.sk\/wp-content\/uploads\/2016\/05\/logo-two-eco-farba.png","contentUrl":"https:\/\/twoeco.sk\/wp-content\/uploads\/2016\/05\/logo-two-eco-farba.png","width":318,"height":74,"caption":"Two ECO, s.r.o."},"image":{"@id":"https:\/\/twoeco.sk\/#\/schema\/logo\/image\/"},"sameAs":["https:\/\/www.facebook.com\/Ionimax-1357153714295887\/"]}]}},"_links":{"self":[{"href":"https:\/\/twoeco.sk\/pl\/wp-json\/wp\/v2\/pages\/1623"}],"collection":[{"href":"https:\/\/twoeco.sk\/pl\/wp-json\/wp\/v2\/pages"}],"about":[{"href":"https:\/\/twoeco.sk\/pl\/wp-json\/wp\/v2\/types\/page"}],"author":[{"embeddable":true,"href":"https:\/\/twoeco.sk\/pl\/wp-json\/wp\/v2\/users\/3"}],"replies":[{"embeddable":true,"href":"https:\/\/twoeco.sk\/pl\/wp-json\/wp\/v2\/comments?post=1623"}],"version-history":[{"count":3,"href":"https:\/\/twoeco.sk\/pl\/wp-json\/wp\/v2\/pages\/1623\/revisions"}],"predecessor-version":[{"id":2227,"href":"https:\/\/twoeco.sk\/pl\/wp-json\/wp\/v2\/pages\/1623\/revisions\/2227"}],"wp:attachment":[{"href":"https:\/\/twoeco.sk\/pl\/wp-json\/wp\/v2\/media?parent=1623"}],"curies":[{"name":"wp","href":"https:\/\/api.w.org\/{rel}","templated":true}]}}