{"id":1657,"date":"2017-03-23T08:52:56","date_gmt":"2017-03-23T07:52:56","guid":{"rendered":"https:\/\/twoeco.sk\/jednoduchsia-udrzba-bez-zbytocnej-chemie\/"},"modified":"2017-08-10T13:35:13","modified_gmt":"2017-08-10T11:35:13","slug":"jednoduchsia-udrzba-bez-zbytocnej-chemie","status":"publish","type":"page","link":"https:\/\/twoeco.sk\/pl\/jednoduchsia-udrzba-bez-zbytocnej-chemie\/","title":{"rendered":"Jednoduch\u0161ia \u00fadr\u017eba bez zbyto\u010dnej ch\u00e9mie"},"content":{"rendered":"<div class=\"wpb-content-wrapper\"><p>[vc_row css=&#8221;.vc_custom_1489102263611{padding-top: 50px !important;}&#8221;][vc_column][vc_row_inner][vc_column_inner][lab_heading title=&#8221;Prostsza konserwacja bez zb\u0119dnej chemii&#8221; el_class=&#8221;title centered&#8221;]Bez kamienia, efektywniejsze dzia\u0142anie, mniej \u015brodk\u00f3w chemicznych i mniej alergii<br \/>\n[\/lab_heading][\/vc_column_inner][\/vc_row_inner][vc_row_inner][vc_column_inner][lab_heading title=&#8221;Prostsza konserwacja bez zb\u0119dnej chemii&#8221;][\/lab_heading][vc_column_text]<\/p>\n<ul>\n<li><strong>Czy piel\u0119gnujesz sw\u00f3j basen, staw lub fontann\u0119?<\/strong><\/li>\n<li><strong>Czy chcesz do tej piel\u0119gnacji u\u017cywa\u0107 mniej substancji chemicznych?<\/strong><\/li>\n<li><strong>Czy niepokoi Ci\u0119 kamie\u0144 w rurach, na schodkach, wylotach lub na dnie basenu?<\/strong><\/li>\n<\/ul>\n<p>Mi\u0142o sp\u0119dzone chwile w przydomowym basenie lub stawie s\u0105 bezcenne. Kto by ich nie uwielbia\u0142? Jednak piel\u0119gnacja tych domowych urz\u0105dze\u0144 kosztuje w\u0142a\u015bcicieli wiele stara\u0144 i wysi\u0142ku.<\/p>\n<p>Usuwanie zanieczyszcze\u0144 z powierzchni, ale tak\u017ce tworz\u0105cego si\u0119 osadu, opadaj\u0105cego kurzu i owad\u00f3w, kt\u00f3re przyczyniaj\u0105 si\u0119 do powstawania glon\u00f3w i m\u0119tnej wody, nie nale\u017c\u0105 do ulubionych czynno\u015bci w\u0142a\u015bcicieli basen\u00f3w.<\/p>\n<p>\u015awietnym pomocnikiem oraz doskona\u0142ym \u015brodkiem profilaktycznym jest ionimax, kt\u00f3ry wystarczy zainstalowa\u0107 w instalacji wlotowej, i kt\u00f3ry stworzy zabezpieczenie przeciw powstawaniu osadu z kamienia, ale r\u00f3wnie\u017c pomo\u017ce stopniowo pozby\u0107 si\u0119 starych osad\u00f3w.<\/p>\n<p>Woda uzdatniona za pomoc\u0105 Ionimax, czyli woda dejonizowana, hamuje wap\u0144 oraz inne minera\u0142y przed tworzeniem sta\u0142ych zwi\u0105zk\u00f3w, zapobiega ich osadzaniu si\u0119, powoduje, \u017ce s\u0105 \u0142atwe do usuni\u0119cia, cz\u0119sto bez konieczno\u015bci stosowania \u015brodk\u00f3w chemicznych.\u00a0 Wystarczy zwyk\u0142a \u015bciereczka. Dzi\u0119ki niemu zmniejsza si\u0119 tak\u017ce mo\u017cliwo\u015b\u0107 rozprzestrzeniania si\u0119 patogennych bakterii w tych warstwach w rurach. Ionimax redukuje ich wyst\u0119powanie, na przyk\u0142ad, w ciep\u0142ej wodzie ponad dziesi\u0119ciokrotnie. Ionimax i zjonizowana woda maj\u0105 wp\u0142yw na uwolnienie chloru, jego lotno\u015b\u0107 jest wy\u017csza.<\/p>\n<p>Mo\u017cesz przed\u0142u\u017cy\u0107 \u017cywotno\u015b\u0107 urz\u0105dze\u0144 w Twoim domu, pozwoli\u0107 sobie na mniej wymagaj\u0105c\u0105 konserwacj\u0119 i piel\u0119gnacj\u0119 oraz unikn\u0105\u0107 niekt\u00f3rych \u015brodk\u00f3w chemicznych, \u015brodk\u00f3w do zmi\u0119kczania a tym samym niepotrzebnych wywo\u0142anych przez nie alergii.\u00a0<strong>Ionimax stanowi idealne uzupe\u0142nienie ka\u017cdego zainstalowanego basenu, <\/strong>upro\u015bci i usprawni jego eksploatacj\u0119.\u00a0Ionimax nie przeszkadza, nie narusza wzornictwa Twojego domu.[\/vc_column_text][\/vc_column_inner][\/vc_row_inner][\/vc_column][\/vc_row]<\/p>\n<\/div>","protected":false},"excerpt":{"rendered":"<p>[vc_row css=&#8221;.vc_custom_1489102263611{padding-top: 50px !important;}&#8221;][vc_column][vc_row_inner][vc_column_inner][lab_heading title=&#8221;Prostsza konserwacja bez zb\u0119dnej chemii&#8221; el_class=&#8221;title centered&#8221;]Bez kamienia, efektywniejsze dzia\u0142anie, mniej \u015brodk\u00f3w chemicznych i mniej alergii [\/lab_heading][\/vc_column_inner][\/vc_row_inner][vc_row_inner][vc_column_inner][lab_heading title=&#8221;Prostsza konserwacja bez zb\u0119dnej chemii&#8221;][\/lab_heading][vc_column_text] Czy piel\u0119gnujesz sw\u00f3j basen, staw lub fontann\u0119? Czy chcesz do tej piel\u0119gnacji u\u017cywa\u0107 mniej substancji chemicznych? Czy niepokoi Ci\u0119 kamie\u0144 w rurach, na schodkach, wylotach lub na dnie basenu?&hellip;<\/p>\n","protected":false},"author":3,"featured_media":0,"parent":0,"menu_order":0,"comment_status":"closed","ping_status":"closed","template":"","meta":{"_acf_changed":false,"footnotes":""},"class_list":["post-1657","page","type-page","status-publish","hentry"],"acf":[],"yoast_head":"<!-- This site is optimized with the Yoast SEO plugin v23.6 - https:\/\/yoast.com\/wordpress\/plugins\/seo\/ -->\n<title>Jednoduch\u0161ia \u00fadr\u017eba bez zbyto\u010dnej ch\u00e9mie - Two Eco<\/title>\n<meta name=\"robots\" content=\"index, follow, max-snippet:-1, max-image-preview:large, max-video-preview:-1\" \/>\n<link rel=\"canonical\" href=\"https:\/\/twoeco.sk\/jednoduchsia-udrzba-bez-zbytocnej-chemie\/\" \/>\n<meta property=\"og:locale\" content=\"pl_PL\" \/>\n<meta property=\"og:type\" content=\"article\" \/>\n<meta property=\"og:title\" content=\"Jednoduch\u0161ia \u00fadr\u017eba bez zbyto\u010dnej ch\u00e9mie - Two Eco\" \/>\n<meta property=\"og:description\" content=\"[vc_row css=&#8221;.vc_custom_1489102263611{padding-top: 50px !important;}&#8221;][vc_column][vc_row_inner][vc_column_inner][lab_heading title=&#8221;Prostsza konserwacja bez zb\u0119dnej chemii&#8221; el_class=&#8221;title centered&#8221;]Bez kamienia, efektywniejsze dzia\u0142anie, mniej \u015brodk\u00f3w chemicznych i mniej alergii [\/lab_heading][\/vc_column_inner][\/vc_row_inner][vc_row_inner][vc_column_inner][lab_heading title=&#8221;Prostsza konserwacja bez zb\u0119dnej chemii&#8221;][\/lab_heading][vc_column_text] Czy piel\u0119gnujesz sw\u00f3j basen, staw lub fontann\u0119? Czy chcesz do tej piel\u0119gnacji u\u017cywa\u0107 mniej substancji chemicznych? Czy niepokoi Ci\u0119 kamie\u0144 w rurach, na schodkach, wylotach lub na dnie basenu?&hellip;\" \/>\n<meta property=\"og:url\" content=\"https:\/\/twoeco.sk\/jednoduchsia-udrzba-bez-zbytocnej-chemie\/\" \/>\n<meta property=\"og:site_name\" content=\"Two Eco\" \/>\n<meta property=\"article:publisher\" content=\"https:\/\/www.facebook.com\/Ionimax-1357153714295887\/\" \/>\n<meta property=\"article:modified_time\" content=\"2017-08-10T11:35:13+00:00\" \/>\n<meta name=\"twitter:card\" content=\"summary_large_image\" \/>\n<meta name=\"twitter:label1\" content=\"Szacowany czas czytania\" \/>\n\t<meta name=\"twitter:data1\" content=\"2 minuty\" \/>\n<script type=\"application\/ld+json\" class=\"yoast-schema-graph\">{\"@context\":\"https:\/\/schema.org\",\"@graph\":[{\"@type\":\"WebPage\",\"@id\":\"https:\/\/twoeco.sk\/jednoduchsia-udrzba-bez-zbytocnej-chemie\/\",\"url\":\"https:\/\/twoeco.sk\/jednoduchsia-udrzba-bez-zbytocnej-chemie\/\",\"name\":\"Jednoduch\u0161ia \u00fadr\u017eba bez zbyto\u010dnej ch\u00e9mie - Two Eco\",\"isPartOf\":{\"@id\":\"https:\/\/twoeco.sk\/#website\"},\"datePublished\":\"2017-03-23T07:52:56+00:00\",\"dateModified\":\"2017-08-10T11:35:13+00:00\",\"breadcrumb\":{\"@id\":\"https:\/\/twoeco.sk\/jednoduchsia-udrzba-bez-zbytocnej-chemie\/#breadcrumb\"},\"inLanguage\":\"pl-PL\",\"potentialAction\":[{\"@type\":\"ReadAction\",\"target\":[\"https:\/\/twoeco.sk\/jednoduchsia-udrzba-bez-zbytocnej-chemie\/\"]}]},{\"@type\":\"BreadcrumbList\",\"@id\":\"https:\/\/twoeco.sk\/jednoduchsia-udrzba-bez-zbytocnej-chemie\/#breadcrumb\",\"itemListElement\":[{\"@type\":\"ListItem\",\"position\":1,\"name\":\"Home\",\"item\":\"https:\/\/twoeco.sk\/\"},{\"@type\":\"ListItem\",\"position\":2,\"name\":\"Jednoduch\u0161ia \u00fadr\u017eba bez zbyto\u010dnej ch\u00e9mie\"}]},{\"@type\":\"WebSite\",\"@id\":\"https:\/\/twoeco.sk\/#website\",\"url\":\"https:\/\/twoeco.sk\/\",\"name\":\"Two Eco\",\"description\":\"Viac ako \u010dist\u00e1 voda\",\"publisher\":{\"@id\":\"https:\/\/twoeco.sk\/#organization\"},\"potentialAction\":[{\"@type\":\"SearchAction\",\"target\":{\"@type\":\"EntryPoint\",\"urlTemplate\":\"https:\/\/twoeco.sk\/?s={search_term_string}\"},\"query-input\":{\"@type\":\"PropertyValueSpecification\",\"valueRequired\":true,\"valueName\":\"search_term_string\"}}],\"inLanguage\":\"pl-PL\"},{\"@type\":\"Organization\",\"@id\":\"https:\/\/twoeco.sk\/#organization\",\"name\":\"Two ECO, s.r.o.\",\"url\":\"https:\/\/twoeco.sk\/\",\"logo\":{\"@type\":\"ImageObject\",\"inLanguage\":\"pl-PL\",\"@id\":\"https:\/\/twoeco.sk\/#\/schema\/logo\/image\/\",\"url\":\"https:\/\/twoeco.sk\/wp-content\/uploads\/2016\/05\/logo-two-eco-farba.png\",\"contentUrl\":\"https:\/\/twoeco.sk\/wp-content\/uploads\/2016\/05\/logo-two-eco-farba.png\",\"width\":318,\"height\":74,\"caption\":\"Two ECO, s.r.o.\"},\"image\":{\"@id\":\"https:\/\/twoeco.sk\/#\/schema\/logo\/image\/\"},\"sameAs\":[\"https:\/\/www.facebook.com\/Ionimax-1357153714295887\/\"]}]}<\/script>\n<!-- \/ Yoast SEO plugin. -->","yoast_head_json":{"title":"Jednoduch\u0161ia \u00fadr\u017eba bez zbyto\u010dnej ch\u00e9mie - Two Eco","robots":{"index":"index","follow":"follow","max-snippet":"max-snippet:-1","max-image-preview":"max-image-preview:large","max-video-preview":"max-video-preview:-1"},"canonical":"https:\/\/twoeco.sk\/jednoduchsia-udrzba-bez-zbytocnej-chemie\/","og_locale":"pl_PL","og_type":"article","og_title":"Jednoduch\u0161ia \u00fadr\u017eba bez zbyto\u010dnej ch\u00e9mie - Two Eco","og_description":"[vc_row css=&#8221;.vc_custom_1489102263611{padding-top: 50px !important;}&#8221;][vc_column][vc_row_inner][vc_column_inner][lab_heading title=&#8221;Prostsza konserwacja bez zb\u0119dnej chemii&#8221; el_class=&#8221;title centered&#8221;]Bez kamienia, efektywniejsze dzia\u0142anie, mniej \u015brodk\u00f3w chemicznych i mniej alergii [\/lab_heading][\/vc_column_inner][\/vc_row_inner][vc_row_inner][vc_column_inner][lab_heading title=&#8221;Prostsza konserwacja bez zb\u0119dnej chemii&#8221;][\/lab_heading][vc_column_text] Czy piel\u0119gnujesz sw\u00f3j basen, staw lub fontann\u0119? Czy chcesz do tej piel\u0119gnacji u\u017cywa\u0107 mniej substancji chemicznych? Czy niepokoi Ci\u0119 kamie\u0144 w rurach, na schodkach, wylotach lub na dnie basenu?&hellip;","og_url":"https:\/\/twoeco.sk\/jednoduchsia-udrzba-bez-zbytocnej-chemie\/","og_site_name":"Two Eco","article_publisher":"https:\/\/www.facebook.com\/Ionimax-1357153714295887\/","article_modified_time":"2017-08-10T11:35:13+00:00","twitter_card":"summary_large_image","twitter_misc":{"Szacowany czas czytania":"2 minuty"},"schema":{"@context":"https:\/\/schema.org","@graph":[{"@type":"WebPage","@id":"https:\/\/twoeco.sk\/jednoduchsia-udrzba-bez-zbytocnej-chemie\/","url":"https:\/\/twoeco.sk\/jednoduchsia-udrzba-bez-zbytocnej-chemie\/","name":"Jednoduch\u0161ia \u00fadr\u017eba bez zbyto\u010dnej ch\u00e9mie - Two Eco","isPartOf":{"@id":"https:\/\/twoeco.sk\/#website"},"datePublished":"2017-03-23T07:52:56+00:00","dateModified":"2017-08-10T11:35:13+00:00","breadcrumb":{"@id":"https:\/\/twoeco.sk\/jednoduchsia-udrzba-bez-zbytocnej-chemie\/#breadcrumb"},"inLanguage":"pl-PL","potentialAction":[{"@type":"ReadAction","target":["https:\/\/twoeco.sk\/jednoduchsia-udrzba-bez-zbytocnej-chemie\/"]}]},{"@type":"BreadcrumbList","@id":"https:\/\/twoeco.sk\/jednoduchsia-udrzba-bez-zbytocnej-chemie\/#breadcrumb","itemListElement":[{"@type":"ListItem","position":1,"name":"Home","item":"https:\/\/twoeco.sk\/"},{"@type":"ListItem","position":2,"name":"Jednoduch\u0161ia \u00fadr\u017eba bez zbyto\u010dnej ch\u00e9mie"}]},{"@type":"WebSite","@id":"https:\/\/twoeco.sk\/#website","url":"https:\/\/twoeco.sk\/","name":"Two Eco","description":"Viac ako \u010dist\u00e1 voda","publisher":{"@id":"https:\/\/twoeco.sk\/#organization"},"potentialAction":[{"@type":"SearchAction","target":{"@type":"EntryPoint","urlTemplate":"https:\/\/twoeco.sk\/?s={search_term_string}"},"query-input":{"@type":"PropertyValueSpecification","valueRequired":true,"valueName":"search_term_string"}}],"inLanguage":"pl-PL"},{"@type":"Organization","@id":"https:\/\/twoeco.sk\/#organization","name":"Two ECO, s.r.o.","url":"https:\/\/twoeco.sk\/","logo":{"@type":"ImageObject","inLanguage":"pl-PL","@id":"https:\/\/twoeco.sk\/#\/schema\/logo\/image\/","url":"https:\/\/twoeco.sk\/wp-content\/uploads\/2016\/05\/logo-two-eco-farba.png","contentUrl":"https:\/\/twoeco.sk\/wp-content\/uploads\/2016\/05\/logo-two-eco-farba.png","width":318,"height":74,"caption":"Two ECO, s.r.o."},"image":{"@id":"https:\/\/twoeco.sk\/#\/schema\/logo\/image\/"},"sameAs":["https:\/\/www.facebook.com\/Ionimax-1357153714295887\/"]}]}},"_links":{"self":[{"href":"https:\/\/twoeco.sk\/pl\/wp-json\/wp\/v2\/pages\/1657"}],"collection":[{"href":"https:\/\/twoeco.sk\/pl\/wp-json\/wp\/v2\/pages"}],"about":[{"href":"https:\/\/twoeco.sk\/pl\/wp-json\/wp\/v2\/types\/page"}],"author":[{"embeddable":true,"href":"https:\/\/twoeco.sk\/pl\/wp-json\/wp\/v2\/users\/3"}],"replies":[{"embeddable":true,"href":"https:\/\/twoeco.sk\/pl\/wp-json\/wp\/v2\/comments?post=1657"}],"version-history":[{"count":3,"href":"https:\/\/twoeco.sk\/pl\/wp-json\/wp\/v2\/pages\/1657\/revisions"}],"predecessor-version":[{"id":2159,"href":"https:\/\/twoeco.sk\/pl\/wp-json\/wp\/v2\/pages\/1657\/revisions\/2159"}],"wp:attachment":[{"href":"https:\/\/twoeco.sk\/pl\/wp-json\/wp\/v2\/media?parent=1657"}],"curies":[{"name":"wp","href":"https:\/\/api.w.org\/{rel}","templated":true}]}}