{"id":1811,"date":"2017-03-29T10:19:23","date_gmt":"2017-03-29T08:19:23","guid":{"rendered":"https:\/\/twoeco.sk\/riesenie-na-problem-s-tvrdou-vodou\/"},"modified":"2017-05-29T00:32:49","modified_gmt":"2017-05-28T22:32:49","slug":"riesenie-na-problem-s-tvrdou-vodou","status":"publish","type":"page","link":"https:\/\/twoeco.sk\/pl\/riesenie-na-problem-s-tvrdou-vodou\/","title":{"rendered":"Rie\u0161enie na probl\u00e9m s\u00a0tvrdou vodou a\u00a0vodn\u00fdm kame\u0148om"},"content":{"rendered":"<div class=\"wpb-content-wrapper\"><p>[vc_row][vc_column][lab_heading title=&#8221;Rozwi\u0105zanie problemu twardej wody i osadu z kamienia&#8221; el_class=&#8221;title &#8221; css=&#8221;.vc_custom_1496010766598{padding-top: 50px !important;}&#8221;]Korzystaj z w\u0142a\u015bciwo\u015bci mi\u0119kkiej wody \u2013 bez kolejnych osad\u00f3w z kamienia, pozb\u0105d\u017a si\u0119 starego osadu z kamienia.[\/lab_heading][vc_column_text css=&#8221;.vc_custom_1496010752837{padding-top: 10px !important;}&#8221;]<\/p>\n<p class=\"p1\"><span class=\"s1\"><b>Czy twarda woda przysparza Ci zmartwie\u0144?<\/b><\/span><\/p>\n<p class=\"p1\"><span class=\"s1\"><b>Czy masz problemy z komplikacjami spowodowanymi przez osad z kamienia?<\/b><\/span><\/p>\n<p class=\"p1\"><span class=\"s1\"><b>Czy szukasz sposobu, by chroni\u0107 Twoj\u0105 sie\u0107 dystrybucji wody i domowe urz\u0105dzenia?<\/b><\/span><\/p>\n<p>[\/vc_column_text][vc_separator style=&#8221;dotted&#8221; border_width=&#8221;2&#8243;][vc_row_inner][vc_column_inner][vc_column_text]<\/p>\n<p class=\"p1\"><span class=\"s1\">Osad, kt\u00f3ry stanowi najcz\u0119stszy i najwi\u0119kszy problem dla system\u00f3w ogrzewania i grzejnik\u00f3w, dzia\u0142a jak izolator. Z do\u015bwiadczenia wiemy, \u017ce w ciep\u0142ej wodzie krystalizacja odbywa si\u0119 szybciej ni\u017c w zimnej. Nale\u017cy tak\u017ce podkre\u015bli\u0107, i\u017c proces krystalizacji w temperaturze powy\u017cej 57<\/span><span class=\"s2\"><sup>o<\/sup><\/span><span class=\"s1\">C gwa\u0142townie przyspiesza. Osad o grubo\u015bci 3 mm powoduje wy\u017csze o 20% zu\u017cycie energii, by osi\u0105gn\u0105\u0107 po\u017c\u0105dan\u0105 temperatur\u0119. Osad od grubo\u015bci 6 mm powoduje wzrost zu\u017cycia energii o 30-35%. Dane te nie s\u0105 idealnie dok\u0142adne, poniewa\u017c znacz\u0105cy wp\u0142yw na wynik ma otoczenie, kt\u00f3re bywa bardzo r\u00f3\u017cne.<\/span><\/p>\n<p class=\"p1\"><span class=\"s1\">Niekwestionowan\u0105 zalet\u0105 fizycznego uzdatniania wody jest jej zdolno\u015b\u0107 do czyszczenia &#8211; rozpuszcza i wyp\u0142ukuje ju\u017c istniej\u0105ce, stare osady, co eliminuje przerwy konieczne do przeprowadzenia czyszczenia a tak\u017ce chroni i wyd\u0142u\u017ca \u017cywotno\u015b\u0107 rur, element\u00f3w grzejnych i wszystkich powi\u0105zanych urz\u0105dze\u0144.<\/span><\/p>\n<p class=\"p1\"><span class=\"s1\">Istot\u0105 fizycznego uzdatniania wody jest \u201eprzeniesienie\u201d lub \u201ezapisanie\u201d wolnego elektrycznego \u0142adunku na poszczeg\u00f3lne cz\u0105steczki wody, kt\u00f3re w wyniku tego si\u0119 polaryzuj\u0105 (jednolicie uporz\u0105dkuj\u0105). Efekt ten ma wp\u0142ywu na zmian\u0119 kszta\u0142tu sta\u0142ych substancji rozpuszczalnych w wodzie w taki spos\u00f3b, \u017ce ju\u017c nie wytworz\u0105 siatki krystalicznej, poniewa\u017c maj\u0105 inny kszta\u0142t i rozmiar, co blokuje tworzenie si\u0119 twardego osadu. Struktura zmienia si\u0119 z sze\u015bciennej na sze\u015bciok\u0105tn\u0105. Je\u015bli dojdzie do wytr\u0105cania si\u0119 kamienia, pojawi si\u0119 jedynie mi\u0119kki osad. Fizyczne uzdatnianie zapobiega tworzeniu si\u0119 nowych osad\u00f3w i bardzo skutecznie usuwa istniej\u0105c\u0105 warstw\u0119, jak r\u00f3wnie\u017c zapobiega korozji wewn\u0119trznej powierzchni rur. Tworzy si\u0119 na nich ochronna warstwa magnetytu (Fe3 O4).<\/span><\/p>\n<p class=\"p1\"><span class=\"s1\">Ionimax mo\u017ce by\u0107 zainstalowany w zamkni\u0119tych i otwartych systemach dynamicznych. Z jego skutecznego zastosowania mog\u0105 korzysta\u0107 ma\u0142e mieszkania, poprzez domy rodzinne, ko\u0144cz\u0105c na wielkich plac\u00f3wkach i zak\u0142adach przemys\u0142owych, w kt\u00f3rych istnieje ryzyko tworzenia si\u0119 kamienia. Ionimax nie zmienia sk\u0142adu chemicznego wody.<\/span><\/p>\n<p>[\/vc_column_text][\/vc_column_inner][\/vc_row_inner][\/vc_column][\/vc_row]<\/p>\n<\/div>","protected":false},"excerpt":{"rendered":"<p>[vc_row][vc_column][lab_heading title=&#8221;Rozwi\u0105zanie problemu twardej wody i osadu z kamienia&#8221; el_class=&#8221;title &#8221; css=&#8221;.vc_custom_1496010766598{padding-top: 50px !important;}&#8221;]Korzystaj z w\u0142a\u015bciwo\u015bci mi\u0119kkiej wody \u2013 bez kolejnych osad\u00f3w z kamienia, pozb\u0105d\u017a si\u0119 starego osadu z kamienia.[\/lab_heading][vc_column_text css=&#8221;.vc_custom_1496010752837{padding-top: 10px !important;}&#8221;] Czy twarda woda przysparza Ci zmartwie\u0144? Czy masz problemy z komplikacjami spowodowanymi przez osad z kamienia? Czy szukasz sposobu, by chroni\u0107 Twoj\u0105&hellip;<\/p>\n","protected":false},"author":3,"featured_media":0,"parent":0,"menu_order":0,"comment_status":"closed","ping_status":"closed","template":"","meta":{"_acf_changed":false,"footnotes":""},"class_list":["post-1811","page","type-page","status-publish","hentry"],"acf":[],"yoast_head":"<!-- This site is optimized with the Yoast SEO plugin v23.6 - https:\/\/yoast.com\/wordpress\/plugins\/seo\/ -->\n<title>Rie\u0161enie na probl\u00e9m s\u00a0tvrdou vodou a\u00a0vodn\u00fdm kame\u0148om - Two Eco<\/title>\n<meta name=\"robots\" content=\"index, follow, max-snippet:-1, max-image-preview:large, max-video-preview:-1\" \/>\n<link rel=\"canonical\" href=\"https:\/\/twoeco.sk\/riesenie-na-problem-s-tvrdou-vodou\/\" \/>\n<meta property=\"og:locale\" content=\"pl_PL\" \/>\n<meta property=\"og:type\" content=\"article\" \/>\n<meta property=\"og:title\" content=\"Rie\u0161enie na probl\u00e9m s\u00a0tvrdou vodou a\u00a0vodn\u00fdm kame\u0148om - Two Eco\" \/>\n<meta property=\"og:description\" content=\"[vc_row][vc_column][lab_heading title=&#8221;Rozwi\u0105zanie problemu twardej wody i osadu z kamienia&#8221; el_class=&#8221;title &#8221; css=&#8221;.vc_custom_1496010766598{padding-top: 50px !important;}&#8221;]Korzystaj z w\u0142a\u015bciwo\u015bci mi\u0119kkiej wody \u2013 bez kolejnych osad\u00f3w z kamienia, pozb\u0105d\u017a si\u0119 starego osadu z kamienia.[\/lab_heading][vc_column_text css=&#8221;.vc_custom_1496010752837{padding-top: 10px !important;}&#8221;] Czy twarda woda przysparza Ci zmartwie\u0144? Czy masz problemy z komplikacjami spowodowanymi przez osad z kamienia? Czy szukasz sposobu, by chroni\u0107 Twoj\u0105&hellip;\" \/>\n<meta property=\"og:url\" content=\"https:\/\/twoeco.sk\/riesenie-na-problem-s-tvrdou-vodou\/\" \/>\n<meta property=\"og:site_name\" content=\"Two Eco\" \/>\n<meta property=\"article:publisher\" content=\"https:\/\/www.facebook.com\/Ionimax-1357153714295887\/\" \/>\n<meta property=\"article:modified_time\" content=\"2017-05-28T22:32:49+00:00\" \/>\n<meta name=\"twitter:card\" content=\"summary_large_image\" \/>\n<meta name=\"twitter:label1\" content=\"Szacowany czas czytania\" \/>\n\t<meta name=\"twitter:data1\" content=\"2 minuty\" \/>\n<script type=\"application\/ld+json\" class=\"yoast-schema-graph\">{\"@context\":\"https:\/\/schema.org\",\"@graph\":[{\"@type\":\"WebPage\",\"@id\":\"https:\/\/twoeco.sk\/riesenie-na-problem-s-tvrdou-vodou\/\",\"url\":\"https:\/\/twoeco.sk\/riesenie-na-problem-s-tvrdou-vodou\/\",\"name\":\"Rie\u0161enie na probl\u00e9m s\u00a0tvrdou vodou a\u00a0vodn\u00fdm kame\u0148om - Two Eco\",\"isPartOf\":{\"@id\":\"https:\/\/twoeco.sk\/#website\"},\"datePublished\":\"2017-03-29T08:19:23+00:00\",\"dateModified\":\"2017-05-28T22:32:49+00:00\",\"breadcrumb\":{\"@id\":\"https:\/\/twoeco.sk\/riesenie-na-problem-s-tvrdou-vodou\/#breadcrumb\"},\"inLanguage\":\"pl-PL\",\"potentialAction\":[{\"@type\":\"ReadAction\",\"target\":[\"https:\/\/twoeco.sk\/riesenie-na-problem-s-tvrdou-vodou\/\"]}]},{\"@type\":\"BreadcrumbList\",\"@id\":\"https:\/\/twoeco.sk\/riesenie-na-problem-s-tvrdou-vodou\/#breadcrumb\",\"itemListElement\":[{\"@type\":\"ListItem\",\"position\":1,\"name\":\"Home\",\"item\":\"https:\/\/twoeco.sk\/\"},{\"@type\":\"ListItem\",\"position\":2,\"name\":\"Rie\u0161enie na probl\u00e9m s\u00a0tvrdou vodou a\u00a0vodn\u00fdm kame\u0148om\"}]},{\"@type\":\"WebSite\",\"@id\":\"https:\/\/twoeco.sk\/#website\",\"url\":\"https:\/\/twoeco.sk\/\",\"name\":\"Two Eco\",\"description\":\"Viac ako \u010dist\u00e1 voda\",\"publisher\":{\"@id\":\"https:\/\/twoeco.sk\/#organization\"},\"potentialAction\":[{\"@type\":\"SearchAction\",\"target\":{\"@type\":\"EntryPoint\",\"urlTemplate\":\"https:\/\/twoeco.sk\/?s={search_term_string}\"},\"query-input\":{\"@type\":\"PropertyValueSpecification\",\"valueRequired\":true,\"valueName\":\"search_term_string\"}}],\"inLanguage\":\"pl-PL\"},{\"@type\":\"Organization\",\"@id\":\"https:\/\/twoeco.sk\/#organization\",\"name\":\"Two ECO, s.r.o.\",\"url\":\"https:\/\/twoeco.sk\/\",\"logo\":{\"@type\":\"ImageObject\",\"inLanguage\":\"pl-PL\",\"@id\":\"https:\/\/twoeco.sk\/#\/schema\/logo\/image\/\",\"url\":\"https:\/\/twoeco.sk\/wp-content\/uploads\/2016\/05\/logo-two-eco-farba.png\",\"contentUrl\":\"https:\/\/twoeco.sk\/wp-content\/uploads\/2016\/05\/logo-two-eco-farba.png\",\"width\":318,\"height\":74,\"caption\":\"Two ECO, s.r.o.\"},\"image\":{\"@id\":\"https:\/\/twoeco.sk\/#\/schema\/logo\/image\/\"},\"sameAs\":[\"https:\/\/www.facebook.com\/Ionimax-1357153714295887\/\"]}]}<\/script>\n<!-- \/ Yoast SEO plugin. -->","yoast_head_json":{"title":"Rie\u0161enie na probl\u00e9m s\u00a0tvrdou vodou a\u00a0vodn\u00fdm kame\u0148om - Two Eco","robots":{"index":"index","follow":"follow","max-snippet":"max-snippet:-1","max-image-preview":"max-image-preview:large","max-video-preview":"max-video-preview:-1"},"canonical":"https:\/\/twoeco.sk\/riesenie-na-problem-s-tvrdou-vodou\/","og_locale":"pl_PL","og_type":"article","og_title":"Rie\u0161enie na probl\u00e9m s\u00a0tvrdou vodou a\u00a0vodn\u00fdm kame\u0148om - Two Eco","og_description":"[vc_row][vc_column][lab_heading title=&#8221;Rozwi\u0105zanie problemu twardej wody i osadu z kamienia&#8221; el_class=&#8221;title &#8221; css=&#8221;.vc_custom_1496010766598{padding-top: 50px !important;}&#8221;]Korzystaj z w\u0142a\u015bciwo\u015bci mi\u0119kkiej wody \u2013 bez kolejnych osad\u00f3w z kamienia, pozb\u0105d\u017a si\u0119 starego osadu z kamienia.[\/lab_heading][vc_column_text css=&#8221;.vc_custom_1496010752837{padding-top: 10px !important;}&#8221;] Czy twarda woda przysparza Ci zmartwie\u0144? Czy masz problemy z komplikacjami spowodowanymi przez osad z kamienia? Czy szukasz sposobu, by chroni\u0107 Twoj\u0105&hellip;","og_url":"https:\/\/twoeco.sk\/riesenie-na-problem-s-tvrdou-vodou\/","og_site_name":"Two Eco","article_publisher":"https:\/\/www.facebook.com\/Ionimax-1357153714295887\/","article_modified_time":"2017-05-28T22:32:49+00:00","twitter_card":"summary_large_image","twitter_misc":{"Szacowany czas czytania":"2 minuty"},"schema":{"@context":"https:\/\/schema.org","@graph":[{"@type":"WebPage","@id":"https:\/\/twoeco.sk\/riesenie-na-problem-s-tvrdou-vodou\/","url":"https:\/\/twoeco.sk\/riesenie-na-problem-s-tvrdou-vodou\/","name":"Rie\u0161enie na probl\u00e9m s\u00a0tvrdou vodou a\u00a0vodn\u00fdm kame\u0148om - Two Eco","isPartOf":{"@id":"https:\/\/twoeco.sk\/#website"},"datePublished":"2017-03-29T08:19:23+00:00","dateModified":"2017-05-28T22:32:49+00:00","breadcrumb":{"@id":"https:\/\/twoeco.sk\/riesenie-na-problem-s-tvrdou-vodou\/#breadcrumb"},"inLanguage":"pl-PL","potentialAction":[{"@type":"ReadAction","target":["https:\/\/twoeco.sk\/riesenie-na-problem-s-tvrdou-vodou\/"]}]},{"@type":"BreadcrumbList","@id":"https:\/\/twoeco.sk\/riesenie-na-problem-s-tvrdou-vodou\/#breadcrumb","itemListElement":[{"@type":"ListItem","position":1,"name":"Home","item":"https:\/\/twoeco.sk\/"},{"@type":"ListItem","position":2,"name":"Rie\u0161enie na probl\u00e9m s\u00a0tvrdou vodou a\u00a0vodn\u00fdm kame\u0148om"}]},{"@type":"WebSite","@id":"https:\/\/twoeco.sk\/#website","url":"https:\/\/twoeco.sk\/","name":"Two Eco","description":"Viac ako \u010dist\u00e1 voda","publisher":{"@id":"https:\/\/twoeco.sk\/#organization"},"potentialAction":[{"@type":"SearchAction","target":{"@type":"EntryPoint","urlTemplate":"https:\/\/twoeco.sk\/?s={search_term_string}"},"query-input":{"@type":"PropertyValueSpecification","valueRequired":true,"valueName":"search_term_string"}}],"inLanguage":"pl-PL"},{"@type":"Organization","@id":"https:\/\/twoeco.sk\/#organization","name":"Two ECO, s.r.o.","url":"https:\/\/twoeco.sk\/","logo":{"@type":"ImageObject","inLanguage":"pl-PL","@id":"https:\/\/twoeco.sk\/#\/schema\/logo\/image\/","url":"https:\/\/twoeco.sk\/wp-content\/uploads\/2016\/05\/logo-two-eco-farba.png","contentUrl":"https:\/\/twoeco.sk\/wp-content\/uploads\/2016\/05\/logo-two-eco-farba.png","width":318,"height":74,"caption":"Two ECO, s.r.o."},"image":{"@id":"https:\/\/twoeco.sk\/#\/schema\/logo\/image\/"},"sameAs":["https:\/\/www.facebook.com\/Ionimax-1357153714295887\/"]}]}},"_links":{"self":[{"href":"https:\/\/twoeco.sk\/pl\/wp-json\/wp\/v2\/pages\/1811"}],"collection":[{"href":"https:\/\/twoeco.sk\/pl\/wp-json\/wp\/v2\/pages"}],"about":[{"href":"https:\/\/twoeco.sk\/pl\/wp-json\/wp\/v2\/types\/page"}],"author":[{"embeddable":true,"href":"https:\/\/twoeco.sk\/pl\/wp-json\/wp\/v2\/users\/3"}],"replies":[{"embeddable":true,"href":"https:\/\/twoeco.sk\/pl\/wp-json\/wp\/v2\/comments?post=1811"}],"version-history":[{"count":1,"href":"https:\/\/twoeco.sk\/pl\/wp-json\/wp\/v2\/pages\/1811\/revisions"}],"predecessor-version":[{"id":1814,"href":"https:\/\/twoeco.sk\/pl\/wp-json\/wp\/v2\/pages\/1811\/revisions\/1814"}],"wp:attachment":[{"href":"https:\/\/twoeco.sk\/pl\/wp-json\/wp\/v2\/media?parent=1811"}],"curies":[{"name":"wp","href":"https:\/\/api.w.org\/{rel}","templated":true}]}}