{"id":1396,"date":"2017-05-11T21:57:45","date_gmt":"2017-05-11T19:57:45","guid":{"rendered":"https:\/\/twoeco.sk\/ionimax\/"},"modified":"2017-09-03T09:23:20","modified_gmt":"2017-09-03T07:23:20","slug":"ionimax","status":"publish","type":"page","link":"https:\/\/twoeco.sk\/ro\/ionimax\/","title":{"rendered":"ionimax\u00ae"},"content":{"rendered":"<div class=\"wpb-content-wrapper\"><p>[vc_row css=&#8221;.vc_custom_1489102263611{padding-top: 50px !important;}&#8221;][vc_column][vc_row_inner][vc_column_inner][lab_heading title=&#8221;ionimax\u00ae&#8221; el_class=&#8221;title centered&#8221;]Dispozitivul de polarizare ionic\u0103[\/lab_heading][vc_single_image image=&#8221;1156&#8243; img_size=&#8221;full&#8221; alignment=&#8221;center&#8221;][\/vc_column_inner][\/vc_row_inner][vc_row_inner][vc_column_inner width=&#8221;1\/2&#8243;][lab_heading title=&#8221;Descrierea produsului&#8221;][\/lab_heading][vc_column_text]<strong>Dispozitivul de polarizare ionic\u0103 \u2013 ionimax \u2013<\/strong> este o instala\u021bie pentru tratarea apei care \u00eempiedic\u0103 formarea calcarului, ajut\u0103 la \u00eenl\u0103turarea acestuia \u0219i are o serie de alte avantaje.<\/p>\n<p>Ionimax se compune dintr-un corp de curgere cu orificiu de intrare \u0219i ie\u0219ire. \u00cen acest corp sunt amplasate cel pu\u021bin doi electrozi. Ambii difer\u0103 unul de cel\u0103lalt prin materialul conductor de electricitate. \u00cempreun\u0103 cu ace\u0219ti electrozi, apa care curge, creeaz\u0103 un element galvanic umed. Tensiunea electric\u0103 din acest element este suficient\u0103 pentru ca moleculele apei care curge s\u0103 polarizeze.<\/p>\n<p>M\u0103rimea acestei tensiuni este \u00een limitele dinte 0,6 \u2013 0,8 V. Aceast\u0103 tensiune depinde de conductivitatea electric\u0103 a apei. Acest fenomen poate fi utilizat la apele cu o conductivitate de 50 \u2013 2 000 uS\/cm<sup>2<\/sup>, adic\u0103 la apa obi\u0219nuit\u0103 unde con\u021binutul de sare este de la 50 la 2\u00a0000\u00a0mg\/l.<\/p>\n<p>Prin trecerea apei printre ace\u0219ti electrozi are loc fenomenul \u00een care s\u0103rurile de calciu (Ca2*), magneziu (Mg*), fier (Fe2*, 3*) care \u00een ap\u0103 se g\u0103sesc ca \u0219i carbona\u021bi, sulfa\u021bi \u0219i cloruri, se descompun (se disociaz\u0103) \u00een hidroxizi. Ca urmare, astfel de particule \u00ee\u0219i pierd proprietatea de a forma depuneri cristaline \u00een conducte, boilere, schimb\u0103toare de c\u0103ldur\u0103, etc.<\/p>\n<p>Esen\u021ba tratamentului fizic al apei const\u0103 \u00een \u201etransferul\u201c sau \u201edepunerea\u201c sarcinii electrice libere pe fiecare molecul\u0103 de ap\u0103 care, \u00een consecin\u021b\u0103, polarizeaz\u0103 (se orienteaz\u0103 uniform). Acest efect are ca urmare modificarea formei substan\u021belor solide solubile \u00een ap\u0103 astfel c\u0103 nu vor crea o re\u021bea cristalin\u0103, av\u00e2nd diferite forme \u0219i m\u0103rimi. Ace\u0219ti carbona\u021bi se formeaz\u0103 \u00een continuare dar numai \u00een forma particulelor moi \u2013 un n\u0103mol inofensiv, u\u0219or de \u00eenl\u0103turat \u00een locul depunerilor cristaline solide. Depunerile de calcar vor \u00eenceta, treptat vor dispare, altele nu se vor mai forma.[\/vc_column_text][lab_heading title=&#8221;M\u0103suri recomandate:&#8221;][\/lab_heading][vc_column_text]Montajul ar trebui efectuat de un lucr\u0103tor calificat. Produc\u0103torul nu garanteaz\u0103 daunele cauzate de o manipulare necorespunz\u0103toare. P\u0103stra\u021bi dovada de instalare pentru necesit\u0103\u021bile dvs.<\/p>\n<p>La o \u00eentrerupere de durat\u0103 a apei \u00een sistemul dvs. de conducte (concediu, utilizare la casa de vacan\u021b\u0103, etc.) l\u0103sa\u021bi mai \u00eent\u00e2i ca apa s\u0103 se scurg\u0103 sau folosi\u021bi-o ca ap\u0103 utilitar\u0103.<\/p>\n<p>&nbsp;<\/p>\n<p><strong><em>Condi\u021bii de depozitare:<\/em><\/strong><\/p>\n<p>Depozita\u021bi \u00een mod obi\u0219nuit. Produsul este impermeabil.<\/p>\n<p>&nbsp;<\/p>\n<p><strong><em>Durata de via\u021b\u0103 \u0219i \u00eentre\u021binerea produsului:<\/em><\/strong><\/p>\n<p>O utilizare normal\u0103 a dispozitivului ionimax indic\u0103 din partea produc\u0103torului o durat\u0103 de via\u021b\u0103 de 10 ani. \u00centr-un mediu deosebit de mineralizat, cu o ap\u0103 cu con\u021binut mai mare de particule solide, etc., recomand\u0103m s\u0103 urma\u021bi urm\u0103torul mod de \u00eentre\u021binere a dispozitivului: \u00een func\u021bie de necesitate a se cl\u0103ti cu o\u021bet fierbinte.<\/p>\n<p>&nbsp;<\/p>\n<p><strong>Condi\u021bii de tratare a de\u0219eurilor:<\/strong><\/p>\n<p>A se lichida la \u00eencheierea ciclului de via\u021b\u0103 ca un de\u0219eu de construc\u021bii. Ambalajul produsului \u021bine de de\u0219euri menajere, recomand\u0103m trierea acestuia la de\u0219eurile de h\u00e2rtie.<\/p>\n<p><strong><u>Produc\u0103tor:<\/u><\/strong><\/p>\n<p>Ve\u021bi g\u0103si Condi\u021biile comerciale general valabile ca \u0219i Regulamentul de reclama\u021bii \u0219i pe www.twoeco.sk[\/vc_column_text][\/vc_column_inner][vc_column_inner width=&#8221;1\/2&#8243;][lab_heading title=&#8221;Certificate \u0219i autoriza\u021bii:&#8221;][\/lab_heading][vc_column_text]Avizul Ministerului S\u0103n\u0103t\u0103\u021bii \u2013 igienistului-\u0219ef al Republice Slovace certific\u0103 dispozitivul ionimax pentru tratarea apei potabile.<\/p>\n<p>Certificatul eliberat de Institutul de test\u0103ri tehnice Pie\u0161\u0165any, \u00eentreprindere de stat, \u00a0confirm\u0103 siguran\u021ba echipamentelor ionimax.<\/p>\n<p>Declara\u021bie de conformitate a dispozitivelor de polarizare ionic\u0103, Standardul tehnic slovac STN 133060-2:1978<\/p>\n<p>AUTORITATEA DE PROPRIETATE INDUSTRIAL\u0102 A REPUBLICII SLOVACE.<\/p>\n<p><strong>Schema amplas\u0103rii \u00een cl\u0103dire:<\/strong><\/p>\n<p>Img. A : 1 \u2013 contor,\u00a0 2 &#8211; valv\u0103,\u00a0 3 \u2013 instala\u021bie de decantare,\u00a0 4 &#8211; ionimax.<\/p>\n<p>Img. B :\u00a0 \u00een circuitul termic nr. 5 \u2013 instala\u021bie de decantare.[\/vc_column_text][vc_single_image image=&#8221;1301&#8243; img_size=&#8221;full&#8221; add_caption=&#8221;yes&#8221; alignment=&#8221;center&#8221;][lab_heading title=&#8221;Instruc\u021biuni de montaj:&#8221;][\/lab_heading][vc_column_text]<strong><em>Pozi\u021bia:<\/em><\/strong><\/p>\n<p>Ionimax-ul poate fi instalat \u00een orice pozi\u021bie. Indiferent cu care cap\u0103t este \u00een fa\u021b\u0103.<\/p>\n<p><strong>Amplasare:<\/strong><\/p>\n<p>Cel mai avantajos este ca Ionimax-ul s\u0103 fie amplasat la\u00a0 aduc\u021bia principal\u0103 \u00een cl\u0103dire pentru a\u00a0proteja \u00eentregul obiect.<\/p>\n<p><strong><em>Montajul:<\/em><\/strong><\/p>\n<p class=\"p1\">Conducta se va \u00eentrerupe \u00een locul montajului, \u00eenl\u0103tur\u00e2ndu-se partea necesar\u0103 echivalent\u0103 cu dimensiunea Ionimax- ului. La ambele capete ale conductei se vor monta nipluri filetate corespunz\u0103toare de dimensiunea necesar\u0103. Filetul se va prevedea cu material de etan\u0219are iar Ionimax-ul se va \u00een\u0219uruba pe niplurile cu filet preg\u0103tite. Dup\u0103 efectuarea asambl\u0103rii se va controla etan\u0219eitatea \u00eembin\u0103rilor. Montajul ar trebui efectuat de un lucr\u0103tor calificat. Produc\u0103torul nu-\u0219i asum\u0103 r\u0103spunderea pentru daunele provocate de o manipulare necorespunz\u0103toare.<\/p>\n<p><strong><em>Combina\u021bie cu filtru de ap\u0103:<\/em><\/strong><\/p>\n<p>\u00cen cazul \u00een care inten\u021biona\u021bi \u0219i filtrarea apei \u00een sistemul dvs. de conducte de ap\u0103, ionimax ar trebui s\u0103 fie ultimul dispozitiv inserat \u00een acest sistem, aceasta pentru a evita o eventual\u0103 negare inutil\u0103 a func\u021biei sale.<\/p>\n<p><strong><em>Condi\u021bii de utilizare corect\u0103 a produsului:<\/em><\/strong><\/p>\n<p>Este interzis ca \u00een jurul ionimax-ului s\u0103 se afle tensiune electric\u0103, aceasta la o distan\u021b\u0103 minim\u0103 de 50 cm. Este interzis ca \u00een sistem s\u0103 se afle instalat un schimb\u0103tor de ioni, un sistem electromagnetic, respectiv un sistem cu alimentare de tensiune extern\u0103. \u00cen astfel de cazuri, eficien\u021ba ionimax-ului nu se va manifesta \u00een m\u0103sura a\u0219teptat\u0103.<\/p>\n<p>&nbsp;<\/p>\n<p>De asemenea nu recomand\u0103m a instala ionimax-ul pentru instala\u021bii cu ap\u0103 s\u0103rat\u0103 sau cu utilizarea solu\u021biilor cu sare care ar nega polarizarea ionic\u0103. \u00cen astfel de cazuri, eficien\u021ba ionimax-ului nu se va manifesta \u00een m\u0103sura a\u0219teptat\u0103.<\/p>\n<p>&nbsp;<\/p>\n<p>Monta\u021bi dispozitivele ionimax pentru ape cu conductibilitate normal\u0103 de la 50 la 2000\u00a0uS\/cm<sup>2<\/sup>. Pentru ape cu conductivitate mai mare, ionimax-ul nu va fi suficient de eficient, se va colmata mai repede iar durata sa de via\u021b\u0103 se va scurta.<\/p>\n<p>&nbsp;<\/p>\n<p>Utiliza\u021bi pentru temperatura apei de 0-100\u00b0C. Nu este destinat trat\u0103rii aburului \u00een conduct\u0103 \u00eenchis\u0103, pericol de deteriorare a dispozitivului.<\/p>\n<p>&nbsp;<\/p>\n<p>Viteza maxim\u0103 a debitului apei prin dispozitiv este de 4 m\/s (la alegerea tipului de dispozitiv trebuie luat\u0103 \u00een considerare aceast\u0103 dat\u0103 \u0219i debitul maxim \u0219i nu numai diametrul interior al conductei). \u00cen cazul unei viteze mai mari a debitului apei nu garant\u0103m eficien\u021ba \u00een m\u0103sura a\u0219teptat\u0103.<\/p>\n<p>&nbsp;<\/p>\n<p>Instala\u021biile ionimax sunt dimensionate la o presiune de p\u00e2n\u0103 la 1 MPa. O presiune mai mare poate avea ca urmare deteriorarea dispozitivului ionimax.<\/p>\n<p>&nbsp;<\/p>\n<p>Nu deschide\u021bi \u0219i nu dezasambla\u021bi \u00een nici un fel dispozitivul ionimax. Prin deschidere, acest dispozitiv \u00ee\u0219i pierde func\u021bionalitatea \u0219i garan\u021bia. \u00cen acela\u0219i timp exist\u0103 pericolul de degajare a\u00a0pieselor m\u0103runte. Nu permite\u021bi manipularea din partea copiilor.[\/vc_column_text][\/vc_column_inner][\/vc_row_inner][\/vc_column][\/vc_row]<\/p>\n<\/div>","protected":false},"excerpt":{"rendered":"<p>[vc_row css=&#8221;.vc_custom_1489102263611{padding-top: 50px !important;}&#8221;][vc_column][vc_row_inner][vc_column_inner][lab_heading title=&#8221;ionimax\u00ae&#8221; el_class=&#8221;title centered&#8221;]Dispozitivul de polarizare ionic\u0103[\/lab_heading][vc_single_image image=&#8221;1156&#8243; img_size=&#8221;full&#8221; alignment=&#8221;center&#8221;][\/vc_column_inner][\/vc_row_inner][vc_row_inner][vc_column_inner width=&#8221;1\/2&#8243;][lab_heading title=&#8221;Descrierea produsului&#8221;][\/lab_heading][vc_column_text]Dispozitivul de polarizare ionic\u0103 \u2013 ionimax \u2013 este o instala\u021bie pentru tratarea apei care \u00eempiedic\u0103 formarea calcarului, ajut\u0103 la \u00eenl\u0103turarea acestuia \u0219i are o serie de alte avantaje. Ionimax se compune dintr-un corp de curgere cu orificiu de intrare \u0219i&hellip;<\/p>\n","protected":false},"author":3,"featured_media":0,"parent":0,"menu_order":0,"comment_status":"closed","ping_status":"closed","template":"","meta":{"_acf_changed":false,"footnotes":""},"class_list":["post-1396","page","type-page","status-publish","hentry"],"acf":[],"yoast_head":"<!-- This site is optimized with the Yoast SEO plugin v23.6 - https:\/\/yoast.com\/wordpress\/plugins\/seo\/ -->\n<title>ionimax\u00ae | twoeco<\/title>\n<meta name=\"robots\" content=\"index, follow, max-snippet:-1, max-image-preview:large, max-video-preview:-1\" \/>\n<link rel=\"canonical\" href=\"https:\/\/twoeco.sk\/ro\/ionimax\/\" \/>\n<meta property=\"og:locale\" content=\"ro_RO\" \/>\n<meta property=\"og:type\" content=\"article\" \/>\n<meta property=\"og:title\" content=\"ionimax\u00ae | twoeco\" \/>\n<meta property=\"og:description\" content=\"[vc_row css=&#8221;.vc_custom_1489102263611{padding-top: 50px !important;}&#8221;][vc_column][vc_row_inner][vc_column_inner][lab_heading title=&#8221;ionimax\u00ae&#8221; el_class=&#8221;title centered&#8221;]Dispozitivul de polarizare ionic\u0103[\/lab_heading][vc_single_image image=&#8221;1156&#8243; img_size=&#8221;full&#8221; alignment=&#8221;center&#8221;][\/vc_column_inner][\/vc_row_inner][vc_row_inner][vc_column_inner width=&#8221;1\/2&#8243;][lab_heading title=&#8221;Descrierea produsului&#8221;][\/lab_heading][vc_column_text]Dispozitivul de polarizare ionic\u0103 \u2013 ionimax \u2013 este o instala\u021bie pentru tratarea apei care \u00eempiedic\u0103 formarea calcarului, ajut\u0103 la \u00eenl\u0103turarea acestuia \u0219i are o serie de alte avantaje. Ionimax se compune dintr-un corp de curgere cu orificiu de intrare \u0219i&hellip;\" \/>\n<meta property=\"og:url\" content=\"https:\/\/twoeco.sk\/ro\/ionimax\/\" \/>\n<meta property=\"og:site_name\" content=\"Two Eco\" \/>\n<meta property=\"article:publisher\" content=\"https:\/\/www.facebook.com\/Ionimax-1357153714295887\/\" \/>\n<meta property=\"article:modified_time\" content=\"2017-09-03T07:23:20+00:00\" \/>\n<meta name=\"twitter:card\" content=\"summary_large_image\" \/>\n<meta name=\"twitter:label1\" content=\"Timp estimat pentru citire\" \/>\n\t<meta name=\"twitter:data1\" content=\"6 minute\" \/>\n<script type=\"application\/ld+json\" class=\"yoast-schema-graph\">{\"@context\":\"https:\/\/schema.org\",\"@graph\":[{\"@type\":\"WebPage\",\"@id\":\"https:\/\/twoeco.sk\/ro\/ionimax\/\",\"url\":\"https:\/\/twoeco.sk\/ro\/ionimax\/\",\"name\":\"ionimax\u00ae | twoeco\",\"isPartOf\":{\"@id\":\"https:\/\/twoeco.sk\/#website\"},\"datePublished\":\"2017-05-11T19:57:45+00:00\",\"dateModified\":\"2017-09-03T07:23:20+00:00\",\"breadcrumb\":{\"@id\":\"https:\/\/twoeco.sk\/ro\/ionimax\/#breadcrumb\"},\"inLanguage\":\"ro-RO\",\"potentialAction\":[{\"@type\":\"ReadAction\",\"target\":[\"https:\/\/twoeco.sk\/ro\/ionimax\/\"]}]},{\"@type\":\"BreadcrumbList\",\"@id\":\"https:\/\/twoeco.sk\/ro\/ionimax\/#breadcrumb\",\"itemListElement\":[{\"@type\":\"ListItem\",\"position\":1,\"name\":\"Home\",\"item\":\"https:\/\/twoeco.sk\/\"},{\"@type\":\"ListItem\",\"position\":2,\"name\":\"ionimax\u00ae\"}]},{\"@type\":\"WebSite\",\"@id\":\"https:\/\/twoeco.sk\/#website\",\"url\":\"https:\/\/twoeco.sk\/\",\"name\":\"Two Eco\",\"description\":\"Viac ako \u010dist\u00e1 voda\",\"publisher\":{\"@id\":\"https:\/\/twoeco.sk\/#organization\"},\"potentialAction\":[{\"@type\":\"SearchAction\",\"target\":{\"@type\":\"EntryPoint\",\"urlTemplate\":\"https:\/\/twoeco.sk\/?s={search_term_string}\"},\"query-input\":{\"@type\":\"PropertyValueSpecification\",\"valueRequired\":true,\"valueName\":\"search_term_string\"}}],\"inLanguage\":\"ro-RO\"},{\"@type\":\"Organization\",\"@id\":\"https:\/\/twoeco.sk\/#organization\",\"name\":\"Two ECO, s.r.o.\",\"url\":\"https:\/\/twoeco.sk\/\",\"logo\":{\"@type\":\"ImageObject\",\"inLanguage\":\"ro-RO\",\"@id\":\"https:\/\/twoeco.sk\/#\/schema\/logo\/image\/\",\"url\":\"https:\/\/twoeco.sk\/wp-content\/uploads\/2016\/05\/logo-two-eco-farba.png\",\"contentUrl\":\"https:\/\/twoeco.sk\/wp-content\/uploads\/2016\/05\/logo-two-eco-farba.png\",\"width\":318,\"height\":74,\"caption\":\"Two ECO, s.r.o.\"},\"image\":{\"@id\":\"https:\/\/twoeco.sk\/#\/schema\/logo\/image\/\"},\"sameAs\":[\"https:\/\/www.facebook.com\/Ionimax-1357153714295887\/\"]}]}<\/script>\n<!-- \/ Yoast SEO plugin. -->","yoast_head_json":{"title":"ionimax\u00ae | twoeco","robots":{"index":"index","follow":"follow","max-snippet":"max-snippet:-1","max-image-preview":"max-image-preview:large","max-video-preview":"max-video-preview:-1"},"canonical":"https:\/\/twoeco.sk\/ro\/ionimax\/","og_locale":"ro_RO","og_type":"article","og_title":"ionimax\u00ae | twoeco","og_description":"[vc_row css=&#8221;.vc_custom_1489102263611{padding-top: 50px !important;}&#8221;][vc_column][vc_row_inner][vc_column_inner][lab_heading title=&#8221;ionimax\u00ae&#8221; el_class=&#8221;title centered&#8221;]Dispozitivul de polarizare ionic\u0103[\/lab_heading][vc_single_image image=&#8221;1156&#8243; img_size=&#8221;full&#8221; alignment=&#8221;center&#8221;][\/vc_column_inner][\/vc_row_inner][vc_row_inner][vc_column_inner width=&#8221;1\/2&#8243;][lab_heading title=&#8221;Descrierea produsului&#8221;][\/lab_heading][vc_column_text]Dispozitivul de polarizare ionic\u0103 \u2013 ionimax \u2013 este o instala\u021bie pentru tratarea apei care \u00eempiedic\u0103 formarea calcarului, ajut\u0103 la \u00eenl\u0103turarea acestuia \u0219i are o serie de alte avantaje. Ionimax se compune dintr-un corp de curgere cu orificiu de intrare \u0219i&hellip;","og_url":"https:\/\/twoeco.sk\/ro\/ionimax\/","og_site_name":"Two Eco","article_publisher":"https:\/\/www.facebook.com\/Ionimax-1357153714295887\/","article_modified_time":"2017-09-03T07:23:20+00:00","twitter_card":"summary_large_image","twitter_misc":{"Timp estimat pentru citire":"6 minute"},"schema":{"@context":"https:\/\/schema.org","@graph":[{"@type":"WebPage","@id":"https:\/\/twoeco.sk\/ro\/ionimax\/","url":"https:\/\/twoeco.sk\/ro\/ionimax\/","name":"ionimax\u00ae | twoeco","isPartOf":{"@id":"https:\/\/twoeco.sk\/#website"},"datePublished":"2017-05-11T19:57:45+00:00","dateModified":"2017-09-03T07:23:20+00:00","breadcrumb":{"@id":"https:\/\/twoeco.sk\/ro\/ionimax\/#breadcrumb"},"inLanguage":"ro-RO","potentialAction":[{"@type":"ReadAction","target":["https:\/\/twoeco.sk\/ro\/ionimax\/"]}]},{"@type":"BreadcrumbList","@id":"https:\/\/twoeco.sk\/ro\/ionimax\/#breadcrumb","itemListElement":[{"@type":"ListItem","position":1,"name":"Home","item":"https:\/\/twoeco.sk\/"},{"@type":"ListItem","position":2,"name":"ionimax\u00ae"}]},{"@type":"WebSite","@id":"https:\/\/twoeco.sk\/#website","url":"https:\/\/twoeco.sk\/","name":"Two Eco","description":"Viac ako \u010dist\u00e1 voda","publisher":{"@id":"https:\/\/twoeco.sk\/#organization"},"potentialAction":[{"@type":"SearchAction","target":{"@type":"EntryPoint","urlTemplate":"https:\/\/twoeco.sk\/?s={search_term_string}"},"query-input":{"@type":"PropertyValueSpecification","valueRequired":true,"valueName":"search_term_string"}}],"inLanguage":"ro-RO"},{"@type":"Organization","@id":"https:\/\/twoeco.sk\/#organization","name":"Two ECO, s.r.o.","url":"https:\/\/twoeco.sk\/","logo":{"@type":"ImageObject","inLanguage":"ro-RO","@id":"https:\/\/twoeco.sk\/#\/schema\/logo\/image\/","url":"https:\/\/twoeco.sk\/wp-content\/uploads\/2016\/05\/logo-two-eco-farba.png","contentUrl":"https:\/\/twoeco.sk\/wp-content\/uploads\/2016\/05\/logo-two-eco-farba.png","width":318,"height":74,"caption":"Two ECO, s.r.o."},"image":{"@id":"https:\/\/twoeco.sk\/#\/schema\/logo\/image\/"},"sameAs":["https:\/\/www.facebook.com\/Ionimax-1357153714295887\/"]}]}},"_links":{"self":[{"href":"https:\/\/twoeco.sk\/ro\/wp-json\/wp\/v2\/pages\/1396"}],"collection":[{"href":"https:\/\/twoeco.sk\/ro\/wp-json\/wp\/v2\/pages"}],"about":[{"href":"https:\/\/twoeco.sk\/ro\/wp-json\/wp\/v2\/types\/page"}],"author":[{"embeddable":true,"href":"https:\/\/twoeco.sk\/ro\/wp-json\/wp\/v2\/users\/3"}],"replies":[{"embeddable":true,"href":"https:\/\/twoeco.sk\/ro\/wp-json\/wp\/v2\/comments?post=1396"}],"version-history":[{"count":4,"href":"https:\/\/twoeco.sk\/ro\/wp-json\/wp\/v2\/pages\/1396\/revisions"}],"predecessor-version":[{"id":2275,"href":"https:\/\/twoeco.sk\/ro\/wp-json\/wp\/v2\/pages\/1396\/revisions\/2275"}],"wp:attachment":[{"href":"https:\/\/twoeco.sk\/ro\/wp-json\/wp\/v2\/media?parent=1396"}],"curies":[{"name":"wp","href":"https:\/\/api.w.org\/{rel}","templated":true}]}}