{"id":1494,"date":"2017-02-16T09:49:00","date_gmt":"2017-02-16T08:49:00","guid":{"rendered":"https:\/\/twoeco.sk\/vodny-kamen\/"},"modified":"2017-05-27T17:53:34","modified_gmt":"2017-05-27T15:53:34","slug":"vodny-kamen","status":"publish","type":"page","link":"https:\/\/twoeco.sk\/ro\/vodny-kamen\/","title":{"rendered":"Calcarul"},"content":{"rendered":"<div class=\"wpb-content-wrapper\"><p>[vc_row][vc_column][lab_heading title=&#8221;Calcarul &#8221; el_class=&#8221;title&#8221; css=&#8221;.vc_custom_1495900391791{padding-top: 50px !important;}&#8221;][\/lab_heading][vc_column_text]<strong>Sunte\u021bi preocupat de calcarul depus \u00een conducte?<\/strong><\/p>\n<p><strong>Dori\u021bi s\u0103 v\u0103 proteja\u021bi aparatele de acesta?<\/strong><\/p>\n<p><strong>Visa\u021bi la rufe frumos sp\u0103late dar apa dur\u0103 pe care o ave\u021bi nu v\u0103 permite acest lucru?<\/strong><\/p>\n<p><strong>Vre\u021bi s\u0103 evita\u021bi mijloacele chimice de dedurizare?<\/strong><\/p>\n<p><strong>Nu mai vre\u021bi s\u0103 freca\u021bi depunerile de calcar din baie \u0219i buc\u0103t\u0103rie?<\/strong>[\/vc_column_text][vc_separator style=&#8221;dotted&#8221; border_width=&#8221;2&#8243;][vc_row_inner][vc_column_inner][vc_column_text]<\/p>\n<p class=\"p1\"><b><img loading=\"lazy\" decoding=\"async\" class=\" wp-image-894 alignleft\" src=\"https:\/\/twoeco.sk\/wp-content\/uploads\/2017\/02\/shutterstock_218515030-min-300x200.jpg\" alt=\"\" width=\"387\" height=\"258\" srcset=\"https:\/\/twoeco.sk\/wp-content\/uploads\/2017\/02\/shutterstock_218515030-min-300x200.jpg 300w, https:\/\/twoeco.sk\/wp-content\/uploads\/2017\/02\/shutterstock_218515030-min-768x512.jpg 768w, https:\/\/twoeco.sk\/wp-content\/uploads\/2017\/02\/shutterstock_218515030-min-1024x683.jpg 1024w, https:\/\/twoeco.sk\/wp-content\/uploads\/2017\/02\/shutterstock_218515030-min-1612x1075.jpg 1612w, https:\/\/twoeco.sk\/wp-content\/uploads\/2017\/02\/shutterstock_218515030-min-1116x744.jpg 1116w, https:\/\/twoeco.sk\/wp-content\/uploads\/2017\/02\/shutterstock_218515030-min-806x537.jpg 806w, https:\/\/twoeco.sk\/wp-content\/uploads\/2017\/02\/shutterstock_218515030-min-558x372.jpg 558w, https:\/\/twoeco.sk\/wp-content\/uploads\/2017\/02\/shutterstock_218515030-min-655x437.jpg 655w\" sizes=\"(max-width: 387px) 100vw, 387px\" \/><\/b><\/p>\n<p><strong>Sc\u0103pa\u021bi de calcar \u0219i de duritatea apei f\u0103r\u0103 chimicale inutile. Folosi\u021bi cele mai recente descoperiri ale \u0219tiin\u021bei \u0219i polarizarea ionic\u0103 a apei \u00een dispozitivul nostru ionimax.<\/strong><\/p>\n<p>Ionimax-ul este un sistem unic de tratare a apei, este pur \u0219i simplu \u201e\u021beava\u201d care distruge calcarul, d\u0103 apei vitalitate, s\u0103n\u0103tate, puritate, v\u0103 economise\u0219te banii, aparatele electrocasnice \u0219i natura. \u00a0Func\u021bioneaz\u0103 nesupravegheat \u0219i f\u0103r\u0103 \u00eentre\u021binere, f\u0103r\u0103 a consuma curent electric \u0219i f\u0103r\u0103 chimicale. Ionimax-ul nu deranjeaz\u0103 \u0219i nici nu afecteaz\u0103 design-ul interiorului dvs. Apa \u00ee\u0219i p\u0103streaz\u0103 toate substan\u021bele nutritive, inclusiv mineralele, ave\u021bi astfel asigurat regimul consumului apei de calitate.<\/p>\n<p><strong>Calcarul dispare treptat iar altul nu se mai creeaz\u0103. <\/strong><\/p>\n<p class=\"p1\"><b>\u00a0<\/b><\/p>\n<p>[\/vc_column_text][\/vc_column_inner][\/vc_row_inner][\/vc_column][\/vc_row]<\/p>\n<\/div>","protected":false},"excerpt":{"rendered":"<p>[vc_row][vc_column][lab_heading title=&#8221;Calcarul &#8221; el_class=&#8221;title&#8221; css=&#8221;.vc_custom_1495900391791{padding-top: 50px !important;}&#8221;][\/lab_heading][vc_column_text]Sunte\u021bi preocupat de calcarul depus \u00een conducte? Dori\u021bi s\u0103 v\u0103 proteja\u021bi aparatele de acesta? Visa\u021bi la rufe frumos sp\u0103late dar apa dur\u0103 pe care o ave\u021bi nu v\u0103 permite acest lucru? Vre\u021bi s\u0103 evita\u021bi mijloacele chimice de dedurizare? Nu mai vre\u021bi s\u0103 freca\u021bi depunerile de calcar din baie \u0219i&hellip;<\/p>\n","protected":false},"author":3,"featured_media":0,"parent":0,"menu_order":0,"comment_status":"closed","ping_status":"closed","template":"","meta":{"_acf_changed":false,"footnotes":""},"class_list":["post-1494","page","type-page","status-publish","hentry"],"acf":[],"yoast_head":"<!-- This site is optimized with the Yoast SEO plugin v23.6 - https:\/\/yoast.com\/wordpress\/plugins\/seo\/ -->\n<title>Calcarul - Two Eco<\/title>\n<meta name=\"robots\" content=\"index, follow, max-snippet:-1, max-image-preview:large, max-video-preview:-1\" \/>\n<link rel=\"canonical\" href=\"https:\/\/twoeco.sk\/vodny-kamen\/\" \/>\n<meta property=\"og:locale\" content=\"ro_RO\" \/>\n<meta property=\"og:type\" content=\"article\" \/>\n<meta property=\"og:title\" content=\"Calcarul - Two Eco\" \/>\n<meta property=\"og:description\" content=\"[vc_row][vc_column][lab_heading title=&#8221;Calcarul &#8221; el_class=&#8221;title&#8221; css=&#8221;.vc_custom_1495900391791{padding-top: 50px !important;}&#8221;][\/lab_heading][vc_column_text]Sunte\u021bi preocupat de calcarul depus \u00een conducte? Dori\u021bi s\u0103 v\u0103 proteja\u021bi aparatele de acesta? Visa\u021bi la rufe frumos sp\u0103late dar apa dur\u0103 pe care o ave\u021bi nu v\u0103 permite acest lucru? Vre\u021bi s\u0103 evita\u021bi mijloacele chimice de dedurizare? Nu mai vre\u021bi s\u0103 freca\u021bi depunerile de calcar din baie \u0219i&hellip;\" \/>\n<meta property=\"og:url\" content=\"https:\/\/twoeco.sk\/vodny-kamen\/\" \/>\n<meta property=\"og:site_name\" content=\"Two Eco\" \/>\n<meta property=\"article:publisher\" content=\"https:\/\/www.facebook.com\/Ionimax-1357153714295887\/\" \/>\n<meta property=\"article:modified_time\" content=\"2017-05-27T15:53:34+00:00\" \/>\n<meta property=\"og:image\" content=\"https:\/\/twoeco.sk\/wp-content\/uploads\/2017\/02\/shutterstock_218515030-min.jpg\" \/>\n\t<meta property=\"og:image:width\" content=\"5472\" \/>\n\t<meta property=\"og:image:height\" content=\"3648\" \/>\n\t<meta property=\"og:image:type\" content=\"image\/jpeg\" \/>\n<meta name=\"twitter:card\" content=\"summary_large_image\" \/>\n<meta name=\"twitter:label1\" content=\"Timp estimat pentru citire\" \/>\n\t<meta name=\"twitter:data1\" content=\"1 minut\" \/>\n<script type=\"application\/ld+json\" class=\"yoast-schema-graph\">{\"@context\":\"https:\/\/schema.org\",\"@graph\":[{\"@type\":\"WebPage\",\"@id\":\"https:\/\/twoeco.sk\/vodny-kamen\/\",\"url\":\"https:\/\/twoeco.sk\/vodny-kamen\/\",\"name\":\"Calcarul - Two Eco\",\"isPartOf\":{\"@id\":\"https:\/\/twoeco.sk\/#website\"},\"primaryImageOfPage\":{\"@id\":\"https:\/\/twoeco.sk\/vodny-kamen\/#primaryimage\"},\"image\":{\"@id\":\"https:\/\/twoeco.sk\/vodny-kamen\/#primaryimage\"},\"thumbnailUrl\":\"https:\/\/twoeco.sk\/wp-content\/uploads\/2017\/02\/shutterstock_218515030-min-300x200.jpg\",\"datePublished\":\"2017-02-16T08:49:00+00:00\",\"dateModified\":\"2017-05-27T15:53:34+00:00\",\"breadcrumb\":{\"@id\":\"https:\/\/twoeco.sk\/vodny-kamen\/#breadcrumb\"},\"inLanguage\":\"ro-RO\",\"potentialAction\":[{\"@type\":\"ReadAction\",\"target\":[\"https:\/\/twoeco.sk\/vodny-kamen\/\"]}]},{\"@type\":\"ImageObject\",\"inLanguage\":\"ro-RO\",\"@id\":\"https:\/\/twoeco.sk\/vodny-kamen\/#primaryimage\",\"url\":\"https:\/\/twoeco.sk\/wp-content\/uploads\/2017\/02\/shutterstock_218515030-min-300x200.jpg\",\"contentUrl\":\"https:\/\/twoeco.sk\/wp-content\/uploads\/2017\/02\/shutterstock_218515030-min-300x200.jpg\"},{\"@type\":\"BreadcrumbList\",\"@id\":\"https:\/\/twoeco.sk\/vodny-kamen\/#breadcrumb\",\"itemListElement\":[{\"@type\":\"ListItem\",\"position\":1,\"name\":\"Home\",\"item\":\"https:\/\/twoeco.sk\/\"},{\"@type\":\"ListItem\",\"position\":2,\"name\":\"Calcarul\"}]},{\"@type\":\"WebSite\",\"@id\":\"https:\/\/twoeco.sk\/#website\",\"url\":\"https:\/\/twoeco.sk\/\",\"name\":\"Two Eco\",\"description\":\"Viac ako \u010dist\u00e1 voda\",\"publisher\":{\"@id\":\"https:\/\/twoeco.sk\/#organization\"},\"potentialAction\":[{\"@type\":\"SearchAction\",\"target\":{\"@type\":\"EntryPoint\",\"urlTemplate\":\"https:\/\/twoeco.sk\/?s={search_term_string}\"},\"query-input\":{\"@type\":\"PropertyValueSpecification\",\"valueRequired\":true,\"valueName\":\"search_term_string\"}}],\"inLanguage\":\"ro-RO\"},{\"@type\":\"Organization\",\"@id\":\"https:\/\/twoeco.sk\/#organization\",\"name\":\"Two ECO, s.r.o.\",\"url\":\"https:\/\/twoeco.sk\/\",\"logo\":{\"@type\":\"ImageObject\",\"inLanguage\":\"ro-RO\",\"@id\":\"https:\/\/twoeco.sk\/#\/schema\/logo\/image\/\",\"url\":\"https:\/\/twoeco.sk\/wp-content\/uploads\/2016\/05\/logo-two-eco-farba.png\",\"contentUrl\":\"https:\/\/twoeco.sk\/wp-content\/uploads\/2016\/05\/logo-two-eco-farba.png\",\"width\":318,\"height\":74,\"caption\":\"Two ECO, s.r.o.\"},\"image\":{\"@id\":\"https:\/\/twoeco.sk\/#\/schema\/logo\/image\/\"},\"sameAs\":[\"https:\/\/www.facebook.com\/Ionimax-1357153714295887\/\"]}]}<\/script>\n<!-- \/ Yoast SEO plugin. -->","yoast_head_json":{"title":"Calcarul - Two Eco","robots":{"index":"index","follow":"follow","max-snippet":"max-snippet:-1","max-image-preview":"max-image-preview:large","max-video-preview":"max-video-preview:-1"},"canonical":"https:\/\/twoeco.sk\/vodny-kamen\/","og_locale":"ro_RO","og_type":"article","og_title":"Calcarul - Two Eco","og_description":"[vc_row][vc_column][lab_heading title=&#8221;Calcarul &#8221; el_class=&#8221;title&#8221; css=&#8221;.vc_custom_1495900391791{padding-top: 50px !important;}&#8221;][\/lab_heading][vc_column_text]Sunte\u021bi preocupat de calcarul depus \u00een conducte? Dori\u021bi s\u0103 v\u0103 proteja\u021bi aparatele de acesta? Visa\u021bi la rufe frumos sp\u0103late dar apa dur\u0103 pe care o ave\u021bi nu v\u0103 permite acest lucru? Vre\u021bi s\u0103 evita\u021bi mijloacele chimice de dedurizare? Nu mai vre\u021bi s\u0103 freca\u021bi depunerile de calcar din baie \u0219i&hellip;","og_url":"https:\/\/twoeco.sk\/vodny-kamen\/","og_site_name":"Two Eco","article_publisher":"https:\/\/www.facebook.com\/Ionimax-1357153714295887\/","article_modified_time":"2017-05-27T15:53:34+00:00","og_image":[{"width":5472,"height":3648,"url":"https:\/\/twoeco.sk\/wp-content\/uploads\/2017\/02\/shutterstock_218515030-min.jpg","type":"image\/jpeg"}],"twitter_card":"summary_large_image","twitter_misc":{"Timp estimat pentru citire":"1 minut"},"schema":{"@context":"https:\/\/schema.org","@graph":[{"@type":"WebPage","@id":"https:\/\/twoeco.sk\/vodny-kamen\/","url":"https:\/\/twoeco.sk\/vodny-kamen\/","name":"Calcarul - Two Eco","isPartOf":{"@id":"https:\/\/twoeco.sk\/#website"},"primaryImageOfPage":{"@id":"https:\/\/twoeco.sk\/vodny-kamen\/#primaryimage"},"image":{"@id":"https:\/\/twoeco.sk\/vodny-kamen\/#primaryimage"},"thumbnailUrl":"https:\/\/twoeco.sk\/wp-content\/uploads\/2017\/02\/shutterstock_218515030-min-300x200.jpg","datePublished":"2017-02-16T08:49:00+00:00","dateModified":"2017-05-27T15:53:34+00:00","breadcrumb":{"@id":"https:\/\/twoeco.sk\/vodny-kamen\/#breadcrumb"},"inLanguage":"ro-RO","potentialAction":[{"@type":"ReadAction","target":["https:\/\/twoeco.sk\/vodny-kamen\/"]}]},{"@type":"ImageObject","inLanguage":"ro-RO","@id":"https:\/\/twoeco.sk\/vodny-kamen\/#primaryimage","url":"https:\/\/twoeco.sk\/wp-content\/uploads\/2017\/02\/shutterstock_218515030-min-300x200.jpg","contentUrl":"https:\/\/twoeco.sk\/wp-content\/uploads\/2017\/02\/shutterstock_218515030-min-300x200.jpg"},{"@type":"BreadcrumbList","@id":"https:\/\/twoeco.sk\/vodny-kamen\/#breadcrumb","itemListElement":[{"@type":"ListItem","position":1,"name":"Home","item":"https:\/\/twoeco.sk\/"},{"@type":"ListItem","position":2,"name":"Calcarul"}]},{"@type":"WebSite","@id":"https:\/\/twoeco.sk\/#website","url":"https:\/\/twoeco.sk\/","name":"Two Eco","description":"Viac ako \u010dist\u00e1 voda","publisher":{"@id":"https:\/\/twoeco.sk\/#organization"},"potentialAction":[{"@type":"SearchAction","target":{"@type":"EntryPoint","urlTemplate":"https:\/\/twoeco.sk\/?s={search_term_string}"},"query-input":{"@type":"PropertyValueSpecification","valueRequired":true,"valueName":"search_term_string"}}],"inLanguage":"ro-RO"},{"@type":"Organization","@id":"https:\/\/twoeco.sk\/#organization","name":"Two ECO, s.r.o.","url":"https:\/\/twoeco.sk\/","logo":{"@type":"ImageObject","inLanguage":"ro-RO","@id":"https:\/\/twoeco.sk\/#\/schema\/logo\/image\/","url":"https:\/\/twoeco.sk\/wp-content\/uploads\/2016\/05\/logo-two-eco-farba.png","contentUrl":"https:\/\/twoeco.sk\/wp-content\/uploads\/2016\/05\/logo-two-eco-farba.png","width":318,"height":74,"caption":"Two ECO, s.r.o."},"image":{"@id":"https:\/\/twoeco.sk\/#\/schema\/logo\/image\/"},"sameAs":["https:\/\/www.facebook.com\/Ionimax-1357153714295887\/"]}]}},"_links":{"self":[{"href":"https:\/\/twoeco.sk\/ro\/wp-json\/wp\/v2\/pages\/1494"}],"collection":[{"href":"https:\/\/twoeco.sk\/ro\/wp-json\/wp\/v2\/pages"}],"about":[{"href":"https:\/\/twoeco.sk\/ro\/wp-json\/wp\/v2\/types\/page"}],"author":[{"embeddable":true,"href":"https:\/\/twoeco.sk\/ro\/wp-json\/wp\/v2\/users\/3"}],"replies":[{"embeddable":true,"href":"https:\/\/twoeco.sk\/ro\/wp-json\/wp\/v2\/comments?post=1494"}],"version-history":[{"count":1,"href":"https:\/\/twoeco.sk\/ro\/wp-json\/wp\/v2\/pages\/1494\/revisions"}],"predecessor-version":[{"id":1613,"href":"https:\/\/twoeco.sk\/ro\/wp-json\/wp\/v2\/pages\/1494\/revisions\/1613"}],"wp:attachment":[{"href":"https:\/\/twoeco.sk\/ro\/wp-json\/wp\/v2\/media?parent=1494"}],"curies":[{"name":"wp","href":"https:\/\/api.w.org\/{rel}","templated":true}]}}