{"id":1591,"date":"2017-02-16T10:11:58","date_gmt":"2017-02-16T09:11:58","guid":{"rendered":"https:\/\/twoeco.sk\/chlor-vo-vode\/"},"modified":"2017-08-24T08:39:05","modified_gmt":"2017-08-24T06:39:05","slug":"chlor-vo-vode","status":"publish","type":"page","link":"https:\/\/twoeco.sk\/ro\/chlor-vo-vode\/","title":{"rendered":"Clorul din ap\u0103"},"content":{"rendered":"<div class=\"wpb-content-wrapper\"><p>[vc_row css=&#8221;.vc_custom_1503556741855{padding-top: 50px !important;}&#8221;][vc_column][vc_row_inner][vc_column_inner][lab_heading title=&#8221;Clorul din ap\u0103&#8221; el_class=&#8221;title centered&#8221;][\/lab_heading][\/vc_column_inner][\/vc_row_inner][vc_row_inner][vc_column_inner width=&#8221;1\/4&#8243;][vc_single_image image=&#8221;892&#8243; img_size=&#8221;full&#8221;][\/vc_column_inner][vc_column_inner width=&#8221;3\/4&#8243;][vc_column_text]<\/p>\n<ul>\n<li><strong>Ave\u021bi \u00eentreb\u0103ri privind clorul din re\u021beaua dvs. de ap\u0103?<\/strong><\/li>\n<li><strong>V\u0103 preocup\u0103 gustul \u0219i calitatea unei astfel de ape?<\/strong><\/li>\n<li><strong>Nu vre\u021bi s\u0103 neglija\u021bi \u00een acela\u0219i timp nici apari\u021bia bacteriilor?<\/strong><\/li>\n<li><strong>V\u0103 hot\u0103r\u00e2\u021bi \u00een ce mod s\u0103 trata\u021bi apa?<\/strong><\/li>\n<li><strong>A\u021bi dori s\u0103 v\u0103 \u00eengriji\u021bi c\u00e2t mai bine de sine \u0219i de animalele dvs. de companie?<\/strong><\/li>\n<\/ul>\n<p>[\/vc_column_text][vc_column_text]<strong>De fapt, de ce se adaug\u0103 clorul <\/strong>\u00een re\u021beaua de alimentare cu ap\u0103? Clorul \u00eempiedic\u0103 proliferarea germenilor bacteriilor \u00een conduct\u0103. Ac\u021bioneaz\u0103 \u00een mod asem\u0103n\u0103tor cu conservantul alimentar, asigur\u00e2nd p\u0103strarea calit\u0103\u021bii inofensive a apei furnizate utilizatorilor.<\/p>\n<p>Bacteriile \u0219i alte organisme constituie parte component\u0103 a mediului de via\u021b\u0103. Se g\u0103sesc \u00een aer \u0219i \u00een sol, put\u00e2nd s\u0103 ajung\u0103 \u0219i \u00een re\u021beaua de alimentare cu ap\u0103. \u0218i depunerile cu caracter organic de pe pere\u021bii interiori ai conductelor constituie un mediu ideal pentru proliferarea bacteriilor. Pentru a p\u0103stra inofensivitatea bacteriologic\u0103 a apei, \u00een diferite puncte ale re\u021belei de distribu\u021bie se adaug\u0103 aproximativ 0,1 &#8211; 0,2 miligrame de clor la un litru de ap\u0103. Aceasta reprezint\u0103 o pic\u0103tur\u0103 de clor la 1000 litri de ap\u0103 care corespunde cu volumul a 5 c\u0103zi cu ap\u0103.<\/p>\n<p><strong>Apa tratat\u0103 cu ionimax modific\u0103 \u00eensu\u0219i mediul conductelor de ap\u0103 astfel \u00eenc\u00e2t apari\u021bia \u0219i proliferarea bacteriilor \u00a0scade \u0219i dispare \u00een m\u0103sur\u0103 perceptibil\u0103. Testele au demonstrat o\u00a0reducere cu de peste zece ori mai mult a apari\u021biei bacteriilor \u00een apa cald\u0103 din conducte tratat\u0103 cu ionimax. <\/strong>Tot a\u0219a, datorit\u0103 polariz\u0103rii ionice se reduce \u0219i stratul de depuneri pe partea interioar\u0103 a conductelor, astfel treptat dispare mediul \u00een care bacteriile nedorite ar putea s\u0103 prolifereze.<\/p>\n<p><strong>Un alt avantaj al ionimax-ului este c\u0103 acesta ajut\u0103 la eliberarea clorului din ap\u0103.\u00a0<\/strong>Modalit\u0103\u021bile clasice pe care le folosim pentru ca s\u0103 debaras\u0103m treptat apa de clor sau de gustul acestuia sunt simpla l\u0103sare a apei s\u0103 ias\u0103 clorul din aceasta, fierberea, filtrarea, r\u0103cirea \u00een frigider sau ad\u0103ugarea a c\u00e2torva pic\u0103turi de suc de l\u0103m\u00e2ie. <strong>Acelea\u0219i efecte pozitive \u00een procesul de eliberare a clorului din ap\u0103 le are \u0219i ionimax-ul.<\/strong><\/p>\n<p>Dac\u0103 nu pute\u021bi s\u0103 v\u0103 hot\u0103r\u00e2\u021bi dac\u0103 s\u0103 trata\u021bi \u0219i cum s\u0103 trata\u021bi apa din conducta dvs. de alimentare cu ap\u0103, <strong>nu ezita\u021bi s\u0103 ne contacta\u021bi. <\/strong>[\/vc_column_text][\/vc_column_inner][\/vc_row_inner][\/vc_column][\/vc_row]<\/p>\n<\/div>","protected":false},"excerpt":{"rendered":"<p>[vc_row css=&#8221;.vc_custom_1503556741855{padding-top: 50px !important;}&#8221;][vc_column][vc_row_inner][vc_column_inner][lab_heading title=&#8221;Clorul din ap\u0103&#8221; el_class=&#8221;title centered&#8221;][\/lab_heading][\/vc_column_inner][\/vc_row_inner][vc_row_inner][vc_column_inner width=&#8221;1\/4&#8243;][vc_single_image image=&#8221;892&#8243; img_size=&#8221;full&#8221;][\/vc_column_inner][vc_column_inner width=&#8221;3\/4&#8243;][vc_column_text] Ave\u021bi \u00eentreb\u0103ri privind clorul din re\u021beaua dvs. de ap\u0103? V\u0103 preocup\u0103 gustul \u0219i calitatea unei astfel de ape? Nu vre\u021bi s\u0103 neglija\u021bi \u00een acela\u0219i timp nici apari\u021bia bacteriilor? V\u0103 hot\u0103r\u00e2\u021bi \u00een ce mod s\u0103 trata\u021bi apa? A\u021bi dori s\u0103 v\u0103 \u00eengriji\u021bi c\u00e2t&hellip;<\/p>\n","protected":false},"author":3,"featured_media":0,"parent":0,"menu_order":0,"comment_status":"closed","ping_status":"closed","template":"","meta":{"_acf_changed":false,"footnotes":""},"class_list":["post-1591","page","type-page","status-publish","hentry"],"acf":[],"yoast_head":"<!-- This site is optimized with the Yoast SEO plugin v23.6 - https:\/\/yoast.com\/wordpress\/plugins\/seo\/ -->\n<title>Clorul din ap\u0103 - Two Eco<\/title>\n<meta name=\"robots\" content=\"index, follow, max-snippet:-1, max-image-preview:large, max-video-preview:-1\" \/>\n<link rel=\"canonical\" href=\"https:\/\/twoeco.sk\/chlor-vo-vode\/\" \/>\n<meta property=\"og:locale\" content=\"ro_RO\" \/>\n<meta property=\"og:type\" content=\"article\" \/>\n<meta property=\"og:title\" content=\"Clorul din ap\u0103 - Two Eco\" \/>\n<meta property=\"og:description\" content=\"[vc_row css=&#8221;.vc_custom_1503556741855{padding-top: 50px !important;}&#8221;][vc_column][vc_row_inner][vc_column_inner][lab_heading title=&#8221;Clorul din ap\u0103&#8221; el_class=&#8221;title centered&#8221;][\/lab_heading][\/vc_column_inner][\/vc_row_inner][vc_row_inner][vc_column_inner width=&#8221;1\/4&#8243;][vc_single_image image=&#8221;892&#8243; img_size=&#8221;full&#8221;][\/vc_column_inner][vc_column_inner width=&#8221;3\/4&#8243;][vc_column_text] Ave\u021bi \u00eentreb\u0103ri privind clorul din re\u021beaua dvs. de ap\u0103? V\u0103 preocup\u0103 gustul \u0219i calitatea unei astfel de ape? Nu vre\u021bi s\u0103 neglija\u021bi \u00een acela\u0219i timp nici apari\u021bia bacteriilor? V\u0103 hot\u0103r\u00e2\u021bi \u00een ce mod s\u0103 trata\u021bi apa? A\u021bi dori s\u0103 v\u0103 \u00eengriji\u021bi c\u00e2t&hellip;\" \/>\n<meta property=\"og:url\" content=\"https:\/\/twoeco.sk\/chlor-vo-vode\/\" \/>\n<meta property=\"og:site_name\" content=\"Two Eco\" \/>\n<meta property=\"article:publisher\" content=\"https:\/\/www.facebook.com\/Ionimax-1357153714295887\/\" \/>\n<meta property=\"article:modified_time\" content=\"2017-08-24T06:39:05+00:00\" \/>\n<meta name=\"twitter:card\" content=\"summary_large_image\" \/>\n<meta name=\"twitter:label1\" content=\"Timp estimat pentru citire\" \/>\n\t<meta name=\"twitter:data1\" content=\"2 minute\" \/>\n<script type=\"application\/ld+json\" class=\"yoast-schema-graph\">{\"@context\":\"https:\/\/schema.org\",\"@graph\":[{\"@type\":\"WebPage\",\"@id\":\"https:\/\/twoeco.sk\/chlor-vo-vode\/\",\"url\":\"https:\/\/twoeco.sk\/chlor-vo-vode\/\",\"name\":\"Clorul din ap\u0103 - Two Eco\",\"isPartOf\":{\"@id\":\"https:\/\/twoeco.sk\/#website\"},\"datePublished\":\"2017-02-16T09:11:58+00:00\",\"dateModified\":\"2017-08-24T06:39:05+00:00\",\"breadcrumb\":{\"@id\":\"https:\/\/twoeco.sk\/chlor-vo-vode\/#breadcrumb\"},\"inLanguage\":\"ro-RO\",\"potentialAction\":[{\"@type\":\"ReadAction\",\"target\":[\"https:\/\/twoeco.sk\/chlor-vo-vode\/\"]}]},{\"@type\":\"BreadcrumbList\",\"@id\":\"https:\/\/twoeco.sk\/chlor-vo-vode\/#breadcrumb\",\"itemListElement\":[{\"@type\":\"ListItem\",\"position\":1,\"name\":\"Home\",\"item\":\"https:\/\/twoeco.sk\/\"},{\"@type\":\"ListItem\",\"position\":2,\"name\":\"Clorul din ap\u0103\"}]},{\"@type\":\"WebSite\",\"@id\":\"https:\/\/twoeco.sk\/#website\",\"url\":\"https:\/\/twoeco.sk\/\",\"name\":\"Two Eco\",\"description\":\"Viac ako \u010dist\u00e1 voda\",\"publisher\":{\"@id\":\"https:\/\/twoeco.sk\/#organization\"},\"potentialAction\":[{\"@type\":\"SearchAction\",\"target\":{\"@type\":\"EntryPoint\",\"urlTemplate\":\"https:\/\/twoeco.sk\/?s={search_term_string}\"},\"query-input\":{\"@type\":\"PropertyValueSpecification\",\"valueRequired\":true,\"valueName\":\"search_term_string\"}}],\"inLanguage\":\"ro-RO\"},{\"@type\":\"Organization\",\"@id\":\"https:\/\/twoeco.sk\/#organization\",\"name\":\"Two ECO, s.r.o.\",\"url\":\"https:\/\/twoeco.sk\/\",\"logo\":{\"@type\":\"ImageObject\",\"inLanguage\":\"ro-RO\",\"@id\":\"https:\/\/twoeco.sk\/#\/schema\/logo\/image\/\",\"url\":\"https:\/\/twoeco.sk\/wp-content\/uploads\/2016\/05\/logo-two-eco-farba.png\",\"contentUrl\":\"https:\/\/twoeco.sk\/wp-content\/uploads\/2016\/05\/logo-two-eco-farba.png\",\"width\":318,\"height\":74,\"caption\":\"Two ECO, s.r.o.\"},\"image\":{\"@id\":\"https:\/\/twoeco.sk\/#\/schema\/logo\/image\/\"},\"sameAs\":[\"https:\/\/www.facebook.com\/Ionimax-1357153714295887\/\"]}]}<\/script>\n<!-- \/ Yoast SEO plugin. -->","yoast_head_json":{"title":"Clorul din ap\u0103 - Two Eco","robots":{"index":"index","follow":"follow","max-snippet":"max-snippet:-1","max-image-preview":"max-image-preview:large","max-video-preview":"max-video-preview:-1"},"canonical":"https:\/\/twoeco.sk\/chlor-vo-vode\/","og_locale":"ro_RO","og_type":"article","og_title":"Clorul din ap\u0103 - Two Eco","og_description":"[vc_row css=&#8221;.vc_custom_1503556741855{padding-top: 50px !important;}&#8221;][vc_column][vc_row_inner][vc_column_inner][lab_heading title=&#8221;Clorul din ap\u0103&#8221; el_class=&#8221;title centered&#8221;][\/lab_heading][\/vc_column_inner][\/vc_row_inner][vc_row_inner][vc_column_inner width=&#8221;1\/4&#8243;][vc_single_image image=&#8221;892&#8243; img_size=&#8221;full&#8221;][\/vc_column_inner][vc_column_inner width=&#8221;3\/4&#8243;][vc_column_text] Ave\u021bi \u00eentreb\u0103ri privind clorul din re\u021beaua dvs. de ap\u0103? V\u0103 preocup\u0103 gustul \u0219i calitatea unei astfel de ape? Nu vre\u021bi s\u0103 neglija\u021bi \u00een acela\u0219i timp nici apari\u021bia bacteriilor? V\u0103 hot\u0103r\u00e2\u021bi \u00een ce mod s\u0103 trata\u021bi apa? A\u021bi dori s\u0103 v\u0103 \u00eengriji\u021bi c\u00e2t&hellip;","og_url":"https:\/\/twoeco.sk\/chlor-vo-vode\/","og_site_name":"Two Eco","article_publisher":"https:\/\/www.facebook.com\/Ionimax-1357153714295887\/","article_modified_time":"2017-08-24T06:39:05+00:00","twitter_card":"summary_large_image","twitter_misc":{"Timp estimat pentru citire":"2 minute"},"schema":{"@context":"https:\/\/schema.org","@graph":[{"@type":"WebPage","@id":"https:\/\/twoeco.sk\/chlor-vo-vode\/","url":"https:\/\/twoeco.sk\/chlor-vo-vode\/","name":"Clorul din ap\u0103 - Two Eco","isPartOf":{"@id":"https:\/\/twoeco.sk\/#website"},"datePublished":"2017-02-16T09:11:58+00:00","dateModified":"2017-08-24T06:39:05+00:00","breadcrumb":{"@id":"https:\/\/twoeco.sk\/chlor-vo-vode\/#breadcrumb"},"inLanguage":"ro-RO","potentialAction":[{"@type":"ReadAction","target":["https:\/\/twoeco.sk\/chlor-vo-vode\/"]}]},{"@type":"BreadcrumbList","@id":"https:\/\/twoeco.sk\/chlor-vo-vode\/#breadcrumb","itemListElement":[{"@type":"ListItem","position":1,"name":"Home","item":"https:\/\/twoeco.sk\/"},{"@type":"ListItem","position":2,"name":"Clorul din ap\u0103"}]},{"@type":"WebSite","@id":"https:\/\/twoeco.sk\/#website","url":"https:\/\/twoeco.sk\/","name":"Two Eco","description":"Viac ako \u010dist\u00e1 voda","publisher":{"@id":"https:\/\/twoeco.sk\/#organization"},"potentialAction":[{"@type":"SearchAction","target":{"@type":"EntryPoint","urlTemplate":"https:\/\/twoeco.sk\/?s={search_term_string}"},"query-input":{"@type":"PropertyValueSpecification","valueRequired":true,"valueName":"search_term_string"}}],"inLanguage":"ro-RO"},{"@type":"Organization","@id":"https:\/\/twoeco.sk\/#organization","name":"Two ECO, s.r.o.","url":"https:\/\/twoeco.sk\/","logo":{"@type":"ImageObject","inLanguage":"ro-RO","@id":"https:\/\/twoeco.sk\/#\/schema\/logo\/image\/","url":"https:\/\/twoeco.sk\/wp-content\/uploads\/2016\/05\/logo-two-eco-farba.png","contentUrl":"https:\/\/twoeco.sk\/wp-content\/uploads\/2016\/05\/logo-two-eco-farba.png","width":318,"height":74,"caption":"Two ECO, s.r.o."},"image":{"@id":"https:\/\/twoeco.sk\/#\/schema\/logo\/image\/"},"sameAs":["https:\/\/www.facebook.com\/Ionimax-1357153714295887\/"]}]}},"_links":{"self":[{"href":"https:\/\/twoeco.sk\/ro\/wp-json\/wp\/v2\/pages\/1591"}],"collection":[{"href":"https:\/\/twoeco.sk\/ro\/wp-json\/wp\/v2\/pages"}],"about":[{"href":"https:\/\/twoeco.sk\/ro\/wp-json\/wp\/v2\/types\/page"}],"author":[{"embeddable":true,"href":"https:\/\/twoeco.sk\/ro\/wp-json\/wp\/v2\/users\/3"}],"replies":[{"embeddable":true,"href":"https:\/\/twoeco.sk\/ro\/wp-json\/wp\/v2\/comments?post=1591"}],"version-history":[{"count":3,"href":"https:\/\/twoeco.sk\/ro\/wp-json\/wp\/v2\/pages\/1591\/revisions"}],"predecessor-version":[{"id":2258,"href":"https:\/\/twoeco.sk\/ro\/wp-json\/wp\/v2\/pages\/1591\/revisions\/2258"}],"wp:attachment":[{"href":"https:\/\/twoeco.sk\/ro\/wp-json\/wp\/v2\/media?parent=1591"}],"curies":[{"name":"wp","href":"https:\/\/api.w.org\/{rel}","templated":true}]}}