{"id":1658,"date":"2017-03-23T08:52:56","date_gmt":"2017-03-23T07:52:56","guid":{"rendered":"https:\/\/twoeco.sk\/jednoduchsia-udrzba-bez-zbytocnej-chemie\/"},"modified":"2017-08-10T13:24:43","modified_gmt":"2017-08-10T11:24:43","slug":"jednoduchsia-udrzba-bez-zbytocnej-chemie","status":"publish","type":"page","link":"https:\/\/twoeco.sk\/ro\/jednoduchsia-udrzba-bez-zbytocnej-chemie\/","title":{"rendered":"Jednoduch\u0161ia \u00fadr\u017eba bez zbyto\u010dnej ch\u00e9mie"},"content":{"rendered":"<div class=\"wpb-content-wrapper\"><p>[vc_row css=&#8221;.vc_custom_1489102263611{padding-top: 50px !important;}&#8221;][vc_column][vc_row_inner][vc_column_inner][lab_heading title=&#8221;O \u00eentre\u021binere mai simpl\u0103, f\u0103r\u0103 chimicale inutile &#8221; el_class=&#8221;title centered&#8221;]S-a sf\u00e2r\u0219it cu calcarul, operare mai economic\u0103, mai pu\u021bine chimicale \u0219i mai pu\u021bine alergii<br \/>\n[\/lab_heading][\/vc_column_inner][\/vc_row_inner][vc_row_inner][vc_column_inner][lab_heading title=&#8221;O \u00eentre\u021binere mai simpl\u0103, f\u0103r\u0103 chimicale inutile &#8222;][\/lab_heading][vc_column_text]<\/p>\n<ul>\n<li><strong>V\u0103 \u00eengriji\u021bi piscina, iazul sau f\u00e2nt\u00e2na artezian\u0103?<\/strong><\/li>\n<li><strong>A\u021bi dori ca \u00een \u00eengrijirea acestora s\u0103 apela\u021bi la mai pu\u021bine chimicale?<\/strong><\/li>\n<li><strong>V\u0103 preocup\u0103 calcarul din conducte, de pe sc\u0103ri, din gurile de evacuare sau de pe fundul piscinei?<\/strong><\/li>\n<\/ul>\n<p>Clipele pl\u0103cute petrecute la piscina natural\u0103 sau l\u00e2ng\u0103 iaz sunt aproape de ne\u00eenlocuit. Cine nu le-ar \u00eendr\u0103gi? \u00cens\u0103 grija de aceste amenaj\u0103ri presupune mult efort din partea proprietarului.<\/p>\n<p>\u00cenl\u0103turarea impurit\u0103\u021bilor de la suprafa\u021b\u0103 dar \u0219i depunerile de calcar, praful \u0219i insectele c\u0103zute care ulterior favorizeaz\u0103 \u00eempreun\u0103 formarea algelor \u0219i turbiditate, lucruri ce nu sunt apreciate de proprietarii piscinelor.<\/p>\n<p>Ionimax va deveni ajutorul dvs. cu o func\u021bie excelent\u0103 de prevenire, aceasta doar instal\u00e2ndu-l pe conducta de aduc\u021bie, astfel ve\u021bi asigura oprirea form\u0103rii depunerilor de calcar \u00een toat\u0103 re\u021beaua de distribu\u021bie de la dvs., \u00een final ve\u021bi constata c\u0103 au disp\u0103rut \u0219i depunerile vechi.<\/p>\n<p>Apa tratat\u0103 cu aparatul ionimax, adic\u0103 apa ionizat\u0103, nu va permite calciului \u0219i celorlalte mine- rale s\u0103 formeze leg\u0103turi cristaline solide, nu va permite depunerea acestora, acestea fiind u\u0219or de \u00eenl\u0103turat, de cele mai multe ori f\u0103r\u0103 s\u0103 apela\u021bi la chimicale.\u00a0 Este suficient un \u0219tergar obi\u0219nuit. Ve\u021bi reduce astfel \u0219i posibilitatea de proliferare a bacteriilor nedorite formate \u00een straturile de pe conducte. Ionimax reduce apari\u021bia lor de ex. \u00een ap\u0103 cald\u0103 cu de peste 10 ori. Ionimax-ul \u0219i apa ionizat\u0103 au un impact \u0219i asupra eliber\u0103rii clorului a c\u0103rui volatilitate este mai mare.<\/p>\n<p>Pute\u021bi s\u0103 prelungi\u021bi durata de via\u021b\u0103 a instala\u021biilor, dvs. netrebuind s\u0103\u00a0 le mai acorda\u021bi o \u00eengrijire deosebit\u0103 \u0219i put\u00e2nd s\u0103 renun\u021ba\u021bi la unele substan\u021be chimice, dedurizatoare \u0219i alergii inutile la acestea. \u00a0<strong>Ionimax este un accesoriu ideal pentru fiecare piscin\u0103 instalat\u0103, <\/strong>va simplifica \u0219i face mai eficient\u0103 utilizarea acesteia. Dispozitivul nu deranjeaz\u0103 \u0219i nici nu afecteaz\u0103 designul interiorului dvs.[\/vc_column_text][\/vc_column_inner][\/vc_row_inner][\/vc_column][\/vc_row]<\/p>\n<\/div>","protected":false},"excerpt":{"rendered":"<p>[vc_row css=&#8221;.vc_custom_1489102263611{padding-top: 50px !important;}&#8221;][vc_column][vc_row_inner][vc_column_inner][lab_heading title=&#8221;O \u00eentre\u021binere mai simpl\u0103, f\u0103r\u0103 chimicale inutile &#8221; el_class=&#8221;title centered&#8221;]S-a sf\u00e2r\u0219it cu calcarul, operare mai economic\u0103, mai pu\u021bine chimicale \u0219i mai pu\u021bine alergii [\/lab_heading][\/vc_column_inner][\/vc_row_inner][vc_row_inner][vc_column_inner][lab_heading title=&#8221;O \u00eentre\u021binere mai simpl\u0103, f\u0103r\u0103 chimicale inutile &#8222;][\/lab_heading][vc_column_text] V\u0103 \u00eengriji\u021bi piscina, iazul sau f\u00e2nt\u00e2na artezian\u0103? A\u021bi dori ca \u00een \u00eengrijirea acestora s\u0103 apela\u021bi la mai pu\u021bine chimicale?&hellip;<\/p>\n","protected":false},"author":3,"featured_media":0,"parent":0,"menu_order":0,"comment_status":"closed","ping_status":"closed","template":"","meta":{"_acf_changed":false,"footnotes":""},"class_list":["post-1658","page","type-page","status-publish","hentry"],"acf":[],"yoast_head":"<!-- This site is optimized with the Yoast SEO plugin v23.6 - https:\/\/yoast.com\/wordpress\/plugins\/seo\/ -->\n<title>Jednoduch\u0161ia \u00fadr\u017eba bez zbyto\u010dnej ch\u00e9mie - Two Eco<\/title>\n<meta name=\"robots\" content=\"index, follow, max-snippet:-1, max-image-preview:large, max-video-preview:-1\" \/>\n<link rel=\"canonical\" href=\"https:\/\/twoeco.sk\/jednoduchsia-udrzba-bez-zbytocnej-chemie\/\" \/>\n<meta property=\"og:locale\" content=\"ro_RO\" \/>\n<meta property=\"og:type\" content=\"article\" \/>\n<meta property=\"og:title\" content=\"Jednoduch\u0161ia \u00fadr\u017eba bez zbyto\u010dnej ch\u00e9mie - Two Eco\" \/>\n<meta property=\"og:description\" content=\"[vc_row css=&#8221;.vc_custom_1489102263611{padding-top: 50px !important;}&#8221;][vc_column][vc_row_inner][vc_column_inner][lab_heading title=&#8221;O \u00eentre\u021binere mai simpl\u0103, f\u0103r\u0103 chimicale inutile &#8221; el_class=&#8221;title centered&#8221;]S-a sf\u00e2r\u0219it cu calcarul, operare mai economic\u0103, mai pu\u021bine chimicale \u0219i mai pu\u021bine alergii [\/lab_heading][\/vc_column_inner][\/vc_row_inner][vc_row_inner][vc_column_inner][lab_heading title=&#8221;O \u00eentre\u021binere mai simpl\u0103, f\u0103r\u0103 chimicale inutile &#8222;][\/lab_heading][vc_column_text] V\u0103 \u00eengriji\u021bi piscina, iazul sau f\u00e2nt\u00e2na artezian\u0103? A\u021bi dori ca \u00een \u00eengrijirea acestora s\u0103 apela\u021bi la mai pu\u021bine chimicale?&hellip;\" \/>\n<meta property=\"og:url\" content=\"https:\/\/twoeco.sk\/jednoduchsia-udrzba-bez-zbytocnej-chemie\/\" \/>\n<meta property=\"og:site_name\" content=\"Two Eco\" \/>\n<meta property=\"article:publisher\" content=\"https:\/\/www.facebook.com\/Ionimax-1357153714295887\/\" \/>\n<meta property=\"article:modified_time\" content=\"2017-08-10T11:24:43+00:00\" \/>\n<meta name=\"twitter:card\" content=\"summary_large_image\" \/>\n<meta name=\"twitter:label1\" content=\"Timp estimat pentru citire\" \/>\n\t<meta name=\"twitter:data1\" content=\"2 minute\" \/>\n<script type=\"application\/ld+json\" class=\"yoast-schema-graph\">{\"@context\":\"https:\/\/schema.org\",\"@graph\":[{\"@type\":\"WebPage\",\"@id\":\"https:\/\/twoeco.sk\/jednoduchsia-udrzba-bez-zbytocnej-chemie\/\",\"url\":\"https:\/\/twoeco.sk\/jednoduchsia-udrzba-bez-zbytocnej-chemie\/\",\"name\":\"Jednoduch\u0161ia \u00fadr\u017eba bez zbyto\u010dnej ch\u00e9mie - Two Eco\",\"isPartOf\":{\"@id\":\"https:\/\/twoeco.sk\/#website\"},\"datePublished\":\"2017-03-23T07:52:56+00:00\",\"dateModified\":\"2017-08-10T11:24:43+00:00\",\"breadcrumb\":{\"@id\":\"https:\/\/twoeco.sk\/jednoduchsia-udrzba-bez-zbytocnej-chemie\/#breadcrumb\"},\"inLanguage\":\"ro-RO\",\"potentialAction\":[{\"@type\":\"ReadAction\",\"target\":[\"https:\/\/twoeco.sk\/jednoduchsia-udrzba-bez-zbytocnej-chemie\/\"]}]},{\"@type\":\"BreadcrumbList\",\"@id\":\"https:\/\/twoeco.sk\/jednoduchsia-udrzba-bez-zbytocnej-chemie\/#breadcrumb\",\"itemListElement\":[{\"@type\":\"ListItem\",\"position\":1,\"name\":\"Home\",\"item\":\"https:\/\/twoeco.sk\/\"},{\"@type\":\"ListItem\",\"position\":2,\"name\":\"Jednoduch\u0161ia \u00fadr\u017eba bez zbyto\u010dnej ch\u00e9mie\"}]},{\"@type\":\"WebSite\",\"@id\":\"https:\/\/twoeco.sk\/#website\",\"url\":\"https:\/\/twoeco.sk\/\",\"name\":\"Two Eco\",\"description\":\"Viac ako \u010dist\u00e1 voda\",\"publisher\":{\"@id\":\"https:\/\/twoeco.sk\/#organization\"},\"potentialAction\":[{\"@type\":\"SearchAction\",\"target\":{\"@type\":\"EntryPoint\",\"urlTemplate\":\"https:\/\/twoeco.sk\/?s={search_term_string}\"},\"query-input\":{\"@type\":\"PropertyValueSpecification\",\"valueRequired\":true,\"valueName\":\"search_term_string\"}}],\"inLanguage\":\"ro-RO\"},{\"@type\":\"Organization\",\"@id\":\"https:\/\/twoeco.sk\/#organization\",\"name\":\"Two ECO, s.r.o.\",\"url\":\"https:\/\/twoeco.sk\/\",\"logo\":{\"@type\":\"ImageObject\",\"inLanguage\":\"ro-RO\",\"@id\":\"https:\/\/twoeco.sk\/#\/schema\/logo\/image\/\",\"url\":\"https:\/\/twoeco.sk\/wp-content\/uploads\/2016\/05\/logo-two-eco-farba.png\",\"contentUrl\":\"https:\/\/twoeco.sk\/wp-content\/uploads\/2016\/05\/logo-two-eco-farba.png\",\"width\":318,\"height\":74,\"caption\":\"Two ECO, s.r.o.\"},\"image\":{\"@id\":\"https:\/\/twoeco.sk\/#\/schema\/logo\/image\/\"},\"sameAs\":[\"https:\/\/www.facebook.com\/Ionimax-1357153714295887\/\"]}]}<\/script>\n<!-- \/ Yoast SEO plugin. -->","yoast_head_json":{"title":"Jednoduch\u0161ia \u00fadr\u017eba bez zbyto\u010dnej ch\u00e9mie - Two Eco","robots":{"index":"index","follow":"follow","max-snippet":"max-snippet:-1","max-image-preview":"max-image-preview:large","max-video-preview":"max-video-preview:-1"},"canonical":"https:\/\/twoeco.sk\/jednoduchsia-udrzba-bez-zbytocnej-chemie\/","og_locale":"ro_RO","og_type":"article","og_title":"Jednoduch\u0161ia \u00fadr\u017eba bez zbyto\u010dnej ch\u00e9mie - Two Eco","og_description":"[vc_row css=&#8221;.vc_custom_1489102263611{padding-top: 50px !important;}&#8221;][vc_column][vc_row_inner][vc_column_inner][lab_heading title=&#8221;O \u00eentre\u021binere mai simpl\u0103, f\u0103r\u0103 chimicale inutile &#8221; el_class=&#8221;title centered&#8221;]S-a sf\u00e2r\u0219it cu calcarul, operare mai economic\u0103, mai pu\u021bine chimicale \u0219i mai pu\u021bine alergii [\/lab_heading][\/vc_column_inner][\/vc_row_inner][vc_row_inner][vc_column_inner][lab_heading title=&#8221;O \u00eentre\u021binere mai simpl\u0103, f\u0103r\u0103 chimicale inutile &#8222;][\/lab_heading][vc_column_text] V\u0103 \u00eengriji\u021bi piscina, iazul sau f\u00e2nt\u00e2na artezian\u0103? A\u021bi dori ca \u00een \u00eengrijirea acestora s\u0103 apela\u021bi la mai pu\u021bine chimicale?&hellip;","og_url":"https:\/\/twoeco.sk\/jednoduchsia-udrzba-bez-zbytocnej-chemie\/","og_site_name":"Two Eco","article_publisher":"https:\/\/www.facebook.com\/Ionimax-1357153714295887\/","article_modified_time":"2017-08-10T11:24:43+00:00","twitter_card":"summary_large_image","twitter_misc":{"Timp estimat pentru citire":"2 minute"},"schema":{"@context":"https:\/\/schema.org","@graph":[{"@type":"WebPage","@id":"https:\/\/twoeco.sk\/jednoduchsia-udrzba-bez-zbytocnej-chemie\/","url":"https:\/\/twoeco.sk\/jednoduchsia-udrzba-bez-zbytocnej-chemie\/","name":"Jednoduch\u0161ia \u00fadr\u017eba bez zbyto\u010dnej ch\u00e9mie - Two Eco","isPartOf":{"@id":"https:\/\/twoeco.sk\/#website"},"datePublished":"2017-03-23T07:52:56+00:00","dateModified":"2017-08-10T11:24:43+00:00","breadcrumb":{"@id":"https:\/\/twoeco.sk\/jednoduchsia-udrzba-bez-zbytocnej-chemie\/#breadcrumb"},"inLanguage":"ro-RO","potentialAction":[{"@type":"ReadAction","target":["https:\/\/twoeco.sk\/jednoduchsia-udrzba-bez-zbytocnej-chemie\/"]}]},{"@type":"BreadcrumbList","@id":"https:\/\/twoeco.sk\/jednoduchsia-udrzba-bez-zbytocnej-chemie\/#breadcrumb","itemListElement":[{"@type":"ListItem","position":1,"name":"Home","item":"https:\/\/twoeco.sk\/"},{"@type":"ListItem","position":2,"name":"Jednoduch\u0161ia \u00fadr\u017eba bez zbyto\u010dnej ch\u00e9mie"}]},{"@type":"WebSite","@id":"https:\/\/twoeco.sk\/#website","url":"https:\/\/twoeco.sk\/","name":"Two Eco","description":"Viac ako \u010dist\u00e1 voda","publisher":{"@id":"https:\/\/twoeco.sk\/#organization"},"potentialAction":[{"@type":"SearchAction","target":{"@type":"EntryPoint","urlTemplate":"https:\/\/twoeco.sk\/?s={search_term_string}"},"query-input":{"@type":"PropertyValueSpecification","valueRequired":true,"valueName":"search_term_string"}}],"inLanguage":"ro-RO"},{"@type":"Organization","@id":"https:\/\/twoeco.sk\/#organization","name":"Two ECO, s.r.o.","url":"https:\/\/twoeco.sk\/","logo":{"@type":"ImageObject","inLanguage":"ro-RO","@id":"https:\/\/twoeco.sk\/#\/schema\/logo\/image\/","url":"https:\/\/twoeco.sk\/wp-content\/uploads\/2016\/05\/logo-two-eco-farba.png","contentUrl":"https:\/\/twoeco.sk\/wp-content\/uploads\/2016\/05\/logo-two-eco-farba.png","width":318,"height":74,"caption":"Two ECO, s.r.o."},"image":{"@id":"https:\/\/twoeco.sk\/#\/schema\/logo\/image\/"},"sameAs":["https:\/\/www.facebook.com\/Ionimax-1357153714295887\/"]}]}},"_links":{"self":[{"href":"https:\/\/twoeco.sk\/ro\/wp-json\/wp\/v2\/pages\/1658"}],"collection":[{"href":"https:\/\/twoeco.sk\/ro\/wp-json\/wp\/v2\/pages"}],"about":[{"href":"https:\/\/twoeco.sk\/ro\/wp-json\/wp\/v2\/types\/page"}],"author":[{"embeddable":true,"href":"https:\/\/twoeco.sk\/ro\/wp-json\/wp\/v2\/users\/3"}],"replies":[{"embeddable":true,"href":"https:\/\/twoeco.sk\/ro\/wp-json\/wp\/v2\/comments?post=1658"}],"version-history":[{"count":2,"href":"https:\/\/twoeco.sk\/ro\/wp-json\/wp\/v2\/pages\/1658\/revisions"}],"predecessor-version":[{"id":2156,"href":"https:\/\/twoeco.sk\/ro\/wp-json\/wp\/v2\/pages\/1658\/revisions\/2156"}],"wp:attachment":[{"href":"https:\/\/twoeco.sk\/ro\/wp-json\/wp\/v2\/media?parent=1658"}],"curies":[{"name":"wp","href":"https:\/\/api.w.org\/{rel}","templated":true}]}}