{"id":1744,"date":"2017-02-19T12:45:03","date_gmt":"2017-02-19T11:45:03","guid":{"rendered":"https:\/\/twoeco.sk\/o-nas\/"},"modified":"2017-02-19T12:45:03","modified_gmt":"2017-02-19T11:45:03","slug":"o-nas","status":"publish","type":"page","link":"https:\/\/twoeco.sk\/ro\/o-nas\/","title":{"rendered":"O n\u00e1s"},"content":{"rendered":"<div class=\"main-third\">\n<h2>Na\u0161ou \u0161pecializ\u00e1ciou je ekologick\u00e1 \u00faprava vody z vodovodu.<\/h2>\n<p>Oby\u010dajn\u00fa vodu ionizujeme a polarizujeme. V\u010faka t\u00fdmto \u00faprav\u00e1m v\u00e1m pote\u010die voda z vodovodu, ktor\u00e1 je vysoko kvalitn\u00e1. Vodu, ktor\u00e1 m\u00e1 ide\u00e1lnu kombin\u00e1ciu tvrdej vody s\u00a0vlastnos\u0165ami m\u00e4kkej. Vodu, ktor\u00e1 navy\u0161e odstr\u00e1ni vodn\u00fd kame\u0148 a nov\u00e9mu nedovol\u00ed vznikn\u00fa\u0165. Bez pou\u017eitia ch\u00e9mie.<\/p>\n<\/div>\n<div class=\"main-third\">\n<p><img loading=\"lazy\" decoding=\"async\" class=\"alignnone size-full wp-image-1131\" src=\"https:\/\/twoeco.sk\/wp-content\/uploads\/2017\/02\/Jurec.jpg\" alt=\"\" width=\"215\" height=\"239\" srcset=\"https:\/\/twoeco.sk\/wp-content\/uploads\/2017\/02\/Jurec.jpg 215w, https:\/\/twoeco.sk\/wp-content\/uploads\/2017\/02\/Jurec-112x125.jpg 112w, https:\/\/twoeco.sk\/wp-content\/uploads\/2017\/02\/Jurec-67x75.jpg 67w\" sizes=\"(max-width: 215px) 100vw, 215px\" \/><\/p>\n<h2>Ladislav Jurec, autor<\/h2>\n<p>Na\u0161e produkty s\u00fa \u010disto na b\u00e1ze fyzik\u00e1lnych z\u00e1konitost\u00ed. Navrhol ich slov\u00e1k Ladislav Jurec, inov\u00e1tor a v\u00fdskumn\u00edk.<br \/>\nNa\u0161e certifikovan\u00e9 produkty s\u00fa vyroben\u00e9 na Slovensku. Ako slovensk\u00e1 firma, rastieme. Aj minul\u00fd rok sa n\u00e1\u0161 t\u00fdm rozr\u00e1stol a inovovali sme u n\u00e1s mno\u017estvo vec\u00ed. H\u013ead\u00e1me \u0161ikovn\u00fdch \u013eud\u00ed, spolupracovn\u00edkov a partnerov, ktor\u00ed by sa k na\u0161ej my\u0161lienke &#8211; ekologickej \u00fapravy vody- \u00a0chceli pripoji\u0165. V pr\u00edpade z\u00e1ujmu n\u00e1s nev\u00e1hajte kedyko\u013evek kontaktova\u0165.<\/p>\n<\/div>\n","protected":false},"excerpt":{"rendered":"<p>Na\u0161ou \u0161pecializ\u00e1ciou je ekologick\u00e1 \u00faprava vody z vodovodu. Oby\u010dajn\u00fa vodu ionizujeme a polarizujeme. V\u010faka t\u00fdmto \u00faprav\u00e1m v\u00e1m pote\u010die voda z vodovodu, ktor\u00e1 je vysoko kvalitn\u00e1. Vodu, ktor\u00e1 m\u00e1 ide\u00e1lnu kombin\u00e1ciu tvrdej vody s\u00a0vlastnos\u0165ami m\u00e4kkej. Vodu, ktor\u00e1 navy\u0161e odstr\u00e1ni vodn\u00fd kame\u0148 a nov\u00e9mu nedovol\u00ed vznikn\u00fa\u0165. Bez pou\u017eitia ch\u00e9mie. Ladislav Jurec, autor Na\u0161e produkty s\u00fa \u010disto na&hellip;<\/p>\n","protected":false},"author":3,"featured_media":0,"parent":0,"menu_order":0,"comment_status":"closed","ping_status":"closed","template":"","meta":{"_acf_changed":false,"footnotes":""},"class_list":["post-1744","page","type-page","status-publish","hentry"],"acf":[],"yoast_head":"<!-- This site is optimized with the Yoast SEO plugin v23.6 - https:\/\/yoast.com\/wordpress\/plugins\/seo\/ -->\n<title>O n\u00e1s - Two Eco<\/title>\n<meta name=\"robots\" content=\"index, follow, max-snippet:-1, max-image-preview:large, max-video-preview:-1\" \/>\n<link rel=\"canonical\" href=\"https:\/\/twoeco.sk\/o-nas\/\" \/>\n<meta property=\"og:locale\" content=\"ro_RO\" \/>\n<meta property=\"og:type\" content=\"article\" \/>\n<meta property=\"og:title\" content=\"O n\u00e1s - Two Eco\" \/>\n<meta property=\"og:description\" content=\"Na\u0161ou \u0161pecializ\u00e1ciou je ekologick\u00e1 \u00faprava vody z vodovodu. Oby\u010dajn\u00fa vodu ionizujeme a polarizujeme. V\u010faka t\u00fdmto \u00faprav\u00e1m v\u00e1m pote\u010die voda z vodovodu, ktor\u00e1 je vysoko kvalitn\u00e1. Vodu, ktor\u00e1 m\u00e1 ide\u00e1lnu kombin\u00e1ciu tvrdej vody s\u00a0vlastnos\u0165ami m\u00e4kkej. Vodu, ktor\u00e1 navy\u0161e odstr\u00e1ni vodn\u00fd kame\u0148 a nov\u00e9mu nedovol\u00ed vznikn\u00fa\u0165. Bez pou\u017eitia ch\u00e9mie. Ladislav Jurec, autor Na\u0161e produkty s\u00fa \u010disto na&hellip;\" \/>\n<meta property=\"og:url\" content=\"https:\/\/twoeco.sk\/o-nas\/\" \/>\n<meta property=\"og:site_name\" content=\"Two Eco\" \/>\n<meta property=\"article:publisher\" content=\"https:\/\/www.facebook.com\/Ionimax-1357153714295887\/\" \/>\n<meta property=\"og:image\" content=\"https:\/\/twoeco.sk\/wp-content\/uploads\/2017\/02\/Jurec.jpg\" \/>\n\t<meta property=\"og:image:width\" content=\"215\" \/>\n\t<meta property=\"og:image:height\" content=\"239\" \/>\n\t<meta property=\"og:image:type\" content=\"image\/jpeg\" \/>\n<meta name=\"twitter:card\" content=\"summary_large_image\" \/>\n<meta name=\"twitter:label1\" content=\"Timp estimat pentru citire\" \/>\n\t<meta name=\"twitter:data1\" content=\"1 minut\" \/>\n<script type=\"application\/ld+json\" class=\"yoast-schema-graph\">{\"@context\":\"https:\/\/schema.org\",\"@graph\":[{\"@type\":\"WebPage\",\"@id\":\"https:\/\/twoeco.sk\/o-nas\/\",\"url\":\"https:\/\/twoeco.sk\/o-nas\/\",\"name\":\"O n\u00e1s - Two Eco\",\"isPartOf\":{\"@id\":\"https:\/\/twoeco.sk\/#website\"},\"primaryImageOfPage\":{\"@id\":\"https:\/\/twoeco.sk\/o-nas\/#primaryimage\"},\"image\":{\"@id\":\"https:\/\/twoeco.sk\/o-nas\/#primaryimage\"},\"thumbnailUrl\":\"https:\/\/twoeco.sk\/wp-content\/uploads\/2017\/02\/Jurec.jpg\",\"datePublished\":\"2017-02-19T11:45:03+00:00\",\"dateModified\":\"2017-02-19T11:45:03+00:00\",\"breadcrumb\":{\"@id\":\"https:\/\/twoeco.sk\/o-nas\/#breadcrumb\"},\"inLanguage\":\"ro-RO\",\"potentialAction\":[{\"@type\":\"ReadAction\",\"target\":[\"https:\/\/twoeco.sk\/o-nas\/\"]}]},{\"@type\":\"ImageObject\",\"inLanguage\":\"ro-RO\",\"@id\":\"https:\/\/twoeco.sk\/o-nas\/#primaryimage\",\"url\":\"https:\/\/twoeco.sk\/wp-content\/uploads\/2017\/02\/Jurec.jpg\",\"contentUrl\":\"https:\/\/twoeco.sk\/wp-content\/uploads\/2017\/02\/Jurec.jpg\"},{\"@type\":\"BreadcrumbList\",\"@id\":\"https:\/\/twoeco.sk\/o-nas\/#breadcrumb\",\"itemListElement\":[{\"@type\":\"ListItem\",\"position\":1,\"name\":\"Home\",\"item\":\"https:\/\/twoeco.sk\/\"},{\"@type\":\"ListItem\",\"position\":2,\"name\":\"O n\u00e1s\"}]},{\"@type\":\"WebSite\",\"@id\":\"https:\/\/twoeco.sk\/#website\",\"url\":\"https:\/\/twoeco.sk\/\",\"name\":\"Two Eco\",\"description\":\"Viac ako \u010dist\u00e1 voda\",\"publisher\":{\"@id\":\"https:\/\/twoeco.sk\/#organization\"},\"potentialAction\":[{\"@type\":\"SearchAction\",\"target\":{\"@type\":\"EntryPoint\",\"urlTemplate\":\"https:\/\/twoeco.sk\/?s={search_term_string}\"},\"query-input\":{\"@type\":\"PropertyValueSpecification\",\"valueRequired\":true,\"valueName\":\"search_term_string\"}}],\"inLanguage\":\"ro-RO\"},{\"@type\":\"Organization\",\"@id\":\"https:\/\/twoeco.sk\/#organization\",\"name\":\"Two ECO, s.r.o.\",\"url\":\"https:\/\/twoeco.sk\/\",\"logo\":{\"@type\":\"ImageObject\",\"inLanguage\":\"ro-RO\",\"@id\":\"https:\/\/twoeco.sk\/#\/schema\/logo\/image\/\",\"url\":\"https:\/\/twoeco.sk\/wp-content\/uploads\/2016\/05\/logo-two-eco-farba.png\",\"contentUrl\":\"https:\/\/twoeco.sk\/wp-content\/uploads\/2016\/05\/logo-two-eco-farba.png\",\"width\":318,\"height\":74,\"caption\":\"Two ECO, s.r.o.\"},\"image\":{\"@id\":\"https:\/\/twoeco.sk\/#\/schema\/logo\/image\/\"},\"sameAs\":[\"https:\/\/www.facebook.com\/Ionimax-1357153714295887\/\"]}]}<\/script>\n<!-- \/ Yoast SEO plugin. -->","yoast_head_json":{"title":"O n\u00e1s - Two Eco","robots":{"index":"index","follow":"follow","max-snippet":"max-snippet:-1","max-image-preview":"max-image-preview:large","max-video-preview":"max-video-preview:-1"},"canonical":"https:\/\/twoeco.sk\/o-nas\/","og_locale":"ro_RO","og_type":"article","og_title":"O n\u00e1s - Two Eco","og_description":"Na\u0161ou \u0161pecializ\u00e1ciou je ekologick\u00e1 \u00faprava vody z vodovodu. Oby\u010dajn\u00fa vodu ionizujeme a polarizujeme. V\u010faka t\u00fdmto \u00faprav\u00e1m v\u00e1m pote\u010die voda z vodovodu, ktor\u00e1 je vysoko kvalitn\u00e1. Vodu, ktor\u00e1 m\u00e1 ide\u00e1lnu kombin\u00e1ciu tvrdej vody s\u00a0vlastnos\u0165ami m\u00e4kkej. Vodu, ktor\u00e1 navy\u0161e odstr\u00e1ni vodn\u00fd kame\u0148 a nov\u00e9mu nedovol\u00ed vznikn\u00fa\u0165. Bez pou\u017eitia ch\u00e9mie. Ladislav Jurec, autor Na\u0161e produkty s\u00fa \u010disto na&hellip;","og_url":"https:\/\/twoeco.sk\/o-nas\/","og_site_name":"Two Eco","article_publisher":"https:\/\/www.facebook.com\/Ionimax-1357153714295887\/","og_image":[{"width":215,"height":239,"url":"https:\/\/twoeco.sk\/wp-content\/uploads\/2017\/02\/Jurec.jpg","type":"image\/jpeg"}],"twitter_card":"summary_large_image","twitter_misc":{"Timp estimat pentru citire":"1 minut"},"schema":{"@context":"https:\/\/schema.org","@graph":[{"@type":"WebPage","@id":"https:\/\/twoeco.sk\/o-nas\/","url":"https:\/\/twoeco.sk\/o-nas\/","name":"O n\u00e1s - Two Eco","isPartOf":{"@id":"https:\/\/twoeco.sk\/#website"},"primaryImageOfPage":{"@id":"https:\/\/twoeco.sk\/o-nas\/#primaryimage"},"image":{"@id":"https:\/\/twoeco.sk\/o-nas\/#primaryimage"},"thumbnailUrl":"https:\/\/twoeco.sk\/wp-content\/uploads\/2017\/02\/Jurec.jpg","datePublished":"2017-02-19T11:45:03+00:00","dateModified":"2017-02-19T11:45:03+00:00","breadcrumb":{"@id":"https:\/\/twoeco.sk\/o-nas\/#breadcrumb"},"inLanguage":"ro-RO","potentialAction":[{"@type":"ReadAction","target":["https:\/\/twoeco.sk\/o-nas\/"]}]},{"@type":"ImageObject","inLanguage":"ro-RO","@id":"https:\/\/twoeco.sk\/o-nas\/#primaryimage","url":"https:\/\/twoeco.sk\/wp-content\/uploads\/2017\/02\/Jurec.jpg","contentUrl":"https:\/\/twoeco.sk\/wp-content\/uploads\/2017\/02\/Jurec.jpg"},{"@type":"BreadcrumbList","@id":"https:\/\/twoeco.sk\/o-nas\/#breadcrumb","itemListElement":[{"@type":"ListItem","position":1,"name":"Home","item":"https:\/\/twoeco.sk\/"},{"@type":"ListItem","position":2,"name":"O n\u00e1s"}]},{"@type":"WebSite","@id":"https:\/\/twoeco.sk\/#website","url":"https:\/\/twoeco.sk\/","name":"Two Eco","description":"Viac ako \u010dist\u00e1 voda","publisher":{"@id":"https:\/\/twoeco.sk\/#organization"},"potentialAction":[{"@type":"SearchAction","target":{"@type":"EntryPoint","urlTemplate":"https:\/\/twoeco.sk\/?s={search_term_string}"},"query-input":{"@type":"PropertyValueSpecification","valueRequired":true,"valueName":"search_term_string"}}],"inLanguage":"ro-RO"},{"@type":"Organization","@id":"https:\/\/twoeco.sk\/#organization","name":"Two ECO, s.r.o.","url":"https:\/\/twoeco.sk\/","logo":{"@type":"ImageObject","inLanguage":"ro-RO","@id":"https:\/\/twoeco.sk\/#\/schema\/logo\/image\/","url":"https:\/\/twoeco.sk\/wp-content\/uploads\/2016\/05\/logo-two-eco-farba.png","contentUrl":"https:\/\/twoeco.sk\/wp-content\/uploads\/2016\/05\/logo-two-eco-farba.png","width":318,"height":74,"caption":"Two ECO, s.r.o."},"image":{"@id":"https:\/\/twoeco.sk\/#\/schema\/logo\/image\/"},"sameAs":["https:\/\/www.facebook.com\/Ionimax-1357153714295887\/"]}]}},"_links":{"self":[{"href":"https:\/\/twoeco.sk\/ro\/wp-json\/wp\/v2\/pages\/1744"}],"collection":[{"href":"https:\/\/twoeco.sk\/ro\/wp-json\/wp\/v2\/pages"}],"about":[{"href":"https:\/\/twoeco.sk\/ro\/wp-json\/wp\/v2\/types\/page"}],"author":[{"embeddable":true,"href":"https:\/\/twoeco.sk\/ro\/wp-json\/wp\/v2\/users\/3"}],"replies":[{"embeddable":true,"href":"https:\/\/twoeco.sk\/ro\/wp-json\/wp\/v2\/comments?post=1744"}],"version-history":[{"count":0,"href":"https:\/\/twoeco.sk\/ro\/wp-json\/wp\/v2\/pages\/1744\/revisions"}],"wp:attachment":[{"href":"https:\/\/twoeco.sk\/ro\/wp-json\/wp\/v2\/media?parent=1744"}],"curies":[{"name":"wp","href":"https:\/\/api.w.org\/{rel}","templated":true}]}}