{"id":1812,"date":"2017-03-29T10:19:23","date_gmt":"2017-03-29T08:19:23","guid":{"rendered":"https:\/\/twoeco.sk\/riesenie-na-problem-s-tvrdou-vodou\/"},"modified":"2017-05-29T01:47:54","modified_gmt":"2017-05-28T23:47:54","slug":"riesenie-na-problem-s-tvrdou-vodou","status":"publish","type":"page","link":"https:\/\/twoeco.sk\/ro\/riesenie-na-problem-s-tvrdou-vodou\/","title":{"rendered":"Rie\u0161enie na probl\u00e9m s\u00a0tvrdou vodou a\u00a0vodn\u00fdm kame\u0148om"},"content":{"rendered":"<div class=\"wpb-content-wrapper\"><p>[vc_row][vc_column][lab_heading title=&#8221;Solu\u021bii pentru problemele prezentate de apa dur\u0103 \u0219i depunerile de calcar &#8221; el_class=&#8221;title &#8221; css=&#8221;.vc_custom_1496015271423{padding-top: 50px !important;}&#8221;]Utiliza\u021bi caracteristicile apei moi \u2013 nici un fel de depuneri noi, \u00een plus cele vechi sunt dizolvate<br \/>\n[\/lab_heading][vc_column_text css=&#8221;.vc_custom_1496015258581{padding-top: 10px !important;}&#8221;]<strong>V\u0103 preocup\u0103 apa dur\u0103?<\/strong><\/p>\n<p><strong>Solu\u021biona\u021bi complica\u021biile aduse de depunerile de calcar?<\/strong><\/p>\n<p><strong>C\u0103uta\u021bi un mod de a v\u0103 proteja re\u021belele de alimentare cu ap\u0103 \u0219i instala\u021biile?<\/strong>[\/vc_column_text][vc_separator style=&#8221;dotted&#8221; border_width=&#8221;2&#8243;][vc_row_inner][vc_column_inner][vc_column_text]Calcarul care reprezint\u0103 cel mai frecvent \u0219i deci \u0219i cea mai mare problem\u0103 pentru sistemele \u0219i elementele de \u00eenc\u0103lzire, ac\u021bioneaz\u0103 ca un izolant. Din practic\u0103 \u0219tim c\u0103 \u00een apa cald\u0103 cristalizarea are loc mai repede dec\u00e2t \u00een apa rece. O informa\u021bie important\u0103 este faptul c\u0103 aceast\u0103 cristalizare, la o temperatur\u0103 de peste 57\u00b0C, cre\u0219te rapid. Pentru a atinge temperatura dorit\u0103 \u00een cazul unui strat de depuneri cu o grosime de 3 mm avem nevoie cu 20% mai mult\u0103 energie. Depunerile de 6mm presupun o cre\u0219tere de energie cu\u00a030 \u2013 35 %. Aceste date nu sunt absolut precise, rezultatul fiind influen\u021bat \u00een mare m\u0103sur\u0103 \u0219i de mediul care este foarte diferit.<\/p>\n<p>Un avantaj necontestabil al trat\u0103rii fizice a apei este \u0219i capacitatea ei de cur\u0103\u021bare \u2013 dizolv\u0103 \u0219i elimin\u0103 depunerile vechi, fapt care \u00eenl\u0103tur\u0103 pauzele necesare pentru cur\u0103\u021barea acestora, protej\u00e2nd \u0219i prelungind via\u021ba conductelor, a elementelor de \u00eenc\u0103lzire \u0219i a tuturor spa\u021biilor \u0219i instala\u021biilor aferente.<\/p>\n<p>Esen\u021ba trat\u0103rii fizice a apei este \u201etransferul\u201d sau ata\u0219area sarcinii electrice libere de moleculele apei care, \u00een consecin\u021b\u0103, polarizeaz\u0103 (se orienteaz\u0103 uniform). Acest efect are ca urmare modificarea formei substan\u021belor solide dizolvabile \u00een ap\u0103 astfel c\u0103 acestea nu mai formeaz\u0103 at\u00e2t de u\u0219or re\u021beaua cristalin\u0103, aceasta pentru c\u0103 sunt de forme \u0219i m\u0103rimi diferite care nu mai creeaz\u0103 depunerile de calcar. Se schimb\u0103 dintr-o structur\u0103 cubic\u0103 \u00een una hexagonal\u0103. \u00cen momentul precipit\u0103rii apare numai un n\u0103mol moale. Tratarea fizic\u0103 previne formarea noilor depuneri de calcar, elimin\u00e2nd \u00een acela\u0219i timp straturile deja existente \u0219i prevenind coroziunea suprafe\u021belor interioare ale conductelor. Pe ele se formeaz\u0103 stratul protector de magnetit ( Fe<sub>3<\/sub>O<sub>4<\/sub> ).<\/p>\n<p>Dispozitivul Ionimax poate fi instalat \u00een sisteme dinamice \u00eenchise \u0219i deschise. Eficien\u021ba utiliz\u0103rii acestuia este at\u00e2t \u00een cazul apartamentelor mici, c\u00e2t \u0219i a caselor particulare, dar \u0219i \u00een operarea instala\u021biilor industriale mari, peste tot unde se presupune formarea calcarului. Dispozitivul Ionimax nu modific\u0103 compozi\u021bia chimic\u0103 a apei.<\/p>\n<p>[\/vc_column_text][\/vc_column_inner][\/vc_row_inner][\/vc_column][\/vc_row]<\/p>\n<\/div>","protected":false},"excerpt":{"rendered":"<p>[vc_row][vc_column][lab_heading title=&#8221;Solu\u021bii pentru problemele prezentate de apa dur\u0103 \u0219i depunerile de calcar &#8221; el_class=&#8221;title &#8221; css=&#8221;.vc_custom_1496015271423{padding-top: 50px !important;}&#8221;]Utiliza\u021bi caracteristicile apei moi \u2013 nici un fel de depuneri noi, \u00een plus cele vechi sunt dizolvate [\/lab_heading][vc_column_text css=&#8221;.vc_custom_1496015258581{padding-top: 10px !important;}&#8221;]V\u0103 preocup\u0103 apa dur\u0103? Solu\u021biona\u021bi complica\u021biile aduse de depunerile de calcar? C\u0103uta\u021bi un mod de a v\u0103 proteja&hellip;<\/p>\n","protected":false},"author":3,"featured_media":0,"parent":0,"menu_order":0,"comment_status":"closed","ping_status":"closed","template":"","meta":{"_acf_changed":false,"footnotes":""},"class_list":["post-1812","page","type-page","status-publish","hentry"],"acf":[],"yoast_head":"<!-- This site is optimized with the Yoast SEO plugin v23.6 - https:\/\/yoast.com\/wordpress\/plugins\/seo\/ -->\n<title>Rie\u0161enie na probl\u00e9m s\u00a0tvrdou vodou a\u00a0vodn\u00fdm kame\u0148om - Two Eco<\/title>\n<meta name=\"robots\" content=\"index, follow, max-snippet:-1, max-image-preview:large, max-video-preview:-1\" \/>\n<link rel=\"canonical\" href=\"https:\/\/twoeco.sk\/riesenie-na-problem-s-tvrdou-vodou\/\" \/>\n<meta property=\"og:locale\" content=\"ro_RO\" \/>\n<meta property=\"og:type\" content=\"article\" \/>\n<meta property=\"og:title\" content=\"Rie\u0161enie na probl\u00e9m s\u00a0tvrdou vodou a\u00a0vodn\u00fdm kame\u0148om - Two Eco\" \/>\n<meta property=\"og:description\" content=\"[vc_row][vc_column][lab_heading title=&#8221;Solu\u021bii pentru problemele prezentate de apa dur\u0103 \u0219i depunerile de calcar &#8221; el_class=&#8221;title &#8221; css=&#8221;.vc_custom_1496015271423{padding-top: 50px !important;}&#8221;]Utiliza\u021bi caracteristicile apei moi \u2013 nici un fel de depuneri noi, \u00een plus cele vechi sunt dizolvate [\/lab_heading][vc_column_text css=&#8221;.vc_custom_1496015258581{padding-top: 10px !important;}&#8221;]V\u0103 preocup\u0103 apa dur\u0103? Solu\u021biona\u021bi complica\u021biile aduse de depunerile de calcar? C\u0103uta\u021bi un mod de a v\u0103 proteja&hellip;\" \/>\n<meta property=\"og:url\" content=\"https:\/\/twoeco.sk\/riesenie-na-problem-s-tvrdou-vodou\/\" \/>\n<meta property=\"og:site_name\" content=\"Two Eco\" \/>\n<meta property=\"article:publisher\" content=\"https:\/\/www.facebook.com\/Ionimax-1357153714295887\/\" \/>\n<meta property=\"article:modified_time\" content=\"2017-05-28T23:47:54+00:00\" \/>\n<meta name=\"twitter:card\" content=\"summary_large_image\" \/>\n<meta name=\"twitter:label1\" content=\"Timp estimat pentru citire\" \/>\n\t<meta name=\"twitter:data1\" content=\"2 minute\" \/>\n<script type=\"application\/ld+json\" class=\"yoast-schema-graph\">{\"@context\":\"https:\/\/schema.org\",\"@graph\":[{\"@type\":\"WebPage\",\"@id\":\"https:\/\/twoeco.sk\/riesenie-na-problem-s-tvrdou-vodou\/\",\"url\":\"https:\/\/twoeco.sk\/riesenie-na-problem-s-tvrdou-vodou\/\",\"name\":\"Rie\u0161enie na probl\u00e9m s\u00a0tvrdou vodou a\u00a0vodn\u00fdm kame\u0148om - Two Eco\",\"isPartOf\":{\"@id\":\"https:\/\/twoeco.sk\/#website\"},\"datePublished\":\"2017-03-29T08:19:23+00:00\",\"dateModified\":\"2017-05-28T23:47:54+00:00\",\"breadcrumb\":{\"@id\":\"https:\/\/twoeco.sk\/riesenie-na-problem-s-tvrdou-vodou\/#breadcrumb\"},\"inLanguage\":\"ro-RO\",\"potentialAction\":[{\"@type\":\"ReadAction\",\"target\":[\"https:\/\/twoeco.sk\/riesenie-na-problem-s-tvrdou-vodou\/\"]}]},{\"@type\":\"BreadcrumbList\",\"@id\":\"https:\/\/twoeco.sk\/riesenie-na-problem-s-tvrdou-vodou\/#breadcrumb\",\"itemListElement\":[{\"@type\":\"ListItem\",\"position\":1,\"name\":\"Home\",\"item\":\"https:\/\/twoeco.sk\/\"},{\"@type\":\"ListItem\",\"position\":2,\"name\":\"Rie\u0161enie na probl\u00e9m s\u00a0tvrdou vodou a\u00a0vodn\u00fdm kame\u0148om\"}]},{\"@type\":\"WebSite\",\"@id\":\"https:\/\/twoeco.sk\/#website\",\"url\":\"https:\/\/twoeco.sk\/\",\"name\":\"Two Eco\",\"description\":\"Viac ako \u010dist\u00e1 voda\",\"publisher\":{\"@id\":\"https:\/\/twoeco.sk\/#organization\"},\"potentialAction\":[{\"@type\":\"SearchAction\",\"target\":{\"@type\":\"EntryPoint\",\"urlTemplate\":\"https:\/\/twoeco.sk\/?s={search_term_string}\"},\"query-input\":{\"@type\":\"PropertyValueSpecification\",\"valueRequired\":true,\"valueName\":\"search_term_string\"}}],\"inLanguage\":\"ro-RO\"},{\"@type\":\"Organization\",\"@id\":\"https:\/\/twoeco.sk\/#organization\",\"name\":\"Two ECO, s.r.o.\",\"url\":\"https:\/\/twoeco.sk\/\",\"logo\":{\"@type\":\"ImageObject\",\"inLanguage\":\"ro-RO\",\"@id\":\"https:\/\/twoeco.sk\/#\/schema\/logo\/image\/\",\"url\":\"https:\/\/twoeco.sk\/wp-content\/uploads\/2016\/05\/logo-two-eco-farba.png\",\"contentUrl\":\"https:\/\/twoeco.sk\/wp-content\/uploads\/2016\/05\/logo-two-eco-farba.png\",\"width\":318,\"height\":74,\"caption\":\"Two ECO, s.r.o.\"},\"image\":{\"@id\":\"https:\/\/twoeco.sk\/#\/schema\/logo\/image\/\"},\"sameAs\":[\"https:\/\/www.facebook.com\/Ionimax-1357153714295887\/\"]}]}<\/script>\n<!-- \/ Yoast SEO plugin. -->","yoast_head_json":{"title":"Rie\u0161enie na probl\u00e9m s\u00a0tvrdou vodou a\u00a0vodn\u00fdm kame\u0148om - Two Eco","robots":{"index":"index","follow":"follow","max-snippet":"max-snippet:-1","max-image-preview":"max-image-preview:large","max-video-preview":"max-video-preview:-1"},"canonical":"https:\/\/twoeco.sk\/riesenie-na-problem-s-tvrdou-vodou\/","og_locale":"ro_RO","og_type":"article","og_title":"Rie\u0161enie na probl\u00e9m s\u00a0tvrdou vodou a\u00a0vodn\u00fdm kame\u0148om - Two Eco","og_description":"[vc_row][vc_column][lab_heading title=&#8221;Solu\u021bii pentru problemele prezentate de apa dur\u0103 \u0219i depunerile de calcar &#8221; el_class=&#8221;title &#8221; css=&#8221;.vc_custom_1496015271423{padding-top: 50px !important;}&#8221;]Utiliza\u021bi caracteristicile apei moi \u2013 nici un fel de depuneri noi, \u00een plus cele vechi sunt dizolvate [\/lab_heading][vc_column_text css=&#8221;.vc_custom_1496015258581{padding-top: 10px !important;}&#8221;]V\u0103 preocup\u0103 apa dur\u0103? Solu\u021biona\u021bi complica\u021biile aduse de depunerile de calcar? C\u0103uta\u021bi un mod de a v\u0103 proteja&hellip;","og_url":"https:\/\/twoeco.sk\/riesenie-na-problem-s-tvrdou-vodou\/","og_site_name":"Two Eco","article_publisher":"https:\/\/www.facebook.com\/Ionimax-1357153714295887\/","article_modified_time":"2017-05-28T23:47:54+00:00","twitter_card":"summary_large_image","twitter_misc":{"Timp estimat pentru citire":"2 minute"},"schema":{"@context":"https:\/\/schema.org","@graph":[{"@type":"WebPage","@id":"https:\/\/twoeco.sk\/riesenie-na-problem-s-tvrdou-vodou\/","url":"https:\/\/twoeco.sk\/riesenie-na-problem-s-tvrdou-vodou\/","name":"Rie\u0161enie na probl\u00e9m s\u00a0tvrdou vodou a\u00a0vodn\u00fdm kame\u0148om - Two Eco","isPartOf":{"@id":"https:\/\/twoeco.sk\/#website"},"datePublished":"2017-03-29T08:19:23+00:00","dateModified":"2017-05-28T23:47:54+00:00","breadcrumb":{"@id":"https:\/\/twoeco.sk\/riesenie-na-problem-s-tvrdou-vodou\/#breadcrumb"},"inLanguage":"ro-RO","potentialAction":[{"@type":"ReadAction","target":["https:\/\/twoeco.sk\/riesenie-na-problem-s-tvrdou-vodou\/"]}]},{"@type":"BreadcrumbList","@id":"https:\/\/twoeco.sk\/riesenie-na-problem-s-tvrdou-vodou\/#breadcrumb","itemListElement":[{"@type":"ListItem","position":1,"name":"Home","item":"https:\/\/twoeco.sk\/"},{"@type":"ListItem","position":2,"name":"Rie\u0161enie na probl\u00e9m s\u00a0tvrdou vodou a\u00a0vodn\u00fdm kame\u0148om"}]},{"@type":"WebSite","@id":"https:\/\/twoeco.sk\/#website","url":"https:\/\/twoeco.sk\/","name":"Two Eco","description":"Viac ako \u010dist\u00e1 voda","publisher":{"@id":"https:\/\/twoeco.sk\/#organization"},"potentialAction":[{"@type":"SearchAction","target":{"@type":"EntryPoint","urlTemplate":"https:\/\/twoeco.sk\/?s={search_term_string}"},"query-input":{"@type":"PropertyValueSpecification","valueRequired":true,"valueName":"search_term_string"}}],"inLanguage":"ro-RO"},{"@type":"Organization","@id":"https:\/\/twoeco.sk\/#organization","name":"Two ECO, s.r.o.","url":"https:\/\/twoeco.sk\/","logo":{"@type":"ImageObject","inLanguage":"ro-RO","@id":"https:\/\/twoeco.sk\/#\/schema\/logo\/image\/","url":"https:\/\/twoeco.sk\/wp-content\/uploads\/2016\/05\/logo-two-eco-farba.png","contentUrl":"https:\/\/twoeco.sk\/wp-content\/uploads\/2016\/05\/logo-two-eco-farba.png","width":318,"height":74,"caption":"Two ECO, s.r.o."},"image":{"@id":"https:\/\/twoeco.sk\/#\/schema\/logo\/image\/"},"sameAs":["https:\/\/www.facebook.com\/Ionimax-1357153714295887\/"]}]}},"_links":{"self":[{"href":"https:\/\/twoeco.sk\/ro\/wp-json\/wp\/v2\/pages\/1812"}],"collection":[{"href":"https:\/\/twoeco.sk\/ro\/wp-json\/wp\/v2\/pages"}],"about":[{"href":"https:\/\/twoeco.sk\/ro\/wp-json\/wp\/v2\/types\/page"}],"author":[{"embeddable":true,"href":"https:\/\/twoeco.sk\/ro\/wp-json\/wp\/v2\/users\/3"}],"replies":[{"embeddable":true,"href":"https:\/\/twoeco.sk\/ro\/wp-json\/wp\/v2\/comments?post=1812"}],"version-history":[{"count":1,"href":"https:\/\/twoeco.sk\/ro\/wp-json\/wp\/v2\/pages\/1812\/revisions"}],"predecessor-version":[{"id":1843,"href":"https:\/\/twoeco.sk\/ro\/wp-json\/wp\/v2\/pages\/1812\/revisions\/1843"}],"wp:attachment":[{"href":"https:\/\/twoeco.sk\/ro\/wp-json\/wp\/v2\/media?parent=1812"}],"curies":[{"name":"wp","href":"https:\/\/api.w.org\/{rel}","templated":true}]}}