{"id":1946,"date":"2017-03-29T10:19:23","date_gmt":"2017-03-29T08:19:23","guid":{"rendered":"https:\/\/twoeco.sk\/riesenie-na-problem-s-tvrdou-vodou\/"},"modified":"2017-06-17T12:00:51","modified_gmt":"2017-06-17T10:00:51","slug":"riesenie-na-problem-s-tvrdou-vodou","status":"publish","type":"page","link":"https:\/\/twoeco.sk\/tr\/riesenie-na-problem-s-tvrdou-vodou\/","title":{"rendered":"Rie\u0161enie na probl\u00e9m s\u00a0tvrdou vodou a\u00a0vodn\u00fdm kame\u0148om"},"content":{"rendered":"<div class=\"wpb-content-wrapper\"><p>[vc_row][vc_column][lab_heading title=&#8221;Sert su ve kire\u00e7lenme probleminin \u00e7\u00f6z\u00fcm\u00fc&#8221; el_class=&#8221;title &#8221; css=&#8221;.vc_custom_1497693622428{padding-top: 50px !important;}&#8221;]Yumu\u015fak suyun \u00f6zelliklerini kullan\u0131n \u2013 art\u0131k yeni birikintiler yok, eski birikintileri kaz\u0131mak yok[\/lab_heading][vc_column_text css=&#8221;.vc_custom_1497693635123{padding-top: 10px !important;}&#8221;]<strong>Sert su size sorun yarat\u0131yor mu?<\/strong><\/p>\n<p><strong>Su kireci komplikasyonlar\u0131n\u0131 \u00e7\u00f6zmek zorunda kal\u0131yormusunuz?<\/strong><\/p>\n<p><strong>Da\u011f\u0131t\u0131m \u015febekenizi ve cihazlar\u0131n\u0131z\u0131 korumak i\u00e7in \u00e7\u00f6z\u00fcmler ar\u0131yormusunuz?<\/strong>[\/vc_column_text][vc_separator style=&#8221;dotted&#8221; border_width=&#8221;2&#8243;][vc_row_inner][vc_column_inner][vc_column_text]Su kireci, \u0131s\u0131tma sistemleri ve \u0131s\u0131tma g\u00f6vdeleri i\u00e7in en b\u00fcy\u00fck ve en s\u0131k g\u00f6r\u00fclen problemdir, izolant gibi \u00e7al\u0131\u015f\u0131r. Pratikten biliyoruz ki s\u0131cak suda kristalize s\u00fcreci so\u011fuk sudan daha h\u0131zl\u0131d\u0131r. Bu kristalizasyon 57 \u00b0C nin \u00fczerindeki s\u0131cakl\u0131klarda daha art\u0131yor. Ortalama 3 mm \u00e7\u00f6keltilerde istenilen s\u0131cakl\u0131\u011fa ula\u015fmak i\u00e7in % 20 daha fazla enerjiye ihtiya\u00e7 duyulur. 6 mm kirlerde ise bu 30 \u2013 35 % enerji y\u00fckselmesi demektir. Bu veriler mutlak net de\u011fildir, \u00e7\u00fcnk\u00fc \u00f6nemli oranda \u00e7ok de\u011fi\u015fken olan \u00e7evre ortam\u0131na ba\u011fl\u0131d\u0131r. Suyun fiziki olarak ar\u0131t\u0131lmas\u0131 ve onun temizleme \u00f6zelli\u011fi tart\u0131\u015fmas\u0131z bir art\u0131d\u0131r \u2013 olu\u015fmu\u015f olan eski kirleri eritir ve atar, bununla da temizleme i\u00e7in gerekli olan durdurmalar\u0131 art\u0131k gerekmez ve borular\u0131n, \u0131s\u0131tma g\u00f6vdelerinin ve t\u00fcm alakal\u0131 cihaz ve te\u00e7hizatlar\u0131n kullan\u0131m \u00f6mr\u00fcn\u00fc uzat\u0131r ve onlar\u0131 korur.<\/p>\n<p>Suyun fiziki ar\u0131t\u0131lmas\u0131n\u0131n temeli serbest veya yerle\u015ftirili olan elektrik \u015foklar\u0131n\u0131n su molek\u00fcllerine \u201eta\u015f\u0131nmas\u0131\u201c ve bunun sonucunda da polarize olmas\u0131d\u0131r (birlikte hareket ederler). Bu efektin sonucu suda eriyen kat\u0131 maddelerin \u015feklinin de\u011fi\u015fmesidir, bundan sonra art\u0131k kolayca kristalik h\u00fccreler olu\u015famaz \u00e7\u00fcnk\u00fc de\u011fi\u015fik \u015fekil ve b\u00fcy\u00fckl\u00fc\u011fe sahiptirler, yani art\u0131k sert su kireci olu\u015famaz. K\u00fcp \u015feklinde yap\u0131dan alt\u0131gene de\u011fi\u015fir. \u00c7\u00f6kelti oldu\u011funda sadece yumu\u015fak \u00e7amurumsu olu\u015fur. Fiziki ar\u0131tma yeni su kireci \u00e7\u00f6keltilerinin olu\u015fmas\u0131n\u0131 \u00f6nler ve etkin bir \u015fekilde var olan katmanlar\u0131 da giderir ve borular\u0131n i\u00e7 y\u00fczeylerinde korozyonu da engeller. Onlar\u0131n \u00fczerinde manyetit koruma y\u00fczeyi olu\u015fturur ( Fe3 O4 ).<\/p>\n<p>\u0130onimax kapal\u0131 ve a\u00e7\u0131k dinamik sistemlere kurulabilir. Su kirecinin olabilece\u011fi k\u00fc\u00e7\u00fck evler ve bah\u00e7eli b\u00fcy\u00fck evlerle birlikte b\u00fcy\u00fck i\u015fletmeler ve sanayi te\u00e7hizatlar\u0131nda verimli olarak kullanabilir. \u0130onimax suyun kimyasal i\u00e7eri\u011fini de\u011fi\u015ftirmez.[\/vc_column_text][\/vc_column_inner][\/vc_row_inner][\/vc_column][\/vc_row]<\/p>\n<\/div>","protected":false},"excerpt":{"rendered":"<p>[vc_row][vc_column][lab_heading title=&#8221;Sert su ve kire\u00e7lenme probleminin \u00e7\u00f6z\u00fcm\u00fc&#8221; el_class=&#8221;title &#8221; css=&#8221;.vc_custom_1497693622428{padding-top: 50px !important;}&#8221;]Yumu\u015fak suyun \u00f6zelliklerini kullan\u0131n \u2013 art\u0131k yeni birikintiler yok, eski birikintileri kaz\u0131mak yok[\/lab_heading][vc_column_text css=&#8221;.vc_custom_1497693635123{padding-top: 10px !important;}&#8221;]Sert su size sorun yarat\u0131yor mu? Su kireci komplikasyonlar\u0131n\u0131 \u00e7\u00f6zmek zorunda kal\u0131yormusunuz? Da\u011f\u0131t\u0131m \u015febekenizi ve cihazlar\u0131n\u0131z\u0131 korumak i\u00e7in \u00e7\u00f6z\u00fcmler ar\u0131yormusunuz?[\/vc_column_text][vc_separator style=&#8221;dotted&#8221; border_width=&#8221;2&#8243;][vc_row_inner][vc_column_inner][vc_column_text]Su kireci, \u0131s\u0131tma sistemleri ve \u0131s\u0131tma g\u00f6vdeleri i\u00e7in&hellip;<\/p>\n","protected":false},"author":3,"featured_media":0,"parent":0,"menu_order":0,"comment_status":"closed","ping_status":"closed","template":"","meta":{"_acf_changed":false,"footnotes":""},"class_list":["post-1946","page","type-page","status-publish","hentry"],"acf":[],"yoast_head":"<!-- This site is optimized with the Yoast SEO plugin v23.6 - https:\/\/yoast.com\/wordpress\/plugins\/seo\/ -->\n<title>Rie\u0161enie na probl\u00e9m s\u00a0tvrdou vodou a\u00a0vodn\u00fdm kame\u0148om - Two Eco<\/title>\n<meta name=\"robots\" content=\"index, follow, max-snippet:-1, max-image-preview:large, max-video-preview:-1\" \/>\n<link rel=\"canonical\" href=\"https:\/\/twoeco.sk\/riesenie-na-problem-s-tvrdou-vodou\/\" \/>\n<meta property=\"og:locale\" content=\"tr_TR\" \/>\n<meta property=\"og:type\" content=\"article\" \/>\n<meta property=\"og:title\" content=\"Rie\u0161enie na probl\u00e9m s\u00a0tvrdou vodou a\u00a0vodn\u00fdm kame\u0148om - Two Eco\" \/>\n<meta property=\"og:description\" content=\"[vc_row][vc_column][lab_heading title=&#8221;Sert su ve kire\u00e7lenme probleminin \u00e7\u00f6z\u00fcm\u00fc&#8221; el_class=&#8221;title &#8221; css=&#8221;.vc_custom_1497693622428{padding-top: 50px !important;}&#8221;]Yumu\u015fak suyun \u00f6zelliklerini kullan\u0131n \u2013 art\u0131k yeni birikintiler yok, eski birikintileri kaz\u0131mak yok[\/lab_heading][vc_column_text css=&#8221;.vc_custom_1497693635123{padding-top: 10px !important;}&#8221;]Sert su size sorun yarat\u0131yor mu? Su kireci komplikasyonlar\u0131n\u0131 \u00e7\u00f6zmek zorunda kal\u0131yormusunuz? Da\u011f\u0131t\u0131m \u015febekenizi ve cihazlar\u0131n\u0131z\u0131 korumak i\u00e7in \u00e7\u00f6z\u00fcmler ar\u0131yormusunuz?[\/vc_column_text][vc_separator style=&#8221;dotted&#8221; border_width=&#8221;2&#8243;][vc_row_inner][vc_column_inner][vc_column_text]Su kireci, \u0131s\u0131tma sistemleri ve \u0131s\u0131tma g\u00f6vdeleri i\u00e7in&hellip;\" \/>\n<meta property=\"og:url\" content=\"https:\/\/twoeco.sk\/riesenie-na-problem-s-tvrdou-vodou\/\" \/>\n<meta property=\"og:site_name\" content=\"Two Eco\" \/>\n<meta property=\"article:publisher\" content=\"https:\/\/www.facebook.com\/Ionimax-1357153714295887\/\" \/>\n<meta property=\"article:modified_time\" content=\"2017-06-17T10:00:51+00:00\" \/>\n<meta name=\"twitter:card\" content=\"summary_large_image\" \/>\n<meta name=\"twitter:label1\" content=\"Tahmini okuma s\u00fcresi\" \/>\n\t<meta name=\"twitter:data1\" content=\"2 dakika\" \/>\n<script type=\"application\/ld+json\" class=\"yoast-schema-graph\">{\"@context\":\"https:\/\/schema.org\",\"@graph\":[{\"@type\":\"WebPage\",\"@id\":\"https:\/\/twoeco.sk\/riesenie-na-problem-s-tvrdou-vodou\/\",\"url\":\"https:\/\/twoeco.sk\/riesenie-na-problem-s-tvrdou-vodou\/\",\"name\":\"Rie\u0161enie na probl\u00e9m s\u00a0tvrdou vodou a\u00a0vodn\u00fdm kame\u0148om - Two Eco\",\"isPartOf\":{\"@id\":\"https:\/\/twoeco.sk\/#website\"},\"datePublished\":\"2017-03-29T08:19:23+00:00\",\"dateModified\":\"2017-06-17T10:00:51+00:00\",\"breadcrumb\":{\"@id\":\"https:\/\/twoeco.sk\/riesenie-na-problem-s-tvrdou-vodou\/#breadcrumb\"},\"inLanguage\":\"tr\",\"potentialAction\":[{\"@type\":\"ReadAction\",\"target\":[\"https:\/\/twoeco.sk\/riesenie-na-problem-s-tvrdou-vodou\/\"]}]},{\"@type\":\"BreadcrumbList\",\"@id\":\"https:\/\/twoeco.sk\/riesenie-na-problem-s-tvrdou-vodou\/#breadcrumb\",\"itemListElement\":[{\"@type\":\"ListItem\",\"position\":1,\"name\":\"Home\",\"item\":\"https:\/\/twoeco.sk\/\"},{\"@type\":\"ListItem\",\"position\":2,\"name\":\"Rie\u0161enie na probl\u00e9m s\u00a0tvrdou vodou a\u00a0vodn\u00fdm kame\u0148om\"}]},{\"@type\":\"WebSite\",\"@id\":\"https:\/\/twoeco.sk\/#website\",\"url\":\"https:\/\/twoeco.sk\/\",\"name\":\"Two Eco\",\"description\":\"Viac ako \u010dist\u00e1 voda\",\"publisher\":{\"@id\":\"https:\/\/twoeco.sk\/#organization\"},\"potentialAction\":[{\"@type\":\"SearchAction\",\"target\":{\"@type\":\"EntryPoint\",\"urlTemplate\":\"https:\/\/twoeco.sk\/?s={search_term_string}\"},\"query-input\":{\"@type\":\"PropertyValueSpecification\",\"valueRequired\":true,\"valueName\":\"search_term_string\"}}],\"inLanguage\":\"tr\"},{\"@type\":\"Organization\",\"@id\":\"https:\/\/twoeco.sk\/#organization\",\"name\":\"Two ECO, s.r.o.\",\"url\":\"https:\/\/twoeco.sk\/\",\"logo\":{\"@type\":\"ImageObject\",\"inLanguage\":\"tr\",\"@id\":\"https:\/\/twoeco.sk\/#\/schema\/logo\/image\/\",\"url\":\"https:\/\/twoeco.sk\/wp-content\/uploads\/2016\/05\/logo-two-eco-farba.png\",\"contentUrl\":\"https:\/\/twoeco.sk\/wp-content\/uploads\/2016\/05\/logo-two-eco-farba.png\",\"width\":318,\"height\":74,\"caption\":\"Two ECO, s.r.o.\"},\"image\":{\"@id\":\"https:\/\/twoeco.sk\/#\/schema\/logo\/image\/\"},\"sameAs\":[\"https:\/\/www.facebook.com\/Ionimax-1357153714295887\/\"]}]}<\/script>\n<!-- \/ Yoast SEO plugin. -->","yoast_head_json":{"title":"Rie\u0161enie na probl\u00e9m s\u00a0tvrdou vodou a\u00a0vodn\u00fdm kame\u0148om - Two Eco","robots":{"index":"index","follow":"follow","max-snippet":"max-snippet:-1","max-image-preview":"max-image-preview:large","max-video-preview":"max-video-preview:-1"},"canonical":"https:\/\/twoeco.sk\/riesenie-na-problem-s-tvrdou-vodou\/","og_locale":"tr_TR","og_type":"article","og_title":"Rie\u0161enie na probl\u00e9m s\u00a0tvrdou vodou a\u00a0vodn\u00fdm kame\u0148om - Two Eco","og_description":"[vc_row][vc_column][lab_heading title=&#8221;Sert su ve kire\u00e7lenme probleminin \u00e7\u00f6z\u00fcm\u00fc&#8221; el_class=&#8221;title &#8221; css=&#8221;.vc_custom_1497693622428{padding-top: 50px !important;}&#8221;]Yumu\u015fak suyun \u00f6zelliklerini kullan\u0131n \u2013 art\u0131k yeni birikintiler yok, eski birikintileri kaz\u0131mak yok[\/lab_heading][vc_column_text css=&#8221;.vc_custom_1497693635123{padding-top: 10px !important;}&#8221;]Sert su size sorun yarat\u0131yor mu? Su kireci komplikasyonlar\u0131n\u0131 \u00e7\u00f6zmek zorunda kal\u0131yormusunuz? Da\u011f\u0131t\u0131m \u015febekenizi ve cihazlar\u0131n\u0131z\u0131 korumak i\u00e7in \u00e7\u00f6z\u00fcmler ar\u0131yormusunuz?[\/vc_column_text][vc_separator style=&#8221;dotted&#8221; border_width=&#8221;2&#8243;][vc_row_inner][vc_column_inner][vc_column_text]Su kireci, \u0131s\u0131tma sistemleri ve \u0131s\u0131tma g\u00f6vdeleri i\u00e7in&hellip;","og_url":"https:\/\/twoeco.sk\/riesenie-na-problem-s-tvrdou-vodou\/","og_site_name":"Two Eco","article_publisher":"https:\/\/www.facebook.com\/Ionimax-1357153714295887\/","article_modified_time":"2017-06-17T10:00:51+00:00","twitter_card":"summary_large_image","twitter_misc":{"Tahmini okuma s\u00fcresi":"2 dakika"},"schema":{"@context":"https:\/\/schema.org","@graph":[{"@type":"WebPage","@id":"https:\/\/twoeco.sk\/riesenie-na-problem-s-tvrdou-vodou\/","url":"https:\/\/twoeco.sk\/riesenie-na-problem-s-tvrdou-vodou\/","name":"Rie\u0161enie na probl\u00e9m s\u00a0tvrdou vodou a\u00a0vodn\u00fdm kame\u0148om - Two Eco","isPartOf":{"@id":"https:\/\/twoeco.sk\/#website"},"datePublished":"2017-03-29T08:19:23+00:00","dateModified":"2017-06-17T10:00:51+00:00","breadcrumb":{"@id":"https:\/\/twoeco.sk\/riesenie-na-problem-s-tvrdou-vodou\/#breadcrumb"},"inLanguage":"tr","potentialAction":[{"@type":"ReadAction","target":["https:\/\/twoeco.sk\/riesenie-na-problem-s-tvrdou-vodou\/"]}]},{"@type":"BreadcrumbList","@id":"https:\/\/twoeco.sk\/riesenie-na-problem-s-tvrdou-vodou\/#breadcrumb","itemListElement":[{"@type":"ListItem","position":1,"name":"Home","item":"https:\/\/twoeco.sk\/"},{"@type":"ListItem","position":2,"name":"Rie\u0161enie na probl\u00e9m s\u00a0tvrdou vodou a\u00a0vodn\u00fdm kame\u0148om"}]},{"@type":"WebSite","@id":"https:\/\/twoeco.sk\/#website","url":"https:\/\/twoeco.sk\/","name":"Two Eco","description":"Viac ako \u010dist\u00e1 voda","publisher":{"@id":"https:\/\/twoeco.sk\/#organization"},"potentialAction":[{"@type":"SearchAction","target":{"@type":"EntryPoint","urlTemplate":"https:\/\/twoeco.sk\/?s={search_term_string}"},"query-input":{"@type":"PropertyValueSpecification","valueRequired":true,"valueName":"search_term_string"}}],"inLanguage":"tr"},{"@type":"Organization","@id":"https:\/\/twoeco.sk\/#organization","name":"Two ECO, s.r.o.","url":"https:\/\/twoeco.sk\/","logo":{"@type":"ImageObject","inLanguage":"tr","@id":"https:\/\/twoeco.sk\/#\/schema\/logo\/image\/","url":"https:\/\/twoeco.sk\/wp-content\/uploads\/2016\/05\/logo-two-eco-farba.png","contentUrl":"https:\/\/twoeco.sk\/wp-content\/uploads\/2016\/05\/logo-two-eco-farba.png","width":318,"height":74,"caption":"Two ECO, s.r.o."},"image":{"@id":"https:\/\/twoeco.sk\/#\/schema\/logo\/image\/"},"sameAs":["https:\/\/www.facebook.com\/Ionimax-1357153714295887\/"]}]}},"_links":{"self":[{"href":"https:\/\/twoeco.sk\/tr\/wp-json\/wp\/v2\/pages\/1946"}],"collection":[{"href":"https:\/\/twoeco.sk\/tr\/wp-json\/wp\/v2\/pages"}],"about":[{"href":"https:\/\/twoeco.sk\/tr\/wp-json\/wp\/v2\/types\/page"}],"author":[{"embeddable":true,"href":"https:\/\/twoeco.sk\/tr\/wp-json\/wp\/v2\/users\/3"}],"replies":[{"embeddable":true,"href":"https:\/\/twoeco.sk\/tr\/wp-json\/wp\/v2\/comments?post=1946"}],"version-history":[{"count":1,"href":"https:\/\/twoeco.sk\/tr\/wp-json\/wp\/v2\/pages\/1946\/revisions"}],"predecessor-version":[{"id":1947,"href":"https:\/\/twoeco.sk\/tr\/wp-json\/wp\/v2\/pages\/1946\/revisions\/1947"}],"wp:attachment":[{"href":"https:\/\/twoeco.sk\/tr\/wp-json\/wp\/v2\/media?parent=1946"}],"curies":[{"name":"wp","href":"https:\/\/api.w.org\/{rel}","templated":true}]}}