{"id":1954,"date":"2017-02-19T12:45:03","date_gmt":"2017-02-19T11:45:03","guid":{"rendered":"https:\/\/twoeco.sk\/o-nas\/"},"modified":"2017-06-17T14:22:59","modified_gmt":"2017-06-17T12:22:59","slug":"o-nas","status":"publish","type":"page","link":"https:\/\/twoeco.sk\/tr\/o-nas\/","title":{"rendered":"O n\u00e1s"},"content":{"rendered":"<div class=\"main-third\">\n<h2>Bizim uzmanl\u0131k alan\u0131m\u0131z su musluklar\u0131ndan suyun ekolojik ar\u0131t\u0131m\u0131d\u0131r.<\/h2>\n<p>S\u0131radan suyu iyonize ve polarize ediyoruz. Bu \u015fekilde ar\u0131nd\u0131rmayla musluklar\u0131n\u0131zdan yumu\u015fak su \u00f6zellikli sert su kombinasyonunda \u00e7ok kaliteli su akar. Bu, su kirecinden ar\u0131nd\u0131r\u0131lm\u0131\u015f ve yeniden olu\u015fumuna m\u00fcsaade edilmeyen bir sudur. Bu i\u015flem kimyasallar kullan\u0131lmadan yap\u0131l\u0131r.<\/p>\n<\/div>\n<div class=\"main-third\">\n<p><img loading=\"lazy\" decoding=\"async\" class=\"alignnone size-full wp-image-1131\" src=\"https:\/\/twoeco.sk\/wp-content\/uploads\/2017\/02\/Jurec.jpg\" alt=\"\" width=\"215\" height=\"239\" srcset=\"https:\/\/twoeco.sk\/wp-content\/uploads\/2017\/02\/Jurec.jpg 215w, https:\/\/twoeco.sk\/wp-content\/uploads\/2017\/02\/Jurec-112x125.jpg 112w, https:\/\/twoeco.sk\/wp-content\/uploads\/2017\/02\/Jurec-67x75.jpg 67w\" sizes=\"(max-width: 215px) 100vw, 215px\" \/><\/p>\n<h2>Ladislav Jurec, yazar<\/h2>\n<p>\u00dcr\u00fcnlerimiz sadece fizik kanunlar\u0131 temelindedir. Tasar\u0131mc\u0131s\u0131 yat\u0131r\u0131mc\u0131 ve ara\u015ft\u0131rmac\u0131 olan Slovak Ladislav Jurec tir.<\/p>\n<p>Sertifikal\u0131 \u00fcr\u00fcnlerimiz Slovakya\u2019da \u00fcretilmi\u015ftir. Slovak firmas\u0131 olarak b\u00fcy\u00fcmekteyiz. Ge\u00e7en y\u0131lda \u00e7al\u0131\u015fanlar\u0131m\u0131z artt\u0131 ve bir\u00e7ok \u015feyi yeniledik. \u201eSuyun ekolojik ar\u0131t\u0131m\u0131\u201c d\u00fc\u015f\u00fcncemize kat\u0131lmak isteyen yetenekli kadrolar ve partnerler ar\u0131yoruz. \u0130lgilendi\u011finiz taktirde l\u00fctfen bizimle temasa ge\u00e7iniz.<\/p>\n<\/div>\n","protected":false},"excerpt":{"rendered":"<p>Bizim uzmanl\u0131k alan\u0131m\u0131z su musluklar\u0131ndan suyun ekolojik ar\u0131t\u0131m\u0131d\u0131r. S\u0131radan suyu iyonize ve polarize ediyoruz. Bu \u015fekilde ar\u0131nd\u0131rmayla musluklar\u0131n\u0131zdan yumu\u015fak su \u00f6zellikli sert su kombinasyonunda \u00e7ok kaliteli su akar. Bu, su kirecinden ar\u0131nd\u0131r\u0131lm\u0131\u015f ve yeniden olu\u015fumuna m\u00fcsaade edilmeyen bir sudur. Bu i\u015flem kimyasallar kullan\u0131lmadan yap\u0131l\u0131r. Ladislav Jurec, yazar \u00dcr\u00fcnlerimiz sadece fizik kanunlar\u0131 temelindedir. Tasar\u0131mc\u0131s\u0131 yat\u0131r\u0131mc\u0131 ve&hellip;<\/p>\n","protected":false},"author":3,"featured_media":0,"parent":0,"menu_order":0,"comment_status":"closed","ping_status":"closed","template":"","meta":{"_acf_changed":false,"footnotes":""},"class_list":["post-1954","page","type-page","status-publish","hentry"],"acf":[],"yoast_head":"<!-- This site is optimized with the Yoast SEO plugin v23.6 - https:\/\/yoast.com\/wordpress\/plugins\/seo\/ -->\n<title>O n\u00e1s - Two Eco<\/title>\n<meta name=\"robots\" content=\"index, follow, max-snippet:-1, max-image-preview:large, max-video-preview:-1\" \/>\n<link rel=\"canonical\" href=\"https:\/\/twoeco.sk\/o-nas\/\" \/>\n<meta property=\"og:locale\" content=\"tr_TR\" \/>\n<meta property=\"og:type\" content=\"article\" \/>\n<meta property=\"og:title\" content=\"O n\u00e1s - Two Eco\" \/>\n<meta property=\"og:description\" content=\"Bizim uzmanl\u0131k alan\u0131m\u0131z su musluklar\u0131ndan suyun ekolojik ar\u0131t\u0131m\u0131d\u0131r. S\u0131radan suyu iyonize ve polarize ediyoruz. Bu \u015fekilde ar\u0131nd\u0131rmayla musluklar\u0131n\u0131zdan yumu\u015fak su \u00f6zellikli sert su kombinasyonunda \u00e7ok kaliteli su akar. Bu, su kirecinden ar\u0131nd\u0131r\u0131lm\u0131\u015f ve yeniden olu\u015fumuna m\u00fcsaade edilmeyen bir sudur. Bu i\u015flem kimyasallar kullan\u0131lmadan yap\u0131l\u0131r. Ladislav Jurec, yazar \u00dcr\u00fcnlerimiz sadece fizik kanunlar\u0131 temelindedir. Tasar\u0131mc\u0131s\u0131 yat\u0131r\u0131mc\u0131 ve&hellip;\" \/>\n<meta property=\"og:url\" content=\"https:\/\/twoeco.sk\/o-nas\/\" \/>\n<meta property=\"og:site_name\" content=\"Two Eco\" \/>\n<meta property=\"article:publisher\" content=\"https:\/\/www.facebook.com\/Ionimax-1357153714295887\/\" \/>\n<meta property=\"article:modified_time\" content=\"2017-06-17T12:22:59+00:00\" \/>\n<meta property=\"og:image\" content=\"https:\/\/twoeco.sk\/wp-content\/uploads\/2017\/02\/Jurec.jpg\" \/>\n\t<meta property=\"og:image:width\" content=\"215\" \/>\n\t<meta property=\"og:image:height\" content=\"239\" \/>\n\t<meta property=\"og:image:type\" content=\"image\/jpeg\" \/>\n<meta name=\"twitter:card\" content=\"summary_large_image\" \/>\n<meta name=\"twitter:label1\" content=\"Tahmini okuma s\u00fcresi\" \/>\n\t<meta name=\"twitter:data1\" content=\"1 dakika\" \/>\n<script type=\"application\/ld+json\" class=\"yoast-schema-graph\">{\"@context\":\"https:\/\/schema.org\",\"@graph\":[{\"@type\":\"WebPage\",\"@id\":\"https:\/\/twoeco.sk\/o-nas\/\",\"url\":\"https:\/\/twoeco.sk\/o-nas\/\",\"name\":\"O n\u00e1s - Two Eco\",\"isPartOf\":{\"@id\":\"https:\/\/twoeco.sk\/#website\"},\"primaryImageOfPage\":{\"@id\":\"https:\/\/twoeco.sk\/o-nas\/#primaryimage\"},\"image\":{\"@id\":\"https:\/\/twoeco.sk\/o-nas\/#primaryimage\"},\"thumbnailUrl\":\"https:\/\/twoeco.sk\/wp-content\/uploads\/2017\/02\/Jurec.jpg\",\"datePublished\":\"2017-02-19T11:45:03+00:00\",\"dateModified\":\"2017-06-17T12:22:59+00:00\",\"breadcrumb\":{\"@id\":\"https:\/\/twoeco.sk\/o-nas\/#breadcrumb\"},\"inLanguage\":\"tr\",\"potentialAction\":[{\"@type\":\"ReadAction\",\"target\":[\"https:\/\/twoeco.sk\/o-nas\/\"]}]},{\"@type\":\"ImageObject\",\"inLanguage\":\"tr\",\"@id\":\"https:\/\/twoeco.sk\/o-nas\/#primaryimage\",\"url\":\"https:\/\/twoeco.sk\/wp-content\/uploads\/2017\/02\/Jurec.jpg\",\"contentUrl\":\"https:\/\/twoeco.sk\/wp-content\/uploads\/2017\/02\/Jurec.jpg\"},{\"@type\":\"BreadcrumbList\",\"@id\":\"https:\/\/twoeco.sk\/o-nas\/#breadcrumb\",\"itemListElement\":[{\"@type\":\"ListItem\",\"position\":1,\"name\":\"Home\",\"item\":\"https:\/\/twoeco.sk\/\"},{\"@type\":\"ListItem\",\"position\":2,\"name\":\"O n\u00e1s\"}]},{\"@type\":\"WebSite\",\"@id\":\"https:\/\/twoeco.sk\/#website\",\"url\":\"https:\/\/twoeco.sk\/\",\"name\":\"Two Eco\",\"description\":\"Viac ako \u010dist\u00e1 voda\",\"publisher\":{\"@id\":\"https:\/\/twoeco.sk\/#organization\"},\"potentialAction\":[{\"@type\":\"SearchAction\",\"target\":{\"@type\":\"EntryPoint\",\"urlTemplate\":\"https:\/\/twoeco.sk\/?s={search_term_string}\"},\"query-input\":{\"@type\":\"PropertyValueSpecification\",\"valueRequired\":true,\"valueName\":\"search_term_string\"}}],\"inLanguage\":\"tr\"},{\"@type\":\"Organization\",\"@id\":\"https:\/\/twoeco.sk\/#organization\",\"name\":\"Two ECO, s.r.o.\",\"url\":\"https:\/\/twoeco.sk\/\",\"logo\":{\"@type\":\"ImageObject\",\"inLanguage\":\"tr\",\"@id\":\"https:\/\/twoeco.sk\/#\/schema\/logo\/image\/\",\"url\":\"https:\/\/twoeco.sk\/wp-content\/uploads\/2016\/05\/logo-two-eco-farba.png\",\"contentUrl\":\"https:\/\/twoeco.sk\/wp-content\/uploads\/2016\/05\/logo-two-eco-farba.png\",\"width\":318,\"height\":74,\"caption\":\"Two ECO, s.r.o.\"},\"image\":{\"@id\":\"https:\/\/twoeco.sk\/#\/schema\/logo\/image\/\"},\"sameAs\":[\"https:\/\/www.facebook.com\/Ionimax-1357153714295887\/\"]}]}<\/script>\n<!-- \/ Yoast SEO plugin. -->","yoast_head_json":{"title":"O n\u00e1s - Two Eco","robots":{"index":"index","follow":"follow","max-snippet":"max-snippet:-1","max-image-preview":"max-image-preview:large","max-video-preview":"max-video-preview:-1"},"canonical":"https:\/\/twoeco.sk\/o-nas\/","og_locale":"tr_TR","og_type":"article","og_title":"O n\u00e1s - Two Eco","og_description":"Bizim uzmanl\u0131k alan\u0131m\u0131z su musluklar\u0131ndan suyun ekolojik ar\u0131t\u0131m\u0131d\u0131r. S\u0131radan suyu iyonize ve polarize ediyoruz. Bu \u015fekilde ar\u0131nd\u0131rmayla musluklar\u0131n\u0131zdan yumu\u015fak su \u00f6zellikli sert su kombinasyonunda \u00e7ok kaliteli su akar. Bu, su kirecinden ar\u0131nd\u0131r\u0131lm\u0131\u015f ve yeniden olu\u015fumuna m\u00fcsaade edilmeyen bir sudur. Bu i\u015flem kimyasallar kullan\u0131lmadan yap\u0131l\u0131r. Ladislav Jurec, yazar \u00dcr\u00fcnlerimiz sadece fizik kanunlar\u0131 temelindedir. Tasar\u0131mc\u0131s\u0131 yat\u0131r\u0131mc\u0131 ve&hellip;","og_url":"https:\/\/twoeco.sk\/o-nas\/","og_site_name":"Two Eco","article_publisher":"https:\/\/www.facebook.com\/Ionimax-1357153714295887\/","article_modified_time":"2017-06-17T12:22:59+00:00","og_image":[{"width":215,"height":239,"url":"https:\/\/twoeco.sk\/wp-content\/uploads\/2017\/02\/Jurec.jpg","type":"image\/jpeg"}],"twitter_card":"summary_large_image","twitter_misc":{"Tahmini okuma s\u00fcresi":"1 dakika"},"schema":{"@context":"https:\/\/schema.org","@graph":[{"@type":"WebPage","@id":"https:\/\/twoeco.sk\/o-nas\/","url":"https:\/\/twoeco.sk\/o-nas\/","name":"O n\u00e1s - Two Eco","isPartOf":{"@id":"https:\/\/twoeco.sk\/#website"},"primaryImageOfPage":{"@id":"https:\/\/twoeco.sk\/o-nas\/#primaryimage"},"image":{"@id":"https:\/\/twoeco.sk\/o-nas\/#primaryimage"},"thumbnailUrl":"https:\/\/twoeco.sk\/wp-content\/uploads\/2017\/02\/Jurec.jpg","datePublished":"2017-02-19T11:45:03+00:00","dateModified":"2017-06-17T12:22:59+00:00","breadcrumb":{"@id":"https:\/\/twoeco.sk\/o-nas\/#breadcrumb"},"inLanguage":"tr","potentialAction":[{"@type":"ReadAction","target":["https:\/\/twoeco.sk\/o-nas\/"]}]},{"@type":"ImageObject","inLanguage":"tr","@id":"https:\/\/twoeco.sk\/o-nas\/#primaryimage","url":"https:\/\/twoeco.sk\/wp-content\/uploads\/2017\/02\/Jurec.jpg","contentUrl":"https:\/\/twoeco.sk\/wp-content\/uploads\/2017\/02\/Jurec.jpg"},{"@type":"BreadcrumbList","@id":"https:\/\/twoeco.sk\/o-nas\/#breadcrumb","itemListElement":[{"@type":"ListItem","position":1,"name":"Home","item":"https:\/\/twoeco.sk\/"},{"@type":"ListItem","position":2,"name":"O n\u00e1s"}]},{"@type":"WebSite","@id":"https:\/\/twoeco.sk\/#website","url":"https:\/\/twoeco.sk\/","name":"Two Eco","description":"Viac ako \u010dist\u00e1 voda","publisher":{"@id":"https:\/\/twoeco.sk\/#organization"},"potentialAction":[{"@type":"SearchAction","target":{"@type":"EntryPoint","urlTemplate":"https:\/\/twoeco.sk\/?s={search_term_string}"},"query-input":{"@type":"PropertyValueSpecification","valueRequired":true,"valueName":"search_term_string"}}],"inLanguage":"tr"},{"@type":"Organization","@id":"https:\/\/twoeco.sk\/#organization","name":"Two ECO, s.r.o.","url":"https:\/\/twoeco.sk\/","logo":{"@type":"ImageObject","inLanguage":"tr","@id":"https:\/\/twoeco.sk\/#\/schema\/logo\/image\/","url":"https:\/\/twoeco.sk\/wp-content\/uploads\/2016\/05\/logo-two-eco-farba.png","contentUrl":"https:\/\/twoeco.sk\/wp-content\/uploads\/2016\/05\/logo-two-eco-farba.png","width":318,"height":74,"caption":"Two ECO, s.r.o."},"image":{"@id":"https:\/\/twoeco.sk\/#\/schema\/logo\/image\/"},"sameAs":["https:\/\/www.facebook.com\/Ionimax-1357153714295887\/"]}]}},"_links":{"self":[{"href":"https:\/\/twoeco.sk\/tr\/wp-json\/wp\/v2\/pages\/1954"}],"collection":[{"href":"https:\/\/twoeco.sk\/tr\/wp-json\/wp\/v2\/pages"}],"about":[{"href":"https:\/\/twoeco.sk\/tr\/wp-json\/wp\/v2\/types\/page"}],"author":[{"embeddable":true,"href":"https:\/\/twoeco.sk\/tr\/wp-json\/wp\/v2\/users\/3"}],"replies":[{"embeddable":true,"href":"https:\/\/twoeco.sk\/tr\/wp-json\/wp\/v2\/comments?post=1954"}],"version-history":[{"count":1,"href":"https:\/\/twoeco.sk\/tr\/wp-json\/wp\/v2\/pages\/1954\/revisions"}],"predecessor-version":[{"id":1955,"href":"https:\/\/twoeco.sk\/tr\/wp-json\/wp\/v2\/pages\/1954\/revisions\/1955"}],"wp:attachment":[{"href":"https:\/\/twoeco.sk\/tr\/wp-json\/wp\/v2\/media?parent=1954"}],"curies":[{"name":"wp","href":"https:\/\/api.w.org\/{rel}","templated":true}]}}