{"id":1995,"date":"2017-02-16T09:49:00","date_gmt":"2017-02-16T08:49:00","guid":{"rendered":"https:\/\/twoeco.sk\/vodny-kamen\/"},"modified":"2017-06-17T18:08:50","modified_gmt":"2017-06-17T16:08:50","slug":"vodny-kamen","status":"publish","type":"page","link":"https:\/\/twoeco.sk\/tr\/vodny-kamen\/","title":{"rendered":"Vodn\u00fd kame\u0148"},"content":{"rendered":"<div class=\"wpb-content-wrapper\"><p>[vc_row][vc_column][lab_heading title=&#8221;Su kire\u00e7lenmesi&#8221; el_class=&#8221;title&#8221; css=&#8221;.vc_custom_1497715705480{padding-top: 50px !important;}&#8221;][\/lab_heading][vc_column_text]<strong>Borular\u0131n\u0131zda kire\u00e7lenme mi var?<\/strong><\/p>\n<p><strong>Cihazlar\u0131n\u0131z\u0131 ona kar\u015f\u0131 korumak istermisiniz?<\/strong><\/p>\n<p><strong>Bembeyaz y\u0131kanm\u0131\u015f \u00e7ama\u015f\u0131rlar istiyorsunuz ama bu sert suda olmuyor mu?<\/strong><\/p>\n<p><strong>Kimyasal yumu\u015fat\u0131c\u0131lar\u0131 kullanmak istemiyormusunuz?<\/strong><\/p>\n<p><strong>Mutfakta ve banyoda art\u0131k kire\u00e7lenmeleri kaz\u0131mak istemiyormusunuz?<\/strong>[\/vc_column_text][vc_separator style=&#8221;dotted&#8221; border_width=&#8221;2&#8243;][vc_row_inner][vc_column_inner][vc_column_text]<\/p>\n<p class=\"p1\"><b><img loading=\"lazy\" decoding=\"async\" class=\" wp-image-894 alignleft\" src=\"https:\/\/twoeco.sk\/wp-content\/uploads\/2017\/02\/shutterstock_218515030-min-300x200.jpg\" alt=\"\" width=\"387\" height=\"258\" srcset=\"https:\/\/twoeco.sk\/wp-content\/uploads\/2017\/02\/shutterstock_218515030-min-300x200.jpg 300w, https:\/\/twoeco.sk\/wp-content\/uploads\/2017\/02\/shutterstock_218515030-min-768x512.jpg 768w, https:\/\/twoeco.sk\/wp-content\/uploads\/2017\/02\/shutterstock_218515030-min-1024x683.jpg 1024w, https:\/\/twoeco.sk\/wp-content\/uploads\/2017\/02\/shutterstock_218515030-min-1612x1075.jpg 1612w, https:\/\/twoeco.sk\/wp-content\/uploads\/2017\/02\/shutterstock_218515030-min-1116x744.jpg 1116w, https:\/\/twoeco.sk\/wp-content\/uploads\/2017\/02\/shutterstock_218515030-min-806x537.jpg 806w, https:\/\/twoeco.sk\/wp-content\/uploads\/2017\/02\/shutterstock_218515030-min-558x372.jpg 558w, https:\/\/twoeco.sk\/wp-content\/uploads\/2017\/02\/shutterstock_218515030-min-655x437.jpg 655w\" sizes=\"(max-width: 387px) 100vw, 387px\" \/><\/b><\/p>\n<p><strong>Su kireci ve sert sudan gereksiz kimyasallar kullanmadan kurtulun. Cihaz\u0131m\u0131z ionimaxla bilimin en yeni bulgular\u0131n\u0131 ve suyun iyon polarizasyonunu kullan\u0131n.<\/strong><\/p>\n<p>\u0130onimax su ar\u0131t\u0131lmas\u0131nda e\u015fsiz bir sistemdir, k\u0131saca su kirecini da\u011f\u0131tan, suya canl\u0131l\u0131k, sa\u011fl\u0131k, temizlik veren, cebinize tasarruf yapt\u0131ran, cihazlar\u0131n\u0131z\u0131 tasarruflu kullanan, do\u011faya sayg\u0131l\u0131 \u201ct\u00fcpt\u00fcr\u201d. Kullan\u0131c\u0131, bak\u0131m, elektrik ak\u0131m\u0131, kimyasallar olmadan \u00e7al\u0131\u015f\u0131r. \u0130onimax\u00a0 engel yaratmaz, evinizin dizayn\u0131n\u0131 bozmaz.\u00a0Su, t\u00fcm besleyici maddeleri ve mineralleri muhafaza eder, kaliteli su i\u00e7me rejiminiz garantidedir.<\/p>\n<p><strong>Su kireci a\u015famal\u0131 olarak kaybolur ve yenisi de olu\u015fmaz.<\/strong>[\/vc_column_text][\/vc_column_inner][\/vc_row_inner][\/vc_column][\/vc_row]<\/p>\n<\/div>","protected":false},"excerpt":{"rendered":"<p>[vc_row][vc_column][lab_heading title=&#8221;Su kire\u00e7lenmesi&#8221; el_class=&#8221;title&#8221; css=&#8221;.vc_custom_1497715705480{padding-top: 50px !important;}&#8221;][\/lab_heading][vc_column_text]Borular\u0131n\u0131zda kire\u00e7lenme mi var? Cihazlar\u0131n\u0131z\u0131 ona kar\u015f\u0131 korumak istermisiniz? Bembeyaz y\u0131kanm\u0131\u015f \u00e7ama\u015f\u0131rlar istiyorsunuz ama bu sert suda olmuyor mu? Kimyasal yumu\u015fat\u0131c\u0131lar\u0131 kullanmak istemiyormusunuz? Mutfakta ve banyoda art\u0131k kire\u00e7lenmeleri kaz\u0131mak istemiyormusunuz?[\/vc_column_text][vc_separator style=&#8221;dotted&#8221; border_width=&#8221;2&#8243;][vc_row_inner][vc_column_inner][vc_column_text] Su kireci ve sert sudan gereksiz kimyasallar kullanmadan kurtulun. Cihaz\u0131m\u0131z ionimaxla bilimin en yeni bulgular\u0131n\u0131 ve suyun&hellip;<\/p>\n","protected":false},"author":3,"featured_media":0,"parent":0,"menu_order":0,"comment_status":"closed","ping_status":"closed","template":"","meta":{"_acf_changed":false,"footnotes":""},"class_list":["post-1995","page","type-page","status-publish","hentry"],"acf":[],"yoast_head":"<!-- This site is optimized with the Yoast SEO plugin v23.6 - https:\/\/yoast.com\/wordpress\/plugins\/seo\/ -->\n<title>Vodn\u00fd kame\u0148 - Two Eco<\/title>\n<meta name=\"robots\" content=\"index, follow, max-snippet:-1, max-image-preview:large, max-video-preview:-1\" \/>\n<link rel=\"canonical\" href=\"https:\/\/twoeco.sk\/vodny-kamen\/\" \/>\n<meta property=\"og:locale\" content=\"tr_TR\" \/>\n<meta property=\"og:type\" content=\"article\" \/>\n<meta property=\"og:title\" content=\"Vodn\u00fd kame\u0148 - Two Eco\" \/>\n<meta property=\"og:description\" content=\"[vc_row][vc_column][lab_heading title=&#8221;Su kire\u00e7lenmesi&#8221; el_class=&#8221;title&#8221; css=&#8221;.vc_custom_1497715705480{padding-top: 50px !important;}&#8221;][\/lab_heading][vc_column_text]Borular\u0131n\u0131zda kire\u00e7lenme mi var? Cihazlar\u0131n\u0131z\u0131 ona kar\u015f\u0131 korumak istermisiniz? Bembeyaz y\u0131kanm\u0131\u015f \u00e7ama\u015f\u0131rlar istiyorsunuz ama bu sert suda olmuyor mu? Kimyasal yumu\u015fat\u0131c\u0131lar\u0131 kullanmak istemiyormusunuz? Mutfakta ve banyoda art\u0131k kire\u00e7lenmeleri kaz\u0131mak istemiyormusunuz?[\/vc_column_text][vc_separator style=&#8221;dotted&#8221; border_width=&#8221;2&#8243;][vc_row_inner][vc_column_inner][vc_column_text] Su kireci ve sert sudan gereksiz kimyasallar kullanmadan kurtulun. Cihaz\u0131m\u0131z ionimaxla bilimin en yeni bulgular\u0131n\u0131 ve suyun&hellip;\" \/>\n<meta property=\"og:url\" content=\"https:\/\/twoeco.sk\/vodny-kamen\/\" \/>\n<meta property=\"og:site_name\" content=\"Two Eco\" \/>\n<meta property=\"article:publisher\" content=\"https:\/\/www.facebook.com\/Ionimax-1357153714295887\/\" \/>\n<meta property=\"article:modified_time\" content=\"2017-06-17T16:08:50+00:00\" \/>\n<meta property=\"og:image\" content=\"https:\/\/twoeco.sk\/wp-content\/uploads\/2017\/02\/shutterstock_218515030-min.jpg\" \/>\n\t<meta property=\"og:image:width\" content=\"5472\" \/>\n\t<meta property=\"og:image:height\" content=\"3648\" \/>\n\t<meta property=\"og:image:type\" content=\"image\/jpeg\" \/>\n<meta name=\"twitter:card\" content=\"summary_large_image\" \/>\n<meta name=\"twitter:label1\" content=\"Tahmini okuma s\u00fcresi\" \/>\n\t<meta name=\"twitter:data1\" content=\"1 dakika\" \/>\n<script type=\"application\/ld+json\" class=\"yoast-schema-graph\">{\"@context\":\"https:\/\/schema.org\",\"@graph\":[{\"@type\":\"WebPage\",\"@id\":\"https:\/\/twoeco.sk\/vodny-kamen\/\",\"url\":\"https:\/\/twoeco.sk\/vodny-kamen\/\",\"name\":\"Vodn\u00fd kame\u0148 - Two Eco\",\"isPartOf\":{\"@id\":\"https:\/\/twoeco.sk\/#website\"},\"primaryImageOfPage\":{\"@id\":\"https:\/\/twoeco.sk\/vodny-kamen\/#primaryimage\"},\"image\":{\"@id\":\"https:\/\/twoeco.sk\/vodny-kamen\/#primaryimage\"},\"thumbnailUrl\":\"https:\/\/twoeco.sk\/wp-content\/uploads\/2017\/02\/shutterstock_218515030-min-300x200.jpg\",\"datePublished\":\"2017-02-16T08:49:00+00:00\",\"dateModified\":\"2017-06-17T16:08:50+00:00\",\"breadcrumb\":{\"@id\":\"https:\/\/twoeco.sk\/vodny-kamen\/#breadcrumb\"},\"inLanguage\":\"tr\",\"potentialAction\":[{\"@type\":\"ReadAction\",\"target\":[\"https:\/\/twoeco.sk\/vodny-kamen\/\"]}]},{\"@type\":\"ImageObject\",\"inLanguage\":\"tr\",\"@id\":\"https:\/\/twoeco.sk\/vodny-kamen\/#primaryimage\",\"url\":\"https:\/\/twoeco.sk\/wp-content\/uploads\/2017\/02\/shutterstock_218515030-min-300x200.jpg\",\"contentUrl\":\"https:\/\/twoeco.sk\/wp-content\/uploads\/2017\/02\/shutterstock_218515030-min-300x200.jpg\"},{\"@type\":\"BreadcrumbList\",\"@id\":\"https:\/\/twoeco.sk\/vodny-kamen\/#breadcrumb\",\"itemListElement\":[{\"@type\":\"ListItem\",\"position\":1,\"name\":\"Home\",\"item\":\"https:\/\/twoeco.sk\/\"},{\"@type\":\"ListItem\",\"position\":2,\"name\":\"Vodn\u00fd kame\u0148\"}]},{\"@type\":\"WebSite\",\"@id\":\"https:\/\/twoeco.sk\/#website\",\"url\":\"https:\/\/twoeco.sk\/\",\"name\":\"Two Eco\",\"description\":\"Viac ako \u010dist\u00e1 voda\",\"publisher\":{\"@id\":\"https:\/\/twoeco.sk\/#organization\"},\"potentialAction\":[{\"@type\":\"SearchAction\",\"target\":{\"@type\":\"EntryPoint\",\"urlTemplate\":\"https:\/\/twoeco.sk\/?s={search_term_string}\"},\"query-input\":{\"@type\":\"PropertyValueSpecification\",\"valueRequired\":true,\"valueName\":\"search_term_string\"}}],\"inLanguage\":\"tr\"},{\"@type\":\"Organization\",\"@id\":\"https:\/\/twoeco.sk\/#organization\",\"name\":\"Two ECO, s.r.o.\",\"url\":\"https:\/\/twoeco.sk\/\",\"logo\":{\"@type\":\"ImageObject\",\"inLanguage\":\"tr\",\"@id\":\"https:\/\/twoeco.sk\/#\/schema\/logo\/image\/\",\"url\":\"https:\/\/twoeco.sk\/wp-content\/uploads\/2016\/05\/logo-two-eco-farba.png\",\"contentUrl\":\"https:\/\/twoeco.sk\/wp-content\/uploads\/2016\/05\/logo-two-eco-farba.png\",\"width\":318,\"height\":74,\"caption\":\"Two ECO, s.r.o.\"},\"image\":{\"@id\":\"https:\/\/twoeco.sk\/#\/schema\/logo\/image\/\"},\"sameAs\":[\"https:\/\/www.facebook.com\/Ionimax-1357153714295887\/\"]}]}<\/script>\n<!-- \/ Yoast SEO plugin. -->","yoast_head_json":{"title":"Vodn\u00fd kame\u0148 - Two Eco","robots":{"index":"index","follow":"follow","max-snippet":"max-snippet:-1","max-image-preview":"max-image-preview:large","max-video-preview":"max-video-preview:-1"},"canonical":"https:\/\/twoeco.sk\/vodny-kamen\/","og_locale":"tr_TR","og_type":"article","og_title":"Vodn\u00fd kame\u0148 - Two Eco","og_description":"[vc_row][vc_column][lab_heading title=&#8221;Su kire\u00e7lenmesi&#8221; el_class=&#8221;title&#8221; css=&#8221;.vc_custom_1497715705480{padding-top: 50px !important;}&#8221;][\/lab_heading][vc_column_text]Borular\u0131n\u0131zda kire\u00e7lenme mi var? Cihazlar\u0131n\u0131z\u0131 ona kar\u015f\u0131 korumak istermisiniz? Bembeyaz y\u0131kanm\u0131\u015f \u00e7ama\u015f\u0131rlar istiyorsunuz ama bu sert suda olmuyor mu? Kimyasal yumu\u015fat\u0131c\u0131lar\u0131 kullanmak istemiyormusunuz? Mutfakta ve banyoda art\u0131k kire\u00e7lenmeleri kaz\u0131mak istemiyormusunuz?[\/vc_column_text][vc_separator style=&#8221;dotted&#8221; border_width=&#8221;2&#8243;][vc_row_inner][vc_column_inner][vc_column_text] Su kireci ve sert sudan gereksiz kimyasallar kullanmadan kurtulun. Cihaz\u0131m\u0131z ionimaxla bilimin en yeni bulgular\u0131n\u0131 ve suyun&hellip;","og_url":"https:\/\/twoeco.sk\/vodny-kamen\/","og_site_name":"Two Eco","article_publisher":"https:\/\/www.facebook.com\/Ionimax-1357153714295887\/","article_modified_time":"2017-06-17T16:08:50+00:00","og_image":[{"width":5472,"height":3648,"url":"https:\/\/twoeco.sk\/wp-content\/uploads\/2017\/02\/shutterstock_218515030-min.jpg","type":"image\/jpeg"}],"twitter_card":"summary_large_image","twitter_misc":{"Tahmini okuma s\u00fcresi":"1 dakika"},"schema":{"@context":"https:\/\/schema.org","@graph":[{"@type":"WebPage","@id":"https:\/\/twoeco.sk\/vodny-kamen\/","url":"https:\/\/twoeco.sk\/vodny-kamen\/","name":"Vodn\u00fd kame\u0148 - Two Eco","isPartOf":{"@id":"https:\/\/twoeco.sk\/#website"},"primaryImageOfPage":{"@id":"https:\/\/twoeco.sk\/vodny-kamen\/#primaryimage"},"image":{"@id":"https:\/\/twoeco.sk\/vodny-kamen\/#primaryimage"},"thumbnailUrl":"https:\/\/twoeco.sk\/wp-content\/uploads\/2017\/02\/shutterstock_218515030-min-300x200.jpg","datePublished":"2017-02-16T08:49:00+00:00","dateModified":"2017-06-17T16:08:50+00:00","breadcrumb":{"@id":"https:\/\/twoeco.sk\/vodny-kamen\/#breadcrumb"},"inLanguage":"tr","potentialAction":[{"@type":"ReadAction","target":["https:\/\/twoeco.sk\/vodny-kamen\/"]}]},{"@type":"ImageObject","inLanguage":"tr","@id":"https:\/\/twoeco.sk\/vodny-kamen\/#primaryimage","url":"https:\/\/twoeco.sk\/wp-content\/uploads\/2017\/02\/shutterstock_218515030-min-300x200.jpg","contentUrl":"https:\/\/twoeco.sk\/wp-content\/uploads\/2017\/02\/shutterstock_218515030-min-300x200.jpg"},{"@type":"BreadcrumbList","@id":"https:\/\/twoeco.sk\/vodny-kamen\/#breadcrumb","itemListElement":[{"@type":"ListItem","position":1,"name":"Home","item":"https:\/\/twoeco.sk\/"},{"@type":"ListItem","position":2,"name":"Vodn\u00fd kame\u0148"}]},{"@type":"WebSite","@id":"https:\/\/twoeco.sk\/#website","url":"https:\/\/twoeco.sk\/","name":"Two Eco","description":"Viac ako \u010dist\u00e1 voda","publisher":{"@id":"https:\/\/twoeco.sk\/#organization"},"potentialAction":[{"@type":"SearchAction","target":{"@type":"EntryPoint","urlTemplate":"https:\/\/twoeco.sk\/?s={search_term_string}"},"query-input":{"@type":"PropertyValueSpecification","valueRequired":true,"valueName":"search_term_string"}}],"inLanguage":"tr"},{"@type":"Organization","@id":"https:\/\/twoeco.sk\/#organization","name":"Two ECO, s.r.o.","url":"https:\/\/twoeco.sk\/","logo":{"@type":"ImageObject","inLanguage":"tr","@id":"https:\/\/twoeco.sk\/#\/schema\/logo\/image\/","url":"https:\/\/twoeco.sk\/wp-content\/uploads\/2016\/05\/logo-two-eco-farba.png","contentUrl":"https:\/\/twoeco.sk\/wp-content\/uploads\/2016\/05\/logo-two-eco-farba.png","width":318,"height":74,"caption":"Two ECO, s.r.o."},"image":{"@id":"https:\/\/twoeco.sk\/#\/schema\/logo\/image\/"},"sameAs":["https:\/\/www.facebook.com\/Ionimax-1357153714295887\/"]}]}},"_links":{"self":[{"href":"https:\/\/twoeco.sk\/tr\/wp-json\/wp\/v2\/pages\/1995"}],"collection":[{"href":"https:\/\/twoeco.sk\/tr\/wp-json\/wp\/v2\/pages"}],"about":[{"href":"https:\/\/twoeco.sk\/tr\/wp-json\/wp\/v2\/types\/page"}],"author":[{"embeddable":true,"href":"https:\/\/twoeco.sk\/tr\/wp-json\/wp\/v2\/users\/3"}],"replies":[{"embeddable":true,"href":"https:\/\/twoeco.sk\/tr\/wp-json\/wp\/v2\/comments?post=1995"}],"version-history":[{"count":3,"href":"https:\/\/twoeco.sk\/tr\/wp-json\/wp\/v2\/pages\/1995\/revisions"}],"predecessor-version":[{"id":1999,"href":"https:\/\/twoeco.sk\/tr\/wp-json\/wp\/v2\/pages\/1995\/revisions\/1999"}],"wp:attachment":[{"href":"https:\/\/twoeco.sk\/tr\/wp-json\/wp\/v2\/media?parent=1995"}],"curies":[{"name":"wp","href":"https:\/\/api.w.org\/{rel}","templated":true}]}}