{"id":2094,"date":"2017-03-23T08:52:56","date_gmt":"2017-03-23T07:52:56","guid":{"rendered":"https:\/\/twoeco.sk\/jednoduchsia-udrzba-bez-zbytocnej-chemie\/"},"modified":"2017-08-10T13:03:04","modified_gmt":"2017-08-10T11:03:04","slug":"jednoduchsia-udrzba-bez-zbytocnej-chemie","status":"publish","type":"page","link":"https:\/\/twoeco.sk\/tr\/jednoduchsia-udrzba-bez-zbytocnej-chemie\/","title":{"rendered":"Jednoduch\u0161ia \u00fadr\u017eba bez zbyto\u010dnej ch\u00e9mie"},"content":{"rendered":"<div class=\"wpb-content-wrapper\"><p>[vc_row css=&#8221;.vc_custom_1489102263611{padding-top: 50px !important;}&#8221;][vc_column][vc_row_inner][vc_column_inner][lab_heading title=&#8221;Gereksiz kimyasallarla basit bak\u0131m &#8221; el_class=&#8221;title centered&#8221;]Su kireci yok, ekonomik kullan\u0131m, daha az kimyasal ve daha az alerji<br \/>\n[\/lab_heading][\/vc_column_inner][\/vc_row_inner][vc_row_inner][vc_column_inner][lab_heading title=&#8221;Gereksiz kimyasallarla basit bak\u0131m &#8220;][\/lab_heading][vc_column_text]<\/p>\n<ul>\n<li><strong>Havuz, g\u00f6let ya da f\u0131skiyeniz mi var?<\/strong><\/li>\n<li><strong>Daha az kimyasal m\u0131 kullanmak istiyorsunuz?<\/strong><\/li>\n<li><strong>Borularda, merdivenlerde, havuz diplerinde kire\u00e7lenme sorununuz mu var?<\/strong><\/li>\n<\/ul>\n<p>Ev havuzlar\u0131nda veya g\u00f6letlerinde ge\u00e7irilen g\u00fczel zamanlar\u0131n yerini hi\u00e7 bir \u015fey tutmaz. Kim bundan ho\u015flanmaz ki? Bu ev e\u011flencesi sahiplerine bir\u00e7ok \u00e7aba ve gayrete mal oluyor.<\/p>\n<p>Suyun \u00fczerindeki pisliklerin temizlenmesi, olu\u015fan kire\u00e7lenme, daha sonra yosun ve \u00e7\u00f6keltilerin olu\u015fmas\u0131na sebebiyet veren d\u00fc\u015fen tozlar ve ha\u015feratlar havuz sahiplerinin pek te ho\u015funa gitmeyen \u015feylerdir.<\/p>\n<p>Bunlar\u0131 \u00f6nlemek i\u00e7in sizin en b\u00fcy\u00fck yard\u0131mc\u0131n\u0131z ionimax olacak, onu basit bir \u015fekilde giri\u015f borular\u0131na kurabilir ve bu \u015fekilde t\u00fcm su da\u011f\u0131t\u0131m a\u011f\u0131n\u0131z\u0131n su kire\u00e7lenmesi olu\u015fumunu durdurabilir hatta eski pislikleri de \u00e7\u00f6zerek onlardan kurtulabilirsiniz.<\/p>\n<p>\u0130onimax- ile ar\u0131t\u0131lan yani iyonize edilen su kirece ve di\u011fer minerallere kat\u0131 kristalle\u015fme imkan\u0131 vermez, \u00e7\u00f6kelti haline gelmelerine m\u00fcsaade etmez, kolayca giderilebilir hale gelirler, hem de \u00e7o\u011fu zaman kimyasal madde kullanmaya gerek kalmadan. Basit bir bez yeterli. Bu \u015fekilde borularda istenmeyen bakterilerin \u00e7o\u011falmas\u0131n\u0131 azaltm\u0131\u015f ta olursunuz. \u0130onimax s\u0131cak suda onlar\u0131n \u00e7o\u011falmas\u0131n\u0131 on kat \u00f6nler. \u0130onimax ve iyonize su u\u00e7uculu\u011fu y\u00fcksek olan klorun \u00e7\u00f6z\u00fclmesine de etki eder.<\/p>\n<p>Sahip oldu\u011funuz te\u00e7hizatlar\u0131n\u0131z\u0131n kullan\u0131m \u00f6mr\u00fcn\u00fc uzatabilir, bak\u0131m i\u00e7in daha az \u00e7aba harcayabilir ve baz\u0131 kimyasal maddeleri, yumu\u015fat\u0131c\u0131lar\u0131 kullanmak zorunda kalmay\u0131p onlara kar\u015f\u0131 olan gereksiz alerjilerin \u00f6n\u00fcne ge\u00e7ebilirsiniz.\u00a0<strong>\u0130onimax her havuz i\u00e7in ideal bir \u00fcr\u00fcnd\u00fcr,<\/strong> havuzlar\u0131n kullan\u0131m\u0131n\u0131 basitle\u015ftirir ve verimli hale getirir.\u00a0Cihaz engel yaratmaz, evinizin dizayn\u0131n\u0131 bozmaz.[\/vc_column_text][\/vc_column_inner][\/vc_row_inner][\/vc_column][\/vc_row]<\/p>\n<\/div>","protected":false},"excerpt":{"rendered":"<p>[vc_row css=&#8221;.vc_custom_1489102263611{padding-top: 50px !important;}&#8221;][vc_column][vc_row_inner][vc_column_inner][lab_heading title=&#8221;Gereksiz kimyasallarla basit bak\u0131m &#8221; el_class=&#8221;title centered&#8221;]Su kireci yok, ekonomik kullan\u0131m, daha az kimyasal ve daha az alerji [\/lab_heading][\/vc_column_inner][\/vc_row_inner][vc_row_inner][vc_column_inner][lab_heading title=&#8221;Gereksiz kimyasallarla basit bak\u0131m &#8220;][\/lab_heading][vc_column_text] Havuz, g\u00f6let ya da f\u0131skiyeniz mi var? Daha az kimyasal m\u0131 kullanmak istiyorsunuz? Borularda, merdivenlerde, havuz diplerinde kire\u00e7lenme sorununuz mu var? Ev havuzlar\u0131nda veya g\u00f6letlerinde ge\u00e7irilen g\u00fczel&hellip;<\/p>\n","protected":false},"author":3,"featured_media":0,"parent":0,"menu_order":0,"comment_status":"closed","ping_status":"closed","template":"","meta":{"_acf_changed":false,"footnotes":""},"class_list":["post-2094","page","type-page","status-publish","hentry"],"acf":[],"yoast_head":"<!-- This site is optimized with the Yoast SEO plugin v23.6 - https:\/\/yoast.com\/wordpress\/plugins\/seo\/ -->\n<title>Jednoduch\u0161ia \u00fadr\u017eba bez zbyto\u010dnej ch\u00e9mie - Two Eco<\/title>\n<meta name=\"robots\" content=\"index, follow, max-snippet:-1, max-image-preview:large, max-video-preview:-1\" \/>\n<link rel=\"canonical\" href=\"https:\/\/twoeco.sk\/jednoduchsia-udrzba-bez-zbytocnej-chemie\/\" \/>\n<meta property=\"og:locale\" content=\"tr_TR\" \/>\n<meta property=\"og:type\" content=\"article\" \/>\n<meta property=\"og:title\" content=\"Jednoduch\u0161ia \u00fadr\u017eba bez zbyto\u010dnej ch\u00e9mie - Two Eco\" \/>\n<meta property=\"og:description\" content=\"[vc_row css=&#8221;.vc_custom_1489102263611{padding-top: 50px !important;}&#8221;][vc_column][vc_row_inner][vc_column_inner][lab_heading title=&#8221;Gereksiz kimyasallarla basit bak\u0131m &#8221; el_class=&#8221;title centered&#8221;]Su kireci yok, ekonomik kullan\u0131m, daha az kimyasal ve daha az alerji [\/lab_heading][\/vc_column_inner][\/vc_row_inner][vc_row_inner][vc_column_inner][lab_heading title=&#8221;Gereksiz kimyasallarla basit bak\u0131m &#8220;][\/lab_heading][vc_column_text] Havuz, g\u00f6let ya da f\u0131skiyeniz mi var? Daha az kimyasal m\u0131 kullanmak istiyorsunuz? Borularda, merdivenlerde, havuz diplerinde kire\u00e7lenme sorununuz mu var? Ev havuzlar\u0131nda veya g\u00f6letlerinde ge\u00e7irilen g\u00fczel&hellip;\" \/>\n<meta property=\"og:url\" content=\"https:\/\/twoeco.sk\/jednoduchsia-udrzba-bez-zbytocnej-chemie\/\" \/>\n<meta property=\"og:site_name\" content=\"Two Eco\" \/>\n<meta property=\"article:publisher\" content=\"https:\/\/www.facebook.com\/Ionimax-1357153714295887\/\" \/>\n<meta property=\"article:modified_time\" content=\"2017-08-10T11:03:04+00:00\" \/>\n<meta name=\"twitter:card\" content=\"summary_large_image\" \/>\n<meta name=\"twitter:label1\" content=\"Tahmini okuma s\u00fcresi\" \/>\n\t<meta name=\"twitter:data1\" content=\"2 dakika\" \/>\n<script type=\"application\/ld+json\" class=\"yoast-schema-graph\">{\"@context\":\"https:\/\/schema.org\",\"@graph\":[{\"@type\":\"WebPage\",\"@id\":\"https:\/\/twoeco.sk\/jednoduchsia-udrzba-bez-zbytocnej-chemie\/\",\"url\":\"https:\/\/twoeco.sk\/jednoduchsia-udrzba-bez-zbytocnej-chemie\/\",\"name\":\"Jednoduch\u0161ia \u00fadr\u017eba bez zbyto\u010dnej ch\u00e9mie - Two Eco\",\"isPartOf\":{\"@id\":\"https:\/\/twoeco.sk\/#website\"},\"datePublished\":\"2017-03-23T07:52:56+00:00\",\"dateModified\":\"2017-08-10T11:03:04+00:00\",\"breadcrumb\":{\"@id\":\"https:\/\/twoeco.sk\/jednoduchsia-udrzba-bez-zbytocnej-chemie\/#breadcrumb\"},\"inLanguage\":\"tr\",\"potentialAction\":[{\"@type\":\"ReadAction\",\"target\":[\"https:\/\/twoeco.sk\/jednoduchsia-udrzba-bez-zbytocnej-chemie\/\"]}]},{\"@type\":\"BreadcrumbList\",\"@id\":\"https:\/\/twoeco.sk\/jednoduchsia-udrzba-bez-zbytocnej-chemie\/#breadcrumb\",\"itemListElement\":[{\"@type\":\"ListItem\",\"position\":1,\"name\":\"Home\",\"item\":\"https:\/\/twoeco.sk\/\"},{\"@type\":\"ListItem\",\"position\":2,\"name\":\"Jednoduch\u0161ia \u00fadr\u017eba bez zbyto\u010dnej ch\u00e9mie\"}]},{\"@type\":\"WebSite\",\"@id\":\"https:\/\/twoeco.sk\/#website\",\"url\":\"https:\/\/twoeco.sk\/\",\"name\":\"Two Eco\",\"description\":\"Viac ako \u010dist\u00e1 voda\",\"publisher\":{\"@id\":\"https:\/\/twoeco.sk\/#organization\"},\"potentialAction\":[{\"@type\":\"SearchAction\",\"target\":{\"@type\":\"EntryPoint\",\"urlTemplate\":\"https:\/\/twoeco.sk\/?s={search_term_string}\"},\"query-input\":{\"@type\":\"PropertyValueSpecification\",\"valueRequired\":true,\"valueName\":\"search_term_string\"}}],\"inLanguage\":\"tr\"},{\"@type\":\"Organization\",\"@id\":\"https:\/\/twoeco.sk\/#organization\",\"name\":\"Two ECO, s.r.o.\",\"url\":\"https:\/\/twoeco.sk\/\",\"logo\":{\"@type\":\"ImageObject\",\"inLanguage\":\"tr\",\"@id\":\"https:\/\/twoeco.sk\/#\/schema\/logo\/image\/\",\"url\":\"https:\/\/twoeco.sk\/wp-content\/uploads\/2016\/05\/logo-two-eco-farba.png\",\"contentUrl\":\"https:\/\/twoeco.sk\/wp-content\/uploads\/2016\/05\/logo-two-eco-farba.png\",\"width\":318,\"height\":74,\"caption\":\"Two ECO, s.r.o.\"},\"image\":{\"@id\":\"https:\/\/twoeco.sk\/#\/schema\/logo\/image\/\"},\"sameAs\":[\"https:\/\/www.facebook.com\/Ionimax-1357153714295887\/\"]}]}<\/script>\n<!-- \/ Yoast SEO plugin. -->","yoast_head_json":{"title":"Jednoduch\u0161ia \u00fadr\u017eba bez zbyto\u010dnej ch\u00e9mie - Two Eco","robots":{"index":"index","follow":"follow","max-snippet":"max-snippet:-1","max-image-preview":"max-image-preview:large","max-video-preview":"max-video-preview:-1"},"canonical":"https:\/\/twoeco.sk\/jednoduchsia-udrzba-bez-zbytocnej-chemie\/","og_locale":"tr_TR","og_type":"article","og_title":"Jednoduch\u0161ia \u00fadr\u017eba bez zbyto\u010dnej ch\u00e9mie - Two Eco","og_description":"[vc_row css=&#8221;.vc_custom_1489102263611{padding-top: 50px !important;}&#8221;][vc_column][vc_row_inner][vc_column_inner][lab_heading title=&#8221;Gereksiz kimyasallarla basit bak\u0131m &#8221; el_class=&#8221;title centered&#8221;]Su kireci yok, ekonomik kullan\u0131m, daha az kimyasal ve daha az alerji [\/lab_heading][\/vc_column_inner][\/vc_row_inner][vc_row_inner][vc_column_inner][lab_heading title=&#8221;Gereksiz kimyasallarla basit bak\u0131m &#8220;][\/lab_heading][vc_column_text] Havuz, g\u00f6let ya da f\u0131skiyeniz mi var? Daha az kimyasal m\u0131 kullanmak istiyorsunuz? Borularda, merdivenlerde, havuz diplerinde kire\u00e7lenme sorununuz mu var? Ev havuzlar\u0131nda veya g\u00f6letlerinde ge\u00e7irilen g\u00fczel&hellip;","og_url":"https:\/\/twoeco.sk\/jednoduchsia-udrzba-bez-zbytocnej-chemie\/","og_site_name":"Two Eco","article_publisher":"https:\/\/www.facebook.com\/Ionimax-1357153714295887\/","article_modified_time":"2017-08-10T11:03:04+00:00","twitter_card":"summary_large_image","twitter_misc":{"Tahmini okuma s\u00fcresi":"2 dakika"},"schema":{"@context":"https:\/\/schema.org","@graph":[{"@type":"WebPage","@id":"https:\/\/twoeco.sk\/jednoduchsia-udrzba-bez-zbytocnej-chemie\/","url":"https:\/\/twoeco.sk\/jednoduchsia-udrzba-bez-zbytocnej-chemie\/","name":"Jednoduch\u0161ia \u00fadr\u017eba bez zbyto\u010dnej ch\u00e9mie - Two Eco","isPartOf":{"@id":"https:\/\/twoeco.sk\/#website"},"datePublished":"2017-03-23T07:52:56+00:00","dateModified":"2017-08-10T11:03:04+00:00","breadcrumb":{"@id":"https:\/\/twoeco.sk\/jednoduchsia-udrzba-bez-zbytocnej-chemie\/#breadcrumb"},"inLanguage":"tr","potentialAction":[{"@type":"ReadAction","target":["https:\/\/twoeco.sk\/jednoduchsia-udrzba-bez-zbytocnej-chemie\/"]}]},{"@type":"BreadcrumbList","@id":"https:\/\/twoeco.sk\/jednoduchsia-udrzba-bez-zbytocnej-chemie\/#breadcrumb","itemListElement":[{"@type":"ListItem","position":1,"name":"Home","item":"https:\/\/twoeco.sk\/"},{"@type":"ListItem","position":2,"name":"Jednoduch\u0161ia \u00fadr\u017eba bez zbyto\u010dnej ch\u00e9mie"}]},{"@type":"WebSite","@id":"https:\/\/twoeco.sk\/#website","url":"https:\/\/twoeco.sk\/","name":"Two Eco","description":"Viac ako \u010dist\u00e1 voda","publisher":{"@id":"https:\/\/twoeco.sk\/#organization"},"potentialAction":[{"@type":"SearchAction","target":{"@type":"EntryPoint","urlTemplate":"https:\/\/twoeco.sk\/?s={search_term_string}"},"query-input":{"@type":"PropertyValueSpecification","valueRequired":true,"valueName":"search_term_string"}}],"inLanguage":"tr"},{"@type":"Organization","@id":"https:\/\/twoeco.sk\/#organization","name":"Two ECO, s.r.o.","url":"https:\/\/twoeco.sk\/","logo":{"@type":"ImageObject","inLanguage":"tr","@id":"https:\/\/twoeco.sk\/#\/schema\/logo\/image\/","url":"https:\/\/twoeco.sk\/wp-content\/uploads\/2016\/05\/logo-two-eco-farba.png","contentUrl":"https:\/\/twoeco.sk\/wp-content\/uploads\/2016\/05\/logo-two-eco-farba.png","width":318,"height":74,"caption":"Two ECO, s.r.o."},"image":{"@id":"https:\/\/twoeco.sk\/#\/schema\/logo\/image\/"},"sameAs":["https:\/\/www.facebook.com\/Ionimax-1357153714295887\/"]}]}},"_links":{"self":[{"href":"https:\/\/twoeco.sk\/tr\/wp-json\/wp\/v2\/pages\/2094"}],"collection":[{"href":"https:\/\/twoeco.sk\/tr\/wp-json\/wp\/v2\/pages"}],"about":[{"href":"https:\/\/twoeco.sk\/tr\/wp-json\/wp\/v2\/types\/page"}],"author":[{"embeddable":true,"href":"https:\/\/twoeco.sk\/tr\/wp-json\/wp\/v2\/users\/3"}],"replies":[{"embeddable":true,"href":"https:\/\/twoeco.sk\/tr\/wp-json\/wp\/v2\/comments?post=2094"}],"version-history":[{"count":2,"href":"https:\/\/twoeco.sk\/tr\/wp-json\/wp\/v2\/pages\/2094\/revisions"}],"predecessor-version":[{"id":2152,"href":"https:\/\/twoeco.sk\/tr\/wp-json\/wp\/v2\/pages\/2094\/revisions\/2152"}],"wp:attachment":[{"href":"https:\/\/twoeco.sk\/tr\/wp-json\/wp\/v2\/media?parent=2094"}],"curies":[{"name":"wp","href":"https:\/\/api.w.org\/{rel}","templated":true}]}}