{"id":2106,"date":"2017-02-16T10:11:58","date_gmt":"2017-02-16T09:11:58","guid":{"rendered":"https:\/\/twoeco.sk\/chlor-vo-vode\/"},"modified":"2017-08-24T08:52:36","modified_gmt":"2017-08-24T06:52:36","slug":"chlor-vo-vode","status":"publish","type":"page","link":"https:\/\/twoeco.sk\/tr\/chlor-vo-vode\/","title":{"rendered":"Sudaki klor"},"content":{"rendered":"<div class=\"wpb-content-wrapper\"><p>[vc_row][vc_column][vc_row_inner][vc_column_inner][lab_heading title=&#8221;Sudaki klor&#8221; el_class=&#8221;title centered&#8221;][\/lab_heading][\/vc_column_inner][\/vc_row_inner][vc_row_inner][vc_column_inner width=&#8221;1\/4&#8243;][vc_single_image image=&#8221;892&#8243; img_size=&#8221;full&#8221;][\/vc_column_inner][vc_column_inner width=&#8221;3\/4&#8243;][vc_column_text]<\/p>\n<ul>\n<li><strong>Su \u015febekenizdeki klor hakk\u0131nda sorular\u0131n\u0131z m\u0131 var?<\/strong><\/li>\n<li><strong>Suyunuzun kalitesini ve tad\u0131n\u0131 iyile\u015ftirmek istermisiniz?<\/strong><\/li>\n<li><strong>Bunu yaparken bakteriler meselesinde \u00e7\u00f6zmek istermisiniz?<\/strong><\/li>\n<li><strong>Suyu nas\u0131l ar\u0131nd\u0131raca\u011f\u0131n\u0131z konusunda bir karar m\u0131 vermek i\u015fitiyorsunuz?<\/strong><\/li>\n<li><strong>Kendiniz ve ev hayvanlar\u0131n\u0131z i\u00e7in en iyisini mi istiyorsunuz?<\/strong><\/li>\n<\/ul>\n<p>[\/vc_column_text][vc_column_text]<strong>Klor <\/strong>su \u015febekesine ni\u00e7in konur? Klor sudaki bakterilerin \u00e7o\u011falmas\u0131n\u0131 \u00f6nler. G\u0131da korumalar\u0131 gibi etki yapar ve tedarik\u00e7i taraf\u0131ndan sa\u011flanan suyun sa\u011fl\u0131\u011fa uygun olmas\u0131n\u0131n kalitesini garanti eder.<\/p>\n<p>Bakteri ve di\u011fer organizmalar ya\u015fam ortamlar\u0131n\u0131n do\u011fal par\u00e7alar\u0131d\u0131rlar. Havada ve toprakta bulunurlar, \u00a0su \u015febekesine de girebilirler. Borular\u0131n i\u00e7 taraflar\u0131nda bulunan organik k\u00f6kenli \u00e7\u00f6keltiler de bakterilerin \u00e7o\u011falmas\u0131 i\u00e7in ideal bir ortam olu\u015ftururlar. Suyun bakteriyel sorunsuzlu\u011funun muhafazas\u0131 i\u00e7in da\u011f\u0131t\u0131m \u015febekesinin \u00e7e\u015fitli yerlerine bir litreye ortalama 0,1 ila 0,2 miligram olmak \u00fczere klor konur. Buda 1 damla klora 1000 litre su demektir, yani ortalama 5 banyo vanas\u0131 demektir.<\/p>\n<p><strong>\u0130onimax ile ar\u0131t\u0131lm\u0131\u015f suyunuzdaki bakterilerin ortaya \u00e7\u0131kmas\u0131 ve \u00e7o\u011falmas\u0131 hissedilir bir \u015fekilde azal\u0131r ve geriler. Testler g\u00f6sterdi ki ionimax ile ar\u0131t\u0131lan borulardan gelen s\u0131cak sudaki bakterilerin ortaya \u00e7\u0131mas\u0131 on kat azalm\u0131\u015ft\u0131r. <\/strong>Ayn\u0131 \u015fekilde iyon polarizasyonu sayesinde borular\u0131n \u015fu k\u0131sm\u0131ndaki \u00e7\u00f6kelti katmanlar\u0131 azal\u0131r ve istenmeyen bakterilerin \u00e7o\u011falabilece\u011fi ortamlar a\u015famal\u0131 olarak yok olur.<\/p>\n<p><strong>\u0130onimax\u2019\u0131n di\u011fer bir avantaj\u0131 da suda klorun \u00e7\u00f6z\u00fclmesine yard\u0131m etmesidir.\u00a0<\/strong>Kloru veya klor tad\u0131n\u0131 a\u015famal\u0131 olarak ortadan kald\u0131rmak i\u00e7in genel klasik olarak kulland\u0131\u011f\u0131m\u0131z y\u00f6ntemler suyu bekletmek, kaynatmak, filtrelemek, buzdolab\u0131nda so\u011futmak ya da bir ka\u00e7 damla limon suyu koymakt\u0131r. <strong>Klorun suda \u00e7\u00f6z\u00fclmesinin olumlu etkilerine ionimax ta sahiptir.<\/strong><\/p>\n<p>Su musluklar\u0131ndan akan suyu nas\u0131l ar\u0131nd\u0131raca\u011f\u0131n\u0131z hakk\u0131nda karar veremiyorsan\u0131z <strong>bizimle temasa ge\u00e7mekten \u00e7ekinmeyiniz.<\/strong><\/p>\n<p>[\/vc_column_text][\/vc_column_inner][\/vc_row_inner][\/vc_column][\/vc_row]<\/p>\n<\/div>","protected":false},"excerpt":{"rendered":"<p>[vc_row][vc_column][vc_row_inner][vc_column_inner][lab_heading title=&#8221;Sudaki klor&#8221; el_class=&#8221;title centered&#8221;][\/lab_heading][\/vc_column_inner][\/vc_row_inner][vc_row_inner][vc_column_inner width=&#8221;1\/4&#8243;][vc_single_image image=&#8221;892&#8243; img_size=&#8221;full&#8221;][\/vc_column_inner][vc_column_inner width=&#8221;3\/4&#8243;][vc_column_text] Su \u015febekenizdeki klor hakk\u0131nda sorular\u0131n\u0131z m\u0131 var? Suyunuzun kalitesini ve tad\u0131n\u0131 iyile\u015ftirmek istermisiniz? Bunu yaparken bakteriler meselesinde \u00e7\u00f6zmek istermisiniz? Suyu nas\u0131l ar\u0131nd\u0131raca\u011f\u0131n\u0131z konusunda bir karar m\u0131 vermek i\u015fitiyorsunuz? Kendiniz ve ev hayvanlar\u0131n\u0131z i\u00e7in en iyisini mi istiyorsunuz? [\/vc_column_text][vc_column_text]Klor su \u015febekesine ni\u00e7in konur? Klor sudaki bakterilerin \u00e7o\u011falmas\u0131n\u0131&hellip;<\/p>\n","protected":false},"author":3,"featured_media":0,"parent":0,"menu_order":0,"comment_status":"closed","ping_status":"closed","template":"","meta":{"_acf_changed":false,"footnotes":""},"class_list":["post-2106","page","type-page","status-publish","hentry"],"acf":[],"yoast_head":"<!-- This site is optimized with the Yoast SEO plugin v23.6 - https:\/\/yoast.com\/wordpress\/plugins\/seo\/ -->\n<title>Sudaki klor - Two Eco<\/title>\n<meta name=\"robots\" content=\"index, follow, max-snippet:-1, max-image-preview:large, max-video-preview:-1\" \/>\n<link rel=\"canonical\" href=\"https:\/\/twoeco.sk\/chlor-vo-vode\/\" \/>\n<meta property=\"og:locale\" content=\"tr_TR\" \/>\n<meta property=\"og:type\" content=\"article\" \/>\n<meta property=\"og:title\" content=\"Sudaki klor - Two Eco\" \/>\n<meta property=\"og:description\" content=\"[vc_row][vc_column][vc_row_inner][vc_column_inner][lab_heading title=&#8221;Sudaki klor&#8221; el_class=&#8221;title centered&#8221;][\/lab_heading][\/vc_column_inner][\/vc_row_inner][vc_row_inner][vc_column_inner width=&#8221;1\/4&#8243;][vc_single_image image=&#8221;892&#8243; img_size=&#8221;full&#8221;][\/vc_column_inner][vc_column_inner width=&#8221;3\/4&#8243;][vc_column_text] Su \u015febekenizdeki klor hakk\u0131nda sorular\u0131n\u0131z m\u0131 var? Suyunuzun kalitesini ve tad\u0131n\u0131 iyile\u015ftirmek istermisiniz? Bunu yaparken bakteriler meselesinde \u00e7\u00f6zmek istermisiniz? Suyu nas\u0131l ar\u0131nd\u0131raca\u011f\u0131n\u0131z konusunda bir karar m\u0131 vermek i\u015fitiyorsunuz? Kendiniz ve ev hayvanlar\u0131n\u0131z i\u00e7in en iyisini mi istiyorsunuz? [\/vc_column_text][vc_column_text]Klor su \u015febekesine ni\u00e7in konur? Klor sudaki bakterilerin \u00e7o\u011falmas\u0131n\u0131&hellip;\" \/>\n<meta property=\"og:url\" content=\"https:\/\/twoeco.sk\/chlor-vo-vode\/\" \/>\n<meta property=\"og:site_name\" content=\"Two Eco\" \/>\n<meta property=\"article:publisher\" content=\"https:\/\/www.facebook.com\/Ionimax-1357153714295887\/\" \/>\n<meta property=\"article:modified_time\" content=\"2017-08-24T06:52:36+00:00\" \/>\n<meta name=\"twitter:card\" content=\"summary_large_image\" \/>\n<meta name=\"twitter:label1\" content=\"Tahmini okuma s\u00fcresi\" \/>\n\t<meta name=\"twitter:data1\" content=\"2 dakika\" \/>\n<script type=\"application\/ld+json\" class=\"yoast-schema-graph\">{\"@context\":\"https:\/\/schema.org\",\"@graph\":[{\"@type\":\"WebPage\",\"@id\":\"https:\/\/twoeco.sk\/chlor-vo-vode\/\",\"url\":\"https:\/\/twoeco.sk\/chlor-vo-vode\/\",\"name\":\"Sudaki klor - Two Eco\",\"isPartOf\":{\"@id\":\"https:\/\/twoeco.sk\/#website\"},\"datePublished\":\"2017-02-16T09:11:58+00:00\",\"dateModified\":\"2017-08-24T06:52:36+00:00\",\"breadcrumb\":{\"@id\":\"https:\/\/twoeco.sk\/chlor-vo-vode\/#breadcrumb\"},\"inLanguage\":\"tr\",\"potentialAction\":[{\"@type\":\"ReadAction\",\"target\":[\"https:\/\/twoeco.sk\/chlor-vo-vode\/\"]}]},{\"@type\":\"BreadcrumbList\",\"@id\":\"https:\/\/twoeco.sk\/chlor-vo-vode\/#breadcrumb\",\"itemListElement\":[{\"@type\":\"ListItem\",\"position\":1,\"name\":\"Home\",\"item\":\"https:\/\/twoeco.sk\/\"},{\"@type\":\"ListItem\",\"position\":2,\"name\":\"Sudaki klor\"}]},{\"@type\":\"WebSite\",\"@id\":\"https:\/\/twoeco.sk\/#website\",\"url\":\"https:\/\/twoeco.sk\/\",\"name\":\"Two Eco\",\"description\":\"Viac ako \u010dist\u00e1 voda\",\"publisher\":{\"@id\":\"https:\/\/twoeco.sk\/#organization\"},\"potentialAction\":[{\"@type\":\"SearchAction\",\"target\":{\"@type\":\"EntryPoint\",\"urlTemplate\":\"https:\/\/twoeco.sk\/?s={search_term_string}\"},\"query-input\":{\"@type\":\"PropertyValueSpecification\",\"valueRequired\":true,\"valueName\":\"search_term_string\"}}],\"inLanguage\":\"tr\"},{\"@type\":\"Organization\",\"@id\":\"https:\/\/twoeco.sk\/#organization\",\"name\":\"Two ECO, s.r.o.\",\"url\":\"https:\/\/twoeco.sk\/\",\"logo\":{\"@type\":\"ImageObject\",\"inLanguage\":\"tr\",\"@id\":\"https:\/\/twoeco.sk\/#\/schema\/logo\/image\/\",\"url\":\"https:\/\/twoeco.sk\/wp-content\/uploads\/2016\/05\/logo-two-eco-farba.png\",\"contentUrl\":\"https:\/\/twoeco.sk\/wp-content\/uploads\/2016\/05\/logo-two-eco-farba.png\",\"width\":318,\"height\":74,\"caption\":\"Two ECO, s.r.o.\"},\"image\":{\"@id\":\"https:\/\/twoeco.sk\/#\/schema\/logo\/image\/\"},\"sameAs\":[\"https:\/\/www.facebook.com\/Ionimax-1357153714295887\/\"]}]}<\/script>\n<!-- \/ Yoast SEO plugin. -->","yoast_head_json":{"title":"Sudaki klor - Two Eco","robots":{"index":"index","follow":"follow","max-snippet":"max-snippet:-1","max-image-preview":"max-image-preview:large","max-video-preview":"max-video-preview:-1"},"canonical":"https:\/\/twoeco.sk\/chlor-vo-vode\/","og_locale":"tr_TR","og_type":"article","og_title":"Sudaki klor - Two Eco","og_description":"[vc_row][vc_column][vc_row_inner][vc_column_inner][lab_heading title=&#8221;Sudaki klor&#8221; el_class=&#8221;title centered&#8221;][\/lab_heading][\/vc_column_inner][\/vc_row_inner][vc_row_inner][vc_column_inner width=&#8221;1\/4&#8243;][vc_single_image image=&#8221;892&#8243; img_size=&#8221;full&#8221;][\/vc_column_inner][vc_column_inner width=&#8221;3\/4&#8243;][vc_column_text] Su \u015febekenizdeki klor hakk\u0131nda sorular\u0131n\u0131z m\u0131 var? Suyunuzun kalitesini ve tad\u0131n\u0131 iyile\u015ftirmek istermisiniz? Bunu yaparken bakteriler meselesinde \u00e7\u00f6zmek istermisiniz? Suyu nas\u0131l ar\u0131nd\u0131raca\u011f\u0131n\u0131z konusunda bir karar m\u0131 vermek i\u015fitiyorsunuz? Kendiniz ve ev hayvanlar\u0131n\u0131z i\u00e7in en iyisini mi istiyorsunuz? [\/vc_column_text][vc_column_text]Klor su \u015febekesine ni\u00e7in konur? Klor sudaki bakterilerin \u00e7o\u011falmas\u0131n\u0131&hellip;","og_url":"https:\/\/twoeco.sk\/chlor-vo-vode\/","og_site_name":"Two Eco","article_publisher":"https:\/\/www.facebook.com\/Ionimax-1357153714295887\/","article_modified_time":"2017-08-24T06:52:36+00:00","twitter_card":"summary_large_image","twitter_misc":{"Tahmini okuma s\u00fcresi":"2 dakika"},"schema":{"@context":"https:\/\/schema.org","@graph":[{"@type":"WebPage","@id":"https:\/\/twoeco.sk\/chlor-vo-vode\/","url":"https:\/\/twoeco.sk\/chlor-vo-vode\/","name":"Sudaki klor - Two Eco","isPartOf":{"@id":"https:\/\/twoeco.sk\/#website"},"datePublished":"2017-02-16T09:11:58+00:00","dateModified":"2017-08-24T06:52:36+00:00","breadcrumb":{"@id":"https:\/\/twoeco.sk\/chlor-vo-vode\/#breadcrumb"},"inLanguage":"tr","potentialAction":[{"@type":"ReadAction","target":["https:\/\/twoeco.sk\/chlor-vo-vode\/"]}]},{"@type":"BreadcrumbList","@id":"https:\/\/twoeco.sk\/chlor-vo-vode\/#breadcrumb","itemListElement":[{"@type":"ListItem","position":1,"name":"Home","item":"https:\/\/twoeco.sk\/"},{"@type":"ListItem","position":2,"name":"Sudaki klor"}]},{"@type":"WebSite","@id":"https:\/\/twoeco.sk\/#website","url":"https:\/\/twoeco.sk\/","name":"Two Eco","description":"Viac ako \u010dist\u00e1 voda","publisher":{"@id":"https:\/\/twoeco.sk\/#organization"},"potentialAction":[{"@type":"SearchAction","target":{"@type":"EntryPoint","urlTemplate":"https:\/\/twoeco.sk\/?s={search_term_string}"},"query-input":{"@type":"PropertyValueSpecification","valueRequired":true,"valueName":"search_term_string"}}],"inLanguage":"tr"},{"@type":"Organization","@id":"https:\/\/twoeco.sk\/#organization","name":"Two ECO, s.r.o.","url":"https:\/\/twoeco.sk\/","logo":{"@type":"ImageObject","inLanguage":"tr","@id":"https:\/\/twoeco.sk\/#\/schema\/logo\/image\/","url":"https:\/\/twoeco.sk\/wp-content\/uploads\/2016\/05\/logo-two-eco-farba.png","contentUrl":"https:\/\/twoeco.sk\/wp-content\/uploads\/2016\/05\/logo-two-eco-farba.png","width":318,"height":74,"caption":"Two ECO, s.r.o."},"image":{"@id":"https:\/\/twoeco.sk\/#\/schema\/logo\/image\/"},"sameAs":["https:\/\/www.facebook.com\/Ionimax-1357153714295887\/"]}]}},"_links":{"self":[{"href":"https:\/\/twoeco.sk\/tr\/wp-json\/wp\/v2\/pages\/2106"}],"collection":[{"href":"https:\/\/twoeco.sk\/tr\/wp-json\/wp\/v2\/pages"}],"about":[{"href":"https:\/\/twoeco.sk\/tr\/wp-json\/wp\/v2\/types\/page"}],"author":[{"embeddable":true,"href":"https:\/\/twoeco.sk\/tr\/wp-json\/wp\/v2\/users\/3"}],"replies":[{"embeddable":true,"href":"https:\/\/twoeco.sk\/tr\/wp-json\/wp\/v2\/comments?post=2106"}],"version-history":[{"count":3,"href":"https:\/\/twoeco.sk\/tr\/wp-json\/wp\/v2\/pages\/2106\/revisions"}],"predecessor-version":[{"id":2261,"href":"https:\/\/twoeco.sk\/tr\/wp-json\/wp\/v2\/pages\/2106\/revisions\/2261"}],"wp:attachment":[{"href":"https:\/\/twoeco.sk\/tr\/wp-json\/wp\/v2\/media?parent=2106"}],"curies":[{"name":"wp","href":"https:\/\/api.w.org\/{rel}","templated":true}]}}