{"id":1511,"date":"2017-04-18T09:08:46","date_gmt":"2017-04-18T07:08:46","guid":{"rendered":"https:\/\/twoeco.sk\/zahranicni-distributori\/"},"modified":"2017-05-23T23:44:08","modified_gmt":"2017-05-23T21:44:08","slug":"zahranicni-distributori","status":"publish","type":"page","link":"https:\/\/twoeco.sk\/uk\/zahranicni-distributori\/","title":{"rendered":"Zahrani\u010dn\u00ed distrib\u00fatori"},"content":{"rendered":"<div class=\"wpb-content-wrapper\"><p>[vc_row][vc_column][lab_heading title=&#8221;\u0437\u0430\u0440\u0443\u0431\u0456\u0436\u043d\u0456 \u0434\u0438\u0441\u0442\u0440\u0438\u0431&#8217;\u044e\u0442\u043e\u0440\u0438&#8221; css=&#8221;.vc_custom_1495575765196{padding-top: 30px !important;}&#8221; el_class=&#8221;title centered&#8221;][\/lab_heading][vc_empty_space][vc_row_inner][vc_column_inner][vc_column_text]<\/p>\n<p style=\"text-align: center;\" align=\"justify\">Ukrajina:<\/p>\n<p style=\"text-align: center;\" align=\"justify\"><strong>S\u00fakromn\u00fd podnik \u201eNobilex Group\u201c<\/strong><\/p>\n<p style=\"text-align: center;\" align=\"justify\">Ukrajina, 89431, Zakarpatsk\u00e1 oblas\u0165, okres U\u017ehorodsk\u00fd, obec Mal\u00e9 Celmence, \u010d.d. 32<\/p>\n<p style=\"text-align: center;\" align=\"justify\">Kontaktn\u00e1 osoba:\u00a0 Ivan Ignats<\/p>\n<p style=\"text-align: center;\" align=\"justify\">Tel. kontakt:\u00a0 +380506703536<\/p>\n<p style=\"text-align: center;\" align=\"justify\">E-mail:\u00a0 <a href=\"mailto:nobilexgroup@gmail.com\">nobilexgroup@gmail.com<\/a><\/p>\n<p>[\/vc_column_text][\/vc_column_inner][\/vc_row_inner][\/vc_column][\/vc_row]<\/p>\n<\/div>","protected":false},"excerpt":{"rendered":"<p>[vc_row][vc_column][lab_heading title=&#8221;\u0437\u0430\u0440\u0443\u0431\u0456\u0436\u043d\u0456 \u0434\u0438\u0441\u0442\u0440\u0438\u0431&#8217;\u044e\u0442\u043e\u0440\u0438&#8221; css=&#8221;.vc_custom_1495575765196{padding-top: 30px !important;}&#8221; el_class=&#8221;title centered&#8221;][\/lab_heading][vc_empty_space][vc_row_inner][vc_column_inner][vc_column_text] Ukrajina: S\u00fakromn\u00fd podnik \u201eNobilex Group\u201c Ukrajina, 89431, Zakarpatsk\u00e1 oblas\u0165, okres U\u017ehorodsk\u00fd, obec Mal\u00e9 Celmence, \u010d.d. 32 Kontaktn\u00e1 osoba:\u00a0 Ivan Ignats Tel. kontakt:\u00a0 +380506703536 E-mail:\u00a0 nobilexgroup@gmail.com [\/vc_column_text][\/vc_column_inner][\/vc_row_inner][\/vc_column][\/vc_row]<\/p>\n","protected":false},"author":3,"featured_media":0,"parent":0,"menu_order":0,"comment_status":"closed","ping_status":"closed","template":"","meta":{"_acf_changed":false,"footnotes":""},"class_list":["post-1511","page","type-page","status-publish","hentry"],"acf":[],"yoast_head":"<!-- This site is optimized with the Yoast SEO plugin v23.6 - https:\/\/yoast.com\/wordpress\/plugins\/seo\/ -->\n<title>Zahrani\u010dn\u00ed distrib\u00fatori - Two Eco<\/title>\n<meta name=\"robots\" content=\"index, follow, max-snippet:-1, max-image-preview:large, max-video-preview:-1\" \/>\n<link rel=\"canonical\" href=\"https:\/\/twoeco.sk\/zahranicni-distributori\/\" \/>\n<meta property=\"og:locale\" content=\"uk_UA\" \/>\n<meta property=\"og:type\" content=\"article\" \/>\n<meta property=\"og:title\" content=\"Zahrani\u010dn\u00ed distrib\u00fatori - Two Eco\" \/>\n<meta property=\"og:description\" content=\"[vc_row][vc_column][lab_heading title=&#8221;\u0437\u0430\u0440\u0443\u0431\u0456\u0436\u043d\u0456 \u0434\u0438\u0441\u0442\u0440\u0438\u0431&#8217;\u044e\u0442\u043e\u0440\u0438&#8221; css=&#8221;.vc_custom_1495575765196{padding-top: 30px !important;}&#8221; el_class=&#8221;title centered&#8221;][\/lab_heading][vc_empty_space][vc_row_inner][vc_column_inner][vc_column_text] Ukrajina: S\u00fakromn\u00fd podnik \u201eNobilex Group\u201c Ukrajina, 89431, Zakarpatsk\u00e1 oblas\u0165, okres U\u017ehorodsk\u00fd, obec Mal\u00e9 Celmence, \u010d.d. 32 Kontaktn\u00e1 osoba:\u00a0 Ivan Ignats Tel. kontakt:\u00a0 +380506703536 E-mail:\u00a0 nobilexgroup@gmail.com [\/vc_column_text][\/vc_column_inner][\/vc_row_inner][\/vc_column][\/vc_row]\" \/>\n<meta property=\"og:url\" content=\"https:\/\/twoeco.sk\/zahranicni-distributori\/\" \/>\n<meta property=\"og:site_name\" content=\"Two Eco\" \/>\n<meta property=\"article:publisher\" content=\"https:\/\/www.facebook.com\/Ionimax-1357153714295887\/\" \/>\n<meta property=\"article:modified_time\" content=\"2017-05-23T21:44:08+00:00\" \/>\n<meta name=\"twitter:card\" content=\"summary_large_image\" \/>\n<script type=\"application\/ld+json\" class=\"yoast-schema-graph\">{\"@context\":\"https:\/\/schema.org\",\"@graph\":[{\"@type\":\"WebPage\",\"@id\":\"https:\/\/twoeco.sk\/zahranicni-distributori\/\",\"url\":\"https:\/\/twoeco.sk\/zahranicni-distributori\/\",\"name\":\"Zahrani\u010dn\u00ed distrib\u00fatori - Two Eco\",\"isPartOf\":{\"@id\":\"https:\/\/twoeco.sk\/#website\"},\"datePublished\":\"2017-04-18T07:08:46+00:00\",\"dateModified\":\"2017-05-23T21:44:08+00:00\",\"breadcrumb\":{\"@id\":\"https:\/\/twoeco.sk\/zahranicni-distributori\/#breadcrumb\"},\"inLanguage\":\"uk-UA\",\"potentialAction\":[{\"@type\":\"ReadAction\",\"target\":[\"https:\/\/twoeco.sk\/zahranicni-distributori\/\"]}]},{\"@type\":\"BreadcrumbList\",\"@id\":\"https:\/\/twoeco.sk\/zahranicni-distributori\/#breadcrumb\",\"itemListElement\":[{\"@type\":\"ListItem\",\"position\":1,\"name\":\"Home\",\"item\":\"https:\/\/twoeco.sk\/\"},{\"@type\":\"ListItem\",\"position\":2,\"name\":\"Zahrani\u010dn\u00ed distrib\u00fatori\"}]},{\"@type\":\"WebSite\",\"@id\":\"https:\/\/twoeco.sk\/#website\",\"url\":\"https:\/\/twoeco.sk\/\",\"name\":\"Two Eco\",\"description\":\"Viac ako \u010dist\u00e1 voda\",\"publisher\":{\"@id\":\"https:\/\/twoeco.sk\/#organization\"},\"potentialAction\":[{\"@type\":\"SearchAction\",\"target\":{\"@type\":\"EntryPoint\",\"urlTemplate\":\"https:\/\/twoeco.sk\/?s={search_term_string}\"},\"query-input\":{\"@type\":\"PropertyValueSpecification\",\"valueRequired\":true,\"valueName\":\"search_term_string\"}}],\"inLanguage\":\"uk-UA\"},{\"@type\":\"Organization\",\"@id\":\"https:\/\/twoeco.sk\/#organization\",\"name\":\"Two ECO, s.r.o.\",\"url\":\"https:\/\/twoeco.sk\/\",\"logo\":{\"@type\":\"ImageObject\",\"inLanguage\":\"uk-UA\",\"@id\":\"https:\/\/twoeco.sk\/#\/schema\/logo\/image\/\",\"url\":\"https:\/\/twoeco.sk\/wp-content\/uploads\/2016\/05\/logo-two-eco-farba.png\",\"contentUrl\":\"https:\/\/twoeco.sk\/wp-content\/uploads\/2016\/05\/logo-two-eco-farba.png\",\"width\":318,\"height\":74,\"caption\":\"Two ECO, s.r.o.\"},\"image\":{\"@id\":\"https:\/\/twoeco.sk\/#\/schema\/logo\/image\/\"},\"sameAs\":[\"https:\/\/www.facebook.com\/Ionimax-1357153714295887\/\"]}]}<\/script>\n<!-- \/ Yoast SEO plugin. -->","yoast_head_json":{"title":"Zahrani\u010dn\u00ed distrib\u00fatori - Two Eco","robots":{"index":"index","follow":"follow","max-snippet":"max-snippet:-1","max-image-preview":"max-image-preview:large","max-video-preview":"max-video-preview:-1"},"canonical":"https:\/\/twoeco.sk\/zahranicni-distributori\/","og_locale":"uk_UA","og_type":"article","og_title":"Zahrani\u010dn\u00ed distrib\u00fatori - Two Eco","og_description":"[vc_row][vc_column][lab_heading title=&#8221;\u0437\u0430\u0440\u0443\u0431\u0456\u0436\u043d\u0456 \u0434\u0438\u0441\u0442\u0440\u0438\u0431&#8217;\u044e\u0442\u043e\u0440\u0438&#8221; css=&#8221;.vc_custom_1495575765196{padding-top: 30px !important;}&#8221; el_class=&#8221;title centered&#8221;][\/lab_heading][vc_empty_space][vc_row_inner][vc_column_inner][vc_column_text] Ukrajina: S\u00fakromn\u00fd podnik \u201eNobilex Group\u201c Ukrajina, 89431, Zakarpatsk\u00e1 oblas\u0165, okres U\u017ehorodsk\u00fd, obec Mal\u00e9 Celmence, \u010d.d. 32 Kontaktn\u00e1 osoba:\u00a0 Ivan Ignats Tel. kontakt:\u00a0 +380506703536 E-mail:\u00a0 nobilexgroup@gmail.com [\/vc_column_text][\/vc_column_inner][\/vc_row_inner][\/vc_column][\/vc_row]","og_url":"https:\/\/twoeco.sk\/zahranicni-distributori\/","og_site_name":"Two Eco","article_publisher":"https:\/\/www.facebook.com\/Ionimax-1357153714295887\/","article_modified_time":"2017-05-23T21:44:08+00:00","twitter_card":"summary_large_image","schema":{"@context":"https:\/\/schema.org","@graph":[{"@type":"WebPage","@id":"https:\/\/twoeco.sk\/zahranicni-distributori\/","url":"https:\/\/twoeco.sk\/zahranicni-distributori\/","name":"Zahrani\u010dn\u00ed distrib\u00fatori - Two Eco","isPartOf":{"@id":"https:\/\/twoeco.sk\/#website"},"datePublished":"2017-04-18T07:08:46+00:00","dateModified":"2017-05-23T21:44:08+00:00","breadcrumb":{"@id":"https:\/\/twoeco.sk\/zahranicni-distributori\/#breadcrumb"},"inLanguage":"uk-UA","potentialAction":[{"@type":"ReadAction","target":["https:\/\/twoeco.sk\/zahranicni-distributori\/"]}]},{"@type":"BreadcrumbList","@id":"https:\/\/twoeco.sk\/zahranicni-distributori\/#breadcrumb","itemListElement":[{"@type":"ListItem","position":1,"name":"Home","item":"https:\/\/twoeco.sk\/"},{"@type":"ListItem","position":2,"name":"Zahrani\u010dn\u00ed distrib\u00fatori"}]},{"@type":"WebSite","@id":"https:\/\/twoeco.sk\/#website","url":"https:\/\/twoeco.sk\/","name":"Two Eco","description":"Viac ako \u010dist\u00e1 voda","publisher":{"@id":"https:\/\/twoeco.sk\/#organization"},"potentialAction":[{"@type":"SearchAction","target":{"@type":"EntryPoint","urlTemplate":"https:\/\/twoeco.sk\/?s={search_term_string}"},"query-input":{"@type":"PropertyValueSpecification","valueRequired":true,"valueName":"search_term_string"}}],"inLanguage":"uk-UA"},{"@type":"Organization","@id":"https:\/\/twoeco.sk\/#organization","name":"Two ECO, s.r.o.","url":"https:\/\/twoeco.sk\/","logo":{"@type":"ImageObject","inLanguage":"uk-UA","@id":"https:\/\/twoeco.sk\/#\/schema\/logo\/image\/","url":"https:\/\/twoeco.sk\/wp-content\/uploads\/2016\/05\/logo-two-eco-farba.png","contentUrl":"https:\/\/twoeco.sk\/wp-content\/uploads\/2016\/05\/logo-two-eco-farba.png","width":318,"height":74,"caption":"Two ECO, s.r.o."},"image":{"@id":"https:\/\/twoeco.sk\/#\/schema\/logo\/image\/"},"sameAs":["https:\/\/www.facebook.com\/Ionimax-1357153714295887\/"]}]}},"_links":{"self":[{"href":"https:\/\/twoeco.sk\/uk\/wp-json\/wp\/v2\/pages\/1511"}],"collection":[{"href":"https:\/\/twoeco.sk\/uk\/wp-json\/wp\/v2\/pages"}],"about":[{"href":"https:\/\/twoeco.sk\/uk\/wp-json\/wp\/v2\/types\/page"}],"author":[{"embeddable":true,"href":"https:\/\/twoeco.sk\/uk\/wp-json\/wp\/v2\/users\/3"}],"replies":[{"embeddable":true,"href":"https:\/\/twoeco.sk\/uk\/wp-json\/wp\/v2\/comments?post=1511"}],"version-history":[{"count":2,"href":"https:\/\/twoeco.sk\/uk\/wp-json\/wp\/v2\/pages\/1511\/revisions"}],"predecessor-version":[{"id":1513,"href":"https:\/\/twoeco.sk\/uk\/wp-json\/wp\/v2\/pages\/1511\/revisions\/1513"}],"wp:attachment":[{"href":"https:\/\/twoeco.sk\/uk\/wp-json\/wp\/v2\/media?parent=1511"}],"curies":[{"name":"wp","href":"https:\/\/api.w.org\/{rel}","templated":true}]}}